{"id":57057,"date":"2026-03-11T10:53:20","date_gmt":"2026-03-11T08:53:20","guid":{"rendered":"https:\/\/nordlinepaadid.ee\/?post_type=product&#038;p=57057"},"modified":"2026-03-11T10:56:56","modified_gmt":"2026-03-11T08:56:56","slug":"kajalood-lowrance-elite-fs-12-ilma-andurita","status":"publish","type":"product","link":"https:\/\/nordlinepaadid.ee\/et\/pood\/kaardiplotterid\/kajalood-lowrance-elite-fs-12-ilma-andurita\/","title":{"rendered":"Kajalood Lowrance Elite\u2122 FS 12 ilma andurita"},"content":{"rendered":"<h1 data-start=\"126\" data-end=\"471\">Kajalood Lowrance Elite\u2122 FS 12 ilma andurita<\/h1>\n<p data-start=\"310\" data-end=\"649\"><strong data-start=\"310\" data-end=\"334\">Lowrance Elite FS 12<\/strong> on v\u00f5imas <strong data-start=\"345\" data-end=\"374\">kajalood ja kaardiplotter<\/strong>, mis \u00fchendab professionaalse kalaleidmise tehnoloogia, suure 12-tollise puutetundliku ekraaniga. See seade on m\u00f5eldud nii harrastuskalastajatele kui ka v\u00f5istluskalastajatele, kes soovivad n\u00e4ha veealust maailma maksimaalse detailsusega.<\/p>\n<p data-start=\"651\" data-end=\"1036\">Active Imaging 3-in-1 tehnoloogia \u00fchendab <strong data-start=\"693\" data-end=\"738\">CHIRP sonar, SideScan ja DownScan Imaging<\/strong> funktsioonid, mis v\u00f5imaldavad tuvastada kalu, veealuseid struktuure ja kalade peidukohti palju selgemalt ja suuremalt kauguselt. Lisaks aitab <strong data-start=\"881\" data-end=\"907\">FishReveal\u2122 funktsioon<\/strong> eristada kalu p\u00f5hjast ja struktuuridest, muutes kalade leidmise lihtsamaks ja kiiremaks.<\/p>\n<p data-start=\"1038\" data-end=\"1259\">Elite FS seeria seadmed toetavad ka <strong data-start=\"1074\" data-end=\"1115\">ActiveTarget\u2122 Live Sonar tehnoloogiat<\/strong>, mis v\u00f5imaldab j\u00e4lgida kalade liikumist reaalajas ning kohandada p\u00fc\u00fcgistrateegiat vastavalt olukorrale.<\/p>\n<hr data-start=\"1812\" data-end=\"1815\" \/>\n<h1 data-section-id=\"zf1vfs\" data-start=\"1817\" data-end=\"1836\">Tehnilised andmed<\/h1>\n<div class=\"TyagGW_tableContainer\">\n<div class=\"group TyagGW_tableWrapper flex flex-col-reverse w-fit\" tabindex=\"-1\">\n<table class=\"w-fit min-w-(--thread-content-width)\" data-start=\"1838\" data-end=\"2331\">\n<thead data-start=\"1838\" data-end=\"1862\">\n<tr data-start=\"1838\" data-end=\"1862\">\n<th class=\"\" data-start=\"1838\" data-end=\"1851\" data-col-size=\"sm\">Parameeter<\/th>\n<th class=\"\" data-start=\"1851\" data-end=\"1862\" data-col-size=\"sm\">V\u00e4\u00e4rtus<\/th>\n<\/tr>\n<\/thead>\n<tbody data-start=\"1873\" data-end=\"2331\">\n<tr data-start=\"1873\" data-end=\"1897\">\n<td data-start=\"1873\" data-end=\"1890\" data-col-size=\"sm\">Ekraani suurus<\/td>\n<td data-start=\"1890\" data-end=\"1897\" data-col-size=\"sm\">12&#8243;<\/td>\n<\/tr>\n<tr data-start=\"1898\" data-end=\"1938\">\n<td data-start=\"1898\" data-end=\"1921\" data-col-size=\"sm\">Ekraani resolutsioon<\/td>\n<td data-start=\"1921\" data-end=\"1938\" data-col-size=\"sm\">1280 \u00d7 800 px<\/td>\n<\/tr>\n<tr data-start=\"1939\" data-end=\"1975\">\n<td data-start=\"1939\" data-end=\"1957\" data-col-size=\"sm\">Ekraani heledus<\/td>\n<td data-start=\"1957\" data-end=\"1975\" data-col-size=\"sm\">kuni 1200 nits<\/td>\n<\/tr>\n<tr data-start=\"1976\" data-end=\"2007\">\n<td data-start=\"1976\" data-end=\"1989\" data-col-size=\"sm\">Toitepinge<\/td>\n<td data-start=\"1989\" data-end=\"2007\" data-col-size=\"sm\">10.8 \u2013 17 V DC<\/td>\n<\/tr>\n<tr data-start=\"2008\" data-end=\"2043\">\n<td data-start=\"2008\" data-end=\"2023\" data-col-size=\"sm\">Energiatarve<\/td>\n<td data-start=\"2023\" data-end=\"2043\" data-col-size=\"sm\">umbes 2 A @ 13 V<\/td>\n<\/tr>\n<tr data-start=\"2044\" data-end=\"2093\">\n<td data-start=\"2044\" data-end=\"2064\" data-col-size=\"sm\">Sonar tehnoloogia<\/td>\n<td data-start=\"2064\" data-end=\"2093\" data-col-size=\"sm\">CHIRP, SideScan, DownScan<\/td>\n<\/tr>\n<tr data-start=\"2094\" data-end=\"2130\">\n<td data-start=\"2094\" data-end=\"2116\" data-col-size=\"sm\">Maksimaalne s\u00fcgavus<\/td>\n<td data-start=\"2116\" data-end=\"2130\" data-col-size=\"sm\">kuni 305 m<\/td>\n<\/tr>\n<tr data-start=\"2131\" data-end=\"2160\">\n<td data-start=\"2131\" data-end=\"2137\" data-col-size=\"sm\">GPS<\/td>\n<td data-start=\"2137\" data-end=\"2160\" data-col-size=\"sm\">sisseehitatud 10 Hz<\/td>\n<\/tr>\n<tr data-start=\"2161\" data-end=\"2212\">\n<td data-start=\"2161\" data-end=\"2173\" data-col-size=\"sm\">\u00dchenduvus<\/td>\n<td data-start=\"2173\" data-end=\"2212\" data-col-size=\"sm\">WiFi, Bluetooth, Ethernet, NMEA2000<\/td>\n<\/tr>\n<tr data-start=\"2213\" data-end=\"2246\">\n<td data-start=\"2213\" data-end=\"2226\" data-col-size=\"sm\">Kaarditugi<\/td>\n<td data-start=\"2226\" data-end=\"2246\" data-col-size=\"sm\">C-MAP, Navionics<\/td>\n<\/tr>\n<tr data-start=\"2247\" data-end=\"2275\">\n<td data-start=\"2247\" data-end=\"2260\" data-col-size=\"sm\">Veekindlus<\/td>\n<td data-start=\"2260\" data-end=\"2275\" data-col-size=\"sm\">IPX6 \/ IPX7<\/td>\n<\/tr>\n<tr data-start=\"2276\" data-end=\"2307\">\n<td data-start=\"2276\" data-end=\"2285\" data-col-size=\"sm\">M\u00f5\u00f5dud<\/td>\n<td data-start=\"2285\" data-end=\"2307\" data-col-size=\"sm\">umbes 364 \u00d7 230 mm<\/td>\n<\/tr>\n<tr data-start=\"2308\" data-end=\"2331\">\n<td data-start=\"2308\" data-end=\"2315\" data-col-size=\"sm\">Kaal<\/td>\n<td data-start=\"2315\" data-end=\"2331\" data-col-size=\"sm\">umbes 2.3 kg<\/td>\n<\/tr>\n<\/tbody>\n<\/table>\n<\/div>\n<\/div>\n<hr data-start=\"2374\" data-end=\"2377\" \/>\n<h1 data-section-id=\"1be9f5v\" data-start=\"2379\" data-end=\"2409\">Active Imaging\u2122 3-in-1 andur<\/h1>\n<p data-start=\"2411\" data-end=\"2518\">Pole komplektis<\/p>\n<hr data-start=\"2902\" data-end=\"2905\" \/>\n<h1 data-section-id=\"avv6k\" data-start=\"2907\" data-end=\"2923\">Komplekti sisu<\/h1>\n<ul data-start=\"2925\" data-end=\"3126\">\n<li data-section-id=\"l0v1g6\" data-start=\"2925\" data-end=\"2974\">\n<p data-start=\"2927\" data-end=\"2974\">Lowrance Elite FS 12 kajalood \/ kaardiplotter<\/p>\n<\/li>\n<li data-section-id=\"dgkv7r\" data-start=\"3012\" data-end=\"3029\">\n<p data-start=\"3014\" data-end=\"3029\">paigaldusraam<\/p>\n<\/li>\n<li data-section-id=\"wxi66j\" data-start=\"3030\" data-end=\"3045\">\n<p data-start=\"3032\" data-end=\"3045\">toitekaabel<\/p>\n<\/li>\n<li data-section-id=\"1iow14n\" data-start=\"3046\" data-end=\"3068\">\n<p data-start=\"3048\" data-end=\"3068\">p\u00e4ikesekaitse kate<\/p>\n<\/li>\n<li data-section-id=\"13j66gj\" data-start=\"3069\" data-end=\"3126\">\n<p data-start=\"3071\" data-end=\"3126\">dokumentatsioon<\/p>\n<\/li>\n<\/ul>\n<hr data-start=\"3128\" data-end=\"3131\" \/>\n<h1 data-section-id=\"b5a0hs\" data-start=\"3133\" data-end=\"3153\">Sobib kasutamiseks<\/h1>\n<ul data-start=\"3155\" data-end=\"3309\">\n<li data-section-id=\"coym07\" data-start=\"3155\" data-end=\"3187\">\n<p data-start=\"3157\" data-end=\"3187\">kalap\u00fc\u00fcgil j\u00e4rvedel ja merel<\/p>\n<\/li>\n<li data-section-id=\"yo1i96\" data-start=\"3188\" data-end=\"3220\">\n<p data-start=\"3190\" data-end=\"3220\">spinningu- ja trollingp\u00fc\u00fcgil<\/p>\n<\/li>\n<li data-section-id=\"fms8x1\" data-start=\"3221\" data-end=\"3257\">\n<p data-start=\"3223\" data-end=\"3257\">professionaalseks kalaleidmiseks<\/p>\n<\/li>\n<li data-section-id=\"1qwtl5s\" data-start=\"3258\" data-end=\"3309\">\n<p data-start=\"3260\" data-end=\"3309\">paatidele, kus kasutatakse NMEA2000 v\u00f5rgustikku<\/p>\n<\/li>\n<\/ul>\n<p>&nbsp;<\/p>\n<p><iframe loading=\"lazy\" title=\"YouTube video player\" src=\"https:\/\/www.youtube.com\/embed\/BXq2LC-3fHU?si=rUdqdtX4e0DbhSgK\" width=\"560\" height=\"315\" frameborder=\"0\" allowfullscreen=\"allowfullscreen\"><\/iframe><\/p>\n<p>Vaata ka erinevate Lowrance <a href=\"https:\/\/nordlinepaadid.ee\/et\/lowrance-kajaloodide-vordlus\/\" target=\"_blank\" rel=\"noopener\">kajaloodide v\u00f5rdlustabelit.<\/a><br \/>\nSamuti saab t\u00e4psemalt andmeid tootja kodulehelt <a href=\"https:\/\/www.lowrance.com\/en-eu\/lowrance\/type\/fishfinders-chartplotters\/elite-fs-12-3-in-1-row\/?srsltid=AfmBOopC9KSI7SnSAzziYfV4oEwMaalib8sawPqFHLYQjJCJbyUGoqwg\" target=\"_blank\" rel=\"noopener\">Lowrance Elite<\/a><\/p>\n","protected":false},"excerpt":{"rendered":"<p data-start=\"1289\" data-end=\"1365\"><strong data-start=\"1289\" data-end=\"1323\">12-tolline SolarMAX\u2122 HD ekraan<\/strong> \u2013 selge ja h\u00e4sti loetav ka p\u00e4ikese k\u00e4es<br \/>\n<strong data-start=\"1368\" data-end=\"1400\">Active Imaging\u2122 3-in-1 sonar<\/strong> \u2013 Puudub komplektist<br \/>\n<strong data-start=\"1448\" data-end=\"1475\">FishReveal\u2122 tehnoloogia<\/strong> \u2013 lihtsam kalade eristamine struktuuridest<br \/>\n<strong data-start=\"1523\" data-end=\"1560\">ActiveTarget\u2122 Live Sonar valmidus<\/strong> \u2013 reaalajas kalade liikumise j\u00e4lgimine<br \/>\n<strong data-start=\"1604\" data-end=\"1639\">Sisseehitatud GPS kaardiplotter<br \/>\n<\/strong>Toetab <strong data-start=\"1651\" data-end=\"1684\">C-MAP ja Navionics merekaarte<br \/>\n<\/strong><strong data-start=\"1689\" data-end=\"1740\">WiFi, Bluetooth, Ethernet ja NMEA2000 \u00fchenduvus<br \/>\n<\/strong>V\u00f5imalus \u00fchendada <strong data-start=\"1763\" data-end=\"1810\">radar, trolling-mootor ja Power-Pole ankrud<\/strong><\/p>\n","protected":false},"featured_media":57051,"template":"","meta":{"_kad_blocks_custom_css":"","_kad_blocks_head_custom_js":"","_kad_blocks_body_custom_js":"","_kad_blocks_footer_custom_js":"","_kad_post_transparent":"default","_kad_post_title":"","_kad_post_layout":"default","_kad_post_sidebar_id":"","_kad_post_content_style":"default","_kad_post_vertical_padding":"default","_kad_post_feature":"","_kad_post_feature_position":"","_kad_post_header":false,"_kad_post_footer":false,"_kad_post_classname":""},"product_brand":[1881],"product_cat":[1880],"product_tag":[],"class_list":{"0":"post-57057","1":"product","2":"type-product","3":"status-publish","4":"has-post-thumbnail","6":"product_brand-lowrance","7":"product_cat-kaardiplotterid","8":"product_shipping_class-pakiautomaati-mahtuv-kaup","9":"tm-no-options","11":"first","12":"onbackorder","13":"taxable","14":"shipping-taxable","15":"purchasable","16":"product-type-simple","17":"entry","18":"content-bg","19":"loop-entry"},"yoast_head":"<!-- This site is optimized with the Yoast SEO plugin v27.3 - https:\/\/yoast.com\/product\/yoast-seo-wordpress\/ -->\n<title>Kajalood Lowrance Elite\u2122 FS 12 ilma andurita<\/title>\n<meta name=\"description\" content=\"V\u00f5imas kajalood ja kaardiplotter, mis \u00fchendab professionaalse kalaleidmise tehnoloogia, suure 12-tollise puutetundliku ekraaniga.\" \/>\n<meta name=\"robots\" content=\"index, follow, max-snippet:-1, max-image-preview:large, max-video-preview:-1\" \/>\n<link rel=\"canonical\" href=\"https:\/\/nordlinepaadid.ee\/et\/pood\/kaardiplotterid\/kajalood-lowrance-elite-fs-12-ilma-andurita\/\" \/>\n<meta property=\"og:locale\" content=\"et_EE\" \/>\n<meta property=\"og:type\" content=\"article\" \/>\n<meta property=\"og:title\" content=\"Kajalood Lowrance Elite\u2122 FS 12 ilma andurita\" \/>\n<meta property=\"og:description\" content=\"V\u00f5imas kajalood ja kaardiplotter, mis \u00fchendab professionaalse kalaleidmise tehnoloogia, suure 12-tollise puutetundliku ekraaniga.\" \/>\n<meta property=\"og:url\" content=\"https:\/\/nordlinepaadid.ee\/et\/pood\/kaardiplotterid\/kajalood-lowrance-elite-fs-12-ilma-andurita\/\" \/>\n<meta property=\"og:site_name\" content=\"NORDLINE s\u00f5udepaadid ja mootorpaadid. Klaasfiiber materjalist.\" \/>\n<meta property=\"article:publisher\" content=\"https:\/\/www.facebook.com\/nordlineboats\" \/>\n<meta property=\"article:modified_time\" content=\"2026-03-11T08:56:56+00:00\" \/>\n<meta property=\"og:image\" content=\"https:\/\/nordlinepaadid.ee\/wp-content\/uploads\/2026\/03\/Kajalood-Lowrance-Elite-FS-12-Active-Imaging-3-in-1-paadile.png\" \/>\n\t<meta property=\"og:image:width\" content=\"600\" \/>\n\t<meta property=\"og:image:height\" content=\"600\" \/>\n\t<meta property=\"og:image:type\" content=\"image\/png\" \/>\n<meta name=\"twitter:card\" content=\"summary_large_image\" \/>\n<meta name=\"twitter:label1\" content=\"Est. reading time\" \/>\n\t<meta name=\"twitter:data1\" content=\"2 minutit\" \/>\n<script type=\"application\/ld+json\" class=\"yoast-schema-graph\">{\"@context\":\"https:\\\/\\\/schema.org\",\"@graph\":[{\"@type\":\"WebPage\",\"@id\":\"https:\\\/\\\/nordlinepaadid.ee\\\/et\\\/pood\\\/kaardiplotterid\\\/kajalood-lowrance-elite-fs-12-ilma-andurita\\\/\",\"url\":\"https:\\\/\\\/nordlinepaadid.ee\\\/et\\\/pood\\\/kaardiplotterid\\\/kajalood-lowrance-elite-fs-12-ilma-andurita\\\/\",\"name\":\"Kajalood Lowrance Elite\u2122 FS 12 ilma andurita\",\"isPartOf\":{\"@id\":\"https:\\\/\\\/nordlinepaadid.ee\\\/et\\\/#website\"},\"primaryImageOfPage\":{\"@id\":\"https:\\\/\\\/nordlinepaadid.ee\\\/et\\\/pood\\\/kaardiplotterid\\\/kajalood-lowrance-elite-fs-12-ilma-andurita\\\/#primaryimage\"},\"image\":{\"@id\":\"https:\\\/\\\/nordlinepaadid.ee\\\/et\\\/pood\\\/kaardiplotterid\\\/kajalood-lowrance-elite-fs-12-ilma-andurita\\\/#primaryimage\"},\"thumbnailUrl\":\"https:\\\/\\\/nordlinepaadid.ee\\\/wp-content\\\/uploads\\\/2026\\\/03\\\/Kajalood-Lowrance-Elite-FS-12-Active-Imaging-3-in-1-paadile.png\",\"datePublished\":\"2026-03-11T08:53:20+00:00\",\"dateModified\":\"2026-03-11T08:56:56+00:00\",\"description\":\"V\u00f5imas kajalood ja kaardiplotter, mis \u00fchendab professionaalse kalaleidmise tehnoloogia, suure 12-tollise puutetundliku ekraaniga.\",\"breadcrumb\":{\"@id\":\"https:\\\/\\\/nordlinepaadid.ee\\\/et\\\/pood\\\/kaardiplotterid\\\/kajalood-lowrance-elite-fs-12-ilma-andurita\\\/#breadcrumb\"},\"inLanguage\":\"et\",\"potentialAction\":[{\"@type\":\"ReadAction\",\"target\":[\"https:\\\/\\\/nordlinepaadid.ee\\\/et\\\/pood\\\/kaardiplotterid\\\/kajalood-lowrance-elite-fs-12-ilma-andurita\\\/\"]}]},{\"@type\":\"ImageObject\",\"inLanguage\":\"et\",\"@id\":\"https:\\\/\\\/nordlinepaadid.ee\\\/et\\\/pood\\\/kaardiplotterid\\\/kajalood-lowrance-elite-fs-12-ilma-andurita\\\/#primaryimage\",\"url\":\"https:\\\/\\\/nordlinepaadid.ee\\\/wp-content\\\/uploads\\\/2026\\\/03\\\/Kajalood-Lowrance-Elite-FS-12-Active-Imaging-3-in-1-paadile.png\",\"contentUrl\":\"https:\\\/\\\/nordlinepaadid.ee\\\/wp-content\\\/uploads\\\/2026\\\/03\\\/Kajalood-Lowrance-Elite-FS-12-Active-Imaging-3-in-1-paadile.png\",\"width\":600,\"height\":600,\"caption\":\"Kajalood Lowrance Elite FS 12 Active Imaging 3-in-1 paadile\"},{\"@type\":\"BreadcrumbList\",\"@id\":\"https:\\\/\\\/nordlinepaadid.ee\\\/et\\\/pood\\\/kaardiplotterid\\\/kajalood-lowrance-elite-fs-12-ilma-andurita\\\/#breadcrumb\",\"itemListElement\":[{\"@type\":\"ListItem\",\"position\":1,\"name\":\"Home\",\"item\":\"https:\\\/\\\/nordlinepaadid.ee\\\/et\\\/\"},{\"@type\":\"ListItem\",\"position\":2,\"name\":\"Pood\",\"item\":\"https:\\\/\\\/nordlinepaadid.ee\\\/et\\\/pood\\\/\"},{\"@type\":\"ListItem\",\"position\":3,\"name\":\"Kajalood Lowrance Elite\u2122 FS 12 ilma andurita\"}]},{\"@type\":\"WebSite\",\"@id\":\"https:\\\/\\\/nordlinepaadid.ee\\\/et\\\/#website\",\"url\":\"https:\\\/\\\/nordlinepaadid.ee\\\/et\\\/\",\"name\":\"NORDLINE s\u00f5udepaadid ja mootorpaadid. Klaasfiiber materjalist.\",\"description\":\"\",\"publisher\":{\"@id\":\"https:\\\/\\\/nordlinepaadid.ee\\\/et\\\/#organization\"},\"potentialAction\":[{\"@type\":\"SearchAction\",\"target\":{\"@type\":\"EntryPoint\",\"urlTemplate\":\"https:\\\/\\\/nordlinepaadid.ee\\\/et\\\/?s={search_term_string}\"},\"query-input\":{\"@type\":\"PropertyValueSpecification\",\"valueRequired\":true,\"valueName\":\"search_term_string\"}}],\"inLanguage\":\"et\"},{\"@type\":\"Organization\",\"@id\":\"https:\\\/\\\/nordlinepaadid.ee\\\/et\\\/#organization\",\"name\":\"Nordlineboats\",\"url\":\"https:\\\/\\\/nordlinepaadid.ee\\\/et\\\/\",\"logo\":{\"@type\":\"ImageObject\",\"inLanguage\":\"et\",\"@id\":\"https:\\\/\\\/nordlinepaadid.ee\\\/et\\\/#\\\/schema\\\/logo\\\/image\\\/\",\"url\":\"https:\\\/\\\/nordlinepaadid.ee\\\/wp-content\\\/uploads\\\/2023\\\/01\\\/fulllogo_transparent_nobuffer-e1672750475494.png\",\"contentUrl\":\"https:\\\/\\\/nordlinepaadid.ee\\\/wp-content\\\/uploads\\\/2023\\\/01\\\/fulllogo_transparent_nobuffer-e1672750475494.png\",\"width\":150,\"height\":119,\"caption\":\"Nordlineboats\"},\"image\":{\"@id\":\"https:\\\/\\\/nordlinepaadid.ee\\\/et\\\/#\\\/schema\\\/logo\\\/image\\\/\"},\"sameAs\":[\"https:\\\/\\\/www.facebook.com\\\/nordlineboats\",\"https:\\\/\\\/www.youtube.com\\\/channel\\\/UCbgF0fy02y3QkFnujaLTaCA\"]}]}<\/script>\n<!-- \/ Yoast SEO plugin. -->","yoast_head_json":{"title":"Kajalood Lowrance Elite\u2122 FS 12 ilma andurita","description":"V\u00f5imas kajalood ja kaardiplotter, mis \u00fchendab professionaalse kalaleidmise tehnoloogia, suure 12-tollise puutetundliku ekraaniga.","robots":{"index":"index","follow":"follow","max-snippet":"max-snippet:-1","max-image-preview":"max-image-preview:large","max-video-preview":"max-video-preview:-1"},"canonical":"https:\/\/nordlinepaadid.ee\/et\/pood\/kaardiplotterid\/kajalood-lowrance-elite-fs-12-ilma-andurita\/","og_locale":"et_EE","og_type":"article","og_title":"Kajalood Lowrance Elite\u2122 FS 12 ilma andurita","og_description":"V\u00f5imas kajalood ja kaardiplotter, mis \u00fchendab professionaalse kalaleidmise tehnoloogia, suure 12-tollise puutetundliku ekraaniga.","og_url":"https:\/\/nordlinepaadid.ee\/et\/pood\/kaardiplotterid\/kajalood-lowrance-elite-fs-12-ilma-andurita\/","og_site_name":"NORDLINE s\u00f5udepaadid ja mootorpaadid. Klaasfiiber materjalist.","article_publisher":"https:\/\/www.facebook.com\/nordlineboats","article_modified_time":"2026-03-11T08:56:56+00:00","og_image":[{"width":600,"height":600,"url":"https:\/\/nordlinepaadid.ee\/wp-content\/uploads\/2026\/03\/Kajalood-Lowrance-Elite-FS-12-Active-Imaging-3-in-1-paadile.png","type":"image\/png"}],"twitter_card":"summary_large_image","twitter_misc":{"Est. reading time":"2 minutit"},"schema":{"@context":"https:\/\/schema.org","@graph":[{"@type":"WebPage","@id":"https:\/\/nordlinepaadid.ee\/et\/pood\/kaardiplotterid\/kajalood-lowrance-elite-fs-12-ilma-andurita\/","url":"https:\/\/nordlinepaadid.ee\/et\/pood\/kaardiplotterid\/kajalood-lowrance-elite-fs-12-ilma-andurita\/","name":"Kajalood Lowrance Elite\u2122 FS 12 ilma andurita","isPartOf":{"@id":"https:\/\/nordlinepaadid.ee\/et\/#website"},"primaryImageOfPage":{"@id":"https:\/\/nordlinepaadid.ee\/et\/pood\/kaardiplotterid\/kajalood-lowrance-elite-fs-12-ilma-andurita\/#primaryimage"},"image":{"@id":"https:\/\/nordlinepaadid.ee\/et\/pood\/kaardiplotterid\/kajalood-lowrance-elite-fs-12-ilma-andurita\/#primaryimage"},"thumbnailUrl":"https:\/\/nordlinepaadid.ee\/wp-content\/uploads\/2026\/03\/Kajalood-Lowrance-Elite-FS-12-Active-Imaging-3-in-1-paadile.png","datePublished":"2026-03-11T08:53:20+00:00","dateModified":"2026-03-11T08:56:56+00:00","description":"V\u00f5imas kajalood ja kaardiplotter, mis \u00fchendab professionaalse kalaleidmise tehnoloogia, suure 12-tollise puutetundliku ekraaniga.","breadcrumb":{"@id":"https:\/\/nordlinepaadid.ee\/et\/pood\/kaardiplotterid\/kajalood-lowrance-elite-fs-12-ilma-andurita\/#breadcrumb"},"inLanguage":"et","potentialAction":[{"@type":"ReadAction","target":["https:\/\/nordlinepaadid.ee\/et\/pood\/kaardiplotterid\/kajalood-lowrance-elite-fs-12-ilma-andurita\/"]}]},{"@type":"ImageObject","inLanguage":"et","@id":"https:\/\/nordlinepaadid.ee\/et\/pood\/kaardiplotterid\/kajalood-lowrance-elite-fs-12-ilma-andurita\/#primaryimage","url":"https:\/\/nordlinepaadid.ee\/wp-content\/uploads\/2026\/03\/Kajalood-Lowrance-Elite-FS-12-Active-Imaging-3-in-1-paadile.png","contentUrl":"https:\/\/nordlinepaadid.ee\/wp-content\/uploads\/2026\/03\/Kajalood-Lowrance-Elite-FS-12-Active-Imaging-3-in-1-paadile.png","width":600,"height":600,"caption":"Kajalood Lowrance Elite FS 12 Active Imaging 3-in-1 paadile"},{"@type":"BreadcrumbList","@id":"https:\/\/nordlinepaadid.ee\/et\/pood\/kaardiplotterid\/kajalood-lowrance-elite-fs-12-ilma-andurita\/#breadcrumb","itemListElement":[{"@type":"ListItem","position":1,"name":"Home","item":"https:\/\/nordlinepaadid.ee\/et\/"},{"@type":"ListItem","position":2,"name":"Pood","item":"https:\/\/nordlinepaadid.ee\/et\/pood\/"},{"@type":"ListItem","position":3,"name":"Kajalood Lowrance Elite\u2122 FS 12 ilma andurita"}]},{"@type":"WebSite","@id":"https:\/\/nordlinepaadid.ee\/et\/#website","url":"https:\/\/nordlinepaadid.ee\/et\/","name":"NORDLINE s\u00f5udepaadid ja mootorpaadid. Klaasfiiber materjalist.","description":"","publisher":{"@id":"https:\/\/nordlinepaadid.ee\/et\/#organization"},"potentialAction":[{"@type":"SearchAction","target":{"@type":"EntryPoint","urlTemplate":"https:\/\/nordlinepaadid.ee\/et\/?s={search_term_string}"},"query-input":{"@type":"PropertyValueSpecification","valueRequired":true,"valueName":"search_term_string"}}],"inLanguage":"et"},{"@type":"Organization","@id":"https:\/\/nordlinepaadid.ee\/et\/#organization","name":"Nordlineboats","url":"https:\/\/nordlinepaadid.ee\/et\/","logo":{"@type":"ImageObject","inLanguage":"et","@id":"https:\/\/nordlinepaadid.ee\/et\/#\/schema\/logo\/image\/","url":"https:\/\/nordlinepaadid.ee\/wp-content\/uploads\/2023\/01\/fulllogo_transparent_nobuffer-e1672750475494.png","contentUrl":"https:\/\/nordlinepaadid.ee\/wp-content\/uploads\/2023\/01\/fulllogo_transparent_nobuffer-e1672750475494.png","width":150,"height":119,"caption":"Nordlineboats"},"image":{"@id":"https:\/\/nordlinepaadid.ee\/et\/#\/schema\/logo\/image\/"},"sameAs":["https:\/\/www.facebook.com\/nordlineboats","https:\/\/www.youtube.com\/channel\/UCbgF0fy02y3QkFnujaLTaCA"]}]}},"taxonomy_info":{"product_brand":[{"value":1881,"label":"Lowrance"}],"product_cat":[{"value":1880,"label":"KAJALOODID JA KAARDIPLOTTERID"}]},"featured_image_src_large":["https:\/\/nordlinepaadid.ee\/wp-content\/uploads\/2026\/03\/Kajalood-Lowrance-Elite-FS-12-Active-Imaging-3-in-1-paadile.png",600,600,false],"author_info":[],"comment_info":"","_links":{"self":[{"href":"https:\/\/nordlinepaadid.ee\/et\/wp-json\/wp\/v2\/product\/57057","targetHints":{"allow":["GET"]}}],"collection":[{"href":"https:\/\/nordlinepaadid.ee\/et\/wp-json\/wp\/v2\/product"}],"about":[{"href":"https:\/\/nordlinepaadid.ee\/et\/wp-json\/wp\/v2\/types\/product"}],"wp:featuredmedia":[{"embeddable":true,"href":"https:\/\/nordlinepaadid.ee\/et\/wp-json\/wp\/v2\/media\/57051"}],"wp:attachment":[{"href":"https:\/\/nordlinepaadid.ee\/et\/wp-json\/wp\/v2\/media?parent=57057"}],"wp:term":[{"taxonomy":"product_brand","embeddable":true,"href":"https:\/\/nordlinepaadid.ee\/et\/wp-json\/wp\/v2\/product_brand?post=57057"},{"taxonomy":"product_cat","embeddable":true,"href":"https:\/\/nordlinepaadid.ee\/et\/wp-json\/wp\/v2\/product_cat?post=57057"},{"taxonomy":"product_tag","embeddable":true,"href":"https:\/\/nordlinepaadid.ee\/et\/wp-json\/wp\/v2\/product_tag?post=57057"}],"curies":[{"name":"wp","href":"https:\/\/api.w.org\/{rel}","templated":true}]}}