{"id":57110,"date":"2026-03-20T13:40:18","date_gmt":"2026-03-20T11:40:18","guid":{"rendered":"https:\/\/nordlinepaadid.ee\/?post_type=product&#038;p=57110"},"modified":"2026-04-08T08:05:03","modified_gmt":"2026-04-08T05:05:03","slug":"lamineerimis-ja-varvimispintsel-50mm","status":"publish","type":"product","link":"https:\/\/nordlinepaadid.ee\/et\/pood\/klaasfiiber-materjalid\/lamineerimis-ja-varvimispintsel-50mm\/","title":{"rendered":"Lamineerimis ja v\u00e4rvimispintsel 50mm"},"content":{"rendered":"<p data-start=\"59\" data-end=\"281\">Kvaliteetne pintsel klaasfiiber materjalide t\u00f6\u00f6tlemiseks. Sobib ideaalselt vaigu \u00fchtlaseks pealekandmiseks ning gelcoat\u2019i v\u00e4rvimiseks. Vastupidavad harjased tagavad hea katvuse ja kontrollitud t\u00f6\u00f6 ka keerukamatel pindadel.<\/p>\n<p data-start=\"283\" data-end=\"296\"><strong data-start=\"283\" data-end=\"296\">Omadused:<\/strong><\/p>\n<ul data-start=\"297\" data-end=\"430\">\n<li data-section-id=\"ruai22\" data-start=\"297\" data-end=\"341\">\n<p data-start=\"299\" data-end=\"341\">Sobib vaigu ja gelcoat\u2019i pealekandmiseks<\/p>\n<\/li>\n<li data-section-id=\"s519lt\" data-start=\"342\" data-end=\"376\">\n<p data-start=\"344\" data-end=\"376\">Hea vastupidavus kemikaalidele<\/p>\n<\/li>\n<li data-section-id=\"1ptuycg\" data-start=\"377\" data-end=\"404\">\n<p data-start=\"379\" data-end=\"404\">\u00dchtlane ja t\u00e4pne katvus<\/p>\n<\/li>\n<li data-section-id=\"ioyq5k\" data-start=\"405\" data-end=\"430\">\n<p data-start=\"407\" data-end=\"430\">Mugav puidust k\u00e4epide<\/p>\n<\/li>\n<\/ul>\n<p data-start=\"432\" data-end=\"534\"><strong data-start=\"432\" data-end=\"452\">Kasutusvaldkond:<\/strong><br data-start=\"452\" data-end=\"455\" \/>Paadit\u00f6\u00f6stus, komposiitmaterjalide lamineerimine, remondi- ja viimistlust\u00f6\u00f6d.<\/p>\n","protected":false},"excerpt":{"rendered":"<p>Kemikalikindel pintsel<br \/>\nLaius 50mm<\/p>\n","protected":false},"featured_media":57111,"template":"","meta":{"_kad_blocks_custom_css":"","_kad_blocks_head_custom_js":"","_kad_blocks_body_custom_js":"","_kad_blocks_footer_custom_js":"","_kad_post_transparent":"default","_kad_post_title":"","_kad_post_layout":"default","_kad_post_sidebar_id":"","_kad_post_content_style":"default","_kad_post_vertical_padding":"default","_kad_post_feature":"","_kad_post_feature_position":"","_kad_post_header":false,"_kad_post_footer":false,"_kad_post_classname":""},"product_brand":[],"product_cat":[26],"product_tag":[],"class_list":{"0":"post-57110","1":"product","2":"type-product","3":"status-publish","4":"has-post-thumbnail","6":"product_cat-klaasfiiber-materjalid","7":"tm-no-options","9":"first","10":"instock","11":"sale","12":"taxable","13":"shipping-taxable","14":"purchasable","15":"product-type-simple","16":"entry","17":"content-bg","18":"loop-entry"},"yoast_head":"<!-- This site is optimized with the Yoast SEO plugin v27.3 - https:\/\/yoast.com\/product\/yoast-seo-wordpress\/ -->\n<title>Lamineerimis ja v\u00e4rvimispintsel 50mm<\/title>\n<meta name=\"description\" content=\"Lamineerimiseks ja gelcoat v\u00e4rvimiseks sobilik pintsel. Vastupidav kemikaalidele ja talub atsetoni. Sobilik klaasfiiber t\u00f6\u00f6deks.\" \/>\n<meta name=\"robots\" content=\"index, follow, max-snippet:-1, max-image-preview:large, max-video-preview:-1\" \/>\n<link rel=\"canonical\" href=\"https:\/\/nordlinepaadid.ee\/et\/pood\/klaasfiiber-materjalid\/lamineerimis-ja-varvimispintsel-50mm\/\" \/>\n<meta property=\"og:locale\" content=\"et_EE\" \/>\n<meta property=\"og:type\" content=\"article\" \/>\n<meta property=\"og:title\" content=\"Lamineerimis ja v\u00e4rvimispintsel 50mm\" \/>\n<meta property=\"og:description\" content=\"Lamineerimiseks ja gelcoat v\u00e4rvimiseks sobilik pintsel. Vastupidav kemikaalidele ja talub atsetoni. Sobilik klaasfiiber t\u00f6\u00f6deks.\" \/>\n<meta property=\"og:url\" content=\"https:\/\/nordlinepaadid.ee\/et\/pood\/klaasfiiber-materjalid\/lamineerimis-ja-varvimispintsel-50mm\/\" \/>\n<meta property=\"og:site_name\" content=\"NORDLINE s\u00f5udepaadid ja mootorpaadid. Klaasfiiber materjalist.\" \/>\n<meta property=\"article:publisher\" content=\"https:\/\/www.facebook.com\/nordlineboats\" \/>\n<meta property=\"article:modified_time\" content=\"2026-04-08T05:05:03+00:00\" \/>\n<meta property=\"og:image\" content=\"https:\/\/nordlinepaadid.ee\/wp-content\/uploads\/2026\/03\/klaasfiiber-lamineerimis-ja-gelcoat-varvimis-pintsel-50mm-scaled.jpg\" \/>\n\t<meta property=\"og:image:width\" content=\"2560\" \/>\n\t<meta property=\"og:image:height\" content=\"1441\" \/>\n\t<meta property=\"og:image:type\" content=\"image\/jpeg\" \/>\n<meta name=\"twitter:card\" content=\"summary_large_image\" \/>\n<meta name=\"twitter:label1\" content=\"Est. reading time\" \/>\n\t<meta name=\"twitter:data1\" content=\"1 minut\" \/>\n<script type=\"application\/ld+json\" class=\"yoast-schema-graph\">{\"@context\":\"https:\\\/\\\/schema.org\",\"@graph\":[{\"@type\":\"WebPage\",\"@id\":\"https:\\\/\\\/nordlinepaadid.ee\\\/et\\\/pood\\\/klaasfiiber-materjalid\\\/lamineerimis-ja-varvimispintsel-50mm\\\/\",\"url\":\"https:\\\/\\\/nordlinepaadid.ee\\\/et\\\/pood\\\/klaasfiiber-materjalid\\\/lamineerimis-ja-varvimispintsel-50mm\\\/\",\"name\":\"Lamineerimis ja v\u00e4rvimispintsel 50mm\",\"isPartOf\":{\"@id\":\"https:\\\/\\\/nordlinepaadid.ee\\\/et\\\/#website\"},\"primaryImageOfPage\":{\"@id\":\"https:\\\/\\\/nordlinepaadid.ee\\\/et\\\/pood\\\/klaasfiiber-materjalid\\\/lamineerimis-ja-varvimispintsel-50mm\\\/#primaryimage\"},\"image\":{\"@id\":\"https:\\\/\\\/nordlinepaadid.ee\\\/et\\\/pood\\\/klaasfiiber-materjalid\\\/lamineerimis-ja-varvimispintsel-50mm\\\/#primaryimage\"},\"thumbnailUrl\":\"https:\\\/\\\/nordlinepaadid.ee\\\/wp-content\\\/uploads\\\/2026\\\/03\\\/klaasfiiber-lamineerimis-ja-gelcoat-varvimis-pintsel-50mm-scaled.jpg\",\"datePublished\":\"2026-03-20T11:40:18+00:00\",\"dateModified\":\"2026-04-08T05:05:03+00:00\",\"description\":\"Lamineerimiseks ja gelcoat v\u00e4rvimiseks sobilik pintsel. Vastupidav kemikaalidele ja talub atsetoni. Sobilik klaasfiiber t\u00f6\u00f6deks.\",\"breadcrumb\":{\"@id\":\"https:\\\/\\\/nordlinepaadid.ee\\\/et\\\/pood\\\/klaasfiiber-materjalid\\\/lamineerimis-ja-varvimispintsel-50mm\\\/#breadcrumb\"},\"inLanguage\":\"et\",\"potentialAction\":[{\"@type\":\"ReadAction\",\"target\":[\"https:\\\/\\\/nordlinepaadid.ee\\\/et\\\/pood\\\/klaasfiiber-materjalid\\\/lamineerimis-ja-varvimispintsel-50mm\\\/\"]}]},{\"@type\":\"ImageObject\",\"inLanguage\":\"et\",\"@id\":\"https:\\\/\\\/nordlinepaadid.ee\\\/et\\\/pood\\\/klaasfiiber-materjalid\\\/lamineerimis-ja-varvimispintsel-50mm\\\/#primaryimage\",\"url\":\"https:\\\/\\\/nordlinepaadid.ee\\\/wp-content\\\/uploads\\\/2026\\\/03\\\/klaasfiiber-lamineerimis-ja-gelcoat-varvimis-pintsel-50mm-scaled.jpg\",\"contentUrl\":\"https:\\\/\\\/nordlinepaadid.ee\\\/wp-content\\\/uploads\\\/2026\\\/03\\\/klaasfiiber-lamineerimis-ja-gelcoat-varvimis-pintsel-50mm-scaled.jpg\",\"width\":2560,\"height\":1441,\"caption\":\"klaasfiiber lamineerimis ja gelcoat v\u00e4rvimis pintsel 50mm\"},{\"@type\":\"BreadcrumbList\",\"@id\":\"https:\\\/\\\/nordlinepaadid.ee\\\/et\\\/pood\\\/klaasfiiber-materjalid\\\/lamineerimis-ja-varvimispintsel-50mm\\\/#breadcrumb\",\"itemListElement\":[{\"@type\":\"ListItem\",\"position\":1,\"name\":\"Home\",\"item\":\"https:\\\/\\\/nordlinepaadid.ee\\\/et\\\/\"},{\"@type\":\"ListItem\",\"position\":2,\"name\":\"Pood\",\"item\":\"https:\\\/\\\/nordlinepaadid.ee\\\/et\\\/pood\\\/\"},{\"@type\":\"ListItem\",\"position\":3,\"name\":\"Lamineerimis ja v\u00e4rvimispintsel 50mm\"}]},{\"@type\":\"WebSite\",\"@id\":\"https:\\\/\\\/nordlinepaadid.ee\\\/et\\\/#website\",\"url\":\"https:\\\/\\\/nordlinepaadid.ee\\\/et\\\/\",\"name\":\"NORDLINE s\u00f5udepaadid ja mootorpaadid. Klaasfiiber materjalist.\",\"description\":\"\",\"publisher\":{\"@id\":\"https:\\\/\\\/nordlinepaadid.ee\\\/et\\\/#organization\"},\"potentialAction\":[{\"@type\":\"SearchAction\",\"target\":{\"@type\":\"EntryPoint\",\"urlTemplate\":\"https:\\\/\\\/nordlinepaadid.ee\\\/et\\\/?s={search_term_string}\"},\"query-input\":{\"@type\":\"PropertyValueSpecification\",\"valueRequired\":true,\"valueName\":\"search_term_string\"}}],\"inLanguage\":\"et\"},{\"@type\":\"Organization\",\"@id\":\"https:\\\/\\\/nordlinepaadid.ee\\\/et\\\/#organization\",\"name\":\"Nordlineboats\",\"url\":\"https:\\\/\\\/nordlinepaadid.ee\\\/et\\\/\",\"logo\":{\"@type\":\"ImageObject\",\"inLanguage\":\"et\",\"@id\":\"https:\\\/\\\/nordlinepaadid.ee\\\/et\\\/#\\\/schema\\\/logo\\\/image\\\/\",\"url\":\"https:\\\/\\\/nordlinepaadid.ee\\\/wp-content\\\/uploads\\\/2023\\\/01\\\/fulllogo_transparent_nobuffer-e1672750475494.png\",\"contentUrl\":\"https:\\\/\\\/nordlinepaadid.ee\\\/wp-content\\\/uploads\\\/2023\\\/01\\\/fulllogo_transparent_nobuffer-e1672750475494.png\",\"width\":150,\"height\":119,\"caption\":\"Nordlineboats\"},\"image\":{\"@id\":\"https:\\\/\\\/nordlinepaadid.ee\\\/et\\\/#\\\/schema\\\/logo\\\/image\\\/\"},\"sameAs\":[\"https:\\\/\\\/www.facebook.com\\\/nordlineboats\",\"https:\\\/\\\/www.youtube.com\\\/channel\\\/UCbgF0fy02y3QkFnujaLTaCA\"]}]}<\/script>\n<!-- \/ Yoast SEO plugin. -->","yoast_head_json":{"title":"Lamineerimis ja v\u00e4rvimispintsel 50mm","description":"Lamineerimiseks ja gelcoat v\u00e4rvimiseks sobilik pintsel. Vastupidav kemikaalidele ja talub atsetoni. Sobilik klaasfiiber t\u00f6\u00f6deks.","robots":{"index":"index","follow":"follow","max-snippet":"max-snippet:-1","max-image-preview":"max-image-preview:large","max-video-preview":"max-video-preview:-1"},"canonical":"https:\/\/nordlinepaadid.ee\/et\/pood\/klaasfiiber-materjalid\/lamineerimis-ja-varvimispintsel-50mm\/","og_locale":"et_EE","og_type":"article","og_title":"Lamineerimis ja v\u00e4rvimispintsel 50mm","og_description":"Lamineerimiseks ja gelcoat v\u00e4rvimiseks sobilik pintsel. Vastupidav kemikaalidele ja talub atsetoni. Sobilik klaasfiiber t\u00f6\u00f6deks.","og_url":"https:\/\/nordlinepaadid.ee\/et\/pood\/klaasfiiber-materjalid\/lamineerimis-ja-varvimispintsel-50mm\/","og_site_name":"NORDLINE s\u00f5udepaadid ja mootorpaadid. Klaasfiiber materjalist.","article_publisher":"https:\/\/www.facebook.com\/nordlineboats","article_modified_time":"2026-04-08T05:05:03+00:00","og_image":[{"width":2560,"height":1441,"url":"https:\/\/nordlinepaadid.ee\/wp-content\/uploads\/2026\/03\/klaasfiiber-lamineerimis-ja-gelcoat-varvimis-pintsel-50mm-scaled.jpg","type":"image\/jpeg"}],"twitter_card":"summary_large_image","twitter_misc":{"Est. reading time":"1 minut"},"schema":{"@context":"https:\/\/schema.org","@graph":[{"@type":"WebPage","@id":"https:\/\/nordlinepaadid.ee\/et\/pood\/klaasfiiber-materjalid\/lamineerimis-ja-varvimispintsel-50mm\/","url":"https:\/\/nordlinepaadid.ee\/et\/pood\/klaasfiiber-materjalid\/lamineerimis-ja-varvimispintsel-50mm\/","name":"Lamineerimis ja v\u00e4rvimispintsel 50mm","isPartOf":{"@id":"https:\/\/nordlinepaadid.ee\/et\/#website"},"primaryImageOfPage":{"@id":"https:\/\/nordlinepaadid.ee\/et\/pood\/klaasfiiber-materjalid\/lamineerimis-ja-varvimispintsel-50mm\/#primaryimage"},"image":{"@id":"https:\/\/nordlinepaadid.ee\/et\/pood\/klaasfiiber-materjalid\/lamineerimis-ja-varvimispintsel-50mm\/#primaryimage"},"thumbnailUrl":"https:\/\/nordlinepaadid.ee\/wp-content\/uploads\/2026\/03\/klaasfiiber-lamineerimis-ja-gelcoat-varvimis-pintsel-50mm-scaled.jpg","datePublished":"2026-03-20T11:40:18+00:00","dateModified":"2026-04-08T05:05:03+00:00","description":"Lamineerimiseks ja gelcoat v\u00e4rvimiseks sobilik pintsel. Vastupidav kemikaalidele ja talub atsetoni. Sobilik klaasfiiber t\u00f6\u00f6deks.","breadcrumb":{"@id":"https:\/\/nordlinepaadid.ee\/et\/pood\/klaasfiiber-materjalid\/lamineerimis-ja-varvimispintsel-50mm\/#breadcrumb"},"inLanguage":"et","potentialAction":[{"@type":"ReadAction","target":["https:\/\/nordlinepaadid.ee\/et\/pood\/klaasfiiber-materjalid\/lamineerimis-ja-varvimispintsel-50mm\/"]}]},{"@type":"ImageObject","inLanguage":"et","@id":"https:\/\/nordlinepaadid.ee\/et\/pood\/klaasfiiber-materjalid\/lamineerimis-ja-varvimispintsel-50mm\/#primaryimage","url":"https:\/\/nordlinepaadid.ee\/wp-content\/uploads\/2026\/03\/klaasfiiber-lamineerimis-ja-gelcoat-varvimis-pintsel-50mm-scaled.jpg","contentUrl":"https:\/\/nordlinepaadid.ee\/wp-content\/uploads\/2026\/03\/klaasfiiber-lamineerimis-ja-gelcoat-varvimis-pintsel-50mm-scaled.jpg","width":2560,"height":1441,"caption":"klaasfiiber lamineerimis ja gelcoat v\u00e4rvimis pintsel 50mm"},{"@type":"BreadcrumbList","@id":"https:\/\/nordlinepaadid.ee\/et\/pood\/klaasfiiber-materjalid\/lamineerimis-ja-varvimispintsel-50mm\/#breadcrumb","itemListElement":[{"@type":"ListItem","position":1,"name":"Home","item":"https:\/\/nordlinepaadid.ee\/et\/"},{"@type":"ListItem","position":2,"name":"Pood","item":"https:\/\/nordlinepaadid.ee\/et\/pood\/"},{"@type":"ListItem","position":3,"name":"Lamineerimis ja v\u00e4rvimispintsel 50mm"}]},{"@type":"WebSite","@id":"https:\/\/nordlinepaadid.ee\/et\/#website","url":"https:\/\/nordlinepaadid.ee\/et\/","name":"NORDLINE s\u00f5udepaadid ja mootorpaadid. Klaasfiiber materjalist.","description":"","publisher":{"@id":"https:\/\/nordlinepaadid.ee\/et\/#organization"},"potentialAction":[{"@type":"SearchAction","target":{"@type":"EntryPoint","urlTemplate":"https:\/\/nordlinepaadid.ee\/et\/?s={search_term_string}"},"query-input":{"@type":"PropertyValueSpecification","valueRequired":true,"valueName":"search_term_string"}}],"inLanguage":"et"},{"@type":"Organization","@id":"https:\/\/nordlinepaadid.ee\/et\/#organization","name":"Nordlineboats","url":"https:\/\/nordlinepaadid.ee\/et\/","logo":{"@type":"ImageObject","inLanguage":"et","@id":"https:\/\/nordlinepaadid.ee\/et\/#\/schema\/logo\/image\/","url":"https:\/\/nordlinepaadid.ee\/wp-content\/uploads\/2023\/01\/fulllogo_transparent_nobuffer-e1672750475494.png","contentUrl":"https:\/\/nordlinepaadid.ee\/wp-content\/uploads\/2023\/01\/fulllogo_transparent_nobuffer-e1672750475494.png","width":150,"height":119,"caption":"Nordlineboats"},"image":{"@id":"https:\/\/nordlinepaadid.ee\/et\/#\/schema\/logo\/image\/"},"sameAs":["https:\/\/www.facebook.com\/nordlineboats","https:\/\/www.youtube.com\/channel\/UCbgF0fy02y3QkFnujaLTaCA"]}]}},"taxonomy_info":{"product_cat":[{"value":26,"label":"KLAASFIIBER MATERJALID"}]},"featured_image_src_large":["https:\/\/nordlinepaadid.ee\/wp-content\/uploads\/2026\/03\/klaasfiiber-lamineerimis-ja-gelcoat-varvimis-pintsel-50mm-1024x577.jpg",1024,577,true],"author_info":[],"comment_info":"","_links":{"self":[{"href":"https:\/\/nordlinepaadid.ee\/et\/wp-json\/wp\/v2\/product\/57110","targetHints":{"allow":["GET"]}}],"collection":[{"href":"https:\/\/nordlinepaadid.ee\/et\/wp-json\/wp\/v2\/product"}],"about":[{"href":"https:\/\/nordlinepaadid.ee\/et\/wp-json\/wp\/v2\/types\/product"}],"wp:featuredmedia":[{"embeddable":true,"href":"https:\/\/nordlinepaadid.ee\/et\/wp-json\/wp\/v2\/media\/57111"}],"wp:attachment":[{"href":"https:\/\/nordlinepaadid.ee\/et\/wp-json\/wp\/v2\/media?parent=57110"}],"wp:term":[{"taxonomy":"product_brand","embeddable":true,"href":"https:\/\/nordlinepaadid.ee\/et\/wp-json\/wp\/v2\/product_brand?post=57110"},{"taxonomy":"product_cat","embeddable":true,"href":"https:\/\/nordlinepaadid.ee\/et\/wp-json\/wp\/v2\/product_cat?post=57110"},{"taxonomy":"product_tag","embeddable":true,"href":"https:\/\/nordlinepaadid.ee\/et\/wp-json\/wp\/v2\/product_tag?post=57110"}],"curies":[{"name":"wp","href":"https:\/\/api.w.org\/{rel}","templated":true}]}}