{"id":57123,"date":"2026-03-20T14:13:16","date_gmt":"2026-03-20T12:13:16","guid":{"rendered":"https:\/\/nordlinepaadid.ee\/?post_type=product&#038;p=57123"},"modified":"2026-04-08T06:05:11","modified_gmt":"2026-04-08T03:05:11","slug":"varvi-ja-lamineerimisrulli-kaepide","status":"publish","type":"product","link":"https:\/\/nordlinepaadid.ee\/et\/pood\/klaasfiiber-materjalid\/varvi-ja-lamineerimisrulli-kaepide\/","title":{"rendered":"V\u00e4rvi- ja lamineerimisrulli k\u00e4epide"},"content":{"rendered":"<p data-start=\"0\" data-end=\"36\"><strong data-start=\"0\" data-end=\"36\">V\u00e4rvirulli k\u00e4epide (rullihoidik)<\/strong><\/p>\n<p data-start=\"38\" data-end=\"226\">Ergonoomiline ja vastupidav v\u00e4rvirulli k\u00e4epide, mis sobib ideaalselt klaasfiibri, vaigu ja gelcoat\u2019i t\u00f6\u00f6deks. Tagab kindla haarde ning mugava ja kontrollitud t\u00f6\u00f6 ka pikematel t\u00f6\u00f6etappidel.<\/p>\n<p data-start=\"228\" data-end=\"241\"><strong data-start=\"228\" data-end=\"241\">Omadused:<\/strong><\/p>\n<ul data-start=\"242\" data-end=\"408\">\n<li data-section-id=\"txhjb0\" data-start=\"242\" data-end=\"298\">\n<p data-start=\"244\" data-end=\"298\">Sobib standardsetele v\u00e4rvi- ja lamineerimisrullidele<\/p>\n<\/li>\n<li data-section-id=\"1q3afhe\" data-start=\"299\" data-end=\"339\">\n<p data-start=\"301\" data-end=\"339\">Tugev metallraam tagab vastupidavuse<\/p>\n<\/li>\n<li data-section-id=\"1ya5nyo\" data-start=\"340\" data-end=\"374\">\n<p data-start=\"342\" data-end=\"374\">Mugav, libisemiskindel k\u00e4epide<\/p>\n<\/li>\n<li data-section-id=\"ettbf\" data-start=\"375\" data-end=\"408\">\n<p data-start=\"377\" data-end=\"408\">Kiire ja lihtne rulli vahetus<\/p>\n<\/li>\n<\/ul>\n<p data-start=\"410\" data-end=\"515\"><strong data-start=\"410\" data-end=\"430\">Kasutusvaldkond:<\/strong><br data-start=\"430\" data-end=\"433\" \/>Paadiehitus, klaasfiiber t\u00f6\u00f6tlus, gelcoat\u2019i v\u00e4rvimine, ehitus- ja viimistlust\u00f6\u00f6d<\/p>\n","protected":false},"excerpt":{"rendered":"<p>Gelcoat v\u00e4rvimiseks rull<br \/>\nLaius 10cm<\/p>\n","protected":false},"featured_media":57124,"template":"","meta":{"_kad_blocks_custom_css":"","_kad_blocks_head_custom_js":"","_kad_blocks_body_custom_js":"","_kad_blocks_footer_custom_js":"","_kad_post_transparent":"default","_kad_post_title":"","_kad_post_layout":"default","_kad_post_sidebar_id":"","_kad_post_content_style":"default","_kad_post_vertical_padding":"default","_kad_post_feature":"","_kad_post_feature_position":"","_kad_post_header":false,"_kad_post_footer":false,"_kad_post_classname":""},"product_brand":[],"product_cat":[26],"product_tag":[],"class_list":{"0":"post-57123","1":"product","2":"type-product","3":"status-publish","4":"has-post-thumbnail","6":"product_cat-klaasfiiber-materjalid","7":"tm-no-options","9":"first","10":"instock","11":"sale","12":"taxable","13":"shipping-taxable","14":"purchasable","15":"product-type-simple","16":"entry","17":"content-bg","18":"loop-entry"},"yoast_head":"<!-- This site is optimized with the Yoast SEO plugin v27.3 - https:\/\/yoast.com\/product\/yoast-seo-wordpress\/ -->\n<title>V\u00e4rvi- ja lamineerimisrulli k\u00e4epide<\/title>\n<meta name=\"description\" content=\"K\u00e4epide mis sobib lamineerimis ja v\u00e4rvirullide kasutamiseks. Tugeva varrega, hea ja mugav pikaajaliseks t\u00f6\u00f6ks. Korduvaksutatav.\" \/>\n<meta name=\"robots\" content=\"index, follow, max-snippet:-1, max-image-preview:large, max-video-preview:-1\" \/>\n<link rel=\"canonical\" href=\"https:\/\/nordlinepaadid.ee\/et\/pood\/klaasfiiber-materjalid\/varvi-ja-lamineerimisrulli-kaepide\/\" \/>\n<meta property=\"og:locale\" content=\"et_EE\" \/>\n<meta property=\"og:type\" content=\"article\" \/>\n<meta property=\"og:title\" content=\"V\u00e4rvi- ja lamineerimisrulli k\u00e4epide\" \/>\n<meta property=\"og:description\" content=\"K\u00e4epide mis sobib lamineerimis ja v\u00e4rvirullide kasutamiseks. Tugeva varrega, hea ja mugav pikaajaliseks t\u00f6\u00f6ks. Korduvaksutatav.\" \/>\n<meta property=\"og:url\" content=\"https:\/\/nordlinepaadid.ee\/et\/pood\/klaasfiiber-materjalid\/varvi-ja-lamineerimisrulli-kaepide\/\" \/>\n<meta property=\"og:site_name\" content=\"NORDLINE s\u00f5udepaadid ja mootorpaadid. Klaasfiiber materjalist.\" \/>\n<meta property=\"article:publisher\" content=\"https:\/\/www.facebook.com\/nordlineboats\" \/>\n<meta property=\"article:modified_time\" content=\"2026-04-08T03:05:11+00:00\" \/>\n<meta property=\"og:image\" content=\"https:\/\/nordlinepaadid.ee\/wp-content\/uploads\/2026\/03\/lamineerimis-ja-paadiparandus-rulli-kaepide-scaled.jpg\" \/>\n\t<meta property=\"og:image:width\" content=\"2560\" \/>\n\t<meta property=\"og:image:height\" content=\"1441\" \/>\n\t<meta property=\"og:image:type\" content=\"image\/jpeg\" \/>\n<meta name=\"twitter:card\" content=\"summary_large_image\" \/>\n<meta name=\"twitter:label1\" content=\"Est. reading time\" \/>\n\t<meta name=\"twitter:data1\" content=\"1 minut\" \/>\n<script type=\"application\/ld+json\" class=\"yoast-schema-graph\">{\"@context\":\"https:\\\/\\\/schema.org\",\"@graph\":[{\"@type\":\"WebPage\",\"@id\":\"https:\\\/\\\/nordlinepaadid.ee\\\/et\\\/pood\\\/klaasfiiber-materjalid\\\/varvi-ja-lamineerimisrulli-kaepide\\\/\",\"url\":\"https:\\\/\\\/nordlinepaadid.ee\\\/et\\\/pood\\\/klaasfiiber-materjalid\\\/varvi-ja-lamineerimisrulli-kaepide\\\/\",\"name\":\"V\u00e4rvi- ja lamineerimisrulli k\u00e4epide\",\"isPartOf\":{\"@id\":\"https:\\\/\\\/nordlinepaadid.ee\\\/et\\\/#website\"},\"primaryImageOfPage\":{\"@id\":\"https:\\\/\\\/nordlinepaadid.ee\\\/et\\\/pood\\\/klaasfiiber-materjalid\\\/varvi-ja-lamineerimisrulli-kaepide\\\/#primaryimage\"},\"image\":{\"@id\":\"https:\\\/\\\/nordlinepaadid.ee\\\/et\\\/pood\\\/klaasfiiber-materjalid\\\/varvi-ja-lamineerimisrulli-kaepide\\\/#primaryimage\"},\"thumbnailUrl\":\"https:\\\/\\\/nordlinepaadid.ee\\\/wp-content\\\/uploads\\\/2026\\\/03\\\/lamineerimis-ja-paadiparandus-rulli-kaepide-scaled.jpg\",\"datePublished\":\"2026-03-20T12:13:16+00:00\",\"dateModified\":\"2026-04-08T03:05:11+00:00\",\"description\":\"K\u00e4epide mis sobib lamineerimis ja v\u00e4rvirullide kasutamiseks. Tugeva varrega, hea ja mugav pikaajaliseks t\u00f6\u00f6ks. Korduvaksutatav.\",\"breadcrumb\":{\"@id\":\"https:\\\/\\\/nordlinepaadid.ee\\\/et\\\/pood\\\/klaasfiiber-materjalid\\\/varvi-ja-lamineerimisrulli-kaepide\\\/#breadcrumb\"},\"inLanguage\":\"et\",\"potentialAction\":[{\"@type\":\"ReadAction\",\"target\":[\"https:\\\/\\\/nordlinepaadid.ee\\\/et\\\/pood\\\/klaasfiiber-materjalid\\\/varvi-ja-lamineerimisrulli-kaepide\\\/\"]}]},{\"@type\":\"ImageObject\",\"inLanguage\":\"et\",\"@id\":\"https:\\\/\\\/nordlinepaadid.ee\\\/et\\\/pood\\\/klaasfiiber-materjalid\\\/varvi-ja-lamineerimisrulli-kaepide\\\/#primaryimage\",\"url\":\"https:\\\/\\\/nordlinepaadid.ee\\\/wp-content\\\/uploads\\\/2026\\\/03\\\/lamineerimis-ja-paadiparandus-rulli-kaepide-scaled.jpg\",\"contentUrl\":\"https:\\\/\\\/nordlinepaadid.ee\\\/wp-content\\\/uploads\\\/2026\\\/03\\\/lamineerimis-ja-paadiparandus-rulli-kaepide-scaled.jpg\",\"width\":2560,\"height\":1441,\"caption\":\"lamineerimis ja paadiparandus rulli k\u00e4epide\"},{\"@type\":\"BreadcrumbList\",\"@id\":\"https:\\\/\\\/nordlinepaadid.ee\\\/et\\\/pood\\\/klaasfiiber-materjalid\\\/varvi-ja-lamineerimisrulli-kaepide\\\/#breadcrumb\",\"itemListElement\":[{\"@type\":\"ListItem\",\"position\":1,\"name\":\"Home\",\"item\":\"https:\\\/\\\/nordlinepaadid.ee\\\/et\\\/\"},{\"@type\":\"ListItem\",\"position\":2,\"name\":\"Pood\",\"item\":\"https:\\\/\\\/nordlinepaadid.ee\\\/et\\\/pood\\\/\"},{\"@type\":\"ListItem\",\"position\":3,\"name\":\"V\u00e4rvi- ja lamineerimisrulli k\u00e4epide\"}]},{\"@type\":\"WebSite\",\"@id\":\"https:\\\/\\\/nordlinepaadid.ee\\\/et\\\/#website\",\"url\":\"https:\\\/\\\/nordlinepaadid.ee\\\/et\\\/\",\"name\":\"NORDLINE s\u00f5udepaadid ja mootorpaadid. Klaasfiiber materjalist.\",\"description\":\"\",\"publisher\":{\"@id\":\"https:\\\/\\\/nordlinepaadid.ee\\\/et\\\/#organization\"},\"potentialAction\":[{\"@type\":\"SearchAction\",\"target\":{\"@type\":\"EntryPoint\",\"urlTemplate\":\"https:\\\/\\\/nordlinepaadid.ee\\\/et\\\/?s={search_term_string}\"},\"query-input\":{\"@type\":\"PropertyValueSpecification\",\"valueRequired\":true,\"valueName\":\"search_term_string\"}}],\"inLanguage\":\"et\"},{\"@type\":\"Organization\",\"@id\":\"https:\\\/\\\/nordlinepaadid.ee\\\/et\\\/#organization\",\"name\":\"Nordlineboats\",\"url\":\"https:\\\/\\\/nordlinepaadid.ee\\\/et\\\/\",\"logo\":{\"@type\":\"ImageObject\",\"inLanguage\":\"et\",\"@id\":\"https:\\\/\\\/nordlinepaadid.ee\\\/et\\\/#\\\/schema\\\/logo\\\/image\\\/\",\"url\":\"https:\\\/\\\/nordlinepaadid.ee\\\/wp-content\\\/uploads\\\/2023\\\/01\\\/fulllogo_transparent_nobuffer-e1672750475494.png\",\"contentUrl\":\"https:\\\/\\\/nordlinepaadid.ee\\\/wp-content\\\/uploads\\\/2023\\\/01\\\/fulllogo_transparent_nobuffer-e1672750475494.png\",\"width\":150,\"height\":119,\"caption\":\"Nordlineboats\"},\"image\":{\"@id\":\"https:\\\/\\\/nordlinepaadid.ee\\\/et\\\/#\\\/schema\\\/logo\\\/image\\\/\"},\"sameAs\":[\"https:\\\/\\\/www.facebook.com\\\/nordlineboats\",\"https:\\\/\\\/www.youtube.com\\\/channel\\\/UCbgF0fy02y3QkFnujaLTaCA\"]}]}<\/script>\n<!-- \/ Yoast SEO plugin. -->","yoast_head_json":{"title":"V\u00e4rvi- ja lamineerimisrulli k\u00e4epide","description":"K\u00e4epide mis sobib lamineerimis ja v\u00e4rvirullide kasutamiseks. Tugeva varrega, hea ja mugav pikaajaliseks t\u00f6\u00f6ks. Korduvaksutatav.","robots":{"index":"index","follow":"follow","max-snippet":"max-snippet:-1","max-image-preview":"max-image-preview:large","max-video-preview":"max-video-preview:-1"},"canonical":"https:\/\/nordlinepaadid.ee\/et\/pood\/klaasfiiber-materjalid\/varvi-ja-lamineerimisrulli-kaepide\/","og_locale":"et_EE","og_type":"article","og_title":"V\u00e4rvi- ja lamineerimisrulli k\u00e4epide","og_description":"K\u00e4epide mis sobib lamineerimis ja v\u00e4rvirullide kasutamiseks. Tugeva varrega, hea ja mugav pikaajaliseks t\u00f6\u00f6ks. Korduvaksutatav.","og_url":"https:\/\/nordlinepaadid.ee\/et\/pood\/klaasfiiber-materjalid\/varvi-ja-lamineerimisrulli-kaepide\/","og_site_name":"NORDLINE s\u00f5udepaadid ja mootorpaadid. Klaasfiiber materjalist.","article_publisher":"https:\/\/www.facebook.com\/nordlineboats","article_modified_time":"2026-04-08T03:05:11+00:00","og_image":[{"width":2560,"height":1441,"url":"https:\/\/nordlinepaadid.ee\/wp-content\/uploads\/2026\/03\/lamineerimis-ja-paadiparandus-rulli-kaepide-scaled.jpg","type":"image\/jpeg"}],"twitter_card":"summary_large_image","twitter_misc":{"Est. reading time":"1 minut"},"schema":{"@context":"https:\/\/schema.org","@graph":[{"@type":"WebPage","@id":"https:\/\/nordlinepaadid.ee\/et\/pood\/klaasfiiber-materjalid\/varvi-ja-lamineerimisrulli-kaepide\/","url":"https:\/\/nordlinepaadid.ee\/et\/pood\/klaasfiiber-materjalid\/varvi-ja-lamineerimisrulli-kaepide\/","name":"V\u00e4rvi- ja lamineerimisrulli k\u00e4epide","isPartOf":{"@id":"https:\/\/nordlinepaadid.ee\/et\/#website"},"primaryImageOfPage":{"@id":"https:\/\/nordlinepaadid.ee\/et\/pood\/klaasfiiber-materjalid\/varvi-ja-lamineerimisrulli-kaepide\/#primaryimage"},"image":{"@id":"https:\/\/nordlinepaadid.ee\/et\/pood\/klaasfiiber-materjalid\/varvi-ja-lamineerimisrulli-kaepide\/#primaryimage"},"thumbnailUrl":"https:\/\/nordlinepaadid.ee\/wp-content\/uploads\/2026\/03\/lamineerimis-ja-paadiparandus-rulli-kaepide-scaled.jpg","datePublished":"2026-03-20T12:13:16+00:00","dateModified":"2026-04-08T03:05:11+00:00","description":"K\u00e4epide mis sobib lamineerimis ja v\u00e4rvirullide kasutamiseks. Tugeva varrega, hea ja mugav pikaajaliseks t\u00f6\u00f6ks. Korduvaksutatav.","breadcrumb":{"@id":"https:\/\/nordlinepaadid.ee\/et\/pood\/klaasfiiber-materjalid\/varvi-ja-lamineerimisrulli-kaepide\/#breadcrumb"},"inLanguage":"et","potentialAction":[{"@type":"ReadAction","target":["https:\/\/nordlinepaadid.ee\/et\/pood\/klaasfiiber-materjalid\/varvi-ja-lamineerimisrulli-kaepide\/"]}]},{"@type":"ImageObject","inLanguage":"et","@id":"https:\/\/nordlinepaadid.ee\/et\/pood\/klaasfiiber-materjalid\/varvi-ja-lamineerimisrulli-kaepide\/#primaryimage","url":"https:\/\/nordlinepaadid.ee\/wp-content\/uploads\/2026\/03\/lamineerimis-ja-paadiparandus-rulli-kaepide-scaled.jpg","contentUrl":"https:\/\/nordlinepaadid.ee\/wp-content\/uploads\/2026\/03\/lamineerimis-ja-paadiparandus-rulli-kaepide-scaled.jpg","width":2560,"height":1441,"caption":"lamineerimis ja paadiparandus rulli k\u00e4epide"},{"@type":"BreadcrumbList","@id":"https:\/\/nordlinepaadid.ee\/et\/pood\/klaasfiiber-materjalid\/varvi-ja-lamineerimisrulli-kaepide\/#breadcrumb","itemListElement":[{"@type":"ListItem","position":1,"name":"Home","item":"https:\/\/nordlinepaadid.ee\/et\/"},{"@type":"ListItem","position":2,"name":"Pood","item":"https:\/\/nordlinepaadid.ee\/et\/pood\/"},{"@type":"ListItem","position":3,"name":"V\u00e4rvi- ja lamineerimisrulli k\u00e4epide"}]},{"@type":"WebSite","@id":"https:\/\/nordlinepaadid.ee\/et\/#website","url":"https:\/\/nordlinepaadid.ee\/et\/","name":"NORDLINE s\u00f5udepaadid ja mootorpaadid. Klaasfiiber materjalist.","description":"","publisher":{"@id":"https:\/\/nordlinepaadid.ee\/et\/#organization"},"potentialAction":[{"@type":"SearchAction","target":{"@type":"EntryPoint","urlTemplate":"https:\/\/nordlinepaadid.ee\/et\/?s={search_term_string}"},"query-input":{"@type":"PropertyValueSpecification","valueRequired":true,"valueName":"search_term_string"}}],"inLanguage":"et"},{"@type":"Organization","@id":"https:\/\/nordlinepaadid.ee\/et\/#organization","name":"Nordlineboats","url":"https:\/\/nordlinepaadid.ee\/et\/","logo":{"@type":"ImageObject","inLanguage":"et","@id":"https:\/\/nordlinepaadid.ee\/et\/#\/schema\/logo\/image\/","url":"https:\/\/nordlinepaadid.ee\/wp-content\/uploads\/2023\/01\/fulllogo_transparent_nobuffer-e1672750475494.png","contentUrl":"https:\/\/nordlinepaadid.ee\/wp-content\/uploads\/2023\/01\/fulllogo_transparent_nobuffer-e1672750475494.png","width":150,"height":119,"caption":"Nordlineboats"},"image":{"@id":"https:\/\/nordlinepaadid.ee\/et\/#\/schema\/logo\/image\/"},"sameAs":["https:\/\/www.facebook.com\/nordlineboats","https:\/\/www.youtube.com\/channel\/UCbgF0fy02y3QkFnujaLTaCA"]}]}},"taxonomy_info":{"product_cat":[{"value":26,"label":"KLAASFIIBER MATERJALID"}]},"featured_image_src_large":["https:\/\/nordlinepaadid.ee\/wp-content\/uploads\/2026\/03\/lamineerimis-ja-paadiparandus-rulli-kaepide-1024x577.jpg",1024,577,true],"author_info":[],"comment_info":"","_links":{"self":[{"href":"https:\/\/nordlinepaadid.ee\/et\/wp-json\/wp\/v2\/product\/57123","targetHints":{"allow":["GET"]}}],"collection":[{"href":"https:\/\/nordlinepaadid.ee\/et\/wp-json\/wp\/v2\/product"}],"about":[{"href":"https:\/\/nordlinepaadid.ee\/et\/wp-json\/wp\/v2\/types\/product"}],"wp:featuredmedia":[{"embeddable":true,"href":"https:\/\/nordlinepaadid.ee\/et\/wp-json\/wp\/v2\/media\/57124"}],"wp:attachment":[{"href":"https:\/\/nordlinepaadid.ee\/et\/wp-json\/wp\/v2\/media?parent=57123"}],"wp:term":[{"taxonomy":"product_brand","embeddable":true,"href":"https:\/\/nordlinepaadid.ee\/et\/wp-json\/wp\/v2\/product_brand?post=57123"},{"taxonomy":"product_cat","embeddable":true,"href":"https:\/\/nordlinepaadid.ee\/et\/wp-json\/wp\/v2\/product_cat?post=57123"},{"taxonomy":"product_tag","embeddable":true,"href":"https:\/\/nordlinepaadid.ee\/et\/wp-json\/wp\/v2\/product_tag?post=57123"}],"curies":[{"name":"wp","href":"https:\/\/api.w.org\/{rel}","templated":true}]}}