{"id":57144,"date":"2026-03-20T15:29:44","date_gmt":"2026-03-20T13:29:44","guid":{"rendered":"https:\/\/nordlinepaadid.ee\/?post_type=product&#038;p=57144"},"modified":"2026-03-20T15:36:47","modified_gmt":"2026-03-20T13:36:47","slug":"klaasfiiber-rooving","status":"publish","type":"product","link":"https:\/\/nordlinepaadid.ee\/et\/pood\/klaasfiiber-materjalid\/klaasfiiber-rooving\/","title":{"rendered":"Rooving 600"},"content":{"rendered":"<h1 data-start=\"0\" data-end=\"56\"><strong data-start=\"0\" data-end=\"56\">Klaasfiiber rooving (riie) lamineerimiseks<\/strong><\/h1>\n<p data-start=\"58\" data-end=\"335\">Klaasfiiber rooving on tugev klaaskiududest koosnev punutud materjal, mida kasutatakse komposiitdetailide tugevdamiseks ja lamineerimiseks. Sobib eriti h\u00e4sti kohtadesse, kus on vaja suurt mehaanilist tugevust ja vastupidavust \u2013 n\u00e4iteks paadikered, konstruktsioonid ja parandust\u00f6\u00f6d.<\/p>\n<hr data-start=\"337\" data-end=\"340\" \/>\n<h3 data-section-id=\"1nwpgzv\" data-start=\"342\" data-end=\"365\"><span role=\"text\"><strong data-start=\"346\" data-end=\"365\">Mis on rooving?<\/strong><\/span><\/h3>\n<p data-start=\"366\" data-end=\"536\">Rooving koosneb pikkadest, sirgetest klaaskiududest, mis on koondatud lindiks v\u00f5i n\u00f6\u00f6riks. Erinevalt klaasmatist annab rooving <strong data-start=\"493\" data-end=\"535\">oluliselt suurema tugevuse.\u00a0<\/strong><\/p>\n<hr data-start=\"538\" data-end=\"541\" \/>\n<h3 data-section-id=\"1sm5jh8\" data-start=\"543\" data-end=\"560\"><span role=\"text\"><strong data-start=\"547\" data-end=\"560\">Omadused:<\/strong><\/span><\/h3>\n<ul data-start=\"561\" data-end=\"762\">\n<li data-section-id=\"1pj26ne\" data-start=\"561\" data-end=\"588\">\n<p data-start=\"563\" data-end=\"588\">V\u00e4ga k\u00f5rge t\u00f5mbetugevus<\/p>\n<\/li>\n<li data-section-id=\"1aggszs\" data-start=\"589\" data-end=\"634\">\n<p data-start=\"591\" data-end=\"634\">Suurep\u00e4rane tugevus kriitilistes kohtades<\/p>\n<\/li>\n<li data-section-id=\"41vr95\" data-start=\"635\" data-end=\"682\">\n<p data-start=\"637\" data-end=\"682\">Hea immutuvus pol\u00fcester- ja epoksiidvaiguga<\/p>\n<\/li>\n<li data-section-id=\"1mv9hmr\" data-start=\"683\" data-end=\"719\">\n<p data-start=\"685\" data-end=\"719\">Sobib kihiliseks lamineerimiseks<\/p>\n<\/li>\n<li data-section-id=\"1b17p5o\" data-start=\"720\" data-end=\"762\">\n<p data-start=\"722\" data-end=\"762\">Vastupidav niiskusele ja kemikaalidele<\/p>\n<\/li>\n<\/ul>\n<hr data-start=\"764\" data-end=\"767\" \/>\n<h3 data-section-id=\"1pw0gcz\" data-start=\"769\" data-end=\"793\"><span role=\"text\"><strong data-start=\"773\" data-end=\"793\">Kasutusvaldkond:<\/strong><\/span><\/h3>\n<ul data-start=\"794\" data-end=\"973\">\n<li data-section-id=\"xhywzv\" data-start=\"794\" data-end=\"831\">\n<p data-start=\"796\" data-end=\"831\">Paadikerede ja tekide tugevdamine<\/p>\n<\/li>\n<li data-section-id=\"15xkgnb\" data-start=\"832\" data-end=\"866\">\n<p data-start=\"834\" data-end=\"866\">Nurgad, servad ja \u00fchenduskohad<\/p>\n<\/li>\n<li data-section-id=\"101jc4g\" data-start=\"867\" data-end=\"905\">\n<p data-start=\"869\" data-end=\"905\">Klaasfiiber detailide valmistamine<\/p>\n<\/li>\n<li data-section-id=\"1q00pm1\" data-start=\"906\" data-end=\"943\">\n<p data-start=\"908\" data-end=\"943\">Konstruktsioonide lisatugevdamine<\/p>\n<\/li>\n<li data-section-id=\"1wjc7gt\" data-start=\"944\" data-end=\"973\">\n<p data-start=\"946\" data-end=\"973\">Remondi- ja taastamist\u00f6\u00f6d<\/p>\n<\/li>\n<\/ul>\n<hr data-start=\"975\" data-end=\"978\" \/>\n<h3 data-section-id=\"1l21yv5\" data-start=\"980\" data-end=\"1004\"><span role=\"text\"><strong data-start=\"984\" data-end=\"1004\">Kuidas kasutada:<\/strong><\/span><\/h3>\n<ol data-start=\"1005\" data-end=\"1420\">\n<li data-section-id=\"6zb2fk\" data-start=\"1005\" data-end=\"1070\">\n<p data-start=\"1008\" data-end=\"1070\"><strong data-start=\"1008\" data-end=\"1032\">Pinna ettevalmistus:<\/strong> pind puhas, karestatud ja rasvavaba<\/p>\n<\/li>\n<li data-section-id=\"jeqjps\" data-start=\"1071\" data-end=\"1145\">\n<p data-start=\"1074\" data-end=\"1145\"><strong data-start=\"1074\" data-end=\"1098\">Vaigu pealekandmine:<\/strong> kanna vaiku pinnale (pol\u00fcester v\u00f5i epoksiid)<\/p>\n<\/li>\n<li data-section-id=\"y2udl9\" data-start=\"1146\" data-end=\"1204\">\n<p data-start=\"1149\" data-end=\"1204\"><strong data-start=\"1149\" data-end=\"1172\">Roovingu paigaldus:<\/strong> aseta rooving m\u00e4rjale pinnale<\/p>\n<\/li>\n<li data-section-id=\"1ylgw9l\" data-start=\"1205\" data-end=\"1277\">\n<p data-start=\"1208\" data-end=\"1277\"><strong data-start=\"1208\" data-end=\"1223\">Immutamine:<\/strong> kata rooving vaiguga kuni t\u00e4ieliku l\u00e4biniiskumiseni<\/p>\n<\/li>\n<li data-section-id=\"1h966oe\" data-start=\"1278\" data-end=\"1347\">\n<p data-start=\"1281\" data-end=\"1347\"><strong data-start=\"1281\" data-end=\"1295\">Rullimine:<\/strong> kasuta lamineerimisrulli \u00f5humullide eemaldamiseks<\/p>\n<\/li>\n<li data-section-id=\"8gun8j\" data-start=\"1348\" data-end=\"1420\">\n<p data-start=\"1351\" data-end=\"1420\"><strong data-start=\"1351\" data-end=\"1361\">Kihid:<\/strong> vajadusel lisa mitu kihti suurema tugevuse saavutamiseks<\/p>\n<\/li>\n<\/ol>\n<p>NB! Roovingut kasutatakse tavaliselt klaasfibermattide vahele lamineerides.<\/p>\n<hr data-start=\"1422\" data-end=\"1425\" \/>\n<h3 data-section-id=\"eg9905\" data-start=\"1427\" data-end=\"1451\"><span role=\"text\"><strong data-start=\"1431\" data-end=\"1451\">Kasulikud nipid:<\/strong><\/span><\/h3>\n<ul data-start=\"1452\" data-end=\"1817\">\n<li data-section-id=\"1aej92u\" data-start=\"1452\" data-end=\"1534\">\n<p data-start=\"1454\" data-end=\"1534\">Kasuta roovingut <strong data-start=\"1471\" data-end=\"1491\">koos klaasmatiga<\/strong>, et saada nii tugevus kui ka hea sidusus<\/p>\n<\/li>\n<li data-section-id=\"1ek5kaj\" data-start=\"1535\" data-end=\"1618\">\n<p data-start=\"1537\" data-end=\"1618\">Paigalda kiud <strong data-start=\"1551\" data-end=\"1585\">\u00f5iges suunas (koormuse suunas)<\/strong> \u2013 see on kriitilise t\u00e4htsusega<\/p>\n<\/li>\n<li data-section-id=\"g1gk9c\" data-start=\"1619\" data-end=\"1690\">\n<p data-start=\"1621\" data-end=\"1690\">V\u00e4ldi kuivi kohti \u2013 rooving peab olema t\u00e4ielikult vaiguga immutatud<\/p>\n<\/li>\n<li data-section-id=\"1szttot\" data-start=\"1691\" data-end=\"1750\">\n<p data-start=\"1693\" data-end=\"1750\">Kasuta metallirulli, et eemaldada \u00f5humullid ja parandada naket<\/p>\n<\/li>\n<li data-section-id=\"10az4cw\" data-start=\"1751\" data-end=\"1817\">\n<p data-start=\"1753\" data-end=\"1817\">L\u00f5ika materjal ette valmis \u2013 t\u00f6\u00f6 muutub kiiremaks ja puhtamaks<\/p>\n<\/li>\n<\/ul>\n","protected":false},"excerpt":{"rendered":"<p>Laius 1 meeter<br \/>\nPikkus vastavalt tellimusele<\/p>\n","protected":false},"featured_media":57146,"template":"","meta":{"_kad_blocks_custom_css":"","_kad_blocks_head_custom_js":"","_kad_blocks_body_custom_js":"","_kad_blocks_footer_custom_js":"","_kad_post_transparent":"default","_kad_post_title":"","_kad_post_layout":"default","_kad_post_sidebar_id":"","_kad_post_content_style":"default","_kad_post_vertical_padding":"default","_kad_post_feature":"","_kad_post_feature_position":"","_kad_post_header":false,"_kad_post_footer":false,"_kad_post_classname":""},"product_brand":[],"product_cat":[26],"product_tag":[],"class_list":{"0":"post-57144","1":"product","2":"type-product","3":"status-publish","4":"has-post-thumbnail","6":"product_cat-klaasfiiber-materjalid","7":"product_shipping_class-pakiautomaati-mahtuv-kaup","8":"tm-no-options","10":"first","11":"instock","12":"taxable","13":"shipping-taxable","14":"purchasable","15":"product-type-simple","16":"entry","17":"content-bg","18":"loop-entry"},"yoast_head":"<!-- This site is optimized with the Yoast SEO plugin v27.3 - https:\/\/yoast.com\/product\/yoast-seo-wordpress\/ -->\n<title>KLAASFIIBER ROOVING<\/title>\n<meta name=\"description\" content=\"Klaasfiiber rooving ehk riie on kasutusel tulevamate kohtade valmistamisel. Enamasti t\u00f6\u00f6stuses. Kodukasutuses parandust\u00f6\u00f6del v\u00f5i uute toodete valmistamisel.\" \/>\n<meta name=\"robots\" content=\"index, follow, max-snippet:-1, max-image-preview:large, max-video-preview:-1\" \/>\n<link rel=\"canonical\" href=\"https:\/\/nordlinepaadid.ee\/et\/pood\/klaasfiiber-materjalid\/klaasfiiber-rooving\/\" \/>\n<meta property=\"og:locale\" content=\"et_EE\" \/>\n<meta property=\"og:type\" content=\"article\" \/>\n<meta property=\"og:title\" content=\"KLAASFIIBER ROOVING\" \/>\n<meta property=\"og:description\" content=\"Klaasfiiber rooving ehk riie on kasutusel tulevamate kohtade valmistamisel. Enamasti t\u00f6\u00f6stuses. Kodukasutuses parandust\u00f6\u00f6del v\u00f5i uute toodete valmistamisel.\" \/>\n<meta property=\"og:url\" content=\"https:\/\/nordlinepaadid.ee\/et\/pood\/klaasfiiber-materjalid\/klaasfiiber-rooving\/\" \/>\n<meta property=\"og:site_name\" content=\"NORDLINE s\u00f5udepaadid ja mootorpaadid. Klaasfiiber materjalist.\" \/>\n<meta property=\"article:publisher\" content=\"https:\/\/www.facebook.com\/nordlineboats\" \/>\n<meta property=\"article:modified_time\" content=\"2026-03-20T13:36:47+00:00\" \/>\n<meta property=\"og:image\" content=\"https:\/\/nordlinepaadid.ee\/wp-content\/uploads\/2026\/03\/Klaasfiiber-riie-ehk-rooving.jpg\" \/>\n\t<meta property=\"og:image:width\" content=\"500\" \/>\n\t<meta property=\"og:image:height\" content=\"500\" \/>\n\t<meta property=\"og:image:type\" content=\"image\/jpeg\" \/>\n<meta name=\"twitter:card\" content=\"summary_large_image\" \/>\n<meta name=\"twitter:label1\" content=\"Est. reading time\" \/>\n\t<meta name=\"twitter:data1\" content=\"2 minutit\" \/>\n<script type=\"application\/ld+json\" class=\"yoast-schema-graph\">{\"@context\":\"https:\\\/\\\/schema.org\",\"@graph\":[{\"@type\":\"WebPage\",\"@id\":\"https:\\\/\\\/nordlinepaadid.ee\\\/et\\\/pood\\\/klaasfiiber-materjalid\\\/klaasfiiber-rooving\\\/\",\"url\":\"https:\\\/\\\/nordlinepaadid.ee\\\/et\\\/pood\\\/klaasfiiber-materjalid\\\/klaasfiiber-rooving\\\/\",\"name\":\"KLAASFIIBER ROOVING\",\"isPartOf\":{\"@id\":\"https:\\\/\\\/nordlinepaadid.ee\\\/et\\\/#website\"},\"primaryImageOfPage\":{\"@id\":\"https:\\\/\\\/nordlinepaadid.ee\\\/et\\\/pood\\\/klaasfiiber-materjalid\\\/klaasfiiber-rooving\\\/#primaryimage\"},\"image\":{\"@id\":\"https:\\\/\\\/nordlinepaadid.ee\\\/et\\\/pood\\\/klaasfiiber-materjalid\\\/klaasfiiber-rooving\\\/#primaryimage\"},\"thumbnailUrl\":\"https:\\\/\\\/nordlinepaadid.ee\\\/wp-content\\\/uploads\\\/2026\\\/03\\\/Klaasfiiber-riie-ehk-rooving.jpg\",\"datePublished\":\"2026-03-20T13:29:44+00:00\",\"dateModified\":\"2026-03-20T13:36:47+00:00\",\"description\":\"Klaasfiiber rooving ehk riie on kasutusel tulevamate kohtade valmistamisel. Enamasti t\u00f6\u00f6stuses. Kodukasutuses parandust\u00f6\u00f6del v\u00f5i uute toodete valmistamisel.\",\"breadcrumb\":{\"@id\":\"https:\\\/\\\/nordlinepaadid.ee\\\/et\\\/pood\\\/klaasfiiber-materjalid\\\/klaasfiiber-rooving\\\/#breadcrumb\"},\"inLanguage\":\"et\",\"potentialAction\":[{\"@type\":\"ReadAction\",\"target\":[\"https:\\\/\\\/nordlinepaadid.ee\\\/et\\\/pood\\\/klaasfiiber-materjalid\\\/klaasfiiber-rooving\\\/\"]}]},{\"@type\":\"ImageObject\",\"inLanguage\":\"et\",\"@id\":\"https:\\\/\\\/nordlinepaadid.ee\\\/et\\\/pood\\\/klaasfiiber-materjalid\\\/klaasfiiber-rooving\\\/#primaryimage\",\"url\":\"https:\\\/\\\/nordlinepaadid.ee\\\/wp-content\\\/uploads\\\/2026\\\/03\\\/Klaasfiiber-riie-ehk-rooving.jpg\",\"contentUrl\":\"https:\\\/\\\/nordlinepaadid.ee\\\/wp-content\\\/uploads\\\/2026\\\/03\\\/Klaasfiiber-riie-ehk-rooving.jpg\",\"width\":500,\"height\":500,\"caption\":\"Klaasfiiber riie ehk rooving\"},{\"@type\":\"BreadcrumbList\",\"@id\":\"https:\\\/\\\/nordlinepaadid.ee\\\/et\\\/pood\\\/klaasfiiber-materjalid\\\/klaasfiiber-rooving\\\/#breadcrumb\",\"itemListElement\":[{\"@type\":\"ListItem\",\"position\":1,\"name\":\"Home\",\"item\":\"https:\\\/\\\/nordlinepaadid.ee\\\/et\\\/\"},{\"@type\":\"ListItem\",\"position\":2,\"name\":\"Pood\",\"item\":\"https:\\\/\\\/nordlinepaadid.ee\\\/et\\\/pood\\\/\"},{\"@type\":\"ListItem\",\"position\":3,\"name\":\"Rooving 600\"}]},{\"@type\":\"WebSite\",\"@id\":\"https:\\\/\\\/nordlinepaadid.ee\\\/et\\\/#website\",\"url\":\"https:\\\/\\\/nordlinepaadid.ee\\\/et\\\/\",\"name\":\"NORDLINE s\u00f5udepaadid ja mootorpaadid. Klaasfiiber materjalist.\",\"description\":\"\",\"publisher\":{\"@id\":\"https:\\\/\\\/nordlinepaadid.ee\\\/et\\\/#organization\"},\"potentialAction\":[{\"@type\":\"SearchAction\",\"target\":{\"@type\":\"EntryPoint\",\"urlTemplate\":\"https:\\\/\\\/nordlinepaadid.ee\\\/et\\\/?s={search_term_string}\"},\"query-input\":{\"@type\":\"PropertyValueSpecification\",\"valueRequired\":true,\"valueName\":\"search_term_string\"}}],\"inLanguage\":\"et\"},{\"@type\":\"Organization\",\"@id\":\"https:\\\/\\\/nordlinepaadid.ee\\\/et\\\/#organization\",\"name\":\"Nordlineboats\",\"url\":\"https:\\\/\\\/nordlinepaadid.ee\\\/et\\\/\",\"logo\":{\"@type\":\"ImageObject\",\"inLanguage\":\"et\",\"@id\":\"https:\\\/\\\/nordlinepaadid.ee\\\/et\\\/#\\\/schema\\\/logo\\\/image\\\/\",\"url\":\"https:\\\/\\\/nordlinepaadid.ee\\\/wp-content\\\/uploads\\\/2023\\\/01\\\/fulllogo_transparent_nobuffer-e1672750475494.png\",\"contentUrl\":\"https:\\\/\\\/nordlinepaadid.ee\\\/wp-content\\\/uploads\\\/2023\\\/01\\\/fulllogo_transparent_nobuffer-e1672750475494.png\",\"width\":150,\"height\":119,\"caption\":\"Nordlineboats\"},\"image\":{\"@id\":\"https:\\\/\\\/nordlinepaadid.ee\\\/et\\\/#\\\/schema\\\/logo\\\/image\\\/\"},\"sameAs\":[\"https:\\\/\\\/www.facebook.com\\\/nordlineboats\",\"https:\\\/\\\/www.youtube.com\\\/channel\\\/UCbgF0fy02y3QkFnujaLTaCA\"]}]}<\/script>\n<!-- \/ Yoast SEO plugin. -->","yoast_head_json":{"title":"KLAASFIIBER ROOVING","description":"Klaasfiiber rooving ehk riie on kasutusel tulevamate kohtade valmistamisel. Enamasti t\u00f6\u00f6stuses. Kodukasutuses parandust\u00f6\u00f6del v\u00f5i uute toodete valmistamisel.","robots":{"index":"index","follow":"follow","max-snippet":"max-snippet:-1","max-image-preview":"max-image-preview:large","max-video-preview":"max-video-preview:-1"},"canonical":"https:\/\/nordlinepaadid.ee\/et\/pood\/klaasfiiber-materjalid\/klaasfiiber-rooving\/","og_locale":"et_EE","og_type":"article","og_title":"KLAASFIIBER ROOVING","og_description":"Klaasfiiber rooving ehk riie on kasutusel tulevamate kohtade valmistamisel. Enamasti t\u00f6\u00f6stuses. Kodukasutuses parandust\u00f6\u00f6del v\u00f5i uute toodete valmistamisel.","og_url":"https:\/\/nordlinepaadid.ee\/et\/pood\/klaasfiiber-materjalid\/klaasfiiber-rooving\/","og_site_name":"NORDLINE s\u00f5udepaadid ja mootorpaadid. Klaasfiiber materjalist.","article_publisher":"https:\/\/www.facebook.com\/nordlineboats","article_modified_time":"2026-03-20T13:36:47+00:00","og_image":[{"width":500,"height":500,"url":"https:\/\/nordlinepaadid.ee\/wp-content\/uploads\/2026\/03\/Klaasfiiber-riie-ehk-rooving.jpg","type":"image\/jpeg"}],"twitter_card":"summary_large_image","twitter_misc":{"Est. reading time":"2 minutit"},"schema":{"@context":"https:\/\/schema.org","@graph":[{"@type":"WebPage","@id":"https:\/\/nordlinepaadid.ee\/et\/pood\/klaasfiiber-materjalid\/klaasfiiber-rooving\/","url":"https:\/\/nordlinepaadid.ee\/et\/pood\/klaasfiiber-materjalid\/klaasfiiber-rooving\/","name":"KLAASFIIBER ROOVING","isPartOf":{"@id":"https:\/\/nordlinepaadid.ee\/et\/#website"},"primaryImageOfPage":{"@id":"https:\/\/nordlinepaadid.ee\/et\/pood\/klaasfiiber-materjalid\/klaasfiiber-rooving\/#primaryimage"},"image":{"@id":"https:\/\/nordlinepaadid.ee\/et\/pood\/klaasfiiber-materjalid\/klaasfiiber-rooving\/#primaryimage"},"thumbnailUrl":"https:\/\/nordlinepaadid.ee\/wp-content\/uploads\/2026\/03\/Klaasfiiber-riie-ehk-rooving.jpg","datePublished":"2026-03-20T13:29:44+00:00","dateModified":"2026-03-20T13:36:47+00:00","description":"Klaasfiiber rooving ehk riie on kasutusel tulevamate kohtade valmistamisel. Enamasti t\u00f6\u00f6stuses. Kodukasutuses parandust\u00f6\u00f6del v\u00f5i uute toodete valmistamisel.","breadcrumb":{"@id":"https:\/\/nordlinepaadid.ee\/et\/pood\/klaasfiiber-materjalid\/klaasfiiber-rooving\/#breadcrumb"},"inLanguage":"et","potentialAction":[{"@type":"ReadAction","target":["https:\/\/nordlinepaadid.ee\/et\/pood\/klaasfiiber-materjalid\/klaasfiiber-rooving\/"]}]},{"@type":"ImageObject","inLanguage":"et","@id":"https:\/\/nordlinepaadid.ee\/et\/pood\/klaasfiiber-materjalid\/klaasfiiber-rooving\/#primaryimage","url":"https:\/\/nordlinepaadid.ee\/wp-content\/uploads\/2026\/03\/Klaasfiiber-riie-ehk-rooving.jpg","contentUrl":"https:\/\/nordlinepaadid.ee\/wp-content\/uploads\/2026\/03\/Klaasfiiber-riie-ehk-rooving.jpg","width":500,"height":500,"caption":"Klaasfiiber riie ehk rooving"},{"@type":"BreadcrumbList","@id":"https:\/\/nordlinepaadid.ee\/et\/pood\/klaasfiiber-materjalid\/klaasfiiber-rooving\/#breadcrumb","itemListElement":[{"@type":"ListItem","position":1,"name":"Home","item":"https:\/\/nordlinepaadid.ee\/et\/"},{"@type":"ListItem","position":2,"name":"Pood","item":"https:\/\/nordlinepaadid.ee\/et\/pood\/"},{"@type":"ListItem","position":3,"name":"Rooving 600"}]},{"@type":"WebSite","@id":"https:\/\/nordlinepaadid.ee\/et\/#website","url":"https:\/\/nordlinepaadid.ee\/et\/","name":"NORDLINE s\u00f5udepaadid ja mootorpaadid. Klaasfiiber materjalist.","description":"","publisher":{"@id":"https:\/\/nordlinepaadid.ee\/et\/#organization"},"potentialAction":[{"@type":"SearchAction","target":{"@type":"EntryPoint","urlTemplate":"https:\/\/nordlinepaadid.ee\/et\/?s={search_term_string}"},"query-input":{"@type":"PropertyValueSpecification","valueRequired":true,"valueName":"search_term_string"}}],"inLanguage":"et"},{"@type":"Organization","@id":"https:\/\/nordlinepaadid.ee\/et\/#organization","name":"Nordlineboats","url":"https:\/\/nordlinepaadid.ee\/et\/","logo":{"@type":"ImageObject","inLanguage":"et","@id":"https:\/\/nordlinepaadid.ee\/et\/#\/schema\/logo\/image\/","url":"https:\/\/nordlinepaadid.ee\/wp-content\/uploads\/2023\/01\/fulllogo_transparent_nobuffer-e1672750475494.png","contentUrl":"https:\/\/nordlinepaadid.ee\/wp-content\/uploads\/2023\/01\/fulllogo_transparent_nobuffer-e1672750475494.png","width":150,"height":119,"caption":"Nordlineboats"},"image":{"@id":"https:\/\/nordlinepaadid.ee\/et\/#\/schema\/logo\/image\/"},"sameAs":["https:\/\/www.facebook.com\/nordlineboats","https:\/\/www.youtube.com\/channel\/UCbgF0fy02y3QkFnujaLTaCA"]}]}},"taxonomy_info":{"product_cat":[{"value":26,"label":"KLAASFIIBER MATERJALID"}]},"featured_image_src_large":["https:\/\/nordlinepaadid.ee\/wp-content\/uploads\/2026\/03\/Klaasfiiber-riie-ehk-rooving.jpg",500,500,false],"author_info":[],"comment_info":"","_links":{"self":[{"href":"https:\/\/nordlinepaadid.ee\/et\/wp-json\/wp\/v2\/product\/57144","targetHints":{"allow":["GET"]}}],"collection":[{"href":"https:\/\/nordlinepaadid.ee\/et\/wp-json\/wp\/v2\/product"}],"about":[{"href":"https:\/\/nordlinepaadid.ee\/et\/wp-json\/wp\/v2\/types\/product"}],"wp:featuredmedia":[{"embeddable":true,"href":"https:\/\/nordlinepaadid.ee\/et\/wp-json\/wp\/v2\/media\/57146"}],"wp:attachment":[{"href":"https:\/\/nordlinepaadid.ee\/et\/wp-json\/wp\/v2\/media?parent=57144"}],"wp:term":[{"taxonomy":"product_brand","embeddable":true,"href":"https:\/\/nordlinepaadid.ee\/et\/wp-json\/wp\/v2\/product_brand?post=57144"},{"taxonomy":"product_cat","embeddable":true,"href":"https:\/\/nordlinepaadid.ee\/et\/wp-json\/wp\/v2\/product_cat?post=57144"},{"taxonomy":"product_tag","embeddable":true,"href":"https:\/\/nordlinepaadid.ee\/et\/wp-json\/wp\/v2\/product_tag?post=57144"}],"curies":[{"name":"wp","href":"https:\/\/api.w.org\/{rel}","templated":true}]}}