{"id":57187,"date":"2026-04-07T03:31:46","date_gmt":"2026-04-07T00:31:46","guid":{"rendered":"https:\/\/nordlinepaadid.ee\/pood\/maaratlemata\/kinnitusots-aasaga-qvarken-must-14-mm-6-m\/"},"modified":"2026-04-07T03:31:46","modified_gmt":"2026-04-07T00:31:46","slug":"kinnitusots-aasaga-qvarken-must-14-mm-6-m","status":"publish","type":"product","link":"https:\/\/nordlinepaadid.ee\/et\/pood\/ropes-fenders-buoys\/polyester-and-nylon-ropes-mooring-lines\/kinnitusots-aasaga-qvarken-must-14-mm-6-m\/","title":{"rendered":"KINNITUSOTS AASAGA, QVARKEN, MUST, 14 mm, 6 m"},"content":{"rendered":"<p>Qvarken Classic on klassikaline kolmeharuline pol\u00fcestrist valmistatud kinnitusots. Vastupidav ja mugav k\u00e4sitleda, mille on ots aasaga ning on uppuv.<\/p>\n<p>&#13;<br \/>\n&#13;<\/p>\n<p>&nbsp;<\/p>\n<p>&#13;<br \/>\n&#13;<\/p>\n<p>Purumistugevus:<\/p>\n<p>&#13;<br \/>\n&#13;<\/p>\n<p>10 mm &#8211; 1400 kg<\/p>\n<p>&#13;<br \/>\n&#13;<\/p>\n<p>12 mm &#8211; 2000 kg<\/p>\n<p>&#13;<br \/>\n&#13;<\/p>\n<p>14 mm &#8211; 2400 kg<\/p>\n<p>&#13;<br \/>\n&#13;<\/p>\n<p>16 mm &#8211; 3000 kg<\/p>\n<p>&#13;<\/p>\n","protected":false},"excerpt":{"rendered":"<p>Qvarken Classic on klassikaline kolmeharuline pol\u00fcestrist valmistatud kinnitusots. Vastupidav ja mugav k\u00e4sitleda, mille on ots aasaga ning on uppuv. &#13; &#13; &nbsp; &#13; &#13; Purumistugevus: &#13; &#13; 10 mm &#8211; 1400 kg &#13; &#13; 12 mm &#8211; 2000 kg &#13; &#13; 14 mm &#8211; 2400 kg &#13; &#13; 16 mm &#8211; 3000 kg &#13;<\/p>\n","protected":false},"featured_media":0,"template":"","meta":{"_kad_blocks_custom_css":"","_kad_blocks_head_custom_js":"","_kad_blocks_body_custom_js":"","_kad_blocks_footer_custom_js":"","_kad_post_transparent":"","_kad_post_title":"","_kad_post_layout":"","_kad_post_sidebar_id":"","_kad_post_content_style":"","_kad_post_vertical_padding":"","_kad_post_feature":"","_kad_post_feature_position":"","_kad_post_header":false,"_kad_post_footer":false,"_kad_post_classname":""},"product_brand":[],"product_cat":[280],"product_tag":[],"class_list":{"0":"post-57187","1":"product","2":"type-product","3":"status-publish","5":"product_cat-polyester-and-nylon-ropes-mooring-lines","6":"pa_color-must","7":"pa_producer-qvarken","8":"pa_unit-pcs","9":"tm-no-options","11":"first","12":"instock","13":"taxable","14":"shipping-taxable","15":"purchasable","16":"product-type-simple","17":"entry","18":"content-bg","19":"loop-entry"},"yoast_head":"<!-- This site is optimized with the Yoast SEO plugin v27.3 - https:\/\/yoast.com\/product\/yoast-seo-wordpress\/ -->\n<title>KINNITUSOTS AASAGA, QVARKEN, MUST, 14 mm, 6 m - NORDLINE s\u00f5udepaadid ja mootorpaadid. Klaasfiiber materjalist.<\/title>\n<meta name=\"robots\" content=\"index, follow, max-snippet:-1, max-image-preview:large, max-video-preview:-1\" \/>\n<link rel=\"canonical\" href=\"https:\/\/nordlinepaadid.ee\/et\/pood\/ropes-fenders-buoys\/polyester-and-nylon-ropes-mooring-lines\/kinnitusots-aasaga-qvarken-must-14-mm-6-m\/\" \/>\n<meta property=\"og:locale\" content=\"et_EE\" \/>\n<meta property=\"og:type\" content=\"article\" \/>\n<meta property=\"og:title\" content=\"KINNITUSOTS AASAGA, QVARKEN, MUST, 14 mm, 6 m - NORDLINE s\u00f5udepaadid ja mootorpaadid. Klaasfiiber materjalist.\" \/>\n<meta property=\"og:description\" content=\"Qvarken Classic on klassikaline kolmeharuline pol\u00fcestrist valmistatud kinnitusots. Vastupidav ja mugav k\u00e4sitleda, mille on ots aasaga ning on uppuv. &#013; &#013; &nbsp; &#013; &#013; Purumistugevus: &#013; &#013; 10 mm &#8211; 1400 kg &#013; &#013; 12 mm &#8211; 2000 kg &#013; &#013; 14 mm &#8211; 2400 kg &#013; &#013; 16 mm &#8211; 3000 kg &#013;\" \/>\n<meta property=\"og:url\" content=\"https:\/\/nordlinepaadid.ee\/et\/pood\/ropes-fenders-buoys\/polyester-and-nylon-ropes-mooring-lines\/kinnitusots-aasaga-qvarken-must-14-mm-6-m\/\" \/>\n<meta property=\"og:site_name\" content=\"NORDLINE s\u00f5udepaadid ja mootorpaadid. Klaasfiiber materjalist.\" \/>\n<meta property=\"article:publisher\" content=\"https:\/\/www.facebook.com\/nordlineboats\" \/>\n<meta name=\"twitter:card\" content=\"summary_large_image\" \/>\n<script type=\"application\/ld+json\" class=\"yoast-schema-graph\">{\"@context\":\"https:\\\/\\\/schema.org\",\"@graph\":[{\"@type\":\"WebPage\",\"@id\":\"https:\\\/\\\/nordlinepaadid.ee\\\/et\\\/pood\\\/ropes-fenders-buoys\\\/polyester-and-nylon-ropes-mooring-lines\\\/kinnitusots-aasaga-qvarken-must-14-mm-6-m\\\/\",\"url\":\"https:\\\/\\\/nordlinepaadid.ee\\\/et\\\/pood\\\/ropes-fenders-buoys\\\/polyester-and-nylon-ropes-mooring-lines\\\/kinnitusots-aasaga-qvarken-must-14-mm-6-m\\\/\",\"name\":\"KINNITUSOTS AASAGA, QVARKEN, MUST, 14 mm, 6 m - NORDLINE s\u00f5udepaadid ja mootorpaadid. Klaasfiiber materjalist.\",\"isPartOf\":{\"@id\":\"https:\\\/\\\/nordlinepaadid.ee\\\/et\\\/#website\"},\"datePublished\":\"2026-04-07T00:31:46+00:00\",\"breadcrumb\":{\"@id\":\"https:\\\/\\\/nordlinepaadid.ee\\\/et\\\/pood\\\/ropes-fenders-buoys\\\/polyester-and-nylon-ropes-mooring-lines\\\/kinnitusots-aasaga-qvarken-must-14-mm-6-m\\\/#breadcrumb\"},\"inLanguage\":\"et\",\"potentialAction\":[{\"@type\":\"ReadAction\",\"target\":[\"https:\\\/\\\/nordlinepaadid.ee\\\/et\\\/pood\\\/ropes-fenders-buoys\\\/polyester-and-nylon-ropes-mooring-lines\\\/kinnitusots-aasaga-qvarken-must-14-mm-6-m\\\/\"]}]},{\"@type\":\"BreadcrumbList\",\"@id\":\"https:\\\/\\\/nordlinepaadid.ee\\\/et\\\/pood\\\/ropes-fenders-buoys\\\/polyester-and-nylon-ropes-mooring-lines\\\/kinnitusots-aasaga-qvarken-must-14-mm-6-m\\\/#breadcrumb\",\"itemListElement\":[{\"@type\":\"ListItem\",\"position\":1,\"name\":\"Home\",\"item\":\"https:\\\/\\\/nordlinepaadid.ee\\\/et\\\/\"},{\"@type\":\"ListItem\",\"position\":2,\"name\":\"Pood\",\"item\":\"https:\\\/\\\/nordlinepaadid.ee\\\/et\\\/pood\\\/\"},{\"@type\":\"ListItem\",\"position\":3,\"name\":\"KINNITUSOTS AASAGA, QVARKEN, MUST, 14 mm, 6 m\"}]},{\"@type\":\"WebSite\",\"@id\":\"https:\\\/\\\/nordlinepaadid.ee\\\/et\\\/#website\",\"url\":\"https:\\\/\\\/nordlinepaadid.ee\\\/et\\\/\",\"name\":\"NORDLINE s\u00f5udepaadid ja mootorpaadid. Klaasfiiber materjalist.\",\"description\":\"\",\"publisher\":{\"@id\":\"https:\\\/\\\/nordlinepaadid.ee\\\/et\\\/#organization\"},\"potentialAction\":[{\"@type\":\"SearchAction\",\"target\":{\"@type\":\"EntryPoint\",\"urlTemplate\":\"https:\\\/\\\/nordlinepaadid.ee\\\/et\\\/?s={search_term_string}\"},\"query-input\":{\"@type\":\"PropertyValueSpecification\",\"valueRequired\":true,\"valueName\":\"search_term_string\"}}],\"inLanguage\":\"et\"},{\"@type\":\"Organization\",\"@id\":\"https:\\\/\\\/nordlinepaadid.ee\\\/et\\\/#organization\",\"name\":\"Nordlineboats\",\"url\":\"https:\\\/\\\/nordlinepaadid.ee\\\/et\\\/\",\"logo\":{\"@type\":\"ImageObject\",\"inLanguage\":\"et\",\"@id\":\"https:\\\/\\\/nordlinepaadid.ee\\\/et\\\/#\\\/schema\\\/logo\\\/image\\\/\",\"url\":\"https:\\\/\\\/nordlinepaadid.ee\\\/wp-content\\\/uploads\\\/2023\\\/01\\\/fulllogo_transparent_nobuffer-e1672750475494.png\",\"contentUrl\":\"https:\\\/\\\/nordlinepaadid.ee\\\/wp-content\\\/uploads\\\/2023\\\/01\\\/fulllogo_transparent_nobuffer-e1672750475494.png\",\"width\":150,\"height\":119,\"caption\":\"Nordlineboats\"},\"image\":{\"@id\":\"https:\\\/\\\/nordlinepaadid.ee\\\/et\\\/#\\\/schema\\\/logo\\\/image\\\/\"},\"sameAs\":[\"https:\\\/\\\/www.facebook.com\\\/nordlineboats\",\"https:\\\/\\\/www.youtube.com\\\/channel\\\/UCbgF0fy02y3QkFnujaLTaCA\"]}]}<\/script>\n<!-- \/ Yoast SEO plugin. -->","yoast_head_json":{"title":"KINNITUSOTS AASAGA, QVARKEN, MUST, 14 mm, 6 m - NORDLINE s\u00f5udepaadid ja mootorpaadid. Klaasfiiber materjalist.","robots":{"index":"index","follow":"follow","max-snippet":"max-snippet:-1","max-image-preview":"max-image-preview:large","max-video-preview":"max-video-preview:-1"},"canonical":"https:\/\/nordlinepaadid.ee\/et\/pood\/ropes-fenders-buoys\/polyester-and-nylon-ropes-mooring-lines\/kinnitusots-aasaga-qvarken-must-14-mm-6-m\/","og_locale":"et_EE","og_type":"article","og_title":"KINNITUSOTS AASAGA, QVARKEN, MUST, 14 mm, 6 m - NORDLINE s\u00f5udepaadid ja mootorpaadid. Klaasfiiber materjalist.","og_description":"Qvarken Classic on klassikaline kolmeharuline pol\u00fcestrist valmistatud kinnitusots. Vastupidav ja mugav k\u00e4sitleda, mille on ots aasaga ning on uppuv. &#13; &#13; &nbsp; &#13; &#13; Purumistugevus: &#13; &#13; 10 mm &#8211; 1400 kg &#13; &#13; 12 mm &#8211; 2000 kg &#13; &#13; 14 mm &#8211; 2400 kg &#13; &#13; 16 mm &#8211; 3000 kg &#13;","og_url":"https:\/\/nordlinepaadid.ee\/et\/pood\/ropes-fenders-buoys\/polyester-and-nylon-ropes-mooring-lines\/kinnitusots-aasaga-qvarken-must-14-mm-6-m\/","og_site_name":"NORDLINE s\u00f5udepaadid ja mootorpaadid. Klaasfiiber materjalist.","article_publisher":"https:\/\/www.facebook.com\/nordlineboats","twitter_card":"summary_large_image","schema":{"@context":"https:\/\/schema.org","@graph":[{"@type":"WebPage","@id":"https:\/\/nordlinepaadid.ee\/et\/pood\/ropes-fenders-buoys\/polyester-and-nylon-ropes-mooring-lines\/kinnitusots-aasaga-qvarken-must-14-mm-6-m\/","url":"https:\/\/nordlinepaadid.ee\/et\/pood\/ropes-fenders-buoys\/polyester-and-nylon-ropes-mooring-lines\/kinnitusots-aasaga-qvarken-must-14-mm-6-m\/","name":"KINNITUSOTS AASAGA, QVARKEN, MUST, 14 mm, 6 m - NORDLINE s\u00f5udepaadid ja mootorpaadid. Klaasfiiber materjalist.","isPartOf":{"@id":"https:\/\/nordlinepaadid.ee\/et\/#website"},"datePublished":"2026-04-07T00:31:46+00:00","breadcrumb":{"@id":"https:\/\/nordlinepaadid.ee\/et\/pood\/ropes-fenders-buoys\/polyester-and-nylon-ropes-mooring-lines\/kinnitusots-aasaga-qvarken-must-14-mm-6-m\/#breadcrumb"},"inLanguage":"et","potentialAction":[{"@type":"ReadAction","target":["https:\/\/nordlinepaadid.ee\/et\/pood\/ropes-fenders-buoys\/polyester-and-nylon-ropes-mooring-lines\/kinnitusots-aasaga-qvarken-must-14-mm-6-m\/"]}]},{"@type":"BreadcrumbList","@id":"https:\/\/nordlinepaadid.ee\/et\/pood\/ropes-fenders-buoys\/polyester-and-nylon-ropes-mooring-lines\/kinnitusots-aasaga-qvarken-must-14-mm-6-m\/#breadcrumb","itemListElement":[{"@type":"ListItem","position":1,"name":"Home","item":"https:\/\/nordlinepaadid.ee\/et\/"},{"@type":"ListItem","position":2,"name":"Pood","item":"https:\/\/nordlinepaadid.ee\/et\/pood\/"},{"@type":"ListItem","position":3,"name":"KINNITUSOTS AASAGA, QVARKEN, MUST, 14 mm, 6 m"}]},{"@type":"WebSite","@id":"https:\/\/nordlinepaadid.ee\/et\/#website","url":"https:\/\/nordlinepaadid.ee\/et\/","name":"NORDLINE s\u00f5udepaadid ja mootorpaadid. Klaasfiiber materjalist.","description":"","publisher":{"@id":"https:\/\/nordlinepaadid.ee\/et\/#organization"},"potentialAction":[{"@type":"SearchAction","target":{"@type":"EntryPoint","urlTemplate":"https:\/\/nordlinepaadid.ee\/et\/?s={search_term_string}"},"query-input":{"@type":"PropertyValueSpecification","valueRequired":true,"valueName":"search_term_string"}}],"inLanguage":"et"},{"@type":"Organization","@id":"https:\/\/nordlinepaadid.ee\/et\/#organization","name":"Nordlineboats","url":"https:\/\/nordlinepaadid.ee\/et\/","logo":{"@type":"ImageObject","inLanguage":"et","@id":"https:\/\/nordlinepaadid.ee\/et\/#\/schema\/logo\/image\/","url":"https:\/\/nordlinepaadid.ee\/wp-content\/uploads\/2023\/01\/fulllogo_transparent_nobuffer-e1672750475494.png","contentUrl":"https:\/\/nordlinepaadid.ee\/wp-content\/uploads\/2023\/01\/fulllogo_transparent_nobuffer-e1672750475494.png","width":150,"height":119,"caption":"Nordlineboats"},"image":{"@id":"https:\/\/nordlinepaadid.ee\/et\/#\/schema\/logo\/image\/"},"sameAs":["https:\/\/www.facebook.com\/nordlineboats","https:\/\/www.youtube.com\/channel\/UCbgF0fy02y3QkFnujaLTaCA"]}]}},"taxonomy_info":{"product_cat":[{"value":280,"label":"S\u00fcnteetilised ja punutud otsad, Ankruotsad"}],"pa_color":[{"value":684,"label":"Must"}],"pa_producer":[{"value":1534,"label":"Qvarken"}],"pa_unit":[{"value":416,"label":"pcs"}]},"featured_image_src_large":false,"author_info":[],"comment_info":"","_links":{"self":[{"href":"https:\/\/nordlinepaadid.ee\/et\/wp-json\/wp\/v2\/product\/57187","targetHints":{"allow":["GET"]}}],"collection":[{"href":"https:\/\/nordlinepaadid.ee\/et\/wp-json\/wp\/v2\/product"}],"about":[{"href":"https:\/\/nordlinepaadid.ee\/et\/wp-json\/wp\/v2\/types\/product"}],"wp:attachment":[{"href":"https:\/\/nordlinepaadid.ee\/et\/wp-json\/wp\/v2\/media?parent=57187"}],"wp:term":[{"taxonomy":"product_brand","embeddable":true,"href":"https:\/\/nordlinepaadid.ee\/et\/wp-json\/wp\/v2\/product_brand?post=57187"},{"taxonomy":"product_cat","embeddable":true,"href":"https:\/\/nordlinepaadid.ee\/et\/wp-json\/wp\/v2\/product_cat?post=57187"},{"taxonomy":"product_tag","embeddable":true,"href":"https:\/\/nordlinepaadid.ee\/et\/wp-json\/wp\/v2\/product_tag?post=57187"}],"curies":[{"name":"wp","href":"https:\/\/api.w.org\/{rel}","templated":true}]}}