{"id":57192,"date":"2026-04-07T03:31:47","date_gmt":"2026-04-07T00:31:47","guid":{"rendered":"https:\/\/nordlinepaadid.ee\/pood\/maaratlemata\/kuivulikond-typhoon-rhossilli-must-oranz-junior-l-xl\/"},"modified":"2026-04-07T03:31:47","modified_gmt":"2026-04-07T00:31:47","slug":"kuivulikond-typhoon-rhossilli-must-oranz-junior-l-xl","status":"publish","type":"product","link":"https:\/\/nordlinepaadid.ee\/et\/pood\/marine-clothing-and-shoes\/drysuits-fisherman-suits-flotation-suits\/kuivulikond-typhoon-rhossilli-must-oranz-junior-l-xl\/","title":{"rendered":"KUIV\u00dcLIKOND, TYPHOON RHOSSILLI, MUST-ORANZ, JUNIOR L-XL"},"content":{"rendered":"<p>Rhosselli on suurep\u00e4rane kuiv\u00fclikond noortele veespordihuvilistele ning see on loodud samade k\u00f5rgete standardite j\u00e4rgi nagu Typhooni t\u00e4iskasvanutele m\u00f5eldud tooted. Valmistatud Typhooni mugavast, veekindlast ja hingavast TX-4 kangast. Lihtne sissepanek t\u00e4nu YKK Aquaseal kuivlukule seljal ning glideskin neopreenist kaela- ja k\u00e4tisetihenditele. Elastne tagumine v\u00f6\u00f6koht, sisemised traksid ja latekssokid t\u00e4iendavad mugavat ja v\u00e4ga funktsionaalset \u00fclikonda.<\/p>\n<p>&#13;<br \/>\n&#13;<\/p>\n<p>&nbsp;<\/p>\n<p>&#13;<br \/>\n&#13;<\/p>\n<p>Rhosselli v\u00f5imaldab suurep\u00e4rast liikumisvabadust. Tugevdatud p\u00f5lvede ja istmikuosa ning eelpainutatud k\u00e4te ja jalgadega on see ideaalne igale aktiivsele noorele.<\/p>\n<p>&#13;<br \/>\n&#13;<\/p>\n<p>&nbsp;<\/p>\n<p>&#13;<br \/>\n&#13;<\/p>\n<ul>&#13;<\/p>\n<li>Hingav, veekindel ja tuulekindel TX-4 kangas<\/li>\n<p>&#13;<\/p>\n<li>YKK Aquaseal kuivlukuga seljal<\/li>\n<p>&#13;<\/p>\n<li>Glideskin kaela- ja k\u00e4tisetihendid<\/li>\n<p>&#13;<\/p>\n<li>Elastne tagumine v\u00f6\u00f6koht<\/li>\n<p>&#13;<\/p>\n<li>Sisemised traksid<\/li>\n<p>&#13;<\/p>\n<li>Latekssokid<\/li>\n<p>&#13;<\/p>\n<li>Tugevdatud p\u00f5lved ja istmik<\/li>\n<p>&#13;<\/p>\n<li>Eelpainutatud k\u00e4ed ja jalad<\/li>\n<p>&#13;\n<\/ul>\n<p>&#13;<\/p>\n","protected":false},"excerpt":{"rendered":"<p>Rhosselli on suurep\u00e4rane kuiv\u00fclikond noortele veespordihuvilistele ning see on loodud samade k\u00f5rgete standardite j\u00e4rgi nagu Typhooni t\u00e4iskasvanutele m\u00f5eldud tooted. Valmistatud Typhooni mugavast, veekindlast ja hingavast TX-4 kangast. Lihtne sissepanek t\u00e4nu YKK Aquaseal kuivlukule seljal ning glideskin neopreenist kaela- ja k\u00e4tisetihenditele. Elastne tagumine v\u00f6\u00f6koht, sisemised traksid ja latekssokid t\u00e4iendavad mugavat ja v\u00e4ga funktsionaalset \u00fclikonda. &#13; &#13;&#8230;<\/p>\n","protected":false},"featured_media":0,"template":"","meta":{"_kad_blocks_custom_css":"","_kad_blocks_head_custom_js":"","_kad_blocks_body_custom_js":"","_kad_blocks_footer_custom_js":"","_kad_post_transparent":"","_kad_post_title":"","_kad_post_layout":"","_kad_post_sidebar_id":"","_kad_post_content_style":"","_kad_post_vertical_padding":"","_kad_post_feature":"","_kad_post_feature_position":"","_kad_post_header":false,"_kad_post_footer":false,"_kad_post_classname":""},"product_brand":[],"product_cat":[328],"product_tag":[],"class_list":{"0":"post-57192","1":"product","2":"type-product","3":"status-publish","5":"product_cat-drysuits-fisherman-suits-flotation-suits","6":"pa_color-must-oranz","7":"pa_producer-typhoon","8":"pa_unit-pcs","9":"tm-no-options","11":"first","12":"instock","13":"taxable","14":"shipping-taxable","15":"purchasable","16":"product-type-simple","17":"entry","18":"content-bg","19":"loop-entry"},"yoast_head":"<!-- This site is optimized with the Yoast SEO plugin v27.3 - https:\/\/yoast.com\/product\/yoast-seo-wordpress\/ -->\n<title>KUIV\u00dcLIKOND, TYPHOON RHOSSILLI, MUST-ORANZ, JUNIOR L-XL - NORDLINE s\u00f5udepaadid ja mootorpaadid. Klaasfiiber materjalist.<\/title>\n<meta name=\"robots\" content=\"index, follow, max-snippet:-1, max-image-preview:large, max-video-preview:-1\" \/>\n<link rel=\"canonical\" href=\"https:\/\/nordlinepaadid.ee\/et\/pood\/marine-clothing-and-shoes\/drysuits-fisherman-suits-flotation-suits\/kuivulikond-typhoon-rhossilli-must-oranz-junior-l-xl\/\" \/>\n<meta property=\"og:locale\" content=\"et_EE\" \/>\n<meta property=\"og:type\" content=\"article\" \/>\n<meta property=\"og:title\" content=\"KUIV\u00dcLIKOND, TYPHOON RHOSSILLI, MUST-ORANZ, JUNIOR L-XL - NORDLINE s\u00f5udepaadid ja mootorpaadid. Klaasfiiber materjalist.\" \/>\n<meta property=\"og:description\" content=\"Rhosselli on suurep\u00e4rane kuiv\u00fclikond noortele veespordihuvilistele ning see on loodud samade k\u00f5rgete standardite j\u00e4rgi nagu Typhooni t\u00e4iskasvanutele m\u00f5eldud tooted. Valmistatud Typhooni mugavast, veekindlast ja hingavast TX-4 kangast. Lihtne sissepanek t\u00e4nu YKK Aquaseal kuivlukule seljal ning glideskin neopreenist kaela- ja k\u00e4tisetihenditele. Elastne tagumine v\u00f6\u00f6koht, sisemised traksid ja latekssokid t\u00e4iendavad mugavat ja v\u00e4ga funktsionaalset \u00fclikonda. &#013; &#013;...\" \/>\n<meta property=\"og:url\" content=\"https:\/\/nordlinepaadid.ee\/et\/pood\/marine-clothing-and-shoes\/drysuits-fisherman-suits-flotation-suits\/kuivulikond-typhoon-rhossilli-must-oranz-junior-l-xl\/\" \/>\n<meta property=\"og:site_name\" content=\"NORDLINE s\u00f5udepaadid ja mootorpaadid. Klaasfiiber materjalist.\" \/>\n<meta property=\"article:publisher\" content=\"https:\/\/www.facebook.com\/nordlineboats\" \/>\n<meta name=\"twitter:card\" content=\"summary_large_image\" \/>\n<meta name=\"twitter:label1\" content=\"Est. reading time\" \/>\n\t<meta name=\"twitter:data1\" content=\"1 minut\" \/>\n<script type=\"application\/ld+json\" class=\"yoast-schema-graph\">{\"@context\":\"https:\\\/\\\/schema.org\",\"@graph\":[{\"@type\":\"WebPage\",\"@id\":\"https:\\\/\\\/nordlinepaadid.ee\\\/et\\\/pood\\\/marine-clothing-and-shoes\\\/drysuits-fisherman-suits-flotation-suits\\\/kuivulikond-typhoon-rhossilli-must-oranz-junior-l-xl\\\/\",\"url\":\"https:\\\/\\\/nordlinepaadid.ee\\\/et\\\/pood\\\/marine-clothing-and-shoes\\\/drysuits-fisherman-suits-flotation-suits\\\/kuivulikond-typhoon-rhossilli-must-oranz-junior-l-xl\\\/\",\"name\":\"KUIV\u00dcLIKOND, TYPHOON RHOSSILLI, MUST-ORANZ, JUNIOR L-XL - NORDLINE s\u00f5udepaadid ja mootorpaadid. Klaasfiiber materjalist.\",\"isPartOf\":{\"@id\":\"https:\\\/\\\/nordlinepaadid.ee\\\/et\\\/#website\"},\"datePublished\":\"2026-04-07T00:31:47+00:00\",\"breadcrumb\":{\"@id\":\"https:\\\/\\\/nordlinepaadid.ee\\\/et\\\/pood\\\/marine-clothing-and-shoes\\\/drysuits-fisherman-suits-flotation-suits\\\/kuivulikond-typhoon-rhossilli-must-oranz-junior-l-xl\\\/#breadcrumb\"},\"inLanguage\":\"et\",\"potentialAction\":[{\"@type\":\"ReadAction\",\"target\":[\"https:\\\/\\\/nordlinepaadid.ee\\\/et\\\/pood\\\/marine-clothing-and-shoes\\\/drysuits-fisherman-suits-flotation-suits\\\/kuivulikond-typhoon-rhossilli-must-oranz-junior-l-xl\\\/\"]}]},{\"@type\":\"BreadcrumbList\",\"@id\":\"https:\\\/\\\/nordlinepaadid.ee\\\/et\\\/pood\\\/marine-clothing-and-shoes\\\/drysuits-fisherman-suits-flotation-suits\\\/kuivulikond-typhoon-rhossilli-must-oranz-junior-l-xl\\\/#breadcrumb\",\"itemListElement\":[{\"@type\":\"ListItem\",\"position\":1,\"name\":\"Home\",\"item\":\"https:\\\/\\\/nordlinepaadid.ee\\\/et\\\/\"},{\"@type\":\"ListItem\",\"position\":2,\"name\":\"Pood\",\"item\":\"https:\\\/\\\/nordlinepaadid.ee\\\/et\\\/pood\\\/\"},{\"@type\":\"ListItem\",\"position\":3,\"name\":\"KUIV\u00dcLIKOND, TYPHOON RHOSSILLI, MUST-ORANZ, JUNIOR L-XL\"}]},{\"@type\":\"WebSite\",\"@id\":\"https:\\\/\\\/nordlinepaadid.ee\\\/et\\\/#website\",\"url\":\"https:\\\/\\\/nordlinepaadid.ee\\\/et\\\/\",\"name\":\"NORDLINE s\u00f5udepaadid ja mootorpaadid. Klaasfiiber materjalist.\",\"description\":\"\",\"publisher\":{\"@id\":\"https:\\\/\\\/nordlinepaadid.ee\\\/et\\\/#organization\"},\"potentialAction\":[{\"@type\":\"SearchAction\",\"target\":{\"@type\":\"EntryPoint\",\"urlTemplate\":\"https:\\\/\\\/nordlinepaadid.ee\\\/et\\\/?s={search_term_string}\"},\"query-input\":{\"@type\":\"PropertyValueSpecification\",\"valueRequired\":true,\"valueName\":\"search_term_string\"}}],\"inLanguage\":\"et\"},{\"@type\":\"Organization\",\"@id\":\"https:\\\/\\\/nordlinepaadid.ee\\\/et\\\/#organization\",\"name\":\"Nordlineboats\",\"url\":\"https:\\\/\\\/nordlinepaadid.ee\\\/et\\\/\",\"logo\":{\"@type\":\"ImageObject\",\"inLanguage\":\"et\",\"@id\":\"https:\\\/\\\/nordlinepaadid.ee\\\/et\\\/#\\\/schema\\\/logo\\\/image\\\/\",\"url\":\"https:\\\/\\\/nordlinepaadid.ee\\\/wp-content\\\/uploads\\\/2023\\\/01\\\/fulllogo_transparent_nobuffer-e1672750475494.png\",\"contentUrl\":\"https:\\\/\\\/nordlinepaadid.ee\\\/wp-content\\\/uploads\\\/2023\\\/01\\\/fulllogo_transparent_nobuffer-e1672750475494.png\",\"width\":150,\"height\":119,\"caption\":\"Nordlineboats\"},\"image\":{\"@id\":\"https:\\\/\\\/nordlinepaadid.ee\\\/et\\\/#\\\/schema\\\/logo\\\/image\\\/\"},\"sameAs\":[\"https:\\\/\\\/www.facebook.com\\\/nordlineboats\",\"https:\\\/\\\/www.youtube.com\\\/channel\\\/UCbgF0fy02y3QkFnujaLTaCA\"]}]}<\/script>\n<!-- \/ Yoast SEO plugin. -->","yoast_head_json":{"title":"KUIV\u00dcLIKOND, TYPHOON RHOSSILLI, MUST-ORANZ, JUNIOR L-XL - NORDLINE s\u00f5udepaadid ja mootorpaadid. Klaasfiiber materjalist.","robots":{"index":"index","follow":"follow","max-snippet":"max-snippet:-1","max-image-preview":"max-image-preview:large","max-video-preview":"max-video-preview:-1"},"canonical":"https:\/\/nordlinepaadid.ee\/et\/pood\/marine-clothing-and-shoes\/drysuits-fisherman-suits-flotation-suits\/kuivulikond-typhoon-rhossilli-must-oranz-junior-l-xl\/","og_locale":"et_EE","og_type":"article","og_title":"KUIV\u00dcLIKOND, TYPHOON RHOSSILLI, MUST-ORANZ, JUNIOR L-XL - NORDLINE s\u00f5udepaadid ja mootorpaadid. Klaasfiiber materjalist.","og_description":"Rhosselli on suurep\u00e4rane kuiv\u00fclikond noortele veespordihuvilistele ning see on loodud samade k\u00f5rgete standardite j\u00e4rgi nagu Typhooni t\u00e4iskasvanutele m\u00f5eldud tooted. Valmistatud Typhooni mugavast, veekindlast ja hingavast TX-4 kangast. Lihtne sissepanek t\u00e4nu YKK Aquaseal kuivlukule seljal ning glideskin neopreenist kaela- ja k\u00e4tisetihenditele. Elastne tagumine v\u00f6\u00f6koht, sisemised traksid ja latekssokid t\u00e4iendavad mugavat ja v\u00e4ga funktsionaalset \u00fclikonda. &#13; &#13;...","og_url":"https:\/\/nordlinepaadid.ee\/et\/pood\/marine-clothing-and-shoes\/drysuits-fisherman-suits-flotation-suits\/kuivulikond-typhoon-rhossilli-must-oranz-junior-l-xl\/","og_site_name":"NORDLINE s\u00f5udepaadid ja mootorpaadid. Klaasfiiber materjalist.","article_publisher":"https:\/\/www.facebook.com\/nordlineboats","twitter_card":"summary_large_image","twitter_misc":{"Est. reading time":"1 minut"},"schema":{"@context":"https:\/\/schema.org","@graph":[{"@type":"WebPage","@id":"https:\/\/nordlinepaadid.ee\/et\/pood\/marine-clothing-and-shoes\/drysuits-fisherman-suits-flotation-suits\/kuivulikond-typhoon-rhossilli-must-oranz-junior-l-xl\/","url":"https:\/\/nordlinepaadid.ee\/et\/pood\/marine-clothing-and-shoes\/drysuits-fisherman-suits-flotation-suits\/kuivulikond-typhoon-rhossilli-must-oranz-junior-l-xl\/","name":"KUIV\u00dcLIKOND, TYPHOON RHOSSILLI, MUST-ORANZ, JUNIOR L-XL - NORDLINE s\u00f5udepaadid ja mootorpaadid. Klaasfiiber materjalist.","isPartOf":{"@id":"https:\/\/nordlinepaadid.ee\/et\/#website"},"datePublished":"2026-04-07T00:31:47+00:00","breadcrumb":{"@id":"https:\/\/nordlinepaadid.ee\/et\/pood\/marine-clothing-and-shoes\/drysuits-fisherman-suits-flotation-suits\/kuivulikond-typhoon-rhossilli-must-oranz-junior-l-xl\/#breadcrumb"},"inLanguage":"et","potentialAction":[{"@type":"ReadAction","target":["https:\/\/nordlinepaadid.ee\/et\/pood\/marine-clothing-and-shoes\/drysuits-fisherman-suits-flotation-suits\/kuivulikond-typhoon-rhossilli-must-oranz-junior-l-xl\/"]}]},{"@type":"BreadcrumbList","@id":"https:\/\/nordlinepaadid.ee\/et\/pood\/marine-clothing-and-shoes\/drysuits-fisherman-suits-flotation-suits\/kuivulikond-typhoon-rhossilli-must-oranz-junior-l-xl\/#breadcrumb","itemListElement":[{"@type":"ListItem","position":1,"name":"Home","item":"https:\/\/nordlinepaadid.ee\/et\/"},{"@type":"ListItem","position":2,"name":"Pood","item":"https:\/\/nordlinepaadid.ee\/et\/pood\/"},{"@type":"ListItem","position":3,"name":"KUIV\u00dcLIKOND, TYPHOON RHOSSILLI, MUST-ORANZ, JUNIOR L-XL"}]},{"@type":"WebSite","@id":"https:\/\/nordlinepaadid.ee\/et\/#website","url":"https:\/\/nordlinepaadid.ee\/et\/","name":"NORDLINE s\u00f5udepaadid ja mootorpaadid. Klaasfiiber materjalist.","description":"","publisher":{"@id":"https:\/\/nordlinepaadid.ee\/et\/#organization"},"potentialAction":[{"@type":"SearchAction","target":{"@type":"EntryPoint","urlTemplate":"https:\/\/nordlinepaadid.ee\/et\/?s={search_term_string}"},"query-input":{"@type":"PropertyValueSpecification","valueRequired":true,"valueName":"search_term_string"}}],"inLanguage":"et"},{"@type":"Organization","@id":"https:\/\/nordlinepaadid.ee\/et\/#organization","name":"Nordlineboats","url":"https:\/\/nordlinepaadid.ee\/et\/","logo":{"@type":"ImageObject","inLanguage":"et","@id":"https:\/\/nordlinepaadid.ee\/et\/#\/schema\/logo\/image\/","url":"https:\/\/nordlinepaadid.ee\/wp-content\/uploads\/2023\/01\/fulllogo_transparent_nobuffer-e1672750475494.png","contentUrl":"https:\/\/nordlinepaadid.ee\/wp-content\/uploads\/2023\/01\/fulllogo_transparent_nobuffer-e1672750475494.png","width":150,"height":119,"caption":"Nordlineboats"},"image":{"@id":"https:\/\/nordlinepaadid.ee\/et\/#\/schema\/logo\/image\/"},"sameAs":["https:\/\/www.facebook.com\/nordlineboats","https:\/\/www.youtube.com\/channel\/UCbgF0fy02y3QkFnujaLTaCA"]}]}},"taxonomy_info":{"product_cat":[{"value":328,"label":"Kuiv\u00fclikonnad, Kombinesoonid, Kalamehe Riietus"}],"pa_color":[{"value":747,"label":"Must\/Oran\u017e"}],"pa_producer":[{"value":1731,"label":"Typhoon"}],"pa_unit":[{"value":416,"label":"pcs"}]},"featured_image_src_large":false,"author_info":[],"comment_info":"","_links":{"self":[{"href":"https:\/\/nordlinepaadid.ee\/et\/wp-json\/wp\/v2\/product\/57192","targetHints":{"allow":["GET"]}}],"collection":[{"href":"https:\/\/nordlinepaadid.ee\/et\/wp-json\/wp\/v2\/product"}],"about":[{"href":"https:\/\/nordlinepaadid.ee\/et\/wp-json\/wp\/v2\/types\/product"}],"wp:attachment":[{"href":"https:\/\/nordlinepaadid.ee\/et\/wp-json\/wp\/v2\/media?parent=57192"}],"wp:term":[{"taxonomy":"product_brand","embeddable":true,"href":"https:\/\/nordlinepaadid.ee\/et\/wp-json\/wp\/v2\/product_brand?post=57192"},{"taxonomy":"product_cat","embeddable":true,"href":"https:\/\/nordlinepaadid.ee\/et\/wp-json\/wp\/v2\/product_cat?post=57192"},{"taxonomy":"product_tag","embeddable":true,"href":"https:\/\/nordlinepaadid.ee\/et\/wp-json\/wp\/v2\/product_tag?post=57192"}],"curies":[{"name":"wp","href":"https:\/\/api.w.org\/{rel}","templated":true}]}}