{"id":57197,"date":"2026-04-07T03:31:47","date_gmt":"2026-04-07T00:31:47","guid":{"rendered":"https:\/\/nordlinepaadid.ee\/pood\/maaratlemata\/epifanes-mahagon-peits-500-ml\/"},"modified":"2026-04-07T03:31:47","modified_gmt":"2026-04-07T00:31:47","slug":"epifanes-mahagon-peits-500-ml","status":"publish","type":"product","link":"https:\/\/nordlinepaadid.ee\/et\/pood\/paadi-ja-jahivarvid\/lakid-lahustid\/epifanes-mahagon-peits-500-ml\/","title":{"rendered":"EPIFANES MAHAGON PEITS 500 ml"},"content":{"rendered":"<p>Kiirelt kuivav lahustip\u00f5hine peits t\u00f6\u00f6tlemata puidu v\u00e4rvimiseks ja toonimiseks enne lakikihi pealekandmist. See annab puidule sooja punaka mahagoniv\u00e4rvi.<\/p>\n<p>&#13;<br \/>\n&#13;<\/p>\n<p>&nbsp;<\/p>\n<p>&#13;<br \/>\n&#13;<\/p>\n<p>Ideaalne sise- ja v\u00e4listingimustes kasutamiseks veepiirist k\u00f5rgemal.<\/p>\n<p>&#13;<br \/>\n&#13;<\/p>\n<p>&nbsp;<\/p>\n<p>&#13;<br \/>\n&#13;<\/p>\n<p>V\u00f5ib kanda kuni 3 kihti j\u00e4rjest 2-tunnise intervalliga.<\/p>\n<p>&#13;<br \/>\n&#13;<\/p>\n<p>\u00c4rge t\u00f6\u00f6tage m\u00e4rg-m\u00e4rjale ega kattuvalt.<\/p>\n<p>&#13;<br \/>\n&#13;<\/p>\n<p>Kandke \u00f5hukeselt ja \u00fchtlaselt.<\/p>\n<p>&#13;<br \/>\n&#13;<\/p>\n<p>V\u00e4ltige otsest p\u00e4ikesevalgust ja tugevat tuult \u2013 kiire kuivamine v\u00f5ib p\u00f5hjustada plekke.<\/p>\n<p>&#13;<br \/>\n&#13;<\/p>\n<p>&nbsp;<\/p>\n<p>&#13;<br \/>\n&#13;<\/p>\n<p><strong>\u00dchest purgist jagub 4-7 m\u00b2 liitri kohta!<\/strong><\/p>\n<p>&#13;<br \/>\n&#13;<\/p>\n<p>&nbsp;<\/p>\n<p>&#13;<\/p>\n","protected":false},"excerpt":{"rendered":"<p>Kiirelt kuivav lahustip\u00f5hine peits t\u00f6\u00f6tlemata puidu v\u00e4rvimiseks ja toonimiseks enne lakikihi pealekandmist. See annab puidule sooja punaka mahagoniv\u00e4rvi. &#13; &#13; &nbsp; &#13; &#13; Ideaalne sise- ja v\u00e4listingimustes kasutamiseks veepiirist k\u00f5rgemal. &#13; &#13; &nbsp; &#13; &#13; V\u00f5ib kanda kuni 3 kihti j\u00e4rjest 2-tunnise intervalliga. &#13; &#13; \u00c4rge t\u00f6\u00f6tage m\u00e4rg-m\u00e4rjale ega kattuvalt. &#13; &#13; Kandke \u00f5hukeselt ja&#8230;<\/p>\n","protected":false},"featured_media":0,"template":"","meta":{"_kad_blocks_custom_css":"","_kad_blocks_head_custom_js":"","_kad_blocks_body_custom_js":"","_kad_blocks_footer_custom_js":"","_kad_post_transparent":"","_kad_post_title":"","_kad_post_layout":"","_kad_post_sidebar_id":"","_kad_post_content_style":"","_kad_post_vertical_padding":"","_kad_post_feature":"","_kad_post_feature_position":"","_kad_post_header":false,"_kad_post_footer":false,"_kad_post_classname":""},"product_brand":[],"product_cat":[270],"product_tag":[],"class_list":{"0":"post-57197","1":"product","2":"type-product","3":"status-publish","5":"product_cat-lakid-lahustid","6":"pa_color-mahagon","7":"pa_unit-pcs","8":"tm-no-options","10":"first","11":"instock","12":"taxable","13":"shipping-taxable","14":"purchasable","15":"product-type-simple","16":"entry","17":"content-bg","18":"loop-entry"},"yoast_head":"<!-- This site is optimized with the Yoast SEO plugin v27.3 - https:\/\/yoast.com\/product\/yoast-seo-wordpress\/ -->\n<title>EPIFANES MAHAGON PEITS 500 ml - NORDLINE s\u00f5udepaadid ja mootorpaadid. Klaasfiiber materjalist.<\/title>\n<meta name=\"robots\" content=\"index, follow, max-snippet:-1, max-image-preview:large, max-video-preview:-1\" \/>\n<link rel=\"canonical\" href=\"https:\/\/nordlinepaadid.ee\/et\/pood\/paadi-ja-jahivarvid\/lakid-lahustid\/epifanes-mahagon-peits-500-ml\/\" \/>\n<meta property=\"og:locale\" content=\"et_EE\" \/>\n<meta property=\"og:type\" content=\"article\" \/>\n<meta property=\"og:title\" content=\"EPIFANES MAHAGON PEITS 500 ml - NORDLINE s\u00f5udepaadid ja mootorpaadid. Klaasfiiber materjalist.\" \/>\n<meta property=\"og:description\" content=\"Kiirelt kuivav lahustip\u00f5hine peits t\u00f6\u00f6tlemata puidu v\u00e4rvimiseks ja toonimiseks enne lakikihi pealekandmist. See annab puidule sooja punaka mahagoniv\u00e4rvi. &#013; &#013; &nbsp; &#013; &#013; Ideaalne sise- ja v\u00e4listingimustes kasutamiseks veepiirist k\u00f5rgemal. &#013; &#013; &nbsp; &#013; &#013; V\u00f5ib kanda kuni 3 kihti j\u00e4rjest 2-tunnise intervalliga. &#013; &#013; \u00c4rge t\u00f6\u00f6tage m\u00e4rg-m\u00e4rjale ega kattuvalt. &#013; &#013; Kandke \u00f5hukeselt ja...\" \/>\n<meta property=\"og:url\" content=\"https:\/\/nordlinepaadid.ee\/et\/pood\/paadi-ja-jahivarvid\/lakid-lahustid\/epifanes-mahagon-peits-500-ml\/\" \/>\n<meta property=\"og:site_name\" content=\"NORDLINE s\u00f5udepaadid ja mootorpaadid. Klaasfiiber materjalist.\" \/>\n<meta property=\"article:publisher\" content=\"https:\/\/www.facebook.com\/nordlineboats\" \/>\n<meta name=\"twitter:card\" content=\"summary_large_image\" \/>\n<script type=\"application\/ld+json\" class=\"yoast-schema-graph\">{\"@context\":\"https:\\\/\\\/schema.org\",\"@graph\":[{\"@type\":\"WebPage\",\"@id\":\"https:\\\/\\\/nordlinepaadid.ee\\\/et\\\/pood\\\/paadi-ja-jahivarvid\\\/lakid-lahustid\\\/epifanes-mahagon-peits-500-ml\\\/\",\"url\":\"https:\\\/\\\/nordlinepaadid.ee\\\/et\\\/pood\\\/paadi-ja-jahivarvid\\\/lakid-lahustid\\\/epifanes-mahagon-peits-500-ml\\\/\",\"name\":\"EPIFANES MAHAGON PEITS 500 ml - NORDLINE s\u00f5udepaadid ja mootorpaadid. Klaasfiiber materjalist.\",\"isPartOf\":{\"@id\":\"https:\\\/\\\/nordlinepaadid.ee\\\/et\\\/#website\"},\"datePublished\":\"2026-04-07T00:31:47+00:00\",\"breadcrumb\":{\"@id\":\"https:\\\/\\\/nordlinepaadid.ee\\\/et\\\/pood\\\/paadi-ja-jahivarvid\\\/lakid-lahustid\\\/epifanes-mahagon-peits-500-ml\\\/#breadcrumb\"},\"inLanguage\":\"et\",\"potentialAction\":[{\"@type\":\"ReadAction\",\"target\":[\"https:\\\/\\\/nordlinepaadid.ee\\\/et\\\/pood\\\/paadi-ja-jahivarvid\\\/lakid-lahustid\\\/epifanes-mahagon-peits-500-ml\\\/\"]}]},{\"@type\":\"BreadcrumbList\",\"@id\":\"https:\\\/\\\/nordlinepaadid.ee\\\/et\\\/pood\\\/paadi-ja-jahivarvid\\\/lakid-lahustid\\\/epifanes-mahagon-peits-500-ml\\\/#breadcrumb\",\"itemListElement\":[{\"@type\":\"ListItem\",\"position\":1,\"name\":\"Home\",\"item\":\"https:\\\/\\\/nordlinepaadid.ee\\\/et\\\/\"},{\"@type\":\"ListItem\",\"position\":2,\"name\":\"Pood\",\"item\":\"https:\\\/\\\/nordlinepaadid.ee\\\/et\\\/pood\\\/\"},{\"@type\":\"ListItem\",\"position\":3,\"name\":\"EPIFANES MAHAGON PEITS 500 ml\"}]},{\"@type\":\"WebSite\",\"@id\":\"https:\\\/\\\/nordlinepaadid.ee\\\/et\\\/#website\",\"url\":\"https:\\\/\\\/nordlinepaadid.ee\\\/et\\\/\",\"name\":\"NORDLINE s\u00f5udepaadid ja mootorpaadid. Klaasfiiber materjalist.\",\"description\":\"\",\"publisher\":{\"@id\":\"https:\\\/\\\/nordlinepaadid.ee\\\/et\\\/#organization\"},\"potentialAction\":[{\"@type\":\"SearchAction\",\"target\":{\"@type\":\"EntryPoint\",\"urlTemplate\":\"https:\\\/\\\/nordlinepaadid.ee\\\/et\\\/?s={search_term_string}\"},\"query-input\":{\"@type\":\"PropertyValueSpecification\",\"valueRequired\":true,\"valueName\":\"search_term_string\"}}],\"inLanguage\":\"et\"},{\"@type\":\"Organization\",\"@id\":\"https:\\\/\\\/nordlinepaadid.ee\\\/et\\\/#organization\",\"name\":\"Nordlineboats\",\"url\":\"https:\\\/\\\/nordlinepaadid.ee\\\/et\\\/\",\"logo\":{\"@type\":\"ImageObject\",\"inLanguage\":\"et\",\"@id\":\"https:\\\/\\\/nordlinepaadid.ee\\\/et\\\/#\\\/schema\\\/logo\\\/image\\\/\",\"url\":\"https:\\\/\\\/nordlinepaadid.ee\\\/wp-content\\\/uploads\\\/2023\\\/01\\\/fulllogo_transparent_nobuffer-e1672750475494.png\",\"contentUrl\":\"https:\\\/\\\/nordlinepaadid.ee\\\/wp-content\\\/uploads\\\/2023\\\/01\\\/fulllogo_transparent_nobuffer-e1672750475494.png\",\"width\":150,\"height\":119,\"caption\":\"Nordlineboats\"},\"image\":{\"@id\":\"https:\\\/\\\/nordlinepaadid.ee\\\/et\\\/#\\\/schema\\\/logo\\\/image\\\/\"},\"sameAs\":[\"https:\\\/\\\/www.facebook.com\\\/nordlineboats\",\"https:\\\/\\\/www.youtube.com\\\/channel\\\/UCbgF0fy02y3QkFnujaLTaCA\"]}]}<\/script>\n<!-- \/ Yoast SEO plugin. -->","yoast_head_json":{"title":"EPIFANES MAHAGON PEITS 500 ml - NORDLINE s\u00f5udepaadid ja mootorpaadid. Klaasfiiber materjalist.","robots":{"index":"index","follow":"follow","max-snippet":"max-snippet:-1","max-image-preview":"max-image-preview:large","max-video-preview":"max-video-preview:-1"},"canonical":"https:\/\/nordlinepaadid.ee\/et\/pood\/paadi-ja-jahivarvid\/lakid-lahustid\/epifanes-mahagon-peits-500-ml\/","og_locale":"et_EE","og_type":"article","og_title":"EPIFANES MAHAGON PEITS 500 ml - NORDLINE s\u00f5udepaadid ja mootorpaadid. Klaasfiiber materjalist.","og_description":"Kiirelt kuivav lahustip\u00f5hine peits t\u00f6\u00f6tlemata puidu v\u00e4rvimiseks ja toonimiseks enne lakikihi pealekandmist. See annab puidule sooja punaka mahagoniv\u00e4rvi. &#13; &#13; &nbsp; &#13; &#13; Ideaalne sise- ja v\u00e4listingimustes kasutamiseks veepiirist k\u00f5rgemal. &#13; &#13; &nbsp; &#13; &#13; V\u00f5ib kanda kuni 3 kihti j\u00e4rjest 2-tunnise intervalliga. &#13; &#13; \u00c4rge t\u00f6\u00f6tage m\u00e4rg-m\u00e4rjale ega kattuvalt. &#13; &#13; Kandke \u00f5hukeselt ja...","og_url":"https:\/\/nordlinepaadid.ee\/et\/pood\/paadi-ja-jahivarvid\/lakid-lahustid\/epifanes-mahagon-peits-500-ml\/","og_site_name":"NORDLINE s\u00f5udepaadid ja mootorpaadid. Klaasfiiber materjalist.","article_publisher":"https:\/\/www.facebook.com\/nordlineboats","twitter_card":"summary_large_image","schema":{"@context":"https:\/\/schema.org","@graph":[{"@type":"WebPage","@id":"https:\/\/nordlinepaadid.ee\/et\/pood\/paadi-ja-jahivarvid\/lakid-lahustid\/epifanes-mahagon-peits-500-ml\/","url":"https:\/\/nordlinepaadid.ee\/et\/pood\/paadi-ja-jahivarvid\/lakid-lahustid\/epifanes-mahagon-peits-500-ml\/","name":"EPIFANES MAHAGON PEITS 500 ml - NORDLINE s\u00f5udepaadid ja mootorpaadid. Klaasfiiber materjalist.","isPartOf":{"@id":"https:\/\/nordlinepaadid.ee\/et\/#website"},"datePublished":"2026-04-07T00:31:47+00:00","breadcrumb":{"@id":"https:\/\/nordlinepaadid.ee\/et\/pood\/paadi-ja-jahivarvid\/lakid-lahustid\/epifanes-mahagon-peits-500-ml\/#breadcrumb"},"inLanguage":"et","potentialAction":[{"@type":"ReadAction","target":["https:\/\/nordlinepaadid.ee\/et\/pood\/paadi-ja-jahivarvid\/lakid-lahustid\/epifanes-mahagon-peits-500-ml\/"]}]},{"@type":"BreadcrumbList","@id":"https:\/\/nordlinepaadid.ee\/et\/pood\/paadi-ja-jahivarvid\/lakid-lahustid\/epifanes-mahagon-peits-500-ml\/#breadcrumb","itemListElement":[{"@type":"ListItem","position":1,"name":"Home","item":"https:\/\/nordlinepaadid.ee\/et\/"},{"@type":"ListItem","position":2,"name":"Pood","item":"https:\/\/nordlinepaadid.ee\/et\/pood\/"},{"@type":"ListItem","position":3,"name":"EPIFANES MAHAGON PEITS 500 ml"}]},{"@type":"WebSite","@id":"https:\/\/nordlinepaadid.ee\/et\/#website","url":"https:\/\/nordlinepaadid.ee\/et\/","name":"NORDLINE s\u00f5udepaadid ja mootorpaadid. Klaasfiiber materjalist.","description":"","publisher":{"@id":"https:\/\/nordlinepaadid.ee\/et\/#organization"},"potentialAction":[{"@type":"SearchAction","target":{"@type":"EntryPoint","urlTemplate":"https:\/\/nordlinepaadid.ee\/et\/?s={search_term_string}"},"query-input":{"@type":"PropertyValueSpecification","valueRequired":true,"valueName":"search_term_string"}}],"inLanguage":"et"},{"@type":"Organization","@id":"https:\/\/nordlinepaadid.ee\/et\/#organization","name":"Nordlineboats","url":"https:\/\/nordlinepaadid.ee\/et\/","logo":{"@type":"ImageObject","inLanguage":"et","@id":"https:\/\/nordlinepaadid.ee\/et\/#\/schema\/logo\/image\/","url":"https:\/\/nordlinepaadid.ee\/wp-content\/uploads\/2023\/01\/fulllogo_transparent_nobuffer-e1672750475494.png","contentUrl":"https:\/\/nordlinepaadid.ee\/wp-content\/uploads\/2023\/01\/fulllogo_transparent_nobuffer-e1672750475494.png","width":150,"height":119,"caption":"Nordlineboats"},"image":{"@id":"https:\/\/nordlinepaadid.ee\/et\/#\/schema\/logo\/image\/"},"sameAs":["https:\/\/www.facebook.com\/nordlineboats","https:\/\/www.youtube.com\/channel\/UCbgF0fy02y3QkFnujaLTaCA"]}]}},"taxonomy_info":{"product_cat":[{"value":270,"label":"Lakid, Lahustid"}],"pa_color":[{"value":1884,"label":"Mahagon"}],"pa_unit":[{"value":416,"label":"pcs"}]},"featured_image_src_large":false,"author_info":[],"comment_info":"","_links":{"self":[{"href":"https:\/\/nordlinepaadid.ee\/et\/wp-json\/wp\/v2\/product\/57197","targetHints":{"allow":["GET"]}}],"collection":[{"href":"https:\/\/nordlinepaadid.ee\/et\/wp-json\/wp\/v2\/product"}],"about":[{"href":"https:\/\/nordlinepaadid.ee\/et\/wp-json\/wp\/v2\/types\/product"}],"wp:attachment":[{"href":"https:\/\/nordlinepaadid.ee\/et\/wp-json\/wp\/v2\/media?parent=57197"}],"wp:term":[{"taxonomy":"product_brand","embeddable":true,"href":"https:\/\/nordlinepaadid.ee\/et\/wp-json\/wp\/v2\/product_brand?post=57197"},{"taxonomy":"product_cat","embeddable":true,"href":"https:\/\/nordlinepaadid.ee\/et\/wp-json\/wp\/v2\/product_cat?post=57197"},{"taxonomy":"product_tag","embeddable":true,"href":"https:\/\/nordlinepaadid.ee\/et\/wp-json\/wp\/v2\/product_tag?post=57197"}],"curies":[{"name":"wp","href":"https:\/\/api.w.org\/{rel}","templated":true}]}}