{"id":57203,"date":"2026-04-07T03:31:49","date_gmt":"2026-04-07T00:31:49","guid":{"rendered":"https:\/\/nordlinepaadid.ee\/pood\/maaratlemata\/suutekuunal-ngk-bp6hs\/"},"modified":"2026-04-08T02:02:31","modified_gmt":"2026-04-07T23:02:31","slug":"suutekuunal-ngk-bp6hs","status":"publish","type":"product","link":"https:\/\/nordlinepaadid.ee\/et\/pood\/varuosad-mootorpaatidele\/suutekuunlad\/suutekuunal-ngk-bp6hs\/","title":{"rendered":"S\u00dc\u00dcTEK\u00dc\u00dcNAL &#8211; NGK, BP6HS"},"content":{"rendered":"<ul>&#13;<\/p>\n<li>S\u00fc\u00fctek\u00fc\u00fcnal: \u00e4ra kruvitav SAE-\u00fchendus, Niklist keskelektrood, 1-massielektrood, vead mitte k\u00f5rvaldatud, koos lametihendikohaga<\/li>\n<p>&#13;<\/p>\n<li>V\u00f5tmekaugus: 20,8 mm<\/li>\n<p>&#13;<\/p>\n<li>Keermepikkus (mm): 12,7<\/li>\n<p>&#13;<\/p>\n<li>S\u00e4demeasetus (mm): 3,5<\/li>\n<p>&#13;<\/p>\n<li>Keermem\u00f5\u00f5t: M14 x 1,25<\/li>\n<p>&#13;<\/p>\n<li>Kirje number: 4511<\/li>\n<p>&#13;<\/p>\n<li>Tootja: NGK<\/li>\n<p>&#13;<\/p>\n<li>EAN number: 87295145111<\/li>\n<p>&#13;<\/p>\n<li>Elektroodide vahe (mm): Need omadused varieeruvad olenevalt auto mudelist<\/li>\n<p>&#13;\n<\/ul>\n<p>&#13;<\/p>\n","protected":false},"excerpt":{"rendered":"<p>&#13; S\u00fc\u00fctek\u00fc\u00fcnal: \u00e4ra kruvitav SAE-\u00fchendus, Niklist keskelektrood, 1-massielektrood, vead mitte k\u00f5rvaldatud, koos lametihendikohaga &#13; V\u00f5tmekaugus: 20,8 mm &#13; Keermepikkus (mm): 12,7 &#13; S\u00e4demeasetus (mm): 3,5 &#13; Keermem\u00f5\u00f5t: M14 x 1,25 &#13; Kirje number: 4511 &#13; Tootja: NGK &#13; EAN number: 87295145111 &#13; Elektroodide vahe (mm): Need omadused varieeruvad olenevalt auto mudelist &#13; &#13;<\/p>\n","protected":false},"featured_media":0,"template":"","meta":{"_kad_blocks_custom_css":"","_kad_blocks_head_custom_js":"","_kad_blocks_body_custom_js":"","_kad_blocks_footer_custom_js":"","_kad_post_transparent":"","_kad_post_title":"","_kad_post_layout":"","_kad_post_sidebar_id":"","_kad_post_content_style":"","_kad_post_vertical_padding":"","_kad_post_feature":"","_kad_post_feature_position":"","_kad_post_header":false,"_kad_post_footer":false,"_kad_post_classname":""},"product_brand":[],"product_cat":[351],"product_tag":[],"class_list":{"0":"post-57203","1":"product","2":"type-product","3":"status-publish","5":"product_cat-suutekuunlad","6":"pa_unit-pcs","7":"tm-no-options","9":"first","10":"instock","11":"taxable","12":"shipping-taxable","13":"purchasable","14":"product-type-simple","15":"entry","16":"content-bg","17":"loop-entry"},"yoast_head":"<!-- This site is optimized with the Yoast SEO plugin v27.3 - https:\/\/yoast.com\/product\/yoast-seo-wordpress\/ -->\n<title>S\u00dc\u00dcTEK\u00dc\u00dcNAL - NGK, BP6HS - NORDLINE s\u00f5udepaadid ja mootorpaadid. Klaasfiiber materjalist.<\/title>\n<meta name=\"robots\" content=\"index, follow, max-snippet:-1, max-image-preview:large, max-video-preview:-1\" \/>\n<link rel=\"canonical\" href=\"https:\/\/nordlinepaadid.ee\/et\/pood\/varuosad-mootorpaatidele\/suutekuunlad\/suutekuunal-ngk-bp6hs\/\" \/>\n<meta property=\"og:locale\" content=\"et_EE\" \/>\n<meta property=\"og:type\" content=\"article\" \/>\n<meta property=\"og:title\" content=\"S\u00dc\u00dcTEK\u00dc\u00dcNAL - NGK, BP6HS - NORDLINE s\u00f5udepaadid ja mootorpaadid. Klaasfiiber materjalist.\" \/>\n<meta property=\"og:description\" content=\"&#013; S\u00fc\u00fctek\u00fc\u00fcnal: \u00e4ra kruvitav SAE-\u00fchendus, Niklist keskelektrood, 1-massielektrood, vead mitte k\u00f5rvaldatud, koos lametihendikohaga &#013; V\u00f5tmekaugus: 20,8 mm &#013; Keermepikkus (mm): 12,7 &#013; S\u00e4demeasetus (mm): 3,5 &#013; Keermem\u00f5\u00f5t: M14 x 1,25 &#013; Kirje number: 4511 &#013; Tootja: NGK &#013; EAN number: 87295145111 &#013; Elektroodide vahe (mm): Need omadused varieeruvad olenevalt auto mudelist &#013; &#013;\" \/>\n<meta property=\"og:url\" content=\"https:\/\/nordlinepaadid.ee\/et\/pood\/varuosad-mootorpaatidele\/suutekuunlad\/suutekuunal-ngk-bp6hs\/\" \/>\n<meta property=\"og:site_name\" content=\"NORDLINE s\u00f5udepaadid ja mootorpaadid. Klaasfiiber materjalist.\" \/>\n<meta property=\"article:publisher\" content=\"https:\/\/www.facebook.com\/nordlineboats\" \/>\n<meta property=\"article:modified_time\" content=\"2026-04-07T23:02:31+00:00\" \/>\n<meta name=\"twitter:card\" content=\"summary_large_image\" \/>\n<script type=\"application\/ld+json\" class=\"yoast-schema-graph\">{\"@context\":\"https:\\\/\\\/schema.org\",\"@graph\":[{\"@type\":\"WebPage\",\"@id\":\"https:\\\/\\\/nordlinepaadid.ee\\\/et\\\/pood\\\/varuosad-mootorpaatidele\\\/suutekuunlad\\\/suutekuunal-ngk-bp6hs\\\/\",\"url\":\"https:\\\/\\\/nordlinepaadid.ee\\\/et\\\/pood\\\/varuosad-mootorpaatidele\\\/suutekuunlad\\\/suutekuunal-ngk-bp6hs\\\/\",\"name\":\"S\u00dc\u00dcTEK\u00dc\u00dcNAL - NGK, BP6HS - NORDLINE s\u00f5udepaadid ja mootorpaadid. Klaasfiiber materjalist.\",\"isPartOf\":{\"@id\":\"https:\\\/\\\/nordlinepaadid.ee\\\/et\\\/#website\"},\"datePublished\":\"2026-04-07T00:31:49+00:00\",\"dateModified\":\"2026-04-07T23:02:31+00:00\",\"breadcrumb\":{\"@id\":\"https:\\\/\\\/nordlinepaadid.ee\\\/et\\\/pood\\\/varuosad-mootorpaatidele\\\/suutekuunlad\\\/suutekuunal-ngk-bp6hs\\\/#breadcrumb\"},\"inLanguage\":\"et\",\"potentialAction\":[{\"@type\":\"ReadAction\",\"target\":[\"https:\\\/\\\/nordlinepaadid.ee\\\/et\\\/pood\\\/varuosad-mootorpaatidele\\\/suutekuunlad\\\/suutekuunal-ngk-bp6hs\\\/\"]}]},{\"@type\":\"BreadcrumbList\",\"@id\":\"https:\\\/\\\/nordlinepaadid.ee\\\/et\\\/pood\\\/varuosad-mootorpaatidele\\\/suutekuunlad\\\/suutekuunal-ngk-bp6hs\\\/#breadcrumb\",\"itemListElement\":[{\"@type\":\"ListItem\",\"position\":1,\"name\":\"Home\",\"item\":\"https:\\\/\\\/nordlinepaadid.ee\\\/et\\\/\"},{\"@type\":\"ListItem\",\"position\":2,\"name\":\"Pood\",\"item\":\"https:\\\/\\\/nordlinepaadid.ee\\\/et\\\/pood\\\/\"},{\"@type\":\"ListItem\",\"position\":3,\"name\":\"S\u00dc\u00dcTEK\u00dc\u00dcNAL &#8211; NGK, BP6HS\"}]},{\"@type\":\"WebSite\",\"@id\":\"https:\\\/\\\/nordlinepaadid.ee\\\/et\\\/#website\",\"url\":\"https:\\\/\\\/nordlinepaadid.ee\\\/et\\\/\",\"name\":\"NORDLINE s\u00f5udepaadid ja mootorpaadid. Klaasfiiber materjalist.\",\"description\":\"\",\"publisher\":{\"@id\":\"https:\\\/\\\/nordlinepaadid.ee\\\/et\\\/#organization\"},\"potentialAction\":[{\"@type\":\"SearchAction\",\"target\":{\"@type\":\"EntryPoint\",\"urlTemplate\":\"https:\\\/\\\/nordlinepaadid.ee\\\/et\\\/?s={search_term_string}\"},\"query-input\":{\"@type\":\"PropertyValueSpecification\",\"valueRequired\":true,\"valueName\":\"search_term_string\"}}],\"inLanguage\":\"et\"},{\"@type\":\"Organization\",\"@id\":\"https:\\\/\\\/nordlinepaadid.ee\\\/et\\\/#organization\",\"name\":\"Nordlineboats\",\"url\":\"https:\\\/\\\/nordlinepaadid.ee\\\/et\\\/\",\"logo\":{\"@type\":\"ImageObject\",\"inLanguage\":\"et\",\"@id\":\"https:\\\/\\\/nordlinepaadid.ee\\\/et\\\/#\\\/schema\\\/logo\\\/image\\\/\",\"url\":\"https:\\\/\\\/nordlinepaadid.ee\\\/wp-content\\\/uploads\\\/2023\\\/01\\\/fulllogo_transparent_nobuffer-e1672750475494.png\",\"contentUrl\":\"https:\\\/\\\/nordlinepaadid.ee\\\/wp-content\\\/uploads\\\/2023\\\/01\\\/fulllogo_transparent_nobuffer-e1672750475494.png\",\"width\":150,\"height\":119,\"caption\":\"Nordlineboats\"},\"image\":{\"@id\":\"https:\\\/\\\/nordlinepaadid.ee\\\/et\\\/#\\\/schema\\\/logo\\\/image\\\/\"},\"sameAs\":[\"https:\\\/\\\/www.facebook.com\\\/nordlineboats\",\"https:\\\/\\\/www.youtube.com\\\/channel\\\/UCbgF0fy02y3QkFnujaLTaCA\"]}]}<\/script>\n<!-- \/ Yoast SEO plugin. -->","yoast_head_json":{"title":"S\u00dc\u00dcTEK\u00dc\u00dcNAL - NGK, BP6HS - NORDLINE s\u00f5udepaadid ja mootorpaadid. Klaasfiiber materjalist.","robots":{"index":"index","follow":"follow","max-snippet":"max-snippet:-1","max-image-preview":"max-image-preview:large","max-video-preview":"max-video-preview:-1"},"canonical":"https:\/\/nordlinepaadid.ee\/et\/pood\/varuosad-mootorpaatidele\/suutekuunlad\/suutekuunal-ngk-bp6hs\/","og_locale":"et_EE","og_type":"article","og_title":"S\u00dc\u00dcTEK\u00dc\u00dcNAL - NGK, BP6HS - NORDLINE s\u00f5udepaadid ja mootorpaadid. Klaasfiiber materjalist.","og_description":"&#13; S\u00fc\u00fctek\u00fc\u00fcnal: \u00e4ra kruvitav SAE-\u00fchendus, Niklist keskelektrood, 1-massielektrood, vead mitte k\u00f5rvaldatud, koos lametihendikohaga &#13; V\u00f5tmekaugus: 20,8 mm &#13; Keermepikkus (mm): 12,7 &#13; S\u00e4demeasetus (mm): 3,5 &#13; Keermem\u00f5\u00f5t: M14 x 1,25 &#13; Kirje number: 4511 &#13; Tootja: NGK &#13; EAN number: 87295145111 &#13; Elektroodide vahe (mm): Need omadused varieeruvad olenevalt auto mudelist &#13; &#13;","og_url":"https:\/\/nordlinepaadid.ee\/et\/pood\/varuosad-mootorpaatidele\/suutekuunlad\/suutekuunal-ngk-bp6hs\/","og_site_name":"NORDLINE s\u00f5udepaadid ja mootorpaadid. Klaasfiiber materjalist.","article_publisher":"https:\/\/www.facebook.com\/nordlineboats","article_modified_time":"2026-04-07T23:02:31+00:00","twitter_card":"summary_large_image","schema":{"@context":"https:\/\/schema.org","@graph":[{"@type":"WebPage","@id":"https:\/\/nordlinepaadid.ee\/et\/pood\/varuosad-mootorpaatidele\/suutekuunlad\/suutekuunal-ngk-bp6hs\/","url":"https:\/\/nordlinepaadid.ee\/et\/pood\/varuosad-mootorpaatidele\/suutekuunlad\/suutekuunal-ngk-bp6hs\/","name":"S\u00dc\u00dcTEK\u00dc\u00dcNAL - NGK, BP6HS - NORDLINE s\u00f5udepaadid ja mootorpaadid. Klaasfiiber materjalist.","isPartOf":{"@id":"https:\/\/nordlinepaadid.ee\/et\/#website"},"datePublished":"2026-04-07T00:31:49+00:00","dateModified":"2026-04-07T23:02:31+00:00","breadcrumb":{"@id":"https:\/\/nordlinepaadid.ee\/et\/pood\/varuosad-mootorpaatidele\/suutekuunlad\/suutekuunal-ngk-bp6hs\/#breadcrumb"},"inLanguage":"et","potentialAction":[{"@type":"ReadAction","target":["https:\/\/nordlinepaadid.ee\/et\/pood\/varuosad-mootorpaatidele\/suutekuunlad\/suutekuunal-ngk-bp6hs\/"]}]},{"@type":"BreadcrumbList","@id":"https:\/\/nordlinepaadid.ee\/et\/pood\/varuosad-mootorpaatidele\/suutekuunlad\/suutekuunal-ngk-bp6hs\/#breadcrumb","itemListElement":[{"@type":"ListItem","position":1,"name":"Home","item":"https:\/\/nordlinepaadid.ee\/et\/"},{"@type":"ListItem","position":2,"name":"Pood","item":"https:\/\/nordlinepaadid.ee\/et\/pood\/"},{"@type":"ListItem","position":3,"name":"S\u00dc\u00dcTEK\u00dc\u00dcNAL &#8211; NGK, BP6HS"}]},{"@type":"WebSite","@id":"https:\/\/nordlinepaadid.ee\/et\/#website","url":"https:\/\/nordlinepaadid.ee\/et\/","name":"NORDLINE s\u00f5udepaadid ja mootorpaadid. Klaasfiiber materjalist.","description":"","publisher":{"@id":"https:\/\/nordlinepaadid.ee\/et\/#organization"},"potentialAction":[{"@type":"SearchAction","target":{"@type":"EntryPoint","urlTemplate":"https:\/\/nordlinepaadid.ee\/et\/?s={search_term_string}"},"query-input":{"@type":"PropertyValueSpecification","valueRequired":true,"valueName":"search_term_string"}}],"inLanguage":"et"},{"@type":"Organization","@id":"https:\/\/nordlinepaadid.ee\/et\/#organization","name":"Nordlineboats","url":"https:\/\/nordlinepaadid.ee\/et\/","logo":{"@type":"ImageObject","inLanguage":"et","@id":"https:\/\/nordlinepaadid.ee\/et\/#\/schema\/logo\/image\/","url":"https:\/\/nordlinepaadid.ee\/wp-content\/uploads\/2023\/01\/fulllogo_transparent_nobuffer-e1672750475494.png","contentUrl":"https:\/\/nordlinepaadid.ee\/wp-content\/uploads\/2023\/01\/fulllogo_transparent_nobuffer-e1672750475494.png","width":150,"height":119,"caption":"Nordlineboats"},"image":{"@id":"https:\/\/nordlinepaadid.ee\/et\/#\/schema\/logo\/image\/"},"sameAs":["https:\/\/www.facebook.com\/nordlineboats","https:\/\/www.youtube.com\/channel\/UCbgF0fy02y3QkFnujaLTaCA"]}]}},"taxonomy_info":{"product_cat":[{"value":351,"label":"S\u00fc\u00fctek\u00fc\u00fcnlad"}],"pa_unit":[{"value":416,"label":"pcs"}]},"featured_image_src_large":false,"author_info":[],"comment_info":"","_links":{"self":[{"href":"https:\/\/nordlinepaadid.ee\/et\/wp-json\/wp\/v2\/product\/57203","targetHints":{"allow":["GET"]}}],"collection":[{"href":"https:\/\/nordlinepaadid.ee\/et\/wp-json\/wp\/v2\/product"}],"about":[{"href":"https:\/\/nordlinepaadid.ee\/et\/wp-json\/wp\/v2\/types\/product"}],"wp:attachment":[{"href":"https:\/\/nordlinepaadid.ee\/et\/wp-json\/wp\/v2\/media?parent=57203"}],"wp:term":[{"taxonomy":"product_brand","embeddable":true,"href":"https:\/\/nordlinepaadid.ee\/et\/wp-json\/wp\/v2\/product_brand?post=57203"},{"taxonomy":"product_cat","embeddable":true,"href":"https:\/\/nordlinepaadid.ee\/et\/wp-json\/wp\/v2\/product_cat?post=57203"},{"taxonomy":"product_tag","embeddable":true,"href":"https:\/\/nordlinepaadid.ee\/et\/wp-json\/wp\/v2\/product_tag?post=57203"}],"curies":[{"name":"wp","href":"https:\/\/api.w.org\/{rel}","templated":true}]}}