{"id":57204,"date":"2026-04-07T03:31:49","date_gmt":"2026-04-07T00:31:49","guid":{"rendered":"https:\/\/nordlinepaadid.ee\/pood\/maaratlemata\/suutekuunal-ngk-br6hs\/"},"modified":"2026-04-08T02:02:31","modified_gmt":"2026-04-07T23:02:31","slug":"suutekuunal-ngk-br6hs","status":"publish","type":"product","link":"https:\/\/nordlinepaadid.ee\/et\/pood\/varuosad-mootorpaatidele\/suutekuunlad\/suutekuunal-ngk-br6hs\/","title":{"rendered":"S\u00dc\u00dcTEK\u00dc\u00dcNAL &#8211; NGK, BR6HS"},"content":{"rendered":"<p>Suurep\u00e4rane konstruktsioon m\u00e4rkimisv\u00e4\u00e4rse v\u00f5imsuse tagamiseks.<br \/>&#13;<br \/>\nMitmek\u00fclgsed s\u00fc\u00fctek\u00fc\u00fcnald laia t\u00f6\u00f6temperatuuri vahemikuga takistavad saastumisel liiga jahedaks j\u00e4\u00e4mist ja eels\u00fc\u00fctel liiga kuumaks j\u00e4\u00e4mist.<br \/>&#13;<br \/>\nSisaldab k\u00f5rge alumiiniumoksiidi sisaldusega keraamikat parema soojuse hajumise ja elektrilise isolatsiooni tagamiseks, s\u00fcgavale istutatud vasks\u00fcdamikku laiema kuumuse vahemiku jaoks ja niklisulamist otsa pikema eluea tagamiseks.<\/p>\n<p>&#13;<br \/>\n&#13;<\/p>\n<p>&nbsp;<\/p>\n<p>&#13;<br \/>\n&#13;<\/p>\n<p>KUUMUSVAHEMIK &#8211; 6<br \/>&#13;<br \/>\nMUDEL &#8211; Standard<br \/>&#13;<br \/>\nKLEMMIDE KONFIGURATSIOON &#8211; Eemaldatav mutter<br \/>&#13;<br \/>\nKEERME SUURUS &#8211; 14 mm<br \/>&#13;<br \/>\nSTIIL &#8211; BR6HS<br \/>&#13;<br \/>\nT\u00dc\u00dcP &#8211; Takisti t\u00fc\u00fcp<br \/>&#13;<br \/>\n\u00dcHIKUD &#8211; T\u00fckk<br \/>&#13;<br \/>\nTOOTE NIMETUS &#8211; S\u00fc\u00fctek\u00fc\u00fcnal<br \/>&#13;<br \/>\nKESKELEKTROODI T\u00dc\u00dcP &#8211; Standard<br \/>&#13;<br \/>\nELEKTROODI OTSAMATERJAL &#8211; Niklisulam<br \/>&#13;<br \/>\nKESKELEKTROODI EENDUVUS &#8211; Mitte-eenduv<br \/>&#13;<br \/>\nKEERME ULATUS &#8211; 12,7 mm (1\/2&#8243;)<br \/>&#13;<br \/>\nKUUSKANTSU SUURUS &#8211; 20,6 mm (13\/16&#8243;)<br \/>&#13;<br \/>\nMAANDUSELEKTROODI KONFIGURATSIOON &#8211; \u00dcksik<br \/>&#13;<br \/>\nS\u00c4DEME VAHE &#8211; 0,7 mm (0,028&#8243;)<br \/>&#13;<br \/>\nMAANDUSELEKTROODI KUJU &#8211; Standard<br \/>&#13;<br \/>\nELEKTRITAKISTUS &#8211; 5k oomi<br \/>&#13;<br \/>\nS\u00c4DEME VAHE IMPERIAL 0.028&#8243; S\u00c4DEME VAHE MEETRILINE &#8211; 0.7 mm<\/p>\n<p>&#13;<\/p>\n","protected":false},"excerpt":{"rendered":"<p>Suurep\u00e4rane konstruktsioon m\u00e4rkimisv\u00e4\u00e4rse v\u00f5imsuse tagamiseks.&#13; Mitmek\u00fclgsed s\u00fc\u00fctek\u00fc\u00fcnald laia t\u00f6\u00f6temperatuuri vahemikuga takistavad saastumisel liiga jahedaks j\u00e4\u00e4mist ja eels\u00fc\u00fctel liiga kuumaks j\u00e4\u00e4mist.&#13; Sisaldab k\u00f5rge alumiiniumoksiidi sisaldusega keraamikat parema soojuse hajumise ja elektrilise isolatsiooni tagamiseks, s\u00fcgavale istutatud vasks\u00fcdamikku laiema kuumuse vahemiku jaoks ja niklisulamist otsa pikema eluea tagamiseks. &#13; &#13; &nbsp; &#13; &#13; KUUMUSVAHEMIK &#8211; 6&#13; MUDEL &#8211;&#8230;<\/p>\n","protected":false},"featured_media":0,"template":"","meta":{"_kad_blocks_custom_css":"","_kad_blocks_head_custom_js":"","_kad_blocks_body_custom_js":"","_kad_blocks_footer_custom_js":"","_kad_post_transparent":"","_kad_post_title":"","_kad_post_layout":"","_kad_post_sidebar_id":"","_kad_post_content_style":"","_kad_post_vertical_padding":"","_kad_post_feature":"","_kad_post_feature_position":"","_kad_post_header":false,"_kad_post_footer":false,"_kad_post_classname":""},"product_brand":[],"product_cat":[351],"product_tag":[],"class_list":{"0":"post-57204","1":"product","2":"type-product","3":"status-publish","5":"product_cat-suutekuunlad","6":"pa_unit-pcs","7":"tm-no-options","9":"first","10":"instock","11":"taxable","12":"shipping-taxable","13":"purchasable","14":"product-type-simple","15":"entry","16":"content-bg","17":"loop-entry"},"yoast_head":"<!-- This site is optimized with the Yoast SEO plugin v27.3 - https:\/\/yoast.com\/product\/yoast-seo-wordpress\/ -->\n<title>S\u00dc\u00dcTEK\u00dc\u00dcNAL - NGK, BR6HS - NORDLINE s\u00f5udepaadid ja mootorpaadid. Klaasfiiber materjalist.<\/title>\n<meta name=\"robots\" content=\"index, follow, max-snippet:-1, max-image-preview:large, max-video-preview:-1\" \/>\n<link rel=\"canonical\" href=\"https:\/\/nordlinepaadid.ee\/et\/pood\/varuosad-mootorpaatidele\/suutekuunlad\/suutekuunal-ngk-br6hs\/\" \/>\n<meta property=\"og:locale\" content=\"et_EE\" \/>\n<meta property=\"og:type\" content=\"article\" \/>\n<meta property=\"og:title\" content=\"S\u00dc\u00dcTEK\u00dc\u00dcNAL - NGK, BR6HS - NORDLINE s\u00f5udepaadid ja mootorpaadid. Klaasfiiber materjalist.\" \/>\n<meta property=\"og:description\" content=\"Suurep\u00e4rane konstruktsioon m\u00e4rkimisv\u00e4\u00e4rse v\u00f5imsuse tagamiseks.&#013; Mitmek\u00fclgsed s\u00fc\u00fctek\u00fc\u00fcnald laia t\u00f6\u00f6temperatuuri vahemikuga takistavad saastumisel liiga jahedaks j\u00e4\u00e4mist ja eels\u00fc\u00fctel liiga kuumaks j\u00e4\u00e4mist.&#013; Sisaldab k\u00f5rge alumiiniumoksiidi sisaldusega keraamikat parema soojuse hajumise ja elektrilise isolatsiooni tagamiseks, s\u00fcgavale istutatud vasks\u00fcdamikku laiema kuumuse vahemiku jaoks ja niklisulamist otsa pikema eluea tagamiseks. &#013; &#013; &nbsp; &#013; &#013; KUUMUSVAHEMIK &#8211; 6&#013; MUDEL &#8211;...\" \/>\n<meta property=\"og:url\" content=\"https:\/\/nordlinepaadid.ee\/et\/pood\/varuosad-mootorpaatidele\/suutekuunlad\/suutekuunal-ngk-br6hs\/\" \/>\n<meta property=\"og:site_name\" content=\"NORDLINE s\u00f5udepaadid ja mootorpaadid. Klaasfiiber materjalist.\" \/>\n<meta property=\"article:publisher\" content=\"https:\/\/www.facebook.com\/nordlineboats\" \/>\n<meta property=\"article:modified_time\" content=\"2026-04-07T23:02:31+00:00\" \/>\n<meta name=\"twitter:card\" content=\"summary_large_image\" \/>\n<meta name=\"twitter:label1\" content=\"Est. reading time\" \/>\n\t<meta name=\"twitter:data1\" content=\"1 minut\" \/>\n<script type=\"application\/ld+json\" class=\"yoast-schema-graph\">{\"@context\":\"https:\\\/\\\/schema.org\",\"@graph\":[{\"@type\":\"WebPage\",\"@id\":\"https:\\\/\\\/nordlinepaadid.ee\\\/et\\\/pood\\\/varuosad-mootorpaatidele\\\/suutekuunlad\\\/suutekuunal-ngk-br6hs\\\/\",\"url\":\"https:\\\/\\\/nordlinepaadid.ee\\\/et\\\/pood\\\/varuosad-mootorpaatidele\\\/suutekuunlad\\\/suutekuunal-ngk-br6hs\\\/\",\"name\":\"S\u00dc\u00dcTEK\u00dc\u00dcNAL - NGK, BR6HS - NORDLINE s\u00f5udepaadid ja mootorpaadid. Klaasfiiber materjalist.\",\"isPartOf\":{\"@id\":\"https:\\\/\\\/nordlinepaadid.ee\\\/et\\\/#website\"},\"datePublished\":\"2026-04-07T00:31:49+00:00\",\"dateModified\":\"2026-04-07T23:02:31+00:00\",\"breadcrumb\":{\"@id\":\"https:\\\/\\\/nordlinepaadid.ee\\\/et\\\/pood\\\/varuosad-mootorpaatidele\\\/suutekuunlad\\\/suutekuunal-ngk-br6hs\\\/#breadcrumb\"},\"inLanguage\":\"et\",\"potentialAction\":[{\"@type\":\"ReadAction\",\"target\":[\"https:\\\/\\\/nordlinepaadid.ee\\\/et\\\/pood\\\/varuosad-mootorpaatidele\\\/suutekuunlad\\\/suutekuunal-ngk-br6hs\\\/\"]}]},{\"@type\":\"BreadcrumbList\",\"@id\":\"https:\\\/\\\/nordlinepaadid.ee\\\/et\\\/pood\\\/varuosad-mootorpaatidele\\\/suutekuunlad\\\/suutekuunal-ngk-br6hs\\\/#breadcrumb\",\"itemListElement\":[{\"@type\":\"ListItem\",\"position\":1,\"name\":\"Home\",\"item\":\"https:\\\/\\\/nordlinepaadid.ee\\\/et\\\/\"},{\"@type\":\"ListItem\",\"position\":2,\"name\":\"Pood\",\"item\":\"https:\\\/\\\/nordlinepaadid.ee\\\/et\\\/pood\\\/\"},{\"@type\":\"ListItem\",\"position\":3,\"name\":\"S\u00dc\u00dcTEK\u00dc\u00dcNAL &#8211; NGK, BR6HS\"}]},{\"@type\":\"WebSite\",\"@id\":\"https:\\\/\\\/nordlinepaadid.ee\\\/et\\\/#website\",\"url\":\"https:\\\/\\\/nordlinepaadid.ee\\\/et\\\/\",\"name\":\"NORDLINE s\u00f5udepaadid ja mootorpaadid. Klaasfiiber materjalist.\",\"description\":\"\",\"publisher\":{\"@id\":\"https:\\\/\\\/nordlinepaadid.ee\\\/et\\\/#organization\"},\"potentialAction\":[{\"@type\":\"SearchAction\",\"target\":{\"@type\":\"EntryPoint\",\"urlTemplate\":\"https:\\\/\\\/nordlinepaadid.ee\\\/et\\\/?s={search_term_string}\"},\"query-input\":{\"@type\":\"PropertyValueSpecification\",\"valueRequired\":true,\"valueName\":\"search_term_string\"}}],\"inLanguage\":\"et\"},{\"@type\":\"Organization\",\"@id\":\"https:\\\/\\\/nordlinepaadid.ee\\\/et\\\/#organization\",\"name\":\"Nordlineboats\",\"url\":\"https:\\\/\\\/nordlinepaadid.ee\\\/et\\\/\",\"logo\":{\"@type\":\"ImageObject\",\"inLanguage\":\"et\",\"@id\":\"https:\\\/\\\/nordlinepaadid.ee\\\/et\\\/#\\\/schema\\\/logo\\\/image\\\/\",\"url\":\"https:\\\/\\\/nordlinepaadid.ee\\\/wp-content\\\/uploads\\\/2023\\\/01\\\/fulllogo_transparent_nobuffer-e1672750475494.png\",\"contentUrl\":\"https:\\\/\\\/nordlinepaadid.ee\\\/wp-content\\\/uploads\\\/2023\\\/01\\\/fulllogo_transparent_nobuffer-e1672750475494.png\",\"width\":150,\"height\":119,\"caption\":\"Nordlineboats\"},\"image\":{\"@id\":\"https:\\\/\\\/nordlinepaadid.ee\\\/et\\\/#\\\/schema\\\/logo\\\/image\\\/\"},\"sameAs\":[\"https:\\\/\\\/www.facebook.com\\\/nordlineboats\",\"https:\\\/\\\/www.youtube.com\\\/channel\\\/UCbgF0fy02y3QkFnujaLTaCA\"]}]}<\/script>\n<!-- \/ Yoast SEO plugin. -->","yoast_head_json":{"title":"S\u00dc\u00dcTEK\u00dc\u00dcNAL - NGK, BR6HS - NORDLINE s\u00f5udepaadid ja mootorpaadid. Klaasfiiber materjalist.","robots":{"index":"index","follow":"follow","max-snippet":"max-snippet:-1","max-image-preview":"max-image-preview:large","max-video-preview":"max-video-preview:-1"},"canonical":"https:\/\/nordlinepaadid.ee\/et\/pood\/varuosad-mootorpaatidele\/suutekuunlad\/suutekuunal-ngk-br6hs\/","og_locale":"et_EE","og_type":"article","og_title":"S\u00dc\u00dcTEK\u00dc\u00dcNAL - NGK, BR6HS - NORDLINE s\u00f5udepaadid ja mootorpaadid. Klaasfiiber materjalist.","og_description":"Suurep\u00e4rane konstruktsioon m\u00e4rkimisv\u00e4\u00e4rse v\u00f5imsuse tagamiseks.&#13; Mitmek\u00fclgsed s\u00fc\u00fctek\u00fc\u00fcnald laia t\u00f6\u00f6temperatuuri vahemikuga takistavad saastumisel liiga jahedaks j\u00e4\u00e4mist ja eels\u00fc\u00fctel liiga kuumaks j\u00e4\u00e4mist.&#13; Sisaldab k\u00f5rge alumiiniumoksiidi sisaldusega keraamikat parema soojuse hajumise ja elektrilise isolatsiooni tagamiseks, s\u00fcgavale istutatud vasks\u00fcdamikku laiema kuumuse vahemiku jaoks ja niklisulamist otsa pikema eluea tagamiseks. &#13; &#13; &nbsp; &#13; &#13; KUUMUSVAHEMIK &#8211; 6&#13; MUDEL &#8211;...","og_url":"https:\/\/nordlinepaadid.ee\/et\/pood\/varuosad-mootorpaatidele\/suutekuunlad\/suutekuunal-ngk-br6hs\/","og_site_name":"NORDLINE s\u00f5udepaadid ja mootorpaadid. Klaasfiiber materjalist.","article_publisher":"https:\/\/www.facebook.com\/nordlineboats","article_modified_time":"2026-04-07T23:02:31+00:00","twitter_card":"summary_large_image","twitter_misc":{"Est. reading time":"1 minut"},"schema":{"@context":"https:\/\/schema.org","@graph":[{"@type":"WebPage","@id":"https:\/\/nordlinepaadid.ee\/et\/pood\/varuosad-mootorpaatidele\/suutekuunlad\/suutekuunal-ngk-br6hs\/","url":"https:\/\/nordlinepaadid.ee\/et\/pood\/varuosad-mootorpaatidele\/suutekuunlad\/suutekuunal-ngk-br6hs\/","name":"S\u00dc\u00dcTEK\u00dc\u00dcNAL - NGK, BR6HS - NORDLINE s\u00f5udepaadid ja mootorpaadid. Klaasfiiber materjalist.","isPartOf":{"@id":"https:\/\/nordlinepaadid.ee\/et\/#website"},"datePublished":"2026-04-07T00:31:49+00:00","dateModified":"2026-04-07T23:02:31+00:00","breadcrumb":{"@id":"https:\/\/nordlinepaadid.ee\/et\/pood\/varuosad-mootorpaatidele\/suutekuunlad\/suutekuunal-ngk-br6hs\/#breadcrumb"},"inLanguage":"et","potentialAction":[{"@type":"ReadAction","target":["https:\/\/nordlinepaadid.ee\/et\/pood\/varuosad-mootorpaatidele\/suutekuunlad\/suutekuunal-ngk-br6hs\/"]}]},{"@type":"BreadcrumbList","@id":"https:\/\/nordlinepaadid.ee\/et\/pood\/varuosad-mootorpaatidele\/suutekuunlad\/suutekuunal-ngk-br6hs\/#breadcrumb","itemListElement":[{"@type":"ListItem","position":1,"name":"Home","item":"https:\/\/nordlinepaadid.ee\/et\/"},{"@type":"ListItem","position":2,"name":"Pood","item":"https:\/\/nordlinepaadid.ee\/et\/pood\/"},{"@type":"ListItem","position":3,"name":"S\u00dc\u00dcTEK\u00dc\u00dcNAL &#8211; NGK, BR6HS"}]},{"@type":"WebSite","@id":"https:\/\/nordlinepaadid.ee\/et\/#website","url":"https:\/\/nordlinepaadid.ee\/et\/","name":"NORDLINE s\u00f5udepaadid ja mootorpaadid. Klaasfiiber materjalist.","description":"","publisher":{"@id":"https:\/\/nordlinepaadid.ee\/et\/#organization"},"potentialAction":[{"@type":"SearchAction","target":{"@type":"EntryPoint","urlTemplate":"https:\/\/nordlinepaadid.ee\/et\/?s={search_term_string}"},"query-input":{"@type":"PropertyValueSpecification","valueRequired":true,"valueName":"search_term_string"}}],"inLanguage":"et"},{"@type":"Organization","@id":"https:\/\/nordlinepaadid.ee\/et\/#organization","name":"Nordlineboats","url":"https:\/\/nordlinepaadid.ee\/et\/","logo":{"@type":"ImageObject","inLanguage":"et","@id":"https:\/\/nordlinepaadid.ee\/et\/#\/schema\/logo\/image\/","url":"https:\/\/nordlinepaadid.ee\/wp-content\/uploads\/2023\/01\/fulllogo_transparent_nobuffer-e1672750475494.png","contentUrl":"https:\/\/nordlinepaadid.ee\/wp-content\/uploads\/2023\/01\/fulllogo_transparent_nobuffer-e1672750475494.png","width":150,"height":119,"caption":"Nordlineboats"},"image":{"@id":"https:\/\/nordlinepaadid.ee\/et\/#\/schema\/logo\/image\/"},"sameAs":["https:\/\/www.facebook.com\/nordlineboats","https:\/\/www.youtube.com\/channel\/UCbgF0fy02y3QkFnujaLTaCA"]}]}},"taxonomy_info":{"product_cat":[{"value":351,"label":"S\u00fc\u00fctek\u00fc\u00fcnlad"}],"pa_unit":[{"value":416,"label":"pcs"}]},"featured_image_src_large":false,"author_info":[],"comment_info":"","_links":{"self":[{"href":"https:\/\/nordlinepaadid.ee\/et\/wp-json\/wp\/v2\/product\/57204","targetHints":{"allow":["GET"]}}],"collection":[{"href":"https:\/\/nordlinepaadid.ee\/et\/wp-json\/wp\/v2\/product"}],"about":[{"href":"https:\/\/nordlinepaadid.ee\/et\/wp-json\/wp\/v2\/types\/product"}],"wp:attachment":[{"href":"https:\/\/nordlinepaadid.ee\/et\/wp-json\/wp\/v2\/media?parent=57204"}],"wp:term":[{"taxonomy":"product_brand","embeddable":true,"href":"https:\/\/nordlinepaadid.ee\/et\/wp-json\/wp\/v2\/product_brand?post=57204"},{"taxonomy":"product_cat","embeddable":true,"href":"https:\/\/nordlinepaadid.ee\/et\/wp-json\/wp\/v2\/product_cat?post=57204"},{"taxonomy":"product_tag","embeddable":true,"href":"https:\/\/nordlinepaadid.ee\/et\/wp-json\/wp\/v2\/product_tag?post=57204"}],"curies":[{"name":"wp","href":"https:\/\/api.w.org\/{rel}","templated":true}]}}