{"id":57261,"date":"2026-04-08T13:56:06","date_gmt":"2026-04-08T10:56:06","guid":{"rendered":"https:\/\/nordlinepaadid.ee\/?post_type=product&#038;p=57261"},"modified":"2026-04-08T14:08:30","modified_gmt":"2026-04-08T11:08:30","slug":"kumblustunn-elektrikuttega","status":"publish","type":"product","link":"https:\/\/nordlinepaadid.ee\/et\/pood\/kumblustunnid\/kumblustunn-elektrikuttega\/","title":{"rendered":"K\u00fcmblust\u00fcnn 2.0 elektrik\u00fcttega"},"content":{"rendered":"<h1 data-start=\"334\" data-end=\"650\"><strong data-start=\"334\" data-end=\"373\">K\u00fcmblust\u00fcnn 2.0 elektrik\u00fcttega<\/strong><\/h1>\n<p data-start=\"334\" data-end=\"650\"><strong data-start=\"334\" data-end=\"373\">Konfigureeritav k\u00fcmblust\u00fcnn<\/strong> v\u00f5imaldab sul valida lahenduse, mis sobib sinu koduaeda, puhkemajja v\u00f5i turismiettev\u00f5ttesse. Saad valida erineva suuruse, k\u00fctteviisi, materjalid, v\u00e4rvid ning lisavarustuse nagu h\u00fcdromassaa\u017e, LED-valgustus ja filtris\u00fcsteemid.<\/p>\n<p data-start=\"652\" data-end=\"997\">Tegemist on <strong data-start=\"664\" data-end=\"712\">kvaliteetse klaasfiibersisuga k\u00fcmblust\u00fcnniga<\/strong>, mille puitdetailid on immutatud ja viimistletud vastupidava Remmers HK-Lasur viimistlusega.<\/p>\n<h1 data-section-id=\"1qec5xo\" data-start=\"1619\" data-end=\"1637\">Standardvarustus<\/h1>\n<p data-start=\"1639\" data-end=\"1662\">Baaskomplekti kuuluvad:<\/p>\n<ul data-start=\"1664\" data-end=\"1860\">\n<li data-section-id=\"kcchgy\" data-start=\"1664\" data-end=\"1704\">\n<p data-start=\"1666\" data-end=\"1704\">immutatud ja v\u00e4rvitud puitviimistlus<\/p>\n<\/li>\n<li data-section-id=\"vjprro\" data-start=\"1705\" data-end=\"1724\">\n<p data-start=\"1707\" data-end=\"1724\">klaasfiibersisu 2.0 meetrit l\u00e4bim\u00f5\u00f5duga<\/p>\n<\/li>\n<li data-section-id=\"edvb7\" data-start=\"1725\" data-end=\"1762\">\n<p data-start=\"1727\" data-end=\"1762\">elektriline k\u00fcte 6kW<\/p>\n<\/li>\n<li data-section-id=\"qnzats\" data-start=\"1798\" data-end=\"1838\">\n<p data-start=\"1800\" data-end=\"1838\">v\u00e4ljalaskraan vee t\u00fchjendamiseks<\/p>\n<\/li>\n<li data-section-id=\"166kuwl\" data-start=\"1839\" data-end=\"1860\">\n<p data-start=\"1841\" data-end=\"1860\">3-astmeline trepp<\/p>\n<\/li>\n<li data-section-id=\"166kuwl\" data-start=\"1839\" data-end=\"1860\">digitaalne termomeeter<\/li>\n<\/ul>\n<p>Selle mudeliga on kaasas<\/p>\n<ul>\n<li>Soojustatud nahkkattega kaas<\/li>\n<li>Vahuga soojustus<\/li>\n<li>LED valgustus<\/li>\n<li>Mullis\u00fcsteem<\/li>\n<li>Premium trepp<\/li>\n<\/ul>\n<h2>Sisu v\u00e4rvivalik:<\/h2>\n<ul>\n<li>Hall<\/li>\n<li><span style=\"font-family: var(--global-body-font-family);\">Helesinine<\/span><\/li>\n<li><span style=\"font-family: var(--global-body-font-family);\">Kreemikas<\/span><\/li>\n<li><span style=\"font-family: var(--global-body-font-family);\">Kirsipunane<\/span><\/li>\n<li><span style=\"font-family: var(--global-body-font-family);\">Tumesinine<\/span><\/li>\n<li><span style=\"font-family: var(--global-body-font-family);\">Pruun<\/span><\/li>\n<li><span style=\"font-family: var(--global-body-font-family);\">T\u00fcrkiissinine<\/span><\/li>\n<li><span style=\"font-family: var(--global-body-font-family);\">Helehall<\/span><\/li>\n<\/ul>\n<h2>Lisavarustusena v\u00f5imalik soetada:<\/h2>\n<ul>\n<li data-section-id=\"13u4rce\" data-start=\"2531\" data-end=\"2573\">\n<p data-start=\"2533\" data-end=\"2573\">filtris\u00fcsteem (element v\u00f5i liivfilter) + 390eur<\/p>\n<\/li>\n<li data-section-id=\"7gy39v\" data-start=\"2574\" data-end=\"2599\">\n<p data-start=\"2576\" data-end=\"2599\">Bluetooth helis\u00fcsteem 150eur<\/p>\n<\/li>\n<li data-section-id=\"5hon20\" data-start=\"2616\" data-end=\"2638\">\n<p data-start=\"2618\" data-end=\"2638\">joogitopsi hoidjad +45eur (4 topsi)<\/p>\n<\/li>\n<li data-section-id=\"5hon20\" data-start=\"2616\" data-end=\"2638\">pehmed peatoed 40eur (2tk)<\/li>\n<li data-section-id=\"5hon20\" data-start=\"2616\" data-end=\"2638\">sisenemiseks k\u00e4etugi 115eur<\/li>\n<li data-section-id=\"5hon20\" data-start=\"2616\" data-end=\"2638\">termopuidust \u00fcmbris 185eur<\/li>\n<li data-section-id=\"1scxzpt\" data-start=\"2639\" data-end=\"2663\">Ringtrepp \u00fcmber t\u00fcnni 225eur<\/li>\n<li>graniit visuaalse struktuuriga sisu 325eur<br \/>\n<span style=\"font-family: var(--global-body-font-family);\">&#8211; Hall<br \/>\n<\/span><span style=\"font-family: var(--global-body-font-family);\">&#8211; Valge<br \/>\n<\/span><span style=\"font-family: var(--global-body-font-family);\">&#8211; Kreemjas<br \/>\n<\/span><span style=\"font-family: var(--global-body-font-family);\">&#8211; Kirss<br \/>\n<\/span><span style=\"font-family: var(--global-body-font-family);\">&#8211; Tumesinine<br \/>\n<\/span><span style=\"font-family: var(--global-body-font-family);\">&#8211; Roheline<br \/>\n<\/span><span style=\"font-family: var(--global-body-font-family);\">&#8211; T\u00fcrkiissinine<br \/>\n<\/span><span style=\"font-family: var(--global-body-font-family);\">&#8211; Helehall<\/span><\/li>\n<li data-section-id=\"1scxzpt\" data-start=\"2639\" data-end=\"2663\">s\u00f6\u00f6gi\/joogi aluslaud<\/li>\n<li data-section-id=\"1scxzpt\" data-start=\"2639\" data-end=\"2663\">2x laiem ringtrepp +225eur<\/li>\n<\/ul>\n<p data-start=\"1862\" data-end=\"2017\">Nendest komponentidest piisab, et k\u00fcmblust\u00fcnn oleks <strong data-start=\"1906\" data-end=\"1976\">kohe kasutusvalmis ning vastupidav erinevates ilmastikutingimustes<\/strong>.<\/p>\n<p data-start=\"1862\" data-end=\"2017\">Kuumas vees l\u00f5\u00f5gastumine aitab <strong data-start=\"743\" data-end=\"813\">leevendada lihaspingeid, parandada vereringet ja v\u00e4hendada stressi<\/strong>, mist\u00f5ttu kasutatakse k\u00fcmblust\u00fcnne sageli sauna k\u00f5rval, spa-aladel ja turismitaludes.<\/p>\n<p data-start=\"1862\" data-end=\"2017\">\n","protected":false},"excerpt":{"rendered":"<p>Klaasfiibersisu 2.0 meetrit l\u00e4bim\u00f5\u00f5duga<br \/>\nImmutatud ja v\u00e4rvitud puitviimistlus<br \/>\nRoostevabast terasest integreeritud standardahi<br \/>\n2 m korsten koos vihmakaitsega<br \/>\nV\u00e4ljalaskraan vee t\u00fchjendamiseks<br \/>\nSoojustatud nahkkattega kaas<br \/>\nPUR vahuga soojustus<br \/>\nLED valgustus<br \/>\nMullis\u00fcsteem<br \/>\nPremium trepp<\/p>\n","protected":false},"featured_media":57033,"template":"","meta":{"_kad_blocks_custom_css":"","_kad_blocks_head_custom_js":"","_kad_blocks_body_custom_js":"","_kad_blocks_footer_custom_js":"","_kad_post_transparent":"default","_kad_post_title":"","_kad_post_layout":"default","_kad_post_sidebar_id":"","_kad_post_content_style":"default","_kad_post_vertical_padding":"default","_kad_post_feature":"","_kad_post_feature_position":"","_kad_post_header":false,"_kad_post_footer":false,"_kad_post_classname":""},"product_brand":[1882],"product_cat":[29],"product_tag":[1883],"class_list":{"0":"post-57261","1":"product","2":"type-product","3":"status-publish","4":"has-post-thumbnail","6":"product_brand-nordline","7":"product_cat-kumblustunnid","8":"product_tag-kumblustunnid","9":"product_shipping_class-kaup-mis-ei-mahu-euroalusele","10":"tm-no-options","12":"first","13":"instock","14":"taxable","15":"shipping-taxable","16":"purchasable","17":"product-type-simple","18":"entry","19":"content-bg","20":"loop-entry"},"yoast_head":"<!-- This site is optimized with the Yoast SEO plugin v27.3 - https:\/\/yoast.com\/product\/yoast-seo-wordpress\/ -->\n<title>K\u00fcmblust\u00fcnn elektrik\u00fcttega<\/title>\n<meta name=\"description\" content=\"Klaasfiibrist 2.0m l\u00e4bim\u00f5\u00f5duga, soojustatud vahuga, nahast kattega sooja kaanega, premium trepi, LED valgustuse ja mullis\u00fcsteemiga komplekt.\" \/>\n<meta name=\"robots\" content=\"index, follow, max-snippet:-1, max-image-preview:large, max-video-preview:-1\" \/>\n<link rel=\"canonical\" href=\"https:\/\/nordlinepaadid.ee\/et\/pood\/kumblustunnid\/kumblustunn-elektrikuttega\/\" \/>\n<meta property=\"og:locale\" content=\"et_EE\" \/>\n<meta property=\"og:type\" content=\"article\" \/>\n<meta property=\"og:title\" content=\"K\u00fcmblust\u00fcnn elektrik\u00fcttega\" \/>\n<meta property=\"og:description\" content=\"Klaasfiibrist 2.0m l\u00e4bim\u00f5\u00f5duga, soojustatud vahuga, nahast kattega sooja kaanega, premium trepi, LED valgustuse ja mullis\u00fcsteemiga komplekt.\" \/>\n<meta property=\"og:url\" content=\"https:\/\/nordlinepaadid.ee\/et\/pood\/kumblustunnid\/kumblustunn-elektrikuttega\/\" \/>\n<meta property=\"og:site_name\" content=\"NORDLINE s\u00f5udepaadid ja mootorpaadid. Klaasfiiber materjalist.\" \/>\n<meta property=\"article:publisher\" content=\"https:\/\/www.facebook.com\/nordlineboats\" \/>\n<meta property=\"article:modified_time\" content=\"2026-04-08T11:08:30+00:00\" \/>\n<meta property=\"og:image\" content=\"https:\/\/nordlinepaadid.ee\/wp-content\/uploads\/2026\/03\/Kumblustunn-integreeritud-ahjuga-led-valgus-mullisusteem-tartus-scaled.jpg\" \/>\n\t<meta property=\"og:image:width\" content=\"1441\" \/>\n\t<meta property=\"og:image:height\" content=\"2560\" \/>\n\t<meta property=\"og:image:type\" content=\"image\/jpeg\" \/>\n<meta name=\"twitter:card\" content=\"summary_large_image\" \/>\n<meta name=\"twitter:label1\" content=\"Est. reading time\" \/>\n\t<meta name=\"twitter:data1\" content=\"2 minutit\" \/>\n<script type=\"application\/ld+json\" class=\"yoast-schema-graph\">{\"@context\":\"https:\\\/\\\/schema.org\",\"@graph\":[{\"@type\":\"WebPage\",\"@id\":\"https:\\\/\\\/nordlinepaadid.ee\\\/et\\\/pood\\\/kumblustunnid\\\/kumblustunn-elektrikuttega\\\/\",\"url\":\"https:\\\/\\\/nordlinepaadid.ee\\\/et\\\/pood\\\/kumblustunnid\\\/kumblustunn-elektrikuttega\\\/\",\"name\":\"K\u00fcmblust\u00fcnn elektrik\u00fcttega\",\"isPartOf\":{\"@id\":\"https:\\\/\\\/nordlinepaadid.ee\\\/et\\\/#website\"},\"primaryImageOfPage\":{\"@id\":\"https:\\\/\\\/nordlinepaadid.ee\\\/et\\\/pood\\\/kumblustunnid\\\/kumblustunn-elektrikuttega\\\/#primaryimage\"},\"image\":{\"@id\":\"https:\\\/\\\/nordlinepaadid.ee\\\/et\\\/pood\\\/kumblustunnid\\\/kumblustunn-elektrikuttega\\\/#primaryimage\"},\"thumbnailUrl\":\"https:\\\/\\\/nordlinepaadid.ee\\\/wp-content\\\/uploads\\\/2026\\\/03\\\/Kumblustunn-integreeritud-ahjuga-led-valgus-mullisusteem-tartus-scaled.jpg\",\"datePublished\":\"2026-04-08T10:56:06+00:00\",\"dateModified\":\"2026-04-08T11:08:30+00:00\",\"description\":\"Klaasfiibrist 2.0m l\u00e4bim\u00f5\u00f5duga, soojustatud vahuga, nahast kattega sooja kaanega, premium trepi, LED valgustuse ja mullis\u00fcsteemiga komplekt.\",\"breadcrumb\":{\"@id\":\"https:\\\/\\\/nordlinepaadid.ee\\\/et\\\/pood\\\/kumblustunnid\\\/kumblustunn-elektrikuttega\\\/#breadcrumb\"},\"inLanguage\":\"et\",\"potentialAction\":[{\"@type\":\"ReadAction\",\"target\":[\"https:\\\/\\\/nordlinepaadid.ee\\\/et\\\/pood\\\/kumblustunnid\\\/kumblustunn-elektrikuttega\\\/\"]}]},{\"@type\":\"ImageObject\",\"inLanguage\":\"et\",\"@id\":\"https:\\\/\\\/nordlinepaadid.ee\\\/et\\\/pood\\\/kumblustunnid\\\/kumblustunn-elektrikuttega\\\/#primaryimage\",\"url\":\"https:\\\/\\\/nordlinepaadid.ee\\\/wp-content\\\/uploads\\\/2026\\\/03\\\/Kumblustunn-integreeritud-ahjuga-led-valgus-mullisusteem-tartus-scaled.jpg\",\"contentUrl\":\"https:\\\/\\\/nordlinepaadid.ee\\\/wp-content\\\/uploads\\\/2026\\\/03\\\/Kumblustunn-integreeritud-ahjuga-led-valgus-mullisusteem-tartus-scaled.jpg\",\"width\":1441,\"height\":2560,\"caption\":\"K\u00fcmblust\u00fcnn integreeritud ahjuga, led valgus, mullis\u00fcsteem, tartus\"},{\"@type\":\"BreadcrumbList\",\"@id\":\"https:\\\/\\\/nordlinepaadid.ee\\\/et\\\/pood\\\/kumblustunnid\\\/kumblustunn-elektrikuttega\\\/#breadcrumb\",\"itemListElement\":[{\"@type\":\"ListItem\",\"position\":1,\"name\":\"Home\",\"item\":\"https:\\\/\\\/nordlinepaadid.ee\\\/et\\\/\"},{\"@type\":\"ListItem\",\"position\":2,\"name\":\"Pood\",\"item\":\"https:\\\/\\\/nordlinepaadid.ee\\\/et\\\/pood\\\/\"},{\"@type\":\"ListItem\",\"position\":3,\"name\":\"K\u00fcmblust\u00fcnn 2.0 elektrik\u00fcttega\"}]},{\"@type\":\"WebSite\",\"@id\":\"https:\\\/\\\/nordlinepaadid.ee\\\/et\\\/#website\",\"url\":\"https:\\\/\\\/nordlinepaadid.ee\\\/et\\\/\",\"name\":\"NORDLINE s\u00f5udepaadid ja mootorpaadid. Klaasfiiber materjalist.\",\"description\":\"\",\"publisher\":{\"@id\":\"https:\\\/\\\/nordlinepaadid.ee\\\/et\\\/#organization\"},\"potentialAction\":[{\"@type\":\"SearchAction\",\"target\":{\"@type\":\"EntryPoint\",\"urlTemplate\":\"https:\\\/\\\/nordlinepaadid.ee\\\/et\\\/?s={search_term_string}\"},\"query-input\":{\"@type\":\"PropertyValueSpecification\",\"valueRequired\":true,\"valueName\":\"search_term_string\"}}],\"inLanguage\":\"et\"},{\"@type\":\"Organization\",\"@id\":\"https:\\\/\\\/nordlinepaadid.ee\\\/et\\\/#organization\",\"name\":\"Nordlineboats\",\"url\":\"https:\\\/\\\/nordlinepaadid.ee\\\/et\\\/\",\"logo\":{\"@type\":\"ImageObject\",\"inLanguage\":\"et\",\"@id\":\"https:\\\/\\\/nordlinepaadid.ee\\\/et\\\/#\\\/schema\\\/logo\\\/image\\\/\",\"url\":\"https:\\\/\\\/nordlinepaadid.ee\\\/wp-content\\\/uploads\\\/2023\\\/01\\\/fulllogo_transparent_nobuffer-e1672750475494.png\",\"contentUrl\":\"https:\\\/\\\/nordlinepaadid.ee\\\/wp-content\\\/uploads\\\/2023\\\/01\\\/fulllogo_transparent_nobuffer-e1672750475494.png\",\"width\":150,\"height\":119,\"caption\":\"Nordlineboats\"},\"image\":{\"@id\":\"https:\\\/\\\/nordlinepaadid.ee\\\/et\\\/#\\\/schema\\\/logo\\\/image\\\/\"},\"sameAs\":[\"https:\\\/\\\/www.facebook.com\\\/nordlineboats\",\"https:\\\/\\\/www.youtube.com\\\/channel\\\/UCbgF0fy02y3QkFnujaLTaCA\"]}]}<\/script>\n<!-- \/ Yoast SEO plugin. -->","yoast_head_json":{"title":"K\u00fcmblust\u00fcnn elektrik\u00fcttega","description":"Klaasfiibrist 2.0m l\u00e4bim\u00f5\u00f5duga, soojustatud vahuga, nahast kattega sooja kaanega, premium trepi, LED valgustuse ja mullis\u00fcsteemiga komplekt.","robots":{"index":"index","follow":"follow","max-snippet":"max-snippet:-1","max-image-preview":"max-image-preview:large","max-video-preview":"max-video-preview:-1"},"canonical":"https:\/\/nordlinepaadid.ee\/et\/pood\/kumblustunnid\/kumblustunn-elektrikuttega\/","og_locale":"et_EE","og_type":"article","og_title":"K\u00fcmblust\u00fcnn elektrik\u00fcttega","og_description":"Klaasfiibrist 2.0m l\u00e4bim\u00f5\u00f5duga, soojustatud vahuga, nahast kattega sooja kaanega, premium trepi, LED valgustuse ja mullis\u00fcsteemiga komplekt.","og_url":"https:\/\/nordlinepaadid.ee\/et\/pood\/kumblustunnid\/kumblustunn-elektrikuttega\/","og_site_name":"NORDLINE s\u00f5udepaadid ja mootorpaadid. Klaasfiiber materjalist.","article_publisher":"https:\/\/www.facebook.com\/nordlineboats","article_modified_time":"2026-04-08T11:08:30+00:00","og_image":[{"width":1441,"height":2560,"url":"https:\/\/nordlinepaadid.ee\/wp-content\/uploads\/2026\/03\/Kumblustunn-integreeritud-ahjuga-led-valgus-mullisusteem-tartus-scaled.jpg","type":"image\/jpeg"}],"twitter_card":"summary_large_image","twitter_misc":{"Est. reading time":"2 minutit"},"schema":{"@context":"https:\/\/schema.org","@graph":[{"@type":"WebPage","@id":"https:\/\/nordlinepaadid.ee\/et\/pood\/kumblustunnid\/kumblustunn-elektrikuttega\/","url":"https:\/\/nordlinepaadid.ee\/et\/pood\/kumblustunnid\/kumblustunn-elektrikuttega\/","name":"K\u00fcmblust\u00fcnn elektrik\u00fcttega","isPartOf":{"@id":"https:\/\/nordlinepaadid.ee\/et\/#website"},"primaryImageOfPage":{"@id":"https:\/\/nordlinepaadid.ee\/et\/pood\/kumblustunnid\/kumblustunn-elektrikuttega\/#primaryimage"},"image":{"@id":"https:\/\/nordlinepaadid.ee\/et\/pood\/kumblustunnid\/kumblustunn-elektrikuttega\/#primaryimage"},"thumbnailUrl":"https:\/\/nordlinepaadid.ee\/wp-content\/uploads\/2026\/03\/Kumblustunn-integreeritud-ahjuga-led-valgus-mullisusteem-tartus-scaled.jpg","datePublished":"2026-04-08T10:56:06+00:00","dateModified":"2026-04-08T11:08:30+00:00","description":"Klaasfiibrist 2.0m l\u00e4bim\u00f5\u00f5duga, soojustatud vahuga, nahast kattega sooja kaanega, premium trepi, LED valgustuse ja mullis\u00fcsteemiga komplekt.","breadcrumb":{"@id":"https:\/\/nordlinepaadid.ee\/et\/pood\/kumblustunnid\/kumblustunn-elektrikuttega\/#breadcrumb"},"inLanguage":"et","potentialAction":[{"@type":"ReadAction","target":["https:\/\/nordlinepaadid.ee\/et\/pood\/kumblustunnid\/kumblustunn-elektrikuttega\/"]}]},{"@type":"ImageObject","inLanguage":"et","@id":"https:\/\/nordlinepaadid.ee\/et\/pood\/kumblustunnid\/kumblustunn-elektrikuttega\/#primaryimage","url":"https:\/\/nordlinepaadid.ee\/wp-content\/uploads\/2026\/03\/Kumblustunn-integreeritud-ahjuga-led-valgus-mullisusteem-tartus-scaled.jpg","contentUrl":"https:\/\/nordlinepaadid.ee\/wp-content\/uploads\/2026\/03\/Kumblustunn-integreeritud-ahjuga-led-valgus-mullisusteem-tartus-scaled.jpg","width":1441,"height":2560,"caption":"K\u00fcmblust\u00fcnn integreeritud ahjuga, led valgus, mullis\u00fcsteem, tartus"},{"@type":"BreadcrumbList","@id":"https:\/\/nordlinepaadid.ee\/et\/pood\/kumblustunnid\/kumblustunn-elektrikuttega\/#breadcrumb","itemListElement":[{"@type":"ListItem","position":1,"name":"Home","item":"https:\/\/nordlinepaadid.ee\/et\/"},{"@type":"ListItem","position":2,"name":"Pood","item":"https:\/\/nordlinepaadid.ee\/et\/pood\/"},{"@type":"ListItem","position":3,"name":"K\u00fcmblust\u00fcnn 2.0 elektrik\u00fcttega"}]},{"@type":"WebSite","@id":"https:\/\/nordlinepaadid.ee\/et\/#website","url":"https:\/\/nordlinepaadid.ee\/et\/","name":"NORDLINE s\u00f5udepaadid ja mootorpaadid. Klaasfiiber materjalist.","description":"","publisher":{"@id":"https:\/\/nordlinepaadid.ee\/et\/#organization"},"potentialAction":[{"@type":"SearchAction","target":{"@type":"EntryPoint","urlTemplate":"https:\/\/nordlinepaadid.ee\/et\/?s={search_term_string}"},"query-input":{"@type":"PropertyValueSpecification","valueRequired":true,"valueName":"search_term_string"}}],"inLanguage":"et"},{"@type":"Organization","@id":"https:\/\/nordlinepaadid.ee\/et\/#organization","name":"Nordlineboats","url":"https:\/\/nordlinepaadid.ee\/et\/","logo":{"@type":"ImageObject","inLanguage":"et","@id":"https:\/\/nordlinepaadid.ee\/et\/#\/schema\/logo\/image\/","url":"https:\/\/nordlinepaadid.ee\/wp-content\/uploads\/2023\/01\/fulllogo_transparent_nobuffer-e1672750475494.png","contentUrl":"https:\/\/nordlinepaadid.ee\/wp-content\/uploads\/2023\/01\/fulllogo_transparent_nobuffer-e1672750475494.png","width":150,"height":119,"caption":"Nordlineboats"},"image":{"@id":"https:\/\/nordlinepaadid.ee\/et\/#\/schema\/logo\/image\/"},"sameAs":["https:\/\/www.facebook.com\/nordlineboats","https:\/\/www.youtube.com\/channel\/UCbgF0fy02y3QkFnujaLTaCA"]}]}},"taxonomy_info":{"product_brand":[{"value":1882,"label":"Nordline"}],"product_cat":[{"value":29,"label":"K\u00dcMBLUST\u00dcNNID"}],"product_tag":[{"value":1883,"label":"k\u00fcmblust\u00fcnnid"}]},"featured_image_src_large":["https:\/\/nordlinepaadid.ee\/wp-content\/uploads\/2026\/03\/Kumblustunn-integreeritud-ahjuga-led-valgus-mullisusteem-tartus-577x1024.jpg",577,1024,true],"author_info":[],"comment_info":"","_links":{"self":[{"href":"https:\/\/nordlinepaadid.ee\/et\/wp-json\/wp\/v2\/product\/57261","targetHints":{"allow":["GET"]}}],"collection":[{"href":"https:\/\/nordlinepaadid.ee\/et\/wp-json\/wp\/v2\/product"}],"about":[{"href":"https:\/\/nordlinepaadid.ee\/et\/wp-json\/wp\/v2\/types\/product"}],"wp:featuredmedia":[{"embeddable":true,"href":"https:\/\/nordlinepaadid.ee\/et\/wp-json\/wp\/v2\/media\/57033"}],"wp:attachment":[{"href":"https:\/\/nordlinepaadid.ee\/et\/wp-json\/wp\/v2\/media?parent=57261"}],"wp:term":[{"taxonomy":"product_brand","embeddable":true,"href":"https:\/\/nordlinepaadid.ee\/et\/wp-json\/wp\/v2\/product_brand?post=57261"},{"taxonomy":"product_cat","embeddable":true,"href":"https:\/\/nordlinepaadid.ee\/et\/wp-json\/wp\/v2\/product_cat?post=57261"},{"taxonomy":"product_tag","embeddable":true,"href":"https:\/\/nordlinepaadid.ee\/et\/wp-json\/wp\/v2\/product_tag?post=57261"}],"curies":[{"name":"wp","href":"https:\/\/api.w.org\/{rel}","templated":true}]}}