{"id":57423,"date":"2026-04-21T03:07:52","date_gmt":"2026-04-21T00:07:52","guid":{"rendered":"https:\/\/nordlinepaadid.ee\/pood\/maaratlemata\/veekindlad-kolarid-mittemagneetiline-60-w-valge-180-mm\/"},"modified":"2026-04-21T03:07:52","modified_gmt":"2026-04-21T00:07:52","slug":"veekindlad-kolarid-mittemagneetiline-60-w-valge-180-mm","status":"publish","type":"product","link":"https:\/\/nordlinepaadid.ee\/et\/pood\/marine-electronics-ru\/ru-waterproof-speakers\/veekindlad-kolarid-mittemagneetiline-60-w-valge-180-mm\/","title":{"rendered":"VEEKINDLAD K\u00d5LARID, MITTEMAGNEETILINE, 60 W, VALGE, 180 MM"},"content":{"rendered":"<p>Mittemagnetilised mudelid \u2013 loodud nii, et need ei h\u00e4iri instrumente ega kompasse. Kahesuunaline s\u00fcsteem parema j\u00f5udluse tagamiseks k\u00f5rgete ja madalate sageduste puhul, varustatud eraldi k\u00f5rgsagedusvaljuh\u00e4\u00e4ldiga. Sise- ja v\u00e4listingimustes kasutamiseks.<\/p>\n<p>&#13;<br \/>\n&#13;<\/p>\n<p>&nbsp;<\/p>\n<p>&#13;<br \/>\n&#13;<\/p>\n<p>Tehnilised andmed:<\/p>\n<p>&#13;<br \/>\n&#13;<\/p>\n<p>&#13;<br \/>\n\u00d8 A mm: 180<br \/>&#13;<br \/>\n\u00d8 B mm: 128<br \/>&#13;<br \/>\nC mm: 90<br \/>&#13;<br \/>\nD mm: 60<br \/>&#13;<br \/>\nV\u00f5imsus W (p\u00f6\u00f6rdemoment) \u2013 Rms: 60<br \/>&#13;<br \/>\nV\u00f5imsus W (p\u00f6\u00f6rdemoment) \u2013 Max: 100<br \/>&#13;<br \/>\nSagedus Hz: 60\u201322000<br \/>&#13;<br \/>\nOom: 4<\/p>\n<p>&#13;<\/p>\n","protected":false},"excerpt":{"rendered":"<p>Mittemagnetilised mudelid \u2013 loodud nii, et need ei h\u00e4iri instrumente ega kompasse. Kahesuunaline s\u00fcsteem parema j\u00f5udluse tagamiseks k\u00f5rgete ja madalate sageduste puhul, varustatud eraldi k\u00f5rgsagedusvaljuh\u00e4\u00e4ldiga. Sise- ja v\u00e4listingimustes kasutamiseks. &#13; &#13; &nbsp; &#13; &#13; Tehnilised andmed: &#13; &#13; &#13; \u00d8 A mm: 180&#13; \u00d8 B mm: 128&#13; C mm: 90&#13; D mm: 60&#13; V\u00f5imsus W&#8230;<\/p>\n","protected":false},"featured_media":54452,"template":"","meta":{"_kad_blocks_custom_css":"","_kad_blocks_head_custom_js":"","_kad_blocks_body_custom_js":"","_kad_blocks_footer_custom_js":"","_kad_post_transparent":"","_kad_post_title":"","_kad_post_layout":"","_kad_post_sidebar_id":"","_kad_post_content_style":"","_kad_post_vertical_padding":"","_kad_post_feature":"","_kad_post_feature_position":"","_kad_post_header":false,"_kad_post_footer":false,"_kad_post_classname":""},"product_brand":[],"product_cat":[352,298,847],"product_tag":[],"class_list":{"0":"post-57423","1":"product","2":"type-product","3":"status-publish","4":"has-post-thumbnail","6":"product_cat-mereelektroonika","7":"product_cat-veekindlad-kolarid","8":"product_cat-ru-waterproof-speakers","9":"pa_color-valge","10":"pa_unit-pcs","11":"tm-no-options","13":"first","14":"onbackorder","15":"taxable","16":"shipping-taxable","17":"purchasable","18":"product-type-simple","19":"entry","20":"content-bg","21":"loop-entry"},"yoast_head":"<!-- This site is optimized with the Yoast SEO plugin v27.4 - https:\/\/yoast.com\/product\/yoast-seo-wordpress\/ -->\n<title>VEEKINDLAD K\u00d5LARID, MITTEMAGNEETILINE, 60 W, VALGE, 180 MM - NORDLINE s\u00f5udepaadid ja mootorpaadid. Klaasfiiber materjalist.<\/title>\n<meta name=\"robots\" content=\"index, follow, max-snippet:-1, max-image-preview:large, max-video-preview:-1\" \/>\n<link rel=\"canonical\" href=\"https:\/\/nordlinepaadid.ee\/et\/pood\/marine-electronics-ru\/ru-waterproof-speakers\/veekindlad-kolarid-mittemagneetiline-60-w-valge-180-mm\/\" \/>\n<meta property=\"og:locale\" content=\"et_EE\" \/>\n<meta property=\"og:type\" content=\"article\" \/>\n<meta property=\"og:title\" content=\"VEEKINDLAD K\u00d5LARID, MITTEMAGNEETILINE, 60 W, VALGE, 180 MM - NORDLINE s\u00f5udepaadid ja mootorpaadid. Klaasfiiber materjalist.\" \/>\n<meta property=\"og:description\" content=\"Mittemagnetilised mudelid \u2013 loodud nii, et need ei h\u00e4iri instrumente ega kompasse. Kahesuunaline s\u00fcsteem parema j\u00f5udluse tagamiseks k\u00f5rgete ja madalate sageduste puhul, varustatud eraldi k\u00f5rgsagedusvaljuh\u00e4\u00e4ldiga. Sise- ja v\u00e4listingimustes kasutamiseks. &#013; &#013; &nbsp; &#013; &#013; Tehnilised andmed: &#013; &#013; &#013; \u00d8 A mm: 180&#013; \u00d8 B mm: 128&#013; C mm: 90&#013; D mm: 60&#013; V\u00f5imsus W...\" \/>\n<meta property=\"og:url\" content=\"https:\/\/nordlinepaadid.ee\/et\/pood\/marine-electronics-ru\/ru-waterproof-speakers\/veekindlad-kolarid-mittemagneetiline-60-w-valge-180-mm\/\" \/>\n<meta property=\"og:site_name\" content=\"NORDLINE s\u00f5udepaadid ja mootorpaadid. Klaasfiiber materjalist.\" \/>\n<meta property=\"article:publisher\" content=\"https:\/\/www.facebook.com\/nordlineboats\" \/>\n<meta property=\"og:image\" content=\"https:\/\/nordlinepaadid.ee\/wp-content\/uploads\/2026\/02\/13077_VEEKINDLDAD_KOLARID_MITTEMAGNEETILINE_60_W_VALGE_180_MM.jpg\" \/>\n\t<meta property=\"og:image:width\" content=\"793\" \/>\n\t<meta property=\"og:image:height\" content=\"800\" \/>\n\t<meta property=\"og:image:type\" content=\"image\/jpeg\" \/>\n<meta name=\"twitter:card\" content=\"summary_large_image\" \/>\n<script type=\"application\/ld+json\" class=\"yoast-schema-graph\">{\"@context\":\"https:\\\/\\\/schema.org\",\"@graph\":[{\"@type\":\"WebPage\",\"@id\":\"https:\\\/\\\/nordlinepaadid.ee\\\/et\\\/pood\\\/marine-electronics-ru\\\/ru-waterproof-speakers\\\/veekindlad-kolarid-mittemagneetiline-60-w-valge-180-mm\\\/\",\"url\":\"https:\\\/\\\/nordlinepaadid.ee\\\/et\\\/pood\\\/marine-electronics-ru\\\/ru-waterproof-speakers\\\/veekindlad-kolarid-mittemagneetiline-60-w-valge-180-mm\\\/\",\"name\":\"VEEKINDLAD K\u00d5LARID, MITTEMAGNEETILINE, 60 W, VALGE, 180 MM - NORDLINE s\u00f5udepaadid ja mootorpaadid. Klaasfiiber materjalist.\",\"isPartOf\":{\"@id\":\"https:\\\/\\\/nordlinepaadid.ee\\\/et\\\/#website\"},\"primaryImageOfPage\":{\"@id\":\"https:\\\/\\\/nordlinepaadid.ee\\\/et\\\/pood\\\/marine-electronics-ru\\\/ru-waterproof-speakers\\\/veekindlad-kolarid-mittemagneetiline-60-w-valge-180-mm\\\/#primaryimage\"},\"image\":{\"@id\":\"https:\\\/\\\/nordlinepaadid.ee\\\/et\\\/pood\\\/marine-electronics-ru\\\/ru-waterproof-speakers\\\/veekindlad-kolarid-mittemagneetiline-60-w-valge-180-mm\\\/#primaryimage\"},\"thumbnailUrl\":\"https:\\\/\\\/nordlinepaadid.ee\\\/wp-content\\\/uploads\\\/2026\\\/02\\\/13077_VEEKINDLDAD_KOLARID_MITTEMAGNEETILINE_60_W_VALGE_180_MM.jpg\",\"datePublished\":\"2026-04-21T00:07:52+00:00\",\"breadcrumb\":{\"@id\":\"https:\\\/\\\/nordlinepaadid.ee\\\/et\\\/pood\\\/marine-electronics-ru\\\/ru-waterproof-speakers\\\/veekindlad-kolarid-mittemagneetiline-60-w-valge-180-mm\\\/#breadcrumb\"},\"inLanguage\":\"et\",\"potentialAction\":[{\"@type\":\"ReadAction\",\"target\":[\"https:\\\/\\\/nordlinepaadid.ee\\\/et\\\/pood\\\/marine-electronics-ru\\\/ru-waterproof-speakers\\\/veekindlad-kolarid-mittemagneetiline-60-w-valge-180-mm\\\/\"]}]},{\"@type\":\"ImageObject\",\"inLanguage\":\"et\",\"@id\":\"https:\\\/\\\/nordlinepaadid.ee\\\/et\\\/pood\\\/marine-electronics-ru\\\/ru-waterproof-speakers\\\/veekindlad-kolarid-mittemagneetiline-60-w-valge-180-mm\\\/#primaryimage\",\"url\":\"https:\\\/\\\/nordlinepaadid.ee\\\/wp-content\\\/uploads\\\/2026\\\/02\\\/13077_VEEKINDLDAD_KOLARID_MITTEMAGNEETILINE_60_W_VALGE_180_MM.jpg\",\"contentUrl\":\"https:\\\/\\\/nordlinepaadid.ee\\\/wp-content\\\/uploads\\\/2026\\\/02\\\/13077_VEEKINDLDAD_KOLARID_MITTEMAGNEETILINE_60_W_VALGE_180_MM.jpg\",\"width\":793,\"height\":800},{\"@type\":\"BreadcrumbList\",\"@id\":\"https:\\\/\\\/nordlinepaadid.ee\\\/et\\\/pood\\\/marine-electronics-ru\\\/ru-waterproof-speakers\\\/veekindlad-kolarid-mittemagneetiline-60-w-valge-180-mm\\\/#breadcrumb\",\"itemListElement\":[{\"@type\":\"ListItem\",\"position\":1,\"name\":\"Home\",\"item\":\"https:\\\/\\\/nordlinepaadid.ee\\\/et\\\/\"},{\"@type\":\"ListItem\",\"position\":2,\"name\":\"Pood\",\"item\":\"https:\\\/\\\/nordlinepaadid.ee\\\/et\\\/pood\\\/\"},{\"@type\":\"ListItem\",\"position\":3,\"name\":\"VEEKINDLAD K\u00d5LARID, MITTEMAGNEETILINE, 60 W, VALGE, 180 MM\"}]},{\"@type\":\"WebSite\",\"@id\":\"https:\\\/\\\/nordlinepaadid.ee\\\/et\\\/#website\",\"url\":\"https:\\\/\\\/nordlinepaadid.ee\\\/et\\\/\",\"name\":\"NORDLINE s\u00f5udepaadid ja mootorpaadid. Klaasfiiber materjalist.\",\"description\":\"\",\"publisher\":{\"@id\":\"https:\\\/\\\/nordlinepaadid.ee\\\/et\\\/#organization\"},\"potentialAction\":[{\"@type\":\"SearchAction\",\"target\":{\"@type\":\"EntryPoint\",\"urlTemplate\":\"https:\\\/\\\/nordlinepaadid.ee\\\/et\\\/?s={search_term_string}\"},\"query-input\":{\"@type\":\"PropertyValueSpecification\",\"valueRequired\":true,\"valueName\":\"search_term_string\"}}],\"inLanguage\":\"et\"},{\"@type\":\"Organization\",\"@id\":\"https:\\\/\\\/nordlinepaadid.ee\\\/et\\\/#organization\",\"name\":\"Nordlineboats\",\"url\":\"https:\\\/\\\/nordlinepaadid.ee\\\/et\\\/\",\"logo\":{\"@type\":\"ImageObject\",\"inLanguage\":\"et\",\"@id\":\"https:\\\/\\\/nordlinepaadid.ee\\\/et\\\/#\\\/schema\\\/logo\\\/image\\\/\",\"url\":\"https:\\\/\\\/nordlinepaadid.ee\\\/wp-content\\\/uploads\\\/2023\\\/01\\\/fulllogo_transparent_nobuffer-e1672750475494.png\",\"contentUrl\":\"https:\\\/\\\/nordlinepaadid.ee\\\/wp-content\\\/uploads\\\/2023\\\/01\\\/fulllogo_transparent_nobuffer-e1672750475494.png\",\"width\":150,\"height\":119,\"caption\":\"Nordlineboats\"},\"image\":{\"@id\":\"https:\\\/\\\/nordlinepaadid.ee\\\/et\\\/#\\\/schema\\\/logo\\\/image\\\/\"},\"sameAs\":[\"https:\\\/\\\/www.facebook.com\\\/nordlineboats\",\"https:\\\/\\\/www.youtube.com\\\/channel\\\/UCbgF0fy02y3QkFnujaLTaCA\"]}]}<\/script>\n<!-- \/ Yoast SEO plugin. -->","yoast_head_json":{"title":"VEEKINDLAD K\u00d5LARID, MITTEMAGNEETILINE, 60 W, VALGE, 180 MM - NORDLINE s\u00f5udepaadid ja mootorpaadid. Klaasfiiber materjalist.","robots":{"index":"index","follow":"follow","max-snippet":"max-snippet:-1","max-image-preview":"max-image-preview:large","max-video-preview":"max-video-preview:-1"},"canonical":"https:\/\/nordlinepaadid.ee\/et\/pood\/marine-electronics-ru\/ru-waterproof-speakers\/veekindlad-kolarid-mittemagneetiline-60-w-valge-180-mm\/","og_locale":"et_EE","og_type":"article","og_title":"VEEKINDLAD K\u00d5LARID, MITTEMAGNEETILINE, 60 W, VALGE, 180 MM - NORDLINE s\u00f5udepaadid ja mootorpaadid. Klaasfiiber materjalist.","og_description":"Mittemagnetilised mudelid \u2013 loodud nii, et need ei h\u00e4iri instrumente ega kompasse. Kahesuunaline s\u00fcsteem parema j\u00f5udluse tagamiseks k\u00f5rgete ja madalate sageduste puhul, varustatud eraldi k\u00f5rgsagedusvaljuh\u00e4\u00e4ldiga. Sise- ja v\u00e4listingimustes kasutamiseks. &#13; &#13; &nbsp; &#13; &#13; Tehnilised andmed: &#13; &#13; &#13; \u00d8 A mm: 180&#13; \u00d8 B mm: 128&#13; C mm: 90&#13; D mm: 60&#13; V\u00f5imsus W...","og_url":"https:\/\/nordlinepaadid.ee\/et\/pood\/marine-electronics-ru\/ru-waterproof-speakers\/veekindlad-kolarid-mittemagneetiline-60-w-valge-180-mm\/","og_site_name":"NORDLINE s\u00f5udepaadid ja mootorpaadid. Klaasfiiber materjalist.","article_publisher":"https:\/\/www.facebook.com\/nordlineboats","og_image":[{"width":793,"height":800,"url":"https:\/\/nordlinepaadid.ee\/wp-content\/uploads\/2026\/02\/13077_VEEKINDLDAD_KOLARID_MITTEMAGNEETILINE_60_W_VALGE_180_MM.jpg","type":"image\/jpeg"}],"twitter_card":"summary_large_image","schema":{"@context":"https:\/\/schema.org","@graph":[{"@type":"WebPage","@id":"https:\/\/nordlinepaadid.ee\/et\/pood\/marine-electronics-ru\/ru-waterproof-speakers\/veekindlad-kolarid-mittemagneetiline-60-w-valge-180-mm\/","url":"https:\/\/nordlinepaadid.ee\/et\/pood\/marine-electronics-ru\/ru-waterproof-speakers\/veekindlad-kolarid-mittemagneetiline-60-w-valge-180-mm\/","name":"VEEKINDLAD K\u00d5LARID, MITTEMAGNEETILINE, 60 W, VALGE, 180 MM - NORDLINE s\u00f5udepaadid ja mootorpaadid. Klaasfiiber materjalist.","isPartOf":{"@id":"https:\/\/nordlinepaadid.ee\/et\/#website"},"primaryImageOfPage":{"@id":"https:\/\/nordlinepaadid.ee\/et\/pood\/marine-electronics-ru\/ru-waterproof-speakers\/veekindlad-kolarid-mittemagneetiline-60-w-valge-180-mm\/#primaryimage"},"image":{"@id":"https:\/\/nordlinepaadid.ee\/et\/pood\/marine-electronics-ru\/ru-waterproof-speakers\/veekindlad-kolarid-mittemagneetiline-60-w-valge-180-mm\/#primaryimage"},"thumbnailUrl":"https:\/\/nordlinepaadid.ee\/wp-content\/uploads\/2026\/02\/13077_VEEKINDLDAD_KOLARID_MITTEMAGNEETILINE_60_W_VALGE_180_MM.jpg","datePublished":"2026-04-21T00:07:52+00:00","breadcrumb":{"@id":"https:\/\/nordlinepaadid.ee\/et\/pood\/marine-electronics-ru\/ru-waterproof-speakers\/veekindlad-kolarid-mittemagneetiline-60-w-valge-180-mm\/#breadcrumb"},"inLanguage":"et","potentialAction":[{"@type":"ReadAction","target":["https:\/\/nordlinepaadid.ee\/et\/pood\/marine-electronics-ru\/ru-waterproof-speakers\/veekindlad-kolarid-mittemagneetiline-60-w-valge-180-mm\/"]}]},{"@type":"ImageObject","inLanguage":"et","@id":"https:\/\/nordlinepaadid.ee\/et\/pood\/marine-electronics-ru\/ru-waterproof-speakers\/veekindlad-kolarid-mittemagneetiline-60-w-valge-180-mm\/#primaryimage","url":"https:\/\/nordlinepaadid.ee\/wp-content\/uploads\/2026\/02\/13077_VEEKINDLDAD_KOLARID_MITTEMAGNEETILINE_60_W_VALGE_180_MM.jpg","contentUrl":"https:\/\/nordlinepaadid.ee\/wp-content\/uploads\/2026\/02\/13077_VEEKINDLDAD_KOLARID_MITTEMAGNEETILINE_60_W_VALGE_180_MM.jpg","width":793,"height":800},{"@type":"BreadcrumbList","@id":"https:\/\/nordlinepaadid.ee\/et\/pood\/marine-electronics-ru\/ru-waterproof-speakers\/veekindlad-kolarid-mittemagneetiline-60-w-valge-180-mm\/#breadcrumb","itemListElement":[{"@type":"ListItem","position":1,"name":"Home","item":"https:\/\/nordlinepaadid.ee\/et\/"},{"@type":"ListItem","position":2,"name":"Pood","item":"https:\/\/nordlinepaadid.ee\/et\/pood\/"},{"@type":"ListItem","position":3,"name":"VEEKINDLAD K\u00d5LARID, MITTEMAGNEETILINE, 60 W, VALGE, 180 MM"}]},{"@type":"WebSite","@id":"https:\/\/nordlinepaadid.ee\/et\/#website","url":"https:\/\/nordlinepaadid.ee\/et\/","name":"NORDLINE s\u00f5udepaadid ja mootorpaadid. Klaasfiiber materjalist.","description":"","publisher":{"@id":"https:\/\/nordlinepaadid.ee\/et\/#organization"},"potentialAction":[{"@type":"SearchAction","target":{"@type":"EntryPoint","urlTemplate":"https:\/\/nordlinepaadid.ee\/et\/?s={search_term_string}"},"query-input":{"@type":"PropertyValueSpecification","valueRequired":true,"valueName":"search_term_string"}}],"inLanguage":"et"},{"@type":"Organization","@id":"https:\/\/nordlinepaadid.ee\/et\/#organization","name":"Nordlineboats","url":"https:\/\/nordlinepaadid.ee\/et\/","logo":{"@type":"ImageObject","inLanguage":"et","@id":"https:\/\/nordlinepaadid.ee\/et\/#\/schema\/logo\/image\/","url":"https:\/\/nordlinepaadid.ee\/wp-content\/uploads\/2023\/01\/fulllogo_transparent_nobuffer-e1672750475494.png","contentUrl":"https:\/\/nordlinepaadid.ee\/wp-content\/uploads\/2023\/01\/fulllogo_transparent_nobuffer-e1672750475494.png","width":150,"height":119,"caption":"Nordlineboats"},"image":{"@id":"https:\/\/nordlinepaadid.ee\/et\/#\/schema\/logo\/image\/"},"sameAs":["https:\/\/www.facebook.com\/nordlineboats","https:\/\/www.youtube.com\/channel\/UCbgF0fy02y3QkFnujaLTaCA"]}]}},"taxonomy_info":{"product_cat":[{"value":352,"label":"MEREELEKTROONIKA"},{"value":298,"label":"Veekindlad k\u00f5larid, Audio-Video Seadmed"},{"value":847,"label":"\u0412\u043e\u0434\u043e\u0441\u0442\u043e\u0439\u043a\u0430\u044f \u0430\u0443\u0434\u0438\u043e- \u0432\u0438\u0434\u0435\u043e\u0442\u0435\u0445\u043d\u0438\u043a\u0430"}],"pa_color":[{"value":677,"label":"Valge"}],"pa_unit":[{"value":416,"label":"pcs"}]},"featured_image_src_large":["https:\/\/nordlinepaadid.ee\/wp-content\/uploads\/2026\/02\/13077_VEEKINDLDAD_KOLARID_MITTEMAGNEETILINE_60_W_VALGE_180_MM.jpg",793,800,false],"author_info":[],"comment_info":"","_links":{"self":[{"href":"https:\/\/nordlinepaadid.ee\/et\/wp-json\/wp\/v2\/product\/57423","targetHints":{"allow":["GET"]}}],"collection":[{"href":"https:\/\/nordlinepaadid.ee\/et\/wp-json\/wp\/v2\/product"}],"about":[{"href":"https:\/\/nordlinepaadid.ee\/et\/wp-json\/wp\/v2\/types\/product"}],"wp:featuredmedia":[{"embeddable":true,"href":"https:\/\/nordlinepaadid.ee\/et\/wp-json\/wp\/v2\/media\/54452"}],"wp:attachment":[{"href":"https:\/\/nordlinepaadid.ee\/et\/wp-json\/wp\/v2\/media?parent=57423"}],"wp:term":[{"taxonomy":"product_brand","embeddable":true,"href":"https:\/\/nordlinepaadid.ee\/et\/wp-json\/wp\/v2\/product_brand?post=57423"},{"taxonomy":"product_cat","embeddable":true,"href":"https:\/\/nordlinepaadid.ee\/et\/wp-json\/wp\/v2\/product_cat?post=57423"},{"taxonomy":"product_tag","embeddable":true,"href":"https:\/\/nordlinepaadid.ee\/et\/wp-json\/wp\/v2\/product_tag?post=57423"}],"curies":[{"name":"wp","href":"https:\/\/api.w.org\/{rel}","templated":true}]}}