{"id":57979,"date":"2026-04-21T03:11:50","date_gmt":"2026-04-21T00:11:50","guid":{"rendered":"https:\/\/nordlinepaadid.ee\/pood\/maaratlemata\/ujuvusabiga-tormipuksid-fladen-maxximus-865-l\/"},"modified":"2026-04-21T08:02:36","modified_gmt":"2026-04-21T05:02:36","slug":"ujuvusabiga-tormipuksid-fladen-maxximus-865-l","status":"publish","type":"product","link":"https:\/\/nordlinepaadid.ee\/et\/pood\/outlet\/ujuvusabiga-tormipuksid-fladen-maxximus-865-l\/","title":{"rendered":"UJUVUSABIGA TORMIP\u00dcKSID- FLADEN MAXXIMUS 865, L"},"content":{"rendered":"<p>Fladen Maxximus 865MX p\u00fcksid on veekindlad ja omavad ujuvusabi 50N. Sobilikud kasutamiseks koos Maxximus 850MX jopega. P\u00fckstel on veekindel t\u00f5mbelukk, mis kaetud tormiklapiga. P\u00f5lveosad on kaetud tugeva ja kulumiskindla Kevlar materjaliga. Helkur-ribad tormiklapil ja p\u00fckste s\u00e4\u00e4reosal.<\/p>\n<p>&#13;<\/p>\n<table border=\"1\" cellpadding=\"1\" cellspacing=\"1\" style=\"font-size:11.81px; width:400px\">&#13;<\/p>\n<caption>&#13;<\/p>\n<p style=\"text-align:left\"><strong>Fladeni jopede, p\u00fckside ja ujuv\u00fclikondade suuruste tabel<\/strong><\/p>\n<p>&#13;<br \/>\n&#13;<\/p>\n<p style=\"text-align:left\">&nbsp;<\/p>\n<p>&#13;<br \/>\n\t<\/caption>\n<p>&#13;<\/p>\n<thead>&#13;<\/p>\n<tr>&#13;<\/p>\n<th scope=\"col\" style=\"background-color:rgb(14, 119, 199)\"><span style=\"color:rgb(255, 255, 255)\">Suurus<\/span><\/th>\n<p>&#13;<\/p>\n<th scope=\"col\" style=\"background-color:rgb(14, 119, 199)\"><span style=\"color:rgb(255, 255, 255)\">Kaal<\/span><\/th>\n<p>&#13;<\/p>\n<th scope=\"col\" style=\"background-color:rgb(14, 119, 199)\"><span style=\"color:rgb(255, 255, 255)\">Pikkus<\/span><\/th>\n<p>&#13;<br \/>\n\t\t<\/tr>\n<p>&#13;\n\t<\/thead>\n<p>&#13;<\/p>\n<tbody>&#13;<\/p>\n<tr>&#13;<\/p>\n<td style=\"text-align:center\">XXS<\/td>\n<p>&#13;<\/p>\n<td style=\"text-align:center\">40-60 kg<\/td>\n<p>&#13;<\/p>\n<td style=\"text-align:center\">140-153 cm<\/td>\n<p>&#13;<br \/>\n\t\t<\/tr>\n<p>&#13;<\/p>\n<tr>&#13;<\/p>\n<td style=\"text-align:center\">XS<\/td>\n<p>&#13;<\/p>\n<td style=\"text-align:center\">50-70 kg<\/td>\n<p>&#13;<\/p>\n<td style=\"text-align:center\">153-160 cm<\/td>\n<p>&#13;<br \/>\n\t\t<\/tr>\n<p>&#13;<\/p>\n<tr>&#13;<\/p>\n<td style=\"text-align:center\">S<\/td>\n<p>&#13;<\/p>\n<td style=\"text-align:center\">50-70 kg<\/td>\n<p>&#13;<\/p>\n<td style=\"text-align:center\">160-167 cm<\/td>\n<p>&#13;<br \/>\n\t\t<\/tr>\n<p>&#13;<\/p>\n<tr>&#13;<\/p>\n<td style=\"text-align:center\">M<\/td>\n<p>&#13;<\/p>\n<td style=\"text-align:center\">70-90 kg<\/td>\n<p>&#13;<\/p>\n<td style=\"text-align:center\">167-175 cm<\/td>\n<p>&#13;<br \/>\n\t\t<\/tr>\n<p>&#13;<\/p>\n<tr>&#13;<\/p>\n<td style=\"text-align:center\">L<\/td>\n<p>&#13;<\/p>\n<td style=\"text-align:center\">80-100 kg<\/td>\n<p>&#13;<\/p>\n<td style=\"text-align:center\">176-183 cm<\/td>\n<p>&#13;<br \/>\n\t\t<\/tr>\n<p>&#13;<\/p>\n<tr>&#13;<\/p>\n<td style=\"text-align:center\">XL<\/td>\n<p>&#13;<\/p>\n<td style=\"text-align:center\">90-110 kg<\/td>\n<p>&#13;<\/p>\n<td style=\"text-align:center\">184-190 cm<\/td>\n<p>&#13;<br \/>\n\t\t<\/tr>\n<p>&#13;<\/p>\n<tr>&#13;<\/p>\n<td style=\"text-align:center\">XXL<\/td>\n<p>&#13;<\/p>\n<td style=\"text-align:center\">90-135 kg<\/td>\n<p>&#13;<\/p>\n<td style=\"text-align:center\">190-198 cm<\/td>\n<p>&#13;<br \/>\n\t\t<\/tr>\n<p>&#13;<br \/>\n\t<\/tbody>\n<p>&#13;<br \/>\n<\/table>\n<p>&#13;<br \/>\n&#13;<\/p>\n<p>&nbsp;<\/p>\n<p>&#13;<br \/>\n&#13;<\/p>\n<p>&nbsp;<\/p>\n<p>&#13;<br \/>\n&#13;<\/p>\n<table border=\"1\" cellpadding=\"0\" cellspacing=\"1\" style=\"font-size:11.81px; width:400px\">&#13;<\/p>\n<caption>&#13;<\/p>\n<p style=\"text-align:left\"><strong>Vee\u00fclikondade ujuvus njuutonites (\u00fche- ja kaheosalised)<\/strong><\/p>\n<p>&#13;<br \/>\n&#13;<\/p>\n<p>&nbsp;<\/p>\n<p>&#13;<br \/>\n\t<\/caption>\n<p>&#13;<\/p>\n<thead>&#13;<\/p>\n<tr>&#13;<\/p>\n<th style=\"background-color:rgb(14, 119, 199)\">&#13;<\/p>\n<p><span style=\"color:rgb(255, 255, 255)\">&nbsp; &nbsp; Suurus &nbsp;&nbsp;<\/span><\/p>\n<p>&#13;\n\t\t\t<\/th>\n<p>&#13;<\/p>\n<th style=\"background-color:rgb(246, 142, 39)\">&#13;<\/p>\n<p><span style=\"color:rgb(255, 255, 255)\">Fladeni ujuvus<\/span><\/p>\n<p>&#13;\n\t\t\t<\/th>\n<p>&#13;<\/p>\n<th style=\"background-color:rgb(237, 28, 36)\">&#13;<\/p>\n<p><span style=\"color:rgb(255, 255, 255)\">&nbsp;EN 393 standard<\/span><\/p>\n<p>&#13;\n\t\t\t<\/th>\n<p>&#13;<br \/>\n\t\t<\/tr>\n<p>&#13;\n\t<\/thead>\n<p>&#13;<\/p>\n<tbody>&#13;<\/p>\n<tr>&#13;<\/p>\n<td>&#13;<\/p>\n<p style=\"text-align:center\">XXS<\/p>\n<p>&#13;\n\t\t\t<\/td>\n<p>&#13;<\/p>\n<td>&#13;<\/p>\n<p style=\"text-align:center\">52 N<\/p>\n<p>&#13;\n\t\t\t<\/td>\n<p>&#13;<\/p>\n<td>&#13;<\/p>\n<p style=\"text-align:center\">40 N<\/p>\n<p>&#13;\n\t\t\t<\/td>\n<p>&#13;<br \/>\n\t\t<\/tr>\n<p>&#13;<\/p>\n<tr>&#13;<\/p>\n<td>&#13;<\/p>\n<p style=\"text-align:center\">XS<\/p>\n<p>&#13;\n\t\t\t<\/td>\n<p>&#13;<\/p>\n<td>&#13;<\/p>\n<p style=\"text-align:center\">60 N<\/p>\n<p>&#13;\n\t\t\t<\/td>\n<p>&#13;<\/p>\n<td>&#13;<\/p>\n<p style=\"text-align:center\">40 N<\/p>\n<p>&#13;\n\t\t\t<\/td>\n<p>&#13;<br \/>\n\t\t<\/tr>\n<p>&#13;<\/p>\n<tr>&#13;<\/p>\n<td>&#13;<\/p>\n<p style=\"text-align:center\">S<\/p>\n<p>&#13;\n\t\t\t<\/td>\n<p>&#13;<\/p>\n<td>&#13;<\/p>\n<p style=\"text-align:center\">69 N<\/p>\n<p>&#13;\n\t\t\t<\/td>\n<p>&#13;<\/p>\n<td>&#13;<\/p>\n<p style=\"text-align:center\">40 N<\/p>\n<p>&#13;\n\t\t\t<\/td>\n<p>&#13;<br \/>\n\t\t<\/tr>\n<p>&#13;<\/p>\n<tr>&#13;<\/p>\n<td>&#13;<\/p>\n<p style=\"text-align:center\">M<\/p>\n<p>&#13;\n\t\t\t<\/td>\n<p>&#13;<\/p>\n<td>&#13;<\/p>\n<p style=\"text-align:center\">75 N<\/p>\n<p>&#13;\n\t\t\t<\/td>\n<p>&#13;<\/p>\n<td>&#13;<\/p>\n<p style=\"text-align:center\">50 N<\/p>\n<p>&#13;\n\t\t\t<\/td>\n<p>&#13;<br \/>\n\t\t<\/tr>\n<p>&#13;<\/p>\n<tr>&#13;<\/p>\n<td>&#13;<\/p>\n<p style=\"text-align:center\">L<\/p>\n<p>&#13;\n\t\t\t<\/td>\n<p>&#13;<\/p>\n<td>&#13;<\/p>\n<p style=\"text-align:center\">82 N<\/p>\n<p>&#13;\n\t\t\t<\/td>\n<p>&#13;<\/p>\n<td>&#13;<\/p>\n<p style=\"text-align:center\">50 N<\/p>\n<p>&#13;\n\t\t\t<\/td>\n<p>&#13;<br \/>\n\t\t<\/tr>\n<p>&#13;<\/p>\n<tr>&#13;<\/p>\n<td>&#13;<\/p>\n<p style=\"text-align:center\">XL<\/p>\n<p>&#13;\n\t\t\t<\/td>\n<p>&#13;<\/p>\n<td>&#13;<\/p>\n<p style=\"text-align:center\">88 N<\/p>\n<p>&#13;\n\t\t\t<\/td>\n<p>&#13;<\/p>\n<td>&#13;<\/p>\n<p style=\"text-align:center\">50 N<\/p>\n<p>&#13;\n\t\t\t<\/td>\n<p>&#13;<br \/>\n\t\t<\/tr>\n<p>&#13;<\/p>\n<tr>&#13;<\/p>\n<td>&#13;<\/p>\n<p style=\"text-align:center\">XXL<\/p>\n<p>&#13;\n\t\t\t<\/td>\n<p>&#13;<\/p>\n<td>&#13;<\/p>\n<p style=\"text-align:center\">109 N<\/p>\n<p>&#13;\n\t\t\t<\/td>\n<p>&#13;<\/p>\n<td>&#13;<\/p>\n<p style=\"text-align:center\">50 N<\/p>\n<p>&#13;\n\t\t\t<\/td>\n<p>&#13;<br \/>\n\t\t<\/tr>\n<p>&#13;<\/p>\n<tr>&#13;<\/p>\n<td>&#13;<\/p>\n<p style=\"text-align:center\">XXLS<\/p>\n<p>&#13;\n\t\t\t<\/td>\n<p>&#13;<\/p>\n<td>&#13;<\/p>\n<p style=\"text-align:center\">100 N<\/p>\n<p>&#13;\n\t\t\t<\/td>\n<p>&#13;<\/p>\n<td>&#13;<\/p>\n<p style=\"text-align:center\">50 N<\/p>\n<p>&#13;\n\t\t\t<\/td>\n<p>&#13;<br \/>\n\t\t<\/tr>\n<p>&#13;<br \/>\n\t<\/tbody>\n<p>&#13;<br \/>\n<\/table>\n<p>&#13;<br \/>\n&#13;<\/p>\n<p>&nbsp;<\/p>\n<p>&#13;<\/p>\n","protected":false},"excerpt":{"rendered":"<p>Fladen Maxximus 865MX p\u00fcksid on veekindlad ja omavad ujuvusabi 50N. Sobilikud kasutamiseks koos Maxximus 850MX jopega. P\u00fckstel on veekindel t\u00f5mbelukk, mis kaetud tormiklapiga. P\u00f5lveosad on kaetud tugeva ja kulumiskindla Kevlar materjaliga. Helkur-ribad tormiklapil ja p\u00fckste s\u00e4\u00e4reosal. &#13; &#13; &#13; Fladeni jopede, p\u00fckside ja ujuv\u00fclikondade suuruste tabel &#13; &#13; &nbsp; &#13; &#13; &#13; &#13; Suurus &#13;&#8230;<\/p>\n","protected":false},"featured_media":44924,"template":"","meta":{"_kad_blocks_custom_css":"","_kad_blocks_head_custom_js":"","_kad_blocks_body_custom_js":"","_kad_blocks_footer_custom_js":"","_kad_post_transparent":"","_kad_post_title":"","_kad_post_layout":"","_kad_post_sidebar_id":"","_kad_post_content_style":"","_kad_post_vertical_padding":"","_kad_post_feature":"","_kad_post_feature_position":"","_kad_post_header":false,"_kad_post_footer":false,"_kad_post_classname":""},"product_brand":[],"product_cat":[354],"product_tag":[],"class_list":{"0":"post-57979","1":"product","2":"type-product","3":"status-publish","4":"has-post-thumbnail","6":"product_cat-outlet","7":"pa_color-must","8":"pa_producer-fladen","9":"pa_unit-pcs","10":"tm-no-options","12":"first","13":"onbackorder","14":"sale","15":"taxable","16":"shipping-taxable","17":"purchasable","18":"product-type-simple","19":"entry","20":"content-bg","21":"loop-entry"},"yoast_head":"<!-- This site is optimized with the Yoast SEO plugin v27.4 - https:\/\/yoast.com\/product\/yoast-seo-wordpress\/ -->\n<title>UJUVUSABIGA TORMIP\u00dcKSID- FLADEN MAXXIMUS 865, L - NORDLINE s\u00f5udepaadid ja mootorpaadid. Klaasfiiber materjalist.<\/title>\n<meta name=\"robots\" content=\"index, follow, max-snippet:-1, max-image-preview:large, max-video-preview:-1\" \/>\n<link rel=\"canonical\" href=\"https:\/\/nordlinepaadid.ee\/et\/pood\/outlet\/ujuvusabiga-tormipuksid-fladen-maxximus-865-l\/\" \/>\n<meta property=\"og:locale\" content=\"et_EE\" \/>\n<meta property=\"og:type\" content=\"article\" \/>\n<meta property=\"og:title\" content=\"UJUVUSABIGA TORMIP\u00dcKSID- FLADEN MAXXIMUS 865, L - NORDLINE s\u00f5udepaadid ja mootorpaadid. Klaasfiiber materjalist.\" \/>\n<meta property=\"og:description\" content=\"Fladen Maxximus 865MX p\u00fcksid on veekindlad ja omavad ujuvusabi 50N. Sobilikud kasutamiseks koos Maxximus 850MX jopega. P\u00fckstel on veekindel t\u00f5mbelukk, mis kaetud tormiklapiga. P\u00f5lveosad on kaetud tugeva ja kulumiskindla Kevlar materjaliga. Helkur-ribad tormiklapil ja p\u00fckste s\u00e4\u00e4reosal. &#013; &#013; &#013; Fladeni jopede, p\u00fckside ja ujuv\u00fclikondade suuruste tabel &#013; &#013; &nbsp; &#013; &#013; &#013; &#013; Suurus &#013;...\" \/>\n<meta property=\"og:url\" content=\"https:\/\/nordlinepaadid.ee\/et\/pood\/outlet\/ujuvusabiga-tormipuksid-fladen-maxximus-865-l\/\" \/>\n<meta property=\"og:site_name\" content=\"NORDLINE s\u00f5udepaadid ja mootorpaadid. Klaasfiiber materjalist.\" \/>\n<meta property=\"article:publisher\" content=\"https:\/\/www.facebook.com\/nordlineboats\" \/>\n<meta property=\"article:modified_time\" content=\"2026-04-21T05:02:36+00:00\" \/>\n<meta property=\"og:image\" content=\"https:\/\/nordlinepaadid.ee\/wp-content\/uploads\/2024\/07\/2507_MAXXIMUS_855.jpg\" \/>\n\t<meta property=\"og:image:width\" content=\"133\" \/>\n\t<meta property=\"og:image:height\" content=\"300\" \/>\n\t<meta property=\"og:image:type\" content=\"image\/jpeg\" \/>\n<meta name=\"twitter:card\" content=\"summary_large_image\" \/>\n<meta name=\"twitter:label1\" content=\"Est. reading time\" \/>\n\t<meta name=\"twitter:data1\" content=\"1 minut\" \/>\n<script type=\"application\/ld+json\" class=\"yoast-schema-graph\">{\"@context\":\"https:\\\/\\\/schema.org\",\"@graph\":[{\"@type\":\"WebPage\",\"@id\":\"https:\\\/\\\/nordlinepaadid.ee\\\/et\\\/pood\\\/outlet\\\/ujuvusabiga-tormipuksid-fladen-maxximus-865-l\\\/\",\"url\":\"https:\\\/\\\/nordlinepaadid.ee\\\/et\\\/pood\\\/outlet\\\/ujuvusabiga-tormipuksid-fladen-maxximus-865-l\\\/\",\"name\":\"UJUVUSABIGA TORMIP\u00dcKSID- FLADEN MAXXIMUS 865, L - NORDLINE s\u00f5udepaadid ja mootorpaadid. Klaasfiiber materjalist.\",\"isPartOf\":{\"@id\":\"https:\\\/\\\/nordlinepaadid.ee\\\/et\\\/#website\"},\"primaryImageOfPage\":{\"@id\":\"https:\\\/\\\/nordlinepaadid.ee\\\/et\\\/pood\\\/outlet\\\/ujuvusabiga-tormipuksid-fladen-maxximus-865-l\\\/#primaryimage\"},\"image\":{\"@id\":\"https:\\\/\\\/nordlinepaadid.ee\\\/et\\\/pood\\\/outlet\\\/ujuvusabiga-tormipuksid-fladen-maxximus-865-l\\\/#primaryimage\"},\"thumbnailUrl\":\"https:\\\/\\\/nordlinepaadid.ee\\\/wp-content\\\/uploads\\\/2024\\\/07\\\/2507_MAXXIMUS_855.jpg\",\"datePublished\":\"2026-04-21T00:11:50+00:00\",\"dateModified\":\"2026-04-21T05:02:36+00:00\",\"breadcrumb\":{\"@id\":\"https:\\\/\\\/nordlinepaadid.ee\\\/et\\\/pood\\\/outlet\\\/ujuvusabiga-tormipuksid-fladen-maxximus-865-l\\\/#breadcrumb\"},\"inLanguage\":\"et\",\"potentialAction\":[{\"@type\":\"ReadAction\",\"target\":[\"https:\\\/\\\/nordlinepaadid.ee\\\/et\\\/pood\\\/outlet\\\/ujuvusabiga-tormipuksid-fladen-maxximus-865-l\\\/\"]}]},{\"@type\":\"ImageObject\",\"inLanguage\":\"et\",\"@id\":\"https:\\\/\\\/nordlinepaadid.ee\\\/et\\\/pood\\\/outlet\\\/ujuvusabiga-tormipuksid-fladen-maxximus-865-l\\\/#primaryimage\",\"url\":\"https:\\\/\\\/nordlinepaadid.ee\\\/wp-content\\\/uploads\\\/2024\\\/07\\\/2507_MAXXIMUS_855.jpg\",\"contentUrl\":\"https:\\\/\\\/nordlinepaadid.ee\\\/wp-content\\\/uploads\\\/2024\\\/07\\\/2507_MAXXIMUS_855.jpg\",\"width\":133,\"height\":300},{\"@type\":\"BreadcrumbList\",\"@id\":\"https:\\\/\\\/nordlinepaadid.ee\\\/et\\\/pood\\\/outlet\\\/ujuvusabiga-tormipuksid-fladen-maxximus-865-l\\\/#breadcrumb\",\"itemListElement\":[{\"@type\":\"ListItem\",\"position\":1,\"name\":\"Home\",\"item\":\"https:\\\/\\\/nordlinepaadid.ee\\\/et\\\/\"},{\"@type\":\"ListItem\",\"position\":2,\"name\":\"Pood\",\"item\":\"https:\\\/\\\/nordlinepaadid.ee\\\/et\\\/pood\\\/\"},{\"@type\":\"ListItem\",\"position\":3,\"name\":\"UJUVUSABIGA TORMIP\u00dcKSID- FLADEN MAXXIMUS 865, L\"}]},{\"@type\":\"WebSite\",\"@id\":\"https:\\\/\\\/nordlinepaadid.ee\\\/et\\\/#website\",\"url\":\"https:\\\/\\\/nordlinepaadid.ee\\\/et\\\/\",\"name\":\"NORDLINE s\u00f5udepaadid ja mootorpaadid. Klaasfiiber materjalist.\",\"description\":\"\",\"publisher\":{\"@id\":\"https:\\\/\\\/nordlinepaadid.ee\\\/et\\\/#organization\"},\"potentialAction\":[{\"@type\":\"SearchAction\",\"target\":{\"@type\":\"EntryPoint\",\"urlTemplate\":\"https:\\\/\\\/nordlinepaadid.ee\\\/et\\\/?s={search_term_string}\"},\"query-input\":{\"@type\":\"PropertyValueSpecification\",\"valueRequired\":true,\"valueName\":\"search_term_string\"}}],\"inLanguage\":\"et\"},{\"@type\":\"Organization\",\"@id\":\"https:\\\/\\\/nordlinepaadid.ee\\\/et\\\/#organization\",\"name\":\"Nordlineboats\",\"url\":\"https:\\\/\\\/nordlinepaadid.ee\\\/et\\\/\",\"logo\":{\"@type\":\"ImageObject\",\"inLanguage\":\"et\",\"@id\":\"https:\\\/\\\/nordlinepaadid.ee\\\/et\\\/#\\\/schema\\\/logo\\\/image\\\/\",\"url\":\"https:\\\/\\\/nordlinepaadid.ee\\\/wp-content\\\/uploads\\\/2023\\\/01\\\/fulllogo_transparent_nobuffer-e1672750475494.png\",\"contentUrl\":\"https:\\\/\\\/nordlinepaadid.ee\\\/wp-content\\\/uploads\\\/2023\\\/01\\\/fulllogo_transparent_nobuffer-e1672750475494.png\",\"width\":150,\"height\":119,\"caption\":\"Nordlineboats\"},\"image\":{\"@id\":\"https:\\\/\\\/nordlinepaadid.ee\\\/et\\\/#\\\/schema\\\/logo\\\/image\\\/\"},\"sameAs\":[\"https:\\\/\\\/www.facebook.com\\\/nordlineboats\",\"https:\\\/\\\/www.youtube.com\\\/channel\\\/UCbgF0fy02y3QkFnujaLTaCA\"]}]}<\/script>\n<!-- \/ Yoast SEO plugin. -->","yoast_head_json":{"title":"UJUVUSABIGA TORMIP\u00dcKSID- FLADEN MAXXIMUS 865, L - NORDLINE s\u00f5udepaadid ja mootorpaadid. Klaasfiiber materjalist.","robots":{"index":"index","follow":"follow","max-snippet":"max-snippet:-1","max-image-preview":"max-image-preview:large","max-video-preview":"max-video-preview:-1"},"canonical":"https:\/\/nordlinepaadid.ee\/et\/pood\/outlet\/ujuvusabiga-tormipuksid-fladen-maxximus-865-l\/","og_locale":"et_EE","og_type":"article","og_title":"UJUVUSABIGA TORMIP\u00dcKSID- FLADEN MAXXIMUS 865, L - NORDLINE s\u00f5udepaadid ja mootorpaadid. Klaasfiiber materjalist.","og_description":"Fladen Maxximus 865MX p\u00fcksid on veekindlad ja omavad ujuvusabi 50N. Sobilikud kasutamiseks koos Maxximus 850MX jopega. P\u00fckstel on veekindel t\u00f5mbelukk, mis kaetud tormiklapiga. P\u00f5lveosad on kaetud tugeva ja kulumiskindla Kevlar materjaliga. Helkur-ribad tormiklapil ja p\u00fckste s\u00e4\u00e4reosal. &#13; &#13; &#13; Fladeni jopede, p\u00fckside ja ujuv\u00fclikondade suuruste tabel &#13; &#13; &nbsp; &#13; &#13; &#13; &#13; Suurus &#13;...","og_url":"https:\/\/nordlinepaadid.ee\/et\/pood\/outlet\/ujuvusabiga-tormipuksid-fladen-maxximus-865-l\/","og_site_name":"NORDLINE s\u00f5udepaadid ja mootorpaadid. Klaasfiiber materjalist.","article_publisher":"https:\/\/www.facebook.com\/nordlineboats","article_modified_time":"2026-04-21T05:02:36+00:00","og_image":[{"width":133,"height":300,"url":"https:\/\/nordlinepaadid.ee\/wp-content\/uploads\/2024\/07\/2507_MAXXIMUS_855.jpg","type":"image\/jpeg"}],"twitter_card":"summary_large_image","twitter_misc":{"Est. reading time":"1 minut"},"schema":{"@context":"https:\/\/schema.org","@graph":[{"@type":"WebPage","@id":"https:\/\/nordlinepaadid.ee\/et\/pood\/outlet\/ujuvusabiga-tormipuksid-fladen-maxximus-865-l\/","url":"https:\/\/nordlinepaadid.ee\/et\/pood\/outlet\/ujuvusabiga-tormipuksid-fladen-maxximus-865-l\/","name":"UJUVUSABIGA TORMIP\u00dcKSID- FLADEN MAXXIMUS 865, L - NORDLINE s\u00f5udepaadid ja mootorpaadid. Klaasfiiber materjalist.","isPartOf":{"@id":"https:\/\/nordlinepaadid.ee\/et\/#website"},"primaryImageOfPage":{"@id":"https:\/\/nordlinepaadid.ee\/et\/pood\/outlet\/ujuvusabiga-tormipuksid-fladen-maxximus-865-l\/#primaryimage"},"image":{"@id":"https:\/\/nordlinepaadid.ee\/et\/pood\/outlet\/ujuvusabiga-tormipuksid-fladen-maxximus-865-l\/#primaryimage"},"thumbnailUrl":"https:\/\/nordlinepaadid.ee\/wp-content\/uploads\/2024\/07\/2507_MAXXIMUS_855.jpg","datePublished":"2026-04-21T00:11:50+00:00","dateModified":"2026-04-21T05:02:36+00:00","breadcrumb":{"@id":"https:\/\/nordlinepaadid.ee\/et\/pood\/outlet\/ujuvusabiga-tormipuksid-fladen-maxximus-865-l\/#breadcrumb"},"inLanguage":"et","potentialAction":[{"@type":"ReadAction","target":["https:\/\/nordlinepaadid.ee\/et\/pood\/outlet\/ujuvusabiga-tormipuksid-fladen-maxximus-865-l\/"]}]},{"@type":"ImageObject","inLanguage":"et","@id":"https:\/\/nordlinepaadid.ee\/et\/pood\/outlet\/ujuvusabiga-tormipuksid-fladen-maxximus-865-l\/#primaryimage","url":"https:\/\/nordlinepaadid.ee\/wp-content\/uploads\/2024\/07\/2507_MAXXIMUS_855.jpg","contentUrl":"https:\/\/nordlinepaadid.ee\/wp-content\/uploads\/2024\/07\/2507_MAXXIMUS_855.jpg","width":133,"height":300},{"@type":"BreadcrumbList","@id":"https:\/\/nordlinepaadid.ee\/et\/pood\/outlet\/ujuvusabiga-tormipuksid-fladen-maxximus-865-l\/#breadcrumb","itemListElement":[{"@type":"ListItem","position":1,"name":"Home","item":"https:\/\/nordlinepaadid.ee\/et\/"},{"@type":"ListItem","position":2,"name":"Pood","item":"https:\/\/nordlinepaadid.ee\/et\/pood\/"},{"@type":"ListItem","position":3,"name":"UJUVUSABIGA TORMIP\u00dcKSID- FLADEN MAXXIMUS 865, L"}]},{"@type":"WebSite","@id":"https:\/\/nordlinepaadid.ee\/et\/#website","url":"https:\/\/nordlinepaadid.ee\/et\/","name":"NORDLINE s\u00f5udepaadid ja mootorpaadid. Klaasfiiber materjalist.","description":"","publisher":{"@id":"https:\/\/nordlinepaadid.ee\/et\/#organization"},"potentialAction":[{"@type":"SearchAction","target":{"@type":"EntryPoint","urlTemplate":"https:\/\/nordlinepaadid.ee\/et\/?s={search_term_string}"},"query-input":{"@type":"PropertyValueSpecification","valueRequired":true,"valueName":"search_term_string"}}],"inLanguage":"et"},{"@type":"Organization","@id":"https:\/\/nordlinepaadid.ee\/et\/#organization","name":"Nordlineboats","url":"https:\/\/nordlinepaadid.ee\/et\/","logo":{"@type":"ImageObject","inLanguage":"et","@id":"https:\/\/nordlinepaadid.ee\/et\/#\/schema\/logo\/image\/","url":"https:\/\/nordlinepaadid.ee\/wp-content\/uploads\/2023\/01\/fulllogo_transparent_nobuffer-e1672750475494.png","contentUrl":"https:\/\/nordlinepaadid.ee\/wp-content\/uploads\/2023\/01\/fulllogo_transparent_nobuffer-e1672750475494.png","width":150,"height":119,"caption":"Nordlineboats"},"image":{"@id":"https:\/\/nordlinepaadid.ee\/et\/#\/schema\/logo\/image\/"},"sameAs":["https:\/\/www.facebook.com\/nordlineboats","https:\/\/www.youtube.com\/channel\/UCbgF0fy02y3QkFnujaLTaCA"]}]}},"taxonomy_info":{"product_cat":[{"value":354,"label":"L\u00d5PUM\u00dc\u00dcK \/ OUTLET"}],"pa_color":[{"value":684,"label":"Must"}],"pa_producer":[{"value":499,"label":"Fladen"}],"pa_unit":[{"value":416,"label":"pcs"}]},"featured_image_src_large":["https:\/\/nordlinepaadid.ee\/wp-content\/uploads\/2024\/07\/2507_MAXXIMUS_855.jpg",133,300,false],"author_info":[],"comment_info":"","_links":{"self":[{"href":"https:\/\/nordlinepaadid.ee\/et\/wp-json\/wp\/v2\/product\/57979","targetHints":{"allow":["GET"]}}],"collection":[{"href":"https:\/\/nordlinepaadid.ee\/et\/wp-json\/wp\/v2\/product"}],"about":[{"href":"https:\/\/nordlinepaadid.ee\/et\/wp-json\/wp\/v2\/types\/product"}],"wp:featuredmedia":[{"embeddable":true,"href":"https:\/\/nordlinepaadid.ee\/et\/wp-json\/wp\/v2\/media\/44924"}],"wp:attachment":[{"href":"https:\/\/nordlinepaadid.ee\/et\/wp-json\/wp\/v2\/media?parent=57979"}],"wp:term":[{"taxonomy":"product_brand","embeddable":true,"href":"https:\/\/nordlinepaadid.ee\/et\/wp-json\/wp\/v2\/product_brand?post=57979"},{"taxonomy":"product_cat","embeddable":true,"href":"https:\/\/nordlinepaadid.ee\/et\/wp-json\/wp\/v2\/product_cat?post=57979"},{"taxonomy":"product_tag","embeddable":true,"href":"https:\/\/nordlinepaadid.ee\/et\/wp-json\/wp\/v2\/product_tag?post=57979"}],"curies":[{"name":"wp","href":"https:\/\/api.w.org\/{rel}","templated":true}]}}