{"id":58399,"date":"2026-04-17T16:07:32","date_gmt":"2026-04-17T13:07:32","guid":{"rendered":"https:\/\/nordlinepaadid.ee\/pood\/maaratlemata\/veekindel-pealamp-extreme-2-x-led\/"},"modified":"2026-04-19T18:04:10","modified_gmt":"2026-04-19T15:04:10","slug":"veekindel-pealamp-extreme-2-x-led","status":"publish","type":"product","link":"https:\/\/nordlinepaadid.ee\/et\/pood\/navigation-lights-lanterns\/spotlights-torches\/veekindel-pealamp-extreme-2-x-led\/","title":{"rendered":"VEEKINDEL PEALAMP- EXTREME, 2 x LED"},"content":{"rendered":"<p>P\u00f5rutuskindel ja veekindel Extreme pealamp. Lamp on varustatud kolme Nichia effektiivse LED pirniga. Neli funktsiooni: t\u00e4isvalgustust, poolvalgustus, punane tuli, vilkuv punane tuli. Veekindlus kuni 1 m. Valgusj\u00f5ud: T\u00e4isvalgustus- 80\/440 luumenit\/kandelat, Poolvalgustus- 20\/120 luumenit\/kandelat, Punane tuli- 1\/5 luumenit\/kandelat. Valgusulatus: 42\/22\/5 meetrit. M\u00f5\u00f5tmed: 57 x 26 x 35 mm. Toiteallikas: 1 x AA t\u00fc\u00fcpi patarei (komplektis). Patarei kestvus nelja erineva funktsiooni puhul vastavalt: 10\/30\/70\/115 tundi.<\/p>\n","protected":false},"excerpt":{"rendered":"<p>P\u00f5rutuskindel ja veekindel Extreme pealamp. Lamp on varustatud kolme Nichia effektiivse LED pirniga. Neli funktsiooni: t\u00e4isvalgustust, poolvalgustus, punane tuli, vilkuv punane tuli. Veekindlus kuni 1 m. Valgusj\u00f5ud: T\u00e4isvalgustus- 80\/440 luumenit\/kandelat, Poolvalgustus- 20\/120 luumenit\/kandelat, Punane tuli- 1\/5 luumenit\/kandelat. Valgusulatus: 42\/22\/5 meetrit. M\u00f5\u00f5tmed: 57 x 26 x 35 mm. Toiteallikas: 1 x AA t\u00fc\u00fcpi patarei (komplektis). Patarei&#8230;<\/p>\n","protected":false},"featured_media":20203,"template":"","meta":{"_kad_blocks_custom_css":"","_kad_blocks_head_custom_js":"","_kad_blocks_body_custom_js":"","_kad_blocks_footer_custom_js":"","_kad_post_transparent":"","_kad_post_title":"","_kad_post_layout":"","_kad_post_sidebar_id":"","_kad_post_content_style":"","_kad_post_vertical_padding":"","_kad_post_feature":"","_kad_post_feature_position":"","_kad_post_header":false,"_kad_post_footer":false,"_kad_post_classname":""},"product_brand":[],"product_cat":[238,253],"product_tag":[],"class_list":{"0":"post-58399","1":"product","2":"type-product","3":"status-publish","4":"has-post-thumbnail","6":"product_cat-navigation-lights-lanterns","7":"product_cat-spotlights-torches","8":"pa_producer-osculati","9":"pa_unit-pcs","10":"tm-no-options","12":"first","13":"onbackorder","14":"sale","15":"taxable","16":"shipping-taxable","17":"purchasable","18":"product-type-simple","19":"entry","20":"content-bg","21":"loop-entry"},"yoast_head":"<!-- This site is optimized with the Yoast SEO plugin v27.3 - https:\/\/yoast.com\/product\/yoast-seo-wordpress\/ -->\n<title>VEEKINDEL PEALAMP- EXTREME, 2 x LED - NORDLINE s\u00f5udepaadid ja mootorpaadid. Klaasfiiber materjalist.<\/title>\n<meta name=\"robots\" content=\"index, follow, max-snippet:-1, max-image-preview:large, max-video-preview:-1\" \/>\n<link rel=\"canonical\" href=\"https:\/\/nordlinepaadid.ee\/et\/pood\/navigation-lights-lanterns\/spotlights-torches\/veekindel-pealamp-extreme-2-x-led\/\" \/>\n<meta property=\"og:locale\" content=\"et_EE\" \/>\n<meta property=\"og:type\" content=\"article\" \/>\n<meta property=\"og:title\" content=\"VEEKINDEL PEALAMP- EXTREME, 2 x LED - NORDLINE s\u00f5udepaadid ja mootorpaadid. Klaasfiiber materjalist.\" \/>\n<meta property=\"og:description\" content=\"P\u00f5rutuskindel ja veekindel Extreme pealamp. Lamp on varustatud kolme Nichia effektiivse LED pirniga. Neli funktsiooni: t\u00e4isvalgustust, poolvalgustus, punane tuli, vilkuv punane tuli. Veekindlus kuni 1 m. Valgusj\u00f5ud: T\u00e4isvalgustus- 80\/440 luumenit\/kandelat, Poolvalgustus- 20\/120 luumenit\/kandelat, Punane tuli- 1\/5 luumenit\/kandelat. Valgusulatus: 42\/22\/5 meetrit. M\u00f5\u00f5tmed: 57 x 26 x 35 mm. Toiteallikas: 1 x AA t\u00fc\u00fcpi patarei (komplektis). Patarei...\" \/>\n<meta property=\"og:url\" content=\"https:\/\/nordlinepaadid.ee\/et\/pood\/navigation-lights-lanterns\/spotlights-torches\/veekindel-pealamp-extreme-2-x-led\/\" \/>\n<meta property=\"og:site_name\" content=\"NORDLINE s\u00f5udepaadid ja mootorpaadid. Klaasfiiber materjalist.\" \/>\n<meta property=\"article:publisher\" content=\"https:\/\/www.facebook.com\/nordlineboats\" \/>\n<meta property=\"article:modified_time\" content=\"2026-04-19T15:04:10+00:00\" \/>\n<meta property=\"og:image\" content=\"https:\/\/nordlinepaadid.ee\/wp-content\/uploads\/2023\/03\/3536_EN_12.170.20_a.jpg\" \/>\n\t<meta property=\"og:image:width\" content=\"800\" \/>\n\t<meta property=\"og:image:height\" content=\"467\" \/>\n\t<meta property=\"og:image:type\" content=\"image\/jpeg\" \/>\n<meta name=\"twitter:card\" content=\"summary_large_image\" \/>\n<script type=\"application\/ld+json\" class=\"yoast-schema-graph\">{\"@context\":\"https:\\\/\\\/schema.org\",\"@graph\":[{\"@type\":\"WebPage\",\"@id\":\"https:\\\/\\\/nordlinepaadid.ee\\\/et\\\/pood\\\/navigation-lights-lanterns\\\/spotlights-torches\\\/veekindel-pealamp-extreme-2-x-led\\\/\",\"url\":\"https:\\\/\\\/nordlinepaadid.ee\\\/et\\\/pood\\\/navigation-lights-lanterns\\\/spotlights-torches\\\/veekindel-pealamp-extreme-2-x-led\\\/\",\"name\":\"VEEKINDEL PEALAMP- EXTREME, 2 x LED - NORDLINE s\u00f5udepaadid ja mootorpaadid. Klaasfiiber materjalist.\",\"isPartOf\":{\"@id\":\"https:\\\/\\\/nordlinepaadid.ee\\\/et\\\/#website\"},\"primaryImageOfPage\":{\"@id\":\"https:\\\/\\\/nordlinepaadid.ee\\\/et\\\/pood\\\/navigation-lights-lanterns\\\/spotlights-torches\\\/veekindel-pealamp-extreme-2-x-led\\\/#primaryimage\"},\"image\":{\"@id\":\"https:\\\/\\\/nordlinepaadid.ee\\\/et\\\/pood\\\/navigation-lights-lanterns\\\/spotlights-torches\\\/veekindel-pealamp-extreme-2-x-led\\\/#primaryimage\"},\"thumbnailUrl\":\"https:\\\/\\\/nordlinepaadid.ee\\\/wp-content\\\/uploads\\\/2023\\\/03\\\/3536_EN_12.170.20_a.jpg\",\"datePublished\":\"2026-04-17T13:07:32+00:00\",\"dateModified\":\"2026-04-19T15:04:10+00:00\",\"breadcrumb\":{\"@id\":\"https:\\\/\\\/nordlinepaadid.ee\\\/et\\\/pood\\\/navigation-lights-lanterns\\\/spotlights-torches\\\/veekindel-pealamp-extreme-2-x-led\\\/#breadcrumb\"},\"inLanguage\":\"et\",\"potentialAction\":[{\"@type\":\"ReadAction\",\"target\":[\"https:\\\/\\\/nordlinepaadid.ee\\\/et\\\/pood\\\/navigation-lights-lanterns\\\/spotlights-torches\\\/veekindel-pealamp-extreme-2-x-led\\\/\"]}]},{\"@type\":\"ImageObject\",\"inLanguage\":\"et\",\"@id\":\"https:\\\/\\\/nordlinepaadid.ee\\\/et\\\/pood\\\/navigation-lights-lanterns\\\/spotlights-torches\\\/veekindel-pealamp-extreme-2-x-led\\\/#primaryimage\",\"url\":\"https:\\\/\\\/nordlinepaadid.ee\\\/wp-content\\\/uploads\\\/2023\\\/03\\\/3536_EN_12.170.20_a.jpg\",\"contentUrl\":\"https:\\\/\\\/nordlinepaadid.ee\\\/wp-content\\\/uploads\\\/2023\\\/03\\\/3536_EN_12.170.20_a.jpg\",\"width\":800,\"height\":467},{\"@type\":\"BreadcrumbList\",\"@id\":\"https:\\\/\\\/nordlinepaadid.ee\\\/et\\\/pood\\\/navigation-lights-lanterns\\\/spotlights-torches\\\/veekindel-pealamp-extreme-2-x-led\\\/#breadcrumb\",\"itemListElement\":[{\"@type\":\"ListItem\",\"position\":1,\"name\":\"Home\",\"item\":\"https:\\\/\\\/nordlinepaadid.ee\\\/et\\\/\"},{\"@type\":\"ListItem\",\"position\":2,\"name\":\"Pood\",\"item\":\"https:\\\/\\\/nordlinepaadid.ee\\\/et\\\/pood\\\/\"},{\"@type\":\"ListItem\",\"position\":3,\"name\":\"VEEKINDEL PEALAMP- EXTREME, 2 x LED\"}]},{\"@type\":\"WebSite\",\"@id\":\"https:\\\/\\\/nordlinepaadid.ee\\\/et\\\/#website\",\"url\":\"https:\\\/\\\/nordlinepaadid.ee\\\/et\\\/\",\"name\":\"NORDLINE s\u00f5udepaadid ja mootorpaadid. Klaasfiiber materjalist.\",\"description\":\"\",\"publisher\":{\"@id\":\"https:\\\/\\\/nordlinepaadid.ee\\\/et\\\/#organization\"},\"potentialAction\":[{\"@type\":\"SearchAction\",\"target\":{\"@type\":\"EntryPoint\",\"urlTemplate\":\"https:\\\/\\\/nordlinepaadid.ee\\\/et\\\/?s={search_term_string}\"},\"query-input\":{\"@type\":\"PropertyValueSpecification\",\"valueRequired\":true,\"valueName\":\"search_term_string\"}}],\"inLanguage\":\"et\"},{\"@type\":\"Organization\",\"@id\":\"https:\\\/\\\/nordlinepaadid.ee\\\/et\\\/#organization\",\"name\":\"Nordlineboats\",\"url\":\"https:\\\/\\\/nordlinepaadid.ee\\\/et\\\/\",\"logo\":{\"@type\":\"ImageObject\",\"inLanguage\":\"et\",\"@id\":\"https:\\\/\\\/nordlinepaadid.ee\\\/et\\\/#\\\/schema\\\/logo\\\/image\\\/\",\"url\":\"https:\\\/\\\/nordlinepaadid.ee\\\/wp-content\\\/uploads\\\/2023\\\/01\\\/fulllogo_transparent_nobuffer-e1672750475494.png\",\"contentUrl\":\"https:\\\/\\\/nordlinepaadid.ee\\\/wp-content\\\/uploads\\\/2023\\\/01\\\/fulllogo_transparent_nobuffer-e1672750475494.png\",\"width\":150,\"height\":119,\"caption\":\"Nordlineboats\"},\"image\":{\"@id\":\"https:\\\/\\\/nordlinepaadid.ee\\\/et\\\/#\\\/schema\\\/logo\\\/image\\\/\"},\"sameAs\":[\"https:\\\/\\\/www.facebook.com\\\/nordlineboats\",\"https:\\\/\\\/www.youtube.com\\\/channel\\\/UCbgF0fy02y3QkFnujaLTaCA\"]}]}<\/script>\n<!-- \/ Yoast SEO plugin. -->","yoast_head_json":{"title":"VEEKINDEL PEALAMP- EXTREME, 2 x LED - NORDLINE s\u00f5udepaadid ja mootorpaadid. Klaasfiiber materjalist.","robots":{"index":"index","follow":"follow","max-snippet":"max-snippet:-1","max-image-preview":"max-image-preview:large","max-video-preview":"max-video-preview:-1"},"canonical":"https:\/\/nordlinepaadid.ee\/et\/pood\/navigation-lights-lanterns\/spotlights-torches\/veekindel-pealamp-extreme-2-x-led\/","og_locale":"et_EE","og_type":"article","og_title":"VEEKINDEL PEALAMP- EXTREME, 2 x LED - NORDLINE s\u00f5udepaadid ja mootorpaadid. Klaasfiiber materjalist.","og_description":"P\u00f5rutuskindel ja veekindel Extreme pealamp. Lamp on varustatud kolme Nichia effektiivse LED pirniga. Neli funktsiooni: t\u00e4isvalgustust, poolvalgustus, punane tuli, vilkuv punane tuli. Veekindlus kuni 1 m. Valgusj\u00f5ud: T\u00e4isvalgustus- 80\/440 luumenit\/kandelat, Poolvalgustus- 20\/120 luumenit\/kandelat, Punane tuli- 1\/5 luumenit\/kandelat. Valgusulatus: 42\/22\/5 meetrit. M\u00f5\u00f5tmed: 57 x 26 x 35 mm. Toiteallikas: 1 x AA t\u00fc\u00fcpi patarei (komplektis). Patarei...","og_url":"https:\/\/nordlinepaadid.ee\/et\/pood\/navigation-lights-lanterns\/spotlights-torches\/veekindel-pealamp-extreme-2-x-led\/","og_site_name":"NORDLINE s\u00f5udepaadid ja mootorpaadid. Klaasfiiber materjalist.","article_publisher":"https:\/\/www.facebook.com\/nordlineboats","article_modified_time":"2026-04-19T15:04:10+00:00","og_image":[{"width":800,"height":467,"url":"https:\/\/nordlinepaadid.ee\/wp-content\/uploads\/2023\/03\/3536_EN_12.170.20_a.jpg","type":"image\/jpeg"}],"twitter_card":"summary_large_image","schema":{"@context":"https:\/\/schema.org","@graph":[{"@type":"WebPage","@id":"https:\/\/nordlinepaadid.ee\/et\/pood\/navigation-lights-lanterns\/spotlights-torches\/veekindel-pealamp-extreme-2-x-led\/","url":"https:\/\/nordlinepaadid.ee\/et\/pood\/navigation-lights-lanterns\/spotlights-torches\/veekindel-pealamp-extreme-2-x-led\/","name":"VEEKINDEL PEALAMP- EXTREME, 2 x LED - NORDLINE s\u00f5udepaadid ja mootorpaadid. Klaasfiiber materjalist.","isPartOf":{"@id":"https:\/\/nordlinepaadid.ee\/et\/#website"},"primaryImageOfPage":{"@id":"https:\/\/nordlinepaadid.ee\/et\/pood\/navigation-lights-lanterns\/spotlights-torches\/veekindel-pealamp-extreme-2-x-led\/#primaryimage"},"image":{"@id":"https:\/\/nordlinepaadid.ee\/et\/pood\/navigation-lights-lanterns\/spotlights-torches\/veekindel-pealamp-extreme-2-x-led\/#primaryimage"},"thumbnailUrl":"https:\/\/nordlinepaadid.ee\/wp-content\/uploads\/2023\/03\/3536_EN_12.170.20_a.jpg","datePublished":"2026-04-17T13:07:32+00:00","dateModified":"2026-04-19T15:04:10+00:00","breadcrumb":{"@id":"https:\/\/nordlinepaadid.ee\/et\/pood\/navigation-lights-lanterns\/spotlights-torches\/veekindel-pealamp-extreme-2-x-led\/#breadcrumb"},"inLanguage":"et","potentialAction":[{"@type":"ReadAction","target":["https:\/\/nordlinepaadid.ee\/et\/pood\/navigation-lights-lanterns\/spotlights-torches\/veekindel-pealamp-extreme-2-x-led\/"]}]},{"@type":"ImageObject","inLanguage":"et","@id":"https:\/\/nordlinepaadid.ee\/et\/pood\/navigation-lights-lanterns\/spotlights-torches\/veekindel-pealamp-extreme-2-x-led\/#primaryimage","url":"https:\/\/nordlinepaadid.ee\/wp-content\/uploads\/2023\/03\/3536_EN_12.170.20_a.jpg","contentUrl":"https:\/\/nordlinepaadid.ee\/wp-content\/uploads\/2023\/03\/3536_EN_12.170.20_a.jpg","width":800,"height":467},{"@type":"BreadcrumbList","@id":"https:\/\/nordlinepaadid.ee\/et\/pood\/navigation-lights-lanterns\/spotlights-torches\/veekindel-pealamp-extreme-2-x-led\/#breadcrumb","itemListElement":[{"@type":"ListItem","position":1,"name":"Home","item":"https:\/\/nordlinepaadid.ee\/et\/"},{"@type":"ListItem","position":2,"name":"Pood","item":"https:\/\/nordlinepaadid.ee\/et\/pood\/"},{"@type":"ListItem","position":3,"name":"VEEKINDEL PEALAMP- EXTREME, 2 x LED"}]},{"@type":"WebSite","@id":"https:\/\/nordlinepaadid.ee\/et\/#website","url":"https:\/\/nordlinepaadid.ee\/et\/","name":"NORDLINE s\u00f5udepaadid ja mootorpaadid. Klaasfiiber materjalist.","description":"","publisher":{"@id":"https:\/\/nordlinepaadid.ee\/et\/#organization"},"potentialAction":[{"@type":"SearchAction","target":{"@type":"EntryPoint","urlTemplate":"https:\/\/nordlinepaadid.ee\/et\/?s={search_term_string}"},"query-input":{"@type":"PropertyValueSpecification","valueRequired":true,"valueName":"search_term_string"}}],"inLanguage":"et"},{"@type":"Organization","@id":"https:\/\/nordlinepaadid.ee\/et\/#organization","name":"Nordlineboats","url":"https:\/\/nordlinepaadid.ee\/et\/","logo":{"@type":"ImageObject","inLanguage":"et","@id":"https:\/\/nordlinepaadid.ee\/et\/#\/schema\/logo\/image\/","url":"https:\/\/nordlinepaadid.ee\/wp-content\/uploads\/2023\/01\/fulllogo_transparent_nobuffer-e1672750475494.png","contentUrl":"https:\/\/nordlinepaadid.ee\/wp-content\/uploads\/2023\/01\/fulllogo_transparent_nobuffer-e1672750475494.png","width":150,"height":119,"caption":"Nordlineboats"},"image":{"@id":"https:\/\/nordlinepaadid.ee\/et\/#\/schema\/logo\/image\/"},"sameAs":["https:\/\/www.facebook.com\/nordlineboats","https:\/\/www.youtube.com\/channel\/UCbgF0fy02y3QkFnujaLTaCA"]}]}},"taxonomy_info":{"product_cat":[{"value":238,"label":"NAVIGATSIOONITULED, LAMBID"},{"value":253,"label":"Prozhektorid, Taskulambid"}],"pa_producer":[{"value":417,"label":"Osculati"}],"pa_unit":[{"value":416,"label":"pcs"}]},"featured_image_src_large":["https:\/\/nordlinepaadid.ee\/wp-content\/uploads\/2023\/03\/3536_EN_12.170.20_a.jpg",800,467,false],"author_info":[],"comment_info":"","_links":{"self":[{"href":"https:\/\/nordlinepaadid.ee\/et\/wp-json\/wp\/v2\/product\/58399","targetHints":{"allow":["GET"]}}],"collection":[{"href":"https:\/\/nordlinepaadid.ee\/et\/wp-json\/wp\/v2\/product"}],"about":[{"href":"https:\/\/nordlinepaadid.ee\/et\/wp-json\/wp\/v2\/types\/product"}],"wp:featuredmedia":[{"embeddable":true,"href":"https:\/\/nordlinepaadid.ee\/et\/wp-json\/wp\/v2\/media\/20203"}],"wp:attachment":[{"href":"https:\/\/nordlinepaadid.ee\/et\/wp-json\/wp\/v2\/media?parent=58399"}],"wp:term":[{"taxonomy":"product_brand","embeddable":true,"href":"https:\/\/nordlinepaadid.ee\/et\/wp-json\/wp\/v2\/product_brand?post=58399"},{"taxonomy":"product_cat","embeddable":true,"href":"https:\/\/nordlinepaadid.ee\/et\/wp-json\/wp\/v2\/product_cat?post=58399"},{"taxonomy":"product_tag","embeddable":true,"href":"https:\/\/nordlinepaadid.ee\/et\/wp-json\/wp\/v2\/product_tag?post=58399"}],"curies":[{"name":"wp","href":"https:\/\/api.w.org\/{rel}","templated":true}]}}