{"id":58487,"date":"2026-04-17T16:12:13","date_gmt":"2026-04-17T13:12:13","guid":{"rendered":"https:\/\/nordlinepaadid.ee\/pood\/maaratlemata\/kulmik-vitrifrigo-c42l\/"},"modified":"2026-04-20T02:06:07","modified_gmt":"2026-04-19T23:06:07","slug":"kulmik-vitrifrigo-c42l","status":"publish","type":"product","link":"https:\/\/nordlinepaadid.ee\/et\/pood\/heating-cooling-cooking\/kulmikud-boilerid-pliidid\/kulmik-vitrifrigo-c42l\/","title":{"rendered":"K\u00dcLMIK- VITRIFRIGO C42L"},"content":{"rendered":"<p>K\u00fclmik Vitrifrigo. Mahutavus: 42 l, S\u00fcgavk\u00fclmiku osa 3.6 l, Toitevool: 12\/24 V 50 Hz, Voolutarbivus: 31 W, Ukspoolsus on vahetatav. Vitrifrigo kasutab k\u00fclmikute valmistamisel uusimat, \u00fcli\u00f5hukest isolatsioonimaterjali ja selle abil saavutatakse suurem k\u00fclmiku mahutavus, v\u00f5rreldes teiste tootjate analoogsete k\u00fclmikutega.<\/p>\n<p>Vitrifrigo uses, in its products, only certified compressors which pass the highest quality sound test levels.<\/p>\n","protected":false},"excerpt":{"rendered":"<p>K\u00fclmik Vitrifrigo. Mahutavus: 42 l, S\u00fcgavk\u00fclmiku osa 3.6 l, Toitevool: 12\/24 V 50 Hz, Voolutarbivus: 31 W, Ukspoolsus on vahetatav. Vitrifrigo kasutab k\u00fclmikute valmistamisel uusimat, \u00fcli\u00f5hukest isolatsioonimaterjali ja selle abil saavutatakse suurem k\u00fclmiku mahutavus, v\u00f5rreldes teiste tootjate analoogsete k\u00fclmikutega. Vitrifrigo uses, in its products, only certified compressors which pass the highest quality sound test levels.<\/p>\n","protected":false},"featured_media":20533,"template":"","meta":{"_kad_blocks_custom_css":"","_kad_blocks_head_custom_js":"","_kad_blocks_body_custom_js":"","_kad_blocks_footer_custom_js":"","_kad_post_transparent":"","_kad_post_title":"","_kad_post_layout":"","_kad_post_sidebar_id":"","_kad_post_content_style":"","_kad_post_vertical_padding":"","_kad_post_feature":"","_kad_post_feature_position":"","_kad_post_header":false,"_kad_post_footer":false,"_kad_post_classname":""},"product_brand":[],"product_cat":[356,1780,359],"product_tag":[],"class_list":{"0":"post-58487","1":"product","2":"type-product","3":"status-publish","4":"has-post-thumbnail","6":"product_cat-kulmikud-boilerid-pliidid","7":"product_cat-kutteseadmed-jahutusseadmed","8":"product_cat-heating-cooling-cooking","9":"pa_producer-vitrifrigo","10":"pa_unit-pcs","11":"tm-no-options","13":"first","14":"onbackorder","15":"taxable","16":"shipping-taxable","17":"purchasable","18":"product-type-simple","19":"entry","20":"content-bg","21":"loop-entry"},"yoast_head":"<!-- This site is optimized with the Yoast SEO plugin v27.3 - https:\/\/yoast.com\/product\/yoast-seo-wordpress\/ -->\n<title>K\u00dcLMIK- VITRIFRIGO C42L - NORDLINE s\u00f5udepaadid ja mootorpaadid. Klaasfiiber materjalist.<\/title>\n<meta name=\"robots\" content=\"index, follow, max-snippet:-1, max-image-preview:large, max-video-preview:-1\" \/>\n<link rel=\"canonical\" href=\"https:\/\/nordlinepaadid.ee\/et\/pood\/heating-cooling-cooking\/kulmikud-boilerid-pliidid\/kulmik-vitrifrigo-c42l\/\" \/>\n<meta property=\"og:locale\" content=\"et_EE\" \/>\n<meta property=\"og:type\" content=\"article\" \/>\n<meta property=\"og:title\" content=\"K\u00dcLMIK- VITRIFRIGO C42L - NORDLINE s\u00f5udepaadid ja mootorpaadid. Klaasfiiber materjalist.\" \/>\n<meta property=\"og:description\" content=\"K\u00fclmik Vitrifrigo. Mahutavus: 42 l, S\u00fcgavk\u00fclmiku osa 3.6 l, Toitevool: 12\/24 V 50 Hz, Voolutarbivus: 31 W, Ukspoolsus on vahetatav. Vitrifrigo kasutab k\u00fclmikute valmistamisel uusimat, \u00fcli\u00f5hukest isolatsioonimaterjali ja selle abil saavutatakse suurem k\u00fclmiku mahutavus, v\u00f5rreldes teiste tootjate analoogsete k\u00fclmikutega. Vitrifrigo uses, in its products, only certified compressors which pass the highest quality sound test levels.\" \/>\n<meta property=\"og:url\" content=\"https:\/\/nordlinepaadid.ee\/et\/pood\/heating-cooling-cooking\/kulmikud-boilerid-pliidid\/kulmik-vitrifrigo-c42l\/\" \/>\n<meta property=\"og:site_name\" content=\"NORDLINE s\u00f5udepaadid ja mootorpaadid. Klaasfiiber materjalist.\" \/>\n<meta property=\"article:publisher\" content=\"https:\/\/www.facebook.com\/nordlineboats\" \/>\n<meta property=\"article:modified_time\" content=\"2026-04-19T23:06:07+00:00\" \/>\n<meta property=\"og:image\" content=\"https:\/\/nordlinepaadid.ee\/wp-content\/uploads\/2023\/03\/3736_C42L_-_1.jpg\" \/>\n\t<meta property=\"og:image:width\" content=\"424\" \/>\n\t<meta property=\"og:image:height\" content=\"362\" \/>\n\t<meta property=\"og:image:type\" content=\"image\/jpeg\" \/>\n<meta name=\"twitter:card\" content=\"summary_large_image\" \/>\n<script type=\"application\/ld+json\" class=\"yoast-schema-graph\">{\"@context\":\"https:\\\/\\\/schema.org\",\"@graph\":[{\"@type\":\"WebPage\",\"@id\":\"https:\\\/\\\/nordlinepaadid.ee\\\/et\\\/pood\\\/heating-cooling-cooking\\\/kulmikud-boilerid-pliidid\\\/kulmik-vitrifrigo-c42l\\\/\",\"url\":\"https:\\\/\\\/nordlinepaadid.ee\\\/et\\\/pood\\\/heating-cooling-cooking\\\/kulmikud-boilerid-pliidid\\\/kulmik-vitrifrigo-c42l\\\/\",\"name\":\"K\u00dcLMIK- VITRIFRIGO C42L - NORDLINE s\u00f5udepaadid ja mootorpaadid. Klaasfiiber materjalist.\",\"isPartOf\":{\"@id\":\"https:\\\/\\\/nordlinepaadid.ee\\\/et\\\/#website\"},\"primaryImageOfPage\":{\"@id\":\"https:\\\/\\\/nordlinepaadid.ee\\\/et\\\/pood\\\/heating-cooling-cooking\\\/kulmikud-boilerid-pliidid\\\/kulmik-vitrifrigo-c42l\\\/#primaryimage\"},\"image\":{\"@id\":\"https:\\\/\\\/nordlinepaadid.ee\\\/et\\\/pood\\\/heating-cooling-cooking\\\/kulmikud-boilerid-pliidid\\\/kulmik-vitrifrigo-c42l\\\/#primaryimage\"},\"thumbnailUrl\":\"https:\\\/\\\/nordlinepaadid.ee\\\/wp-content\\\/uploads\\\/2023\\\/03\\\/3736_C42L_-_1.jpg\",\"datePublished\":\"2026-04-17T13:12:13+00:00\",\"dateModified\":\"2026-04-19T23:06:07+00:00\",\"breadcrumb\":{\"@id\":\"https:\\\/\\\/nordlinepaadid.ee\\\/et\\\/pood\\\/heating-cooling-cooking\\\/kulmikud-boilerid-pliidid\\\/kulmik-vitrifrigo-c42l\\\/#breadcrumb\"},\"inLanguage\":\"et\",\"potentialAction\":[{\"@type\":\"ReadAction\",\"target\":[\"https:\\\/\\\/nordlinepaadid.ee\\\/et\\\/pood\\\/heating-cooling-cooking\\\/kulmikud-boilerid-pliidid\\\/kulmik-vitrifrigo-c42l\\\/\"]}]},{\"@type\":\"ImageObject\",\"inLanguage\":\"et\",\"@id\":\"https:\\\/\\\/nordlinepaadid.ee\\\/et\\\/pood\\\/heating-cooling-cooking\\\/kulmikud-boilerid-pliidid\\\/kulmik-vitrifrigo-c42l\\\/#primaryimage\",\"url\":\"https:\\\/\\\/nordlinepaadid.ee\\\/wp-content\\\/uploads\\\/2023\\\/03\\\/3736_C42L_-_1.jpg\",\"contentUrl\":\"https:\\\/\\\/nordlinepaadid.ee\\\/wp-content\\\/uploads\\\/2023\\\/03\\\/3736_C42L_-_1.jpg\",\"width\":424,\"height\":362},{\"@type\":\"BreadcrumbList\",\"@id\":\"https:\\\/\\\/nordlinepaadid.ee\\\/et\\\/pood\\\/heating-cooling-cooking\\\/kulmikud-boilerid-pliidid\\\/kulmik-vitrifrigo-c42l\\\/#breadcrumb\",\"itemListElement\":[{\"@type\":\"ListItem\",\"position\":1,\"name\":\"Home\",\"item\":\"https:\\\/\\\/nordlinepaadid.ee\\\/et\\\/\"},{\"@type\":\"ListItem\",\"position\":2,\"name\":\"Pood\",\"item\":\"https:\\\/\\\/nordlinepaadid.ee\\\/et\\\/pood\\\/\"},{\"@type\":\"ListItem\",\"position\":3,\"name\":\"K\u00dcLMIK- VITRIFRIGO C42L\"}]},{\"@type\":\"WebSite\",\"@id\":\"https:\\\/\\\/nordlinepaadid.ee\\\/et\\\/#website\",\"url\":\"https:\\\/\\\/nordlinepaadid.ee\\\/et\\\/\",\"name\":\"NORDLINE s\u00f5udepaadid ja mootorpaadid. Klaasfiiber materjalist.\",\"description\":\"\",\"publisher\":{\"@id\":\"https:\\\/\\\/nordlinepaadid.ee\\\/et\\\/#organization\"},\"potentialAction\":[{\"@type\":\"SearchAction\",\"target\":{\"@type\":\"EntryPoint\",\"urlTemplate\":\"https:\\\/\\\/nordlinepaadid.ee\\\/et\\\/?s={search_term_string}\"},\"query-input\":{\"@type\":\"PropertyValueSpecification\",\"valueRequired\":true,\"valueName\":\"search_term_string\"}}],\"inLanguage\":\"et\"},{\"@type\":\"Organization\",\"@id\":\"https:\\\/\\\/nordlinepaadid.ee\\\/et\\\/#organization\",\"name\":\"Nordlineboats\",\"url\":\"https:\\\/\\\/nordlinepaadid.ee\\\/et\\\/\",\"logo\":{\"@type\":\"ImageObject\",\"inLanguage\":\"et\",\"@id\":\"https:\\\/\\\/nordlinepaadid.ee\\\/et\\\/#\\\/schema\\\/logo\\\/image\\\/\",\"url\":\"https:\\\/\\\/nordlinepaadid.ee\\\/wp-content\\\/uploads\\\/2023\\\/01\\\/fulllogo_transparent_nobuffer-e1672750475494.png\",\"contentUrl\":\"https:\\\/\\\/nordlinepaadid.ee\\\/wp-content\\\/uploads\\\/2023\\\/01\\\/fulllogo_transparent_nobuffer-e1672750475494.png\",\"width\":150,\"height\":119,\"caption\":\"Nordlineboats\"},\"image\":{\"@id\":\"https:\\\/\\\/nordlinepaadid.ee\\\/et\\\/#\\\/schema\\\/logo\\\/image\\\/\"},\"sameAs\":[\"https:\\\/\\\/www.facebook.com\\\/nordlineboats\",\"https:\\\/\\\/www.youtube.com\\\/channel\\\/UCbgF0fy02y3QkFnujaLTaCA\"]}]}<\/script>\n<!-- \/ Yoast SEO plugin. -->","yoast_head_json":{"title":"K\u00dcLMIK- VITRIFRIGO C42L - NORDLINE s\u00f5udepaadid ja mootorpaadid. Klaasfiiber materjalist.","robots":{"index":"index","follow":"follow","max-snippet":"max-snippet:-1","max-image-preview":"max-image-preview:large","max-video-preview":"max-video-preview:-1"},"canonical":"https:\/\/nordlinepaadid.ee\/et\/pood\/heating-cooling-cooking\/kulmikud-boilerid-pliidid\/kulmik-vitrifrigo-c42l\/","og_locale":"et_EE","og_type":"article","og_title":"K\u00dcLMIK- VITRIFRIGO C42L - NORDLINE s\u00f5udepaadid ja mootorpaadid. Klaasfiiber materjalist.","og_description":"K\u00fclmik Vitrifrigo. Mahutavus: 42 l, S\u00fcgavk\u00fclmiku osa 3.6 l, Toitevool: 12\/24 V 50 Hz, Voolutarbivus: 31 W, Ukspoolsus on vahetatav. Vitrifrigo kasutab k\u00fclmikute valmistamisel uusimat, \u00fcli\u00f5hukest isolatsioonimaterjali ja selle abil saavutatakse suurem k\u00fclmiku mahutavus, v\u00f5rreldes teiste tootjate analoogsete k\u00fclmikutega. Vitrifrigo uses, in its products, only certified compressors which pass the highest quality sound test levels.","og_url":"https:\/\/nordlinepaadid.ee\/et\/pood\/heating-cooling-cooking\/kulmikud-boilerid-pliidid\/kulmik-vitrifrigo-c42l\/","og_site_name":"NORDLINE s\u00f5udepaadid ja mootorpaadid. Klaasfiiber materjalist.","article_publisher":"https:\/\/www.facebook.com\/nordlineboats","article_modified_time":"2026-04-19T23:06:07+00:00","og_image":[{"width":424,"height":362,"url":"https:\/\/nordlinepaadid.ee\/wp-content\/uploads\/2023\/03\/3736_C42L_-_1.jpg","type":"image\/jpeg"}],"twitter_card":"summary_large_image","schema":{"@context":"https:\/\/schema.org","@graph":[{"@type":"WebPage","@id":"https:\/\/nordlinepaadid.ee\/et\/pood\/heating-cooling-cooking\/kulmikud-boilerid-pliidid\/kulmik-vitrifrigo-c42l\/","url":"https:\/\/nordlinepaadid.ee\/et\/pood\/heating-cooling-cooking\/kulmikud-boilerid-pliidid\/kulmik-vitrifrigo-c42l\/","name":"K\u00dcLMIK- VITRIFRIGO C42L - NORDLINE s\u00f5udepaadid ja mootorpaadid. Klaasfiiber materjalist.","isPartOf":{"@id":"https:\/\/nordlinepaadid.ee\/et\/#website"},"primaryImageOfPage":{"@id":"https:\/\/nordlinepaadid.ee\/et\/pood\/heating-cooling-cooking\/kulmikud-boilerid-pliidid\/kulmik-vitrifrigo-c42l\/#primaryimage"},"image":{"@id":"https:\/\/nordlinepaadid.ee\/et\/pood\/heating-cooling-cooking\/kulmikud-boilerid-pliidid\/kulmik-vitrifrigo-c42l\/#primaryimage"},"thumbnailUrl":"https:\/\/nordlinepaadid.ee\/wp-content\/uploads\/2023\/03\/3736_C42L_-_1.jpg","datePublished":"2026-04-17T13:12:13+00:00","dateModified":"2026-04-19T23:06:07+00:00","breadcrumb":{"@id":"https:\/\/nordlinepaadid.ee\/et\/pood\/heating-cooling-cooking\/kulmikud-boilerid-pliidid\/kulmik-vitrifrigo-c42l\/#breadcrumb"},"inLanguage":"et","potentialAction":[{"@type":"ReadAction","target":["https:\/\/nordlinepaadid.ee\/et\/pood\/heating-cooling-cooking\/kulmikud-boilerid-pliidid\/kulmik-vitrifrigo-c42l\/"]}]},{"@type":"ImageObject","inLanguage":"et","@id":"https:\/\/nordlinepaadid.ee\/et\/pood\/heating-cooling-cooking\/kulmikud-boilerid-pliidid\/kulmik-vitrifrigo-c42l\/#primaryimage","url":"https:\/\/nordlinepaadid.ee\/wp-content\/uploads\/2023\/03\/3736_C42L_-_1.jpg","contentUrl":"https:\/\/nordlinepaadid.ee\/wp-content\/uploads\/2023\/03\/3736_C42L_-_1.jpg","width":424,"height":362},{"@type":"BreadcrumbList","@id":"https:\/\/nordlinepaadid.ee\/et\/pood\/heating-cooling-cooking\/kulmikud-boilerid-pliidid\/kulmik-vitrifrigo-c42l\/#breadcrumb","itemListElement":[{"@type":"ListItem","position":1,"name":"Home","item":"https:\/\/nordlinepaadid.ee\/et\/"},{"@type":"ListItem","position":2,"name":"Pood","item":"https:\/\/nordlinepaadid.ee\/et\/pood\/"},{"@type":"ListItem","position":3,"name":"K\u00dcLMIK- VITRIFRIGO C42L"}]},{"@type":"WebSite","@id":"https:\/\/nordlinepaadid.ee\/et\/#website","url":"https:\/\/nordlinepaadid.ee\/et\/","name":"NORDLINE s\u00f5udepaadid ja mootorpaadid. Klaasfiiber materjalist.","description":"","publisher":{"@id":"https:\/\/nordlinepaadid.ee\/et\/#organization"},"potentialAction":[{"@type":"SearchAction","target":{"@type":"EntryPoint","urlTemplate":"https:\/\/nordlinepaadid.ee\/et\/?s={search_term_string}"},"query-input":{"@type":"PropertyValueSpecification","valueRequired":true,"valueName":"search_term_string"}}],"inLanguage":"et"},{"@type":"Organization","@id":"https:\/\/nordlinepaadid.ee\/et\/#organization","name":"Nordlineboats","url":"https:\/\/nordlinepaadid.ee\/et\/","logo":{"@type":"ImageObject","inLanguage":"et","@id":"https:\/\/nordlinepaadid.ee\/et\/#\/schema\/logo\/image\/","url":"https:\/\/nordlinepaadid.ee\/wp-content\/uploads\/2023\/01\/fulllogo_transparent_nobuffer-e1672750475494.png","contentUrl":"https:\/\/nordlinepaadid.ee\/wp-content\/uploads\/2023\/01\/fulllogo_transparent_nobuffer-e1672750475494.png","width":150,"height":119,"caption":"Nordlineboats"},"image":{"@id":"https:\/\/nordlinepaadid.ee\/et\/#\/schema\/logo\/image\/"},"sameAs":["https:\/\/www.facebook.com\/nordlineboats","https:\/\/www.youtube.com\/channel\/UCbgF0fy02y3QkFnujaLTaCA"]}]}},"taxonomy_info":{"product_cat":[{"value":356,"label":"K\u00fclmikud, Boilerid, Pliidid"},{"value":1780,"label":"K\u00dcTTESEADMED, JAHUTUSSEADMED"},{"value":359,"label":"K\u00dcTTESEADMED, JAHUTUSSEADMED"}],"pa_producer":[{"value":529,"label":"Vitrifrigo"}],"pa_unit":[{"value":416,"label":"pcs"}]},"featured_image_src_large":["https:\/\/nordlinepaadid.ee\/wp-content\/uploads\/2023\/03\/3736_C42L_-_1.jpg",424,362,false],"author_info":[],"comment_info":"","_links":{"self":[{"href":"https:\/\/nordlinepaadid.ee\/et\/wp-json\/wp\/v2\/product\/58487","targetHints":{"allow":["GET"]}}],"collection":[{"href":"https:\/\/nordlinepaadid.ee\/et\/wp-json\/wp\/v2\/product"}],"about":[{"href":"https:\/\/nordlinepaadid.ee\/et\/wp-json\/wp\/v2\/types\/product"}],"wp:featuredmedia":[{"embeddable":true,"href":"https:\/\/nordlinepaadid.ee\/et\/wp-json\/wp\/v2\/media\/20533"}],"wp:attachment":[{"href":"https:\/\/nordlinepaadid.ee\/et\/wp-json\/wp\/v2\/media?parent=58487"}],"wp:term":[{"taxonomy":"product_brand","embeddable":true,"href":"https:\/\/nordlinepaadid.ee\/et\/wp-json\/wp\/v2\/product_brand?post=58487"},{"taxonomy":"product_cat","embeddable":true,"href":"https:\/\/nordlinepaadid.ee\/et\/wp-json\/wp\/v2\/product_cat?post=58487"},{"taxonomy":"product_tag","embeddable":true,"href":"https:\/\/nordlinepaadid.ee\/et\/wp-json\/wp\/v2\/product_tag?post=58487"}],"curies":[{"name":"wp","href":"https:\/\/api.w.org\/{rel}","templated":true}]}}