{"id":58494,"date":"2026-05-15T03:06:41","date_gmt":"2026-05-15T00:06:41","guid":{"rendered":"https:\/\/nordlinepaadid.ee\/pood\/maaratlemata\/boiler-isotemp-indel-webasto-marine-24-l\/"},"modified":"2026-05-17T22:05:18","modified_gmt":"2026-05-17T19:05:18","slug":"boiler-isotemp-indel-webasto-marine-24-l","status":"publish","type":"product","link":"https:\/\/nordlinepaadid.ee\/et\/pood\/heating-cooling-cooking\/kulmikud-boilerid-pliidid\/boiler-isotemp-indel-webasto-marine-24-l\/","title":{"rendered":"BOILER- ISOTEMP, INDEL WEBASTO MARINE, 24 L"},"content":{"rendered":"<p>Roostevabast terasest korpusega Isotemp boiler. Veepaagil on 5-aastane lekkegarantii. V\u00f5imsus: 750 W, Toitevool: 220 V. Boiler on v\u00f5imalik \u00fchendada ka mootori jahutuss\u00fcsteemiga. Topeltkaitsmega termostaat, ohutusventiil, mis aitab v\u00e4ltida vee keemaminekut. Pol\u00fcuretaanist isolatsioon. Boilerit on v\u00f5imalik paigutada horisontaalselt v\u00f5i vertikaalselt ja boilerile on paigaldatud termostaat-segisti. M\u00f5\u00f5tmed: 460 x 395 mm, Max.r\u00f5hk: 6 bar. Mahutavus: 24 l. Kaal: 11 kg.<\/p>\n","protected":false},"excerpt":{"rendered":"<p>Roostevabast terasest korpusega Isotemp boiler. Veepaagil on 5-aastane lekkegarantii. V\u00f5imsus: 750 W, Toitevool: 220 V. Boiler on v\u00f5imalik \u00fchendada ka mootori jahutuss\u00fcsteemiga. Topeltkaitsmega termostaat, ohutusventiil, mis aitab v\u00e4ltida vee keemaminekut. Pol\u00fcuretaanist isolatsioon. Boilerit on v\u00f5imalik paigutada horisontaalselt v\u00f5i vertikaalselt ja boilerile on paigaldatud termostaat-segisti. M\u00f5\u00f5tmed: 460 x 395 mm, Max.r\u00f5hk: 6 bar. Mahutavus: 24 l&#8230;.<\/p>\n","protected":false},"featured_media":20582,"template":"","meta":{"_kad_blocks_custom_css":"","_kad_blocks_head_custom_js":"","_kad_blocks_body_custom_js":"","_kad_blocks_footer_custom_js":"","_kad_post_transparent":"","_kad_post_title":"","_kad_post_layout":"","_kad_post_sidebar_id":"","_kad_post_content_style":"","_kad_post_vertical_padding":"","_kad_post_feature":"","_kad_post_feature_position":"","_kad_post_header":false,"_kad_post_footer":false,"_kad_post_classname":""},"product_brand":[],"product_cat":[356,1780,359],"product_tag":[],"class_list":{"0":"post-58494","1":"product","2":"type-product","3":"status-publish","4":"has-post-thumbnail","6":"product_cat-kulmikud-boilerid-pliidid","7":"product_cat-kutteseadmed-jahutusseadmed","8":"product_cat-heating-cooling-cooking","9":"pa_producer-indel-webasto-marine","10":"pa_unit-pcs","11":"tm-no-options","13":"first","14":"onbackorder","15":"taxable","16":"shipping-taxable","17":"purchasable","18":"product-type-simple","19":"entry","20":"content-bg","21":"loop-entry"},"yoast_head":"<!-- This site is optimized with the Yoast SEO plugin v27.5 - https:\/\/yoast.com\/product\/yoast-seo-wordpress\/ -->\n<title>BOILER- ISOTEMP, INDEL WEBASTO MARINE, 24 L - NORDLINE s\u00f5udepaadid ja mootorpaadid. Klaasfiiber materjalist.<\/title>\n<meta name=\"robots\" content=\"index, follow, max-snippet:-1, max-image-preview:large, max-video-preview:-1\" \/>\n<link rel=\"canonical\" href=\"https:\/\/nordlinepaadid.ee\/et\/pood\/heating-cooling-cooking\/kulmikud-boilerid-pliidid\/boiler-isotemp-indel-webasto-marine-24-l\/\" \/>\n<meta property=\"og:locale\" content=\"et_EE\" \/>\n<meta property=\"og:type\" content=\"article\" \/>\n<meta property=\"og:title\" content=\"BOILER- ISOTEMP, INDEL WEBASTO MARINE, 24 L - NORDLINE s\u00f5udepaadid ja mootorpaadid. Klaasfiiber materjalist.\" \/>\n<meta property=\"og:description\" content=\"Roostevabast terasest korpusega Isotemp boiler. Veepaagil on 5-aastane lekkegarantii. V\u00f5imsus: 750 W, Toitevool: 220 V. Boiler on v\u00f5imalik \u00fchendada ka mootori jahutuss\u00fcsteemiga. Topeltkaitsmega termostaat, ohutusventiil, mis aitab v\u00e4ltida vee keemaminekut. Pol\u00fcuretaanist isolatsioon. Boilerit on v\u00f5imalik paigutada horisontaalselt v\u00f5i vertikaalselt ja boilerile on paigaldatud termostaat-segisti. M\u00f5\u00f5tmed: 460 x 395 mm, Max.r\u00f5hk: 6 bar. Mahutavus: 24 l....\" \/>\n<meta property=\"og:url\" content=\"https:\/\/nordlinepaadid.ee\/et\/pood\/heating-cooling-cooking\/kulmikud-boilerid-pliidid\/boiler-isotemp-indel-webasto-marine-24-l\/\" \/>\n<meta property=\"og:site_name\" content=\"NORDLINE s\u00f5udepaadid ja mootorpaadid. Klaasfiiber materjalist.\" \/>\n<meta property=\"article:publisher\" content=\"https:\/\/www.facebook.com\/nordlineboats\" \/>\n<meta property=\"article:modified_time\" content=\"2026-05-17T19:05:18+00:00\" \/>\n<meta property=\"og:image\" content=\"https:\/\/nordlinepaadid.ee\/wp-content\/uploads\/2023\/03\/3721_EN_50.291.00.jpg\" \/>\n\t<meta property=\"og:image:width\" content=\"650\" \/>\n\t<meta property=\"og:image:height\" content=\"429\" \/>\n\t<meta property=\"og:image:type\" content=\"image\/jpeg\" \/>\n<meta name=\"twitter:card\" content=\"summary_large_image\" \/>\n<script type=\"application\/ld+json\" class=\"yoast-schema-graph\">{\"@context\":\"https:\\\/\\\/schema.org\",\"@graph\":[{\"@type\":\"WebPage\",\"@id\":\"https:\\\/\\\/nordlinepaadid.ee\\\/et\\\/pood\\\/heating-cooling-cooking\\\/kulmikud-boilerid-pliidid\\\/boiler-isotemp-indel-webasto-marine-24-l\\\/\",\"url\":\"https:\\\/\\\/nordlinepaadid.ee\\\/et\\\/pood\\\/heating-cooling-cooking\\\/kulmikud-boilerid-pliidid\\\/boiler-isotemp-indel-webasto-marine-24-l\\\/\",\"name\":\"BOILER- ISOTEMP, INDEL WEBASTO MARINE, 24 L - NORDLINE s\u00f5udepaadid ja mootorpaadid. Klaasfiiber materjalist.\",\"isPartOf\":{\"@id\":\"https:\\\/\\\/nordlinepaadid.ee\\\/et\\\/#website\"},\"primaryImageOfPage\":{\"@id\":\"https:\\\/\\\/nordlinepaadid.ee\\\/et\\\/pood\\\/heating-cooling-cooking\\\/kulmikud-boilerid-pliidid\\\/boiler-isotemp-indel-webasto-marine-24-l\\\/#primaryimage\"},\"image\":{\"@id\":\"https:\\\/\\\/nordlinepaadid.ee\\\/et\\\/pood\\\/heating-cooling-cooking\\\/kulmikud-boilerid-pliidid\\\/boiler-isotemp-indel-webasto-marine-24-l\\\/#primaryimage\"},\"thumbnailUrl\":\"https:\\\/\\\/nordlinepaadid.ee\\\/wp-content\\\/uploads\\\/2023\\\/03\\\/3721_EN_50.291.00.jpg\",\"datePublished\":\"2026-05-15T00:06:41+00:00\",\"dateModified\":\"2026-05-17T19:05:18+00:00\",\"breadcrumb\":{\"@id\":\"https:\\\/\\\/nordlinepaadid.ee\\\/et\\\/pood\\\/heating-cooling-cooking\\\/kulmikud-boilerid-pliidid\\\/boiler-isotemp-indel-webasto-marine-24-l\\\/#breadcrumb\"},\"inLanguage\":\"et\",\"potentialAction\":[{\"@type\":\"ReadAction\",\"target\":[\"https:\\\/\\\/nordlinepaadid.ee\\\/et\\\/pood\\\/heating-cooling-cooking\\\/kulmikud-boilerid-pliidid\\\/boiler-isotemp-indel-webasto-marine-24-l\\\/\"]}]},{\"@type\":\"ImageObject\",\"inLanguage\":\"et\",\"@id\":\"https:\\\/\\\/nordlinepaadid.ee\\\/et\\\/pood\\\/heating-cooling-cooking\\\/kulmikud-boilerid-pliidid\\\/boiler-isotemp-indel-webasto-marine-24-l\\\/#primaryimage\",\"url\":\"https:\\\/\\\/nordlinepaadid.ee\\\/wp-content\\\/uploads\\\/2023\\\/03\\\/3721_EN_50.291.00.jpg\",\"contentUrl\":\"https:\\\/\\\/nordlinepaadid.ee\\\/wp-content\\\/uploads\\\/2023\\\/03\\\/3721_EN_50.291.00.jpg\",\"width\":650,\"height\":429},{\"@type\":\"BreadcrumbList\",\"@id\":\"https:\\\/\\\/nordlinepaadid.ee\\\/et\\\/pood\\\/heating-cooling-cooking\\\/kulmikud-boilerid-pliidid\\\/boiler-isotemp-indel-webasto-marine-24-l\\\/#breadcrumb\",\"itemListElement\":[{\"@type\":\"ListItem\",\"position\":1,\"name\":\"Home\",\"item\":\"https:\\\/\\\/nordlinepaadid.ee\\\/et\\\/\"},{\"@type\":\"ListItem\",\"position\":2,\"name\":\"Pood\",\"item\":\"https:\\\/\\\/nordlinepaadid.ee\\\/et\\\/pood\\\/\"},{\"@type\":\"ListItem\",\"position\":3,\"name\":\"BOILER- ISOTEMP, INDEL WEBASTO MARINE, 24 L\"}]},{\"@type\":\"WebSite\",\"@id\":\"https:\\\/\\\/nordlinepaadid.ee\\\/et\\\/#website\",\"url\":\"https:\\\/\\\/nordlinepaadid.ee\\\/et\\\/\",\"name\":\"NORDLINE s\u00f5udepaadid ja mootorpaadid. Klaasfiiber materjalist.\",\"description\":\"\",\"publisher\":{\"@id\":\"https:\\\/\\\/nordlinepaadid.ee\\\/et\\\/#organization\"},\"potentialAction\":[{\"@type\":\"SearchAction\",\"target\":{\"@type\":\"EntryPoint\",\"urlTemplate\":\"https:\\\/\\\/nordlinepaadid.ee\\\/et\\\/?s={search_term_string}\"},\"query-input\":{\"@type\":\"PropertyValueSpecification\",\"valueRequired\":true,\"valueName\":\"search_term_string\"}}],\"inLanguage\":\"et\"},{\"@type\":\"Organization\",\"@id\":\"https:\\\/\\\/nordlinepaadid.ee\\\/et\\\/#organization\",\"name\":\"Nordlineboats\",\"url\":\"https:\\\/\\\/nordlinepaadid.ee\\\/et\\\/\",\"logo\":{\"@type\":\"ImageObject\",\"inLanguage\":\"et\",\"@id\":\"https:\\\/\\\/nordlinepaadid.ee\\\/et\\\/#\\\/schema\\\/logo\\\/image\\\/\",\"url\":\"https:\\\/\\\/nordlinepaadid.ee\\\/wp-content\\\/uploads\\\/2023\\\/01\\\/fulllogo_transparent_nobuffer-e1672750475494.png\",\"contentUrl\":\"https:\\\/\\\/nordlinepaadid.ee\\\/wp-content\\\/uploads\\\/2023\\\/01\\\/fulllogo_transparent_nobuffer-e1672750475494.png\",\"width\":150,\"height\":119,\"caption\":\"Nordlineboats\"},\"image\":{\"@id\":\"https:\\\/\\\/nordlinepaadid.ee\\\/et\\\/#\\\/schema\\\/logo\\\/image\\\/\"},\"sameAs\":[\"https:\\\/\\\/www.facebook.com\\\/nordlineboats\",\"https:\\\/\\\/www.youtube.com\\\/channel\\\/UCbgF0fy02y3QkFnujaLTaCA\"]}]}<\/script>\n<!-- \/ Yoast SEO plugin. -->","yoast_head_json":{"title":"BOILER- ISOTEMP, INDEL WEBASTO MARINE, 24 L - NORDLINE s\u00f5udepaadid ja mootorpaadid. Klaasfiiber materjalist.","robots":{"index":"index","follow":"follow","max-snippet":"max-snippet:-1","max-image-preview":"max-image-preview:large","max-video-preview":"max-video-preview:-1"},"canonical":"https:\/\/nordlinepaadid.ee\/et\/pood\/heating-cooling-cooking\/kulmikud-boilerid-pliidid\/boiler-isotemp-indel-webasto-marine-24-l\/","og_locale":"et_EE","og_type":"article","og_title":"BOILER- ISOTEMP, INDEL WEBASTO MARINE, 24 L - NORDLINE s\u00f5udepaadid ja mootorpaadid. Klaasfiiber materjalist.","og_description":"Roostevabast terasest korpusega Isotemp boiler. Veepaagil on 5-aastane lekkegarantii. V\u00f5imsus: 750 W, Toitevool: 220 V. Boiler on v\u00f5imalik \u00fchendada ka mootori jahutuss\u00fcsteemiga. Topeltkaitsmega termostaat, ohutusventiil, mis aitab v\u00e4ltida vee keemaminekut. Pol\u00fcuretaanist isolatsioon. Boilerit on v\u00f5imalik paigutada horisontaalselt v\u00f5i vertikaalselt ja boilerile on paigaldatud termostaat-segisti. M\u00f5\u00f5tmed: 460 x 395 mm, Max.r\u00f5hk: 6 bar. Mahutavus: 24 l....","og_url":"https:\/\/nordlinepaadid.ee\/et\/pood\/heating-cooling-cooking\/kulmikud-boilerid-pliidid\/boiler-isotemp-indel-webasto-marine-24-l\/","og_site_name":"NORDLINE s\u00f5udepaadid ja mootorpaadid. Klaasfiiber materjalist.","article_publisher":"https:\/\/www.facebook.com\/nordlineboats","article_modified_time":"2026-05-17T19:05:18+00:00","og_image":[{"width":650,"height":429,"url":"https:\/\/nordlinepaadid.ee\/wp-content\/uploads\/2023\/03\/3721_EN_50.291.00.jpg","type":"image\/jpeg"}],"twitter_card":"summary_large_image","schema":{"@context":"https:\/\/schema.org","@graph":[{"@type":"WebPage","@id":"https:\/\/nordlinepaadid.ee\/et\/pood\/heating-cooling-cooking\/kulmikud-boilerid-pliidid\/boiler-isotemp-indel-webasto-marine-24-l\/","url":"https:\/\/nordlinepaadid.ee\/et\/pood\/heating-cooling-cooking\/kulmikud-boilerid-pliidid\/boiler-isotemp-indel-webasto-marine-24-l\/","name":"BOILER- ISOTEMP, INDEL WEBASTO MARINE, 24 L - NORDLINE s\u00f5udepaadid ja mootorpaadid. Klaasfiiber materjalist.","isPartOf":{"@id":"https:\/\/nordlinepaadid.ee\/et\/#website"},"primaryImageOfPage":{"@id":"https:\/\/nordlinepaadid.ee\/et\/pood\/heating-cooling-cooking\/kulmikud-boilerid-pliidid\/boiler-isotemp-indel-webasto-marine-24-l\/#primaryimage"},"image":{"@id":"https:\/\/nordlinepaadid.ee\/et\/pood\/heating-cooling-cooking\/kulmikud-boilerid-pliidid\/boiler-isotemp-indel-webasto-marine-24-l\/#primaryimage"},"thumbnailUrl":"https:\/\/nordlinepaadid.ee\/wp-content\/uploads\/2023\/03\/3721_EN_50.291.00.jpg","datePublished":"2026-05-15T00:06:41+00:00","dateModified":"2026-05-17T19:05:18+00:00","breadcrumb":{"@id":"https:\/\/nordlinepaadid.ee\/et\/pood\/heating-cooling-cooking\/kulmikud-boilerid-pliidid\/boiler-isotemp-indel-webasto-marine-24-l\/#breadcrumb"},"inLanguage":"et","potentialAction":[{"@type":"ReadAction","target":["https:\/\/nordlinepaadid.ee\/et\/pood\/heating-cooling-cooking\/kulmikud-boilerid-pliidid\/boiler-isotemp-indel-webasto-marine-24-l\/"]}]},{"@type":"ImageObject","inLanguage":"et","@id":"https:\/\/nordlinepaadid.ee\/et\/pood\/heating-cooling-cooking\/kulmikud-boilerid-pliidid\/boiler-isotemp-indel-webasto-marine-24-l\/#primaryimage","url":"https:\/\/nordlinepaadid.ee\/wp-content\/uploads\/2023\/03\/3721_EN_50.291.00.jpg","contentUrl":"https:\/\/nordlinepaadid.ee\/wp-content\/uploads\/2023\/03\/3721_EN_50.291.00.jpg","width":650,"height":429},{"@type":"BreadcrumbList","@id":"https:\/\/nordlinepaadid.ee\/et\/pood\/heating-cooling-cooking\/kulmikud-boilerid-pliidid\/boiler-isotemp-indel-webasto-marine-24-l\/#breadcrumb","itemListElement":[{"@type":"ListItem","position":1,"name":"Home","item":"https:\/\/nordlinepaadid.ee\/et\/"},{"@type":"ListItem","position":2,"name":"Pood","item":"https:\/\/nordlinepaadid.ee\/et\/pood\/"},{"@type":"ListItem","position":3,"name":"BOILER- ISOTEMP, INDEL WEBASTO MARINE, 24 L"}]},{"@type":"WebSite","@id":"https:\/\/nordlinepaadid.ee\/et\/#website","url":"https:\/\/nordlinepaadid.ee\/et\/","name":"NORDLINE s\u00f5udepaadid ja mootorpaadid. Klaasfiiber materjalist.","description":"","publisher":{"@id":"https:\/\/nordlinepaadid.ee\/et\/#organization"},"potentialAction":[{"@type":"SearchAction","target":{"@type":"EntryPoint","urlTemplate":"https:\/\/nordlinepaadid.ee\/et\/?s={search_term_string}"},"query-input":{"@type":"PropertyValueSpecification","valueRequired":true,"valueName":"search_term_string"}}],"inLanguage":"et"},{"@type":"Organization","@id":"https:\/\/nordlinepaadid.ee\/et\/#organization","name":"Nordlineboats","url":"https:\/\/nordlinepaadid.ee\/et\/","logo":{"@type":"ImageObject","inLanguage":"et","@id":"https:\/\/nordlinepaadid.ee\/et\/#\/schema\/logo\/image\/","url":"https:\/\/nordlinepaadid.ee\/wp-content\/uploads\/2023\/01\/fulllogo_transparent_nobuffer-e1672750475494.png","contentUrl":"https:\/\/nordlinepaadid.ee\/wp-content\/uploads\/2023\/01\/fulllogo_transparent_nobuffer-e1672750475494.png","width":150,"height":119,"caption":"Nordlineboats"},"image":{"@id":"https:\/\/nordlinepaadid.ee\/et\/#\/schema\/logo\/image\/"},"sameAs":["https:\/\/www.facebook.com\/nordlineboats","https:\/\/www.youtube.com\/channel\/UCbgF0fy02y3QkFnujaLTaCA"]}]}},"taxonomy_info":{"product_cat":[{"value":356,"label":"K\u00fclmikud, Boilerid, Pliidid"},{"value":1780,"label":"K\u00dcTTESEADMED, JAHUTUSSEADMED"},{"value":359,"label":"K\u00dcTTESEADMED, JAHUTUSSEADMED"}],"pa_producer":[{"value":530,"label":"Indel Webasto Marine"}],"pa_unit":[{"value":416,"label":"pcs"}]},"featured_image_src_large":["https:\/\/nordlinepaadid.ee\/wp-content\/uploads\/2023\/03\/3721_EN_50.291.00.jpg",650,429,false],"author_info":[],"comment_info":"","_links":{"self":[{"href":"https:\/\/nordlinepaadid.ee\/et\/wp-json\/wp\/v2\/product\/58494","targetHints":{"allow":["GET"]}}],"collection":[{"href":"https:\/\/nordlinepaadid.ee\/et\/wp-json\/wp\/v2\/product"}],"about":[{"href":"https:\/\/nordlinepaadid.ee\/et\/wp-json\/wp\/v2\/types\/product"}],"wp:featuredmedia":[{"embeddable":true,"href":"https:\/\/nordlinepaadid.ee\/et\/wp-json\/wp\/v2\/media\/20582"}],"wp:attachment":[{"href":"https:\/\/nordlinepaadid.ee\/et\/wp-json\/wp\/v2\/media?parent=58494"}],"wp:term":[{"taxonomy":"product_brand","embeddable":true,"href":"https:\/\/nordlinepaadid.ee\/et\/wp-json\/wp\/v2\/product_brand?post=58494"},{"taxonomy":"product_cat","embeddable":true,"href":"https:\/\/nordlinepaadid.ee\/et\/wp-json\/wp\/v2\/product_cat?post=58494"},{"taxonomy":"product_tag","embeddable":true,"href":"https:\/\/nordlinepaadid.ee\/et\/wp-json\/wp\/v2\/product_tag?post=58494"}],"curies":[{"name":"wp","href":"https:\/\/api.w.org\/{rel}","templated":true}]}}