{"id":59107,"date":"2026-05-15T03:08:50","date_gmt":"2026-05-15T00:08:50","guid":{"rendered":"https:\/\/nordlinepaadid.ee\/pood\/maaratlemata\/kompass-ritchie-explorer-b-51\/"},"modified":"2026-05-17T12:01:37","modified_gmt":"2026-05-17T09:01:37","slug":"kompass-ritchie-explorer-b-51","status":"publish","type":"product","link":"https:\/\/nordlinepaadid.ee\/et\/pood\/navigatsiooni-vahendid\/kompassid\/kompass-ritchie-explorer-b-51\/","title":{"rendered":"KOMPASS- RITCHIE EXPLORER B-51"},"content":{"rendered":"<p>Ritchie Explorer sarja kompassil on kergestiloetav ja hea n\u00e4htavusega n\u00e4idik. Kompass on reguleeritava paigaldusnurgaga ja lihtsasti aluselt eemaldatav. Sisemine roheline taustavalgus. Sisseehitatud kompensaatorid deviatsiooni korrigeerimiseks. Patenteeritud, safiiriga tugevdatud numbrialuse liikumise mehhanism. Tugevad j\u00f5umagnetid stabiilsuse parandamiseks ka suurematel kiirustel. Reguleeritav p\u00e4ikesevari. Eriti suur diafragma ja vastupidav konstruktsioon lubavad kompassi kasutada ka ekstreemsetes oludes. Omadused- Kraadide jaotused: 5.0\u00b0; Kompensaatorid: Integraal; Taustavalgus: 12 V; Korpuse v\u00e4rvus: must; N\u00e4idik: must; N\u00e4idiku l\u00e4bim\u00f5\u00f5t: 70 mm; Kompasi k\u00f5rgus: 119 mm; Kompassi l\u00e4bim\u00f5\u00f5t: 116 mm; Kaal: 440 grammi.<\/p>\n","protected":false},"excerpt":{"rendered":"<p>Ritchie Explorer sarja kompassil on kergestiloetav ja hea n\u00e4htavusega n\u00e4idik. Kompass on reguleeritava paigaldusnurgaga ja lihtsasti aluselt eemaldatav. Sisemine roheline taustavalgus. Sisseehitatud kompensaatorid deviatsiooni korrigeerimiseks. Patenteeritud, safiiriga tugevdatud numbrialuse liikumise mehhanism. Tugevad j\u00f5umagnetid stabiilsuse parandamiseks ka suurematel kiirustel. Reguleeritav p\u00e4ikesevari. Eriti suur diafragma ja vastupidav konstruktsioon lubavad kompassi kasutada ka ekstreemsetes oludes. Omadused- Kraadide jaotused:&#8230;<\/p>\n","protected":false},"featured_media":22551,"template":"","meta":{"_kad_blocks_custom_css":"","_kad_blocks_head_custom_js":"","_kad_blocks_body_custom_js":"","_kad_blocks_footer_custom_js":"","_kad_post_transparent":"","_kad_post_title":"","_kad_post_layout":"","_kad_post_sidebar_id":"","_kad_post_content_style":"","_kad_post_vertical_padding":"","_kad_post_feature":"","_kad_post_feature_position":"","_kad_post_header":false,"_kad_post_footer":false,"_kad_post_classname":""},"product_brand":[],"product_cat":[387,247],"product_tag":[],"class_list":{"0":"post-59107","1":"product","2":"type-product","3":"status-publish","4":"has-post-thumbnail","6":"product_cat-kompassid","7":"product_cat-navigatsiooni-vahendid","8":"pa_color-korpus-must-naidik-must","9":"pa_producer-ritchie","10":"pa_unit-pcs","11":"tm-no-options","13":"first","14":"onbackorder","15":"taxable","16":"shipping-taxable","17":"purchasable","18":"product-type-simple","19":"entry","20":"content-bg","21":"loop-entry"},"yoast_head":"<!-- This site is optimized with the Yoast SEO plugin v27.5 - https:\/\/yoast.com\/product\/yoast-seo-wordpress\/ -->\n<title>KOMPASS- RITCHIE EXPLORER B-51 - NORDLINE s\u00f5udepaadid ja mootorpaadid. Klaasfiiber materjalist.<\/title>\n<meta name=\"robots\" content=\"index, follow, max-snippet:-1, max-image-preview:large, max-video-preview:-1\" \/>\n<link rel=\"canonical\" href=\"https:\/\/nordlinepaadid.ee\/et\/pood\/navigatsiooni-vahendid\/kompassid\/kompass-ritchie-explorer-b-51\/\" \/>\n<meta property=\"og:locale\" content=\"et_EE\" \/>\n<meta property=\"og:type\" content=\"article\" \/>\n<meta property=\"og:title\" content=\"KOMPASS- RITCHIE EXPLORER B-51 - NORDLINE s\u00f5udepaadid ja mootorpaadid. Klaasfiiber materjalist.\" \/>\n<meta property=\"og:description\" content=\"Ritchie Explorer sarja kompassil on kergestiloetav ja hea n\u00e4htavusega n\u00e4idik. Kompass on reguleeritava paigaldusnurgaga ja lihtsasti aluselt eemaldatav. Sisemine roheline taustavalgus. Sisseehitatud kompensaatorid deviatsiooni korrigeerimiseks. Patenteeritud, safiiriga tugevdatud numbrialuse liikumise mehhanism. Tugevad j\u00f5umagnetid stabiilsuse parandamiseks ka suurematel kiirustel. Reguleeritav p\u00e4ikesevari. Eriti suur diafragma ja vastupidav konstruktsioon lubavad kompassi kasutada ka ekstreemsetes oludes. Omadused- Kraadide jaotused:...\" \/>\n<meta property=\"og:url\" content=\"https:\/\/nordlinepaadid.ee\/et\/pood\/navigatsiooni-vahendid\/kompassid\/kompass-ritchie-explorer-b-51\/\" \/>\n<meta property=\"og:site_name\" content=\"NORDLINE s\u00f5udepaadid ja mootorpaadid. Klaasfiiber materjalist.\" \/>\n<meta property=\"article:publisher\" content=\"https:\/\/www.facebook.com\/nordlineboats\" \/>\n<meta property=\"article:modified_time\" content=\"2026-05-17T09:01:37+00:00\" \/>\n<meta property=\"og:image\" content=\"https:\/\/nordlinepaadid.ee\/wp-content\/uploads\/2023\/03\/4910_ImageGen.jpg\" \/>\n\t<meta property=\"og:image:width\" content=\"600\" \/>\n\t<meta property=\"og:image:height\" content=\"692\" \/>\n\t<meta property=\"og:image:type\" content=\"image\/jpeg\" \/>\n<meta name=\"twitter:card\" content=\"summary_large_image\" \/>\n<script type=\"application\/ld+json\" class=\"yoast-schema-graph\">{\"@context\":\"https:\\\/\\\/schema.org\",\"@graph\":[{\"@type\":\"WebPage\",\"@id\":\"https:\\\/\\\/nordlinepaadid.ee\\\/et\\\/pood\\\/navigatsiooni-vahendid\\\/kompassid\\\/kompass-ritchie-explorer-b-51\\\/\",\"url\":\"https:\\\/\\\/nordlinepaadid.ee\\\/et\\\/pood\\\/navigatsiooni-vahendid\\\/kompassid\\\/kompass-ritchie-explorer-b-51\\\/\",\"name\":\"KOMPASS- RITCHIE EXPLORER B-51 - NORDLINE s\u00f5udepaadid ja mootorpaadid. Klaasfiiber materjalist.\",\"isPartOf\":{\"@id\":\"https:\\\/\\\/nordlinepaadid.ee\\\/et\\\/#website\"},\"primaryImageOfPage\":{\"@id\":\"https:\\\/\\\/nordlinepaadid.ee\\\/et\\\/pood\\\/navigatsiooni-vahendid\\\/kompassid\\\/kompass-ritchie-explorer-b-51\\\/#primaryimage\"},\"image\":{\"@id\":\"https:\\\/\\\/nordlinepaadid.ee\\\/et\\\/pood\\\/navigatsiooni-vahendid\\\/kompassid\\\/kompass-ritchie-explorer-b-51\\\/#primaryimage\"},\"thumbnailUrl\":\"https:\\\/\\\/nordlinepaadid.ee\\\/wp-content\\\/uploads\\\/2023\\\/03\\\/4910_ImageGen.jpg\",\"datePublished\":\"2026-05-15T00:08:50+00:00\",\"dateModified\":\"2026-05-17T09:01:37+00:00\",\"breadcrumb\":{\"@id\":\"https:\\\/\\\/nordlinepaadid.ee\\\/et\\\/pood\\\/navigatsiooni-vahendid\\\/kompassid\\\/kompass-ritchie-explorer-b-51\\\/#breadcrumb\"},\"inLanguage\":\"et\",\"potentialAction\":[{\"@type\":\"ReadAction\",\"target\":[\"https:\\\/\\\/nordlinepaadid.ee\\\/et\\\/pood\\\/navigatsiooni-vahendid\\\/kompassid\\\/kompass-ritchie-explorer-b-51\\\/\"]}]},{\"@type\":\"ImageObject\",\"inLanguage\":\"et\",\"@id\":\"https:\\\/\\\/nordlinepaadid.ee\\\/et\\\/pood\\\/navigatsiooni-vahendid\\\/kompassid\\\/kompass-ritchie-explorer-b-51\\\/#primaryimage\",\"url\":\"https:\\\/\\\/nordlinepaadid.ee\\\/wp-content\\\/uploads\\\/2023\\\/03\\\/4910_ImageGen.jpg\",\"contentUrl\":\"https:\\\/\\\/nordlinepaadid.ee\\\/wp-content\\\/uploads\\\/2023\\\/03\\\/4910_ImageGen.jpg\",\"width\":600,\"height\":692},{\"@type\":\"BreadcrumbList\",\"@id\":\"https:\\\/\\\/nordlinepaadid.ee\\\/et\\\/pood\\\/navigatsiooni-vahendid\\\/kompassid\\\/kompass-ritchie-explorer-b-51\\\/#breadcrumb\",\"itemListElement\":[{\"@type\":\"ListItem\",\"position\":1,\"name\":\"Home\",\"item\":\"https:\\\/\\\/nordlinepaadid.ee\\\/et\\\/\"},{\"@type\":\"ListItem\",\"position\":2,\"name\":\"Pood\",\"item\":\"https:\\\/\\\/nordlinepaadid.ee\\\/et\\\/pood\\\/\"},{\"@type\":\"ListItem\",\"position\":3,\"name\":\"KOMPASS- RITCHIE EXPLORER B-51\"}]},{\"@type\":\"WebSite\",\"@id\":\"https:\\\/\\\/nordlinepaadid.ee\\\/et\\\/#website\",\"url\":\"https:\\\/\\\/nordlinepaadid.ee\\\/et\\\/\",\"name\":\"NORDLINE s\u00f5udepaadid ja mootorpaadid. Klaasfiiber materjalist.\",\"description\":\"\",\"publisher\":{\"@id\":\"https:\\\/\\\/nordlinepaadid.ee\\\/et\\\/#organization\"},\"potentialAction\":[{\"@type\":\"SearchAction\",\"target\":{\"@type\":\"EntryPoint\",\"urlTemplate\":\"https:\\\/\\\/nordlinepaadid.ee\\\/et\\\/?s={search_term_string}\"},\"query-input\":{\"@type\":\"PropertyValueSpecification\",\"valueRequired\":true,\"valueName\":\"search_term_string\"}}],\"inLanguage\":\"et\"},{\"@type\":\"Organization\",\"@id\":\"https:\\\/\\\/nordlinepaadid.ee\\\/et\\\/#organization\",\"name\":\"Nordlineboats\",\"url\":\"https:\\\/\\\/nordlinepaadid.ee\\\/et\\\/\",\"logo\":{\"@type\":\"ImageObject\",\"inLanguage\":\"et\",\"@id\":\"https:\\\/\\\/nordlinepaadid.ee\\\/et\\\/#\\\/schema\\\/logo\\\/image\\\/\",\"url\":\"https:\\\/\\\/nordlinepaadid.ee\\\/wp-content\\\/uploads\\\/2023\\\/01\\\/fulllogo_transparent_nobuffer-e1672750475494.png\",\"contentUrl\":\"https:\\\/\\\/nordlinepaadid.ee\\\/wp-content\\\/uploads\\\/2023\\\/01\\\/fulllogo_transparent_nobuffer-e1672750475494.png\",\"width\":150,\"height\":119,\"caption\":\"Nordlineboats\"},\"image\":{\"@id\":\"https:\\\/\\\/nordlinepaadid.ee\\\/et\\\/#\\\/schema\\\/logo\\\/image\\\/\"},\"sameAs\":[\"https:\\\/\\\/www.facebook.com\\\/nordlineboats\",\"https:\\\/\\\/www.youtube.com\\\/channel\\\/UCbgF0fy02y3QkFnujaLTaCA\"]}]}<\/script>\n<!-- \/ Yoast SEO plugin. -->","yoast_head_json":{"title":"KOMPASS- RITCHIE EXPLORER B-51 - NORDLINE s\u00f5udepaadid ja mootorpaadid. Klaasfiiber materjalist.","robots":{"index":"index","follow":"follow","max-snippet":"max-snippet:-1","max-image-preview":"max-image-preview:large","max-video-preview":"max-video-preview:-1"},"canonical":"https:\/\/nordlinepaadid.ee\/et\/pood\/navigatsiooni-vahendid\/kompassid\/kompass-ritchie-explorer-b-51\/","og_locale":"et_EE","og_type":"article","og_title":"KOMPASS- RITCHIE EXPLORER B-51 - NORDLINE s\u00f5udepaadid ja mootorpaadid. Klaasfiiber materjalist.","og_description":"Ritchie Explorer sarja kompassil on kergestiloetav ja hea n\u00e4htavusega n\u00e4idik. Kompass on reguleeritava paigaldusnurgaga ja lihtsasti aluselt eemaldatav. Sisemine roheline taustavalgus. Sisseehitatud kompensaatorid deviatsiooni korrigeerimiseks. Patenteeritud, safiiriga tugevdatud numbrialuse liikumise mehhanism. Tugevad j\u00f5umagnetid stabiilsuse parandamiseks ka suurematel kiirustel. Reguleeritav p\u00e4ikesevari. Eriti suur diafragma ja vastupidav konstruktsioon lubavad kompassi kasutada ka ekstreemsetes oludes. Omadused- Kraadide jaotused:...","og_url":"https:\/\/nordlinepaadid.ee\/et\/pood\/navigatsiooni-vahendid\/kompassid\/kompass-ritchie-explorer-b-51\/","og_site_name":"NORDLINE s\u00f5udepaadid ja mootorpaadid. Klaasfiiber materjalist.","article_publisher":"https:\/\/www.facebook.com\/nordlineboats","article_modified_time":"2026-05-17T09:01:37+00:00","og_image":[{"width":600,"height":692,"url":"https:\/\/nordlinepaadid.ee\/wp-content\/uploads\/2023\/03\/4910_ImageGen.jpg","type":"image\/jpeg"}],"twitter_card":"summary_large_image","schema":{"@context":"https:\/\/schema.org","@graph":[{"@type":"WebPage","@id":"https:\/\/nordlinepaadid.ee\/et\/pood\/navigatsiooni-vahendid\/kompassid\/kompass-ritchie-explorer-b-51\/","url":"https:\/\/nordlinepaadid.ee\/et\/pood\/navigatsiooni-vahendid\/kompassid\/kompass-ritchie-explorer-b-51\/","name":"KOMPASS- RITCHIE EXPLORER B-51 - NORDLINE s\u00f5udepaadid ja mootorpaadid. Klaasfiiber materjalist.","isPartOf":{"@id":"https:\/\/nordlinepaadid.ee\/et\/#website"},"primaryImageOfPage":{"@id":"https:\/\/nordlinepaadid.ee\/et\/pood\/navigatsiooni-vahendid\/kompassid\/kompass-ritchie-explorer-b-51\/#primaryimage"},"image":{"@id":"https:\/\/nordlinepaadid.ee\/et\/pood\/navigatsiooni-vahendid\/kompassid\/kompass-ritchie-explorer-b-51\/#primaryimage"},"thumbnailUrl":"https:\/\/nordlinepaadid.ee\/wp-content\/uploads\/2023\/03\/4910_ImageGen.jpg","datePublished":"2026-05-15T00:08:50+00:00","dateModified":"2026-05-17T09:01:37+00:00","breadcrumb":{"@id":"https:\/\/nordlinepaadid.ee\/et\/pood\/navigatsiooni-vahendid\/kompassid\/kompass-ritchie-explorer-b-51\/#breadcrumb"},"inLanguage":"et","potentialAction":[{"@type":"ReadAction","target":["https:\/\/nordlinepaadid.ee\/et\/pood\/navigatsiooni-vahendid\/kompassid\/kompass-ritchie-explorer-b-51\/"]}]},{"@type":"ImageObject","inLanguage":"et","@id":"https:\/\/nordlinepaadid.ee\/et\/pood\/navigatsiooni-vahendid\/kompassid\/kompass-ritchie-explorer-b-51\/#primaryimage","url":"https:\/\/nordlinepaadid.ee\/wp-content\/uploads\/2023\/03\/4910_ImageGen.jpg","contentUrl":"https:\/\/nordlinepaadid.ee\/wp-content\/uploads\/2023\/03\/4910_ImageGen.jpg","width":600,"height":692},{"@type":"BreadcrumbList","@id":"https:\/\/nordlinepaadid.ee\/et\/pood\/navigatsiooni-vahendid\/kompassid\/kompass-ritchie-explorer-b-51\/#breadcrumb","itemListElement":[{"@type":"ListItem","position":1,"name":"Home","item":"https:\/\/nordlinepaadid.ee\/et\/"},{"@type":"ListItem","position":2,"name":"Pood","item":"https:\/\/nordlinepaadid.ee\/et\/pood\/"},{"@type":"ListItem","position":3,"name":"KOMPASS- RITCHIE EXPLORER B-51"}]},{"@type":"WebSite","@id":"https:\/\/nordlinepaadid.ee\/et\/#website","url":"https:\/\/nordlinepaadid.ee\/et\/","name":"NORDLINE s\u00f5udepaadid ja mootorpaadid. Klaasfiiber materjalist.","description":"","publisher":{"@id":"https:\/\/nordlinepaadid.ee\/et\/#organization"},"potentialAction":[{"@type":"SearchAction","target":{"@type":"EntryPoint","urlTemplate":"https:\/\/nordlinepaadid.ee\/et\/?s={search_term_string}"},"query-input":{"@type":"PropertyValueSpecification","valueRequired":true,"valueName":"search_term_string"}}],"inLanguage":"et"},{"@type":"Organization","@id":"https:\/\/nordlinepaadid.ee\/et\/#organization","name":"Nordlineboats","url":"https:\/\/nordlinepaadid.ee\/et\/","logo":{"@type":"ImageObject","inLanguage":"et","@id":"https:\/\/nordlinepaadid.ee\/et\/#\/schema\/logo\/image\/","url":"https:\/\/nordlinepaadid.ee\/wp-content\/uploads\/2023\/01\/fulllogo_transparent_nobuffer-e1672750475494.png","contentUrl":"https:\/\/nordlinepaadid.ee\/wp-content\/uploads\/2023\/01\/fulllogo_transparent_nobuffer-e1672750475494.png","width":150,"height":119,"caption":"Nordlineboats"},"image":{"@id":"https:\/\/nordlinepaadid.ee\/et\/#\/schema\/logo\/image\/"},"sameAs":["https:\/\/www.facebook.com\/nordlineboats","https:\/\/www.youtube.com\/channel\/UCbgF0fy02y3QkFnujaLTaCA"]}]}},"taxonomy_info":{"product_cat":[{"value":387,"label":"Kompassid"},{"value":247,"label":"NAVIGATSIOONIVAHENDID"}],"pa_color":[{"value":695,"label":"Korpus: Must, N\u00e4idik: Must"}],"pa_producer":[{"value":552,"label":"Ritchie"}],"pa_unit":[{"value":416,"label":"pcs"}]},"featured_image_src_large":["https:\/\/nordlinepaadid.ee\/wp-content\/uploads\/2023\/03\/4910_ImageGen.jpg",600,692,false],"author_info":[],"comment_info":"","_links":{"self":[{"href":"https:\/\/nordlinepaadid.ee\/et\/wp-json\/wp\/v2\/product\/59107","targetHints":{"allow":["GET"]}}],"collection":[{"href":"https:\/\/nordlinepaadid.ee\/et\/wp-json\/wp\/v2\/product"}],"about":[{"href":"https:\/\/nordlinepaadid.ee\/et\/wp-json\/wp\/v2\/types\/product"}],"wp:featuredmedia":[{"embeddable":true,"href":"https:\/\/nordlinepaadid.ee\/et\/wp-json\/wp\/v2\/media\/22551"}],"wp:attachment":[{"href":"https:\/\/nordlinepaadid.ee\/et\/wp-json\/wp\/v2\/media?parent=59107"}],"wp:term":[{"taxonomy":"product_brand","embeddable":true,"href":"https:\/\/nordlinepaadid.ee\/et\/wp-json\/wp\/v2\/product_brand?post=59107"},{"taxonomy":"product_cat","embeddable":true,"href":"https:\/\/nordlinepaadid.ee\/et\/wp-json\/wp\/v2\/product_cat?post=59107"},{"taxonomy":"product_tag","embeddable":true,"href":"https:\/\/nordlinepaadid.ee\/et\/wp-json\/wp\/v2\/product_tag?post=59107"}],"curies":[{"name":"wp","href":"https:\/\/api.w.org\/{rel}","templated":true}]}}