{"id":59442,"date":"2026-05-15T03:10:55","date_gmt":"2026-05-15T00:10:55","guid":{"rendered":"https:\/\/nordlinepaadid.ee\/pood\/maaratlemata\/kutuselisand-bardahl-diesel-injector-cleaner-500-ml\/"},"modified":"2026-05-15T12:04:44","modified_gmt":"2026-05-15T09:04:44","slug":"kutuselisand-bardahl-diesel-injector-cleaner-500-ml","status":"publish","type":"product","link":"https:\/\/nordlinepaadid.ee\/et\/pood\/paadihooldusvahendid\/oils-greases\/kutuselisand-bardahl-diesel-injector-cleaner-500-ml\/","title":{"rendered":"K\u00dcTUSELISAND- BARDAHL DIESEL INJECTOR CLEANER, 500 ml"},"content":{"rendered":"<p>Bardahl Diesel Injector Cleaner on s\u00fcnteetiline, mittekorrodeeruv toode. On t\u00f5hus sissepritses\u00fcsteemi erinevatele detailidele ja omab j\u00e4rgmisi funktsioone: Puhastab ja kaitseb sissepritses\u00fcsteemi (pihustid, klapid, pumbad, p\u00f5lemiskamber,\u2026) ning k\u00f5rvaldab s\u00fcsiniku ning teised setted nagu kumm, lakk jne. ;  Suurendab tsetaani m\u00e4\u00e4ra ning seel\u00e4bi paraneb j\u00f5udlus ja v\u00f5imsus;  Hoiab \u00e4ra pihustite ja pumba ummistumise, k\u00f5rvaldades k\u00fctuses sisalduva kondenseerunud vee. T\u00e4nu headele h\u00f5\u00f5rdumisvastastele omadustele piirab k\u00fctuse \u00fcletarbimist, v\u00e4hendab mootori m\u00fcra ja kulumist. Lisaks v\u00e4hendab v\u00e4ljuvaid heitgaase<\/p>\n","protected":false},"excerpt":{"rendered":"<p>Bardahl Diesel Injector Cleaner on s\u00fcnteetiline, mittekorrodeeruv toode. On t\u00f5hus sissepritses\u00fcsteemi erinevatele detailidele ja omab j\u00e4rgmisi funktsioone: Puhastab ja kaitseb sissepritses\u00fcsteemi (pihustid, klapid, pumbad, p\u00f5lemiskamber,\u2026) ning k\u00f5rvaldab s\u00fcsiniku ning teised setted nagu kumm, lakk jne. ; Suurendab tsetaani m\u00e4\u00e4ra ning seel\u00e4bi paraneb j\u00f5udlus ja v\u00f5imsus; Hoiab \u00e4ra pihustite ja pumba ummistumise, k\u00f5rvaldades k\u00fctuses sisalduva kondenseerunud&#8230;<\/p>\n","protected":false},"featured_media":23755,"template":"","meta":{"_kad_blocks_custom_css":"","_kad_blocks_head_custom_js":"","_kad_blocks_body_custom_js":"","_kad_blocks_footer_custom_js":"","_kad_post_transparent":"","_kad_post_title":"","_kad_post_layout":"","_kad_post_sidebar_id":"","_kad_post_content_style":"","_kad_post_vertical_padding":"","_kad_post_feature":"","_kad_post_feature_position":"","_kad_post_header":false,"_kad_post_footer":false,"_kad_post_classname":""},"product_brand":[],"product_cat":[286,284],"product_tag":[],"class_list":{"0":"post-59442","1":"product","2":"type-product","3":"status-publish","4":"has-post-thumbnail","6":"product_cat-oils-greases","7":"product_cat-paadihooldusvahendid","8":"pa_producer-bardahl","9":"pa_unit-ml","10":"tm-no-options","12":"first","13":"onbackorder","14":"taxable","15":"shipping-taxable","16":"purchasable","17":"product-type-simple","18":"entry","19":"content-bg","20":"loop-entry"},"yoast_head":"<!-- This site is optimized with the Yoast SEO plugin v27.5 - https:\/\/yoast.com\/product\/yoast-seo-wordpress\/ -->\n<title>K\u00dcTUSELISAND- BARDAHL DIESEL INJECTOR CLEANER, 500 ml - NORDLINE s\u00f5udepaadid ja mootorpaadid. Klaasfiiber materjalist.<\/title>\n<meta name=\"robots\" content=\"index, follow, max-snippet:-1, max-image-preview:large, max-video-preview:-1\" \/>\n<link rel=\"canonical\" href=\"https:\/\/nordlinepaadid.ee\/et\/pood\/paadihooldusvahendid\/oils-greases\/kutuselisand-bardahl-diesel-injector-cleaner-500-ml\/\" \/>\n<meta property=\"og:locale\" content=\"et_EE\" \/>\n<meta property=\"og:type\" content=\"article\" \/>\n<meta property=\"og:title\" content=\"K\u00dcTUSELISAND- BARDAHL DIESEL INJECTOR CLEANER, 500 ml - NORDLINE s\u00f5udepaadid ja mootorpaadid. Klaasfiiber materjalist.\" \/>\n<meta property=\"og:description\" content=\"Bardahl Diesel Injector Cleaner on s\u00fcnteetiline, mittekorrodeeruv toode. On t\u00f5hus sissepritses\u00fcsteemi erinevatele detailidele ja omab j\u00e4rgmisi funktsioone: Puhastab ja kaitseb sissepritses\u00fcsteemi (pihustid, klapid, pumbad, p\u00f5lemiskamber,\u2026) ning k\u00f5rvaldab s\u00fcsiniku ning teised setted nagu kumm, lakk jne. ; Suurendab tsetaani m\u00e4\u00e4ra ning seel\u00e4bi paraneb j\u00f5udlus ja v\u00f5imsus; Hoiab \u00e4ra pihustite ja pumba ummistumise, k\u00f5rvaldades k\u00fctuses sisalduva kondenseerunud...\" \/>\n<meta property=\"og:url\" content=\"https:\/\/nordlinepaadid.ee\/et\/pood\/paadihooldusvahendid\/oils-greases\/kutuselisand-bardahl-diesel-injector-cleaner-500-ml\/\" \/>\n<meta property=\"og:site_name\" content=\"NORDLINE s\u00f5udepaadid ja mootorpaadid. Klaasfiiber materjalist.\" \/>\n<meta property=\"article:publisher\" content=\"https:\/\/www.facebook.com\/nordlineboats\" \/>\n<meta property=\"article:modified_time\" content=\"2026-05-15T09:04:44+00:00\" \/>\n<meta property=\"og:image\" content=\"https:\/\/nordlinepaadid.ee\/wp-content\/uploads\/2023\/03\/5625_diesel_injector_cleaner_.jpg\" \/>\n\t<meta property=\"og:image:width\" content=\"781\" \/>\n\t<meta property=\"og:image:height\" content=\"1823\" \/>\n\t<meta property=\"og:image:type\" content=\"image\/jpeg\" \/>\n<meta name=\"twitter:card\" content=\"summary_large_image\" \/>\n<script type=\"application\/ld+json\" class=\"yoast-schema-graph\">{\"@context\":\"https:\\\/\\\/schema.org\",\"@graph\":[{\"@type\":\"WebPage\",\"@id\":\"https:\\\/\\\/nordlinepaadid.ee\\\/et\\\/pood\\\/paadihooldusvahendid\\\/oils-greases\\\/kutuselisand-bardahl-diesel-injector-cleaner-500-ml\\\/\",\"url\":\"https:\\\/\\\/nordlinepaadid.ee\\\/et\\\/pood\\\/paadihooldusvahendid\\\/oils-greases\\\/kutuselisand-bardahl-diesel-injector-cleaner-500-ml\\\/\",\"name\":\"K\u00dcTUSELISAND- BARDAHL DIESEL INJECTOR CLEANER, 500 ml - NORDLINE s\u00f5udepaadid ja mootorpaadid. Klaasfiiber materjalist.\",\"isPartOf\":{\"@id\":\"https:\\\/\\\/nordlinepaadid.ee\\\/et\\\/#website\"},\"primaryImageOfPage\":{\"@id\":\"https:\\\/\\\/nordlinepaadid.ee\\\/et\\\/pood\\\/paadihooldusvahendid\\\/oils-greases\\\/kutuselisand-bardahl-diesel-injector-cleaner-500-ml\\\/#primaryimage\"},\"image\":{\"@id\":\"https:\\\/\\\/nordlinepaadid.ee\\\/et\\\/pood\\\/paadihooldusvahendid\\\/oils-greases\\\/kutuselisand-bardahl-diesel-injector-cleaner-500-ml\\\/#primaryimage\"},\"thumbnailUrl\":\"https:\\\/\\\/nordlinepaadid.ee\\\/wp-content\\\/uploads\\\/2023\\\/03\\\/5625_diesel_injector_cleaner_.jpg\",\"datePublished\":\"2026-05-15T00:10:55+00:00\",\"dateModified\":\"2026-05-15T09:04:44+00:00\",\"breadcrumb\":{\"@id\":\"https:\\\/\\\/nordlinepaadid.ee\\\/et\\\/pood\\\/paadihooldusvahendid\\\/oils-greases\\\/kutuselisand-bardahl-diesel-injector-cleaner-500-ml\\\/#breadcrumb\"},\"inLanguage\":\"et\",\"potentialAction\":[{\"@type\":\"ReadAction\",\"target\":[\"https:\\\/\\\/nordlinepaadid.ee\\\/et\\\/pood\\\/paadihooldusvahendid\\\/oils-greases\\\/kutuselisand-bardahl-diesel-injector-cleaner-500-ml\\\/\"]}]},{\"@type\":\"ImageObject\",\"inLanguage\":\"et\",\"@id\":\"https:\\\/\\\/nordlinepaadid.ee\\\/et\\\/pood\\\/paadihooldusvahendid\\\/oils-greases\\\/kutuselisand-bardahl-diesel-injector-cleaner-500-ml\\\/#primaryimage\",\"url\":\"https:\\\/\\\/nordlinepaadid.ee\\\/wp-content\\\/uploads\\\/2023\\\/03\\\/5625_diesel_injector_cleaner_.jpg\",\"contentUrl\":\"https:\\\/\\\/nordlinepaadid.ee\\\/wp-content\\\/uploads\\\/2023\\\/03\\\/5625_diesel_injector_cleaner_.jpg\",\"width\":781,\"height\":1823},{\"@type\":\"BreadcrumbList\",\"@id\":\"https:\\\/\\\/nordlinepaadid.ee\\\/et\\\/pood\\\/paadihooldusvahendid\\\/oils-greases\\\/kutuselisand-bardahl-diesel-injector-cleaner-500-ml\\\/#breadcrumb\",\"itemListElement\":[{\"@type\":\"ListItem\",\"position\":1,\"name\":\"Home\",\"item\":\"https:\\\/\\\/nordlinepaadid.ee\\\/et\\\/\"},{\"@type\":\"ListItem\",\"position\":2,\"name\":\"Pood\",\"item\":\"https:\\\/\\\/nordlinepaadid.ee\\\/et\\\/pood\\\/\"},{\"@type\":\"ListItem\",\"position\":3,\"name\":\"K\u00dcTUSELISAND- BARDAHL DIESEL INJECTOR CLEANER, 500 ml\"}]},{\"@type\":\"WebSite\",\"@id\":\"https:\\\/\\\/nordlinepaadid.ee\\\/et\\\/#website\",\"url\":\"https:\\\/\\\/nordlinepaadid.ee\\\/et\\\/\",\"name\":\"NORDLINE s\u00f5udepaadid ja mootorpaadid. Klaasfiiber materjalist.\",\"description\":\"\",\"publisher\":{\"@id\":\"https:\\\/\\\/nordlinepaadid.ee\\\/et\\\/#organization\"},\"potentialAction\":[{\"@type\":\"SearchAction\",\"target\":{\"@type\":\"EntryPoint\",\"urlTemplate\":\"https:\\\/\\\/nordlinepaadid.ee\\\/et\\\/?s={search_term_string}\"},\"query-input\":{\"@type\":\"PropertyValueSpecification\",\"valueRequired\":true,\"valueName\":\"search_term_string\"}}],\"inLanguage\":\"et\"},{\"@type\":\"Organization\",\"@id\":\"https:\\\/\\\/nordlinepaadid.ee\\\/et\\\/#organization\",\"name\":\"Nordlineboats\",\"url\":\"https:\\\/\\\/nordlinepaadid.ee\\\/et\\\/\",\"logo\":{\"@type\":\"ImageObject\",\"inLanguage\":\"et\",\"@id\":\"https:\\\/\\\/nordlinepaadid.ee\\\/et\\\/#\\\/schema\\\/logo\\\/image\\\/\",\"url\":\"https:\\\/\\\/nordlinepaadid.ee\\\/wp-content\\\/uploads\\\/2023\\\/01\\\/fulllogo_transparent_nobuffer-e1672750475494.png\",\"contentUrl\":\"https:\\\/\\\/nordlinepaadid.ee\\\/wp-content\\\/uploads\\\/2023\\\/01\\\/fulllogo_transparent_nobuffer-e1672750475494.png\",\"width\":150,\"height\":119,\"caption\":\"Nordlineboats\"},\"image\":{\"@id\":\"https:\\\/\\\/nordlinepaadid.ee\\\/et\\\/#\\\/schema\\\/logo\\\/image\\\/\"},\"sameAs\":[\"https:\\\/\\\/www.facebook.com\\\/nordlineboats\",\"https:\\\/\\\/www.youtube.com\\\/channel\\\/UCbgF0fy02y3QkFnujaLTaCA\"]}]}<\/script>\n<!-- \/ Yoast SEO plugin. -->","yoast_head_json":{"title":"K\u00dcTUSELISAND- BARDAHL DIESEL INJECTOR CLEANER, 500 ml - NORDLINE s\u00f5udepaadid ja mootorpaadid. Klaasfiiber materjalist.","robots":{"index":"index","follow":"follow","max-snippet":"max-snippet:-1","max-image-preview":"max-image-preview:large","max-video-preview":"max-video-preview:-1"},"canonical":"https:\/\/nordlinepaadid.ee\/et\/pood\/paadihooldusvahendid\/oils-greases\/kutuselisand-bardahl-diesel-injector-cleaner-500-ml\/","og_locale":"et_EE","og_type":"article","og_title":"K\u00dcTUSELISAND- BARDAHL DIESEL INJECTOR CLEANER, 500 ml - NORDLINE s\u00f5udepaadid ja mootorpaadid. Klaasfiiber materjalist.","og_description":"Bardahl Diesel Injector Cleaner on s\u00fcnteetiline, mittekorrodeeruv toode. On t\u00f5hus sissepritses\u00fcsteemi erinevatele detailidele ja omab j\u00e4rgmisi funktsioone: Puhastab ja kaitseb sissepritses\u00fcsteemi (pihustid, klapid, pumbad, p\u00f5lemiskamber,\u2026) ning k\u00f5rvaldab s\u00fcsiniku ning teised setted nagu kumm, lakk jne. ; Suurendab tsetaani m\u00e4\u00e4ra ning seel\u00e4bi paraneb j\u00f5udlus ja v\u00f5imsus; Hoiab \u00e4ra pihustite ja pumba ummistumise, k\u00f5rvaldades k\u00fctuses sisalduva kondenseerunud...","og_url":"https:\/\/nordlinepaadid.ee\/et\/pood\/paadihooldusvahendid\/oils-greases\/kutuselisand-bardahl-diesel-injector-cleaner-500-ml\/","og_site_name":"NORDLINE s\u00f5udepaadid ja mootorpaadid. Klaasfiiber materjalist.","article_publisher":"https:\/\/www.facebook.com\/nordlineboats","article_modified_time":"2026-05-15T09:04:44+00:00","og_image":[{"width":781,"height":1823,"url":"https:\/\/nordlinepaadid.ee\/wp-content\/uploads\/2023\/03\/5625_diesel_injector_cleaner_.jpg","type":"image\/jpeg"}],"twitter_card":"summary_large_image","schema":{"@context":"https:\/\/schema.org","@graph":[{"@type":"WebPage","@id":"https:\/\/nordlinepaadid.ee\/et\/pood\/paadihooldusvahendid\/oils-greases\/kutuselisand-bardahl-diesel-injector-cleaner-500-ml\/","url":"https:\/\/nordlinepaadid.ee\/et\/pood\/paadihooldusvahendid\/oils-greases\/kutuselisand-bardahl-diesel-injector-cleaner-500-ml\/","name":"K\u00dcTUSELISAND- BARDAHL DIESEL INJECTOR CLEANER, 500 ml - NORDLINE s\u00f5udepaadid ja mootorpaadid. Klaasfiiber materjalist.","isPartOf":{"@id":"https:\/\/nordlinepaadid.ee\/et\/#website"},"primaryImageOfPage":{"@id":"https:\/\/nordlinepaadid.ee\/et\/pood\/paadihooldusvahendid\/oils-greases\/kutuselisand-bardahl-diesel-injector-cleaner-500-ml\/#primaryimage"},"image":{"@id":"https:\/\/nordlinepaadid.ee\/et\/pood\/paadihooldusvahendid\/oils-greases\/kutuselisand-bardahl-diesel-injector-cleaner-500-ml\/#primaryimage"},"thumbnailUrl":"https:\/\/nordlinepaadid.ee\/wp-content\/uploads\/2023\/03\/5625_diesel_injector_cleaner_.jpg","datePublished":"2026-05-15T00:10:55+00:00","dateModified":"2026-05-15T09:04:44+00:00","breadcrumb":{"@id":"https:\/\/nordlinepaadid.ee\/et\/pood\/paadihooldusvahendid\/oils-greases\/kutuselisand-bardahl-diesel-injector-cleaner-500-ml\/#breadcrumb"},"inLanguage":"et","potentialAction":[{"@type":"ReadAction","target":["https:\/\/nordlinepaadid.ee\/et\/pood\/paadihooldusvahendid\/oils-greases\/kutuselisand-bardahl-diesel-injector-cleaner-500-ml\/"]}]},{"@type":"ImageObject","inLanguage":"et","@id":"https:\/\/nordlinepaadid.ee\/et\/pood\/paadihooldusvahendid\/oils-greases\/kutuselisand-bardahl-diesel-injector-cleaner-500-ml\/#primaryimage","url":"https:\/\/nordlinepaadid.ee\/wp-content\/uploads\/2023\/03\/5625_diesel_injector_cleaner_.jpg","contentUrl":"https:\/\/nordlinepaadid.ee\/wp-content\/uploads\/2023\/03\/5625_diesel_injector_cleaner_.jpg","width":781,"height":1823},{"@type":"BreadcrumbList","@id":"https:\/\/nordlinepaadid.ee\/et\/pood\/paadihooldusvahendid\/oils-greases\/kutuselisand-bardahl-diesel-injector-cleaner-500-ml\/#breadcrumb","itemListElement":[{"@type":"ListItem","position":1,"name":"Home","item":"https:\/\/nordlinepaadid.ee\/et\/"},{"@type":"ListItem","position":2,"name":"Pood","item":"https:\/\/nordlinepaadid.ee\/et\/pood\/"},{"@type":"ListItem","position":3,"name":"K\u00dcTUSELISAND- BARDAHL DIESEL INJECTOR CLEANER, 500 ml"}]},{"@type":"WebSite","@id":"https:\/\/nordlinepaadid.ee\/et\/#website","url":"https:\/\/nordlinepaadid.ee\/et\/","name":"NORDLINE s\u00f5udepaadid ja mootorpaadid. Klaasfiiber materjalist.","description":"","publisher":{"@id":"https:\/\/nordlinepaadid.ee\/et\/#organization"},"potentialAction":[{"@type":"SearchAction","target":{"@type":"EntryPoint","urlTemplate":"https:\/\/nordlinepaadid.ee\/et\/?s={search_term_string}"},"query-input":{"@type":"PropertyValueSpecification","valueRequired":true,"valueName":"search_term_string"}}],"inLanguage":"et"},{"@type":"Organization","@id":"https:\/\/nordlinepaadid.ee\/et\/#organization","name":"Nordlineboats","url":"https:\/\/nordlinepaadid.ee\/et\/","logo":{"@type":"ImageObject","inLanguage":"et","@id":"https:\/\/nordlinepaadid.ee\/et\/#\/schema\/logo\/image\/","url":"https:\/\/nordlinepaadid.ee\/wp-content\/uploads\/2023\/01\/fulllogo_transparent_nobuffer-e1672750475494.png","contentUrl":"https:\/\/nordlinepaadid.ee\/wp-content\/uploads\/2023\/01\/fulllogo_transparent_nobuffer-e1672750475494.png","width":150,"height":119,"caption":"Nordlineboats"},"image":{"@id":"https:\/\/nordlinepaadid.ee\/et\/#\/schema\/logo\/image\/"},"sameAs":["https:\/\/www.facebook.com\/nordlineboats","https:\/\/www.youtube.com\/channel\/UCbgF0fy02y3QkFnujaLTaCA"]}]}},"taxonomy_info":{"product_cat":[{"value":286,"label":"\u00d5lid, M\u00e4\u00e4rded"},{"value":284,"label":"PAADIHOOLDUSVAHENDID"}],"pa_producer":[{"value":575,"label":"Bardahl"}],"pa_unit":[{"value":433,"label":"ml"}]},"featured_image_src_large":["https:\/\/nordlinepaadid.ee\/wp-content\/uploads\/2023\/03\/5625_diesel_injector_cleaner_-439x1024.jpg",439,1024,true],"author_info":[],"comment_info":"","_links":{"self":[{"href":"https:\/\/nordlinepaadid.ee\/et\/wp-json\/wp\/v2\/product\/59442","targetHints":{"allow":["GET"]}}],"collection":[{"href":"https:\/\/nordlinepaadid.ee\/et\/wp-json\/wp\/v2\/product"}],"about":[{"href":"https:\/\/nordlinepaadid.ee\/et\/wp-json\/wp\/v2\/types\/product"}],"wp:featuredmedia":[{"embeddable":true,"href":"https:\/\/nordlinepaadid.ee\/et\/wp-json\/wp\/v2\/media\/23755"}],"wp:attachment":[{"href":"https:\/\/nordlinepaadid.ee\/et\/wp-json\/wp\/v2\/media?parent=59442"}],"wp:term":[{"taxonomy":"product_brand","embeddable":true,"href":"https:\/\/nordlinepaadid.ee\/et\/wp-json\/wp\/v2\/product_brand?post=59442"},{"taxonomy":"product_cat","embeddable":true,"href":"https:\/\/nordlinepaadid.ee\/et\/wp-json\/wp\/v2\/product_cat?post=59442"},{"taxonomy":"product_tag","embeddable":true,"href":"https:\/\/nordlinepaadid.ee\/et\/wp-json\/wp\/v2\/product_tag?post=59442"}],"curies":[{"name":"wp","href":"https:\/\/api.w.org\/{rel}","templated":true}]}}