{"id":59876,"date":"2026-04-21T03:25:17","date_gmt":"2026-04-21T00:25:17","guid":{"rendered":"https:\/\/nordlinepaadid.ee\/pood\/maaratlemata\/vhf-kasiraadio-cobra-mr-hh150\/"},"modified":"2026-04-22T10:02:54","modified_gmt":"2026-04-22T07:02:54","slug":"vhf-kasiraadio-cobra-mr-hh150","status":"publish","type":"product","link":"https:\/\/nordlinepaadid.ee\/et\/pood\/marine-electronics-ru\/ru-vhf-handhelds\/vhf-kasiraadio-cobra-mr-hh150\/","title":{"rendered":"VHF K\u00c4SIRAADIO- COBRA MR HH150"},"content":{"rendered":"<p>Uus Cobra Marine VHF-raadiosaatja HH150FLT on m\u00f5eldud kasutamiseks merel. See algajatele m\u00f5eldud h\u00f5ljuv raadio on k\u00f5ike muud kui ainult p\u00f5hiliste omadustega. Cobra HH150-l on kasutajas\u00f5bralik liides, suur ekraan ning ujuvus v\u00f5imekus. Raadiol on olemas TX\/RX signaalitugevuse, akutaseme, skaneerimise indikaatorid. DW, ilmakanali seaded selleks, et tunneksite end turvalisena. Raadio MR HH150 kasutab laetavaid AAA suuruses akusid (seadmega kaasas), see v\u00f5imaldab kanda kaasas t\u00e4iendavaid AAA-patareisid h\u00e4daolukorra tarbeks. Raadio maksimaalne ulatus ja v\u00e4hene voolutarve t\u00e4hendab merehuviliste jaoks t\u00e4iendavat kasutusaega v\u00f5rreldamatu t\u00f6\u00f6kindluse ja meelerahuga. See on mugav. See on kvaliteetne. See on uppumatu. Hulpiv \u2013 vees mitte uppuv, oran\u017eid kujunduselemendid teevad raadio \u00fcle parda lendamisel kergesti leitavaks. Uputatav \u2013 raadio on veekindel t\u00f6\u00f6stusstandardi JIS7 (IPX7) j\u00e4rgi. \u00dcks meeter 30 minutit. 3 astmeline v\u00e4ljundv\u00f5imsus &#8211; madal \/ keskmine \/ k\u00f5rge l\u00fchi- ja pikamaasideks. 3 W, 1 W, 0,5 W. USA, Kanada ja rahvusvahelised kanalid \u2013 kasutatav \u00fcksk\u00f5ik millisel neis piirkondades kehtestatud kolmel erineval kanalil. Sisaldab uusimaid 4-kohalisi kanaleid. 10 NOAA ilmakanalit ja ilmahoiatus \u2013 kohene ligip\u00e4\u00e4s k\u00f5igile riiklikele ohtudele ja ilmateabele 24 tundi \u00f6\u00f6p\u00e4evas, teavitused selle kohta, kui l\u00e4heduses esineb ohtlikke ilmaolusid. Ilmahoiatus kuuldava tooniga \u2013 hoiatused ja n\u00e4htav teavitus juhul, kui l\u00e4heduses esineb ohtlikke ilmaolusid.<\/p>\n<p><strong>Tehnilised andmed:<\/strong><br \/>&#13;<br \/>\nKaal: 227 g (8 oz)<\/p>\n<p>&#13;<br \/>\n&#13;<\/p>\n<p>K\u00f5rgus: 114.3 mm (4,5\u2019\u2019)<\/p>\n<p>&#13;<br \/>\n&#13;<\/p>\n<p>Laius: 68.58 mm (2,7\u2019\u2019)<\/p>\n<p>&#13;<br \/>\n&#13;<\/p>\n<p>S\u00fcgavus: 38.1 mm (1,5\u2019\u2019)<\/p>\n<p>&#13;<br \/>\n&#13;<\/p>\n<p>Kaal (kg): 0,247 (ilma akuta)<\/p>\n<p>&#13;<br \/>\n&#13;<\/p>\n<p>Kanali samm (kHz): 25<\/p>\n<p>&#13;<br \/>\n&#13;<\/p>\n<p>Pinge (V): 6<\/p>\n<p>&#13;<br \/>\n&#13;<\/p>\n<p>V\u00e4ljundv\u00f5imsus (W): 3, 0.5, 1<\/p>\n<p>&#13;<br \/>\n&#13;<\/p>\n<p>Sagedusala (kHz): 156.025 &#8211; 163.275<\/p>\n<p>&#13;<br \/>\n&#13;<\/p>\n<p>Sageduse stabiilsus: +\/-10 ppm<\/p>\n<p>&#13;<br \/>\n&#13;<\/p>\n<p>T\u00f6\u00f6temperatuur: -20 &#8230; +50<\/p>\n<p>&#13;<br \/>\n&#13;<\/p>\n<p>Voolutarbimine (A): 1.1 \u2013 3 W; 0,45 \u2013 0,5 W<\/p>\n<p>&#13;<br \/>\n&#13;<\/p>\n<p>&nbsp;<\/p>\n<p>&#13;<\/p>\n","protected":false},"excerpt":{"rendered":"<p>Uus Cobra Marine VHF-raadiosaatja HH150FLT on m\u00f5eldud kasutamiseks merel. See algajatele m\u00f5eldud h\u00f5ljuv raadio on k\u00f5ike muud kui ainult p\u00f5hiliste omadustega. Cobra HH150-l on kasutajas\u00f5bralik liides, suur ekraan ning ujuvus v\u00f5imekus. Raadiol on olemas TX\/RX signaalitugevuse, akutaseme, skaneerimise indikaatorid. DW, ilmakanali seaded selleks, et tunneksite end turvalisena. Raadio MR HH150 kasutab laetavaid AAA suuruses akusid&#8230;<\/p>\n","protected":false},"featured_media":25460,"template":"","meta":{"_kad_blocks_custom_css":"","_kad_blocks_head_custom_js":"","_kad_blocks_body_custom_js":"","_kad_blocks_footer_custom_js":"","_kad_post_transparent":"","_kad_post_title":"","_kad_post_layout":"","_kad_post_sidebar_id":"","_kad_post_content_style":"","_kad_post_vertical_padding":"","_kad_post_feature":"","_kad_post_feature_position":"","_kad_post_header":false,"_kad_post_footer":false,"_kad_post_classname":""},"product_brand":[],"product_cat":[352,336,885],"product_tag":[],"class_list":{"0":"post-59876","1":"product","2":"type-product","3":"status-publish","4":"has-post-thumbnail","6":"product_cat-mereelektroonika","7":"product_cat-vhf-raadiosaatjad","8":"product_cat-ru-vhf-handhelds","9":"pa_color-must","10":"pa_producer-cobra-marine","11":"pa_unit-pcs","12":"tm-no-options","14":"first","15":"instock","16":"taxable","17":"shipping-taxable","18":"purchasable","19":"product-type-simple","20":"entry","21":"content-bg","22":"loop-entry"},"yoast_head":"<!-- This site is optimized with the Yoast SEO plugin v27.4 - https:\/\/yoast.com\/product\/yoast-seo-wordpress\/ -->\n<title>VHF K\u00c4SIRAADIO- COBRA MR HH150 - NORDLINE s\u00f5udepaadid ja mootorpaadid. Klaasfiiber materjalist.<\/title>\n<meta name=\"robots\" content=\"index, follow, max-snippet:-1, max-image-preview:large, max-video-preview:-1\" \/>\n<link rel=\"canonical\" href=\"https:\/\/nordlinepaadid.ee\/et\/pood\/marine-electronics-ru\/ru-vhf-handhelds\/vhf-kasiraadio-cobra-mr-hh150\/\" \/>\n<meta property=\"og:locale\" content=\"et_EE\" \/>\n<meta property=\"og:type\" content=\"article\" \/>\n<meta property=\"og:title\" content=\"VHF K\u00c4SIRAADIO- COBRA MR HH150 - NORDLINE s\u00f5udepaadid ja mootorpaadid. Klaasfiiber materjalist.\" \/>\n<meta property=\"og:description\" content=\"Uus Cobra Marine VHF-raadiosaatja HH150FLT on m\u00f5eldud kasutamiseks merel. See algajatele m\u00f5eldud h\u00f5ljuv raadio on k\u00f5ike muud kui ainult p\u00f5hiliste omadustega. Cobra HH150-l on kasutajas\u00f5bralik liides, suur ekraan ning ujuvus v\u00f5imekus. Raadiol on olemas TX\/RX signaalitugevuse, akutaseme, skaneerimise indikaatorid. DW, ilmakanali seaded selleks, et tunneksite end turvalisena. Raadio MR HH150 kasutab laetavaid AAA suuruses akusid...\" \/>\n<meta property=\"og:url\" content=\"https:\/\/nordlinepaadid.ee\/et\/pood\/marine-electronics-ru\/ru-vhf-handhelds\/vhf-kasiraadio-cobra-mr-hh150\/\" \/>\n<meta property=\"og:site_name\" content=\"NORDLINE s\u00f5udepaadid ja mootorpaadid. Klaasfiiber materjalist.\" \/>\n<meta property=\"article:publisher\" content=\"https:\/\/www.facebook.com\/nordlineboats\" \/>\n<meta property=\"article:modified_time\" content=\"2026-04-22T07:02:54+00:00\" \/>\n<meta property=\"og:image\" content=\"https:\/\/nordlinepaadid.ee\/wp-content\/uploads\/2023\/03\/7019_1-1.jpg\" \/>\n\t<meta property=\"og:image:width\" content=\"341\" \/>\n\t<meta property=\"og:image:height\" content=\"700\" \/>\n\t<meta property=\"og:image:type\" content=\"image\/jpeg\" \/>\n<meta name=\"twitter:card\" content=\"summary_large_image\" \/>\n<meta name=\"twitter:label1\" content=\"Est. reading time\" \/>\n\t<meta name=\"twitter:data1\" content=\"1 minut\" \/>\n<script type=\"application\/ld+json\" class=\"yoast-schema-graph\">{\"@context\":\"https:\\\/\\\/schema.org\",\"@graph\":[{\"@type\":\"WebPage\",\"@id\":\"https:\\\/\\\/nordlinepaadid.ee\\\/et\\\/pood\\\/marine-electronics-ru\\\/ru-vhf-handhelds\\\/vhf-kasiraadio-cobra-mr-hh150\\\/\",\"url\":\"https:\\\/\\\/nordlinepaadid.ee\\\/et\\\/pood\\\/marine-electronics-ru\\\/ru-vhf-handhelds\\\/vhf-kasiraadio-cobra-mr-hh150\\\/\",\"name\":\"VHF K\u00c4SIRAADIO- COBRA MR HH150 - NORDLINE s\u00f5udepaadid ja mootorpaadid. Klaasfiiber materjalist.\",\"isPartOf\":{\"@id\":\"https:\\\/\\\/nordlinepaadid.ee\\\/et\\\/#website\"},\"primaryImageOfPage\":{\"@id\":\"https:\\\/\\\/nordlinepaadid.ee\\\/et\\\/pood\\\/marine-electronics-ru\\\/ru-vhf-handhelds\\\/vhf-kasiraadio-cobra-mr-hh150\\\/#primaryimage\"},\"image\":{\"@id\":\"https:\\\/\\\/nordlinepaadid.ee\\\/et\\\/pood\\\/marine-electronics-ru\\\/ru-vhf-handhelds\\\/vhf-kasiraadio-cobra-mr-hh150\\\/#primaryimage\"},\"thumbnailUrl\":\"https:\\\/\\\/nordlinepaadid.ee\\\/wp-content\\\/uploads\\\/2023\\\/03\\\/7019_1-1.jpg\",\"datePublished\":\"2026-04-21T00:25:17+00:00\",\"dateModified\":\"2026-04-22T07:02:54+00:00\",\"breadcrumb\":{\"@id\":\"https:\\\/\\\/nordlinepaadid.ee\\\/et\\\/pood\\\/marine-electronics-ru\\\/ru-vhf-handhelds\\\/vhf-kasiraadio-cobra-mr-hh150\\\/#breadcrumb\"},\"inLanguage\":\"et\",\"potentialAction\":[{\"@type\":\"ReadAction\",\"target\":[\"https:\\\/\\\/nordlinepaadid.ee\\\/et\\\/pood\\\/marine-electronics-ru\\\/ru-vhf-handhelds\\\/vhf-kasiraadio-cobra-mr-hh150\\\/\"]}]},{\"@type\":\"ImageObject\",\"inLanguage\":\"et\",\"@id\":\"https:\\\/\\\/nordlinepaadid.ee\\\/et\\\/pood\\\/marine-electronics-ru\\\/ru-vhf-handhelds\\\/vhf-kasiraadio-cobra-mr-hh150\\\/#primaryimage\",\"url\":\"https:\\\/\\\/nordlinepaadid.ee\\\/wp-content\\\/uploads\\\/2023\\\/03\\\/7019_1-1.jpg\",\"contentUrl\":\"https:\\\/\\\/nordlinepaadid.ee\\\/wp-content\\\/uploads\\\/2023\\\/03\\\/7019_1-1.jpg\",\"width\":341,\"height\":700},{\"@type\":\"BreadcrumbList\",\"@id\":\"https:\\\/\\\/nordlinepaadid.ee\\\/et\\\/pood\\\/marine-electronics-ru\\\/ru-vhf-handhelds\\\/vhf-kasiraadio-cobra-mr-hh150\\\/#breadcrumb\",\"itemListElement\":[{\"@type\":\"ListItem\",\"position\":1,\"name\":\"Home\",\"item\":\"https:\\\/\\\/nordlinepaadid.ee\\\/et\\\/\"},{\"@type\":\"ListItem\",\"position\":2,\"name\":\"Pood\",\"item\":\"https:\\\/\\\/nordlinepaadid.ee\\\/et\\\/pood\\\/\"},{\"@type\":\"ListItem\",\"position\":3,\"name\":\"VHF K\u00c4SIRAADIO- COBRA MR HH150\"}]},{\"@type\":\"WebSite\",\"@id\":\"https:\\\/\\\/nordlinepaadid.ee\\\/et\\\/#website\",\"url\":\"https:\\\/\\\/nordlinepaadid.ee\\\/et\\\/\",\"name\":\"NORDLINE s\u00f5udepaadid ja mootorpaadid. Klaasfiiber materjalist.\",\"description\":\"\",\"publisher\":{\"@id\":\"https:\\\/\\\/nordlinepaadid.ee\\\/et\\\/#organization\"},\"potentialAction\":[{\"@type\":\"SearchAction\",\"target\":{\"@type\":\"EntryPoint\",\"urlTemplate\":\"https:\\\/\\\/nordlinepaadid.ee\\\/et\\\/?s={search_term_string}\"},\"query-input\":{\"@type\":\"PropertyValueSpecification\",\"valueRequired\":true,\"valueName\":\"search_term_string\"}}],\"inLanguage\":\"et\"},{\"@type\":\"Organization\",\"@id\":\"https:\\\/\\\/nordlinepaadid.ee\\\/et\\\/#organization\",\"name\":\"Nordlineboats\",\"url\":\"https:\\\/\\\/nordlinepaadid.ee\\\/et\\\/\",\"logo\":{\"@type\":\"ImageObject\",\"inLanguage\":\"et\",\"@id\":\"https:\\\/\\\/nordlinepaadid.ee\\\/et\\\/#\\\/schema\\\/logo\\\/image\\\/\",\"url\":\"https:\\\/\\\/nordlinepaadid.ee\\\/wp-content\\\/uploads\\\/2023\\\/01\\\/fulllogo_transparent_nobuffer-e1672750475494.png\",\"contentUrl\":\"https:\\\/\\\/nordlinepaadid.ee\\\/wp-content\\\/uploads\\\/2023\\\/01\\\/fulllogo_transparent_nobuffer-e1672750475494.png\",\"width\":150,\"height\":119,\"caption\":\"Nordlineboats\"},\"image\":{\"@id\":\"https:\\\/\\\/nordlinepaadid.ee\\\/et\\\/#\\\/schema\\\/logo\\\/image\\\/\"},\"sameAs\":[\"https:\\\/\\\/www.facebook.com\\\/nordlineboats\",\"https:\\\/\\\/www.youtube.com\\\/channel\\\/UCbgF0fy02y3QkFnujaLTaCA\"]}]}<\/script>\n<!-- \/ Yoast SEO plugin. -->","yoast_head_json":{"title":"VHF K\u00c4SIRAADIO- COBRA MR HH150 - NORDLINE s\u00f5udepaadid ja mootorpaadid. Klaasfiiber materjalist.","robots":{"index":"index","follow":"follow","max-snippet":"max-snippet:-1","max-image-preview":"max-image-preview:large","max-video-preview":"max-video-preview:-1"},"canonical":"https:\/\/nordlinepaadid.ee\/et\/pood\/marine-electronics-ru\/ru-vhf-handhelds\/vhf-kasiraadio-cobra-mr-hh150\/","og_locale":"et_EE","og_type":"article","og_title":"VHF K\u00c4SIRAADIO- COBRA MR HH150 - NORDLINE s\u00f5udepaadid ja mootorpaadid. Klaasfiiber materjalist.","og_description":"Uus Cobra Marine VHF-raadiosaatja HH150FLT on m\u00f5eldud kasutamiseks merel. See algajatele m\u00f5eldud h\u00f5ljuv raadio on k\u00f5ike muud kui ainult p\u00f5hiliste omadustega. Cobra HH150-l on kasutajas\u00f5bralik liides, suur ekraan ning ujuvus v\u00f5imekus. Raadiol on olemas TX\/RX signaalitugevuse, akutaseme, skaneerimise indikaatorid. DW, ilmakanali seaded selleks, et tunneksite end turvalisena. Raadio MR HH150 kasutab laetavaid AAA suuruses akusid...","og_url":"https:\/\/nordlinepaadid.ee\/et\/pood\/marine-electronics-ru\/ru-vhf-handhelds\/vhf-kasiraadio-cobra-mr-hh150\/","og_site_name":"NORDLINE s\u00f5udepaadid ja mootorpaadid. Klaasfiiber materjalist.","article_publisher":"https:\/\/www.facebook.com\/nordlineboats","article_modified_time":"2026-04-22T07:02:54+00:00","og_image":[{"width":341,"height":700,"url":"https:\/\/nordlinepaadid.ee\/wp-content\/uploads\/2023\/03\/7019_1-1.jpg","type":"image\/jpeg"}],"twitter_card":"summary_large_image","twitter_misc":{"Est. reading time":"1 minut"},"schema":{"@context":"https:\/\/schema.org","@graph":[{"@type":"WebPage","@id":"https:\/\/nordlinepaadid.ee\/et\/pood\/marine-electronics-ru\/ru-vhf-handhelds\/vhf-kasiraadio-cobra-mr-hh150\/","url":"https:\/\/nordlinepaadid.ee\/et\/pood\/marine-electronics-ru\/ru-vhf-handhelds\/vhf-kasiraadio-cobra-mr-hh150\/","name":"VHF K\u00c4SIRAADIO- COBRA MR HH150 - NORDLINE s\u00f5udepaadid ja mootorpaadid. Klaasfiiber materjalist.","isPartOf":{"@id":"https:\/\/nordlinepaadid.ee\/et\/#website"},"primaryImageOfPage":{"@id":"https:\/\/nordlinepaadid.ee\/et\/pood\/marine-electronics-ru\/ru-vhf-handhelds\/vhf-kasiraadio-cobra-mr-hh150\/#primaryimage"},"image":{"@id":"https:\/\/nordlinepaadid.ee\/et\/pood\/marine-electronics-ru\/ru-vhf-handhelds\/vhf-kasiraadio-cobra-mr-hh150\/#primaryimage"},"thumbnailUrl":"https:\/\/nordlinepaadid.ee\/wp-content\/uploads\/2023\/03\/7019_1-1.jpg","datePublished":"2026-04-21T00:25:17+00:00","dateModified":"2026-04-22T07:02:54+00:00","breadcrumb":{"@id":"https:\/\/nordlinepaadid.ee\/et\/pood\/marine-electronics-ru\/ru-vhf-handhelds\/vhf-kasiraadio-cobra-mr-hh150\/#breadcrumb"},"inLanguage":"et","potentialAction":[{"@type":"ReadAction","target":["https:\/\/nordlinepaadid.ee\/et\/pood\/marine-electronics-ru\/ru-vhf-handhelds\/vhf-kasiraadio-cobra-mr-hh150\/"]}]},{"@type":"ImageObject","inLanguage":"et","@id":"https:\/\/nordlinepaadid.ee\/et\/pood\/marine-electronics-ru\/ru-vhf-handhelds\/vhf-kasiraadio-cobra-mr-hh150\/#primaryimage","url":"https:\/\/nordlinepaadid.ee\/wp-content\/uploads\/2023\/03\/7019_1-1.jpg","contentUrl":"https:\/\/nordlinepaadid.ee\/wp-content\/uploads\/2023\/03\/7019_1-1.jpg","width":341,"height":700},{"@type":"BreadcrumbList","@id":"https:\/\/nordlinepaadid.ee\/et\/pood\/marine-electronics-ru\/ru-vhf-handhelds\/vhf-kasiraadio-cobra-mr-hh150\/#breadcrumb","itemListElement":[{"@type":"ListItem","position":1,"name":"Home","item":"https:\/\/nordlinepaadid.ee\/et\/"},{"@type":"ListItem","position":2,"name":"Pood","item":"https:\/\/nordlinepaadid.ee\/et\/pood\/"},{"@type":"ListItem","position":3,"name":"VHF K\u00c4SIRAADIO- COBRA MR HH150"}]},{"@type":"WebSite","@id":"https:\/\/nordlinepaadid.ee\/et\/#website","url":"https:\/\/nordlinepaadid.ee\/et\/","name":"NORDLINE s\u00f5udepaadid ja mootorpaadid. Klaasfiiber materjalist.","description":"","publisher":{"@id":"https:\/\/nordlinepaadid.ee\/et\/#organization"},"potentialAction":[{"@type":"SearchAction","target":{"@type":"EntryPoint","urlTemplate":"https:\/\/nordlinepaadid.ee\/et\/?s={search_term_string}"},"query-input":{"@type":"PropertyValueSpecification","valueRequired":true,"valueName":"search_term_string"}}],"inLanguage":"et"},{"@type":"Organization","@id":"https:\/\/nordlinepaadid.ee\/et\/#organization","name":"Nordlineboats","url":"https:\/\/nordlinepaadid.ee\/et\/","logo":{"@type":"ImageObject","inLanguage":"et","@id":"https:\/\/nordlinepaadid.ee\/et\/#\/schema\/logo\/image\/","url":"https:\/\/nordlinepaadid.ee\/wp-content\/uploads\/2023\/01\/fulllogo_transparent_nobuffer-e1672750475494.png","contentUrl":"https:\/\/nordlinepaadid.ee\/wp-content\/uploads\/2023\/01\/fulllogo_transparent_nobuffer-e1672750475494.png","width":150,"height":119,"caption":"Nordlineboats"},"image":{"@id":"https:\/\/nordlinepaadid.ee\/et\/#\/schema\/logo\/image\/"},"sameAs":["https:\/\/www.facebook.com\/nordlineboats","https:\/\/www.youtube.com\/channel\/UCbgF0fy02y3QkFnujaLTaCA"]}]}},"taxonomy_info":{"product_cat":[{"value":352,"label":"MEREELEKTROONIKA"},{"value":336,"label":"VHF Raadiosaatjad, AIS Seadmed"},{"value":885,"label":"\u0420\u0430\u0446\u0438\u0438 \u0438 \u0440\u0430\u0434\u0438\u043e\u0441\u0442\u0430\u043d\u0446\u0438\u0438, AIS \u0421\u0438\u0441\u0442\u0435\u043c\u044b"}],"pa_color":[{"value":684,"label":"Must"}],"pa_producer":[{"value":507,"label":"Cobra Marine"}],"pa_unit":[{"value":416,"label":"pcs"}]},"featured_image_src_large":["https:\/\/nordlinepaadid.ee\/wp-content\/uploads\/2023\/03\/7019_1-1.jpg",341,700,false],"author_info":[],"comment_info":"","_links":{"self":[{"href":"https:\/\/nordlinepaadid.ee\/et\/wp-json\/wp\/v2\/product\/59876","targetHints":{"allow":["GET"]}}],"collection":[{"href":"https:\/\/nordlinepaadid.ee\/et\/wp-json\/wp\/v2\/product"}],"about":[{"href":"https:\/\/nordlinepaadid.ee\/et\/wp-json\/wp\/v2\/types\/product"}],"wp:featuredmedia":[{"embeddable":true,"href":"https:\/\/nordlinepaadid.ee\/et\/wp-json\/wp\/v2\/media\/25460"}],"wp:attachment":[{"href":"https:\/\/nordlinepaadid.ee\/et\/wp-json\/wp\/v2\/media?parent=59876"}],"wp:term":[{"taxonomy":"product_brand","embeddable":true,"href":"https:\/\/nordlinepaadid.ee\/et\/wp-json\/wp\/v2\/product_brand?post=59876"},{"taxonomy":"product_cat","embeddable":true,"href":"https:\/\/nordlinepaadid.ee\/et\/wp-json\/wp\/v2\/product_cat?post=59876"},{"taxonomy":"product_tag","embeddable":true,"href":"https:\/\/nordlinepaadid.ee\/et\/wp-json\/wp\/v2\/product_tag?post=59876"}],"curies":[{"name":"wp","href":"https:\/\/api.w.org\/{rel}","templated":true}]}}