{"id":59879,"date":"2026-04-21T03:25:19","date_gmt":"2026-04-21T00:25:19","guid":{"rendered":"https:\/\/nordlinepaadid.ee\/pood\/maaratlemata\/vhf-kasiraadio-icom-ic-m37e\/"},"modified":"2026-04-21T10:00:23","modified_gmt":"2026-04-21T07:00:23","slug":"vhf-kasiraadio-icom-ic-m37e","status":"publish","type":"product","link":"https:\/\/nordlinepaadid.ee\/et\/pood\/marine-electronics-ru\/ru-vhf-handhelds\/vhf-kasiraadio-icom-ic-m37e\/","title":{"rendered":"VHF K\u00c4SIRAADIO- ICOM IC-M37E"},"content":{"rendered":"<p>IC-M37E on Icomi uusim ujuv k\u00e4siraadiojaam. Lihtne disain, mugav k\u00e4es hoida ja lihtne kasutada. T\u00e4iuslik mere VHF-raadio nii vaba aja veetmiseks kui ka kommertskasutajatele. Suure v\u00f5imsusega ujuv k\u00e4eshoitav seade IC-M37E pakub v\u00f5imsat 6 W v\u00e4ljundv\u00f5imsust, mis sobib h\u00e4sti kaugsuhtluseks. V\u00f5imas 700 mW heliv\u00e4ljund tagab selge suhtluse ka m\u00fcrarikkas keskkonnas.<\/p>\n<p>&#13;<\/p>\n<p><strong>Disain <\/strong><\/p>\n<p>&#13;<br \/>\n&#13;<\/p>\n<p>IC-M37E-l on suured nupud, ta on disainitud h\u00f5lpsasti k\u00e4sitletavaks. Meremehed hindavad suurt LCD-d, mis n\u00e4itab kanalite numbreid ja oleku ikoone. See raadio on kommertskasutuseks piisavalt vastupidav, kuid sobib ka vaba aja veetmise kasutajatele, muutes selle ideaalseks valikuks nii eraisikutele kui ka kommertskasutajatele.<\/p>\n<p>&#13;<br \/>\n&#13;<\/p>\n<p><strong>Kanaliajaloo funktsioon<\/strong><\/p>\n<p>&#13;<br \/>\n&#13;<\/p>\n<p>IC-M37E-l on kanaliajaloo funktsioon. See funktsioon salvestab viis viimast kanalit, mida on lihtne \u00fche klahvivajutusega tagasi v\u00f5tta.<\/p>\n<p>&#13;<br \/>\n&#13;<\/p>\n<p><strong>Float\u00b4n Flash <\/strong><\/p>\n<p>&#13;<br \/>\n&#13;<\/p>\n<p>IC-M37E on ujuv ning annab vees olles vilkuva punase LED-tule ja ekraani\/klahvide taustvalgustusega teada oma asukohast.<\/p>\n<p>&#13;<br \/>\n&#13;<\/p>\n<p><strong>Vee eemaldus funktsioon AquaQuake<\/strong><\/p>\n<p>&#13;<br \/>\n&#13;<\/p>\n<p>IC-M37E on ehitatud vastavalt IP57 tolmu- ja veekindlale standardile. Raadiol on ka AquaQuake vee eemaldus funktsioon, mis eemaldab vee k\u00f5larist.<\/p>\n<p>&#13;<br \/>\n&#13;<\/p>\n<p><strong>Paindlikud laadimisv\u00f5imalused<\/strong><\/p>\n<p>&#13;<br \/>\n&#13;<\/p>\n<p>Komplekti kuuluv liitiumioonaku t\u00f6\u00f6aeg on rohkem kui 12 tundi. Raadioga on kaasas laadimisalus, mis on varustatud klambriga, et raadio p\u00fcsiks laadijas ka liikuvas keskkonnas. Laadimisalust on v\u00f5imalik toiteks \u00fchendada 220 V vooluv\u00f5rku ja ka 12 V vooluv\u00f5rku USB-adapteri pistikupesast.<\/p>\n<p>&#13;<br \/>\n&#13;<\/p>\n<p>&nbsp;<\/p>\n<p>&#13;<br \/>\n&#13;<\/p>\n<p><strong>Lisafunktsioonid<\/strong><\/p>\n<p>&#13;<br \/>\n&#13;<\/p>\n<ul>&#13;<\/p>\n<li>V\u00e4line k\u00f5lari-mikrofoni \u00fchendus<\/li>\n<p>&#13;<\/p>\n<li>700mW heliv\u00e4ljund<\/li>\n<p>&#13;<\/p>\n<li>Aku t\u00fchjenemise hoiatus<\/li>\n<p>&#13;<\/p>\n<li>Dual \/ Tri-Watch funktsioon (v\u00f5imaldab simuleerida kahe kanaliga j\u00e4lgimist + h\u00e4dakanali j\u00e4lgimist)<\/li>\n<p>&#13;<\/p>\n<li>Skanneerimine<\/li>\n<p>&#13;<\/p>\n<li>Lemmikkanali funktsioon<\/li>\n<p>&#13;<\/p>\n<li>Kohene juurdep\u00e4\u00e4s kanalile 16 v\u00f5i programmeeritavale kanalile<\/li>\n<p>&#13;\n<\/ul>\n<p>&#13;<br \/>\n&#13;<\/p>\n<p>&nbsp;<\/p>\n<p>&#13;<br \/>\n&#13;<\/p>\n<p><strong>Komplekti kuuluvad tarvikud<\/strong><\/p>\n<p>&#13;<br \/>\n&#13;<\/p>\n<ul>&#13;<\/p>\n<li>Laadimisalus, BC-235<\/li>\n<p>&#13;<\/p>\n<li>V\u00f6\u00f6klamber, MB-133<\/li>\n<p>&#13;<\/p>\n<li>Antenn, FA-SC59V<\/li>\n<p>&#13;<\/p>\n<li>K\u00e4epael<\/li>\n<p>&#13;<\/p>\n<li>Aku BP-296<\/li>\n<p>&#13;\n<\/ul>\n<p>&#13;<br \/>\n&#13;<\/p>\n<p>&nbsp;<\/p>\n<p>&#13;<br \/>\n&#13;<\/p>\n<p><strong><a href=\"http:\/\/www.icom.co.jp\/world\/products\/marine\/handheld\/ic-m37e\/spec.html\">Tehnilised andmed<\/a><\/strong><\/p>\n<p>&#13;<br \/>\n&#13;<\/p>\n<p>&nbsp;<\/p>\n<p>&#13;<br \/>\n&#13;<\/p>\n<p>&nbsp;<\/p>\n<p>&#13;<br \/>\n&#13;<\/p>\n<p><iframe loading=\"lazy\" allowfullscreen=\"\" frameborder=\"0\" height=\"360\" src=\"\/\/www.youtube.com\/embed\/_fx20Z-k9Kc\" width=\"640\"><\/iframe><\/p>\n<p>&#13;<\/p>\n","protected":false},"excerpt":{"rendered":"<p>IC-M37E on Icomi uusim ujuv k\u00e4siraadiojaam. Lihtne disain, mugav k\u00e4es hoida ja lihtne kasutada. T\u00e4iuslik mere VHF-raadio nii vaba aja veetmiseks kui ka kommertskasutajatele. Suure v\u00f5imsusega ujuv k\u00e4eshoitav seade IC-M37E pakub v\u00f5imsat 6 W v\u00e4ljundv\u00f5imsust, mis sobib h\u00e4sti kaugsuhtluseks. V\u00f5imas 700 mW heliv\u00e4ljund tagab selge suhtluse ka m\u00fcrarikkas keskkonnas. &#13; Disain &#13; &#13; IC-M37E-l on&#8230;<\/p>\n","protected":false},"featured_media":25491,"template":"","meta":{"_kad_blocks_custom_css":"","_kad_blocks_head_custom_js":"","_kad_blocks_body_custom_js":"","_kad_blocks_footer_custom_js":"","_kad_post_transparent":"","_kad_post_title":"","_kad_post_layout":"","_kad_post_sidebar_id":"","_kad_post_content_style":"","_kad_post_vertical_padding":"","_kad_post_feature":"","_kad_post_feature_position":"","_kad_post_header":false,"_kad_post_footer":false,"_kad_post_classname":""},"product_brand":[],"product_cat":[352,336,885],"product_tag":[],"class_list":{"0":"post-59879","1":"product","2":"type-product","3":"status-publish","4":"has-post-thumbnail","6":"product_cat-mereelektroonika","7":"product_cat-vhf-raadiosaatjad","8":"product_cat-ru-vhf-handhelds","9":"pa_color-must","10":"pa_producer-icom","11":"pa_unit-pcs","12":"tm-no-options","14":"first","15":"instock","16":"taxable","17":"shipping-taxable","18":"purchasable","19":"product-type-simple","20":"entry","21":"content-bg","22":"loop-entry"},"yoast_head":"<!-- This site is optimized with the Yoast SEO plugin v27.4 - https:\/\/yoast.com\/product\/yoast-seo-wordpress\/ -->\n<title>VHF K\u00c4SIRAADIO- ICOM IC-M37E - NORDLINE s\u00f5udepaadid ja mootorpaadid. Klaasfiiber materjalist.<\/title>\n<meta name=\"robots\" content=\"index, follow, max-snippet:-1, max-image-preview:large, max-video-preview:-1\" \/>\n<link rel=\"canonical\" href=\"https:\/\/nordlinepaadid.ee\/et\/pood\/marine-electronics-ru\/ru-vhf-handhelds\/vhf-kasiraadio-icom-ic-m37e\/\" \/>\n<meta property=\"og:locale\" content=\"et_EE\" \/>\n<meta property=\"og:type\" content=\"article\" \/>\n<meta property=\"og:title\" content=\"VHF K\u00c4SIRAADIO- ICOM IC-M37E - NORDLINE s\u00f5udepaadid ja mootorpaadid. Klaasfiiber materjalist.\" \/>\n<meta property=\"og:description\" content=\"IC-M37E on Icomi uusim ujuv k\u00e4siraadiojaam. Lihtne disain, mugav k\u00e4es hoida ja lihtne kasutada. T\u00e4iuslik mere VHF-raadio nii vaba aja veetmiseks kui ka kommertskasutajatele. Suure v\u00f5imsusega ujuv k\u00e4eshoitav seade IC-M37E pakub v\u00f5imsat 6 W v\u00e4ljundv\u00f5imsust, mis sobib h\u00e4sti kaugsuhtluseks. V\u00f5imas 700 mW heliv\u00e4ljund tagab selge suhtluse ka m\u00fcrarikkas keskkonnas. &#013; Disain &#013; &#013; IC-M37E-l on...\" \/>\n<meta property=\"og:url\" content=\"https:\/\/nordlinepaadid.ee\/et\/pood\/marine-electronics-ru\/ru-vhf-handhelds\/vhf-kasiraadio-icom-ic-m37e\/\" \/>\n<meta property=\"og:site_name\" content=\"NORDLINE s\u00f5udepaadid ja mootorpaadid. Klaasfiiber materjalist.\" \/>\n<meta property=\"article:publisher\" content=\"https:\/\/www.facebook.com\/nordlineboats\" \/>\n<meta property=\"article:modified_time\" content=\"2026-04-21T07:00:23+00:00\" \/>\n<meta property=\"og:image\" content=\"https:\/\/nordlinepaadid.ee\/wp-content\/uploads\/2023\/03\/7029_1.jpg\" \/>\n\t<meta property=\"og:image:width\" content=\"2000\" \/>\n\t<meta property=\"og:image:height\" content=\"2000\" \/>\n\t<meta property=\"og:image:type\" content=\"image\/jpeg\" \/>\n<meta name=\"twitter:card\" content=\"summary_large_image\" \/>\n<meta name=\"twitter:label1\" content=\"Est. reading time\" \/>\n\t<meta name=\"twitter:data1\" content=\"1 minut\" \/>\n<script type=\"application\/ld+json\" class=\"yoast-schema-graph\">{\"@context\":\"https:\\\/\\\/schema.org\",\"@graph\":[{\"@type\":\"WebPage\",\"@id\":\"https:\\\/\\\/nordlinepaadid.ee\\\/et\\\/pood\\\/marine-electronics-ru\\\/ru-vhf-handhelds\\\/vhf-kasiraadio-icom-ic-m37e\\\/\",\"url\":\"https:\\\/\\\/nordlinepaadid.ee\\\/et\\\/pood\\\/marine-electronics-ru\\\/ru-vhf-handhelds\\\/vhf-kasiraadio-icom-ic-m37e\\\/\",\"name\":\"VHF K\u00c4SIRAADIO- ICOM IC-M37E - NORDLINE s\u00f5udepaadid ja mootorpaadid. Klaasfiiber materjalist.\",\"isPartOf\":{\"@id\":\"https:\\\/\\\/nordlinepaadid.ee\\\/et\\\/#website\"},\"primaryImageOfPage\":{\"@id\":\"https:\\\/\\\/nordlinepaadid.ee\\\/et\\\/pood\\\/marine-electronics-ru\\\/ru-vhf-handhelds\\\/vhf-kasiraadio-icom-ic-m37e\\\/#primaryimage\"},\"image\":{\"@id\":\"https:\\\/\\\/nordlinepaadid.ee\\\/et\\\/pood\\\/marine-electronics-ru\\\/ru-vhf-handhelds\\\/vhf-kasiraadio-icom-ic-m37e\\\/#primaryimage\"},\"thumbnailUrl\":\"https:\\\/\\\/nordlinepaadid.ee\\\/wp-content\\\/uploads\\\/2023\\\/03\\\/7029_1.jpg\",\"datePublished\":\"2026-04-21T00:25:19+00:00\",\"dateModified\":\"2026-04-21T07:00:23+00:00\",\"breadcrumb\":{\"@id\":\"https:\\\/\\\/nordlinepaadid.ee\\\/et\\\/pood\\\/marine-electronics-ru\\\/ru-vhf-handhelds\\\/vhf-kasiraadio-icom-ic-m37e\\\/#breadcrumb\"},\"inLanguage\":\"et\",\"potentialAction\":[{\"@type\":\"ReadAction\",\"target\":[\"https:\\\/\\\/nordlinepaadid.ee\\\/et\\\/pood\\\/marine-electronics-ru\\\/ru-vhf-handhelds\\\/vhf-kasiraadio-icom-ic-m37e\\\/\"]}]},{\"@type\":\"ImageObject\",\"inLanguage\":\"et\",\"@id\":\"https:\\\/\\\/nordlinepaadid.ee\\\/et\\\/pood\\\/marine-electronics-ru\\\/ru-vhf-handhelds\\\/vhf-kasiraadio-icom-ic-m37e\\\/#primaryimage\",\"url\":\"https:\\\/\\\/nordlinepaadid.ee\\\/wp-content\\\/uploads\\\/2023\\\/03\\\/7029_1.jpg\",\"contentUrl\":\"https:\\\/\\\/nordlinepaadid.ee\\\/wp-content\\\/uploads\\\/2023\\\/03\\\/7029_1.jpg\",\"width\":2000,\"height\":2000},{\"@type\":\"BreadcrumbList\",\"@id\":\"https:\\\/\\\/nordlinepaadid.ee\\\/et\\\/pood\\\/marine-electronics-ru\\\/ru-vhf-handhelds\\\/vhf-kasiraadio-icom-ic-m37e\\\/#breadcrumb\",\"itemListElement\":[{\"@type\":\"ListItem\",\"position\":1,\"name\":\"Home\",\"item\":\"https:\\\/\\\/nordlinepaadid.ee\\\/et\\\/\"},{\"@type\":\"ListItem\",\"position\":2,\"name\":\"Pood\",\"item\":\"https:\\\/\\\/nordlinepaadid.ee\\\/et\\\/pood\\\/\"},{\"@type\":\"ListItem\",\"position\":3,\"name\":\"VHF K\u00c4SIRAADIO- ICOM IC-M37E\"}]},{\"@type\":\"WebSite\",\"@id\":\"https:\\\/\\\/nordlinepaadid.ee\\\/et\\\/#website\",\"url\":\"https:\\\/\\\/nordlinepaadid.ee\\\/et\\\/\",\"name\":\"NORDLINE s\u00f5udepaadid ja mootorpaadid. Klaasfiiber materjalist.\",\"description\":\"\",\"publisher\":{\"@id\":\"https:\\\/\\\/nordlinepaadid.ee\\\/et\\\/#organization\"},\"potentialAction\":[{\"@type\":\"SearchAction\",\"target\":{\"@type\":\"EntryPoint\",\"urlTemplate\":\"https:\\\/\\\/nordlinepaadid.ee\\\/et\\\/?s={search_term_string}\"},\"query-input\":{\"@type\":\"PropertyValueSpecification\",\"valueRequired\":true,\"valueName\":\"search_term_string\"}}],\"inLanguage\":\"et\"},{\"@type\":\"Organization\",\"@id\":\"https:\\\/\\\/nordlinepaadid.ee\\\/et\\\/#organization\",\"name\":\"Nordlineboats\",\"url\":\"https:\\\/\\\/nordlinepaadid.ee\\\/et\\\/\",\"logo\":{\"@type\":\"ImageObject\",\"inLanguage\":\"et\",\"@id\":\"https:\\\/\\\/nordlinepaadid.ee\\\/et\\\/#\\\/schema\\\/logo\\\/image\\\/\",\"url\":\"https:\\\/\\\/nordlinepaadid.ee\\\/wp-content\\\/uploads\\\/2023\\\/01\\\/fulllogo_transparent_nobuffer-e1672750475494.png\",\"contentUrl\":\"https:\\\/\\\/nordlinepaadid.ee\\\/wp-content\\\/uploads\\\/2023\\\/01\\\/fulllogo_transparent_nobuffer-e1672750475494.png\",\"width\":150,\"height\":119,\"caption\":\"Nordlineboats\"},\"image\":{\"@id\":\"https:\\\/\\\/nordlinepaadid.ee\\\/et\\\/#\\\/schema\\\/logo\\\/image\\\/\"},\"sameAs\":[\"https:\\\/\\\/www.facebook.com\\\/nordlineboats\",\"https:\\\/\\\/www.youtube.com\\\/channel\\\/UCbgF0fy02y3QkFnujaLTaCA\"]}]}<\/script>\n<!-- \/ Yoast SEO plugin. -->","yoast_head_json":{"title":"VHF K\u00c4SIRAADIO- ICOM IC-M37E - NORDLINE s\u00f5udepaadid ja mootorpaadid. Klaasfiiber materjalist.","robots":{"index":"index","follow":"follow","max-snippet":"max-snippet:-1","max-image-preview":"max-image-preview:large","max-video-preview":"max-video-preview:-1"},"canonical":"https:\/\/nordlinepaadid.ee\/et\/pood\/marine-electronics-ru\/ru-vhf-handhelds\/vhf-kasiraadio-icom-ic-m37e\/","og_locale":"et_EE","og_type":"article","og_title":"VHF K\u00c4SIRAADIO- ICOM IC-M37E - NORDLINE s\u00f5udepaadid ja mootorpaadid. Klaasfiiber materjalist.","og_description":"IC-M37E on Icomi uusim ujuv k\u00e4siraadiojaam. Lihtne disain, mugav k\u00e4es hoida ja lihtne kasutada. T\u00e4iuslik mere VHF-raadio nii vaba aja veetmiseks kui ka kommertskasutajatele. Suure v\u00f5imsusega ujuv k\u00e4eshoitav seade IC-M37E pakub v\u00f5imsat 6 W v\u00e4ljundv\u00f5imsust, mis sobib h\u00e4sti kaugsuhtluseks. V\u00f5imas 700 mW heliv\u00e4ljund tagab selge suhtluse ka m\u00fcrarikkas keskkonnas. &#13; Disain &#13; &#13; IC-M37E-l on...","og_url":"https:\/\/nordlinepaadid.ee\/et\/pood\/marine-electronics-ru\/ru-vhf-handhelds\/vhf-kasiraadio-icom-ic-m37e\/","og_site_name":"NORDLINE s\u00f5udepaadid ja mootorpaadid. Klaasfiiber materjalist.","article_publisher":"https:\/\/www.facebook.com\/nordlineboats","article_modified_time":"2026-04-21T07:00:23+00:00","og_image":[{"width":2000,"height":2000,"url":"https:\/\/nordlinepaadid.ee\/wp-content\/uploads\/2023\/03\/7029_1.jpg","type":"image\/jpeg"}],"twitter_card":"summary_large_image","twitter_misc":{"Est. reading time":"1 minut"},"schema":{"@context":"https:\/\/schema.org","@graph":[{"@type":"WebPage","@id":"https:\/\/nordlinepaadid.ee\/et\/pood\/marine-electronics-ru\/ru-vhf-handhelds\/vhf-kasiraadio-icom-ic-m37e\/","url":"https:\/\/nordlinepaadid.ee\/et\/pood\/marine-electronics-ru\/ru-vhf-handhelds\/vhf-kasiraadio-icom-ic-m37e\/","name":"VHF K\u00c4SIRAADIO- ICOM IC-M37E - NORDLINE s\u00f5udepaadid ja mootorpaadid. Klaasfiiber materjalist.","isPartOf":{"@id":"https:\/\/nordlinepaadid.ee\/et\/#website"},"primaryImageOfPage":{"@id":"https:\/\/nordlinepaadid.ee\/et\/pood\/marine-electronics-ru\/ru-vhf-handhelds\/vhf-kasiraadio-icom-ic-m37e\/#primaryimage"},"image":{"@id":"https:\/\/nordlinepaadid.ee\/et\/pood\/marine-electronics-ru\/ru-vhf-handhelds\/vhf-kasiraadio-icom-ic-m37e\/#primaryimage"},"thumbnailUrl":"https:\/\/nordlinepaadid.ee\/wp-content\/uploads\/2023\/03\/7029_1.jpg","datePublished":"2026-04-21T00:25:19+00:00","dateModified":"2026-04-21T07:00:23+00:00","breadcrumb":{"@id":"https:\/\/nordlinepaadid.ee\/et\/pood\/marine-electronics-ru\/ru-vhf-handhelds\/vhf-kasiraadio-icom-ic-m37e\/#breadcrumb"},"inLanguage":"et","potentialAction":[{"@type":"ReadAction","target":["https:\/\/nordlinepaadid.ee\/et\/pood\/marine-electronics-ru\/ru-vhf-handhelds\/vhf-kasiraadio-icom-ic-m37e\/"]}]},{"@type":"ImageObject","inLanguage":"et","@id":"https:\/\/nordlinepaadid.ee\/et\/pood\/marine-electronics-ru\/ru-vhf-handhelds\/vhf-kasiraadio-icom-ic-m37e\/#primaryimage","url":"https:\/\/nordlinepaadid.ee\/wp-content\/uploads\/2023\/03\/7029_1.jpg","contentUrl":"https:\/\/nordlinepaadid.ee\/wp-content\/uploads\/2023\/03\/7029_1.jpg","width":2000,"height":2000},{"@type":"BreadcrumbList","@id":"https:\/\/nordlinepaadid.ee\/et\/pood\/marine-electronics-ru\/ru-vhf-handhelds\/vhf-kasiraadio-icom-ic-m37e\/#breadcrumb","itemListElement":[{"@type":"ListItem","position":1,"name":"Home","item":"https:\/\/nordlinepaadid.ee\/et\/"},{"@type":"ListItem","position":2,"name":"Pood","item":"https:\/\/nordlinepaadid.ee\/et\/pood\/"},{"@type":"ListItem","position":3,"name":"VHF K\u00c4SIRAADIO- ICOM IC-M37E"}]},{"@type":"WebSite","@id":"https:\/\/nordlinepaadid.ee\/et\/#website","url":"https:\/\/nordlinepaadid.ee\/et\/","name":"NORDLINE s\u00f5udepaadid ja mootorpaadid. Klaasfiiber materjalist.","description":"","publisher":{"@id":"https:\/\/nordlinepaadid.ee\/et\/#organization"},"potentialAction":[{"@type":"SearchAction","target":{"@type":"EntryPoint","urlTemplate":"https:\/\/nordlinepaadid.ee\/et\/?s={search_term_string}"},"query-input":{"@type":"PropertyValueSpecification","valueRequired":true,"valueName":"search_term_string"}}],"inLanguage":"et"},{"@type":"Organization","@id":"https:\/\/nordlinepaadid.ee\/et\/#organization","name":"Nordlineboats","url":"https:\/\/nordlinepaadid.ee\/et\/","logo":{"@type":"ImageObject","inLanguage":"et","@id":"https:\/\/nordlinepaadid.ee\/et\/#\/schema\/logo\/image\/","url":"https:\/\/nordlinepaadid.ee\/wp-content\/uploads\/2023\/01\/fulllogo_transparent_nobuffer-e1672750475494.png","contentUrl":"https:\/\/nordlinepaadid.ee\/wp-content\/uploads\/2023\/01\/fulllogo_transparent_nobuffer-e1672750475494.png","width":150,"height":119,"caption":"Nordlineboats"},"image":{"@id":"https:\/\/nordlinepaadid.ee\/et\/#\/schema\/logo\/image\/"},"sameAs":["https:\/\/www.facebook.com\/nordlineboats","https:\/\/www.youtube.com\/channel\/UCbgF0fy02y3QkFnujaLTaCA"]}]}},"taxonomy_info":{"product_cat":[{"value":352,"label":"MEREELEKTROONIKA"},{"value":336,"label":"VHF Raadiosaatjad, AIS Seadmed"},{"value":885,"label":"\u0420\u0430\u0446\u0438\u0438 \u0438 \u0440\u0430\u0434\u0438\u043e\u0441\u0442\u0430\u043d\u0446\u0438\u0438, AIS \u0421\u0438\u0441\u0442\u0435\u043c\u044b"}],"pa_color":[{"value":684,"label":"Must"}],"pa_producer":[{"value":600,"label":"Icom"}],"pa_unit":[{"value":416,"label":"pcs"}]},"featured_image_src_large":["https:\/\/nordlinepaadid.ee\/wp-content\/uploads\/2023\/03\/7029_1-1024x1024.jpg",1024,1024,true],"author_info":[],"comment_info":"","_links":{"self":[{"href":"https:\/\/nordlinepaadid.ee\/et\/wp-json\/wp\/v2\/product\/59879","targetHints":{"allow":["GET"]}}],"collection":[{"href":"https:\/\/nordlinepaadid.ee\/et\/wp-json\/wp\/v2\/product"}],"about":[{"href":"https:\/\/nordlinepaadid.ee\/et\/wp-json\/wp\/v2\/types\/product"}],"wp:featuredmedia":[{"embeddable":true,"href":"https:\/\/nordlinepaadid.ee\/et\/wp-json\/wp\/v2\/media\/25491"}],"wp:attachment":[{"href":"https:\/\/nordlinepaadid.ee\/et\/wp-json\/wp\/v2\/media?parent=59879"}],"wp:term":[{"taxonomy":"product_brand","embeddable":true,"href":"https:\/\/nordlinepaadid.ee\/et\/wp-json\/wp\/v2\/product_brand?post=59879"},{"taxonomy":"product_cat","embeddable":true,"href":"https:\/\/nordlinepaadid.ee\/et\/wp-json\/wp\/v2\/product_cat?post=59879"},{"taxonomy":"product_tag","embeddable":true,"href":"https:\/\/nordlinepaadid.ee\/et\/wp-json\/wp\/v2\/product_tag?post=59879"}],"curies":[{"name":"wp","href":"https:\/\/api.w.org\/{rel}","templated":true}]}}