{"id":59880,"date":"2026-04-17T17:19:54","date_gmt":"2026-04-17T14:19:54","guid":{"rendered":"https:\/\/nordlinepaadid.ee\/pood\/maaratlemata\/vhf-kasiraadio-icom-ic-m73e\/"},"modified":"2026-04-21T00:02:07","modified_gmt":"2026-04-20T21:02:07","slug":"vhf-kasiraadio-icom-ic-m73e","status":"publish","type":"product","link":"https:\/\/nordlinepaadid.ee\/et\/pood\/marine-electronics-ru\/ru-vhf-handhelds\/vhf-kasiraadio-icom-ic-m73e\/","title":{"rendered":"VHF K\u00c4SIRAADIO- ICOM IC-M73E"},"content":{"rendered":"<p>\u00d5huke, stiilne, v\u00f5imas, professionaalsete funktsioonidega k\u00e4siraadiojaam.<\/p>\n<p>&#13;<\/p>\n<p><strong>Viimase k\u00f5ne salvestus<\/strong><\/p>\n<p>&#13;<br \/>\n&#13;<\/p>\n<p>Viimase k\u00f5ne salvestuse funktsioon salvestab viimase sissetuleva k\u00f5ne automaatselt 1 minutiks. Salvestamist saate alustada ka k\u00e4sitsi.<\/p>\n<p>&#13;<br \/>\n&#13;<\/p>\n<p><strong>Aktiivne m\u00fcrasummutamise tehnoloogia <\/strong><\/p>\n<p>&#13;<br \/>\n&#13;<\/p>\n<p>Sisseehitatud kahesuunaline aktiivne m\u00fcrasummutus v\u00e4hendab taustam\u00fcra kuni 90% ja parandab nii edastatud h\u00e4\u00e4lt kui ka sissetulevat k\u00f5net, nii kuulete paremini ja selgemalt!<\/p>\n<p>&#13;<br \/>\n&#13;<\/p>\n<p><strong>Bassiv\u00f5imendi funktsioon <\/strong><\/p>\n<p>&#13;<br \/>\n&#13;<\/p>\n<p>Signaalit\u00f6\u00f6tlus tehnoloogia r\u00f5hutab madalat heli, pakkudes rikkalikku bassiheli nii signaali edastamiseks kui ka vastuv\u00f5tmiseks.<\/p>\n<p>&#13;<br \/>\n&#13;<\/p>\n<p><strong>700mW heli<\/strong><\/p>\n<p>&#13;<br \/>\n&#13;<\/p>\n<p>IC-M73 kasutab BTL v\u00f5imendit, mis kahekordistab heli. Selle sisemine k\u00f5lar annab valju 700mW selge heli.<\/p>\n<p>&#13;<br \/>\n&#13;<\/p>\n<p><strong>6W&nbsp;RF-v\u00e4ljundv\u00f5imsus&nbsp;<\/strong><\/p>\n<p>&#13;<br \/>\n&#13;<\/p>\n<p>IC-M73 6W edastusv\u00f5imsus tagab kasutajale laiendatud suhtlusvahemiku.<\/p>\n<p>&#13;<br \/>\n&#13;<\/p>\n<p><strong>Suuremahuline liitium-ioon aku<\/strong><\/p>\n<p>&#13;<br \/>\n&#13;<\/p>\n<p>Aku BP-245H v\u00f5imaldab normaaltingimustes t\u00f6\u00f6tada 17 tundi.<\/p>\n<p>&#13;<br \/>\n&#13;<\/p>\n<p><strong>IPX8 Submersible Plus \u2122 veekindlus<\/strong><\/p>\n<p>&#13;<br \/>\n&#13;<\/p>\n<p>IC-M73 pakub Icomi parimat veekindlat kaitset. Raadio vastupidavust on katsetatud hoides seda 30 minutit 1,5 m s\u00fcgavuses vees.<\/p>\n<p>&#13;<br \/>\n&#13;<\/p>\n<p><strong>\u00d5huke, laia vaatenurgaga LCD-ekraan<\/strong><\/p>\n<p>&#13;<br \/>\n&#13;<\/p>\n<p>IC-M73-l on stiilne, ergonoomiline disain. Vastupidav kere tagab kasutajas\u00f5braliku t\u00f6\u00f6 ja pika t\u00f6\u00f6ea. Laia vaatenurga ja k\u00f5rge intensiivsusega LCD-ekraan pakub heledaid, h\u00f5lpsasti loetavaid t\u00e4hem\u00e4rke.<\/p>\n<p>&#13;<br \/>\n&#13;<\/p>\n<p>&nbsp;<\/p>\n<p>&#13;<br \/>\n&#13;<\/p>\n<p><strong>Lisafunktsioonid<\/strong><\/p>\n<p>&#13;<br \/>\n&#13;<\/p>\n<ul>&#13;<\/p>\n<li>AquaQuake \u2122 eemaldab k\u00f5larist vee<\/li>\n<p>&#13;<\/p>\n<li>Dual\/Tri-Watch kanali 16 ja\/v\u00f5i k\u00f5nekanali monitooringuks.<\/li>\n<p>&#13;<\/p>\n<li>4 tasemeline aku indikaator.<\/li>\n<p>&#13;<\/p>\n<li>Lemmikkanalite skaneerimise funktsioon.<\/li>\n<p>&#13;<\/p>\n<li>Komplektis on laualaadija BC-210 ja sigaretis\u00fc\u00fctaja kaabel CP-25H<\/li>\n<p>&#13;<\/p>\n<li>Valikulised veekindlad k\u00f5larimikrofonid HM-167 ja HM-202<\/li>\n<p>&#13;<\/p>\n<li>Automaatne energias\u00e4\u00e4stufunktsioon<\/li>\n<p>&#13;\n<\/ul>\n<p>&#13;<br \/>\n&#13;<\/p>\n<p>&nbsp;<\/p>\n<p>&#13;<br \/>\n&#13;<\/p>\n<p><strong><a href=\"https:\/\/www.icom.co.jp\/world\/products\/marine\/handheld\/ic-m73\/spec.html\">Tehnilised andmed<\/a><\/strong><\/p>\n<p>&#13;<\/p>\n","protected":false},"excerpt":{"rendered":"<p>\u00d5huke, stiilne, v\u00f5imas, professionaalsete funktsioonidega k\u00e4siraadiojaam. &#13; Viimase k\u00f5ne salvestus &#13; &#13; Viimase k\u00f5ne salvestuse funktsioon salvestab viimase sissetuleva k\u00f5ne automaatselt 1 minutiks. Salvestamist saate alustada ka k\u00e4sitsi. &#13; &#13; Aktiivne m\u00fcrasummutamise tehnoloogia &#13; &#13; Sisseehitatud kahesuunaline aktiivne m\u00fcrasummutus v\u00e4hendab taustam\u00fcra kuni 90% ja parandab nii edastatud h\u00e4\u00e4lt kui ka sissetulevat k\u00f5net, nii kuulete paremini&#8230;<\/p>\n","protected":false},"featured_media":25500,"template":"","meta":{"_kad_blocks_custom_css":"","_kad_blocks_head_custom_js":"","_kad_blocks_body_custom_js":"","_kad_blocks_footer_custom_js":"","_kad_post_transparent":"","_kad_post_title":"","_kad_post_layout":"","_kad_post_sidebar_id":"","_kad_post_content_style":"","_kad_post_vertical_padding":"","_kad_post_feature":"","_kad_post_feature_position":"","_kad_post_header":false,"_kad_post_footer":false,"_kad_post_classname":""},"product_brand":[],"product_cat":[352,336,885],"product_tag":[],"class_list":{"0":"post-59880","1":"product","2":"type-product","3":"status-publish","4":"has-post-thumbnail","6":"product_cat-mereelektroonika","7":"product_cat-vhf-raadiosaatjad","8":"product_cat-ru-vhf-handhelds","9":"pa_color-must","10":"pa_producer-icom","11":"pa_unit-pcs","12":"tm-no-options","14":"first","15":"onbackorder","16":"taxable","17":"shipping-taxable","18":"purchasable","19":"product-type-simple","20":"entry","21":"content-bg","22":"loop-entry"},"yoast_head":"<!-- This site is optimized with the Yoast SEO plugin v27.4 - https:\/\/yoast.com\/product\/yoast-seo-wordpress\/ -->\n<title>VHF K\u00c4SIRAADIO- ICOM IC-M73E - NORDLINE s\u00f5udepaadid ja mootorpaadid. Klaasfiiber materjalist.<\/title>\n<meta name=\"robots\" content=\"index, follow, max-snippet:-1, max-image-preview:large, max-video-preview:-1\" \/>\n<link rel=\"canonical\" href=\"https:\/\/nordlinepaadid.ee\/et\/pood\/marine-electronics-ru\/ru-vhf-handhelds\/vhf-kasiraadio-icom-ic-m73e\/\" \/>\n<meta property=\"og:locale\" content=\"et_EE\" \/>\n<meta property=\"og:type\" content=\"article\" \/>\n<meta property=\"og:title\" content=\"VHF K\u00c4SIRAADIO- ICOM IC-M73E - NORDLINE s\u00f5udepaadid ja mootorpaadid. Klaasfiiber materjalist.\" \/>\n<meta property=\"og:description\" content=\"\u00d5huke, stiilne, v\u00f5imas, professionaalsete funktsioonidega k\u00e4siraadiojaam. &#013; Viimase k\u00f5ne salvestus &#013; &#013; Viimase k\u00f5ne salvestuse funktsioon salvestab viimase sissetuleva k\u00f5ne automaatselt 1 minutiks. Salvestamist saate alustada ka k\u00e4sitsi. &#013; &#013; Aktiivne m\u00fcrasummutamise tehnoloogia &#013; &#013; Sisseehitatud kahesuunaline aktiivne m\u00fcrasummutus v\u00e4hendab taustam\u00fcra kuni 90% ja parandab nii edastatud h\u00e4\u00e4lt kui ka sissetulevat k\u00f5net, nii kuulete paremini...\" \/>\n<meta property=\"og:url\" content=\"https:\/\/nordlinepaadid.ee\/et\/pood\/marine-electronics-ru\/ru-vhf-handhelds\/vhf-kasiraadio-icom-ic-m73e\/\" \/>\n<meta property=\"og:site_name\" content=\"NORDLINE s\u00f5udepaadid ja mootorpaadid. Klaasfiiber materjalist.\" \/>\n<meta property=\"article:publisher\" content=\"https:\/\/www.facebook.com\/nordlineboats\" \/>\n<meta property=\"article:modified_time\" content=\"2026-04-20T21:02:07+00:00\" \/>\n<meta property=\"og:image\" content=\"https:\/\/nordlinepaadid.ee\/wp-content\/uploads\/2023\/03\/7033_1.jpg\" \/>\n\t<meta property=\"og:image:width\" content=\"2000\" \/>\n\t<meta property=\"og:image:height\" content=\"2000\" \/>\n\t<meta property=\"og:image:type\" content=\"image\/jpeg\" \/>\n<meta name=\"twitter:card\" content=\"summary_large_image\" \/>\n<meta name=\"twitter:label1\" content=\"Est. reading time\" \/>\n\t<meta name=\"twitter:data1\" content=\"1 minut\" \/>\n<script type=\"application\/ld+json\" class=\"yoast-schema-graph\">{\"@context\":\"https:\\\/\\\/schema.org\",\"@graph\":[{\"@type\":\"WebPage\",\"@id\":\"https:\\\/\\\/nordlinepaadid.ee\\\/et\\\/pood\\\/marine-electronics-ru\\\/ru-vhf-handhelds\\\/vhf-kasiraadio-icom-ic-m73e\\\/\",\"url\":\"https:\\\/\\\/nordlinepaadid.ee\\\/et\\\/pood\\\/marine-electronics-ru\\\/ru-vhf-handhelds\\\/vhf-kasiraadio-icom-ic-m73e\\\/\",\"name\":\"VHF K\u00c4SIRAADIO- ICOM IC-M73E - NORDLINE s\u00f5udepaadid ja mootorpaadid. Klaasfiiber materjalist.\",\"isPartOf\":{\"@id\":\"https:\\\/\\\/nordlinepaadid.ee\\\/et\\\/#website\"},\"primaryImageOfPage\":{\"@id\":\"https:\\\/\\\/nordlinepaadid.ee\\\/et\\\/pood\\\/marine-electronics-ru\\\/ru-vhf-handhelds\\\/vhf-kasiraadio-icom-ic-m73e\\\/#primaryimage\"},\"image\":{\"@id\":\"https:\\\/\\\/nordlinepaadid.ee\\\/et\\\/pood\\\/marine-electronics-ru\\\/ru-vhf-handhelds\\\/vhf-kasiraadio-icom-ic-m73e\\\/#primaryimage\"},\"thumbnailUrl\":\"https:\\\/\\\/nordlinepaadid.ee\\\/wp-content\\\/uploads\\\/2023\\\/03\\\/7033_1.jpg\",\"datePublished\":\"2026-04-17T14:19:54+00:00\",\"dateModified\":\"2026-04-20T21:02:07+00:00\",\"breadcrumb\":{\"@id\":\"https:\\\/\\\/nordlinepaadid.ee\\\/et\\\/pood\\\/marine-electronics-ru\\\/ru-vhf-handhelds\\\/vhf-kasiraadio-icom-ic-m73e\\\/#breadcrumb\"},\"inLanguage\":\"et\",\"potentialAction\":[{\"@type\":\"ReadAction\",\"target\":[\"https:\\\/\\\/nordlinepaadid.ee\\\/et\\\/pood\\\/marine-electronics-ru\\\/ru-vhf-handhelds\\\/vhf-kasiraadio-icom-ic-m73e\\\/\"]}]},{\"@type\":\"ImageObject\",\"inLanguage\":\"et\",\"@id\":\"https:\\\/\\\/nordlinepaadid.ee\\\/et\\\/pood\\\/marine-electronics-ru\\\/ru-vhf-handhelds\\\/vhf-kasiraadio-icom-ic-m73e\\\/#primaryimage\",\"url\":\"https:\\\/\\\/nordlinepaadid.ee\\\/wp-content\\\/uploads\\\/2023\\\/03\\\/7033_1.jpg\",\"contentUrl\":\"https:\\\/\\\/nordlinepaadid.ee\\\/wp-content\\\/uploads\\\/2023\\\/03\\\/7033_1.jpg\",\"width\":2000,\"height\":2000},{\"@type\":\"BreadcrumbList\",\"@id\":\"https:\\\/\\\/nordlinepaadid.ee\\\/et\\\/pood\\\/marine-electronics-ru\\\/ru-vhf-handhelds\\\/vhf-kasiraadio-icom-ic-m73e\\\/#breadcrumb\",\"itemListElement\":[{\"@type\":\"ListItem\",\"position\":1,\"name\":\"Home\",\"item\":\"https:\\\/\\\/nordlinepaadid.ee\\\/et\\\/\"},{\"@type\":\"ListItem\",\"position\":2,\"name\":\"Pood\",\"item\":\"https:\\\/\\\/nordlinepaadid.ee\\\/et\\\/pood\\\/\"},{\"@type\":\"ListItem\",\"position\":3,\"name\":\"VHF K\u00c4SIRAADIO- ICOM IC-M73E\"}]},{\"@type\":\"WebSite\",\"@id\":\"https:\\\/\\\/nordlinepaadid.ee\\\/et\\\/#website\",\"url\":\"https:\\\/\\\/nordlinepaadid.ee\\\/et\\\/\",\"name\":\"NORDLINE s\u00f5udepaadid ja mootorpaadid. Klaasfiiber materjalist.\",\"description\":\"\",\"publisher\":{\"@id\":\"https:\\\/\\\/nordlinepaadid.ee\\\/et\\\/#organization\"},\"potentialAction\":[{\"@type\":\"SearchAction\",\"target\":{\"@type\":\"EntryPoint\",\"urlTemplate\":\"https:\\\/\\\/nordlinepaadid.ee\\\/et\\\/?s={search_term_string}\"},\"query-input\":{\"@type\":\"PropertyValueSpecification\",\"valueRequired\":true,\"valueName\":\"search_term_string\"}}],\"inLanguage\":\"et\"},{\"@type\":\"Organization\",\"@id\":\"https:\\\/\\\/nordlinepaadid.ee\\\/et\\\/#organization\",\"name\":\"Nordlineboats\",\"url\":\"https:\\\/\\\/nordlinepaadid.ee\\\/et\\\/\",\"logo\":{\"@type\":\"ImageObject\",\"inLanguage\":\"et\",\"@id\":\"https:\\\/\\\/nordlinepaadid.ee\\\/et\\\/#\\\/schema\\\/logo\\\/image\\\/\",\"url\":\"https:\\\/\\\/nordlinepaadid.ee\\\/wp-content\\\/uploads\\\/2023\\\/01\\\/fulllogo_transparent_nobuffer-e1672750475494.png\",\"contentUrl\":\"https:\\\/\\\/nordlinepaadid.ee\\\/wp-content\\\/uploads\\\/2023\\\/01\\\/fulllogo_transparent_nobuffer-e1672750475494.png\",\"width\":150,\"height\":119,\"caption\":\"Nordlineboats\"},\"image\":{\"@id\":\"https:\\\/\\\/nordlinepaadid.ee\\\/et\\\/#\\\/schema\\\/logo\\\/image\\\/\"},\"sameAs\":[\"https:\\\/\\\/www.facebook.com\\\/nordlineboats\",\"https:\\\/\\\/www.youtube.com\\\/channel\\\/UCbgF0fy02y3QkFnujaLTaCA\"]}]}<\/script>\n<!-- \/ Yoast SEO plugin. -->","yoast_head_json":{"title":"VHF K\u00c4SIRAADIO- ICOM IC-M73E - NORDLINE s\u00f5udepaadid ja mootorpaadid. Klaasfiiber materjalist.","robots":{"index":"index","follow":"follow","max-snippet":"max-snippet:-1","max-image-preview":"max-image-preview:large","max-video-preview":"max-video-preview:-1"},"canonical":"https:\/\/nordlinepaadid.ee\/et\/pood\/marine-electronics-ru\/ru-vhf-handhelds\/vhf-kasiraadio-icom-ic-m73e\/","og_locale":"et_EE","og_type":"article","og_title":"VHF K\u00c4SIRAADIO- ICOM IC-M73E - NORDLINE s\u00f5udepaadid ja mootorpaadid. Klaasfiiber materjalist.","og_description":"\u00d5huke, stiilne, v\u00f5imas, professionaalsete funktsioonidega k\u00e4siraadiojaam. &#13; Viimase k\u00f5ne salvestus &#13; &#13; Viimase k\u00f5ne salvestuse funktsioon salvestab viimase sissetuleva k\u00f5ne automaatselt 1 minutiks. Salvestamist saate alustada ka k\u00e4sitsi. &#13; &#13; Aktiivne m\u00fcrasummutamise tehnoloogia &#13; &#13; Sisseehitatud kahesuunaline aktiivne m\u00fcrasummutus v\u00e4hendab taustam\u00fcra kuni 90% ja parandab nii edastatud h\u00e4\u00e4lt kui ka sissetulevat k\u00f5net, nii kuulete paremini...","og_url":"https:\/\/nordlinepaadid.ee\/et\/pood\/marine-electronics-ru\/ru-vhf-handhelds\/vhf-kasiraadio-icom-ic-m73e\/","og_site_name":"NORDLINE s\u00f5udepaadid ja mootorpaadid. Klaasfiiber materjalist.","article_publisher":"https:\/\/www.facebook.com\/nordlineboats","article_modified_time":"2026-04-20T21:02:07+00:00","og_image":[{"width":2000,"height":2000,"url":"https:\/\/nordlinepaadid.ee\/wp-content\/uploads\/2023\/03\/7033_1.jpg","type":"image\/jpeg"}],"twitter_card":"summary_large_image","twitter_misc":{"Est. reading time":"1 minut"},"schema":{"@context":"https:\/\/schema.org","@graph":[{"@type":"WebPage","@id":"https:\/\/nordlinepaadid.ee\/et\/pood\/marine-electronics-ru\/ru-vhf-handhelds\/vhf-kasiraadio-icom-ic-m73e\/","url":"https:\/\/nordlinepaadid.ee\/et\/pood\/marine-electronics-ru\/ru-vhf-handhelds\/vhf-kasiraadio-icom-ic-m73e\/","name":"VHF K\u00c4SIRAADIO- ICOM IC-M73E - NORDLINE s\u00f5udepaadid ja mootorpaadid. Klaasfiiber materjalist.","isPartOf":{"@id":"https:\/\/nordlinepaadid.ee\/et\/#website"},"primaryImageOfPage":{"@id":"https:\/\/nordlinepaadid.ee\/et\/pood\/marine-electronics-ru\/ru-vhf-handhelds\/vhf-kasiraadio-icom-ic-m73e\/#primaryimage"},"image":{"@id":"https:\/\/nordlinepaadid.ee\/et\/pood\/marine-electronics-ru\/ru-vhf-handhelds\/vhf-kasiraadio-icom-ic-m73e\/#primaryimage"},"thumbnailUrl":"https:\/\/nordlinepaadid.ee\/wp-content\/uploads\/2023\/03\/7033_1.jpg","datePublished":"2026-04-17T14:19:54+00:00","dateModified":"2026-04-20T21:02:07+00:00","breadcrumb":{"@id":"https:\/\/nordlinepaadid.ee\/et\/pood\/marine-electronics-ru\/ru-vhf-handhelds\/vhf-kasiraadio-icom-ic-m73e\/#breadcrumb"},"inLanguage":"et","potentialAction":[{"@type":"ReadAction","target":["https:\/\/nordlinepaadid.ee\/et\/pood\/marine-electronics-ru\/ru-vhf-handhelds\/vhf-kasiraadio-icom-ic-m73e\/"]}]},{"@type":"ImageObject","inLanguage":"et","@id":"https:\/\/nordlinepaadid.ee\/et\/pood\/marine-electronics-ru\/ru-vhf-handhelds\/vhf-kasiraadio-icom-ic-m73e\/#primaryimage","url":"https:\/\/nordlinepaadid.ee\/wp-content\/uploads\/2023\/03\/7033_1.jpg","contentUrl":"https:\/\/nordlinepaadid.ee\/wp-content\/uploads\/2023\/03\/7033_1.jpg","width":2000,"height":2000},{"@type":"BreadcrumbList","@id":"https:\/\/nordlinepaadid.ee\/et\/pood\/marine-electronics-ru\/ru-vhf-handhelds\/vhf-kasiraadio-icom-ic-m73e\/#breadcrumb","itemListElement":[{"@type":"ListItem","position":1,"name":"Home","item":"https:\/\/nordlinepaadid.ee\/et\/"},{"@type":"ListItem","position":2,"name":"Pood","item":"https:\/\/nordlinepaadid.ee\/et\/pood\/"},{"@type":"ListItem","position":3,"name":"VHF K\u00c4SIRAADIO- ICOM IC-M73E"}]},{"@type":"WebSite","@id":"https:\/\/nordlinepaadid.ee\/et\/#website","url":"https:\/\/nordlinepaadid.ee\/et\/","name":"NORDLINE s\u00f5udepaadid ja mootorpaadid. Klaasfiiber materjalist.","description":"","publisher":{"@id":"https:\/\/nordlinepaadid.ee\/et\/#organization"},"potentialAction":[{"@type":"SearchAction","target":{"@type":"EntryPoint","urlTemplate":"https:\/\/nordlinepaadid.ee\/et\/?s={search_term_string}"},"query-input":{"@type":"PropertyValueSpecification","valueRequired":true,"valueName":"search_term_string"}}],"inLanguage":"et"},{"@type":"Organization","@id":"https:\/\/nordlinepaadid.ee\/et\/#organization","name":"Nordlineboats","url":"https:\/\/nordlinepaadid.ee\/et\/","logo":{"@type":"ImageObject","inLanguage":"et","@id":"https:\/\/nordlinepaadid.ee\/et\/#\/schema\/logo\/image\/","url":"https:\/\/nordlinepaadid.ee\/wp-content\/uploads\/2023\/01\/fulllogo_transparent_nobuffer-e1672750475494.png","contentUrl":"https:\/\/nordlinepaadid.ee\/wp-content\/uploads\/2023\/01\/fulllogo_transparent_nobuffer-e1672750475494.png","width":150,"height":119,"caption":"Nordlineboats"},"image":{"@id":"https:\/\/nordlinepaadid.ee\/et\/#\/schema\/logo\/image\/"},"sameAs":["https:\/\/www.facebook.com\/nordlineboats","https:\/\/www.youtube.com\/channel\/UCbgF0fy02y3QkFnujaLTaCA"]}]}},"taxonomy_info":{"product_cat":[{"value":352,"label":"MEREELEKTROONIKA"},{"value":336,"label":"VHF Raadiosaatjad, AIS Seadmed"},{"value":885,"label":"\u0420\u0430\u0446\u0438\u0438 \u0438 \u0440\u0430\u0434\u0438\u043e\u0441\u0442\u0430\u043d\u0446\u0438\u0438, AIS \u0421\u0438\u0441\u0442\u0435\u043c\u044b"}],"pa_color":[{"value":684,"label":"Must"}],"pa_producer":[{"value":600,"label":"Icom"}],"pa_unit":[{"value":416,"label":"pcs"}]},"featured_image_src_large":["https:\/\/nordlinepaadid.ee\/wp-content\/uploads\/2023\/03\/7033_1-1024x1024.jpg",1024,1024,true],"author_info":[],"comment_info":"","_links":{"self":[{"href":"https:\/\/nordlinepaadid.ee\/et\/wp-json\/wp\/v2\/product\/59880","targetHints":{"allow":["GET"]}}],"collection":[{"href":"https:\/\/nordlinepaadid.ee\/et\/wp-json\/wp\/v2\/product"}],"about":[{"href":"https:\/\/nordlinepaadid.ee\/et\/wp-json\/wp\/v2\/types\/product"}],"wp:featuredmedia":[{"embeddable":true,"href":"https:\/\/nordlinepaadid.ee\/et\/wp-json\/wp\/v2\/media\/25500"}],"wp:attachment":[{"href":"https:\/\/nordlinepaadid.ee\/et\/wp-json\/wp\/v2\/media?parent=59880"}],"wp:term":[{"taxonomy":"product_brand","embeddable":true,"href":"https:\/\/nordlinepaadid.ee\/et\/wp-json\/wp\/v2\/product_brand?post=59880"},{"taxonomy":"product_cat","embeddable":true,"href":"https:\/\/nordlinepaadid.ee\/et\/wp-json\/wp\/v2\/product_cat?post=59880"},{"taxonomy":"product_tag","embeddable":true,"href":"https:\/\/nordlinepaadid.ee\/et\/wp-json\/wp\/v2\/product_tag?post=59880"}],"curies":[{"name":"wp","href":"https:\/\/api.w.org\/{rel}","templated":true}]}}