{"id":59881,"date":"2026-04-17T17:19:58","date_gmt":"2026-04-17T14:19:58","guid":{"rendered":"https:\/\/nordlinepaadid.ee\/pood\/maaratlemata\/vhf-kasiraadio-icom-ic-m94d\/"},"modified":"2026-04-20T14:05:59","modified_gmt":"2026-04-20T11:05:59","slug":"vhf-kasiraadio-icom-ic-m94d","status":"publish","type":"product","link":"https:\/\/nordlinepaadid.ee\/et\/pood\/marine-electronics-ru\/ru-vhf-handhelds\/vhf-kasiraadio-icom-ic-m94d\/","title":{"rendered":"VHF K\u00c4SIRAADIO- ICOM IC-M94D"},"content":{"rendered":"<p>IC-M94D Euro DSC\/GPS k\u00e4siraadiojaam on populaarse IC-M93D t\u00e4iustatud asendaja. Sisseehitatud GPS ja DSC funktsioon. 2,3-tollise suure n\u00e4htavusega LCD-ekraan on kergelt loetav ka otsese p\u00e4ikesevalguse k\u00e4es. Komplekti kuulub sisseehitatud globaalne positsioneerimiss\u00fcsteem (GPS), kuhu saate lisada kuni 50 teekonnapunkti. Sellel on ka MOB-funktsioon. Seade on ujuv, vette kukkudes vilguvad tuled, et seda leida.<\/p>\n<p><strong>Omadused: <\/strong><\/p>\n<p>&#13;<br \/>\n&#13;<\/p>\n<ul>&#13;<\/p>\n<li>2,3-tolline suur, h\u00e4sti loetav LCD-ekraan<\/li>\n<p>&#13;<\/p>\n<li>Float\u2019n Flash ja MOB (man over board) funktsioon<\/li>\n<p>&#13;<\/p>\n<li>Aktiivne m\u00fcrasummutamise tehnoloogia<\/li>\n<p>&#13;<\/p>\n<li>Integreeritud GNSS-vastuv\u00f5tja<\/li>\n<p>&#13;<\/p>\n<li>IPX7 veekindlus (1m s\u00fcgavusel vees 30 minutit)<\/li>\n<p>&#13;<\/p>\n<li>Navigeerimisfunktsioon asukohast m\u00e4\u00e4ratud teekonnapunkti 50 teekonnapunkti m\u00e4lu navigeerimiseks<\/li>\n<p>&#13;<\/p>\n<li>Dual \/ Tri-watch funktsioon kanal 16 ja\/v\u00f5i k\u00f5nekanali j\u00e4lgimiseks<\/li>\n<p>&#13;<\/p>\n<li>Aku indikaator Lemmikkanali funktsioon<\/li>\n<p>&#13;<\/p>\n<li>Aqua Quake vee eemaldus funktsioon<\/li>\n<p>&#13;\n<\/ul>\n<p>&#13;<br \/>\n&#13;<\/p>\n<p>&nbsp;<\/p>\n<p>&#13;<br \/>\n&#13;<\/p>\n<p>&nbsp;<\/p>\n<p>&#13;<\/p>\n","protected":false},"excerpt":{"rendered":"<p>IC-M94D Euro DSC\/GPS k\u00e4siraadiojaam on populaarse IC-M93D t\u00e4iustatud asendaja. Sisseehitatud GPS ja DSC funktsioon. 2,3-tollise suure n\u00e4htavusega LCD-ekraan on kergelt loetav ka otsese p\u00e4ikesevalguse k\u00e4es. Komplekti kuulub sisseehitatud globaalne positsioneerimiss\u00fcsteem (GPS), kuhu saate lisada kuni 50 teekonnapunkti. Sellel on ka MOB-funktsioon. Seade on ujuv, vette kukkudes vilguvad tuled, et seda leida. Omadused: &#13; &#13; &#13;&#8230;<\/p>\n","protected":false},"featured_media":39542,"template":"","meta":{"_kad_blocks_custom_css":"","_kad_blocks_head_custom_js":"","_kad_blocks_body_custom_js":"","_kad_blocks_footer_custom_js":"","_kad_post_transparent":"","_kad_post_title":"","_kad_post_layout":"","_kad_post_sidebar_id":"","_kad_post_content_style":"","_kad_post_vertical_padding":"","_kad_post_feature":"","_kad_post_feature_position":"","_kad_post_header":false,"_kad_post_footer":false,"_kad_post_classname":""},"product_brand":[],"product_cat":[352,336,885],"product_tag":[],"class_list":{"0":"post-59881","1":"product","2":"type-product","3":"status-publish","4":"has-post-thumbnail","6":"product_cat-mereelektroonika","7":"product_cat-vhf-raadiosaatjad","8":"product_cat-ru-vhf-handhelds","9":"pa_color-must","10":"pa_producer-icom","11":"pa_unit-pcs","12":"tm-no-options","14":"first","15":"onbackorder","16":"taxable","17":"shipping-taxable","18":"purchasable","19":"product-type-simple","20":"entry","21":"content-bg","22":"loop-entry"},"yoast_head":"<!-- This site is optimized with the Yoast SEO plugin v27.4 - https:\/\/yoast.com\/product\/yoast-seo-wordpress\/ -->\n<title>VHF K\u00c4SIRAADIO- ICOM IC-M94D - NORDLINE s\u00f5udepaadid ja mootorpaadid. Klaasfiiber materjalist.<\/title>\n<meta name=\"robots\" content=\"index, follow, max-snippet:-1, max-image-preview:large, max-video-preview:-1\" \/>\n<link rel=\"canonical\" href=\"https:\/\/nordlinepaadid.ee\/et\/pood\/marine-electronics-ru\/ru-vhf-handhelds\/vhf-kasiraadio-icom-ic-m94d\/\" \/>\n<meta property=\"og:locale\" content=\"et_EE\" \/>\n<meta property=\"og:type\" content=\"article\" \/>\n<meta property=\"og:title\" content=\"VHF K\u00c4SIRAADIO- ICOM IC-M94D - NORDLINE s\u00f5udepaadid ja mootorpaadid. Klaasfiiber materjalist.\" \/>\n<meta property=\"og:description\" content=\"IC-M94D Euro DSC\/GPS k\u00e4siraadiojaam on populaarse IC-M93D t\u00e4iustatud asendaja. Sisseehitatud GPS ja DSC funktsioon. 2,3-tollise suure n\u00e4htavusega LCD-ekraan on kergelt loetav ka otsese p\u00e4ikesevalguse k\u00e4es. Komplekti kuulub sisseehitatud globaalne positsioneerimiss\u00fcsteem (GPS), kuhu saate lisada kuni 50 teekonnapunkti. Sellel on ka MOB-funktsioon. Seade on ujuv, vette kukkudes vilguvad tuled, et seda leida. Omadused: &#013; &#013; &#013;...\" \/>\n<meta property=\"og:url\" content=\"https:\/\/nordlinepaadid.ee\/et\/pood\/marine-electronics-ru\/ru-vhf-handhelds\/vhf-kasiraadio-icom-ic-m94d\/\" \/>\n<meta property=\"og:site_name\" content=\"NORDLINE s\u00f5udepaadid ja mootorpaadid. Klaasfiiber materjalist.\" \/>\n<meta property=\"article:publisher\" content=\"https:\/\/www.facebook.com\/nordlineboats\" \/>\n<meta property=\"article:modified_time\" content=\"2026-04-20T11:05:59+00:00\" \/>\n<meta property=\"og:image\" content=\"https:\/\/nordlinepaadid.ee\/wp-content\/uploads\/2023\/11\/7036_20201030154758_84815.png\" \/>\n\t<meta property=\"og:image:width\" content=\"1500\" \/>\n\t<meta property=\"og:image:height\" content=\"1500\" \/>\n\t<meta property=\"og:image:type\" content=\"image\/png\" \/>\n<meta name=\"twitter:card\" content=\"summary_large_image\" \/>\n<meta name=\"twitter:label1\" content=\"Est. reading time\" \/>\n\t<meta name=\"twitter:data1\" content=\"1 minut\" \/>\n<script type=\"application\/ld+json\" class=\"yoast-schema-graph\">{\"@context\":\"https:\\\/\\\/schema.org\",\"@graph\":[{\"@type\":\"WebPage\",\"@id\":\"https:\\\/\\\/nordlinepaadid.ee\\\/et\\\/pood\\\/marine-electronics-ru\\\/ru-vhf-handhelds\\\/vhf-kasiraadio-icom-ic-m94d\\\/\",\"url\":\"https:\\\/\\\/nordlinepaadid.ee\\\/et\\\/pood\\\/marine-electronics-ru\\\/ru-vhf-handhelds\\\/vhf-kasiraadio-icom-ic-m94d\\\/\",\"name\":\"VHF K\u00c4SIRAADIO- ICOM IC-M94D - NORDLINE s\u00f5udepaadid ja mootorpaadid. Klaasfiiber materjalist.\",\"isPartOf\":{\"@id\":\"https:\\\/\\\/nordlinepaadid.ee\\\/et\\\/#website\"},\"primaryImageOfPage\":{\"@id\":\"https:\\\/\\\/nordlinepaadid.ee\\\/et\\\/pood\\\/marine-electronics-ru\\\/ru-vhf-handhelds\\\/vhf-kasiraadio-icom-ic-m94d\\\/#primaryimage\"},\"image\":{\"@id\":\"https:\\\/\\\/nordlinepaadid.ee\\\/et\\\/pood\\\/marine-electronics-ru\\\/ru-vhf-handhelds\\\/vhf-kasiraadio-icom-ic-m94d\\\/#primaryimage\"},\"thumbnailUrl\":\"https:\\\/\\\/nordlinepaadid.ee\\\/wp-content\\\/uploads\\\/2023\\\/11\\\/7036_20201030154758_84815.png\",\"datePublished\":\"2026-04-17T14:19:58+00:00\",\"dateModified\":\"2026-04-20T11:05:59+00:00\",\"breadcrumb\":{\"@id\":\"https:\\\/\\\/nordlinepaadid.ee\\\/et\\\/pood\\\/marine-electronics-ru\\\/ru-vhf-handhelds\\\/vhf-kasiraadio-icom-ic-m94d\\\/#breadcrumb\"},\"inLanguage\":\"et\",\"potentialAction\":[{\"@type\":\"ReadAction\",\"target\":[\"https:\\\/\\\/nordlinepaadid.ee\\\/et\\\/pood\\\/marine-electronics-ru\\\/ru-vhf-handhelds\\\/vhf-kasiraadio-icom-ic-m94d\\\/\"]}]},{\"@type\":\"ImageObject\",\"inLanguage\":\"et\",\"@id\":\"https:\\\/\\\/nordlinepaadid.ee\\\/et\\\/pood\\\/marine-electronics-ru\\\/ru-vhf-handhelds\\\/vhf-kasiraadio-icom-ic-m94d\\\/#primaryimage\",\"url\":\"https:\\\/\\\/nordlinepaadid.ee\\\/wp-content\\\/uploads\\\/2023\\\/11\\\/7036_20201030154758_84815.png\",\"contentUrl\":\"https:\\\/\\\/nordlinepaadid.ee\\\/wp-content\\\/uploads\\\/2023\\\/11\\\/7036_20201030154758_84815.png\",\"width\":1500,\"height\":1500},{\"@type\":\"BreadcrumbList\",\"@id\":\"https:\\\/\\\/nordlinepaadid.ee\\\/et\\\/pood\\\/marine-electronics-ru\\\/ru-vhf-handhelds\\\/vhf-kasiraadio-icom-ic-m94d\\\/#breadcrumb\",\"itemListElement\":[{\"@type\":\"ListItem\",\"position\":1,\"name\":\"Home\",\"item\":\"https:\\\/\\\/nordlinepaadid.ee\\\/et\\\/\"},{\"@type\":\"ListItem\",\"position\":2,\"name\":\"Pood\",\"item\":\"https:\\\/\\\/nordlinepaadid.ee\\\/et\\\/pood\\\/\"},{\"@type\":\"ListItem\",\"position\":3,\"name\":\"VHF K\u00c4SIRAADIO- ICOM IC-M94D\"}]},{\"@type\":\"WebSite\",\"@id\":\"https:\\\/\\\/nordlinepaadid.ee\\\/et\\\/#website\",\"url\":\"https:\\\/\\\/nordlinepaadid.ee\\\/et\\\/\",\"name\":\"NORDLINE s\u00f5udepaadid ja mootorpaadid. Klaasfiiber materjalist.\",\"description\":\"\",\"publisher\":{\"@id\":\"https:\\\/\\\/nordlinepaadid.ee\\\/et\\\/#organization\"},\"potentialAction\":[{\"@type\":\"SearchAction\",\"target\":{\"@type\":\"EntryPoint\",\"urlTemplate\":\"https:\\\/\\\/nordlinepaadid.ee\\\/et\\\/?s={search_term_string}\"},\"query-input\":{\"@type\":\"PropertyValueSpecification\",\"valueRequired\":true,\"valueName\":\"search_term_string\"}}],\"inLanguage\":\"et\"},{\"@type\":\"Organization\",\"@id\":\"https:\\\/\\\/nordlinepaadid.ee\\\/et\\\/#organization\",\"name\":\"Nordlineboats\",\"url\":\"https:\\\/\\\/nordlinepaadid.ee\\\/et\\\/\",\"logo\":{\"@type\":\"ImageObject\",\"inLanguage\":\"et\",\"@id\":\"https:\\\/\\\/nordlinepaadid.ee\\\/et\\\/#\\\/schema\\\/logo\\\/image\\\/\",\"url\":\"https:\\\/\\\/nordlinepaadid.ee\\\/wp-content\\\/uploads\\\/2023\\\/01\\\/fulllogo_transparent_nobuffer-e1672750475494.png\",\"contentUrl\":\"https:\\\/\\\/nordlinepaadid.ee\\\/wp-content\\\/uploads\\\/2023\\\/01\\\/fulllogo_transparent_nobuffer-e1672750475494.png\",\"width\":150,\"height\":119,\"caption\":\"Nordlineboats\"},\"image\":{\"@id\":\"https:\\\/\\\/nordlinepaadid.ee\\\/et\\\/#\\\/schema\\\/logo\\\/image\\\/\"},\"sameAs\":[\"https:\\\/\\\/www.facebook.com\\\/nordlineboats\",\"https:\\\/\\\/www.youtube.com\\\/channel\\\/UCbgF0fy02y3QkFnujaLTaCA\"]}]}<\/script>\n<!-- \/ Yoast SEO plugin. -->","yoast_head_json":{"title":"VHF K\u00c4SIRAADIO- ICOM IC-M94D - NORDLINE s\u00f5udepaadid ja mootorpaadid. Klaasfiiber materjalist.","robots":{"index":"index","follow":"follow","max-snippet":"max-snippet:-1","max-image-preview":"max-image-preview:large","max-video-preview":"max-video-preview:-1"},"canonical":"https:\/\/nordlinepaadid.ee\/et\/pood\/marine-electronics-ru\/ru-vhf-handhelds\/vhf-kasiraadio-icom-ic-m94d\/","og_locale":"et_EE","og_type":"article","og_title":"VHF K\u00c4SIRAADIO- ICOM IC-M94D - NORDLINE s\u00f5udepaadid ja mootorpaadid. Klaasfiiber materjalist.","og_description":"IC-M94D Euro DSC\/GPS k\u00e4siraadiojaam on populaarse IC-M93D t\u00e4iustatud asendaja. Sisseehitatud GPS ja DSC funktsioon. 2,3-tollise suure n\u00e4htavusega LCD-ekraan on kergelt loetav ka otsese p\u00e4ikesevalguse k\u00e4es. Komplekti kuulub sisseehitatud globaalne positsioneerimiss\u00fcsteem (GPS), kuhu saate lisada kuni 50 teekonnapunkti. Sellel on ka MOB-funktsioon. Seade on ujuv, vette kukkudes vilguvad tuled, et seda leida. Omadused: &#13; &#13; &#13;...","og_url":"https:\/\/nordlinepaadid.ee\/et\/pood\/marine-electronics-ru\/ru-vhf-handhelds\/vhf-kasiraadio-icom-ic-m94d\/","og_site_name":"NORDLINE s\u00f5udepaadid ja mootorpaadid. Klaasfiiber materjalist.","article_publisher":"https:\/\/www.facebook.com\/nordlineboats","article_modified_time":"2026-04-20T11:05:59+00:00","og_image":[{"width":1500,"height":1500,"url":"https:\/\/nordlinepaadid.ee\/wp-content\/uploads\/2023\/11\/7036_20201030154758_84815.png","type":"image\/png"}],"twitter_card":"summary_large_image","twitter_misc":{"Est. reading time":"1 minut"},"schema":{"@context":"https:\/\/schema.org","@graph":[{"@type":"WebPage","@id":"https:\/\/nordlinepaadid.ee\/et\/pood\/marine-electronics-ru\/ru-vhf-handhelds\/vhf-kasiraadio-icom-ic-m94d\/","url":"https:\/\/nordlinepaadid.ee\/et\/pood\/marine-electronics-ru\/ru-vhf-handhelds\/vhf-kasiraadio-icom-ic-m94d\/","name":"VHF K\u00c4SIRAADIO- ICOM IC-M94D - NORDLINE s\u00f5udepaadid ja mootorpaadid. Klaasfiiber materjalist.","isPartOf":{"@id":"https:\/\/nordlinepaadid.ee\/et\/#website"},"primaryImageOfPage":{"@id":"https:\/\/nordlinepaadid.ee\/et\/pood\/marine-electronics-ru\/ru-vhf-handhelds\/vhf-kasiraadio-icom-ic-m94d\/#primaryimage"},"image":{"@id":"https:\/\/nordlinepaadid.ee\/et\/pood\/marine-electronics-ru\/ru-vhf-handhelds\/vhf-kasiraadio-icom-ic-m94d\/#primaryimage"},"thumbnailUrl":"https:\/\/nordlinepaadid.ee\/wp-content\/uploads\/2023\/11\/7036_20201030154758_84815.png","datePublished":"2026-04-17T14:19:58+00:00","dateModified":"2026-04-20T11:05:59+00:00","breadcrumb":{"@id":"https:\/\/nordlinepaadid.ee\/et\/pood\/marine-electronics-ru\/ru-vhf-handhelds\/vhf-kasiraadio-icom-ic-m94d\/#breadcrumb"},"inLanguage":"et","potentialAction":[{"@type":"ReadAction","target":["https:\/\/nordlinepaadid.ee\/et\/pood\/marine-electronics-ru\/ru-vhf-handhelds\/vhf-kasiraadio-icom-ic-m94d\/"]}]},{"@type":"ImageObject","inLanguage":"et","@id":"https:\/\/nordlinepaadid.ee\/et\/pood\/marine-electronics-ru\/ru-vhf-handhelds\/vhf-kasiraadio-icom-ic-m94d\/#primaryimage","url":"https:\/\/nordlinepaadid.ee\/wp-content\/uploads\/2023\/11\/7036_20201030154758_84815.png","contentUrl":"https:\/\/nordlinepaadid.ee\/wp-content\/uploads\/2023\/11\/7036_20201030154758_84815.png","width":1500,"height":1500},{"@type":"BreadcrumbList","@id":"https:\/\/nordlinepaadid.ee\/et\/pood\/marine-electronics-ru\/ru-vhf-handhelds\/vhf-kasiraadio-icom-ic-m94d\/#breadcrumb","itemListElement":[{"@type":"ListItem","position":1,"name":"Home","item":"https:\/\/nordlinepaadid.ee\/et\/"},{"@type":"ListItem","position":2,"name":"Pood","item":"https:\/\/nordlinepaadid.ee\/et\/pood\/"},{"@type":"ListItem","position":3,"name":"VHF K\u00c4SIRAADIO- ICOM IC-M94D"}]},{"@type":"WebSite","@id":"https:\/\/nordlinepaadid.ee\/et\/#website","url":"https:\/\/nordlinepaadid.ee\/et\/","name":"NORDLINE s\u00f5udepaadid ja mootorpaadid. Klaasfiiber materjalist.","description":"","publisher":{"@id":"https:\/\/nordlinepaadid.ee\/et\/#organization"},"potentialAction":[{"@type":"SearchAction","target":{"@type":"EntryPoint","urlTemplate":"https:\/\/nordlinepaadid.ee\/et\/?s={search_term_string}"},"query-input":{"@type":"PropertyValueSpecification","valueRequired":true,"valueName":"search_term_string"}}],"inLanguage":"et"},{"@type":"Organization","@id":"https:\/\/nordlinepaadid.ee\/et\/#organization","name":"Nordlineboats","url":"https:\/\/nordlinepaadid.ee\/et\/","logo":{"@type":"ImageObject","inLanguage":"et","@id":"https:\/\/nordlinepaadid.ee\/et\/#\/schema\/logo\/image\/","url":"https:\/\/nordlinepaadid.ee\/wp-content\/uploads\/2023\/01\/fulllogo_transparent_nobuffer-e1672750475494.png","contentUrl":"https:\/\/nordlinepaadid.ee\/wp-content\/uploads\/2023\/01\/fulllogo_transparent_nobuffer-e1672750475494.png","width":150,"height":119,"caption":"Nordlineboats"},"image":{"@id":"https:\/\/nordlinepaadid.ee\/et\/#\/schema\/logo\/image\/"},"sameAs":["https:\/\/www.facebook.com\/nordlineboats","https:\/\/www.youtube.com\/channel\/UCbgF0fy02y3QkFnujaLTaCA"]}]}},"taxonomy_info":{"product_cat":[{"value":352,"label":"MEREELEKTROONIKA"},{"value":336,"label":"VHF Raadiosaatjad, AIS Seadmed"},{"value":885,"label":"\u0420\u0430\u0446\u0438\u0438 \u0438 \u0440\u0430\u0434\u0438\u043e\u0441\u0442\u0430\u043d\u0446\u0438\u0438, AIS \u0421\u0438\u0441\u0442\u0435\u043c\u044b"}],"pa_color":[{"value":684,"label":"Must"}],"pa_producer":[{"value":600,"label":"Icom"}],"pa_unit":[{"value":416,"label":"pcs"}]},"featured_image_src_large":["https:\/\/nordlinepaadid.ee\/wp-content\/uploads\/2023\/11\/7036_20201030154758_84815-1024x1024.png",1024,1024,true],"author_info":[],"comment_info":"","_links":{"self":[{"href":"https:\/\/nordlinepaadid.ee\/et\/wp-json\/wp\/v2\/product\/59881","targetHints":{"allow":["GET"]}}],"collection":[{"href":"https:\/\/nordlinepaadid.ee\/et\/wp-json\/wp\/v2\/product"}],"about":[{"href":"https:\/\/nordlinepaadid.ee\/et\/wp-json\/wp\/v2\/types\/product"}],"wp:featuredmedia":[{"embeddable":true,"href":"https:\/\/nordlinepaadid.ee\/et\/wp-json\/wp\/v2\/media\/39542"}],"wp:attachment":[{"href":"https:\/\/nordlinepaadid.ee\/et\/wp-json\/wp\/v2\/media?parent=59881"}],"wp:term":[{"taxonomy":"product_brand","embeddable":true,"href":"https:\/\/nordlinepaadid.ee\/et\/wp-json\/wp\/v2\/product_brand?post=59881"},{"taxonomy":"product_cat","embeddable":true,"href":"https:\/\/nordlinepaadid.ee\/et\/wp-json\/wp\/v2\/product_cat?post=59881"},{"taxonomy":"product_tag","embeddable":true,"href":"https:\/\/nordlinepaadid.ee\/et\/wp-json\/wp\/v2\/product_tag?post=59881"}],"curies":[{"name":"wp","href":"https:\/\/api.w.org\/{rel}","templated":true}]}}