{"id":59882,"date":"2026-04-17T17:20:02","date_gmt":"2026-04-17T14:20:02","guid":{"rendered":"https:\/\/nordlinepaadid.ee\/pood\/maaratlemata\/gdmss-vhf-kasiraadio-icom-ic-gm1600e\/"},"modified":"2026-04-20T10:05:41","modified_gmt":"2026-04-20T07:05:41","slug":"gdmss-vhf-kasiraadio-icom-ic-gm1600e","status":"publish","type":"product","link":"https:\/\/nordlinepaadid.ee\/et\/pood\/marine-electronics-ru\/ru-vhf-handhelds\/gdmss-vhf-kasiraadio-icom-ic-gm1600e\/","title":{"rendered":"GDMSS VHF K\u00c4SIRAADIO- ICOM IC-GM1600E"},"content":{"rendered":"<p>2-suunaline GMDSS mere k\u00e4siraadio IC-GM1600E on loodud kasutamiseks GMDSS n\u00f5uetele vastavatel p\u00e4\u00e4stepaatidel ja -parvedel. Raadio on loodud vastu pidama ja toimima tavalistest ekstreemsemates keskkonnatingimustes. Vastavus GMDSS p\u00e4\u00e4stepaatide ja -parvede raadioside n\u00f5uetele tagab lisaaku BP-234 (m\u00fc\u00fcakse eraldi) olemasolu .Sel juhul omab k\u00e4siraadio ka MED-sertifikaati ning vastab SOLAS standarditele.<\/p>\n<p>&#13;<\/p>\n<p>&nbsp;<\/p>\n<p>&#13;<br \/>\n&#13;<\/p>\n<p><strong>Tugev, veekindel konstruktsioon<\/strong><\/p>\n<p>&#13;<br \/>\n&#13;<\/p>\n<p>IC-GM1600E on veekindel vastavalt IP-X7 spetsifikatsioonidele.<\/p>\n<p>&#13;<br \/>\n&#13;<\/p>\n<p><strong>\u201eKiire vee eemaldamise\u201d funktsioon<\/strong><\/p>\n<p>&#13;<br \/>\n&#13;<\/p>\n<p>Eemaldab k\u00f5laris\u00fcsteemist kiiresti vee, tagades terava ja selge sidepidamise ka k\u00f5ige halvemates tingimustes.&nbsp;<\/p>\n<p>&#13;<br \/>\n&#13;<\/p>\n<p><strong>Lainurk LCD-ekraan<\/strong><\/p>\n<p>&#13;<br \/>\n&#13;<\/p>\n<p>IC-GM1600E LCD-ekraan pakub suure kontrastsuse ja laia nurgaga loetavust . 4 erinevat kontrastsuse ja 3 erinevat taustvalgustuse taset.<\/p>\n<p>&#13;<br \/>\n&#13;<\/p>\n<p>LED-indikaatorid v\u00f5imaldavad lihtsat raadio leidmist igat t\u00fc\u00fcpi ilmastiku ja valgustingimustes.<\/p>\n<p>&#13;<br \/>\n&#13;<\/p>\n<p><strong>Lihtne k\u00e4sitleda<\/strong><\/p>\n<p>&#13;<br \/>\n&#13;<\/p>\n<p>Lihtne k\u00e4sitleda isegi kogemuseta kasutajal. Raadio tagapaneelile on tr\u00fckitud kasutusjuhend. K\u00f5iki toiminguid saab teha \u00fche k\u00e4ega.<\/p>\n<p>&#13;<br \/>\n&#13;<\/p>\n<p>Seadmel on suured k\u00f5rged nupud, mis tagavad lihtsa kasutamise ka kindaid kandes.<\/p>\n<p>&#13;<br \/>\n&#13;<\/p>\n<p><strong>Selgelt n\u00e4htav kollase v\u00e4rvusega korpus<\/strong><\/p>\n<p>&#13;<br \/>\n&#13;<\/p>\n<p>IC-GM1600E erksav\u00e4rvilistest pol\u00fcmeridest valmistatud p\u00f5rutuskindel korpus tagab raadio kerge leitavuse p\u00e4\u00e4stekotist, p\u00e4\u00e4steparvest jne.<\/p>\n<p>&#13;<br \/>\n&#13;<\/p>\n<p>&nbsp;<\/p>\n<p>&#13;<br \/>\n&#13;<\/p>\n<p><strong><a href=\"http:\/\/www.icom.co.jp\/world\/products\/marine\/handheld\/ic-gm1600e\/spec.html\">Tehnilised andmed<\/a><\/strong><\/p>\n<p>&#13;<\/p>\n","protected":false},"excerpt":{"rendered":"<p>2-suunaline GMDSS mere k\u00e4siraadio IC-GM1600E on loodud kasutamiseks GMDSS n\u00f5uetele vastavatel p\u00e4\u00e4stepaatidel ja -parvedel. Raadio on loodud vastu pidama ja toimima tavalistest ekstreemsemates keskkonnatingimustes. Vastavus GMDSS p\u00e4\u00e4stepaatide ja -parvede raadioside n\u00f5uetele tagab lisaaku BP-234 (m\u00fc\u00fcakse eraldi) olemasolu .Sel juhul omab k\u00e4siraadio ka MED-sertifikaati ning vastab SOLAS standarditele. &#13; &nbsp; &#13; &#13; Tugev, veekindel konstruktsioon &#13;&#8230;<\/p>\n","protected":false},"featured_media":25520,"template":"","meta":{"_kad_blocks_custom_css":"","_kad_blocks_head_custom_js":"","_kad_blocks_body_custom_js":"","_kad_blocks_footer_custom_js":"","_kad_post_transparent":"","_kad_post_title":"","_kad_post_layout":"","_kad_post_sidebar_id":"","_kad_post_content_style":"","_kad_post_vertical_padding":"","_kad_post_feature":"","_kad_post_feature_position":"","_kad_post_header":false,"_kad_post_footer":false,"_kad_post_classname":""},"product_brand":[],"product_cat":[352,336,885],"product_tag":[],"class_list":{"0":"post-59882","1":"product","2":"type-product","3":"status-publish","4":"has-post-thumbnail","6":"product_cat-mereelektroonika","7":"product_cat-vhf-raadiosaatjad","8":"product_cat-ru-vhf-handhelds","9":"pa_color-kollane","10":"pa_producer-icom","11":"pa_unit-pcs","12":"tm-no-options","14":"first","15":"onbackorder","16":"taxable","17":"shipping-taxable","18":"purchasable","19":"product-type-simple","20":"entry","21":"content-bg","22":"loop-entry"},"yoast_head":"<!-- This site is optimized with the Yoast SEO plugin v27.4 - https:\/\/yoast.com\/product\/yoast-seo-wordpress\/ -->\n<title>GDMSS VHF K\u00c4SIRAADIO- ICOM IC-GM1600E - NORDLINE s\u00f5udepaadid ja mootorpaadid. Klaasfiiber materjalist.<\/title>\n<meta name=\"robots\" content=\"index, follow, max-snippet:-1, max-image-preview:large, max-video-preview:-1\" \/>\n<link rel=\"canonical\" href=\"https:\/\/nordlinepaadid.ee\/et\/pood\/marine-electronics-ru\/ru-vhf-handhelds\/gdmss-vhf-kasiraadio-icom-ic-gm1600e\/\" \/>\n<meta property=\"og:locale\" content=\"et_EE\" \/>\n<meta property=\"og:type\" content=\"article\" \/>\n<meta property=\"og:title\" content=\"GDMSS VHF K\u00c4SIRAADIO- ICOM IC-GM1600E - NORDLINE s\u00f5udepaadid ja mootorpaadid. Klaasfiiber materjalist.\" \/>\n<meta property=\"og:description\" content=\"2-suunaline GMDSS mere k\u00e4siraadio IC-GM1600E on loodud kasutamiseks GMDSS n\u00f5uetele vastavatel p\u00e4\u00e4stepaatidel ja -parvedel. Raadio on loodud vastu pidama ja toimima tavalistest ekstreemsemates keskkonnatingimustes. Vastavus GMDSS p\u00e4\u00e4stepaatide ja -parvede raadioside n\u00f5uetele tagab lisaaku BP-234 (m\u00fc\u00fcakse eraldi) olemasolu .Sel juhul omab k\u00e4siraadio ka MED-sertifikaati ning vastab SOLAS standarditele. &#013; &nbsp; &#013; &#013; Tugev, veekindel konstruktsioon &#013;...\" \/>\n<meta property=\"og:url\" content=\"https:\/\/nordlinepaadid.ee\/et\/pood\/marine-electronics-ru\/ru-vhf-handhelds\/gdmss-vhf-kasiraadio-icom-ic-gm1600e\/\" \/>\n<meta property=\"og:site_name\" content=\"NORDLINE s\u00f5udepaadid ja mootorpaadid. Klaasfiiber materjalist.\" \/>\n<meta property=\"article:publisher\" content=\"https:\/\/www.facebook.com\/nordlineboats\" \/>\n<meta property=\"article:modified_time\" content=\"2026-04-20T07:05:41+00:00\" \/>\n<meta property=\"og:image\" content=\"https:\/\/nordlinepaadid.ee\/wp-content\/uploads\/2023\/03\/7042_1.jpg\" \/>\n\t<meta property=\"og:image:width\" content=\"2000\" \/>\n\t<meta property=\"og:image:height\" content=\"2000\" \/>\n\t<meta property=\"og:image:type\" content=\"image\/jpeg\" \/>\n<meta name=\"twitter:card\" content=\"summary_large_image\" \/>\n<meta name=\"twitter:label1\" content=\"Est. reading time\" \/>\n\t<meta name=\"twitter:data1\" content=\"1 minut\" \/>\n<script type=\"application\/ld+json\" class=\"yoast-schema-graph\">{\"@context\":\"https:\\\/\\\/schema.org\",\"@graph\":[{\"@type\":\"WebPage\",\"@id\":\"https:\\\/\\\/nordlinepaadid.ee\\\/et\\\/pood\\\/marine-electronics-ru\\\/ru-vhf-handhelds\\\/gdmss-vhf-kasiraadio-icom-ic-gm1600e\\\/\",\"url\":\"https:\\\/\\\/nordlinepaadid.ee\\\/et\\\/pood\\\/marine-electronics-ru\\\/ru-vhf-handhelds\\\/gdmss-vhf-kasiraadio-icom-ic-gm1600e\\\/\",\"name\":\"GDMSS VHF K\u00c4SIRAADIO- ICOM IC-GM1600E - NORDLINE s\u00f5udepaadid ja mootorpaadid. Klaasfiiber materjalist.\",\"isPartOf\":{\"@id\":\"https:\\\/\\\/nordlinepaadid.ee\\\/et\\\/#website\"},\"primaryImageOfPage\":{\"@id\":\"https:\\\/\\\/nordlinepaadid.ee\\\/et\\\/pood\\\/marine-electronics-ru\\\/ru-vhf-handhelds\\\/gdmss-vhf-kasiraadio-icom-ic-gm1600e\\\/#primaryimage\"},\"image\":{\"@id\":\"https:\\\/\\\/nordlinepaadid.ee\\\/et\\\/pood\\\/marine-electronics-ru\\\/ru-vhf-handhelds\\\/gdmss-vhf-kasiraadio-icom-ic-gm1600e\\\/#primaryimage\"},\"thumbnailUrl\":\"https:\\\/\\\/nordlinepaadid.ee\\\/wp-content\\\/uploads\\\/2023\\\/03\\\/7042_1.jpg\",\"datePublished\":\"2026-04-17T14:20:02+00:00\",\"dateModified\":\"2026-04-20T07:05:41+00:00\",\"breadcrumb\":{\"@id\":\"https:\\\/\\\/nordlinepaadid.ee\\\/et\\\/pood\\\/marine-electronics-ru\\\/ru-vhf-handhelds\\\/gdmss-vhf-kasiraadio-icom-ic-gm1600e\\\/#breadcrumb\"},\"inLanguage\":\"et\",\"potentialAction\":[{\"@type\":\"ReadAction\",\"target\":[\"https:\\\/\\\/nordlinepaadid.ee\\\/et\\\/pood\\\/marine-electronics-ru\\\/ru-vhf-handhelds\\\/gdmss-vhf-kasiraadio-icom-ic-gm1600e\\\/\"]}]},{\"@type\":\"ImageObject\",\"inLanguage\":\"et\",\"@id\":\"https:\\\/\\\/nordlinepaadid.ee\\\/et\\\/pood\\\/marine-electronics-ru\\\/ru-vhf-handhelds\\\/gdmss-vhf-kasiraadio-icom-ic-gm1600e\\\/#primaryimage\",\"url\":\"https:\\\/\\\/nordlinepaadid.ee\\\/wp-content\\\/uploads\\\/2023\\\/03\\\/7042_1.jpg\",\"contentUrl\":\"https:\\\/\\\/nordlinepaadid.ee\\\/wp-content\\\/uploads\\\/2023\\\/03\\\/7042_1.jpg\",\"width\":2000,\"height\":2000},{\"@type\":\"BreadcrumbList\",\"@id\":\"https:\\\/\\\/nordlinepaadid.ee\\\/et\\\/pood\\\/marine-electronics-ru\\\/ru-vhf-handhelds\\\/gdmss-vhf-kasiraadio-icom-ic-gm1600e\\\/#breadcrumb\",\"itemListElement\":[{\"@type\":\"ListItem\",\"position\":1,\"name\":\"Home\",\"item\":\"https:\\\/\\\/nordlinepaadid.ee\\\/et\\\/\"},{\"@type\":\"ListItem\",\"position\":2,\"name\":\"Pood\",\"item\":\"https:\\\/\\\/nordlinepaadid.ee\\\/et\\\/pood\\\/\"},{\"@type\":\"ListItem\",\"position\":3,\"name\":\"GDMSS VHF K\u00c4SIRAADIO- ICOM IC-GM1600E\"}]},{\"@type\":\"WebSite\",\"@id\":\"https:\\\/\\\/nordlinepaadid.ee\\\/et\\\/#website\",\"url\":\"https:\\\/\\\/nordlinepaadid.ee\\\/et\\\/\",\"name\":\"NORDLINE s\u00f5udepaadid ja mootorpaadid. Klaasfiiber materjalist.\",\"description\":\"\",\"publisher\":{\"@id\":\"https:\\\/\\\/nordlinepaadid.ee\\\/et\\\/#organization\"},\"potentialAction\":[{\"@type\":\"SearchAction\",\"target\":{\"@type\":\"EntryPoint\",\"urlTemplate\":\"https:\\\/\\\/nordlinepaadid.ee\\\/et\\\/?s={search_term_string}\"},\"query-input\":{\"@type\":\"PropertyValueSpecification\",\"valueRequired\":true,\"valueName\":\"search_term_string\"}}],\"inLanguage\":\"et\"},{\"@type\":\"Organization\",\"@id\":\"https:\\\/\\\/nordlinepaadid.ee\\\/et\\\/#organization\",\"name\":\"Nordlineboats\",\"url\":\"https:\\\/\\\/nordlinepaadid.ee\\\/et\\\/\",\"logo\":{\"@type\":\"ImageObject\",\"inLanguage\":\"et\",\"@id\":\"https:\\\/\\\/nordlinepaadid.ee\\\/et\\\/#\\\/schema\\\/logo\\\/image\\\/\",\"url\":\"https:\\\/\\\/nordlinepaadid.ee\\\/wp-content\\\/uploads\\\/2023\\\/01\\\/fulllogo_transparent_nobuffer-e1672750475494.png\",\"contentUrl\":\"https:\\\/\\\/nordlinepaadid.ee\\\/wp-content\\\/uploads\\\/2023\\\/01\\\/fulllogo_transparent_nobuffer-e1672750475494.png\",\"width\":150,\"height\":119,\"caption\":\"Nordlineboats\"},\"image\":{\"@id\":\"https:\\\/\\\/nordlinepaadid.ee\\\/et\\\/#\\\/schema\\\/logo\\\/image\\\/\"},\"sameAs\":[\"https:\\\/\\\/www.facebook.com\\\/nordlineboats\",\"https:\\\/\\\/www.youtube.com\\\/channel\\\/UCbgF0fy02y3QkFnujaLTaCA\"]}]}<\/script>\n<!-- \/ Yoast SEO plugin. -->","yoast_head_json":{"title":"GDMSS VHF K\u00c4SIRAADIO- ICOM IC-GM1600E - NORDLINE s\u00f5udepaadid ja mootorpaadid. Klaasfiiber materjalist.","robots":{"index":"index","follow":"follow","max-snippet":"max-snippet:-1","max-image-preview":"max-image-preview:large","max-video-preview":"max-video-preview:-1"},"canonical":"https:\/\/nordlinepaadid.ee\/et\/pood\/marine-electronics-ru\/ru-vhf-handhelds\/gdmss-vhf-kasiraadio-icom-ic-gm1600e\/","og_locale":"et_EE","og_type":"article","og_title":"GDMSS VHF K\u00c4SIRAADIO- ICOM IC-GM1600E - NORDLINE s\u00f5udepaadid ja mootorpaadid. Klaasfiiber materjalist.","og_description":"2-suunaline GMDSS mere k\u00e4siraadio IC-GM1600E on loodud kasutamiseks GMDSS n\u00f5uetele vastavatel p\u00e4\u00e4stepaatidel ja -parvedel. Raadio on loodud vastu pidama ja toimima tavalistest ekstreemsemates keskkonnatingimustes. Vastavus GMDSS p\u00e4\u00e4stepaatide ja -parvede raadioside n\u00f5uetele tagab lisaaku BP-234 (m\u00fc\u00fcakse eraldi) olemasolu .Sel juhul omab k\u00e4siraadio ka MED-sertifikaati ning vastab SOLAS standarditele. &#13; &nbsp; &#13; &#13; Tugev, veekindel konstruktsioon &#13;...","og_url":"https:\/\/nordlinepaadid.ee\/et\/pood\/marine-electronics-ru\/ru-vhf-handhelds\/gdmss-vhf-kasiraadio-icom-ic-gm1600e\/","og_site_name":"NORDLINE s\u00f5udepaadid ja mootorpaadid. Klaasfiiber materjalist.","article_publisher":"https:\/\/www.facebook.com\/nordlineboats","article_modified_time":"2026-04-20T07:05:41+00:00","og_image":[{"width":2000,"height":2000,"url":"https:\/\/nordlinepaadid.ee\/wp-content\/uploads\/2023\/03\/7042_1.jpg","type":"image\/jpeg"}],"twitter_card":"summary_large_image","twitter_misc":{"Est. reading time":"1 minut"},"schema":{"@context":"https:\/\/schema.org","@graph":[{"@type":"WebPage","@id":"https:\/\/nordlinepaadid.ee\/et\/pood\/marine-electronics-ru\/ru-vhf-handhelds\/gdmss-vhf-kasiraadio-icom-ic-gm1600e\/","url":"https:\/\/nordlinepaadid.ee\/et\/pood\/marine-electronics-ru\/ru-vhf-handhelds\/gdmss-vhf-kasiraadio-icom-ic-gm1600e\/","name":"GDMSS VHF K\u00c4SIRAADIO- ICOM IC-GM1600E - NORDLINE s\u00f5udepaadid ja mootorpaadid. Klaasfiiber materjalist.","isPartOf":{"@id":"https:\/\/nordlinepaadid.ee\/et\/#website"},"primaryImageOfPage":{"@id":"https:\/\/nordlinepaadid.ee\/et\/pood\/marine-electronics-ru\/ru-vhf-handhelds\/gdmss-vhf-kasiraadio-icom-ic-gm1600e\/#primaryimage"},"image":{"@id":"https:\/\/nordlinepaadid.ee\/et\/pood\/marine-electronics-ru\/ru-vhf-handhelds\/gdmss-vhf-kasiraadio-icom-ic-gm1600e\/#primaryimage"},"thumbnailUrl":"https:\/\/nordlinepaadid.ee\/wp-content\/uploads\/2023\/03\/7042_1.jpg","datePublished":"2026-04-17T14:20:02+00:00","dateModified":"2026-04-20T07:05:41+00:00","breadcrumb":{"@id":"https:\/\/nordlinepaadid.ee\/et\/pood\/marine-electronics-ru\/ru-vhf-handhelds\/gdmss-vhf-kasiraadio-icom-ic-gm1600e\/#breadcrumb"},"inLanguage":"et","potentialAction":[{"@type":"ReadAction","target":["https:\/\/nordlinepaadid.ee\/et\/pood\/marine-electronics-ru\/ru-vhf-handhelds\/gdmss-vhf-kasiraadio-icom-ic-gm1600e\/"]}]},{"@type":"ImageObject","inLanguage":"et","@id":"https:\/\/nordlinepaadid.ee\/et\/pood\/marine-electronics-ru\/ru-vhf-handhelds\/gdmss-vhf-kasiraadio-icom-ic-gm1600e\/#primaryimage","url":"https:\/\/nordlinepaadid.ee\/wp-content\/uploads\/2023\/03\/7042_1.jpg","contentUrl":"https:\/\/nordlinepaadid.ee\/wp-content\/uploads\/2023\/03\/7042_1.jpg","width":2000,"height":2000},{"@type":"BreadcrumbList","@id":"https:\/\/nordlinepaadid.ee\/et\/pood\/marine-electronics-ru\/ru-vhf-handhelds\/gdmss-vhf-kasiraadio-icom-ic-gm1600e\/#breadcrumb","itemListElement":[{"@type":"ListItem","position":1,"name":"Home","item":"https:\/\/nordlinepaadid.ee\/et\/"},{"@type":"ListItem","position":2,"name":"Pood","item":"https:\/\/nordlinepaadid.ee\/et\/pood\/"},{"@type":"ListItem","position":3,"name":"GDMSS VHF K\u00c4SIRAADIO- ICOM IC-GM1600E"}]},{"@type":"WebSite","@id":"https:\/\/nordlinepaadid.ee\/et\/#website","url":"https:\/\/nordlinepaadid.ee\/et\/","name":"NORDLINE s\u00f5udepaadid ja mootorpaadid. Klaasfiiber materjalist.","description":"","publisher":{"@id":"https:\/\/nordlinepaadid.ee\/et\/#organization"},"potentialAction":[{"@type":"SearchAction","target":{"@type":"EntryPoint","urlTemplate":"https:\/\/nordlinepaadid.ee\/et\/?s={search_term_string}"},"query-input":{"@type":"PropertyValueSpecification","valueRequired":true,"valueName":"search_term_string"}}],"inLanguage":"et"},{"@type":"Organization","@id":"https:\/\/nordlinepaadid.ee\/et\/#organization","name":"Nordlineboats","url":"https:\/\/nordlinepaadid.ee\/et\/","logo":{"@type":"ImageObject","inLanguage":"et","@id":"https:\/\/nordlinepaadid.ee\/et\/#\/schema\/logo\/image\/","url":"https:\/\/nordlinepaadid.ee\/wp-content\/uploads\/2023\/01\/fulllogo_transparent_nobuffer-e1672750475494.png","contentUrl":"https:\/\/nordlinepaadid.ee\/wp-content\/uploads\/2023\/01\/fulllogo_transparent_nobuffer-e1672750475494.png","width":150,"height":119,"caption":"Nordlineboats"},"image":{"@id":"https:\/\/nordlinepaadid.ee\/et\/#\/schema\/logo\/image\/"},"sameAs":["https:\/\/www.facebook.com\/nordlineboats","https:\/\/www.youtube.com\/channel\/UCbgF0fy02y3QkFnujaLTaCA"]}]}},"taxonomy_info":{"product_cat":[{"value":352,"label":"MEREELEKTROONIKA"},{"value":336,"label":"VHF Raadiosaatjad, AIS Seadmed"},{"value":885,"label":"\u0420\u0430\u0446\u0438\u0438 \u0438 \u0440\u0430\u0434\u0438\u043e\u0441\u0442\u0430\u043d\u0446\u0438\u0438, AIS \u0421\u0438\u0441\u0442\u0435\u043c\u044b"}],"pa_color":[{"value":680,"label":"Kollane"}],"pa_producer":[{"value":600,"label":"Icom"}],"pa_unit":[{"value":416,"label":"pcs"}]},"featured_image_src_large":["https:\/\/nordlinepaadid.ee\/wp-content\/uploads\/2023\/03\/7042_1-1024x1024.jpg",1024,1024,true],"author_info":[],"comment_info":"","_links":{"self":[{"href":"https:\/\/nordlinepaadid.ee\/et\/wp-json\/wp\/v2\/product\/59882","targetHints":{"allow":["GET"]}}],"collection":[{"href":"https:\/\/nordlinepaadid.ee\/et\/wp-json\/wp\/v2\/product"}],"about":[{"href":"https:\/\/nordlinepaadid.ee\/et\/wp-json\/wp\/v2\/types\/product"}],"wp:featuredmedia":[{"embeddable":true,"href":"https:\/\/nordlinepaadid.ee\/et\/wp-json\/wp\/v2\/media\/25520"}],"wp:attachment":[{"href":"https:\/\/nordlinepaadid.ee\/et\/wp-json\/wp\/v2\/media?parent=59882"}],"wp:term":[{"taxonomy":"product_brand","embeddable":true,"href":"https:\/\/nordlinepaadid.ee\/et\/wp-json\/wp\/v2\/product_brand?post=59882"},{"taxonomy":"product_cat","embeddable":true,"href":"https:\/\/nordlinepaadid.ee\/et\/wp-json\/wp\/v2\/product_cat?post=59882"},{"taxonomy":"product_tag","embeddable":true,"href":"https:\/\/nordlinepaadid.ee\/et\/wp-json\/wp\/v2\/product_tag?post=59882"}],"curies":[{"name":"wp","href":"https:\/\/api.w.org\/{rel}","templated":true}]}}