{"id":59883,"date":"2026-04-17T17:20:06","date_gmt":"2026-04-17T14:20:06","guid":{"rendered":"https:\/\/nordlinepaadid.ee\/pood\/maaratlemata\/vhf-raadiojaam-icom-ic-m605euro\/"},"modified":"2026-04-20T00:05:06","modified_gmt":"2026-04-19T21:05:06","slug":"vhf-raadiojaam-icom-ic-m605euro","status":"publish","type":"product","link":"https:\/\/nordlinepaadid.ee\/et\/pood\/marine-electronics-ru\/ru-vhf-handhelds\/vhf-raadiojaam-icom-ic-m605euro\/","title":{"rendered":"VHF RAADIOJAAM- ICOM IC-M605EURO"},"content":{"rendered":"<p>VHF\/DSC raadio koos AIS vastuv\u00f5tjaga. IC-M605EURO on VHF\/DSC-raadio koos integreeritud AIS-vastuv\u00f5tjaga, mis suudab kuvada reaalajas AIS-i laevaliikluse teavet suurel v\u00e4rvilisel TFT LCD-ekraanil. See raadio sisaldab palju t\u00e4iustatud funktsioone, sealhulgas aktiivset m\u00fcrasummutamise tehnoloogiat ning viimase k\u00f5ne helisalvestuse funktsiooni, mis salvestab sissetuleva k\u00f5ne kuni kaks minutit. IC-M605EURO-l on v\u00f5imalus \u00fchendada kuni kolm laeval olevat k\u00e4skjaama, mis v\u00f5imaldavad juhtimist\/intercomi kasutamist, kas RCM600 Remote Stationi v\u00f5i HM-229 Commandmici kaudu. See teeb sellest suurep\u00e4rase sides\u00fcsteemi suurte jahtide v\u00f5i mootorreisilaevade jaoks.<\/p>\n<p>&#13;<\/p>\n<p><strong>Lainurk 4,3-tolline v\u00e4rviline TFT LCD<\/strong><\/p>\n<p>&#13;<br \/>\n&#13;<\/p>\n<p>K\u00f5rge eraldusv\u00f5imega v\u00e4rviline LCD-ekraan tagab peaaegu 180-kraadise vaatenurga ning kuvab t\u00e4hem\u00e4rgid ja funktsioonide ikoonid selgelt. \u00d6ine re\u017eiimi tagab pimedas hea loetavuse.<\/p>\n<p>&#13;<br \/>\n&#13;<\/p>\n<p><strong>Integreeritud AIS-vastuv\u00f5tja<\/strong><\/p>\n<p>&#13;<br \/>\n&#13;<\/p>\n<p>Integreeritud AIS-vastuv\u00f5tja n\u00e4itab reaalajas AIS-i laevaliikluse teavet ekraanil. AIS-liitkuvar v\u00f5imaldab teil AIS-plotterit p\u00f5hitoimingute ajal j\u00e4lgida. Valitud AIS-i sihtm\u00e4rgile saab otse AIS-ekraanilt helistada, kasutades individuaalset DSC-k\u00f5net.<\/p>\n<p>&#13;<br \/>\n&#13;<\/p>\n<p><strong>Aktiivse m\u00fcrasummutamise tehnoloogia<\/strong><\/p>\n<p>&#13;<br \/>\n&#13;<\/p>\n<p>Aktiivne m\u00fcrasummutamise tehnoloogia eemaldab digitaalselt taustm\u00fcra nii heli edastamisest kui ka vastuv\u00f5tmisest ning tagab selge suhtluse m\u00fcrarikkas merekeskkonnas.<\/p>\n<p>&#13;<br \/>\n&#13;<\/p>\n<p><strong>Viimase k\u00f5ne helisalvestus<\/strong><\/p>\n<p>&#13;<br \/>\n&#13;<\/p>\n<p>Viimase k\u00f5ne salvestuse funktsioon salvestab sissetuleva k\u00f5ne automaatselt kuni kaks minutit. Nii ei j\u00e4\u00e4 \u00fckski sissetulev k\u00f5ne vahele.<\/p>\n<p>&#13;<br \/>\n&#13;<\/p>\n<p><strong>Integreeritud GNSS-vastuv\u00f5tja<\/strong><\/p>\n<p>&#13;<br \/>\n&#13;<\/p>\n<p>Integreeritud GNSS (GPS, GLONASS ja SBAS) vastuv\u00f5tja. Asukohainfot saab lihtsalt vastu v\u00f5tta komplekti kuuluva GNSS-i antenniga UX-241 (5-meetrine kaabel).<\/p>\n<p>&#13;<br \/>\n&#13;<\/p>\n<p><strong>30 W kahesuunaline ruupor<\/strong><\/p>\n<p>&#13;<br \/>\n&#13;<\/p>\n<p>\u00dchendades raadio SP-37 ruuporiga (lisavarustus) saate raadiomikrofonist r\u00e4\u00e4kida tekil v\u00f5i kaldal oleva meeskonnaga, nende vastus j\u00f5uab teieni l\u00e4bi sama ruupori. Sisseehitatud 30 W v\u00f5imendi muudab teie k\u00f5ne valjuks ja selgeks.<\/p>\n<p>&#13;<br \/>\n&#13;<\/p>\n<p><strong>NMEA 2000 \u2122, NMEA 0183 \/ -HS \u00fchenduvus<\/strong><\/p>\n<p>&#13;<br \/>\n&#13;<\/p>\n<p>Kasutades NMEA 2000 \u2122 \u00fchendust, saab raadio vahetada v\u00f5rgus GNSSi, AIS-i aruandeid, DSC-k\u00f5neteabe, raadiosageduse ja PGN-loendi andmeid. NMEA 0183 \/ -HS GNSS asukoha andmeid saab teisendada NMEA 2000 \u2122 andmeteks ka muude seadmete jaoks.<\/p>\n<p>&#13;<br \/>\n&#13;<\/p>\n<p><strong>Valikuline k\u00f5nekr\u00fcpteerija<\/strong><\/p>\n<p>&#13;<br \/>\n&#13;<\/p>\n<p>Valikuline k\u00f5ne kr\u00fcpteeria UT-112 pakub IC-M605EURO-l turvalist vestlust. See funktsioon on kasulik, kui soovite jagada privaatset teavet konsortsiumlaevadega.<\/p>\n<p>&#13;<br \/>\n&#13;<\/p>\n<p>&nbsp;<\/p>\n<p>&#13;<br \/>\n&#13;<\/p>\n<p><strong>Omadused:<\/strong>&nbsp;<\/p>\n<p>&#13;<br \/>\n&#13;<\/p>\n<ul>&#13;<\/p>\n<li>IPX8 veekindlus (1m vees\u00fcgavus 60 minutit)<\/li>\n<p>&#13;<\/p>\n<li>Dual\/Tri-watch funktsioon<\/li>\n<p>&#13;<\/p>\n<li>AquaQuake \u2122 vee eemaldus funktsioon<\/li>\n<p>&#13;<\/p>\n<li>Komplektis olevat k\u00f5larimikrofoni HM-205RB saab \u00fchendada IC-M605EURO tagapaneeliga<\/li>\n<p>&#13;\n<\/ul>\n<p>&#13;<br \/>\n&#13;<\/p>\n<p>&nbsp;<\/p>\n<p>&#13;<br \/>\n&#13;<\/p>\n<p><strong><a href=\"http:\/\/www.icom.co.jp\/world\/products\/marine\/mobile\/ic-m605euro\/spec.html\">Tehnilised andmed<\/a><\/strong><\/p>\n<p>&#13;<\/p>\n","protected":false},"excerpt":{"rendered":"<p>VHF\/DSC raadio koos AIS vastuv\u00f5tjaga. IC-M605EURO on VHF\/DSC-raadio koos integreeritud AIS-vastuv\u00f5tjaga, mis suudab kuvada reaalajas AIS-i laevaliikluse teavet suurel v\u00e4rvilisel TFT LCD-ekraanil. See raadio sisaldab palju t\u00e4iustatud funktsioone, sealhulgas aktiivset m\u00fcrasummutamise tehnoloogiat ning viimase k\u00f5ne helisalvestuse funktsiooni, mis salvestab sissetuleva k\u00f5ne kuni kaks minutit. IC-M605EURO-l on v\u00f5imalus \u00fchendada kuni kolm laeval olevat k\u00e4skjaama, mis v\u00f5imaldavad&#8230;<\/p>\n","protected":false},"featured_media":25529,"template":"","meta":{"_kad_blocks_custom_css":"","_kad_blocks_head_custom_js":"","_kad_blocks_body_custom_js":"","_kad_blocks_footer_custom_js":"","_kad_post_transparent":"","_kad_post_title":"","_kad_post_layout":"","_kad_post_sidebar_id":"","_kad_post_content_style":"","_kad_post_vertical_padding":"","_kad_post_feature":"","_kad_post_feature_position":"","_kad_post_header":false,"_kad_post_footer":false,"_kad_post_classname":""},"product_brand":[],"product_cat":[352,336,885],"product_tag":[],"class_list":{"0":"post-59883","1":"product","2":"type-product","3":"status-publish","4":"has-post-thumbnail","6":"product_cat-mereelektroonika","7":"product_cat-vhf-raadiosaatjad","8":"product_cat-ru-vhf-handhelds","9":"pa_color-must","10":"pa_producer-icom","11":"pa_unit-pcs","12":"tm-no-options","14":"first","15":"onbackorder","16":"taxable","17":"shipping-taxable","18":"purchasable","19":"product-type-simple","20":"entry","21":"content-bg","22":"loop-entry"},"yoast_head":"<!-- This site is optimized with the Yoast SEO plugin v27.3 - https:\/\/yoast.com\/product\/yoast-seo-wordpress\/ -->\n<title>VHF RAADIOJAAM- ICOM IC-M605EURO - NORDLINE s\u00f5udepaadid ja mootorpaadid. Klaasfiiber materjalist.<\/title>\n<meta name=\"robots\" content=\"index, follow, max-snippet:-1, max-image-preview:large, max-video-preview:-1\" \/>\n<link rel=\"canonical\" href=\"https:\/\/nordlinepaadid.ee\/et\/pood\/marine-electronics-ru\/ru-vhf-handhelds\/vhf-raadiojaam-icom-ic-m605euro\/\" \/>\n<meta property=\"og:locale\" content=\"et_EE\" \/>\n<meta property=\"og:type\" content=\"article\" \/>\n<meta property=\"og:title\" content=\"VHF RAADIOJAAM- ICOM IC-M605EURO - NORDLINE s\u00f5udepaadid ja mootorpaadid. Klaasfiiber materjalist.\" \/>\n<meta property=\"og:description\" content=\"VHF\/DSC raadio koos AIS vastuv\u00f5tjaga. IC-M605EURO on VHF\/DSC-raadio koos integreeritud AIS-vastuv\u00f5tjaga, mis suudab kuvada reaalajas AIS-i laevaliikluse teavet suurel v\u00e4rvilisel TFT LCD-ekraanil. See raadio sisaldab palju t\u00e4iustatud funktsioone, sealhulgas aktiivset m\u00fcrasummutamise tehnoloogiat ning viimase k\u00f5ne helisalvestuse funktsiooni, mis salvestab sissetuleva k\u00f5ne kuni kaks minutit. IC-M605EURO-l on v\u00f5imalus \u00fchendada kuni kolm laeval olevat k\u00e4skjaama, mis v\u00f5imaldavad...\" \/>\n<meta property=\"og:url\" content=\"https:\/\/nordlinepaadid.ee\/et\/pood\/marine-electronics-ru\/ru-vhf-handhelds\/vhf-raadiojaam-icom-ic-m605euro\/\" \/>\n<meta property=\"og:site_name\" content=\"NORDLINE s\u00f5udepaadid ja mootorpaadid. Klaasfiiber materjalist.\" \/>\n<meta property=\"article:publisher\" content=\"https:\/\/www.facebook.com\/nordlineboats\" \/>\n<meta property=\"article:modified_time\" content=\"2026-04-19T21:05:06+00:00\" \/>\n<meta property=\"og:image\" content=\"https:\/\/nordlinepaadid.ee\/wp-content\/uploads\/2023\/03\/7050_1.jpg\" \/>\n\t<meta property=\"og:image:width\" content=\"2000\" \/>\n\t<meta property=\"og:image:height\" content=\"2000\" \/>\n\t<meta property=\"og:image:type\" content=\"image\/jpeg\" \/>\n<meta name=\"twitter:card\" content=\"summary_large_image\" \/>\n<meta name=\"twitter:label1\" content=\"Est. reading time\" \/>\n\t<meta name=\"twitter:data1\" content=\"2 minutit\" \/>\n<script type=\"application\/ld+json\" class=\"yoast-schema-graph\">{\"@context\":\"https:\\\/\\\/schema.org\",\"@graph\":[{\"@type\":\"WebPage\",\"@id\":\"https:\\\/\\\/nordlinepaadid.ee\\\/et\\\/pood\\\/marine-electronics-ru\\\/ru-vhf-handhelds\\\/vhf-raadiojaam-icom-ic-m605euro\\\/\",\"url\":\"https:\\\/\\\/nordlinepaadid.ee\\\/et\\\/pood\\\/marine-electronics-ru\\\/ru-vhf-handhelds\\\/vhf-raadiojaam-icom-ic-m605euro\\\/\",\"name\":\"VHF RAADIOJAAM- ICOM IC-M605EURO - NORDLINE s\u00f5udepaadid ja mootorpaadid. Klaasfiiber materjalist.\",\"isPartOf\":{\"@id\":\"https:\\\/\\\/nordlinepaadid.ee\\\/et\\\/#website\"},\"primaryImageOfPage\":{\"@id\":\"https:\\\/\\\/nordlinepaadid.ee\\\/et\\\/pood\\\/marine-electronics-ru\\\/ru-vhf-handhelds\\\/vhf-raadiojaam-icom-ic-m605euro\\\/#primaryimage\"},\"image\":{\"@id\":\"https:\\\/\\\/nordlinepaadid.ee\\\/et\\\/pood\\\/marine-electronics-ru\\\/ru-vhf-handhelds\\\/vhf-raadiojaam-icom-ic-m605euro\\\/#primaryimage\"},\"thumbnailUrl\":\"https:\\\/\\\/nordlinepaadid.ee\\\/wp-content\\\/uploads\\\/2023\\\/03\\\/7050_1.jpg\",\"datePublished\":\"2026-04-17T14:20:06+00:00\",\"dateModified\":\"2026-04-19T21:05:06+00:00\",\"breadcrumb\":{\"@id\":\"https:\\\/\\\/nordlinepaadid.ee\\\/et\\\/pood\\\/marine-electronics-ru\\\/ru-vhf-handhelds\\\/vhf-raadiojaam-icom-ic-m605euro\\\/#breadcrumb\"},\"inLanguage\":\"et\",\"potentialAction\":[{\"@type\":\"ReadAction\",\"target\":[\"https:\\\/\\\/nordlinepaadid.ee\\\/et\\\/pood\\\/marine-electronics-ru\\\/ru-vhf-handhelds\\\/vhf-raadiojaam-icom-ic-m605euro\\\/\"]}]},{\"@type\":\"ImageObject\",\"inLanguage\":\"et\",\"@id\":\"https:\\\/\\\/nordlinepaadid.ee\\\/et\\\/pood\\\/marine-electronics-ru\\\/ru-vhf-handhelds\\\/vhf-raadiojaam-icom-ic-m605euro\\\/#primaryimage\",\"url\":\"https:\\\/\\\/nordlinepaadid.ee\\\/wp-content\\\/uploads\\\/2023\\\/03\\\/7050_1.jpg\",\"contentUrl\":\"https:\\\/\\\/nordlinepaadid.ee\\\/wp-content\\\/uploads\\\/2023\\\/03\\\/7050_1.jpg\",\"width\":2000,\"height\":2000},{\"@type\":\"BreadcrumbList\",\"@id\":\"https:\\\/\\\/nordlinepaadid.ee\\\/et\\\/pood\\\/marine-electronics-ru\\\/ru-vhf-handhelds\\\/vhf-raadiojaam-icom-ic-m605euro\\\/#breadcrumb\",\"itemListElement\":[{\"@type\":\"ListItem\",\"position\":1,\"name\":\"Home\",\"item\":\"https:\\\/\\\/nordlinepaadid.ee\\\/et\\\/\"},{\"@type\":\"ListItem\",\"position\":2,\"name\":\"Pood\",\"item\":\"https:\\\/\\\/nordlinepaadid.ee\\\/et\\\/pood\\\/\"},{\"@type\":\"ListItem\",\"position\":3,\"name\":\"VHF RAADIOJAAM- ICOM IC-M605EURO\"}]},{\"@type\":\"WebSite\",\"@id\":\"https:\\\/\\\/nordlinepaadid.ee\\\/et\\\/#website\",\"url\":\"https:\\\/\\\/nordlinepaadid.ee\\\/et\\\/\",\"name\":\"NORDLINE s\u00f5udepaadid ja mootorpaadid. Klaasfiiber materjalist.\",\"description\":\"\",\"publisher\":{\"@id\":\"https:\\\/\\\/nordlinepaadid.ee\\\/et\\\/#organization\"},\"potentialAction\":[{\"@type\":\"SearchAction\",\"target\":{\"@type\":\"EntryPoint\",\"urlTemplate\":\"https:\\\/\\\/nordlinepaadid.ee\\\/et\\\/?s={search_term_string}\"},\"query-input\":{\"@type\":\"PropertyValueSpecification\",\"valueRequired\":true,\"valueName\":\"search_term_string\"}}],\"inLanguage\":\"et\"},{\"@type\":\"Organization\",\"@id\":\"https:\\\/\\\/nordlinepaadid.ee\\\/et\\\/#organization\",\"name\":\"Nordlineboats\",\"url\":\"https:\\\/\\\/nordlinepaadid.ee\\\/et\\\/\",\"logo\":{\"@type\":\"ImageObject\",\"inLanguage\":\"et\",\"@id\":\"https:\\\/\\\/nordlinepaadid.ee\\\/et\\\/#\\\/schema\\\/logo\\\/image\\\/\",\"url\":\"https:\\\/\\\/nordlinepaadid.ee\\\/wp-content\\\/uploads\\\/2023\\\/01\\\/fulllogo_transparent_nobuffer-e1672750475494.png\",\"contentUrl\":\"https:\\\/\\\/nordlinepaadid.ee\\\/wp-content\\\/uploads\\\/2023\\\/01\\\/fulllogo_transparent_nobuffer-e1672750475494.png\",\"width\":150,\"height\":119,\"caption\":\"Nordlineboats\"},\"image\":{\"@id\":\"https:\\\/\\\/nordlinepaadid.ee\\\/et\\\/#\\\/schema\\\/logo\\\/image\\\/\"},\"sameAs\":[\"https:\\\/\\\/www.facebook.com\\\/nordlineboats\",\"https:\\\/\\\/www.youtube.com\\\/channel\\\/UCbgF0fy02y3QkFnujaLTaCA\"]}]}<\/script>\n<!-- \/ Yoast SEO plugin. -->","yoast_head_json":{"title":"VHF RAADIOJAAM- ICOM IC-M605EURO - NORDLINE s\u00f5udepaadid ja mootorpaadid. Klaasfiiber materjalist.","robots":{"index":"index","follow":"follow","max-snippet":"max-snippet:-1","max-image-preview":"max-image-preview:large","max-video-preview":"max-video-preview:-1"},"canonical":"https:\/\/nordlinepaadid.ee\/et\/pood\/marine-electronics-ru\/ru-vhf-handhelds\/vhf-raadiojaam-icom-ic-m605euro\/","og_locale":"et_EE","og_type":"article","og_title":"VHF RAADIOJAAM- ICOM IC-M605EURO - NORDLINE s\u00f5udepaadid ja mootorpaadid. Klaasfiiber materjalist.","og_description":"VHF\/DSC raadio koos AIS vastuv\u00f5tjaga. IC-M605EURO on VHF\/DSC-raadio koos integreeritud AIS-vastuv\u00f5tjaga, mis suudab kuvada reaalajas AIS-i laevaliikluse teavet suurel v\u00e4rvilisel TFT LCD-ekraanil. See raadio sisaldab palju t\u00e4iustatud funktsioone, sealhulgas aktiivset m\u00fcrasummutamise tehnoloogiat ning viimase k\u00f5ne helisalvestuse funktsiooni, mis salvestab sissetuleva k\u00f5ne kuni kaks minutit. IC-M605EURO-l on v\u00f5imalus \u00fchendada kuni kolm laeval olevat k\u00e4skjaama, mis v\u00f5imaldavad...","og_url":"https:\/\/nordlinepaadid.ee\/et\/pood\/marine-electronics-ru\/ru-vhf-handhelds\/vhf-raadiojaam-icom-ic-m605euro\/","og_site_name":"NORDLINE s\u00f5udepaadid ja mootorpaadid. Klaasfiiber materjalist.","article_publisher":"https:\/\/www.facebook.com\/nordlineboats","article_modified_time":"2026-04-19T21:05:06+00:00","og_image":[{"width":2000,"height":2000,"url":"https:\/\/nordlinepaadid.ee\/wp-content\/uploads\/2023\/03\/7050_1.jpg","type":"image\/jpeg"}],"twitter_card":"summary_large_image","twitter_misc":{"Est. reading time":"2 minutit"},"schema":{"@context":"https:\/\/schema.org","@graph":[{"@type":"WebPage","@id":"https:\/\/nordlinepaadid.ee\/et\/pood\/marine-electronics-ru\/ru-vhf-handhelds\/vhf-raadiojaam-icom-ic-m605euro\/","url":"https:\/\/nordlinepaadid.ee\/et\/pood\/marine-electronics-ru\/ru-vhf-handhelds\/vhf-raadiojaam-icom-ic-m605euro\/","name":"VHF RAADIOJAAM- ICOM IC-M605EURO - NORDLINE s\u00f5udepaadid ja mootorpaadid. Klaasfiiber materjalist.","isPartOf":{"@id":"https:\/\/nordlinepaadid.ee\/et\/#website"},"primaryImageOfPage":{"@id":"https:\/\/nordlinepaadid.ee\/et\/pood\/marine-electronics-ru\/ru-vhf-handhelds\/vhf-raadiojaam-icom-ic-m605euro\/#primaryimage"},"image":{"@id":"https:\/\/nordlinepaadid.ee\/et\/pood\/marine-electronics-ru\/ru-vhf-handhelds\/vhf-raadiojaam-icom-ic-m605euro\/#primaryimage"},"thumbnailUrl":"https:\/\/nordlinepaadid.ee\/wp-content\/uploads\/2023\/03\/7050_1.jpg","datePublished":"2026-04-17T14:20:06+00:00","dateModified":"2026-04-19T21:05:06+00:00","breadcrumb":{"@id":"https:\/\/nordlinepaadid.ee\/et\/pood\/marine-electronics-ru\/ru-vhf-handhelds\/vhf-raadiojaam-icom-ic-m605euro\/#breadcrumb"},"inLanguage":"et","potentialAction":[{"@type":"ReadAction","target":["https:\/\/nordlinepaadid.ee\/et\/pood\/marine-electronics-ru\/ru-vhf-handhelds\/vhf-raadiojaam-icom-ic-m605euro\/"]}]},{"@type":"ImageObject","inLanguage":"et","@id":"https:\/\/nordlinepaadid.ee\/et\/pood\/marine-electronics-ru\/ru-vhf-handhelds\/vhf-raadiojaam-icom-ic-m605euro\/#primaryimage","url":"https:\/\/nordlinepaadid.ee\/wp-content\/uploads\/2023\/03\/7050_1.jpg","contentUrl":"https:\/\/nordlinepaadid.ee\/wp-content\/uploads\/2023\/03\/7050_1.jpg","width":2000,"height":2000},{"@type":"BreadcrumbList","@id":"https:\/\/nordlinepaadid.ee\/et\/pood\/marine-electronics-ru\/ru-vhf-handhelds\/vhf-raadiojaam-icom-ic-m605euro\/#breadcrumb","itemListElement":[{"@type":"ListItem","position":1,"name":"Home","item":"https:\/\/nordlinepaadid.ee\/et\/"},{"@type":"ListItem","position":2,"name":"Pood","item":"https:\/\/nordlinepaadid.ee\/et\/pood\/"},{"@type":"ListItem","position":3,"name":"VHF RAADIOJAAM- ICOM IC-M605EURO"}]},{"@type":"WebSite","@id":"https:\/\/nordlinepaadid.ee\/et\/#website","url":"https:\/\/nordlinepaadid.ee\/et\/","name":"NORDLINE s\u00f5udepaadid ja mootorpaadid. Klaasfiiber materjalist.","description":"","publisher":{"@id":"https:\/\/nordlinepaadid.ee\/et\/#organization"},"potentialAction":[{"@type":"SearchAction","target":{"@type":"EntryPoint","urlTemplate":"https:\/\/nordlinepaadid.ee\/et\/?s={search_term_string}"},"query-input":{"@type":"PropertyValueSpecification","valueRequired":true,"valueName":"search_term_string"}}],"inLanguage":"et"},{"@type":"Organization","@id":"https:\/\/nordlinepaadid.ee\/et\/#organization","name":"Nordlineboats","url":"https:\/\/nordlinepaadid.ee\/et\/","logo":{"@type":"ImageObject","inLanguage":"et","@id":"https:\/\/nordlinepaadid.ee\/et\/#\/schema\/logo\/image\/","url":"https:\/\/nordlinepaadid.ee\/wp-content\/uploads\/2023\/01\/fulllogo_transparent_nobuffer-e1672750475494.png","contentUrl":"https:\/\/nordlinepaadid.ee\/wp-content\/uploads\/2023\/01\/fulllogo_transparent_nobuffer-e1672750475494.png","width":150,"height":119,"caption":"Nordlineboats"},"image":{"@id":"https:\/\/nordlinepaadid.ee\/et\/#\/schema\/logo\/image\/"},"sameAs":["https:\/\/www.facebook.com\/nordlineboats","https:\/\/www.youtube.com\/channel\/UCbgF0fy02y3QkFnujaLTaCA"]}]}},"taxonomy_info":{"product_cat":[{"value":352,"label":"MEREELEKTROONIKA"},{"value":336,"label":"VHF Raadiosaatjad, AIS Seadmed"},{"value":885,"label":"\u0420\u0430\u0446\u0438\u0438 \u0438 \u0440\u0430\u0434\u0438\u043e\u0441\u0442\u0430\u043d\u0446\u0438\u0438, AIS \u0421\u0438\u0441\u0442\u0435\u043c\u044b"}],"pa_color":[{"value":684,"label":"Must"}],"pa_producer":[{"value":600,"label":"Icom"}],"pa_unit":[{"value":416,"label":"pcs"}]},"featured_image_src_large":["https:\/\/nordlinepaadid.ee\/wp-content\/uploads\/2023\/03\/7050_1-1024x1024.jpg",1024,1024,true],"author_info":[],"comment_info":"","_links":{"self":[{"href":"https:\/\/nordlinepaadid.ee\/et\/wp-json\/wp\/v2\/product\/59883","targetHints":{"allow":["GET"]}}],"collection":[{"href":"https:\/\/nordlinepaadid.ee\/et\/wp-json\/wp\/v2\/product"}],"about":[{"href":"https:\/\/nordlinepaadid.ee\/et\/wp-json\/wp\/v2\/types\/product"}],"wp:featuredmedia":[{"embeddable":true,"href":"https:\/\/nordlinepaadid.ee\/et\/wp-json\/wp\/v2\/media\/25529"}],"wp:attachment":[{"href":"https:\/\/nordlinepaadid.ee\/et\/wp-json\/wp\/v2\/media?parent=59883"}],"wp:term":[{"taxonomy":"product_brand","embeddable":true,"href":"https:\/\/nordlinepaadid.ee\/et\/wp-json\/wp\/v2\/product_brand?post=59883"},{"taxonomy":"product_cat","embeddable":true,"href":"https:\/\/nordlinepaadid.ee\/et\/wp-json\/wp\/v2\/product_cat?post=59883"},{"taxonomy":"product_tag","embeddable":true,"href":"https:\/\/nordlinepaadid.ee\/et\/wp-json\/wp\/v2\/product_tag?post=59883"}],"curies":[{"name":"wp","href":"https:\/\/api.w.org\/{rel}","templated":true}]}}