{"id":59950,"date":"2026-05-08T03:17:11","date_gmt":"2026-05-08T00:17:11","guid":{"rendered":"https:\/\/nordlinepaadid.ee\/pood\/maaratlemata\/ohksoojendi-wallas-1300-12-v\/"},"modified":"2026-05-11T14:02:05","modified_gmt":"2026-05-11T11:02:05","slug":"ohksoojendi-wallas-1300-12-v","status":"publish","type":"product","link":"https:\/\/nordlinepaadid.ee\/et\/pood\/heating-cooling-cooking\/air-heaters\/ohksoojendi-wallas-1300-12-v\/","title":{"rendered":"\u00d5HKSOOJENDI- WALLAS 1300, 12 V"},"content":{"rendered":"<p>Wallas 1300 on ideaalne petrooleumil t\u00f6\u00f6tav k\u00fctteseade suuremate salongide v\u00f5i kokpittide soojendamiseks (kuni 50 m\u00b2). See k\u00fctteseade on v\u00e4ga kompaktne \u2013 k\u00f5ik vajalik on mahutatud \u00fchte korpusesse : k\u00fctusepump, juhtl\u00fcliti ja sooja\u00f5hupuhur. K\u00fctteseadet on seega \u00e4\u00e4rmiselt lihtne paigaldada. T\u00e4nu suletud kambris p\u00f5lemisprotsessile on k\u00fctteseadme m\u00fcratase v\u00e4ga madal. 1300 vajab paigalduseks v\u00e4ljalaskeava, \u00fchendust aku ja petrooleumiga ning ongi k\u00f5ik, paigaldus on valmis! K\u00fcttekeha kasutamine on veelgi lihtsam: l\u00fclitage see lihtsalt sisse ja nautige soojust. Meetrise pikenduskanaliga (lisavarustus) saate k\u00fctteseadme paigaldada ka n\u00e4iteks kappi. Saadaval on ka kaugjuhtimispult (lisavarustus). 0,4 A energiatarve t\u00e4hendab seda, et k\u00fcttekeha t\u00f6\u00f6tab tavalise 60 Ah akuga \u00fcle 100 tunni! Max. v\u00f5imsus 1300 W, 12 V. K\u00fctusekulu 0,13 l\/tunnis. Kaasas k\u00fctusevoolik (2 m), otsik k\u00fctusepaagiga \u00fchendamiseks, voolukaabel (4 m), kinnitusplaat. K\u00f5ikidele Wallase toodetele kehtib 2 + 1-aastane tootjapoolne garantii.<\/p>\n<p>&#13;<\/p>\n","protected":false},"excerpt":{"rendered":"<p>Wallas 1300 on ideaalne petrooleumil t\u00f6\u00f6tav k\u00fctteseade suuremate salongide v\u00f5i kokpittide soojendamiseks (kuni 50 m\u00b2). See k\u00fctteseade on v\u00e4ga kompaktne \u2013 k\u00f5ik vajalik on mahutatud \u00fchte korpusesse : k\u00fctusepump, juhtl\u00fcliti ja sooja\u00f5hupuhur. K\u00fctteseadet on seega \u00e4\u00e4rmiselt lihtne paigaldada. T\u00e4nu suletud kambris p\u00f5lemisprotsessile on k\u00fctteseadme m\u00fcratase v\u00e4ga madal. 1300 vajab paigalduseks v\u00e4ljalaskeava, \u00fchendust aku ja petrooleumiga&#8230;<\/p>\n","protected":false},"featured_media":59951,"template":"","meta":{"_kad_blocks_custom_css":"","_kad_blocks_head_custom_js":"","_kad_blocks_body_custom_js":"","_kad_blocks_footer_custom_js":"","_kad_post_transparent":"","_kad_post_title":"","_kad_post_layout":"","_kad_post_sidebar_id":"","_kad_post_content_style":"","_kad_post_vertical_padding":"","_kad_post_feature":"","_kad_post_feature_position":"","_kad_post_header":false,"_kad_post_footer":false,"_kad_post_classname":""},"product_brand":[],"product_cat":[1780,359,1781,360],"product_tag":[],"class_list":{"0":"post-59950","1":"product","2":"type-product","3":"status-publish","4":"has-post-thumbnail","6":"product_cat-kutteseadmed-jahutusseadmed","7":"product_cat-heating-cooling-cooking","8":"product_cat-kyttesusteemid","9":"product_cat-air-heaters","10":"pa_producer-wallas-marin","11":"pa_unit-pcs","12":"tm-no-options","14":"first","15":"onbackorder","16":"taxable","17":"shipping-taxable","18":"purchasable","19":"product-type-simple","20":"entry","21":"content-bg","22":"loop-entry"},"yoast_head":"<!-- This site is optimized with the Yoast SEO plugin v27.5 - https:\/\/yoast.com\/product\/yoast-seo-wordpress\/ -->\n<title>\u00d5HKSOOJENDI- WALLAS 1300, 12 V - NORDLINE s\u00f5udepaadid ja mootorpaadid. Klaasfiiber materjalist.<\/title>\n<meta name=\"robots\" content=\"index, follow, max-snippet:-1, max-image-preview:large, max-video-preview:-1\" \/>\n<link rel=\"canonical\" href=\"https:\/\/nordlinepaadid.ee\/et\/pood\/heating-cooling-cooking\/air-heaters\/ohksoojendi-wallas-1300-12-v\/\" \/>\n<meta property=\"og:locale\" content=\"et_EE\" \/>\n<meta property=\"og:type\" content=\"article\" \/>\n<meta property=\"og:title\" content=\"\u00d5HKSOOJENDI- WALLAS 1300, 12 V - NORDLINE s\u00f5udepaadid ja mootorpaadid. Klaasfiiber materjalist.\" \/>\n<meta property=\"og:description\" content=\"Wallas 1300 on ideaalne petrooleumil t\u00f6\u00f6tav k\u00fctteseade suuremate salongide v\u00f5i kokpittide soojendamiseks (kuni 50 m\u00b2). See k\u00fctteseade on v\u00e4ga kompaktne \u2013 k\u00f5ik vajalik on mahutatud \u00fchte korpusesse : k\u00fctusepump, juhtl\u00fcliti ja sooja\u00f5hupuhur. K\u00fctteseadet on seega \u00e4\u00e4rmiselt lihtne paigaldada. T\u00e4nu suletud kambris p\u00f5lemisprotsessile on k\u00fctteseadme m\u00fcratase v\u00e4ga madal. 1300 vajab paigalduseks v\u00e4ljalaskeava, \u00fchendust aku ja petrooleumiga...\" \/>\n<meta property=\"og:url\" content=\"https:\/\/nordlinepaadid.ee\/et\/pood\/heating-cooling-cooking\/air-heaters\/ohksoojendi-wallas-1300-12-v\/\" \/>\n<meta property=\"og:site_name\" content=\"NORDLINE s\u00f5udepaadid ja mootorpaadid. Klaasfiiber materjalist.\" \/>\n<meta property=\"article:publisher\" content=\"https:\/\/www.facebook.com\/nordlineboats\" \/>\n<meta property=\"article:modified_time\" content=\"2026-05-11T11:02:05+00:00\" \/>\n<meta property=\"og:image\" content=\"https:\/\/nordlinepaadid.ee\/wp-content\/uploads\/2026\/04\/7199_1300.png\" \/>\n\t<meta property=\"og:image:width\" content=\"399\" \/>\n\t<meta property=\"og:image:height\" content=\"337\" \/>\n\t<meta property=\"og:image:type\" content=\"image\/png\" \/>\n<meta name=\"twitter:card\" content=\"summary_large_image\" \/>\n<meta name=\"twitter:label1\" content=\"Est. reading time\" \/>\n\t<meta name=\"twitter:data1\" content=\"1 minut\" \/>\n<script type=\"application\/ld+json\" class=\"yoast-schema-graph\">{\"@context\":\"https:\\\/\\\/schema.org\",\"@graph\":[{\"@type\":\"WebPage\",\"@id\":\"https:\\\/\\\/nordlinepaadid.ee\\\/et\\\/pood\\\/heating-cooling-cooking\\\/air-heaters\\\/ohksoojendi-wallas-1300-12-v\\\/\",\"url\":\"https:\\\/\\\/nordlinepaadid.ee\\\/et\\\/pood\\\/heating-cooling-cooking\\\/air-heaters\\\/ohksoojendi-wallas-1300-12-v\\\/\",\"name\":\"\u00d5HKSOOJENDI- WALLAS 1300, 12 V - NORDLINE s\u00f5udepaadid ja mootorpaadid. Klaasfiiber materjalist.\",\"isPartOf\":{\"@id\":\"https:\\\/\\\/nordlinepaadid.ee\\\/et\\\/#website\"},\"primaryImageOfPage\":{\"@id\":\"https:\\\/\\\/nordlinepaadid.ee\\\/et\\\/pood\\\/heating-cooling-cooking\\\/air-heaters\\\/ohksoojendi-wallas-1300-12-v\\\/#primaryimage\"},\"image\":{\"@id\":\"https:\\\/\\\/nordlinepaadid.ee\\\/et\\\/pood\\\/heating-cooling-cooking\\\/air-heaters\\\/ohksoojendi-wallas-1300-12-v\\\/#primaryimage\"},\"thumbnailUrl\":\"https:\\\/\\\/nordlinepaadid.ee\\\/wp-content\\\/uploads\\\/2026\\\/04\\\/7199_1300.png\",\"datePublished\":\"2026-05-08T00:17:11+00:00\",\"dateModified\":\"2026-05-11T11:02:05+00:00\",\"breadcrumb\":{\"@id\":\"https:\\\/\\\/nordlinepaadid.ee\\\/et\\\/pood\\\/heating-cooling-cooking\\\/air-heaters\\\/ohksoojendi-wallas-1300-12-v\\\/#breadcrumb\"},\"inLanguage\":\"et\",\"potentialAction\":[{\"@type\":\"ReadAction\",\"target\":[\"https:\\\/\\\/nordlinepaadid.ee\\\/et\\\/pood\\\/heating-cooling-cooking\\\/air-heaters\\\/ohksoojendi-wallas-1300-12-v\\\/\"]}]},{\"@type\":\"ImageObject\",\"inLanguage\":\"et\",\"@id\":\"https:\\\/\\\/nordlinepaadid.ee\\\/et\\\/pood\\\/heating-cooling-cooking\\\/air-heaters\\\/ohksoojendi-wallas-1300-12-v\\\/#primaryimage\",\"url\":\"https:\\\/\\\/nordlinepaadid.ee\\\/wp-content\\\/uploads\\\/2026\\\/04\\\/7199_1300.png\",\"contentUrl\":\"https:\\\/\\\/nordlinepaadid.ee\\\/wp-content\\\/uploads\\\/2026\\\/04\\\/7199_1300.png\",\"width\":399,\"height\":337},{\"@type\":\"BreadcrumbList\",\"@id\":\"https:\\\/\\\/nordlinepaadid.ee\\\/et\\\/pood\\\/heating-cooling-cooking\\\/air-heaters\\\/ohksoojendi-wallas-1300-12-v\\\/#breadcrumb\",\"itemListElement\":[{\"@type\":\"ListItem\",\"position\":1,\"name\":\"Home\",\"item\":\"https:\\\/\\\/nordlinepaadid.ee\\\/et\\\/\"},{\"@type\":\"ListItem\",\"position\":2,\"name\":\"Pood\",\"item\":\"https:\\\/\\\/nordlinepaadid.ee\\\/et\\\/pood\\\/\"},{\"@type\":\"ListItem\",\"position\":3,\"name\":\"\u00d5HKSOOJENDI- WALLAS 1300, 12 V\"}]},{\"@type\":\"WebSite\",\"@id\":\"https:\\\/\\\/nordlinepaadid.ee\\\/et\\\/#website\",\"url\":\"https:\\\/\\\/nordlinepaadid.ee\\\/et\\\/\",\"name\":\"NORDLINE s\u00f5udepaadid ja mootorpaadid. Klaasfiiber materjalist.\",\"description\":\"\",\"publisher\":{\"@id\":\"https:\\\/\\\/nordlinepaadid.ee\\\/et\\\/#organization\"},\"potentialAction\":[{\"@type\":\"SearchAction\",\"target\":{\"@type\":\"EntryPoint\",\"urlTemplate\":\"https:\\\/\\\/nordlinepaadid.ee\\\/et\\\/?s={search_term_string}\"},\"query-input\":{\"@type\":\"PropertyValueSpecification\",\"valueRequired\":true,\"valueName\":\"search_term_string\"}}],\"inLanguage\":\"et\"},{\"@type\":\"Organization\",\"@id\":\"https:\\\/\\\/nordlinepaadid.ee\\\/et\\\/#organization\",\"name\":\"Nordlineboats\",\"url\":\"https:\\\/\\\/nordlinepaadid.ee\\\/et\\\/\",\"logo\":{\"@type\":\"ImageObject\",\"inLanguage\":\"et\",\"@id\":\"https:\\\/\\\/nordlinepaadid.ee\\\/et\\\/#\\\/schema\\\/logo\\\/image\\\/\",\"url\":\"https:\\\/\\\/nordlinepaadid.ee\\\/wp-content\\\/uploads\\\/2023\\\/01\\\/fulllogo_transparent_nobuffer-e1672750475494.png\",\"contentUrl\":\"https:\\\/\\\/nordlinepaadid.ee\\\/wp-content\\\/uploads\\\/2023\\\/01\\\/fulllogo_transparent_nobuffer-e1672750475494.png\",\"width\":150,\"height\":119,\"caption\":\"Nordlineboats\"},\"image\":{\"@id\":\"https:\\\/\\\/nordlinepaadid.ee\\\/et\\\/#\\\/schema\\\/logo\\\/image\\\/\"},\"sameAs\":[\"https:\\\/\\\/www.facebook.com\\\/nordlineboats\",\"https:\\\/\\\/www.youtube.com\\\/channel\\\/UCbgF0fy02y3QkFnujaLTaCA\"]}]}<\/script>\n<!-- \/ Yoast SEO plugin. -->","yoast_head_json":{"title":"\u00d5HKSOOJENDI- WALLAS 1300, 12 V - NORDLINE s\u00f5udepaadid ja mootorpaadid. Klaasfiiber materjalist.","robots":{"index":"index","follow":"follow","max-snippet":"max-snippet:-1","max-image-preview":"max-image-preview:large","max-video-preview":"max-video-preview:-1"},"canonical":"https:\/\/nordlinepaadid.ee\/et\/pood\/heating-cooling-cooking\/air-heaters\/ohksoojendi-wallas-1300-12-v\/","og_locale":"et_EE","og_type":"article","og_title":"\u00d5HKSOOJENDI- WALLAS 1300, 12 V - NORDLINE s\u00f5udepaadid ja mootorpaadid. Klaasfiiber materjalist.","og_description":"Wallas 1300 on ideaalne petrooleumil t\u00f6\u00f6tav k\u00fctteseade suuremate salongide v\u00f5i kokpittide soojendamiseks (kuni 50 m\u00b2). See k\u00fctteseade on v\u00e4ga kompaktne \u2013 k\u00f5ik vajalik on mahutatud \u00fchte korpusesse : k\u00fctusepump, juhtl\u00fcliti ja sooja\u00f5hupuhur. K\u00fctteseadet on seega \u00e4\u00e4rmiselt lihtne paigaldada. T\u00e4nu suletud kambris p\u00f5lemisprotsessile on k\u00fctteseadme m\u00fcratase v\u00e4ga madal. 1300 vajab paigalduseks v\u00e4ljalaskeava, \u00fchendust aku ja petrooleumiga...","og_url":"https:\/\/nordlinepaadid.ee\/et\/pood\/heating-cooling-cooking\/air-heaters\/ohksoojendi-wallas-1300-12-v\/","og_site_name":"NORDLINE s\u00f5udepaadid ja mootorpaadid. Klaasfiiber materjalist.","article_publisher":"https:\/\/www.facebook.com\/nordlineboats","article_modified_time":"2026-05-11T11:02:05+00:00","og_image":[{"width":399,"height":337,"url":"https:\/\/nordlinepaadid.ee\/wp-content\/uploads\/2026\/04\/7199_1300.png","type":"image\/png"}],"twitter_card":"summary_large_image","twitter_misc":{"Est. reading time":"1 minut"},"schema":{"@context":"https:\/\/schema.org","@graph":[{"@type":"WebPage","@id":"https:\/\/nordlinepaadid.ee\/et\/pood\/heating-cooling-cooking\/air-heaters\/ohksoojendi-wallas-1300-12-v\/","url":"https:\/\/nordlinepaadid.ee\/et\/pood\/heating-cooling-cooking\/air-heaters\/ohksoojendi-wallas-1300-12-v\/","name":"\u00d5HKSOOJENDI- WALLAS 1300, 12 V - NORDLINE s\u00f5udepaadid ja mootorpaadid. Klaasfiiber materjalist.","isPartOf":{"@id":"https:\/\/nordlinepaadid.ee\/et\/#website"},"primaryImageOfPage":{"@id":"https:\/\/nordlinepaadid.ee\/et\/pood\/heating-cooling-cooking\/air-heaters\/ohksoojendi-wallas-1300-12-v\/#primaryimage"},"image":{"@id":"https:\/\/nordlinepaadid.ee\/et\/pood\/heating-cooling-cooking\/air-heaters\/ohksoojendi-wallas-1300-12-v\/#primaryimage"},"thumbnailUrl":"https:\/\/nordlinepaadid.ee\/wp-content\/uploads\/2026\/04\/7199_1300.png","datePublished":"2026-05-08T00:17:11+00:00","dateModified":"2026-05-11T11:02:05+00:00","breadcrumb":{"@id":"https:\/\/nordlinepaadid.ee\/et\/pood\/heating-cooling-cooking\/air-heaters\/ohksoojendi-wallas-1300-12-v\/#breadcrumb"},"inLanguage":"et","potentialAction":[{"@type":"ReadAction","target":["https:\/\/nordlinepaadid.ee\/et\/pood\/heating-cooling-cooking\/air-heaters\/ohksoojendi-wallas-1300-12-v\/"]}]},{"@type":"ImageObject","inLanguage":"et","@id":"https:\/\/nordlinepaadid.ee\/et\/pood\/heating-cooling-cooking\/air-heaters\/ohksoojendi-wallas-1300-12-v\/#primaryimage","url":"https:\/\/nordlinepaadid.ee\/wp-content\/uploads\/2026\/04\/7199_1300.png","contentUrl":"https:\/\/nordlinepaadid.ee\/wp-content\/uploads\/2026\/04\/7199_1300.png","width":399,"height":337},{"@type":"BreadcrumbList","@id":"https:\/\/nordlinepaadid.ee\/et\/pood\/heating-cooling-cooking\/air-heaters\/ohksoojendi-wallas-1300-12-v\/#breadcrumb","itemListElement":[{"@type":"ListItem","position":1,"name":"Home","item":"https:\/\/nordlinepaadid.ee\/et\/"},{"@type":"ListItem","position":2,"name":"Pood","item":"https:\/\/nordlinepaadid.ee\/et\/pood\/"},{"@type":"ListItem","position":3,"name":"\u00d5HKSOOJENDI- WALLAS 1300, 12 V"}]},{"@type":"WebSite","@id":"https:\/\/nordlinepaadid.ee\/et\/#website","url":"https:\/\/nordlinepaadid.ee\/et\/","name":"NORDLINE s\u00f5udepaadid ja mootorpaadid. Klaasfiiber materjalist.","description":"","publisher":{"@id":"https:\/\/nordlinepaadid.ee\/et\/#organization"},"potentialAction":[{"@type":"SearchAction","target":{"@type":"EntryPoint","urlTemplate":"https:\/\/nordlinepaadid.ee\/et\/?s={search_term_string}"},"query-input":{"@type":"PropertyValueSpecification","valueRequired":true,"valueName":"search_term_string"}}],"inLanguage":"et"},{"@type":"Organization","@id":"https:\/\/nordlinepaadid.ee\/et\/#organization","name":"Nordlineboats","url":"https:\/\/nordlinepaadid.ee\/et\/","logo":{"@type":"ImageObject","inLanguage":"et","@id":"https:\/\/nordlinepaadid.ee\/et\/#\/schema\/logo\/image\/","url":"https:\/\/nordlinepaadid.ee\/wp-content\/uploads\/2023\/01\/fulllogo_transparent_nobuffer-e1672750475494.png","contentUrl":"https:\/\/nordlinepaadid.ee\/wp-content\/uploads\/2023\/01\/fulllogo_transparent_nobuffer-e1672750475494.png","width":150,"height":119,"caption":"Nordlineboats"},"image":{"@id":"https:\/\/nordlinepaadid.ee\/et\/#\/schema\/logo\/image\/"},"sameAs":["https:\/\/www.facebook.com\/nordlineboats","https:\/\/www.youtube.com\/channel\/UCbgF0fy02y3QkFnujaLTaCA"]}]}},"taxonomy_info":{"product_cat":[{"value":1780,"label":"K\u00dcTTESEADMED, JAHUTUSSEADMED"},{"value":359,"label":"K\u00dcTTESEADMED, JAHUTUSSEADMED"},{"value":1781,"label":"K\u00fcttes\u00fcsteemid"},{"value":360,"label":"K\u00fcttes\u00fcsteemid"}],"pa_producer":[{"value":608,"label":"Wallas-Marin"}],"pa_unit":[{"value":416,"label":"pcs"}]},"featured_image_src_large":["https:\/\/nordlinepaadid.ee\/wp-content\/uploads\/2026\/04\/7199_1300.png",399,337,false],"author_info":[],"comment_info":"","_links":{"self":[{"href":"https:\/\/nordlinepaadid.ee\/et\/wp-json\/wp\/v2\/product\/59950","targetHints":{"allow":["GET"]}}],"collection":[{"href":"https:\/\/nordlinepaadid.ee\/et\/wp-json\/wp\/v2\/product"}],"about":[{"href":"https:\/\/nordlinepaadid.ee\/et\/wp-json\/wp\/v2\/types\/product"}],"wp:featuredmedia":[{"embeddable":true,"href":"https:\/\/nordlinepaadid.ee\/et\/wp-json\/wp\/v2\/media\/59951"}],"wp:attachment":[{"href":"https:\/\/nordlinepaadid.ee\/et\/wp-json\/wp\/v2\/media?parent=59950"}],"wp:term":[{"taxonomy":"product_brand","embeddable":true,"href":"https:\/\/nordlinepaadid.ee\/et\/wp-json\/wp\/v2\/product_brand?post=59950"},{"taxonomy":"product_cat","embeddable":true,"href":"https:\/\/nordlinepaadid.ee\/et\/wp-json\/wp\/v2\/product_cat?post=59950"},{"taxonomy":"product_tag","embeddable":true,"href":"https:\/\/nordlinepaadid.ee\/et\/wp-json\/wp\/v2\/product_tag?post=59950"}],"curies":[{"name":"wp","href":"https:\/\/api.w.org\/{rel}","templated":true}]}}