{"id":60086,"date":"2026-04-21T03:26:21","date_gmt":"2026-04-21T00:26:21","guid":{"rendered":"https:\/\/nordlinepaadid.ee\/pood\/maaratlemata\/jalanoud-chatham-pacific-naistele-nr-37\/"},"modified":"2026-04-22T12:03:38","modified_gmt":"2026-04-22T09:03:38","slug":"jalanoud-chatham-pacific-naistele-nr-37","status":"publish","type":"product","link":"https:\/\/nordlinepaadid.ee\/et\/pood\/marine-clothing-and-shoes\/jalanoud-chatham-pacific-naistele-nr-37\/","title":{"rendered":"JALAN\u00d5UD- CHATHAM PACIFIC, NAISTELE, nr.37"},"content":{"rendered":"<p style=\"text-align:justify\">Klassikaline suvine purjetamisking, Pacific, on \u00fcks enimm\u00fc\u00fcdumaid G2 kollektsiooni jalan\u00f5udest, mis on tuntud oma kauakestvate ja kvaliteetsete mudelite poolest. Pacific jalan\u00f5ud on valmistatud pestavast nahast, millel on stiilsed valged paelad. T\u00e4iustatud ja haarduv tald ning uus antibakteriaalne sisetalla pehmendus, mis pakub maksimaalset mugavust. G2 kollektsiooni jalan\u00f5udele kehtib 2-aastane tootjapoolne garantii.<\/p>\n<p>&#13;<\/p>\n<p><iframe loading=\"lazy\" allowfullscreen=\"\" frameborder=\"0\" height=\"360\" src=\"\/\/www.youtube.com\/embed\/mi5YHZr7SbA?rel=0\" width=\"640\"><\/iframe><\/p>\n<p>&#13;<\/p>\n","protected":false},"excerpt":{"rendered":"<p>Klassikaline suvine purjetamisking, Pacific, on \u00fcks enimm\u00fc\u00fcdumaid G2 kollektsiooni jalan\u00f5udest, mis on tuntud oma kauakestvate ja kvaliteetsete mudelite poolest. Pacific jalan\u00f5ud on valmistatud pestavast nahast, millel on stiilsed valged paelad. T\u00e4iustatud ja haarduv tald ning uus antibakteriaalne sisetalla pehmendus, mis pakub maksimaalset mugavust. G2 kollektsiooni jalan\u00f5udele kehtib 2-aastane tootjapoolne garantii. &#13; &#13;<\/p>\n","protected":false},"featured_media":26323,"template":"","meta":{"_kad_blocks_custom_css":"","_kad_blocks_head_custom_js":"","_kad_blocks_body_custom_js":"","_kad_blocks_footer_custom_js":"","_kad_post_transparent":"","_kad_post_title":"","_kad_post_layout":"","_kad_post_sidebar_id":"","_kad_post_content_style":"","_kad_post_vertical_padding":"","_kad_post_feature":"","_kad_post_feature_position":"","_kad_post_header":false,"_kad_post_footer":false,"_kad_post_classname":""},"product_brand":[],"product_cat":[354,232],"product_tag":[],"class_list":{"0":"post-60086","1":"product","2":"type-product","3":"status-publish","4":"has-post-thumbnail","6":"product_cat-outlet","7":"product_cat-marine-clothing-and-shoes","8":"pa_color-helehall-2","9":"pa_producer-chatham","10":"pa_unit-pair","11":"tm-no-options","13":"first","14":"onbackorder","15":"sale","16":"taxable","17":"shipping-taxable","18":"purchasable","19":"product-type-simple","20":"entry","21":"content-bg","22":"loop-entry"},"yoast_head":"<!-- This site is optimized with the Yoast SEO plugin v27.4 - https:\/\/yoast.com\/product\/yoast-seo-wordpress\/ -->\n<title>JALAN\u00d5UD- CHATHAM PACIFIC, NAISTELE, nr.37 - NORDLINE s\u00f5udepaadid ja mootorpaadid. Klaasfiiber materjalist.<\/title>\n<meta name=\"robots\" content=\"index, follow, max-snippet:-1, max-image-preview:large, max-video-preview:-1\" \/>\n<link rel=\"canonical\" href=\"https:\/\/nordlinepaadid.ee\/et\/pood\/marine-clothing-and-shoes\/jalanoud-chatham-pacific-naistele-nr-37\/\" \/>\n<meta property=\"og:locale\" content=\"et_EE\" \/>\n<meta property=\"og:type\" content=\"article\" \/>\n<meta property=\"og:title\" content=\"JALAN\u00d5UD- CHATHAM PACIFIC, NAISTELE, nr.37 - NORDLINE s\u00f5udepaadid ja mootorpaadid. Klaasfiiber materjalist.\" \/>\n<meta property=\"og:description\" content=\"Klassikaline suvine purjetamisking, Pacific, on \u00fcks enimm\u00fc\u00fcdumaid G2 kollektsiooni jalan\u00f5udest, mis on tuntud oma kauakestvate ja kvaliteetsete mudelite poolest. Pacific jalan\u00f5ud on valmistatud pestavast nahast, millel on stiilsed valged paelad. T\u00e4iustatud ja haarduv tald ning uus antibakteriaalne sisetalla pehmendus, mis pakub maksimaalset mugavust. G2 kollektsiooni jalan\u00f5udele kehtib 2-aastane tootjapoolne garantii. &#013; &#013;\" \/>\n<meta property=\"og:url\" content=\"https:\/\/nordlinepaadid.ee\/et\/pood\/marine-clothing-and-shoes\/jalanoud-chatham-pacific-naistele-nr-37\/\" \/>\n<meta property=\"og:site_name\" content=\"NORDLINE s\u00f5udepaadid ja mootorpaadid. Klaasfiiber materjalist.\" \/>\n<meta property=\"article:publisher\" content=\"https:\/\/www.facebook.com\/nordlineboats\" \/>\n<meta property=\"article:modified_time\" content=\"2026-04-22T09:03:38+00:00\" \/>\n<meta property=\"og:image\" content=\"https:\/\/nordlinepaadid.ee\/wp-content\/uploads\/2023\/03\/7432_10578-4.jpg\" \/>\n\t<meta property=\"og:image:width\" content=\"800\" \/>\n\t<meta property=\"og:image:height\" content=\"468\" \/>\n\t<meta property=\"og:image:type\" content=\"image\/jpeg\" \/>\n<meta name=\"twitter:card\" content=\"summary_large_image\" \/>\n<script type=\"application\/ld+json\" class=\"yoast-schema-graph\">{\"@context\":\"https:\\\/\\\/schema.org\",\"@graph\":[{\"@type\":\"WebPage\",\"@id\":\"https:\\\/\\\/nordlinepaadid.ee\\\/et\\\/pood\\\/marine-clothing-and-shoes\\\/jalanoud-chatham-pacific-naistele-nr-37\\\/\",\"url\":\"https:\\\/\\\/nordlinepaadid.ee\\\/et\\\/pood\\\/marine-clothing-and-shoes\\\/jalanoud-chatham-pacific-naistele-nr-37\\\/\",\"name\":\"JALAN\u00d5UD- CHATHAM PACIFIC, NAISTELE, nr.37 - NORDLINE s\u00f5udepaadid ja mootorpaadid. Klaasfiiber materjalist.\",\"isPartOf\":{\"@id\":\"https:\\\/\\\/nordlinepaadid.ee\\\/et\\\/#website\"},\"primaryImageOfPage\":{\"@id\":\"https:\\\/\\\/nordlinepaadid.ee\\\/et\\\/pood\\\/marine-clothing-and-shoes\\\/jalanoud-chatham-pacific-naistele-nr-37\\\/#primaryimage\"},\"image\":{\"@id\":\"https:\\\/\\\/nordlinepaadid.ee\\\/et\\\/pood\\\/marine-clothing-and-shoes\\\/jalanoud-chatham-pacific-naistele-nr-37\\\/#primaryimage\"},\"thumbnailUrl\":\"https:\\\/\\\/nordlinepaadid.ee\\\/wp-content\\\/uploads\\\/2023\\\/03\\\/7432_10578-4.jpg\",\"datePublished\":\"2026-04-21T00:26:21+00:00\",\"dateModified\":\"2026-04-22T09:03:38+00:00\",\"breadcrumb\":{\"@id\":\"https:\\\/\\\/nordlinepaadid.ee\\\/et\\\/pood\\\/marine-clothing-and-shoes\\\/jalanoud-chatham-pacific-naistele-nr-37\\\/#breadcrumb\"},\"inLanguage\":\"et\",\"potentialAction\":[{\"@type\":\"ReadAction\",\"target\":[\"https:\\\/\\\/nordlinepaadid.ee\\\/et\\\/pood\\\/marine-clothing-and-shoes\\\/jalanoud-chatham-pacific-naistele-nr-37\\\/\"]}]},{\"@type\":\"ImageObject\",\"inLanguage\":\"et\",\"@id\":\"https:\\\/\\\/nordlinepaadid.ee\\\/et\\\/pood\\\/marine-clothing-and-shoes\\\/jalanoud-chatham-pacific-naistele-nr-37\\\/#primaryimage\",\"url\":\"https:\\\/\\\/nordlinepaadid.ee\\\/wp-content\\\/uploads\\\/2023\\\/03\\\/7432_10578-4.jpg\",\"contentUrl\":\"https:\\\/\\\/nordlinepaadid.ee\\\/wp-content\\\/uploads\\\/2023\\\/03\\\/7432_10578-4.jpg\",\"width\":800,\"height\":468},{\"@type\":\"BreadcrumbList\",\"@id\":\"https:\\\/\\\/nordlinepaadid.ee\\\/et\\\/pood\\\/marine-clothing-and-shoes\\\/jalanoud-chatham-pacific-naistele-nr-37\\\/#breadcrumb\",\"itemListElement\":[{\"@type\":\"ListItem\",\"position\":1,\"name\":\"Home\",\"item\":\"https:\\\/\\\/nordlinepaadid.ee\\\/et\\\/\"},{\"@type\":\"ListItem\",\"position\":2,\"name\":\"Pood\",\"item\":\"https:\\\/\\\/nordlinepaadid.ee\\\/et\\\/pood\\\/\"},{\"@type\":\"ListItem\",\"position\":3,\"name\":\"JALAN\u00d5UD- CHATHAM PACIFIC, NAISTELE, nr.37\"}]},{\"@type\":\"WebSite\",\"@id\":\"https:\\\/\\\/nordlinepaadid.ee\\\/et\\\/#website\",\"url\":\"https:\\\/\\\/nordlinepaadid.ee\\\/et\\\/\",\"name\":\"NORDLINE s\u00f5udepaadid ja mootorpaadid. Klaasfiiber materjalist.\",\"description\":\"\",\"publisher\":{\"@id\":\"https:\\\/\\\/nordlinepaadid.ee\\\/et\\\/#organization\"},\"potentialAction\":[{\"@type\":\"SearchAction\",\"target\":{\"@type\":\"EntryPoint\",\"urlTemplate\":\"https:\\\/\\\/nordlinepaadid.ee\\\/et\\\/?s={search_term_string}\"},\"query-input\":{\"@type\":\"PropertyValueSpecification\",\"valueRequired\":true,\"valueName\":\"search_term_string\"}}],\"inLanguage\":\"et\"},{\"@type\":\"Organization\",\"@id\":\"https:\\\/\\\/nordlinepaadid.ee\\\/et\\\/#organization\",\"name\":\"Nordlineboats\",\"url\":\"https:\\\/\\\/nordlinepaadid.ee\\\/et\\\/\",\"logo\":{\"@type\":\"ImageObject\",\"inLanguage\":\"et\",\"@id\":\"https:\\\/\\\/nordlinepaadid.ee\\\/et\\\/#\\\/schema\\\/logo\\\/image\\\/\",\"url\":\"https:\\\/\\\/nordlinepaadid.ee\\\/wp-content\\\/uploads\\\/2023\\\/01\\\/fulllogo_transparent_nobuffer-e1672750475494.png\",\"contentUrl\":\"https:\\\/\\\/nordlinepaadid.ee\\\/wp-content\\\/uploads\\\/2023\\\/01\\\/fulllogo_transparent_nobuffer-e1672750475494.png\",\"width\":150,\"height\":119,\"caption\":\"Nordlineboats\"},\"image\":{\"@id\":\"https:\\\/\\\/nordlinepaadid.ee\\\/et\\\/#\\\/schema\\\/logo\\\/image\\\/\"},\"sameAs\":[\"https:\\\/\\\/www.facebook.com\\\/nordlineboats\",\"https:\\\/\\\/www.youtube.com\\\/channel\\\/UCbgF0fy02y3QkFnujaLTaCA\"]}]}<\/script>\n<!-- \/ Yoast SEO plugin. -->","yoast_head_json":{"title":"JALAN\u00d5UD- CHATHAM PACIFIC, NAISTELE, nr.37 - NORDLINE s\u00f5udepaadid ja mootorpaadid. Klaasfiiber materjalist.","robots":{"index":"index","follow":"follow","max-snippet":"max-snippet:-1","max-image-preview":"max-image-preview:large","max-video-preview":"max-video-preview:-1"},"canonical":"https:\/\/nordlinepaadid.ee\/et\/pood\/marine-clothing-and-shoes\/jalanoud-chatham-pacific-naistele-nr-37\/","og_locale":"et_EE","og_type":"article","og_title":"JALAN\u00d5UD- CHATHAM PACIFIC, NAISTELE, nr.37 - NORDLINE s\u00f5udepaadid ja mootorpaadid. Klaasfiiber materjalist.","og_description":"Klassikaline suvine purjetamisking, Pacific, on \u00fcks enimm\u00fc\u00fcdumaid G2 kollektsiooni jalan\u00f5udest, mis on tuntud oma kauakestvate ja kvaliteetsete mudelite poolest. Pacific jalan\u00f5ud on valmistatud pestavast nahast, millel on stiilsed valged paelad. T\u00e4iustatud ja haarduv tald ning uus antibakteriaalne sisetalla pehmendus, mis pakub maksimaalset mugavust. G2 kollektsiooni jalan\u00f5udele kehtib 2-aastane tootjapoolne garantii. &#13; &#13;","og_url":"https:\/\/nordlinepaadid.ee\/et\/pood\/marine-clothing-and-shoes\/jalanoud-chatham-pacific-naistele-nr-37\/","og_site_name":"NORDLINE s\u00f5udepaadid ja mootorpaadid. Klaasfiiber materjalist.","article_publisher":"https:\/\/www.facebook.com\/nordlineboats","article_modified_time":"2026-04-22T09:03:38+00:00","og_image":[{"width":800,"height":468,"url":"https:\/\/nordlinepaadid.ee\/wp-content\/uploads\/2023\/03\/7432_10578-4.jpg","type":"image\/jpeg"}],"twitter_card":"summary_large_image","schema":{"@context":"https:\/\/schema.org","@graph":[{"@type":"WebPage","@id":"https:\/\/nordlinepaadid.ee\/et\/pood\/marine-clothing-and-shoes\/jalanoud-chatham-pacific-naistele-nr-37\/","url":"https:\/\/nordlinepaadid.ee\/et\/pood\/marine-clothing-and-shoes\/jalanoud-chatham-pacific-naistele-nr-37\/","name":"JALAN\u00d5UD- CHATHAM PACIFIC, NAISTELE, nr.37 - NORDLINE s\u00f5udepaadid ja mootorpaadid. Klaasfiiber materjalist.","isPartOf":{"@id":"https:\/\/nordlinepaadid.ee\/et\/#website"},"primaryImageOfPage":{"@id":"https:\/\/nordlinepaadid.ee\/et\/pood\/marine-clothing-and-shoes\/jalanoud-chatham-pacific-naistele-nr-37\/#primaryimage"},"image":{"@id":"https:\/\/nordlinepaadid.ee\/et\/pood\/marine-clothing-and-shoes\/jalanoud-chatham-pacific-naistele-nr-37\/#primaryimage"},"thumbnailUrl":"https:\/\/nordlinepaadid.ee\/wp-content\/uploads\/2023\/03\/7432_10578-4.jpg","datePublished":"2026-04-21T00:26:21+00:00","dateModified":"2026-04-22T09:03:38+00:00","breadcrumb":{"@id":"https:\/\/nordlinepaadid.ee\/et\/pood\/marine-clothing-and-shoes\/jalanoud-chatham-pacific-naistele-nr-37\/#breadcrumb"},"inLanguage":"et","potentialAction":[{"@type":"ReadAction","target":["https:\/\/nordlinepaadid.ee\/et\/pood\/marine-clothing-and-shoes\/jalanoud-chatham-pacific-naistele-nr-37\/"]}]},{"@type":"ImageObject","inLanguage":"et","@id":"https:\/\/nordlinepaadid.ee\/et\/pood\/marine-clothing-and-shoes\/jalanoud-chatham-pacific-naistele-nr-37\/#primaryimage","url":"https:\/\/nordlinepaadid.ee\/wp-content\/uploads\/2023\/03\/7432_10578-4.jpg","contentUrl":"https:\/\/nordlinepaadid.ee\/wp-content\/uploads\/2023\/03\/7432_10578-4.jpg","width":800,"height":468},{"@type":"BreadcrumbList","@id":"https:\/\/nordlinepaadid.ee\/et\/pood\/marine-clothing-and-shoes\/jalanoud-chatham-pacific-naistele-nr-37\/#breadcrumb","itemListElement":[{"@type":"ListItem","position":1,"name":"Home","item":"https:\/\/nordlinepaadid.ee\/et\/"},{"@type":"ListItem","position":2,"name":"Pood","item":"https:\/\/nordlinepaadid.ee\/et\/pood\/"},{"@type":"ListItem","position":3,"name":"JALAN\u00d5UD- CHATHAM PACIFIC, NAISTELE, nr.37"}]},{"@type":"WebSite","@id":"https:\/\/nordlinepaadid.ee\/et\/#website","url":"https:\/\/nordlinepaadid.ee\/et\/","name":"NORDLINE s\u00f5udepaadid ja mootorpaadid. Klaasfiiber materjalist.","description":"","publisher":{"@id":"https:\/\/nordlinepaadid.ee\/et\/#organization"},"potentialAction":[{"@type":"SearchAction","target":{"@type":"EntryPoint","urlTemplate":"https:\/\/nordlinepaadid.ee\/et\/?s={search_term_string}"},"query-input":{"@type":"PropertyValueSpecification","valueRequired":true,"valueName":"search_term_string"}}],"inLanguage":"et"},{"@type":"Organization","@id":"https:\/\/nordlinepaadid.ee\/et\/#organization","name":"Nordlineboats","url":"https:\/\/nordlinepaadid.ee\/et\/","logo":{"@type":"ImageObject","inLanguage":"et","@id":"https:\/\/nordlinepaadid.ee\/et\/#\/schema\/logo\/image\/","url":"https:\/\/nordlinepaadid.ee\/wp-content\/uploads\/2023\/01\/fulllogo_transparent_nobuffer-e1672750475494.png","contentUrl":"https:\/\/nordlinepaadid.ee\/wp-content\/uploads\/2023\/01\/fulllogo_transparent_nobuffer-e1672750475494.png","width":150,"height":119,"caption":"Nordlineboats"},"image":{"@id":"https:\/\/nordlinepaadid.ee\/et\/#\/schema\/logo\/image\/"},"sameAs":["https:\/\/www.facebook.com\/nordlineboats","https:\/\/www.youtube.com\/channel\/UCbgF0fy02y3QkFnujaLTaCA"]}]}},"taxonomy_info":{"product_cat":[{"value":354,"label":"L\u00d5PUM\u00dc\u00dcK \/ OUTLET"},{"value":232,"label":"PURJETAMISRIIDED JA JALAN\u00d5UD"}],"pa_color":[{"value":1168,"label":"Helehall"}],"pa_producer":[{"value":558,"label":"Chatham"}],"pa_unit":[{"value":423,"label":"pair"}]},"featured_image_src_large":["https:\/\/nordlinepaadid.ee\/wp-content\/uploads\/2023\/03\/7432_10578-4.jpg",800,468,false],"author_info":[],"comment_info":"","_links":{"self":[{"href":"https:\/\/nordlinepaadid.ee\/et\/wp-json\/wp\/v2\/product\/60086","targetHints":{"allow":["GET"]}}],"collection":[{"href":"https:\/\/nordlinepaadid.ee\/et\/wp-json\/wp\/v2\/product"}],"about":[{"href":"https:\/\/nordlinepaadid.ee\/et\/wp-json\/wp\/v2\/types\/product"}],"wp:featuredmedia":[{"embeddable":true,"href":"https:\/\/nordlinepaadid.ee\/et\/wp-json\/wp\/v2\/media\/26323"}],"wp:attachment":[{"href":"https:\/\/nordlinepaadid.ee\/et\/wp-json\/wp\/v2\/media?parent=60086"}],"wp:term":[{"taxonomy":"product_brand","embeddable":true,"href":"https:\/\/nordlinepaadid.ee\/et\/wp-json\/wp\/v2\/product_brand?post=60086"},{"taxonomy":"product_cat","embeddable":true,"href":"https:\/\/nordlinepaadid.ee\/et\/wp-json\/wp\/v2\/product_cat?post=60086"},{"taxonomy":"product_tag","embeddable":true,"href":"https:\/\/nordlinepaadid.ee\/et\/wp-json\/wp\/v2\/product_tag?post=60086"}],"curies":[{"name":"wp","href":"https:\/\/api.w.org\/{rel}","templated":true}]}}