{"id":60256,"date":"2026-05-12T03:20:28","date_gmt":"2026-05-12T00:20:28","guid":{"rendered":"https:\/\/nordlinepaadid.ee\/pood\/maaratlemata\/ankruvints-lewmar-hx1-go-alumiinium-500-w-6-mm-ketile\/"},"modified":"2026-05-13T22:05:11","modified_gmt":"2026-05-13T19:05:11","slug":"ankruvints-lewmar-hx1-go-alumiinium-500-w-6-mm-ketile","status":"publish","type":"product","link":"https:\/\/nordlinepaadid.ee\/et\/pood\/ru-anchors-chains-wires\/anchor-winches-ru\/ankruvints-lewmar-hx1-go-alumiinium-500-w-6-mm-ketile\/","title":{"rendered":"ANKRUVINTS, LEWMAR HX1 GO, ALUMIINIUM, 500 W, 6 mm KETILE"},"content":{"rendered":"<p>HX seeria puhul on tegemist Lewmar t\u00e4iesti uue projektiga, mis puudutab nii v\u00e4limust kui ka mehhanismi. Tulemuseks on uus ja usaldusv\u00e4\u00e4rne ankruvints usshammasrattaga \u00fclekande ja otsemootoriga. HX seerial on vastupidav alumiiniumkorpus, katted on tehtud pol\u00fcmeerist. T\u00f6\u00f6tab koormuse all vaikselt.<\/p>\n<p>&#13;<\/p>\n<p><strong>Tehnilised andmed<\/strong><\/p>\n<p>&#13;<br \/>\n&#13;<\/p>\n<p>Toide \u2013 12 V<\/p>\n<p>&#13;<br \/>\n&#13;<\/p>\n<p>V\u00f5imsus \u2013 500 W<\/p>\n<p>&#13;<br \/>\n&#13;<\/p>\n<p>Keti l\u00e4bim\u00f5\u00f5t \u2013 6-7 mm<\/p>\n<p>&#13;<br \/>\n&#13;<\/p>\n<p>Otsa l\u00e4bim\u00f5\u00f5t \u2013 12-16 mm<\/p>\n<p>&#13;<br \/>\n&#13;<\/p>\n<p>Max koormus \u2013 700 kg<\/p>\n<p>&#13;<br \/>\n&#13;<\/p>\n<p>T\u00f6\u00f6koormus \u2013 175 kg<\/p>\n<p>&#13;<br \/>\n&#13;<\/p>\n<p>Max t\u00f5mbekiirus \u2013 20 m\/min<\/p>\n<p>&#13;<br \/>\n&#13;<\/p>\n<p>Pinge \u2013 75 A<\/p>\n<p>&#13;<br \/>\n&#13;<\/p>\n<p>Kaal \u2013 9,5 kg<\/p>\n<p>&#13;<\/p>\n","protected":false},"excerpt":{"rendered":"<p>HX seeria puhul on tegemist Lewmar t\u00e4iesti uue projektiga, mis puudutab nii v\u00e4limust kui ka mehhanismi. Tulemuseks on uus ja usaldusv\u00e4\u00e4rne ankruvints usshammasrattaga \u00fclekande ja otsemootoriga. HX seerial on vastupidav alumiiniumkorpus, katted on tehtud pol\u00fcmeerist. T\u00f6\u00f6tab koormuse all vaikselt. &#13; Tehnilised andmed &#13; &#13; Toide \u2013 12 V &#13; &#13; V\u00f5imsus \u2013 500 W &#13;&#8230;<\/p>\n","protected":false},"featured_media":26983,"template":"","meta":{"_kad_blocks_custom_css":"","_kad_blocks_head_custom_js":"","_kad_blocks_body_custom_js":"","_kad_blocks_footer_custom_js":"","_kad_post_transparent":"","_kad_post_title":"","_kad_post_layout":"","_kad_post_sidebar_id":"","_kad_post_content_style":"","_kad_post_vertical_padding":"","_kad_post_feature":"","_kad_post_feature_position":"","_kad_post_header":false,"_kad_post_footer":false,"_kad_post_classname":""},"product_brand":[],"product_cat":[246,389,938],"product_tag":[],"class_list":{"0":"post-60256","1":"product","2":"type-product","3":"status-publish","4":"has-post-thumbnail","6":"product_cat-ankrud-ketid-trossid","7":"product_cat-ankruvintsid","8":"product_cat-anchor-winches-ru","9":"pa_producer-lewmar","10":"pa_unit-kit","11":"tm-no-options","13":"first","14":"onbackorder","15":"taxable","16":"shipping-taxable","17":"purchasable","18":"product-type-simple","19":"entry","20":"content-bg","21":"loop-entry"},"yoast_head":"<!-- This site is optimized with the Yoast SEO plugin v27.5 - https:\/\/yoast.com\/product\/yoast-seo-wordpress\/ -->\n<title>ANKRUVINTS, LEWMAR HX1 GO, ALUMIINIUM, 500 W, 6 mm KETILE - NORDLINE s\u00f5udepaadid ja mootorpaadid. Klaasfiiber materjalist.<\/title>\n<meta name=\"robots\" content=\"index, follow, max-snippet:-1, max-image-preview:large, max-video-preview:-1\" \/>\n<link rel=\"canonical\" href=\"https:\/\/nordlinepaadid.ee\/et\/pood\/ru-anchors-chains-wires\/anchor-winches-ru\/ankruvints-lewmar-hx1-go-alumiinium-500-w-6-mm-ketile\/\" \/>\n<meta property=\"og:locale\" content=\"et_EE\" \/>\n<meta property=\"og:type\" content=\"article\" \/>\n<meta property=\"og:title\" content=\"ANKRUVINTS, LEWMAR HX1 GO, ALUMIINIUM, 500 W, 6 mm KETILE - NORDLINE s\u00f5udepaadid ja mootorpaadid. Klaasfiiber materjalist.\" \/>\n<meta property=\"og:description\" content=\"HX seeria puhul on tegemist Lewmar t\u00e4iesti uue projektiga, mis puudutab nii v\u00e4limust kui ka mehhanismi. Tulemuseks on uus ja usaldusv\u00e4\u00e4rne ankruvints usshammasrattaga \u00fclekande ja otsemootoriga. HX seerial on vastupidav alumiiniumkorpus, katted on tehtud pol\u00fcmeerist. T\u00f6\u00f6tab koormuse all vaikselt. &#013; Tehnilised andmed &#013; &#013; Toide \u2013 12 V &#013; &#013; V\u00f5imsus \u2013 500 W &#013;...\" \/>\n<meta property=\"og:url\" content=\"https:\/\/nordlinepaadid.ee\/et\/pood\/ru-anchors-chains-wires\/anchor-winches-ru\/ankruvints-lewmar-hx1-go-alumiinium-500-w-6-mm-ketile\/\" \/>\n<meta property=\"og:site_name\" content=\"NORDLINE s\u00f5udepaadid ja mootorpaadid. Klaasfiiber materjalist.\" \/>\n<meta property=\"article:publisher\" content=\"https:\/\/www.facebook.com\/nordlineboats\" \/>\n<meta property=\"article:modified_time\" content=\"2026-05-13T19:05:11+00:00\" \/>\n<meta property=\"og:image\" content=\"https:\/\/nordlinepaadid.ee\/wp-content\/uploads\/2023\/03\/7778_EN_02.605.xx_.jpg\" \/>\n\t<meta property=\"og:image:width\" content=\"521\" \/>\n\t<meta property=\"og:image:height\" content=\"325\" \/>\n\t<meta property=\"og:image:type\" content=\"image\/jpeg\" \/>\n<meta name=\"twitter:card\" content=\"summary_large_image\" \/>\n<script type=\"application\/ld+json\" class=\"yoast-schema-graph\">{\"@context\":\"https:\\\/\\\/schema.org\",\"@graph\":[{\"@type\":\"WebPage\",\"@id\":\"https:\\\/\\\/nordlinepaadid.ee\\\/et\\\/pood\\\/ru-anchors-chains-wires\\\/anchor-winches-ru\\\/ankruvints-lewmar-hx1-go-alumiinium-500-w-6-mm-ketile\\\/\",\"url\":\"https:\\\/\\\/nordlinepaadid.ee\\\/et\\\/pood\\\/ru-anchors-chains-wires\\\/anchor-winches-ru\\\/ankruvints-lewmar-hx1-go-alumiinium-500-w-6-mm-ketile\\\/\",\"name\":\"ANKRUVINTS, LEWMAR HX1 GO, ALUMIINIUM, 500 W, 6 mm KETILE - NORDLINE s\u00f5udepaadid ja mootorpaadid. Klaasfiiber materjalist.\",\"isPartOf\":{\"@id\":\"https:\\\/\\\/nordlinepaadid.ee\\\/et\\\/#website\"},\"primaryImageOfPage\":{\"@id\":\"https:\\\/\\\/nordlinepaadid.ee\\\/et\\\/pood\\\/ru-anchors-chains-wires\\\/anchor-winches-ru\\\/ankruvints-lewmar-hx1-go-alumiinium-500-w-6-mm-ketile\\\/#primaryimage\"},\"image\":{\"@id\":\"https:\\\/\\\/nordlinepaadid.ee\\\/et\\\/pood\\\/ru-anchors-chains-wires\\\/anchor-winches-ru\\\/ankruvints-lewmar-hx1-go-alumiinium-500-w-6-mm-ketile\\\/#primaryimage\"},\"thumbnailUrl\":\"https:\\\/\\\/nordlinepaadid.ee\\\/wp-content\\\/uploads\\\/2023\\\/03\\\/7778_EN_02.605.xx_.jpg\",\"datePublished\":\"2026-05-12T00:20:28+00:00\",\"dateModified\":\"2026-05-13T19:05:11+00:00\",\"breadcrumb\":{\"@id\":\"https:\\\/\\\/nordlinepaadid.ee\\\/et\\\/pood\\\/ru-anchors-chains-wires\\\/anchor-winches-ru\\\/ankruvints-lewmar-hx1-go-alumiinium-500-w-6-mm-ketile\\\/#breadcrumb\"},\"inLanguage\":\"et\",\"potentialAction\":[{\"@type\":\"ReadAction\",\"target\":[\"https:\\\/\\\/nordlinepaadid.ee\\\/et\\\/pood\\\/ru-anchors-chains-wires\\\/anchor-winches-ru\\\/ankruvints-lewmar-hx1-go-alumiinium-500-w-6-mm-ketile\\\/\"]}]},{\"@type\":\"ImageObject\",\"inLanguage\":\"et\",\"@id\":\"https:\\\/\\\/nordlinepaadid.ee\\\/et\\\/pood\\\/ru-anchors-chains-wires\\\/anchor-winches-ru\\\/ankruvints-lewmar-hx1-go-alumiinium-500-w-6-mm-ketile\\\/#primaryimage\",\"url\":\"https:\\\/\\\/nordlinepaadid.ee\\\/wp-content\\\/uploads\\\/2023\\\/03\\\/7778_EN_02.605.xx_.jpg\",\"contentUrl\":\"https:\\\/\\\/nordlinepaadid.ee\\\/wp-content\\\/uploads\\\/2023\\\/03\\\/7778_EN_02.605.xx_.jpg\",\"width\":521,\"height\":325},{\"@type\":\"BreadcrumbList\",\"@id\":\"https:\\\/\\\/nordlinepaadid.ee\\\/et\\\/pood\\\/ru-anchors-chains-wires\\\/anchor-winches-ru\\\/ankruvints-lewmar-hx1-go-alumiinium-500-w-6-mm-ketile\\\/#breadcrumb\",\"itemListElement\":[{\"@type\":\"ListItem\",\"position\":1,\"name\":\"Home\",\"item\":\"https:\\\/\\\/nordlinepaadid.ee\\\/et\\\/\"},{\"@type\":\"ListItem\",\"position\":2,\"name\":\"Pood\",\"item\":\"https:\\\/\\\/nordlinepaadid.ee\\\/et\\\/pood\\\/\"},{\"@type\":\"ListItem\",\"position\":3,\"name\":\"ANKRUVINTS, LEWMAR HX1 GO, ALUMIINIUM, 500 W, 6 mm KETILE\"}]},{\"@type\":\"WebSite\",\"@id\":\"https:\\\/\\\/nordlinepaadid.ee\\\/et\\\/#website\",\"url\":\"https:\\\/\\\/nordlinepaadid.ee\\\/et\\\/\",\"name\":\"NORDLINE s\u00f5udepaadid ja mootorpaadid. Klaasfiiber materjalist.\",\"description\":\"\",\"publisher\":{\"@id\":\"https:\\\/\\\/nordlinepaadid.ee\\\/et\\\/#organization\"},\"potentialAction\":[{\"@type\":\"SearchAction\",\"target\":{\"@type\":\"EntryPoint\",\"urlTemplate\":\"https:\\\/\\\/nordlinepaadid.ee\\\/et\\\/?s={search_term_string}\"},\"query-input\":{\"@type\":\"PropertyValueSpecification\",\"valueRequired\":true,\"valueName\":\"search_term_string\"}}],\"inLanguage\":\"et\"},{\"@type\":\"Organization\",\"@id\":\"https:\\\/\\\/nordlinepaadid.ee\\\/et\\\/#organization\",\"name\":\"Nordlineboats\",\"url\":\"https:\\\/\\\/nordlinepaadid.ee\\\/et\\\/\",\"logo\":{\"@type\":\"ImageObject\",\"inLanguage\":\"et\",\"@id\":\"https:\\\/\\\/nordlinepaadid.ee\\\/et\\\/#\\\/schema\\\/logo\\\/image\\\/\",\"url\":\"https:\\\/\\\/nordlinepaadid.ee\\\/wp-content\\\/uploads\\\/2023\\\/01\\\/fulllogo_transparent_nobuffer-e1672750475494.png\",\"contentUrl\":\"https:\\\/\\\/nordlinepaadid.ee\\\/wp-content\\\/uploads\\\/2023\\\/01\\\/fulllogo_transparent_nobuffer-e1672750475494.png\",\"width\":150,\"height\":119,\"caption\":\"Nordlineboats\"},\"image\":{\"@id\":\"https:\\\/\\\/nordlinepaadid.ee\\\/et\\\/#\\\/schema\\\/logo\\\/image\\\/\"},\"sameAs\":[\"https:\\\/\\\/www.facebook.com\\\/nordlineboats\",\"https:\\\/\\\/www.youtube.com\\\/channel\\\/UCbgF0fy02y3QkFnujaLTaCA\"]}]}<\/script>\n<!-- \/ Yoast SEO plugin. -->","yoast_head_json":{"title":"ANKRUVINTS, LEWMAR HX1 GO, ALUMIINIUM, 500 W, 6 mm KETILE - NORDLINE s\u00f5udepaadid ja mootorpaadid. Klaasfiiber materjalist.","robots":{"index":"index","follow":"follow","max-snippet":"max-snippet:-1","max-image-preview":"max-image-preview:large","max-video-preview":"max-video-preview:-1"},"canonical":"https:\/\/nordlinepaadid.ee\/et\/pood\/ru-anchors-chains-wires\/anchor-winches-ru\/ankruvints-lewmar-hx1-go-alumiinium-500-w-6-mm-ketile\/","og_locale":"et_EE","og_type":"article","og_title":"ANKRUVINTS, LEWMAR HX1 GO, ALUMIINIUM, 500 W, 6 mm KETILE - NORDLINE s\u00f5udepaadid ja mootorpaadid. Klaasfiiber materjalist.","og_description":"HX seeria puhul on tegemist Lewmar t\u00e4iesti uue projektiga, mis puudutab nii v\u00e4limust kui ka mehhanismi. Tulemuseks on uus ja usaldusv\u00e4\u00e4rne ankruvints usshammasrattaga \u00fclekande ja otsemootoriga. HX seerial on vastupidav alumiiniumkorpus, katted on tehtud pol\u00fcmeerist. T\u00f6\u00f6tab koormuse all vaikselt. &#13; Tehnilised andmed &#13; &#13; Toide \u2013 12 V &#13; &#13; V\u00f5imsus \u2013 500 W &#13;...","og_url":"https:\/\/nordlinepaadid.ee\/et\/pood\/ru-anchors-chains-wires\/anchor-winches-ru\/ankruvints-lewmar-hx1-go-alumiinium-500-w-6-mm-ketile\/","og_site_name":"NORDLINE s\u00f5udepaadid ja mootorpaadid. Klaasfiiber materjalist.","article_publisher":"https:\/\/www.facebook.com\/nordlineboats","article_modified_time":"2026-05-13T19:05:11+00:00","og_image":[{"width":521,"height":325,"url":"https:\/\/nordlinepaadid.ee\/wp-content\/uploads\/2023\/03\/7778_EN_02.605.xx_.jpg","type":"image\/jpeg"}],"twitter_card":"summary_large_image","schema":{"@context":"https:\/\/schema.org","@graph":[{"@type":"WebPage","@id":"https:\/\/nordlinepaadid.ee\/et\/pood\/ru-anchors-chains-wires\/anchor-winches-ru\/ankruvints-lewmar-hx1-go-alumiinium-500-w-6-mm-ketile\/","url":"https:\/\/nordlinepaadid.ee\/et\/pood\/ru-anchors-chains-wires\/anchor-winches-ru\/ankruvints-lewmar-hx1-go-alumiinium-500-w-6-mm-ketile\/","name":"ANKRUVINTS, LEWMAR HX1 GO, ALUMIINIUM, 500 W, 6 mm KETILE - NORDLINE s\u00f5udepaadid ja mootorpaadid. Klaasfiiber materjalist.","isPartOf":{"@id":"https:\/\/nordlinepaadid.ee\/et\/#website"},"primaryImageOfPage":{"@id":"https:\/\/nordlinepaadid.ee\/et\/pood\/ru-anchors-chains-wires\/anchor-winches-ru\/ankruvints-lewmar-hx1-go-alumiinium-500-w-6-mm-ketile\/#primaryimage"},"image":{"@id":"https:\/\/nordlinepaadid.ee\/et\/pood\/ru-anchors-chains-wires\/anchor-winches-ru\/ankruvints-lewmar-hx1-go-alumiinium-500-w-6-mm-ketile\/#primaryimage"},"thumbnailUrl":"https:\/\/nordlinepaadid.ee\/wp-content\/uploads\/2023\/03\/7778_EN_02.605.xx_.jpg","datePublished":"2026-05-12T00:20:28+00:00","dateModified":"2026-05-13T19:05:11+00:00","breadcrumb":{"@id":"https:\/\/nordlinepaadid.ee\/et\/pood\/ru-anchors-chains-wires\/anchor-winches-ru\/ankruvints-lewmar-hx1-go-alumiinium-500-w-6-mm-ketile\/#breadcrumb"},"inLanguage":"et","potentialAction":[{"@type":"ReadAction","target":["https:\/\/nordlinepaadid.ee\/et\/pood\/ru-anchors-chains-wires\/anchor-winches-ru\/ankruvints-lewmar-hx1-go-alumiinium-500-w-6-mm-ketile\/"]}]},{"@type":"ImageObject","inLanguage":"et","@id":"https:\/\/nordlinepaadid.ee\/et\/pood\/ru-anchors-chains-wires\/anchor-winches-ru\/ankruvints-lewmar-hx1-go-alumiinium-500-w-6-mm-ketile\/#primaryimage","url":"https:\/\/nordlinepaadid.ee\/wp-content\/uploads\/2023\/03\/7778_EN_02.605.xx_.jpg","contentUrl":"https:\/\/nordlinepaadid.ee\/wp-content\/uploads\/2023\/03\/7778_EN_02.605.xx_.jpg","width":521,"height":325},{"@type":"BreadcrumbList","@id":"https:\/\/nordlinepaadid.ee\/et\/pood\/ru-anchors-chains-wires\/anchor-winches-ru\/ankruvints-lewmar-hx1-go-alumiinium-500-w-6-mm-ketile\/#breadcrumb","itemListElement":[{"@type":"ListItem","position":1,"name":"Home","item":"https:\/\/nordlinepaadid.ee\/et\/"},{"@type":"ListItem","position":2,"name":"Pood","item":"https:\/\/nordlinepaadid.ee\/et\/pood\/"},{"@type":"ListItem","position":3,"name":"ANKRUVINTS, LEWMAR HX1 GO, ALUMIINIUM, 500 W, 6 mm KETILE"}]},{"@type":"WebSite","@id":"https:\/\/nordlinepaadid.ee\/et\/#website","url":"https:\/\/nordlinepaadid.ee\/et\/","name":"NORDLINE s\u00f5udepaadid ja mootorpaadid. Klaasfiiber materjalist.","description":"","publisher":{"@id":"https:\/\/nordlinepaadid.ee\/et\/#organization"},"potentialAction":[{"@type":"SearchAction","target":{"@type":"EntryPoint","urlTemplate":"https:\/\/nordlinepaadid.ee\/et\/?s={search_term_string}"},"query-input":{"@type":"PropertyValueSpecification","valueRequired":true,"valueName":"search_term_string"}}],"inLanguage":"et"},{"@type":"Organization","@id":"https:\/\/nordlinepaadid.ee\/et\/#organization","name":"Nordlineboats","url":"https:\/\/nordlinepaadid.ee\/et\/","logo":{"@type":"ImageObject","inLanguage":"et","@id":"https:\/\/nordlinepaadid.ee\/et\/#\/schema\/logo\/image\/","url":"https:\/\/nordlinepaadid.ee\/wp-content\/uploads\/2023\/01\/fulllogo_transparent_nobuffer-e1672750475494.png","contentUrl":"https:\/\/nordlinepaadid.ee\/wp-content\/uploads\/2023\/01\/fulllogo_transparent_nobuffer-e1672750475494.png","width":150,"height":119,"caption":"Nordlineboats"},"image":{"@id":"https:\/\/nordlinepaadid.ee\/et\/#\/schema\/logo\/image\/"},"sameAs":["https:\/\/www.facebook.com\/nordlineboats","https:\/\/www.youtube.com\/channel\/UCbgF0fy02y3QkFnujaLTaCA"]}]}},"taxonomy_info":{"product_cat":[{"value":246,"label":"ANKRUD, KETID, TROSSID"},{"value":389,"label":"Ankruvintsid"},{"value":938,"label":"\u042f\u043a\u043e\u0440\u043d\u044b\u0435 \u043b\u0435\u0431\u0435\u0434\u043a\u0438"}],"pa_producer":[{"value":456,"label":"Lewmar"}],"pa_unit":[{"value":441,"label":"kit"}]},"featured_image_src_large":["https:\/\/nordlinepaadid.ee\/wp-content\/uploads\/2023\/03\/7778_EN_02.605.xx_.jpg",521,325,false],"author_info":[],"comment_info":"","_links":{"self":[{"href":"https:\/\/nordlinepaadid.ee\/et\/wp-json\/wp\/v2\/product\/60256","targetHints":{"allow":["GET"]}}],"collection":[{"href":"https:\/\/nordlinepaadid.ee\/et\/wp-json\/wp\/v2\/product"}],"about":[{"href":"https:\/\/nordlinepaadid.ee\/et\/wp-json\/wp\/v2\/types\/product"}],"wp:featuredmedia":[{"embeddable":true,"href":"https:\/\/nordlinepaadid.ee\/et\/wp-json\/wp\/v2\/media\/26983"}],"wp:attachment":[{"href":"https:\/\/nordlinepaadid.ee\/et\/wp-json\/wp\/v2\/media?parent=60256"}],"wp:term":[{"taxonomy":"product_brand","embeddable":true,"href":"https:\/\/nordlinepaadid.ee\/et\/wp-json\/wp\/v2\/product_brand?post=60256"},{"taxonomy":"product_cat","embeddable":true,"href":"https:\/\/nordlinepaadid.ee\/et\/wp-json\/wp\/v2\/product_cat?post=60256"},{"taxonomy":"product_tag","embeddable":true,"href":"https:\/\/nordlinepaadid.ee\/et\/wp-json\/wp\/v2\/product_tag?post=60256"}],"curies":[{"name":"wp","href":"https:\/\/api.w.org\/{rel}","templated":true}]}}