{"id":60618,"date":"2026-05-15T03:15:29","date_gmt":"2026-05-15T00:15:29","guid":{"rendered":"https:\/\/nordlinepaadid.ee\/pood\/maaratlemata\/kasipumbaga-wc-pott-jabsco-compact-345-mm\/"},"modified":"2026-05-17T22:03:18","modified_gmt":"2026-05-17T19:03:18","slug":"kasipumbaga-wc-pott-jabsco-compact-345-mm","status":"publish","type":"product","link":"https:\/\/nordlinepaadid.ee\/et\/pood\/pumbad-ja-sanitaartarvikud\/sinks-toilets-sanitary-fittings\/kasipumbaga-wc-pott-jabsco-compact-345-mm\/","title":{"rendered":"K\u00c4SIPUMBAGA WC POTT, JABSCO COMPACT 345 mm"},"content":{"rendered":"<p>Jabsco kolmanda p\u00f5lvkonna k\u00e4sipumbaga tualettpott. Uus Twist-N-Lock k\u00e4epide lukustab p\u00f5hjaklapi k\u00e4epideme lihtsa 90\u00b0 p\u00f6\u00f6rdega t\u00e4iendava kaitsena tagasivoolu ja tualeti t\u00e4itumise eest. Uus \u00e4\u00e4risteta disain parandab h\u00fcgieeni. K\u00f5ik kinnitused on suunatud ette v\u00f5i \u00fclespoole, et lihtsustada hooldust. Korrosioonikindlad materjalid t\u00f6\u00f6tamiseks nii mage- kui ka soolavees.&nbsp; Sissetuleva toru l\u00e4bim\u00f5\u00f5t: 19 mm, v\u00e4ljuval torul: 38 mm. WC poti m\u00f5\u00f5tmed: 45&nbsp; x&nbsp; 41 x 34 cm, Kaal: 9,3 kg.<\/p>\n<p>&#13;<\/p>\n<p><iframe loading=\"lazy\" allowfullscreen=\"\" frameborder=\"0\" height=\"360\" src=\"\/\/www.youtube.com\/embed\/BnQq4d-NmkE\" width=\"640\"><\/iframe><\/p>\n<p>&#13;<\/p>\n","protected":false},"excerpt":{"rendered":"<p>Jabsco kolmanda p\u00f5lvkonna k\u00e4sipumbaga tualettpott. Uus Twist-N-Lock k\u00e4epide lukustab p\u00f5hjaklapi k\u00e4epideme lihtsa 90\u00b0 p\u00f6\u00f6rdega t\u00e4iendava kaitsena tagasivoolu ja tualeti t\u00e4itumise eest. Uus \u00e4\u00e4risteta disain parandab h\u00fcgieeni. K\u00f5ik kinnitused on suunatud ette v\u00f5i \u00fclespoole, et lihtsustada hooldust. Korrosioonikindlad materjalid t\u00f6\u00f6tamiseks nii mage- kui ka soolavees.&nbsp; Sissetuleva toru l\u00e4bim\u00f5\u00f5t: 19 mm, v\u00e4ljuval torul: 38 mm. WC poti&#8230;<\/p>\n","protected":false},"featured_media":28217,"template":"","meta":{"_kad_blocks_custom_css":"","_kad_blocks_head_custom_js":"","_kad_blocks_body_custom_js":"","_kad_blocks_footer_custom_js":"","_kad_post_transparent":"","_kad_post_title":"","_kad_post_layout":"","_kad_post_sidebar_id":"","_kad_post_content_style":"","_kad_post_vertical_padding":"","_kad_post_feature":"","_kad_post_feature_position":"","_kad_post_header":false,"_kad_post_footer":false,"_kad_post_classname":""},"product_brand":[],"product_cat":[273,269],"product_tag":[],"class_list":{"0":"post-60618","1":"product","2":"type-product","3":"status-publish","4":"has-post-thumbnail","6":"product_cat-sinks-toilets-sanitary-fittings","7":"product_cat-pumbad-ja-sanitaartarvikud","8":"pa_producer-jabsco","9":"pa_unit-pcs","10":"tm-no-options","12":"first","13":"onbackorder","14":"taxable","15":"shipping-taxable","16":"purchasable","17":"product-type-simple","18":"entry","19":"content-bg","20":"loop-entry"},"yoast_head":"<!-- This site is optimized with the Yoast SEO plugin v27.5 - https:\/\/yoast.com\/product\/yoast-seo-wordpress\/ -->\n<title>K\u00c4SIPUMBAGA WC POTT, JABSCO COMPACT 345 mm - NORDLINE s\u00f5udepaadid ja mootorpaadid. Klaasfiiber materjalist.<\/title>\n<meta name=\"robots\" content=\"index, follow, max-snippet:-1, max-image-preview:large, max-video-preview:-1\" \/>\n<link rel=\"canonical\" href=\"https:\/\/nordlinepaadid.ee\/et\/pood\/pumbad-ja-sanitaartarvikud\/sinks-toilets-sanitary-fittings\/kasipumbaga-wc-pott-jabsco-compact-345-mm\/\" \/>\n<meta property=\"og:locale\" content=\"et_EE\" \/>\n<meta property=\"og:type\" content=\"article\" \/>\n<meta property=\"og:title\" content=\"K\u00c4SIPUMBAGA WC POTT, JABSCO COMPACT 345 mm - NORDLINE s\u00f5udepaadid ja mootorpaadid. Klaasfiiber materjalist.\" \/>\n<meta property=\"og:description\" content=\"Jabsco kolmanda p\u00f5lvkonna k\u00e4sipumbaga tualettpott. Uus Twist-N-Lock k\u00e4epide lukustab p\u00f5hjaklapi k\u00e4epideme lihtsa 90\u00b0 p\u00f6\u00f6rdega t\u00e4iendava kaitsena tagasivoolu ja tualeti t\u00e4itumise eest. Uus \u00e4\u00e4risteta disain parandab h\u00fcgieeni. K\u00f5ik kinnitused on suunatud ette v\u00f5i \u00fclespoole, et lihtsustada hooldust. Korrosioonikindlad materjalid t\u00f6\u00f6tamiseks nii mage- kui ka soolavees.&nbsp; Sissetuleva toru l\u00e4bim\u00f5\u00f5t: 19 mm, v\u00e4ljuval torul: 38 mm. WC poti...\" \/>\n<meta property=\"og:url\" content=\"https:\/\/nordlinepaadid.ee\/et\/pood\/pumbad-ja-sanitaartarvikud\/sinks-toilets-sanitary-fittings\/kasipumbaga-wc-pott-jabsco-compact-345-mm\/\" \/>\n<meta property=\"og:site_name\" content=\"NORDLINE s\u00f5udepaadid ja mootorpaadid. Klaasfiiber materjalist.\" \/>\n<meta property=\"article:publisher\" content=\"https:\/\/www.facebook.com\/nordlineboats\" \/>\n<meta property=\"article:modified_time\" content=\"2026-05-17T19:03:18+00:00\" \/>\n<meta property=\"og:image\" content=\"https:\/\/nordlinepaadid.ee\/wp-content\/uploads\/2023\/03\/8337_EN_50.224.00.jpg\" \/>\n\t<meta property=\"og:image:width\" content=\"567\" \/>\n\t<meta property=\"og:image:height\" content=\"521\" \/>\n\t<meta property=\"og:image:type\" content=\"image\/jpeg\" \/>\n<meta name=\"twitter:card\" content=\"summary_large_image\" \/>\n<script type=\"application\/ld+json\" class=\"yoast-schema-graph\">{\"@context\":\"https:\\\/\\\/schema.org\",\"@graph\":[{\"@type\":\"WebPage\",\"@id\":\"https:\\\/\\\/nordlinepaadid.ee\\\/et\\\/pood\\\/pumbad-ja-sanitaartarvikud\\\/sinks-toilets-sanitary-fittings\\\/kasipumbaga-wc-pott-jabsco-compact-345-mm\\\/\",\"url\":\"https:\\\/\\\/nordlinepaadid.ee\\\/et\\\/pood\\\/pumbad-ja-sanitaartarvikud\\\/sinks-toilets-sanitary-fittings\\\/kasipumbaga-wc-pott-jabsco-compact-345-mm\\\/\",\"name\":\"K\u00c4SIPUMBAGA WC POTT, JABSCO COMPACT 345 mm - NORDLINE s\u00f5udepaadid ja mootorpaadid. Klaasfiiber materjalist.\",\"isPartOf\":{\"@id\":\"https:\\\/\\\/nordlinepaadid.ee\\\/et\\\/#website\"},\"primaryImageOfPage\":{\"@id\":\"https:\\\/\\\/nordlinepaadid.ee\\\/et\\\/pood\\\/pumbad-ja-sanitaartarvikud\\\/sinks-toilets-sanitary-fittings\\\/kasipumbaga-wc-pott-jabsco-compact-345-mm\\\/#primaryimage\"},\"image\":{\"@id\":\"https:\\\/\\\/nordlinepaadid.ee\\\/et\\\/pood\\\/pumbad-ja-sanitaartarvikud\\\/sinks-toilets-sanitary-fittings\\\/kasipumbaga-wc-pott-jabsco-compact-345-mm\\\/#primaryimage\"},\"thumbnailUrl\":\"https:\\\/\\\/nordlinepaadid.ee\\\/wp-content\\\/uploads\\\/2023\\\/03\\\/8337_EN_50.224.00.jpg\",\"datePublished\":\"2026-05-15T00:15:29+00:00\",\"dateModified\":\"2026-05-17T19:03:18+00:00\",\"breadcrumb\":{\"@id\":\"https:\\\/\\\/nordlinepaadid.ee\\\/et\\\/pood\\\/pumbad-ja-sanitaartarvikud\\\/sinks-toilets-sanitary-fittings\\\/kasipumbaga-wc-pott-jabsco-compact-345-mm\\\/#breadcrumb\"},\"inLanguage\":\"et\",\"potentialAction\":[{\"@type\":\"ReadAction\",\"target\":[\"https:\\\/\\\/nordlinepaadid.ee\\\/et\\\/pood\\\/pumbad-ja-sanitaartarvikud\\\/sinks-toilets-sanitary-fittings\\\/kasipumbaga-wc-pott-jabsco-compact-345-mm\\\/\"]}]},{\"@type\":\"ImageObject\",\"inLanguage\":\"et\",\"@id\":\"https:\\\/\\\/nordlinepaadid.ee\\\/et\\\/pood\\\/pumbad-ja-sanitaartarvikud\\\/sinks-toilets-sanitary-fittings\\\/kasipumbaga-wc-pott-jabsco-compact-345-mm\\\/#primaryimage\",\"url\":\"https:\\\/\\\/nordlinepaadid.ee\\\/wp-content\\\/uploads\\\/2023\\\/03\\\/8337_EN_50.224.00.jpg\",\"contentUrl\":\"https:\\\/\\\/nordlinepaadid.ee\\\/wp-content\\\/uploads\\\/2023\\\/03\\\/8337_EN_50.224.00.jpg\",\"width\":567,\"height\":521},{\"@type\":\"BreadcrumbList\",\"@id\":\"https:\\\/\\\/nordlinepaadid.ee\\\/et\\\/pood\\\/pumbad-ja-sanitaartarvikud\\\/sinks-toilets-sanitary-fittings\\\/kasipumbaga-wc-pott-jabsco-compact-345-mm\\\/#breadcrumb\",\"itemListElement\":[{\"@type\":\"ListItem\",\"position\":1,\"name\":\"Home\",\"item\":\"https:\\\/\\\/nordlinepaadid.ee\\\/et\\\/\"},{\"@type\":\"ListItem\",\"position\":2,\"name\":\"Pood\",\"item\":\"https:\\\/\\\/nordlinepaadid.ee\\\/et\\\/pood\\\/\"},{\"@type\":\"ListItem\",\"position\":3,\"name\":\"K\u00c4SIPUMBAGA WC POTT, JABSCO COMPACT 345 mm\"}]},{\"@type\":\"WebSite\",\"@id\":\"https:\\\/\\\/nordlinepaadid.ee\\\/et\\\/#website\",\"url\":\"https:\\\/\\\/nordlinepaadid.ee\\\/et\\\/\",\"name\":\"NORDLINE s\u00f5udepaadid ja mootorpaadid. Klaasfiiber materjalist.\",\"description\":\"\",\"publisher\":{\"@id\":\"https:\\\/\\\/nordlinepaadid.ee\\\/et\\\/#organization\"},\"potentialAction\":[{\"@type\":\"SearchAction\",\"target\":{\"@type\":\"EntryPoint\",\"urlTemplate\":\"https:\\\/\\\/nordlinepaadid.ee\\\/et\\\/?s={search_term_string}\"},\"query-input\":{\"@type\":\"PropertyValueSpecification\",\"valueRequired\":true,\"valueName\":\"search_term_string\"}}],\"inLanguage\":\"et\"},{\"@type\":\"Organization\",\"@id\":\"https:\\\/\\\/nordlinepaadid.ee\\\/et\\\/#organization\",\"name\":\"Nordlineboats\",\"url\":\"https:\\\/\\\/nordlinepaadid.ee\\\/et\\\/\",\"logo\":{\"@type\":\"ImageObject\",\"inLanguage\":\"et\",\"@id\":\"https:\\\/\\\/nordlinepaadid.ee\\\/et\\\/#\\\/schema\\\/logo\\\/image\\\/\",\"url\":\"https:\\\/\\\/nordlinepaadid.ee\\\/wp-content\\\/uploads\\\/2023\\\/01\\\/fulllogo_transparent_nobuffer-e1672750475494.png\",\"contentUrl\":\"https:\\\/\\\/nordlinepaadid.ee\\\/wp-content\\\/uploads\\\/2023\\\/01\\\/fulllogo_transparent_nobuffer-e1672750475494.png\",\"width\":150,\"height\":119,\"caption\":\"Nordlineboats\"},\"image\":{\"@id\":\"https:\\\/\\\/nordlinepaadid.ee\\\/et\\\/#\\\/schema\\\/logo\\\/image\\\/\"},\"sameAs\":[\"https:\\\/\\\/www.facebook.com\\\/nordlineboats\",\"https:\\\/\\\/www.youtube.com\\\/channel\\\/UCbgF0fy02y3QkFnujaLTaCA\"]}]}<\/script>\n<!-- \/ Yoast SEO plugin. -->","yoast_head_json":{"title":"K\u00c4SIPUMBAGA WC POTT, JABSCO COMPACT 345 mm - NORDLINE s\u00f5udepaadid ja mootorpaadid. Klaasfiiber materjalist.","robots":{"index":"index","follow":"follow","max-snippet":"max-snippet:-1","max-image-preview":"max-image-preview:large","max-video-preview":"max-video-preview:-1"},"canonical":"https:\/\/nordlinepaadid.ee\/et\/pood\/pumbad-ja-sanitaartarvikud\/sinks-toilets-sanitary-fittings\/kasipumbaga-wc-pott-jabsco-compact-345-mm\/","og_locale":"et_EE","og_type":"article","og_title":"K\u00c4SIPUMBAGA WC POTT, JABSCO COMPACT 345 mm - NORDLINE s\u00f5udepaadid ja mootorpaadid. Klaasfiiber materjalist.","og_description":"Jabsco kolmanda p\u00f5lvkonna k\u00e4sipumbaga tualettpott. Uus Twist-N-Lock k\u00e4epide lukustab p\u00f5hjaklapi k\u00e4epideme lihtsa 90\u00b0 p\u00f6\u00f6rdega t\u00e4iendava kaitsena tagasivoolu ja tualeti t\u00e4itumise eest. Uus \u00e4\u00e4risteta disain parandab h\u00fcgieeni. K\u00f5ik kinnitused on suunatud ette v\u00f5i \u00fclespoole, et lihtsustada hooldust. Korrosioonikindlad materjalid t\u00f6\u00f6tamiseks nii mage- kui ka soolavees.&nbsp; Sissetuleva toru l\u00e4bim\u00f5\u00f5t: 19 mm, v\u00e4ljuval torul: 38 mm. WC poti...","og_url":"https:\/\/nordlinepaadid.ee\/et\/pood\/pumbad-ja-sanitaartarvikud\/sinks-toilets-sanitary-fittings\/kasipumbaga-wc-pott-jabsco-compact-345-mm\/","og_site_name":"NORDLINE s\u00f5udepaadid ja mootorpaadid. Klaasfiiber materjalist.","article_publisher":"https:\/\/www.facebook.com\/nordlineboats","article_modified_time":"2026-05-17T19:03:18+00:00","og_image":[{"width":567,"height":521,"url":"https:\/\/nordlinepaadid.ee\/wp-content\/uploads\/2023\/03\/8337_EN_50.224.00.jpg","type":"image\/jpeg"}],"twitter_card":"summary_large_image","schema":{"@context":"https:\/\/schema.org","@graph":[{"@type":"WebPage","@id":"https:\/\/nordlinepaadid.ee\/et\/pood\/pumbad-ja-sanitaartarvikud\/sinks-toilets-sanitary-fittings\/kasipumbaga-wc-pott-jabsco-compact-345-mm\/","url":"https:\/\/nordlinepaadid.ee\/et\/pood\/pumbad-ja-sanitaartarvikud\/sinks-toilets-sanitary-fittings\/kasipumbaga-wc-pott-jabsco-compact-345-mm\/","name":"K\u00c4SIPUMBAGA WC POTT, JABSCO COMPACT 345 mm - NORDLINE s\u00f5udepaadid ja mootorpaadid. Klaasfiiber materjalist.","isPartOf":{"@id":"https:\/\/nordlinepaadid.ee\/et\/#website"},"primaryImageOfPage":{"@id":"https:\/\/nordlinepaadid.ee\/et\/pood\/pumbad-ja-sanitaartarvikud\/sinks-toilets-sanitary-fittings\/kasipumbaga-wc-pott-jabsco-compact-345-mm\/#primaryimage"},"image":{"@id":"https:\/\/nordlinepaadid.ee\/et\/pood\/pumbad-ja-sanitaartarvikud\/sinks-toilets-sanitary-fittings\/kasipumbaga-wc-pott-jabsco-compact-345-mm\/#primaryimage"},"thumbnailUrl":"https:\/\/nordlinepaadid.ee\/wp-content\/uploads\/2023\/03\/8337_EN_50.224.00.jpg","datePublished":"2026-05-15T00:15:29+00:00","dateModified":"2026-05-17T19:03:18+00:00","breadcrumb":{"@id":"https:\/\/nordlinepaadid.ee\/et\/pood\/pumbad-ja-sanitaartarvikud\/sinks-toilets-sanitary-fittings\/kasipumbaga-wc-pott-jabsco-compact-345-mm\/#breadcrumb"},"inLanguage":"et","potentialAction":[{"@type":"ReadAction","target":["https:\/\/nordlinepaadid.ee\/et\/pood\/pumbad-ja-sanitaartarvikud\/sinks-toilets-sanitary-fittings\/kasipumbaga-wc-pott-jabsco-compact-345-mm\/"]}]},{"@type":"ImageObject","inLanguage":"et","@id":"https:\/\/nordlinepaadid.ee\/et\/pood\/pumbad-ja-sanitaartarvikud\/sinks-toilets-sanitary-fittings\/kasipumbaga-wc-pott-jabsco-compact-345-mm\/#primaryimage","url":"https:\/\/nordlinepaadid.ee\/wp-content\/uploads\/2023\/03\/8337_EN_50.224.00.jpg","contentUrl":"https:\/\/nordlinepaadid.ee\/wp-content\/uploads\/2023\/03\/8337_EN_50.224.00.jpg","width":567,"height":521},{"@type":"BreadcrumbList","@id":"https:\/\/nordlinepaadid.ee\/et\/pood\/pumbad-ja-sanitaartarvikud\/sinks-toilets-sanitary-fittings\/kasipumbaga-wc-pott-jabsco-compact-345-mm\/#breadcrumb","itemListElement":[{"@type":"ListItem","position":1,"name":"Home","item":"https:\/\/nordlinepaadid.ee\/et\/"},{"@type":"ListItem","position":2,"name":"Pood","item":"https:\/\/nordlinepaadid.ee\/et\/pood\/"},{"@type":"ListItem","position":3,"name":"K\u00c4SIPUMBAGA WC POTT, JABSCO COMPACT 345 mm"}]},{"@type":"WebSite","@id":"https:\/\/nordlinepaadid.ee\/et\/#website","url":"https:\/\/nordlinepaadid.ee\/et\/","name":"NORDLINE s\u00f5udepaadid ja mootorpaadid. Klaasfiiber materjalist.","description":"","publisher":{"@id":"https:\/\/nordlinepaadid.ee\/et\/#organization"},"potentialAction":[{"@type":"SearchAction","target":{"@type":"EntryPoint","urlTemplate":"https:\/\/nordlinepaadid.ee\/et\/?s={search_term_string}"},"query-input":{"@type":"PropertyValueSpecification","valueRequired":true,"valueName":"search_term_string"}}],"inLanguage":"et"},{"@type":"Organization","@id":"https:\/\/nordlinepaadid.ee\/et\/#organization","name":"Nordlineboats","url":"https:\/\/nordlinepaadid.ee\/et\/","logo":{"@type":"ImageObject","inLanguage":"et","@id":"https:\/\/nordlinepaadid.ee\/et\/#\/schema\/logo\/image\/","url":"https:\/\/nordlinepaadid.ee\/wp-content\/uploads\/2023\/01\/fulllogo_transparent_nobuffer-e1672750475494.png","contentUrl":"https:\/\/nordlinepaadid.ee\/wp-content\/uploads\/2023\/01\/fulllogo_transparent_nobuffer-e1672750475494.png","width":150,"height":119,"caption":"Nordlineboats"},"image":{"@id":"https:\/\/nordlinepaadid.ee\/et\/#\/schema\/logo\/image\/"},"sameAs":["https:\/\/www.facebook.com\/nordlineboats","https:\/\/www.youtube.com\/channel\/UCbgF0fy02y3QkFnujaLTaCA"]}]}},"taxonomy_info":{"product_cat":[{"value":273,"label":"Kraanikausid, WC potid, Sanitaartarvikud"},{"value":269,"label":"PUMBAD JA SANITAARTARVIKUD"}],"pa_producer":[{"value":647,"label":"Jabsco"}],"pa_unit":[{"value":416,"label":"pcs"}]},"featured_image_src_large":["https:\/\/nordlinepaadid.ee\/wp-content\/uploads\/2023\/03\/8337_EN_50.224.00.jpg",567,521,false],"author_info":[],"comment_info":"","_links":{"self":[{"href":"https:\/\/nordlinepaadid.ee\/et\/wp-json\/wp\/v2\/product\/60618","targetHints":{"allow":["GET"]}}],"collection":[{"href":"https:\/\/nordlinepaadid.ee\/et\/wp-json\/wp\/v2\/product"}],"about":[{"href":"https:\/\/nordlinepaadid.ee\/et\/wp-json\/wp\/v2\/types\/product"}],"wp:featuredmedia":[{"embeddable":true,"href":"https:\/\/nordlinepaadid.ee\/et\/wp-json\/wp\/v2\/media\/28217"}],"wp:attachment":[{"href":"https:\/\/nordlinepaadid.ee\/et\/wp-json\/wp\/v2\/media?parent=60618"}],"wp:term":[{"taxonomy":"product_brand","embeddable":true,"href":"https:\/\/nordlinepaadid.ee\/et\/wp-json\/wp\/v2\/product_brand?post=60618"},{"taxonomy":"product_cat","embeddable":true,"href":"https:\/\/nordlinepaadid.ee\/et\/wp-json\/wp\/v2\/product_cat?post=60618"},{"taxonomy":"product_tag","embeddable":true,"href":"https:\/\/nordlinepaadid.ee\/et\/wp-json\/wp\/v2\/product_tag?post=60618"}],"curies":[{"name":"wp","href":"https:\/\/api.w.org\/{rel}","templated":true}]}}