{"id":60787,"date":"2026-04-21T03:30:28","date_gmt":"2026-04-21T00:30:28","guid":{"rendered":"https:\/\/nordlinepaadid.ee\/pood\/maaratlemata\/kalastustelk-storm-at-195\/"},"modified":"2026-04-22T14:04:25","modified_gmt":"2026-04-22T11:04:25","slug":"kalastustelk-storm-at-195","status":"publish","type":"product","link":"https:\/\/nordlinepaadid.ee\/et\/pood\/kalasturtarbed\/kalastustelk-storm-at-195\/","title":{"rendered":"KALASTUSTELK &#8211; STORM AT 195"},"content":{"rendered":"<p style=\"text-align:justify\">Kas plaanite k\u00fclmal aastaajal puhkust vabas \u00f5hus v\u00f5i kalaretke? Talvetelk Storm AT on suurep\u00e4rane v\u00f5imalus m\u00f5nusaks \u00f5ues puhkamiseks. See talvetelk talub tugevaid tuuleiile t\u00e4nu kvaliteetsele konstruktsioonile ja materjalidele. Akendega talvetelk on valmistatud tugevast s\u00fcnteetilisest materjalist kahekordsete \u00f5mblustega, see on niiskuskindel. Raam on valmistatud vastupidavast klaaskiust. Telk on varustatud kahe ventilatsiooniavaga. Kaks ust on kahekordsete lukkudega. L\u00e4bipaistvaid aknaid saab ka pimestada. Vajadusel saab telgi \u00fchte k\u00fclge t\u00f5sta, kinnitades serva kaks teleskoopvarrast. Telk on varustatud spetsiaalsete kinnitustega j\u00e4\u00e4le paigaldamiseks, mis tagavad telgi stabiilsuse. Mugavaks transportimiseks on telk volditud kompaktsesse kotti.&nbsp;<\/p>\n<p>&#13;<\/p>\n<p><strong>Omadused: <\/strong><\/p>\n<p>&#13;<br \/>\n&#13;<\/p>\n<p>M\u00f5\u00f5dud: 195 x 195 x 220 cm<\/p>\n<p>&#13;<br \/>\n&#13;<\/p>\n<p>Materjal: 300D Oxford, veekindel, tulekindel<\/p>\n<p>&#13;<br \/>\n&#13;<\/p>\n<p>Uksed: 2 tk Kahesuunaline t\u00f5mblukk<\/p>\n<p>&#13;<br \/>\n&#13;<\/p>\n<p>Aknad: 4 tk<\/p>\n<p>&#13;<br \/>\n&#13;<\/p>\n<p>Ventilatsiooniavad: 2 tk<\/p>\n<p>&#13;<br \/>\n&#13;<\/p>\n<p>Helkurid: 4 tk<\/p>\n<p>&#13;<br \/>\n&#13;<\/p>\n<p>Raami torud: klaaskiud \u00d8 9,5 mm<\/p>\n<p>&#13;<br \/>\n&#13;<\/p>\n<p>Pulgad: 6 tk<\/p>\n<p>&#13;<br \/>\n&#13;<\/p>\n<p>T\u00e4iendav kinnitus k\u00fclgedel<\/p>\n<p>&#13;<br \/>\n&#13;<\/p>\n<p>T\u00f5stetav k\u00fclg: 1 tk<\/p>\n<p>&#13;<\/p>\n","protected":false},"excerpt":{"rendered":"<p>Kas plaanite k\u00fclmal aastaajal puhkust vabas \u00f5hus v\u00f5i kalaretke? Talvetelk Storm AT on suurep\u00e4rane v\u00f5imalus m\u00f5nusaks \u00f5ues puhkamiseks. See talvetelk talub tugevaid tuuleiile t\u00e4nu kvaliteetsele konstruktsioonile ja materjalidele. Akendega talvetelk on valmistatud tugevast s\u00fcnteetilisest materjalist kahekordsete \u00f5mblustega, see on niiskuskindel. Raam on valmistatud vastupidavast klaaskiust. Telk on varustatud kahe ventilatsiooniavaga. Kaks ust on kahekordsete lukkudega&#8230;.<\/p>\n","protected":false},"featured_media":28693,"template":"","meta":{"_kad_blocks_custom_css":"","_kad_blocks_head_custom_js":"","_kad_blocks_body_custom_js":"","_kad_blocks_footer_custom_js":"","_kad_post_transparent":"","_kad_post_title":"","_kad_post_layout":"","_kad_post_sidebar_id":"","_kad_post_content_style":"","_kad_post_vertical_padding":"","_kad_post_feature":"","_kad_post_feature_position":"","_kad_post_header":false,"_kad_post_footer":false,"_kad_post_classname":""},"product_brand":[],"product_cat":[407,408],"product_tag":[],"class_list":{"0":"post-60787","1":"product","2":"type-product","3":"status-publish","4":"has-post-thumbnail","6":"product_cat-kalasturtarbed","7":"product_cat-talikalastus","8":"pa_unit-pcs","9":"tm-no-options","11":"first","12":"onbackorder","13":"taxable","14":"shipping-taxable","15":"purchasable","16":"product-type-simple","17":"entry","18":"content-bg","19":"loop-entry"},"yoast_head":"<!-- This site is optimized with the Yoast SEO plugin v27.4 - https:\/\/yoast.com\/product\/yoast-seo-wordpress\/ -->\n<title>KALASTUSTELK - STORM AT 195 - NORDLINE s\u00f5udepaadid ja mootorpaadid. Klaasfiiber materjalist.<\/title>\n<meta name=\"robots\" content=\"index, follow, max-snippet:-1, max-image-preview:large, max-video-preview:-1\" \/>\n<link rel=\"canonical\" href=\"https:\/\/nordlinepaadid.ee\/et\/pood\/kalasturtarbed\/kalastustelk-storm-at-195\/\" \/>\n<meta property=\"og:locale\" content=\"et_EE\" \/>\n<meta property=\"og:type\" content=\"article\" \/>\n<meta property=\"og:title\" content=\"KALASTUSTELK - STORM AT 195 - NORDLINE s\u00f5udepaadid ja mootorpaadid. Klaasfiiber materjalist.\" \/>\n<meta property=\"og:description\" content=\"Kas plaanite k\u00fclmal aastaajal puhkust vabas \u00f5hus v\u00f5i kalaretke? Talvetelk Storm AT on suurep\u00e4rane v\u00f5imalus m\u00f5nusaks \u00f5ues puhkamiseks. See talvetelk talub tugevaid tuuleiile t\u00e4nu kvaliteetsele konstruktsioonile ja materjalidele. Akendega talvetelk on valmistatud tugevast s\u00fcnteetilisest materjalist kahekordsete \u00f5mblustega, see on niiskuskindel. Raam on valmistatud vastupidavast klaaskiust. Telk on varustatud kahe ventilatsiooniavaga. Kaks ust on kahekordsete lukkudega....\" \/>\n<meta property=\"og:url\" content=\"https:\/\/nordlinepaadid.ee\/et\/pood\/kalasturtarbed\/kalastustelk-storm-at-195\/\" \/>\n<meta property=\"og:site_name\" content=\"NORDLINE s\u00f5udepaadid ja mootorpaadid. Klaasfiiber materjalist.\" \/>\n<meta property=\"article:publisher\" content=\"https:\/\/www.facebook.com\/nordlineboats\" \/>\n<meta property=\"article:modified_time\" content=\"2026-04-22T11:04:25+00:00\" \/>\n<meta property=\"og:image\" content=\"https:\/\/nordlinepaadid.ee\/wp-content\/uploads\/2023\/03\/8562_HM-STRM-AT180.1.jpg\" \/>\n\t<meta property=\"og:image:width\" content=\"1920\" \/>\n\t<meta property=\"og:image:height\" content=\"1823\" \/>\n\t<meta property=\"og:image:type\" content=\"image\/jpeg\" \/>\n<meta name=\"twitter:card\" content=\"summary_large_image\" \/>\n<meta name=\"twitter:label1\" content=\"Est. reading time\" \/>\n\t<meta name=\"twitter:data1\" content=\"1 minut\" \/>\n<script type=\"application\/ld+json\" class=\"yoast-schema-graph\">{\"@context\":\"https:\\\/\\\/schema.org\",\"@graph\":[{\"@type\":\"WebPage\",\"@id\":\"https:\\\/\\\/nordlinepaadid.ee\\\/et\\\/pood\\\/kalasturtarbed\\\/kalastustelk-storm-at-195\\\/\",\"url\":\"https:\\\/\\\/nordlinepaadid.ee\\\/et\\\/pood\\\/kalasturtarbed\\\/kalastustelk-storm-at-195\\\/\",\"name\":\"KALASTUSTELK - STORM AT 195 - NORDLINE s\u00f5udepaadid ja mootorpaadid. Klaasfiiber materjalist.\",\"isPartOf\":{\"@id\":\"https:\\\/\\\/nordlinepaadid.ee\\\/et\\\/#website\"},\"primaryImageOfPage\":{\"@id\":\"https:\\\/\\\/nordlinepaadid.ee\\\/et\\\/pood\\\/kalasturtarbed\\\/kalastustelk-storm-at-195\\\/#primaryimage\"},\"image\":{\"@id\":\"https:\\\/\\\/nordlinepaadid.ee\\\/et\\\/pood\\\/kalasturtarbed\\\/kalastustelk-storm-at-195\\\/#primaryimage\"},\"thumbnailUrl\":\"https:\\\/\\\/nordlinepaadid.ee\\\/wp-content\\\/uploads\\\/2023\\\/03\\\/8562_HM-STRM-AT180.1.jpg\",\"datePublished\":\"2026-04-21T00:30:28+00:00\",\"dateModified\":\"2026-04-22T11:04:25+00:00\",\"breadcrumb\":{\"@id\":\"https:\\\/\\\/nordlinepaadid.ee\\\/et\\\/pood\\\/kalasturtarbed\\\/kalastustelk-storm-at-195\\\/#breadcrumb\"},\"inLanguage\":\"et\",\"potentialAction\":[{\"@type\":\"ReadAction\",\"target\":[\"https:\\\/\\\/nordlinepaadid.ee\\\/et\\\/pood\\\/kalasturtarbed\\\/kalastustelk-storm-at-195\\\/\"]}]},{\"@type\":\"ImageObject\",\"inLanguage\":\"et\",\"@id\":\"https:\\\/\\\/nordlinepaadid.ee\\\/et\\\/pood\\\/kalasturtarbed\\\/kalastustelk-storm-at-195\\\/#primaryimage\",\"url\":\"https:\\\/\\\/nordlinepaadid.ee\\\/wp-content\\\/uploads\\\/2023\\\/03\\\/8562_HM-STRM-AT180.1.jpg\",\"contentUrl\":\"https:\\\/\\\/nordlinepaadid.ee\\\/wp-content\\\/uploads\\\/2023\\\/03\\\/8562_HM-STRM-AT180.1.jpg\",\"width\":1920,\"height\":1823},{\"@type\":\"BreadcrumbList\",\"@id\":\"https:\\\/\\\/nordlinepaadid.ee\\\/et\\\/pood\\\/kalasturtarbed\\\/kalastustelk-storm-at-195\\\/#breadcrumb\",\"itemListElement\":[{\"@type\":\"ListItem\",\"position\":1,\"name\":\"Home\",\"item\":\"https:\\\/\\\/nordlinepaadid.ee\\\/et\\\/\"},{\"@type\":\"ListItem\",\"position\":2,\"name\":\"Pood\",\"item\":\"https:\\\/\\\/nordlinepaadid.ee\\\/et\\\/pood\\\/\"},{\"@type\":\"ListItem\",\"position\":3,\"name\":\"KALASTUSTELK &#8211; STORM AT 195\"}]},{\"@type\":\"WebSite\",\"@id\":\"https:\\\/\\\/nordlinepaadid.ee\\\/et\\\/#website\",\"url\":\"https:\\\/\\\/nordlinepaadid.ee\\\/et\\\/\",\"name\":\"NORDLINE s\u00f5udepaadid ja mootorpaadid. Klaasfiiber materjalist.\",\"description\":\"\",\"publisher\":{\"@id\":\"https:\\\/\\\/nordlinepaadid.ee\\\/et\\\/#organization\"},\"potentialAction\":[{\"@type\":\"SearchAction\",\"target\":{\"@type\":\"EntryPoint\",\"urlTemplate\":\"https:\\\/\\\/nordlinepaadid.ee\\\/et\\\/?s={search_term_string}\"},\"query-input\":{\"@type\":\"PropertyValueSpecification\",\"valueRequired\":true,\"valueName\":\"search_term_string\"}}],\"inLanguage\":\"et\"},{\"@type\":\"Organization\",\"@id\":\"https:\\\/\\\/nordlinepaadid.ee\\\/et\\\/#organization\",\"name\":\"Nordlineboats\",\"url\":\"https:\\\/\\\/nordlinepaadid.ee\\\/et\\\/\",\"logo\":{\"@type\":\"ImageObject\",\"inLanguage\":\"et\",\"@id\":\"https:\\\/\\\/nordlinepaadid.ee\\\/et\\\/#\\\/schema\\\/logo\\\/image\\\/\",\"url\":\"https:\\\/\\\/nordlinepaadid.ee\\\/wp-content\\\/uploads\\\/2023\\\/01\\\/fulllogo_transparent_nobuffer-e1672750475494.png\",\"contentUrl\":\"https:\\\/\\\/nordlinepaadid.ee\\\/wp-content\\\/uploads\\\/2023\\\/01\\\/fulllogo_transparent_nobuffer-e1672750475494.png\",\"width\":150,\"height\":119,\"caption\":\"Nordlineboats\"},\"image\":{\"@id\":\"https:\\\/\\\/nordlinepaadid.ee\\\/et\\\/#\\\/schema\\\/logo\\\/image\\\/\"},\"sameAs\":[\"https:\\\/\\\/www.facebook.com\\\/nordlineboats\",\"https:\\\/\\\/www.youtube.com\\\/channel\\\/UCbgF0fy02y3QkFnujaLTaCA\"]}]}<\/script>\n<!-- \/ Yoast SEO plugin. -->","yoast_head_json":{"title":"KALASTUSTELK - STORM AT 195 - NORDLINE s\u00f5udepaadid ja mootorpaadid. Klaasfiiber materjalist.","robots":{"index":"index","follow":"follow","max-snippet":"max-snippet:-1","max-image-preview":"max-image-preview:large","max-video-preview":"max-video-preview:-1"},"canonical":"https:\/\/nordlinepaadid.ee\/et\/pood\/kalasturtarbed\/kalastustelk-storm-at-195\/","og_locale":"et_EE","og_type":"article","og_title":"KALASTUSTELK - STORM AT 195 - NORDLINE s\u00f5udepaadid ja mootorpaadid. Klaasfiiber materjalist.","og_description":"Kas plaanite k\u00fclmal aastaajal puhkust vabas \u00f5hus v\u00f5i kalaretke? Talvetelk Storm AT on suurep\u00e4rane v\u00f5imalus m\u00f5nusaks \u00f5ues puhkamiseks. See talvetelk talub tugevaid tuuleiile t\u00e4nu kvaliteetsele konstruktsioonile ja materjalidele. Akendega talvetelk on valmistatud tugevast s\u00fcnteetilisest materjalist kahekordsete \u00f5mblustega, see on niiskuskindel. Raam on valmistatud vastupidavast klaaskiust. Telk on varustatud kahe ventilatsiooniavaga. Kaks ust on kahekordsete lukkudega....","og_url":"https:\/\/nordlinepaadid.ee\/et\/pood\/kalasturtarbed\/kalastustelk-storm-at-195\/","og_site_name":"NORDLINE s\u00f5udepaadid ja mootorpaadid. Klaasfiiber materjalist.","article_publisher":"https:\/\/www.facebook.com\/nordlineboats","article_modified_time":"2026-04-22T11:04:25+00:00","og_image":[{"width":1920,"height":1823,"url":"https:\/\/nordlinepaadid.ee\/wp-content\/uploads\/2023\/03\/8562_HM-STRM-AT180.1.jpg","type":"image\/jpeg"}],"twitter_card":"summary_large_image","twitter_misc":{"Est. reading time":"1 minut"},"schema":{"@context":"https:\/\/schema.org","@graph":[{"@type":"WebPage","@id":"https:\/\/nordlinepaadid.ee\/et\/pood\/kalasturtarbed\/kalastustelk-storm-at-195\/","url":"https:\/\/nordlinepaadid.ee\/et\/pood\/kalasturtarbed\/kalastustelk-storm-at-195\/","name":"KALASTUSTELK - STORM AT 195 - NORDLINE s\u00f5udepaadid ja mootorpaadid. Klaasfiiber materjalist.","isPartOf":{"@id":"https:\/\/nordlinepaadid.ee\/et\/#website"},"primaryImageOfPage":{"@id":"https:\/\/nordlinepaadid.ee\/et\/pood\/kalasturtarbed\/kalastustelk-storm-at-195\/#primaryimage"},"image":{"@id":"https:\/\/nordlinepaadid.ee\/et\/pood\/kalasturtarbed\/kalastustelk-storm-at-195\/#primaryimage"},"thumbnailUrl":"https:\/\/nordlinepaadid.ee\/wp-content\/uploads\/2023\/03\/8562_HM-STRM-AT180.1.jpg","datePublished":"2026-04-21T00:30:28+00:00","dateModified":"2026-04-22T11:04:25+00:00","breadcrumb":{"@id":"https:\/\/nordlinepaadid.ee\/et\/pood\/kalasturtarbed\/kalastustelk-storm-at-195\/#breadcrumb"},"inLanguage":"et","potentialAction":[{"@type":"ReadAction","target":["https:\/\/nordlinepaadid.ee\/et\/pood\/kalasturtarbed\/kalastustelk-storm-at-195\/"]}]},{"@type":"ImageObject","inLanguage":"et","@id":"https:\/\/nordlinepaadid.ee\/et\/pood\/kalasturtarbed\/kalastustelk-storm-at-195\/#primaryimage","url":"https:\/\/nordlinepaadid.ee\/wp-content\/uploads\/2023\/03\/8562_HM-STRM-AT180.1.jpg","contentUrl":"https:\/\/nordlinepaadid.ee\/wp-content\/uploads\/2023\/03\/8562_HM-STRM-AT180.1.jpg","width":1920,"height":1823},{"@type":"BreadcrumbList","@id":"https:\/\/nordlinepaadid.ee\/et\/pood\/kalasturtarbed\/kalastustelk-storm-at-195\/#breadcrumb","itemListElement":[{"@type":"ListItem","position":1,"name":"Home","item":"https:\/\/nordlinepaadid.ee\/et\/"},{"@type":"ListItem","position":2,"name":"Pood","item":"https:\/\/nordlinepaadid.ee\/et\/pood\/"},{"@type":"ListItem","position":3,"name":"KALASTUSTELK &#8211; STORM AT 195"}]},{"@type":"WebSite","@id":"https:\/\/nordlinepaadid.ee\/et\/#website","url":"https:\/\/nordlinepaadid.ee\/et\/","name":"NORDLINE s\u00f5udepaadid ja mootorpaadid. Klaasfiiber materjalist.","description":"","publisher":{"@id":"https:\/\/nordlinepaadid.ee\/et\/#organization"},"potentialAction":[{"@type":"SearchAction","target":{"@type":"EntryPoint","urlTemplate":"https:\/\/nordlinepaadid.ee\/et\/?s={search_term_string}"},"query-input":{"@type":"PropertyValueSpecification","valueRequired":true,"valueName":"search_term_string"}}],"inLanguage":"et"},{"@type":"Organization","@id":"https:\/\/nordlinepaadid.ee\/et\/#organization","name":"Nordlineboats","url":"https:\/\/nordlinepaadid.ee\/et\/","logo":{"@type":"ImageObject","inLanguage":"et","@id":"https:\/\/nordlinepaadid.ee\/et\/#\/schema\/logo\/image\/","url":"https:\/\/nordlinepaadid.ee\/wp-content\/uploads\/2023\/01\/fulllogo_transparent_nobuffer-e1672750475494.png","contentUrl":"https:\/\/nordlinepaadid.ee\/wp-content\/uploads\/2023\/01\/fulllogo_transparent_nobuffer-e1672750475494.png","width":150,"height":119,"caption":"Nordlineboats"},"image":{"@id":"https:\/\/nordlinepaadid.ee\/et\/#\/schema\/logo\/image\/"},"sameAs":["https:\/\/www.facebook.com\/nordlineboats","https:\/\/www.youtube.com\/channel\/UCbgF0fy02y3QkFnujaLTaCA"]}]}},"taxonomy_info":{"product_cat":[{"value":407,"label":"KALASTUSTARBED"},{"value":408,"label":"Talikalastus"}],"pa_unit":[{"value":416,"label":"pcs"}]},"featured_image_src_large":["https:\/\/nordlinepaadid.ee\/wp-content\/uploads\/2023\/03\/8562_HM-STRM-AT180.1-1024x972.jpg",1024,972,true],"author_info":[],"comment_info":"","_links":{"self":[{"href":"https:\/\/nordlinepaadid.ee\/et\/wp-json\/wp\/v2\/product\/60787","targetHints":{"allow":["GET"]}}],"collection":[{"href":"https:\/\/nordlinepaadid.ee\/et\/wp-json\/wp\/v2\/product"}],"about":[{"href":"https:\/\/nordlinepaadid.ee\/et\/wp-json\/wp\/v2\/types\/product"}],"wp:featuredmedia":[{"embeddable":true,"href":"https:\/\/nordlinepaadid.ee\/et\/wp-json\/wp\/v2\/media\/28693"}],"wp:attachment":[{"href":"https:\/\/nordlinepaadid.ee\/et\/wp-json\/wp\/v2\/media?parent=60787"}],"wp:term":[{"taxonomy":"product_brand","embeddable":true,"href":"https:\/\/nordlinepaadid.ee\/et\/wp-json\/wp\/v2\/product_brand?post=60787"},{"taxonomy":"product_cat","embeddable":true,"href":"https:\/\/nordlinepaadid.ee\/et\/wp-json\/wp\/v2\/product_cat?post=60787"},{"taxonomy":"product_tag","embeddable":true,"href":"https:\/\/nordlinepaadid.ee\/et\/wp-json\/wp\/v2\/product_tag?post=60787"}],"curies":[{"name":"wp","href":"https:\/\/api.w.org\/{rel}","templated":true}]}}