{"id":61252,"date":"2026-04-17T18:17:17","date_gmt":"2026-04-17T15:17:17","guid":{"rendered":"https:\/\/nordlinepaadid.ee\/pood\/maaratlemata\/raymarine-rd424hd-24-4-kw-kinnine-hd-digital-radariantenn\/"},"modified":"2026-04-19T16:00:31","modified_gmt":"2026-04-19T13:00:31","slug":"raymarine-rd424hd-24-4-kw-kinnine-hd-digital-radariantenn","status":"publish","type":"product","link":"https:\/\/nordlinepaadid.ee\/et\/pood\/mereelektroonika\/radarid\/raymarine-rd424hd-24-4-kw-kinnine-hd-digital-radariantenn\/","title":{"rendered":"RAYMARINE RD424HD 24&#8243; 4 KW KINNINE HD DIGITAL RADARIANTENN"},"content":{"rendered":"<p>Raymarine&#8217;i uued HD Digital radoomiskannerid \u00fchendavad HD Digital signaalit\u00f6\u00f6tluse v\u00f5imsuse ja selguse \u00fclikompaktse skanneriga, mis sobib igat t\u00fc\u00fcpi laevadele. \u00dchildub C-seeria laiekraan-, E-seeria klassika-, E-seeria laiekraan- ja G-seeria multifunktsionaalsete ekraanidega. Pakudes 256-v\u00e4rvilist radarikuvarit ja k\u00f5ige v\u00e4iksemat ja elutruumat pilti. RD418HD-l on sama adaptiivne digitaalvastuv\u00f5tja tehnoloogia, mis on meie avatud maatriksiga antennides. Kohandudes automaatselt muutuvate keskkonna- ja meretingimustega, pakuvad HD Digital radarid teravat ja t\u00e4pset kontaktkaja l\u00fchikestel vahemaadel ning silmapaistvat pikamaa j\u00f5udlust kuni 48 meremiili ulatuses.<\/p>\n<p>&#13;<\/p>\n<p><iframe loading=\"lazy\" allowfullscreen=\"\" frameborder=\"0\" height=\"360\" src=\"\/\/www.youtube.com\/embed\/4ms2TwVWrvE\" width=\"640\"><\/iframe><\/p>\n<p>&#13;<\/p>\n","protected":false},"excerpt":{"rendered":"<p>Raymarine&#8217;i uued HD Digital radoomiskannerid \u00fchendavad HD Digital signaalit\u00f6\u00f6tluse v\u00f5imsuse ja selguse \u00fclikompaktse skanneriga, mis sobib igat t\u00fc\u00fcpi laevadele. \u00dchildub C-seeria laiekraan-, E-seeria klassika-, E-seeria laiekraan- ja G-seeria multifunktsionaalsete ekraanidega. Pakudes 256-v\u00e4rvilist radarikuvarit ja k\u00f5ige v\u00e4iksemat ja elutruumat pilti. RD418HD-l on sama adaptiivne digitaalvastuv\u00f5tja tehnoloogia, mis on meie avatud maatriksiga antennides. Kohandudes automaatselt muutuvate keskkonna-&#8230;<\/p>\n","protected":false},"featured_media":61244,"template":"","meta":{"_kad_blocks_custom_css":"","_kad_blocks_head_custom_js":"","_kad_blocks_body_custom_js":"","_kad_blocks_footer_custom_js":"","_kad_post_transparent":"","_kad_post_title":"","_kad_post_layout":"","_kad_post_sidebar_id":"","_kad_post_content_style":"","_kad_post_vertical_padding":"","_kad_post_feature":"","_kad_post_feature_position":"","_kad_post_header":false,"_kad_post_footer":false,"_kad_post_classname":""},"product_brand":[],"product_cat":[352,413],"product_tag":[],"class_list":{"0":"post-61252","1":"product","2":"type-product","3":"status-publish","4":"has-post-thumbnail","6":"product_cat-mereelektroonika","7":"product_cat-radarid","8":"pa_producer-raymarine","9":"pa_unit-pcs","10":"tm-no-options","12":"first","13":"onbackorder","14":"taxable","15":"shipping-taxable","16":"purchasable","17":"product-type-simple","18":"entry","19":"content-bg","20":"loop-entry"},"yoast_head":"<!-- This site is optimized with the Yoast SEO plugin v27.3 - https:\/\/yoast.com\/product\/yoast-seo-wordpress\/ -->\n<title>RAYMARINE RD424HD 24&quot; 4 KW KINNINE HD DIGITAL RADARIANTENN - NORDLINE s\u00f5udepaadid ja mootorpaadid. Klaasfiiber materjalist.<\/title>\n<meta name=\"robots\" content=\"index, follow, max-snippet:-1, max-image-preview:large, max-video-preview:-1\" \/>\n<link rel=\"canonical\" href=\"https:\/\/nordlinepaadid.ee\/et\/pood\/mereelektroonika\/radarid\/raymarine-rd424hd-24-4-kw-kinnine-hd-digital-radariantenn\/\" \/>\n<meta property=\"og:locale\" content=\"et_EE\" \/>\n<meta property=\"og:type\" content=\"article\" \/>\n<meta property=\"og:title\" content=\"RAYMARINE RD424HD 24&quot; 4 KW KINNINE HD DIGITAL RADARIANTENN - NORDLINE s\u00f5udepaadid ja mootorpaadid. Klaasfiiber materjalist.\" \/>\n<meta property=\"og:description\" content=\"Raymarine&#8217;i uued HD Digital radoomiskannerid \u00fchendavad HD Digital signaalit\u00f6\u00f6tluse v\u00f5imsuse ja selguse \u00fclikompaktse skanneriga, mis sobib igat t\u00fc\u00fcpi laevadele. \u00dchildub C-seeria laiekraan-, E-seeria klassika-, E-seeria laiekraan- ja G-seeria multifunktsionaalsete ekraanidega. Pakudes 256-v\u00e4rvilist radarikuvarit ja k\u00f5ige v\u00e4iksemat ja elutruumat pilti. RD418HD-l on sama adaptiivne digitaalvastuv\u00f5tja tehnoloogia, mis on meie avatud maatriksiga antennides. Kohandudes automaatselt muutuvate keskkonna-...\" \/>\n<meta property=\"og:url\" content=\"https:\/\/nordlinepaadid.ee\/et\/pood\/mereelektroonika\/radarid\/raymarine-rd424hd-24-4-kw-kinnine-hd-digital-radariantenn\/\" \/>\n<meta property=\"og:site_name\" content=\"NORDLINE s\u00f5udepaadid ja mootorpaadid. Klaasfiiber materjalist.\" \/>\n<meta property=\"article:publisher\" content=\"https:\/\/www.facebook.com\/nordlineboats\" \/>\n<meta property=\"article:modified_time\" content=\"2026-04-19T13:00:31+00:00\" \/>\n<meta property=\"og:image\" content=\"https:\/\/nordlinepaadid.ee\/wp-content\/uploads\/2026\/04\/9036_hd_color_radome_radar__99864_-_1.jpg\" \/>\n\t<meta property=\"og:image:width\" content=\"1280\" \/>\n\t<meta property=\"og:image:height\" content=\"859\" \/>\n\t<meta property=\"og:image:type\" content=\"image\/jpeg\" \/>\n<meta name=\"twitter:card\" content=\"summary_large_image\" \/>\n<script type=\"application\/ld+json\" class=\"yoast-schema-graph\">{\"@context\":\"https:\\\/\\\/schema.org\",\"@graph\":[{\"@type\":\"WebPage\",\"@id\":\"https:\\\/\\\/nordlinepaadid.ee\\\/et\\\/pood\\\/mereelektroonika\\\/radarid\\\/raymarine-rd424hd-24-4-kw-kinnine-hd-digital-radariantenn\\\/\",\"url\":\"https:\\\/\\\/nordlinepaadid.ee\\\/et\\\/pood\\\/mereelektroonika\\\/radarid\\\/raymarine-rd424hd-24-4-kw-kinnine-hd-digital-radariantenn\\\/\",\"name\":\"RAYMARINE RD424HD 24\\\" 4 KW KINNINE HD DIGITAL RADARIANTENN - NORDLINE s\u00f5udepaadid ja mootorpaadid. Klaasfiiber materjalist.\",\"isPartOf\":{\"@id\":\"https:\\\/\\\/nordlinepaadid.ee\\\/et\\\/#website\"},\"primaryImageOfPage\":{\"@id\":\"https:\\\/\\\/nordlinepaadid.ee\\\/et\\\/pood\\\/mereelektroonika\\\/radarid\\\/raymarine-rd424hd-24-4-kw-kinnine-hd-digital-radariantenn\\\/#primaryimage\"},\"image\":{\"@id\":\"https:\\\/\\\/nordlinepaadid.ee\\\/et\\\/pood\\\/mereelektroonika\\\/radarid\\\/raymarine-rd424hd-24-4-kw-kinnine-hd-digital-radariantenn\\\/#primaryimage\"},\"thumbnailUrl\":\"https:\\\/\\\/nordlinepaadid.ee\\\/wp-content\\\/uploads\\\/2026\\\/04\\\/9036_hd_color_radome_radar__99864_-_1.jpg\",\"datePublished\":\"2026-04-17T15:17:17+00:00\",\"dateModified\":\"2026-04-19T13:00:31+00:00\",\"breadcrumb\":{\"@id\":\"https:\\\/\\\/nordlinepaadid.ee\\\/et\\\/pood\\\/mereelektroonika\\\/radarid\\\/raymarine-rd424hd-24-4-kw-kinnine-hd-digital-radariantenn\\\/#breadcrumb\"},\"inLanguage\":\"et\",\"potentialAction\":[{\"@type\":\"ReadAction\",\"target\":[\"https:\\\/\\\/nordlinepaadid.ee\\\/et\\\/pood\\\/mereelektroonika\\\/radarid\\\/raymarine-rd424hd-24-4-kw-kinnine-hd-digital-radariantenn\\\/\"]}]},{\"@type\":\"ImageObject\",\"inLanguage\":\"et\",\"@id\":\"https:\\\/\\\/nordlinepaadid.ee\\\/et\\\/pood\\\/mereelektroonika\\\/radarid\\\/raymarine-rd424hd-24-4-kw-kinnine-hd-digital-radariantenn\\\/#primaryimage\",\"url\":\"https:\\\/\\\/nordlinepaadid.ee\\\/wp-content\\\/uploads\\\/2026\\\/04\\\/9036_hd_color_radome_radar__99864_-_1.jpg\",\"contentUrl\":\"https:\\\/\\\/nordlinepaadid.ee\\\/wp-content\\\/uploads\\\/2026\\\/04\\\/9036_hd_color_radome_radar__99864_-_1.jpg\",\"width\":1280,\"height\":859},{\"@type\":\"BreadcrumbList\",\"@id\":\"https:\\\/\\\/nordlinepaadid.ee\\\/et\\\/pood\\\/mereelektroonika\\\/radarid\\\/raymarine-rd424hd-24-4-kw-kinnine-hd-digital-radariantenn\\\/#breadcrumb\",\"itemListElement\":[{\"@type\":\"ListItem\",\"position\":1,\"name\":\"Home\",\"item\":\"https:\\\/\\\/nordlinepaadid.ee\\\/et\\\/\"},{\"@type\":\"ListItem\",\"position\":2,\"name\":\"Pood\",\"item\":\"https:\\\/\\\/nordlinepaadid.ee\\\/et\\\/pood\\\/\"},{\"@type\":\"ListItem\",\"position\":3,\"name\":\"RAYMARINE RD424HD 24&#8243; 4 KW KINNINE HD DIGITAL RADARIANTENN\"}]},{\"@type\":\"WebSite\",\"@id\":\"https:\\\/\\\/nordlinepaadid.ee\\\/et\\\/#website\",\"url\":\"https:\\\/\\\/nordlinepaadid.ee\\\/et\\\/\",\"name\":\"NORDLINE s\u00f5udepaadid ja mootorpaadid. Klaasfiiber materjalist.\",\"description\":\"\",\"publisher\":{\"@id\":\"https:\\\/\\\/nordlinepaadid.ee\\\/et\\\/#organization\"},\"potentialAction\":[{\"@type\":\"SearchAction\",\"target\":{\"@type\":\"EntryPoint\",\"urlTemplate\":\"https:\\\/\\\/nordlinepaadid.ee\\\/et\\\/?s={search_term_string}\"},\"query-input\":{\"@type\":\"PropertyValueSpecification\",\"valueRequired\":true,\"valueName\":\"search_term_string\"}}],\"inLanguage\":\"et\"},{\"@type\":\"Organization\",\"@id\":\"https:\\\/\\\/nordlinepaadid.ee\\\/et\\\/#organization\",\"name\":\"Nordlineboats\",\"url\":\"https:\\\/\\\/nordlinepaadid.ee\\\/et\\\/\",\"logo\":{\"@type\":\"ImageObject\",\"inLanguage\":\"et\",\"@id\":\"https:\\\/\\\/nordlinepaadid.ee\\\/et\\\/#\\\/schema\\\/logo\\\/image\\\/\",\"url\":\"https:\\\/\\\/nordlinepaadid.ee\\\/wp-content\\\/uploads\\\/2023\\\/01\\\/fulllogo_transparent_nobuffer-e1672750475494.png\",\"contentUrl\":\"https:\\\/\\\/nordlinepaadid.ee\\\/wp-content\\\/uploads\\\/2023\\\/01\\\/fulllogo_transparent_nobuffer-e1672750475494.png\",\"width\":150,\"height\":119,\"caption\":\"Nordlineboats\"},\"image\":{\"@id\":\"https:\\\/\\\/nordlinepaadid.ee\\\/et\\\/#\\\/schema\\\/logo\\\/image\\\/\"},\"sameAs\":[\"https:\\\/\\\/www.facebook.com\\\/nordlineboats\",\"https:\\\/\\\/www.youtube.com\\\/channel\\\/UCbgF0fy02y3QkFnujaLTaCA\"]}]}<\/script>\n<!-- \/ Yoast SEO plugin. -->","yoast_head_json":{"title":"RAYMARINE RD424HD 24\" 4 KW KINNINE HD DIGITAL RADARIANTENN - NORDLINE s\u00f5udepaadid ja mootorpaadid. Klaasfiiber materjalist.","robots":{"index":"index","follow":"follow","max-snippet":"max-snippet:-1","max-image-preview":"max-image-preview:large","max-video-preview":"max-video-preview:-1"},"canonical":"https:\/\/nordlinepaadid.ee\/et\/pood\/mereelektroonika\/radarid\/raymarine-rd424hd-24-4-kw-kinnine-hd-digital-radariantenn\/","og_locale":"et_EE","og_type":"article","og_title":"RAYMARINE RD424HD 24\" 4 KW KINNINE HD DIGITAL RADARIANTENN - NORDLINE s\u00f5udepaadid ja mootorpaadid. Klaasfiiber materjalist.","og_description":"Raymarine&#8217;i uued HD Digital radoomiskannerid \u00fchendavad HD Digital signaalit\u00f6\u00f6tluse v\u00f5imsuse ja selguse \u00fclikompaktse skanneriga, mis sobib igat t\u00fc\u00fcpi laevadele. \u00dchildub C-seeria laiekraan-, E-seeria klassika-, E-seeria laiekraan- ja G-seeria multifunktsionaalsete ekraanidega. Pakudes 256-v\u00e4rvilist radarikuvarit ja k\u00f5ige v\u00e4iksemat ja elutruumat pilti. RD418HD-l on sama adaptiivne digitaalvastuv\u00f5tja tehnoloogia, mis on meie avatud maatriksiga antennides. Kohandudes automaatselt muutuvate keskkonna-...","og_url":"https:\/\/nordlinepaadid.ee\/et\/pood\/mereelektroonika\/radarid\/raymarine-rd424hd-24-4-kw-kinnine-hd-digital-radariantenn\/","og_site_name":"NORDLINE s\u00f5udepaadid ja mootorpaadid. Klaasfiiber materjalist.","article_publisher":"https:\/\/www.facebook.com\/nordlineboats","article_modified_time":"2026-04-19T13:00:31+00:00","og_image":[{"width":1280,"height":859,"url":"https:\/\/nordlinepaadid.ee\/wp-content\/uploads\/2026\/04\/9036_hd_color_radome_radar__99864_-_1.jpg","type":"image\/jpeg"}],"twitter_card":"summary_large_image","schema":{"@context":"https:\/\/schema.org","@graph":[{"@type":"WebPage","@id":"https:\/\/nordlinepaadid.ee\/et\/pood\/mereelektroonika\/radarid\/raymarine-rd424hd-24-4-kw-kinnine-hd-digital-radariantenn\/","url":"https:\/\/nordlinepaadid.ee\/et\/pood\/mereelektroonika\/radarid\/raymarine-rd424hd-24-4-kw-kinnine-hd-digital-radariantenn\/","name":"RAYMARINE RD424HD 24\" 4 KW KINNINE HD DIGITAL RADARIANTENN - NORDLINE s\u00f5udepaadid ja mootorpaadid. Klaasfiiber materjalist.","isPartOf":{"@id":"https:\/\/nordlinepaadid.ee\/et\/#website"},"primaryImageOfPage":{"@id":"https:\/\/nordlinepaadid.ee\/et\/pood\/mereelektroonika\/radarid\/raymarine-rd424hd-24-4-kw-kinnine-hd-digital-radariantenn\/#primaryimage"},"image":{"@id":"https:\/\/nordlinepaadid.ee\/et\/pood\/mereelektroonika\/radarid\/raymarine-rd424hd-24-4-kw-kinnine-hd-digital-radariantenn\/#primaryimage"},"thumbnailUrl":"https:\/\/nordlinepaadid.ee\/wp-content\/uploads\/2026\/04\/9036_hd_color_radome_radar__99864_-_1.jpg","datePublished":"2026-04-17T15:17:17+00:00","dateModified":"2026-04-19T13:00:31+00:00","breadcrumb":{"@id":"https:\/\/nordlinepaadid.ee\/et\/pood\/mereelektroonika\/radarid\/raymarine-rd424hd-24-4-kw-kinnine-hd-digital-radariantenn\/#breadcrumb"},"inLanguage":"et","potentialAction":[{"@type":"ReadAction","target":["https:\/\/nordlinepaadid.ee\/et\/pood\/mereelektroonika\/radarid\/raymarine-rd424hd-24-4-kw-kinnine-hd-digital-radariantenn\/"]}]},{"@type":"ImageObject","inLanguage":"et","@id":"https:\/\/nordlinepaadid.ee\/et\/pood\/mereelektroonika\/radarid\/raymarine-rd424hd-24-4-kw-kinnine-hd-digital-radariantenn\/#primaryimage","url":"https:\/\/nordlinepaadid.ee\/wp-content\/uploads\/2026\/04\/9036_hd_color_radome_radar__99864_-_1.jpg","contentUrl":"https:\/\/nordlinepaadid.ee\/wp-content\/uploads\/2026\/04\/9036_hd_color_radome_radar__99864_-_1.jpg","width":1280,"height":859},{"@type":"BreadcrumbList","@id":"https:\/\/nordlinepaadid.ee\/et\/pood\/mereelektroonika\/radarid\/raymarine-rd424hd-24-4-kw-kinnine-hd-digital-radariantenn\/#breadcrumb","itemListElement":[{"@type":"ListItem","position":1,"name":"Home","item":"https:\/\/nordlinepaadid.ee\/et\/"},{"@type":"ListItem","position":2,"name":"Pood","item":"https:\/\/nordlinepaadid.ee\/et\/pood\/"},{"@type":"ListItem","position":3,"name":"RAYMARINE RD424HD 24&#8243; 4 KW KINNINE HD DIGITAL RADARIANTENN"}]},{"@type":"WebSite","@id":"https:\/\/nordlinepaadid.ee\/et\/#website","url":"https:\/\/nordlinepaadid.ee\/et\/","name":"NORDLINE s\u00f5udepaadid ja mootorpaadid. Klaasfiiber materjalist.","description":"","publisher":{"@id":"https:\/\/nordlinepaadid.ee\/et\/#organization"},"potentialAction":[{"@type":"SearchAction","target":{"@type":"EntryPoint","urlTemplate":"https:\/\/nordlinepaadid.ee\/et\/?s={search_term_string}"},"query-input":{"@type":"PropertyValueSpecification","valueRequired":true,"valueName":"search_term_string"}}],"inLanguage":"et"},{"@type":"Organization","@id":"https:\/\/nordlinepaadid.ee\/et\/#organization","name":"Nordlineboats","url":"https:\/\/nordlinepaadid.ee\/et\/","logo":{"@type":"ImageObject","inLanguage":"et","@id":"https:\/\/nordlinepaadid.ee\/et\/#\/schema\/logo\/image\/","url":"https:\/\/nordlinepaadid.ee\/wp-content\/uploads\/2023\/01\/fulllogo_transparent_nobuffer-e1672750475494.png","contentUrl":"https:\/\/nordlinepaadid.ee\/wp-content\/uploads\/2023\/01\/fulllogo_transparent_nobuffer-e1672750475494.png","width":150,"height":119,"caption":"Nordlineboats"},"image":{"@id":"https:\/\/nordlinepaadid.ee\/et\/#\/schema\/logo\/image\/"},"sameAs":["https:\/\/www.facebook.com\/nordlineboats","https:\/\/www.youtube.com\/channel\/UCbgF0fy02y3QkFnujaLTaCA"]}]}},"taxonomy_info":{"product_cat":[{"value":352,"label":"MEREELEKTROONIKA"},{"value":413,"label":"Radarid"}],"pa_producer":[{"value":476,"label":"Raymarine"}],"pa_unit":[{"value":416,"label":"pcs"}]},"featured_image_src_large":["https:\/\/nordlinepaadid.ee\/wp-content\/uploads\/2026\/04\/9036_hd_color_radome_radar__99864_-_1-1024x687.jpg",1024,687,true],"author_info":[],"comment_info":"","_links":{"self":[{"href":"https:\/\/nordlinepaadid.ee\/et\/wp-json\/wp\/v2\/product\/61252","targetHints":{"allow":["GET"]}}],"collection":[{"href":"https:\/\/nordlinepaadid.ee\/et\/wp-json\/wp\/v2\/product"}],"about":[{"href":"https:\/\/nordlinepaadid.ee\/et\/wp-json\/wp\/v2\/types\/product"}],"wp:featuredmedia":[{"embeddable":true,"href":"https:\/\/nordlinepaadid.ee\/et\/wp-json\/wp\/v2\/media\/61244"}],"wp:attachment":[{"href":"https:\/\/nordlinepaadid.ee\/et\/wp-json\/wp\/v2\/media?parent=61252"}],"wp:term":[{"taxonomy":"product_brand","embeddable":true,"href":"https:\/\/nordlinepaadid.ee\/et\/wp-json\/wp\/v2\/product_brand?post=61252"},{"taxonomy":"product_cat","embeddable":true,"href":"https:\/\/nordlinepaadid.ee\/et\/wp-json\/wp\/v2\/product_cat?post=61252"},{"taxonomy":"product_tag","embeddable":true,"href":"https:\/\/nordlinepaadid.ee\/et\/wp-json\/wp\/v2\/product_tag?post=61252"}],"curies":[{"name":"wp","href":"https:\/\/api.w.org\/{rel}","templated":true}]}}