{"id":61260,"date":"2026-04-21T03:32:59","date_gmt":"2026-04-21T00:32:59","guid":{"rendered":"https:\/\/nordlinepaadid.ee\/pood\/maaratlemata\/elektrooniline-merekaart-navionics-regular-for-emea\/"},"modified":"2026-04-21T14:07:42","modified_gmt":"2026-04-21T11:07:42","slug":"elektrooniline-merekaart-navionics-regular-for-emea","status":"publish","type":"product","link":"https:\/\/nordlinepaadid.ee\/et\/pood\/raamatud-merekaardid-kataloogid-kinkekaardid\/elektroonilised-merekaardid\/elektrooniline-merekaart-navionics-regular-for-emea\/","title":{"rendered":"ELEKTROONILINE MEREKAART &#8211; NAVIONICS+ REGULAR FOR EMEA"},"content":{"rendered":"<p>Kaart on allalaetav ainult Navionics-i poolt modifitseeritud m\u00e4lukaardile. Alates 21.02.2022 kannab endine Small uut nime mis on REGULAR ja allalaetavad piirkonnad on muutunud tunduvalt suuremaks. Enne kaardi kasutamist tuleb kaart Navionics kodulehel &#8220;registreerida&#8221; ja omale sobilik piirkond alla laadida. Eesti jaoks m\u00f5eldud endise nelja erineva v\u00e4ga v\u00e4ikese ala asemel on piirkonnad mis h\u00f5lmavad kogu Eestit ja p\u00e4\u00e4seb ka Soome, L\u00e4tti ja Leetu. Alla on v\u00f5imalik laadida \u00fcks k\u00f5ikidest v\u00e4ikestest piirkondadest mida Navionics pakub ja seda kogu EMEA ulatuses. Eesti jaoks on kaks sobivat piirkonda. \u00dcks piirkond h\u00f5lmab Eestit ja L\u00e4tit ja v\u00f5imaldab ka minna kalale v\u00f5i huvireisile l\u00f5una Soome ja Ahvenamaale, teine piirkond katab Eesti, L\u00e4ti, Leedu, Poola ja ka Gotland ja Ruugeni saar on peal. Registreerimise kuup\u00e4evast alates on v\u00f5imalik aasta jooksul laadida alla tasuta uuendusi. Piirkonna valikul tuleb olla ettevaatlik, seda hiljem muuta ei saa. Kaarti uuendades saab \u00fclesse laadida ka enda kajaloega salvestatud sonari logi ja seda teistega jagada. REGULAR merekaart v\u00f5imaldab Raymarine a, c, e, eS, gS ja uutes Axiom, Axiom+, Axiom PRO, Axiom XL ja Element seeria kaardiplotterites ja paljudes teiste tootjate kaardiplotterites kasutada funktsiooni &#8220;Auto Route&#8221; mis teekonna algus- ja sihtpunkti vahele kuvab automaatselt Teie alusele ohutu teekonna. (Auto Route ei pruugi igas olukorras toimida, k\u00f5ik s\u00f5ltub kaardi detailsusest selles piirkonnas). NB! Enne uue merekaardi ostmist veendu kas Navionics merekaardid sobivad Sinu kaardiplotterile ja kas Sinu kaardiplotter on v\u00f5imeline lugema suuremaid m\u00e4lukaarte kui 2 GB. Tee kindlaks kas Sinu plotteris on viimane saadaolev tarkvara ja vajadusel uuenda seda. Kui k\u00f5hkled, siis p\u00f6\u00f6rdu julgelt seda toodet esindava ettev\u00f5tte poole.<\/p>\n","protected":false},"excerpt":{"rendered":"<p>Kaart on allalaetav ainult Navionics-i poolt modifitseeritud m\u00e4lukaardile. Alates 21.02.2022 kannab endine Small uut nime mis on REGULAR ja allalaetavad piirkonnad on muutunud tunduvalt suuremaks. Enne kaardi kasutamist tuleb kaart Navionics kodulehel &#8220;registreerida&#8221; ja omale sobilik piirkond alla laadida. Eesti jaoks m\u00f5eldud endise nelja erineva v\u00e4ga v\u00e4ikese ala asemel on piirkonnad mis h\u00f5lmavad kogu Eestit&#8230;<\/p>\n","protected":false},"featured_media":61261,"template":"","meta":{"_kad_blocks_custom_css":"","_kad_blocks_head_custom_js":"","_kad_blocks_body_custom_js":"","_kad_blocks_footer_custom_js":"","_kad_post_transparent":"","_kad_post_title":"","_kad_post_layout":"","_kad_post_sidebar_id":"","_kad_post_content_style":"","_kad_post_vertical_padding":"","_kad_post_feature":"","_kad_post_feature_position":"","_kad_post_header":false,"_kad_post_footer":false,"_kad_post_classname":""},"product_brand":[],"product_cat":[350,228],"product_tag":[],"class_list":{"0":"post-61260","1":"product","2":"type-product","3":"status-publish","4":"has-post-thumbnail","6":"product_cat-elektroonilised-merekaardid","7":"product_cat-raamatud-merekaardid-kataloogid-kinkekaardid","8":"pa_producer-navionics","9":"pa_unit-pcs","10":"tm-no-options","12":"first","13":"onbackorder","14":"taxable","15":"shipping-taxable","16":"purchasable","17":"product-type-simple","18":"entry","19":"content-bg","20":"loop-entry"},"yoast_head":"<!-- This site is optimized with the Yoast SEO plugin v27.4 - https:\/\/yoast.com\/product\/yoast-seo-wordpress\/ -->\n<title>ELEKTROONILINE MEREKAART - NAVIONICS+ REGULAR FOR EMEA - NORDLINE s\u00f5udepaadid ja mootorpaadid. Klaasfiiber materjalist.<\/title>\n<meta name=\"robots\" content=\"index, follow, max-snippet:-1, max-image-preview:large, max-video-preview:-1\" \/>\n<link rel=\"canonical\" href=\"https:\/\/nordlinepaadid.ee\/et\/pood\/raamatud-merekaardid-kataloogid-kinkekaardid\/elektroonilised-merekaardid\/elektrooniline-merekaart-navionics-regular-for-emea\/\" \/>\n<meta property=\"og:locale\" content=\"et_EE\" \/>\n<meta property=\"og:type\" content=\"article\" \/>\n<meta property=\"og:title\" content=\"ELEKTROONILINE MEREKAART - NAVIONICS+ REGULAR FOR EMEA - NORDLINE s\u00f5udepaadid ja mootorpaadid. Klaasfiiber materjalist.\" \/>\n<meta property=\"og:description\" content=\"Kaart on allalaetav ainult Navionics-i poolt modifitseeritud m\u00e4lukaardile. Alates 21.02.2022 kannab endine Small uut nime mis on REGULAR ja allalaetavad piirkonnad on muutunud tunduvalt suuremaks. Enne kaardi kasutamist tuleb kaart Navionics kodulehel &#8220;registreerida&#8221; ja omale sobilik piirkond alla laadida. Eesti jaoks m\u00f5eldud endise nelja erineva v\u00e4ga v\u00e4ikese ala asemel on piirkonnad mis h\u00f5lmavad kogu Eestit...\" \/>\n<meta property=\"og:url\" content=\"https:\/\/nordlinepaadid.ee\/et\/pood\/raamatud-merekaardid-kataloogid-kinkekaardid\/elektroonilised-merekaardid\/elektrooniline-merekaart-navionics-regular-for-emea\/\" \/>\n<meta property=\"og:site_name\" content=\"NORDLINE s\u00f5udepaadid ja mootorpaadid. Klaasfiiber materjalist.\" \/>\n<meta property=\"article:publisher\" content=\"https:\/\/www.facebook.com\/nordlineboats\" \/>\n<meta property=\"article:modified_time\" content=\"2026-04-21T11:07:42+00:00\" \/>\n<meta property=\"og:image\" content=\"https:\/\/nordlinepaadid.ee\/wp-content\/uploads\/2026\/04\/9044_navionics-navionics-regular-preformated-marine-chart-module.jpg\" \/>\n\t<meta property=\"og:image:width\" content=\"536\" \/>\n\t<meta property=\"og:image:height\" content=\"384\" \/>\n\t<meta property=\"og:image:type\" content=\"image\/jpeg\" \/>\n<meta name=\"twitter:card\" content=\"summary_large_image\" \/>\n<meta name=\"twitter:label1\" content=\"Est. reading time\" \/>\n\t<meta name=\"twitter:data1\" content=\"1 minut\" \/>\n<script type=\"application\/ld+json\" class=\"yoast-schema-graph\">{\"@context\":\"https:\\\/\\\/schema.org\",\"@graph\":[{\"@type\":\"WebPage\",\"@id\":\"https:\\\/\\\/nordlinepaadid.ee\\\/et\\\/pood\\\/raamatud-merekaardid-kataloogid-kinkekaardid\\\/elektroonilised-merekaardid\\\/elektrooniline-merekaart-navionics-regular-for-emea\\\/\",\"url\":\"https:\\\/\\\/nordlinepaadid.ee\\\/et\\\/pood\\\/raamatud-merekaardid-kataloogid-kinkekaardid\\\/elektroonilised-merekaardid\\\/elektrooniline-merekaart-navionics-regular-for-emea\\\/\",\"name\":\"ELEKTROONILINE MEREKAART - NAVIONICS+ REGULAR FOR EMEA - NORDLINE s\u00f5udepaadid ja mootorpaadid. Klaasfiiber materjalist.\",\"isPartOf\":{\"@id\":\"https:\\\/\\\/nordlinepaadid.ee\\\/et\\\/#website\"},\"primaryImageOfPage\":{\"@id\":\"https:\\\/\\\/nordlinepaadid.ee\\\/et\\\/pood\\\/raamatud-merekaardid-kataloogid-kinkekaardid\\\/elektroonilised-merekaardid\\\/elektrooniline-merekaart-navionics-regular-for-emea\\\/#primaryimage\"},\"image\":{\"@id\":\"https:\\\/\\\/nordlinepaadid.ee\\\/et\\\/pood\\\/raamatud-merekaardid-kataloogid-kinkekaardid\\\/elektroonilised-merekaardid\\\/elektrooniline-merekaart-navionics-regular-for-emea\\\/#primaryimage\"},\"thumbnailUrl\":\"https:\\\/\\\/nordlinepaadid.ee\\\/wp-content\\\/uploads\\\/2026\\\/04\\\/9044_navionics-navionics-regular-preformated-marine-chart-module.jpg\",\"datePublished\":\"2026-04-21T00:32:59+00:00\",\"dateModified\":\"2026-04-21T11:07:42+00:00\",\"breadcrumb\":{\"@id\":\"https:\\\/\\\/nordlinepaadid.ee\\\/et\\\/pood\\\/raamatud-merekaardid-kataloogid-kinkekaardid\\\/elektroonilised-merekaardid\\\/elektrooniline-merekaart-navionics-regular-for-emea\\\/#breadcrumb\"},\"inLanguage\":\"et\",\"potentialAction\":[{\"@type\":\"ReadAction\",\"target\":[\"https:\\\/\\\/nordlinepaadid.ee\\\/et\\\/pood\\\/raamatud-merekaardid-kataloogid-kinkekaardid\\\/elektroonilised-merekaardid\\\/elektrooniline-merekaart-navionics-regular-for-emea\\\/\"]}]},{\"@type\":\"ImageObject\",\"inLanguage\":\"et\",\"@id\":\"https:\\\/\\\/nordlinepaadid.ee\\\/et\\\/pood\\\/raamatud-merekaardid-kataloogid-kinkekaardid\\\/elektroonilised-merekaardid\\\/elektrooniline-merekaart-navionics-regular-for-emea\\\/#primaryimage\",\"url\":\"https:\\\/\\\/nordlinepaadid.ee\\\/wp-content\\\/uploads\\\/2026\\\/04\\\/9044_navionics-navionics-regular-preformated-marine-chart-module.jpg\",\"contentUrl\":\"https:\\\/\\\/nordlinepaadid.ee\\\/wp-content\\\/uploads\\\/2026\\\/04\\\/9044_navionics-navionics-regular-preformated-marine-chart-module.jpg\",\"width\":536,\"height\":384},{\"@type\":\"BreadcrumbList\",\"@id\":\"https:\\\/\\\/nordlinepaadid.ee\\\/et\\\/pood\\\/raamatud-merekaardid-kataloogid-kinkekaardid\\\/elektroonilised-merekaardid\\\/elektrooniline-merekaart-navionics-regular-for-emea\\\/#breadcrumb\",\"itemListElement\":[{\"@type\":\"ListItem\",\"position\":1,\"name\":\"Home\",\"item\":\"https:\\\/\\\/nordlinepaadid.ee\\\/et\\\/\"},{\"@type\":\"ListItem\",\"position\":2,\"name\":\"Pood\",\"item\":\"https:\\\/\\\/nordlinepaadid.ee\\\/et\\\/pood\\\/\"},{\"@type\":\"ListItem\",\"position\":3,\"name\":\"ELEKTROONILINE MEREKAART &#8211; NAVIONICS+ REGULAR FOR EMEA\"}]},{\"@type\":\"WebSite\",\"@id\":\"https:\\\/\\\/nordlinepaadid.ee\\\/et\\\/#website\",\"url\":\"https:\\\/\\\/nordlinepaadid.ee\\\/et\\\/\",\"name\":\"NORDLINE s\u00f5udepaadid ja mootorpaadid. Klaasfiiber materjalist.\",\"description\":\"\",\"publisher\":{\"@id\":\"https:\\\/\\\/nordlinepaadid.ee\\\/et\\\/#organization\"},\"potentialAction\":[{\"@type\":\"SearchAction\",\"target\":{\"@type\":\"EntryPoint\",\"urlTemplate\":\"https:\\\/\\\/nordlinepaadid.ee\\\/et\\\/?s={search_term_string}\"},\"query-input\":{\"@type\":\"PropertyValueSpecification\",\"valueRequired\":true,\"valueName\":\"search_term_string\"}}],\"inLanguage\":\"et\"},{\"@type\":\"Organization\",\"@id\":\"https:\\\/\\\/nordlinepaadid.ee\\\/et\\\/#organization\",\"name\":\"Nordlineboats\",\"url\":\"https:\\\/\\\/nordlinepaadid.ee\\\/et\\\/\",\"logo\":{\"@type\":\"ImageObject\",\"inLanguage\":\"et\",\"@id\":\"https:\\\/\\\/nordlinepaadid.ee\\\/et\\\/#\\\/schema\\\/logo\\\/image\\\/\",\"url\":\"https:\\\/\\\/nordlinepaadid.ee\\\/wp-content\\\/uploads\\\/2023\\\/01\\\/fulllogo_transparent_nobuffer-e1672750475494.png\",\"contentUrl\":\"https:\\\/\\\/nordlinepaadid.ee\\\/wp-content\\\/uploads\\\/2023\\\/01\\\/fulllogo_transparent_nobuffer-e1672750475494.png\",\"width\":150,\"height\":119,\"caption\":\"Nordlineboats\"},\"image\":{\"@id\":\"https:\\\/\\\/nordlinepaadid.ee\\\/et\\\/#\\\/schema\\\/logo\\\/image\\\/\"},\"sameAs\":[\"https:\\\/\\\/www.facebook.com\\\/nordlineboats\",\"https:\\\/\\\/www.youtube.com\\\/channel\\\/UCbgF0fy02y3QkFnujaLTaCA\"]}]}<\/script>\n<!-- \/ Yoast SEO plugin. -->","yoast_head_json":{"title":"ELEKTROONILINE MEREKAART - NAVIONICS+ REGULAR FOR EMEA - NORDLINE s\u00f5udepaadid ja mootorpaadid. Klaasfiiber materjalist.","robots":{"index":"index","follow":"follow","max-snippet":"max-snippet:-1","max-image-preview":"max-image-preview:large","max-video-preview":"max-video-preview:-1"},"canonical":"https:\/\/nordlinepaadid.ee\/et\/pood\/raamatud-merekaardid-kataloogid-kinkekaardid\/elektroonilised-merekaardid\/elektrooniline-merekaart-navionics-regular-for-emea\/","og_locale":"et_EE","og_type":"article","og_title":"ELEKTROONILINE MEREKAART - NAVIONICS+ REGULAR FOR EMEA - NORDLINE s\u00f5udepaadid ja mootorpaadid. Klaasfiiber materjalist.","og_description":"Kaart on allalaetav ainult Navionics-i poolt modifitseeritud m\u00e4lukaardile. Alates 21.02.2022 kannab endine Small uut nime mis on REGULAR ja allalaetavad piirkonnad on muutunud tunduvalt suuremaks. Enne kaardi kasutamist tuleb kaart Navionics kodulehel &#8220;registreerida&#8221; ja omale sobilik piirkond alla laadida. Eesti jaoks m\u00f5eldud endise nelja erineva v\u00e4ga v\u00e4ikese ala asemel on piirkonnad mis h\u00f5lmavad kogu Eestit...","og_url":"https:\/\/nordlinepaadid.ee\/et\/pood\/raamatud-merekaardid-kataloogid-kinkekaardid\/elektroonilised-merekaardid\/elektrooniline-merekaart-navionics-regular-for-emea\/","og_site_name":"NORDLINE s\u00f5udepaadid ja mootorpaadid. Klaasfiiber materjalist.","article_publisher":"https:\/\/www.facebook.com\/nordlineboats","article_modified_time":"2026-04-21T11:07:42+00:00","og_image":[{"width":536,"height":384,"url":"https:\/\/nordlinepaadid.ee\/wp-content\/uploads\/2026\/04\/9044_navionics-navionics-regular-preformated-marine-chart-module.jpg","type":"image\/jpeg"}],"twitter_card":"summary_large_image","twitter_misc":{"Est. reading time":"1 minut"},"schema":{"@context":"https:\/\/schema.org","@graph":[{"@type":"WebPage","@id":"https:\/\/nordlinepaadid.ee\/et\/pood\/raamatud-merekaardid-kataloogid-kinkekaardid\/elektroonilised-merekaardid\/elektrooniline-merekaart-navionics-regular-for-emea\/","url":"https:\/\/nordlinepaadid.ee\/et\/pood\/raamatud-merekaardid-kataloogid-kinkekaardid\/elektroonilised-merekaardid\/elektrooniline-merekaart-navionics-regular-for-emea\/","name":"ELEKTROONILINE MEREKAART - NAVIONICS+ REGULAR FOR EMEA - NORDLINE s\u00f5udepaadid ja mootorpaadid. Klaasfiiber materjalist.","isPartOf":{"@id":"https:\/\/nordlinepaadid.ee\/et\/#website"},"primaryImageOfPage":{"@id":"https:\/\/nordlinepaadid.ee\/et\/pood\/raamatud-merekaardid-kataloogid-kinkekaardid\/elektroonilised-merekaardid\/elektrooniline-merekaart-navionics-regular-for-emea\/#primaryimage"},"image":{"@id":"https:\/\/nordlinepaadid.ee\/et\/pood\/raamatud-merekaardid-kataloogid-kinkekaardid\/elektroonilised-merekaardid\/elektrooniline-merekaart-navionics-regular-for-emea\/#primaryimage"},"thumbnailUrl":"https:\/\/nordlinepaadid.ee\/wp-content\/uploads\/2026\/04\/9044_navionics-navionics-regular-preformated-marine-chart-module.jpg","datePublished":"2026-04-21T00:32:59+00:00","dateModified":"2026-04-21T11:07:42+00:00","breadcrumb":{"@id":"https:\/\/nordlinepaadid.ee\/et\/pood\/raamatud-merekaardid-kataloogid-kinkekaardid\/elektroonilised-merekaardid\/elektrooniline-merekaart-navionics-regular-for-emea\/#breadcrumb"},"inLanguage":"et","potentialAction":[{"@type":"ReadAction","target":["https:\/\/nordlinepaadid.ee\/et\/pood\/raamatud-merekaardid-kataloogid-kinkekaardid\/elektroonilised-merekaardid\/elektrooniline-merekaart-navionics-regular-for-emea\/"]}]},{"@type":"ImageObject","inLanguage":"et","@id":"https:\/\/nordlinepaadid.ee\/et\/pood\/raamatud-merekaardid-kataloogid-kinkekaardid\/elektroonilised-merekaardid\/elektrooniline-merekaart-navionics-regular-for-emea\/#primaryimage","url":"https:\/\/nordlinepaadid.ee\/wp-content\/uploads\/2026\/04\/9044_navionics-navionics-regular-preformated-marine-chart-module.jpg","contentUrl":"https:\/\/nordlinepaadid.ee\/wp-content\/uploads\/2026\/04\/9044_navionics-navionics-regular-preformated-marine-chart-module.jpg","width":536,"height":384},{"@type":"BreadcrumbList","@id":"https:\/\/nordlinepaadid.ee\/et\/pood\/raamatud-merekaardid-kataloogid-kinkekaardid\/elektroonilised-merekaardid\/elektrooniline-merekaart-navionics-regular-for-emea\/#breadcrumb","itemListElement":[{"@type":"ListItem","position":1,"name":"Home","item":"https:\/\/nordlinepaadid.ee\/et\/"},{"@type":"ListItem","position":2,"name":"Pood","item":"https:\/\/nordlinepaadid.ee\/et\/pood\/"},{"@type":"ListItem","position":3,"name":"ELEKTROONILINE MEREKAART &#8211; NAVIONICS+ REGULAR FOR EMEA"}]},{"@type":"WebSite","@id":"https:\/\/nordlinepaadid.ee\/et\/#website","url":"https:\/\/nordlinepaadid.ee\/et\/","name":"NORDLINE s\u00f5udepaadid ja mootorpaadid. Klaasfiiber materjalist.","description":"","publisher":{"@id":"https:\/\/nordlinepaadid.ee\/et\/#organization"},"potentialAction":[{"@type":"SearchAction","target":{"@type":"EntryPoint","urlTemplate":"https:\/\/nordlinepaadid.ee\/et\/?s={search_term_string}"},"query-input":{"@type":"PropertyValueSpecification","valueRequired":true,"valueName":"search_term_string"}}],"inLanguage":"et"},{"@type":"Organization","@id":"https:\/\/nordlinepaadid.ee\/et\/#organization","name":"Nordlineboats","url":"https:\/\/nordlinepaadid.ee\/et\/","logo":{"@type":"ImageObject","inLanguage":"et","@id":"https:\/\/nordlinepaadid.ee\/et\/#\/schema\/logo\/image\/","url":"https:\/\/nordlinepaadid.ee\/wp-content\/uploads\/2023\/01\/fulllogo_transparent_nobuffer-e1672750475494.png","contentUrl":"https:\/\/nordlinepaadid.ee\/wp-content\/uploads\/2023\/01\/fulllogo_transparent_nobuffer-e1672750475494.png","width":150,"height":119,"caption":"Nordlineboats"},"image":{"@id":"https:\/\/nordlinepaadid.ee\/et\/#\/schema\/logo\/image\/"},"sameAs":["https:\/\/www.facebook.com\/nordlineboats","https:\/\/www.youtube.com\/channel\/UCbgF0fy02y3QkFnujaLTaCA"]}]}},"taxonomy_info":{"product_cat":[{"value":350,"label":"Elektroonilised merekaardid"},{"value":228,"label":"RAAMATUD, MEREKAARDID, KATALOOGID, KINKEKAARDID"}],"pa_producer":[{"value":491,"label":"Navionics"}],"pa_unit":[{"value":416,"label":"pcs"}]},"featured_image_src_large":["https:\/\/nordlinepaadid.ee\/wp-content\/uploads\/2026\/04\/9044_navionics-navionics-regular-preformated-marine-chart-module.jpg",536,384,false],"author_info":[],"comment_info":"","_links":{"self":[{"href":"https:\/\/nordlinepaadid.ee\/et\/wp-json\/wp\/v2\/product\/61260","targetHints":{"allow":["GET"]}}],"collection":[{"href":"https:\/\/nordlinepaadid.ee\/et\/wp-json\/wp\/v2\/product"}],"about":[{"href":"https:\/\/nordlinepaadid.ee\/et\/wp-json\/wp\/v2\/types\/product"}],"wp:featuredmedia":[{"embeddable":true,"href":"https:\/\/nordlinepaadid.ee\/et\/wp-json\/wp\/v2\/media\/61261"}],"wp:attachment":[{"href":"https:\/\/nordlinepaadid.ee\/et\/wp-json\/wp\/v2\/media?parent=61260"}],"wp:term":[{"taxonomy":"product_brand","embeddable":true,"href":"https:\/\/nordlinepaadid.ee\/et\/wp-json\/wp\/v2\/product_brand?post=61260"},{"taxonomy":"product_cat","embeddable":true,"href":"https:\/\/nordlinepaadid.ee\/et\/wp-json\/wp\/v2\/product_cat?post=61260"},{"taxonomy":"product_tag","embeddable":true,"href":"https:\/\/nordlinepaadid.ee\/et\/wp-json\/wp\/v2\/product_tag?post=61260"}],"curies":[{"name":"wp","href":"https:\/\/api.w.org\/{rel}","templated":true}]}}