{"id":61288,"date":"2026-05-12T03:23:41","date_gmt":"2026-05-12T00:23:41","guid":{"rendered":"https:\/\/nordlinepaadid.ee\/pood\/maaratlemata\/allveedroon-chasing-m2-pro-max-200m\/"},"modified":"2026-05-14T00:04:02","modified_gmt":"2026-05-13T21:04:02","slug":"allveedroon-chasing-m2-pro-max-200m","status":"publish","type":"product","link":"https:\/\/nordlinepaadid.ee\/et\/pood\/navigatsiooni-vahendid\/underwater_drones-eng\/allveedroon-chasing-m2-pro-max-200m\/","title":{"rendered":"ALLVEEDROON- CHASING M2 PRO MAX 200M"},"content":{"rendered":"<p style=\"text-align:justify\">Chasing M2 Pro Max on professionaalseks kasutamiseks loodud allveerobot (ROV). M2 Pro MAX on varustatud kaheksa propelleriga, mis v\u00f5imaldavad seadmel liikuda 360-kraadi ulatuses suvalises suunas. ROV v\u00f5ib liikuda kiirusega kuni 3 s\u00f5lme, sukelduda kuni 200 meetri s\u00fcgavusele ja liikuda horisontaalselt kuni 400 meetri ulatuses. V\u00f5rreldes Chasing M2 Pro-ga, kasutatakse Chasing M2 Pro Max\u00b4il lisaseadmete kiiremat \u00fchendamise ja eemaldamise lahendust enam kui 20 erinevale lisaseadmele nagu n\u00e4iteks Sonar, USBL, Chasing Water Sampler jpm.<\/p>\n<p>&#13;<br \/>\n&#13;<\/p>\n<p style=\"text-align:justify\">Sisseehitatud dokkimisjaam lihtsustab mitme lisaseadme integreerimist ning toetab samaaegselt kuni viie lisaseadme \u00fchendamist. Chasing M2 Pro k\u00e4itamiseks kasutatakse teise p\u00f5lvkonna kinnij\u00e4\u00e4miskaitsega mootoreid (C-Motor 2.0). Samuti on uued mootorid 30% v\u00f5rra v\u00f5imsamad. Lisavarustusena on saadaval Chasing Shore-Based Power Supply System (C-SPSS), mis v\u00f5imaldab piiramatut kasutusaega.<\/p>\n<p>&#13;<br \/>\n&#13;<\/p>\n<p style=\"text-align:justify\">LED valgustid pakuvad valgusvoogu kuni 8000 luumenit ning on paigutatud optimaalse 150\u00b0 nurga alla, et v\u00e4hendada peegeldusi objektidelt ning valgustada selgelt iga detaili. Chasing M2 Pro Max pakub kasutajas\u00f5bralikumaid, professionaalsemaid ja usaldusv\u00e4\u00e4rsemaid veealuseid lahendusi erinevate \u00fclesannete t\u00e4itmiseks nagu veealune otsing ja p\u00e4\u00e4stmine, laevakere ja doki kontrollimine, vesiviljeluse kontrollimine, veekaitse, h\u00fcdroelektrijaamade kontrollimine, teaduslik uurimine ja avamere tuuleelektrijaamade kontrollimine.<\/p>\n<p>&#13;<br \/>\n&#13;<\/p>\n<p>&nbsp;<\/p>\n<p>&#13;<br \/>\n&#13;<\/p>\n<p><strong>Mis on karbis:<\/strong><\/p>\n<p>&#13;<br \/>\n&#13;<\/p>\n<ul>&#13;<\/p>\n<li>1 Chasing M2 Pro Max ROV<\/li>\n<p>&#13;<\/p>\n<li>1 Chasing E-Reel koos 200 m tetheriga (kaabel)<\/li>\n<p>&#13;<\/p>\n<li>1 kaugjuhtimispult<\/li>\n<p>&#13;<\/p>\n<li>1 kandekohver<\/li>\n<p>&#13;<\/p>\n<li>1 laadimiskaabel ja 3-in-1-laadija<\/li>\n<p>&#13;<\/p>\n<li>3 andmekaablit (telefonist kaugjuhtimispulti)<\/li>\n<p>&#13;<\/p>\n<li>1 seljakott tarvikute jaoks<\/li>\n<p>&#13;<\/p>\n<li>8 t\u00f5ukekilpi 1 microSD kaart 128 Gb<\/li>\n<p>&#13;<\/p>\n<li>1 Chasing r\u00e4tik<\/li>\n<p>&#13;<\/p>\n<li>2 vasak\/parempoolne valgusti kinnitustarvik<\/li>\n<p>&#13;\n<\/ul>\n<p>&#13;<br \/>\n&#13;<\/p>\n<p>&nbsp;<\/p>\n<p>&#13;<br \/>\n&#13;<\/p>\n<p><strong>Varuosad: <\/strong><\/p>\n<p>&#13;<br \/>\n&#13;<\/p>\n<ul>&#13;<\/p>\n<li>1 infokomplekt<\/li>\n<p>&#13;<\/p>\n<li>Erinevad kruvid<\/li>\n<p>&#13;<\/p>\n<li>O-r\u00f5ngad ja katted<\/li>\n<p>&#13;<\/p>\n<li>kruvikeeraja ja mutriv\u00f5ti<\/li>\n<p>&#13;\n<\/ul>\n<p>&#13;<br \/>\n&#13;<\/p>\n<p>&nbsp;<\/p>\n<p>&#13;<\/p>\n<p><iframe loading=\"lazy\" allowfullscreen=\"\" frameborder=\"0\" height=\"360\" src=\"\/\/www.youtube.com\/embed\/O7hFLbD4m7s\" width=\"640\"><\/iframe><\/p>\n<p>&#13;<\/p>\n","protected":false},"excerpt":{"rendered":"<p>Chasing M2 Pro Max on professionaalseks kasutamiseks loodud allveerobot (ROV). M2 Pro MAX on varustatud kaheksa propelleriga, mis v\u00f5imaldavad seadmel liikuda 360-kraadi ulatuses suvalises suunas. ROV v\u00f5ib liikuda kiirusega kuni 3 s\u00f5lme, sukelduda kuni 200 meetri s\u00fcgavusele ja liikuda horisontaalselt kuni 400 meetri ulatuses. V\u00f5rreldes Chasing M2 Pro-ga, kasutatakse Chasing M2 Pro Max\u00b4il lisaseadmete kiiremat&#8230;<\/p>\n","protected":false},"featured_media":46149,"template":"","meta":{"_kad_blocks_custom_css":"","_kad_blocks_head_custom_js":"","_kad_blocks_body_custom_js":"","_kad_blocks_footer_custom_js":"","_kad_post_transparent":"","_kad_post_title":"","_kad_post_layout":"","_kad_post_sidebar_id":"","_kad_post_content_style":"","_kad_post_vertical_padding":"","_kad_post_feature":"","_kad_post_feature_position":"","_kad_post_header":false,"_kad_post_footer":false,"_kad_post_classname":""},"product_brand":[],"product_cat":[1806,415,247],"product_tag":[],"class_list":{"0":"post-61288","1":"product","2":"type-product","3":"status-publish","4":"has-post-thumbnail","6":"product_cat-allveedroonid","7":"product_cat-underwater_drones-eng","8":"product_cat-navigatsiooni-vahendid","9":"pa_color-hall","10":"pa_producer-chasing","11":"pa_unit-pcs","12":"tm-no-options","14":"first","15":"onbackorder","16":"taxable","17":"shipping-taxable","18":"purchasable","19":"product-type-simple","20":"entry","21":"content-bg","22":"loop-entry"},"yoast_head":"<!-- This site is optimized with the Yoast SEO plugin v27.5 - https:\/\/yoast.com\/product\/yoast-seo-wordpress\/ -->\n<title>ALLVEEDROON- CHASING M2 PRO MAX 200M - NORDLINE s\u00f5udepaadid ja mootorpaadid. Klaasfiiber materjalist.<\/title>\n<meta name=\"robots\" content=\"index, follow, max-snippet:-1, max-image-preview:large, max-video-preview:-1\" \/>\n<link rel=\"canonical\" href=\"https:\/\/nordlinepaadid.ee\/et\/pood\/navigatsiooni-vahendid\/underwater_drones-eng\/allveedroon-chasing-m2-pro-max-200m\/\" \/>\n<meta property=\"og:locale\" content=\"et_EE\" \/>\n<meta property=\"og:type\" content=\"article\" \/>\n<meta property=\"og:title\" content=\"ALLVEEDROON- CHASING M2 PRO MAX 200M - NORDLINE s\u00f5udepaadid ja mootorpaadid. Klaasfiiber materjalist.\" \/>\n<meta property=\"og:description\" content=\"Chasing M2 Pro Max on professionaalseks kasutamiseks loodud allveerobot (ROV). M2 Pro MAX on varustatud kaheksa propelleriga, mis v\u00f5imaldavad seadmel liikuda 360-kraadi ulatuses suvalises suunas. ROV v\u00f5ib liikuda kiirusega kuni 3 s\u00f5lme, sukelduda kuni 200 meetri s\u00fcgavusele ja liikuda horisontaalselt kuni 400 meetri ulatuses. V\u00f5rreldes Chasing M2 Pro-ga, kasutatakse Chasing M2 Pro Max\u00b4il lisaseadmete kiiremat...\" \/>\n<meta property=\"og:url\" content=\"https:\/\/nordlinepaadid.ee\/et\/pood\/navigatsiooni-vahendid\/underwater_drones-eng\/allveedroon-chasing-m2-pro-max-200m\/\" \/>\n<meta property=\"og:site_name\" content=\"NORDLINE s\u00f5udepaadid ja mootorpaadid. Klaasfiiber materjalist.\" \/>\n<meta property=\"article:publisher\" content=\"https:\/\/www.facebook.com\/nordlineboats\" \/>\n<meta property=\"article:modified_time\" content=\"2026-05-13T21:04:02+00:00\" \/>\n<meta property=\"og:image\" content=\"https:\/\/nordlinepaadid.ee\/wp-content\/uploads\/2025\/02\/9104_M2PRO_-_1.png\" \/>\n\t<meta property=\"og:image:width\" content=\"800\" \/>\n\t<meta property=\"og:image:height\" content=\"535\" \/>\n\t<meta property=\"og:image:type\" content=\"image\/png\" \/>\n<meta name=\"twitter:card\" content=\"summary_large_image\" \/>\n<meta name=\"twitter:label1\" content=\"Est. reading time\" \/>\n\t<meta name=\"twitter:data1\" content=\"1 minut\" \/>\n<script type=\"application\/ld+json\" class=\"yoast-schema-graph\">{\"@context\":\"https:\\\/\\\/schema.org\",\"@graph\":[{\"@type\":\"WebPage\",\"@id\":\"https:\\\/\\\/nordlinepaadid.ee\\\/et\\\/pood\\\/navigatsiooni-vahendid\\\/underwater_drones-eng\\\/allveedroon-chasing-m2-pro-max-200m\\\/\",\"url\":\"https:\\\/\\\/nordlinepaadid.ee\\\/et\\\/pood\\\/navigatsiooni-vahendid\\\/underwater_drones-eng\\\/allveedroon-chasing-m2-pro-max-200m\\\/\",\"name\":\"ALLVEEDROON- CHASING M2 PRO MAX 200M - NORDLINE s\u00f5udepaadid ja mootorpaadid. Klaasfiiber materjalist.\",\"isPartOf\":{\"@id\":\"https:\\\/\\\/nordlinepaadid.ee\\\/et\\\/#website\"},\"primaryImageOfPage\":{\"@id\":\"https:\\\/\\\/nordlinepaadid.ee\\\/et\\\/pood\\\/navigatsiooni-vahendid\\\/underwater_drones-eng\\\/allveedroon-chasing-m2-pro-max-200m\\\/#primaryimage\"},\"image\":{\"@id\":\"https:\\\/\\\/nordlinepaadid.ee\\\/et\\\/pood\\\/navigatsiooni-vahendid\\\/underwater_drones-eng\\\/allveedroon-chasing-m2-pro-max-200m\\\/#primaryimage\"},\"thumbnailUrl\":\"https:\\\/\\\/nordlinepaadid.ee\\\/wp-content\\\/uploads\\\/2025\\\/02\\\/9104_M2PRO_-_1.png\",\"datePublished\":\"2026-05-12T00:23:41+00:00\",\"dateModified\":\"2026-05-13T21:04:02+00:00\",\"breadcrumb\":{\"@id\":\"https:\\\/\\\/nordlinepaadid.ee\\\/et\\\/pood\\\/navigatsiooni-vahendid\\\/underwater_drones-eng\\\/allveedroon-chasing-m2-pro-max-200m\\\/#breadcrumb\"},\"inLanguage\":\"et\",\"potentialAction\":[{\"@type\":\"ReadAction\",\"target\":[\"https:\\\/\\\/nordlinepaadid.ee\\\/et\\\/pood\\\/navigatsiooni-vahendid\\\/underwater_drones-eng\\\/allveedroon-chasing-m2-pro-max-200m\\\/\"]}]},{\"@type\":\"ImageObject\",\"inLanguage\":\"et\",\"@id\":\"https:\\\/\\\/nordlinepaadid.ee\\\/et\\\/pood\\\/navigatsiooni-vahendid\\\/underwater_drones-eng\\\/allveedroon-chasing-m2-pro-max-200m\\\/#primaryimage\",\"url\":\"https:\\\/\\\/nordlinepaadid.ee\\\/wp-content\\\/uploads\\\/2025\\\/02\\\/9104_M2PRO_-_1.png\",\"contentUrl\":\"https:\\\/\\\/nordlinepaadid.ee\\\/wp-content\\\/uploads\\\/2025\\\/02\\\/9104_M2PRO_-_1.png\",\"width\":800,\"height\":535},{\"@type\":\"BreadcrumbList\",\"@id\":\"https:\\\/\\\/nordlinepaadid.ee\\\/et\\\/pood\\\/navigatsiooni-vahendid\\\/underwater_drones-eng\\\/allveedroon-chasing-m2-pro-max-200m\\\/#breadcrumb\",\"itemListElement\":[{\"@type\":\"ListItem\",\"position\":1,\"name\":\"Home\",\"item\":\"https:\\\/\\\/nordlinepaadid.ee\\\/et\\\/\"},{\"@type\":\"ListItem\",\"position\":2,\"name\":\"Pood\",\"item\":\"https:\\\/\\\/nordlinepaadid.ee\\\/et\\\/pood\\\/\"},{\"@type\":\"ListItem\",\"position\":3,\"name\":\"ALLVEEDROON- CHASING M2 PRO MAX 200M\"}]},{\"@type\":\"WebSite\",\"@id\":\"https:\\\/\\\/nordlinepaadid.ee\\\/et\\\/#website\",\"url\":\"https:\\\/\\\/nordlinepaadid.ee\\\/et\\\/\",\"name\":\"NORDLINE s\u00f5udepaadid ja mootorpaadid. Klaasfiiber materjalist.\",\"description\":\"\",\"publisher\":{\"@id\":\"https:\\\/\\\/nordlinepaadid.ee\\\/et\\\/#organization\"},\"potentialAction\":[{\"@type\":\"SearchAction\",\"target\":{\"@type\":\"EntryPoint\",\"urlTemplate\":\"https:\\\/\\\/nordlinepaadid.ee\\\/et\\\/?s={search_term_string}\"},\"query-input\":{\"@type\":\"PropertyValueSpecification\",\"valueRequired\":true,\"valueName\":\"search_term_string\"}}],\"inLanguage\":\"et\"},{\"@type\":\"Organization\",\"@id\":\"https:\\\/\\\/nordlinepaadid.ee\\\/et\\\/#organization\",\"name\":\"Nordlineboats\",\"url\":\"https:\\\/\\\/nordlinepaadid.ee\\\/et\\\/\",\"logo\":{\"@type\":\"ImageObject\",\"inLanguage\":\"et\",\"@id\":\"https:\\\/\\\/nordlinepaadid.ee\\\/et\\\/#\\\/schema\\\/logo\\\/image\\\/\",\"url\":\"https:\\\/\\\/nordlinepaadid.ee\\\/wp-content\\\/uploads\\\/2023\\\/01\\\/fulllogo_transparent_nobuffer-e1672750475494.png\",\"contentUrl\":\"https:\\\/\\\/nordlinepaadid.ee\\\/wp-content\\\/uploads\\\/2023\\\/01\\\/fulllogo_transparent_nobuffer-e1672750475494.png\",\"width\":150,\"height\":119,\"caption\":\"Nordlineboats\"},\"image\":{\"@id\":\"https:\\\/\\\/nordlinepaadid.ee\\\/et\\\/#\\\/schema\\\/logo\\\/image\\\/\"},\"sameAs\":[\"https:\\\/\\\/www.facebook.com\\\/nordlineboats\",\"https:\\\/\\\/www.youtube.com\\\/channel\\\/UCbgF0fy02y3QkFnujaLTaCA\"]}]}<\/script>\n<!-- \/ Yoast SEO plugin. -->","yoast_head_json":{"title":"ALLVEEDROON- CHASING M2 PRO MAX 200M - NORDLINE s\u00f5udepaadid ja mootorpaadid. Klaasfiiber materjalist.","robots":{"index":"index","follow":"follow","max-snippet":"max-snippet:-1","max-image-preview":"max-image-preview:large","max-video-preview":"max-video-preview:-1"},"canonical":"https:\/\/nordlinepaadid.ee\/et\/pood\/navigatsiooni-vahendid\/underwater_drones-eng\/allveedroon-chasing-m2-pro-max-200m\/","og_locale":"et_EE","og_type":"article","og_title":"ALLVEEDROON- CHASING M2 PRO MAX 200M - NORDLINE s\u00f5udepaadid ja mootorpaadid. Klaasfiiber materjalist.","og_description":"Chasing M2 Pro Max on professionaalseks kasutamiseks loodud allveerobot (ROV). M2 Pro MAX on varustatud kaheksa propelleriga, mis v\u00f5imaldavad seadmel liikuda 360-kraadi ulatuses suvalises suunas. ROV v\u00f5ib liikuda kiirusega kuni 3 s\u00f5lme, sukelduda kuni 200 meetri s\u00fcgavusele ja liikuda horisontaalselt kuni 400 meetri ulatuses. V\u00f5rreldes Chasing M2 Pro-ga, kasutatakse Chasing M2 Pro Max\u00b4il lisaseadmete kiiremat...","og_url":"https:\/\/nordlinepaadid.ee\/et\/pood\/navigatsiooni-vahendid\/underwater_drones-eng\/allveedroon-chasing-m2-pro-max-200m\/","og_site_name":"NORDLINE s\u00f5udepaadid ja mootorpaadid. Klaasfiiber materjalist.","article_publisher":"https:\/\/www.facebook.com\/nordlineboats","article_modified_time":"2026-05-13T21:04:02+00:00","og_image":[{"width":800,"height":535,"url":"https:\/\/nordlinepaadid.ee\/wp-content\/uploads\/2025\/02\/9104_M2PRO_-_1.png","type":"image\/png"}],"twitter_card":"summary_large_image","twitter_misc":{"Est. reading time":"1 minut"},"schema":{"@context":"https:\/\/schema.org","@graph":[{"@type":"WebPage","@id":"https:\/\/nordlinepaadid.ee\/et\/pood\/navigatsiooni-vahendid\/underwater_drones-eng\/allveedroon-chasing-m2-pro-max-200m\/","url":"https:\/\/nordlinepaadid.ee\/et\/pood\/navigatsiooni-vahendid\/underwater_drones-eng\/allveedroon-chasing-m2-pro-max-200m\/","name":"ALLVEEDROON- CHASING M2 PRO MAX 200M - NORDLINE s\u00f5udepaadid ja mootorpaadid. Klaasfiiber materjalist.","isPartOf":{"@id":"https:\/\/nordlinepaadid.ee\/et\/#website"},"primaryImageOfPage":{"@id":"https:\/\/nordlinepaadid.ee\/et\/pood\/navigatsiooni-vahendid\/underwater_drones-eng\/allveedroon-chasing-m2-pro-max-200m\/#primaryimage"},"image":{"@id":"https:\/\/nordlinepaadid.ee\/et\/pood\/navigatsiooni-vahendid\/underwater_drones-eng\/allveedroon-chasing-m2-pro-max-200m\/#primaryimage"},"thumbnailUrl":"https:\/\/nordlinepaadid.ee\/wp-content\/uploads\/2025\/02\/9104_M2PRO_-_1.png","datePublished":"2026-05-12T00:23:41+00:00","dateModified":"2026-05-13T21:04:02+00:00","breadcrumb":{"@id":"https:\/\/nordlinepaadid.ee\/et\/pood\/navigatsiooni-vahendid\/underwater_drones-eng\/allveedroon-chasing-m2-pro-max-200m\/#breadcrumb"},"inLanguage":"et","potentialAction":[{"@type":"ReadAction","target":["https:\/\/nordlinepaadid.ee\/et\/pood\/navigatsiooni-vahendid\/underwater_drones-eng\/allveedroon-chasing-m2-pro-max-200m\/"]}]},{"@type":"ImageObject","inLanguage":"et","@id":"https:\/\/nordlinepaadid.ee\/et\/pood\/navigatsiooni-vahendid\/underwater_drones-eng\/allveedroon-chasing-m2-pro-max-200m\/#primaryimage","url":"https:\/\/nordlinepaadid.ee\/wp-content\/uploads\/2025\/02\/9104_M2PRO_-_1.png","contentUrl":"https:\/\/nordlinepaadid.ee\/wp-content\/uploads\/2025\/02\/9104_M2PRO_-_1.png","width":800,"height":535},{"@type":"BreadcrumbList","@id":"https:\/\/nordlinepaadid.ee\/et\/pood\/navigatsiooni-vahendid\/underwater_drones-eng\/allveedroon-chasing-m2-pro-max-200m\/#breadcrumb","itemListElement":[{"@type":"ListItem","position":1,"name":"Home","item":"https:\/\/nordlinepaadid.ee\/et\/"},{"@type":"ListItem","position":2,"name":"Pood","item":"https:\/\/nordlinepaadid.ee\/et\/pood\/"},{"@type":"ListItem","position":3,"name":"ALLVEEDROON- CHASING M2 PRO MAX 200M"}]},{"@type":"WebSite","@id":"https:\/\/nordlinepaadid.ee\/et\/#website","url":"https:\/\/nordlinepaadid.ee\/et\/","name":"NORDLINE s\u00f5udepaadid ja mootorpaadid. Klaasfiiber materjalist.","description":"","publisher":{"@id":"https:\/\/nordlinepaadid.ee\/et\/#organization"},"potentialAction":[{"@type":"SearchAction","target":{"@type":"EntryPoint","urlTemplate":"https:\/\/nordlinepaadid.ee\/et\/?s={search_term_string}"},"query-input":{"@type":"PropertyValueSpecification","valueRequired":true,"valueName":"search_term_string"}}],"inLanguage":"et"},{"@type":"Organization","@id":"https:\/\/nordlinepaadid.ee\/et\/#organization","name":"Nordlineboats","url":"https:\/\/nordlinepaadid.ee\/et\/","logo":{"@type":"ImageObject","inLanguage":"et","@id":"https:\/\/nordlinepaadid.ee\/et\/#\/schema\/logo\/image\/","url":"https:\/\/nordlinepaadid.ee\/wp-content\/uploads\/2023\/01\/fulllogo_transparent_nobuffer-e1672750475494.png","contentUrl":"https:\/\/nordlinepaadid.ee\/wp-content\/uploads\/2023\/01\/fulllogo_transparent_nobuffer-e1672750475494.png","width":150,"height":119,"caption":"Nordlineboats"},"image":{"@id":"https:\/\/nordlinepaadid.ee\/et\/#\/schema\/logo\/image\/"},"sameAs":["https:\/\/www.facebook.com\/nordlineboats","https:\/\/www.youtube.com\/channel\/UCbgF0fy02y3QkFnujaLTaCA"]}]}},"taxonomy_info":{"product_cat":[{"value":1806,"label":"Allveedroonid"},{"value":415,"label":"Allveedroonid"},{"value":247,"label":"NAVIGATSIOONIVAHENDID"}],"pa_color":[{"value":675,"label":"Hall"}],"pa_producer":[{"value":651,"label":"Chasing"}],"pa_unit":[{"value":416,"label":"pcs"}]},"featured_image_src_large":["https:\/\/nordlinepaadid.ee\/wp-content\/uploads\/2025\/02\/9104_M2PRO_-_1.png",800,535,false],"author_info":[],"comment_info":"","_links":{"self":[{"href":"https:\/\/nordlinepaadid.ee\/et\/wp-json\/wp\/v2\/product\/61288","targetHints":{"allow":["GET"]}}],"collection":[{"href":"https:\/\/nordlinepaadid.ee\/et\/wp-json\/wp\/v2\/product"}],"about":[{"href":"https:\/\/nordlinepaadid.ee\/et\/wp-json\/wp\/v2\/types\/product"}],"wp:featuredmedia":[{"embeddable":true,"href":"https:\/\/nordlinepaadid.ee\/et\/wp-json\/wp\/v2\/media\/46149"}],"wp:attachment":[{"href":"https:\/\/nordlinepaadid.ee\/et\/wp-json\/wp\/v2\/media?parent=61288"}],"wp:term":[{"taxonomy":"product_brand","embeddable":true,"href":"https:\/\/nordlinepaadid.ee\/et\/wp-json\/wp\/v2\/product_brand?post=61288"},{"taxonomy":"product_cat","embeddable":true,"href":"https:\/\/nordlinepaadid.ee\/et\/wp-json\/wp\/v2\/product_cat?post=61288"},{"taxonomy":"product_tag","embeddable":true,"href":"https:\/\/nordlinepaadid.ee\/et\/wp-json\/wp\/v2\/product_tag?post=61288"}],"curies":[{"name":"wp","href":"https:\/\/api.w.org\/{rel}","templated":true}]}}