{"id":61469,"date":"2026-05-15T03:17:15","date_gmt":"2026-05-15T00:17:15","guid":{"rendered":"https:\/\/nordlinepaadid.ee\/pood\/maaratlemata\/bensiini-sissepritse-puhastus-lisand-liqui-moly-500-ml\/"},"modified":"2026-05-15T03:17:15","modified_gmt":"2026-05-15T00:17:15","slug":"bensiini-sissepritse-puhastus-lisand-liqui-moly-500-ml","status":"publish","type":"product","link":"https:\/\/nordlinepaadid.ee\/et\/pood\/paadihooldusvahendid\/oils-greases\/bensiini-sissepritse-puhastus-lisand-liqui-moly-500-ml\/","title":{"rendered":"BENSIINI SISSEPRITSE PUHASTUS LISAND &#8211; LIQUI MOLY, 500 ml"},"content":{"rendered":"<p style=\"text-align:justify\">V\u00e4ga t\u00f5hus puhastus- ja s\u00e4ilituslisandite kombinatsioon 2- ja 4-taktiliste bensiinimootorite jaoks. Eemaldab sissepritseventiilidel, sisselaskeklappidel, s\u00fc\u00fctek\u00fc\u00fcnaldel ja p\u00f5lemiskambris olevad setted ning takistab uute setete teket. Mootori sujuvamaks t\u00f6\u00f6tamiseks. K\u00f5rvaldab k\u00e4ivitusprobleemid ja mootori eba\u00fchtlase t\u00f6\u00f6tamise. S\u00e4\u00e4stab k\u00fctust ja v\u00e4hendab saasteainete heitkoguseid.<\/p>\n<p>&#13;<\/p>\n","protected":false},"excerpt":{"rendered":"<p>V\u00e4ga t\u00f5hus puhastus- ja s\u00e4ilituslisandite kombinatsioon 2- ja 4-taktiliste bensiinimootorite jaoks. Eemaldab sissepritseventiilidel, sisselaskeklappidel, s\u00fc\u00fctek\u00fc\u00fcnaldel ja p\u00f5lemiskambris olevad setted ning takistab uute setete teket. Mootori sujuvamaks t\u00f6\u00f6tamiseks. K\u00f5rvaldab k\u00e4ivitusprobleemid ja mootori eba\u00fchtlase t\u00f6\u00f6tamise. S\u00e4\u00e4stab k\u00fctust ja v\u00e4hendab saasteainete heitkoguseid. &#13;<\/p>\n","protected":false},"featured_media":57094,"template":"","meta":{"_kad_blocks_custom_css":"","_kad_blocks_head_custom_js":"","_kad_blocks_body_custom_js":"","_kad_blocks_footer_custom_js":"","_kad_post_transparent":"","_kad_post_title":"","_kad_post_layout":"","_kad_post_sidebar_id":"","_kad_post_content_style":"","_kad_post_vertical_padding":"","_kad_post_feature":"","_kad_post_feature_position":"","_kad_post_header":false,"_kad_post_footer":false,"_kad_post_classname":""},"product_brand":[],"product_cat":[286,284],"product_tag":[],"class_list":{"0":"post-61469","1":"product","2":"type-product","3":"status-publish","4":"has-post-thumbnail","6":"product_cat-oils-greases","7":"product_cat-paadihooldusvahendid","8":"pa_producer-liqui-moly-2","9":"pa_unit-ml","10":"tm-no-options","12":"first","13":"instock","14":"taxable","15":"shipping-taxable","16":"purchasable","17":"product-type-simple","18":"entry","19":"content-bg","20":"loop-entry"},"yoast_head":"<!-- This site is optimized with the Yoast SEO plugin v27.5 - https:\/\/yoast.com\/product\/yoast-seo-wordpress\/ -->\n<title>BENSIINI SISSEPRITSE PUHASTUS LISAND - LIQUI MOLY, 500 ml - NORDLINE s\u00f5udepaadid ja mootorpaadid. Klaasfiiber materjalist.<\/title>\n<meta name=\"robots\" content=\"index, follow, max-snippet:-1, max-image-preview:large, max-video-preview:-1\" \/>\n<link rel=\"canonical\" href=\"https:\/\/nordlinepaadid.ee\/et\/pood\/paadihooldusvahendid\/oils-greases\/bensiini-sissepritse-puhastus-lisand-liqui-moly-500-ml\/\" \/>\n<meta property=\"og:locale\" content=\"et_EE\" \/>\n<meta property=\"og:type\" content=\"article\" \/>\n<meta property=\"og:title\" content=\"BENSIINI SISSEPRITSE PUHASTUS LISAND - LIQUI MOLY, 500 ml - NORDLINE s\u00f5udepaadid ja mootorpaadid. Klaasfiiber materjalist.\" \/>\n<meta property=\"og:description\" content=\"V\u00e4ga t\u00f5hus puhastus- ja s\u00e4ilituslisandite kombinatsioon 2- ja 4-taktiliste bensiinimootorite jaoks. Eemaldab sissepritseventiilidel, sisselaskeklappidel, s\u00fc\u00fctek\u00fc\u00fcnaldel ja p\u00f5lemiskambris olevad setted ning takistab uute setete teket. Mootori sujuvamaks t\u00f6\u00f6tamiseks. K\u00f5rvaldab k\u00e4ivitusprobleemid ja mootori eba\u00fchtlase t\u00f6\u00f6tamise. S\u00e4\u00e4stab k\u00fctust ja v\u00e4hendab saasteainete heitkoguseid. &#013;\" \/>\n<meta property=\"og:url\" content=\"https:\/\/nordlinepaadid.ee\/et\/pood\/paadihooldusvahendid\/oils-greases\/bensiini-sissepritse-puhastus-lisand-liqui-moly-500-ml\/\" \/>\n<meta property=\"og:site_name\" content=\"NORDLINE s\u00f5udepaadid ja mootorpaadid. Klaasfiiber materjalist.\" \/>\n<meta property=\"article:publisher\" content=\"https:\/\/www.facebook.com\/nordlineboats\" \/>\n<meta property=\"og:image\" content=\"https:\/\/nordlinepaadid.ee\/wp-content\/uploads\/2026\/03\/9262_LI25011-1.jpg\" \/>\n\t<meta property=\"og:image:width\" content=\"934\" \/>\n\t<meta property=\"og:image:height\" content=\"1920\" \/>\n\t<meta property=\"og:image:type\" content=\"image\/jpeg\" \/>\n<meta name=\"twitter:card\" content=\"summary_large_image\" \/>\n<script type=\"application\/ld+json\" class=\"yoast-schema-graph\">{\"@context\":\"https:\\\/\\\/schema.org\",\"@graph\":[{\"@type\":\"WebPage\",\"@id\":\"https:\\\/\\\/nordlinepaadid.ee\\\/et\\\/pood\\\/paadihooldusvahendid\\\/oils-greases\\\/bensiini-sissepritse-puhastus-lisand-liqui-moly-500-ml\\\/\",\"url\":\"https:\\\/\\\/nordlinepaadid.ee\\\/et\\\/pood\\\/paadihooldusvahendid\\\/oils-greases\\\/bensiini-sissepritse-puhastus-lisand-liqui-moly-500-ml\\\/\",\"name\":\"BENSIINI SISSEPRITSE PUHASTUS LISAND - LIQUI MOLY, 500 ml - NORDLINE s\u00f5udepaadid ja mootorpaadid. Klaasfiiber materjalist.\",\"isPartOf\":{\"@id\":\"https:\\\/\\\/nordlinepaadid.ee\\\/et\\\/#website\"},\"primaryImageOfPage\":{\"@id\":\"https:\\\/\\\/nordlinepaadid.ee\\\/et\\\/pood\\\/paadihooldusvahendid\\\/oils-greases\\\/bensiini-sissepritse-puhastus-lisand-liqui-moly-500-ml\\\/#primaryimage\"},\"image\":{\"@id\":\"https:\\\/\\\/nordlinepaadid.ee\\\/et\\\/pood\\\/paadihooldusvahendid\\\/oils-greases\\\/bensiini-sissepritse-puhastus-lisand-liqui-moly-500-ml\\\/#primaryimage\"},\"thumbnailUrl\":\"https:\\\/\\\/nordlinepaadid.ee\\\/wp-content\\\/uploads\\\/2026\\\/03\\\/9262_LI25011-1.jpg\",\"datePublished\":\"2026-05-15T00:17:15+00:00\",\"breadcrumb\":{\"@id\":\"https:\\\/\\\/nordlinepaadid.ee\\\/et\\\/pood\\\/paadihooldusvahendid\\\/oils-greases\\\/bensiini-sissepritse-puhastus-lisand-liqui-moly-500-ml\\\/#breadcrumb\"},\"inLanguage\":\"et\",\"potentialAction\":[{\"@type\":\"ReadAction\",\"target\":[\"https:\\\/\\\/nordlinepaadid.ee\\\/et\\\/pood\\\/paadihooldusvahendid\\\/oils-greases\\\/bensiini-sissepritse-puhastus-lisand-liqui-moly-500-ml\\\/\"]}]},{\"@type\":\"ImageObject\",\"inLanguage\":\"et\",\"@id\":\"https:\\\/\\\/nordlinepaadid.ee\\\/et\\\/pood\\\/paadihooldusvahendid\\\/oils-greases\\\/bensiini-sissepritse-puhastus-lisand-liqui-moly-500-ml\\\/#primaryimage\",\"url\":\"https:\\\/\\\/nordlinepaadid.ee\\\/wp-content\\\/uploads\\\/2026\\\/03\\\/9262_LI25011-1.jpg\",\"contentUrl\":\"https:\\\/\\\/nordlinepaadid.ee\\\/wp-content\\\/uploads\\\/2026\\\/03\\\/9262_LI25011-1.jpg\",\"width\":934,\"height\":1920},{\"@type\":\"BreadcrumbList\",\"@id\":\"https:\\\/\\\/nordlinepaadid.ee\\\/et\\\/pood\\\/paadihooldusvahendid\\\/oils-greases\\\/bensiini-sissepritse-puhastus-lisand-liqui-moly-500-ml\\\/#breadcrumb\",\"itemListElement\":[{\"@type\":\"ListItem\",\"position\":1,\"name\":\"Home\",\"item\":\"https:\\\/\\\/nordlinepaadid.ee\\\/et\\\/\"},{\"@type\":\"ListItem\",\"position\":2,\"name\":\"Pood\",\"item\":\"https:\\\/\\\/nordlinepaadid.ee\\\/et\\\/pood\\\/\"},{\"@type\":\"ListItem\",\"position\":3,\"name\":\"BENSIINI SISSEPRITSE PUHASTUS LISAND &#8211; LIQUI MOLY, 500 ml\"}]},{\"@type\":\"WebSite\",\"@id\":\"https:\\\/\\\/nordlinepaadid.ee\\\/et\\\/#website\",\"url\":\"https:\\\/\\\/nordlinepaadid.ee\\\/et\\\/\",\"name\":\"NORDLINE s\u00f5udepaadid ja mootorpaadid. Klaasfiiber materjalist.\",\"description\":\"\",\"publisher\":{\"@id\":\"https:\\\/\\\/nordlinepaadid.ee\\\/et\\\/#organization\"},\"potentialAction\":[{\"@type\":\"SearchAction\",\"target\":{\"@type\":\"EntryPoint\",\"urlTemplate\":\"https:\\\/\\\/nordlinepaadid.ee\\\/et\\\/?s={search_term_string}\"},\"query-input\":{\"@type\":\"PropertyValueSpecification\",\"valueRequired\":true,\"valueName\":\"search_term_string\"}}],\"inLanguage\":\"et\"},{\"@type\":\"Organization\",\"@id\":\"https:\\\/\\\/nordlinepaadid.ee\\\/et\\\/#organization\",\"name\":\"Nordlineboats\",\"url\":\"https:\\\/\\\/nordlinepaadid.ee\\\/et\\\/\",\"logo\":{\"@type\":\"ImageObject\",\"inLanguage\":\"et\",\"@id\":\"https:\\\/\\\/nordlinepaadid.ee\\\/et\\\/#\\\/schema\\\/logo\\\/image\\\/\",\"url\":\"https:\\\/\\\/nordlinepaadid.ee\\\/wp-content\\\/uploads\\\/2023\\\/01\\\/fulllogo_transparent_nobuffer-e1672750475494.png\",\"contentUrl\":\"https:\\\/\\\/nordlinepaadid.ee\\\/wp-content\\\/uploads\\\/2023\\\/01\\\/fulllogo_transparent_nobuffer-e1672750475494.png\",\"width\":150,\"height\":119,\"caption\":\"Nordlineboats\"},\"image\":{\"@id\":\"https:\\\/\\\/nordlinepaadid.ee\\\/et\\\/#\\\/schema\\\/logo\\\/image\\\/\"},\"sameAs\":[\"https:\\\/\\\/www.facebook.com\\\/nordlineboats\",\"https:\\\/\\\/www.youtube.com\\\/channel\\\/UCbgF0fy02y3QkFnujaLTaCA\"]}]}<\/script>\n<!-- \/ Yoast SEO plugin. -->","yoast_head_json":{"title":"BENSIINI SISSEPRITSE PUHASTUS LISAND - LIQUI MOLY, 500 ml - NORDLINE s\u00f5udepaadid ja mootorpaadid. Klaasfiiber materjalist.","robots":{"index":"index","follow":"follow","max-snippet":"max-snippet:-1","max-image-preview":"max-image-preview:large","max-video-preview":"max-video-preview:-1"},"canonical":"https:\/\/nordlinepaadid.ee\/et\/pood\/paadihooldusvahendid\/oils-greases\/bensiini-sissepritse-puhastus-lisand-liqui-moly-500-ml\/","og_locale":"et_EE","og_type":"article","og_title":"BENSIINI SISSEPRITSE PUHASTUS LISAND - LIQUI MOLY, 500 ml - NORDLINE s\u00f5udepaadid ja mootorpaadid. Klaasfiiber materjalist.","og_description":"V\u00e4ga t\u00f5hus puhastus- ja s\u00e4ilituslisandite kombinatsioon 2- ja 4-taktiliste bensiinimootorite jaoks. Eemaldab sissepritseventiilidel, sisselaskeklappidel, s\u00fc\u00fctek\u00fc\u00fcnaldel ja p\u00f5lemiskambris olevad setted ning takistab uute setete teket. Mootori sujuvamaks t\u00f6\u00f6tamiseks. K\u00f5rvaldab k\u00e4ivitusprobleemid ja mootori eba\u00fchtlase t\u00f6\u00f6tamise. S\u00e4\u00e4stab k\u00fctust ja v\u00e4hendab saasteainete heitkoguseid. &#13;","og_url":"https:\/\/nordlinepaadid.ee\/et\/pood\/paadihooldusvahendid\/oils-greases\/bensiini-sissepritse-puhastus-lisand-liqui-moly-500-ml\/","og_site_name":"NORDLINE s\u00f5udepaadid ja mootorpaadid. Klaasfiiber materjalist.","article_publisher":"https:\/\/www.facebook.com\/nordlineboats","og_image":[{"width":934,"height":1920,"url":"https:\/\/nordlinepaadid.ee\/wp-content\/uploads\/2026\/03\/9262_LI25011-1.jpg","type":"image\/jpeg"}],"twitter_card":"summary_large_image","schema":{"@context":"https:\/\/schema.org","@graph":[{"@type":"WebPage","@id":"https:\/\/nordlinepaadid.ee\/et\/pood\/paadihooldusvahendid\/oils-greases\/bensiini-sissepritse-puhastus-lisand-liqui-moly-500-ml\/","url":"https:\/\/nordlinepaadid.ee\/et\/pood\/paadihooldusvahendid\/oils-greases\/bensiini-sissepritse-puhastus-lisand-liqui-moly-500-ml\/","name":"BENSIINI SISSEPRITSE PUHASTUS LISAND - LIQUI MOLY, 500 ml - NORDLINE s\u00f5udepaadid ja mootorpaadid. Klaasfiiber materjalist.","isPartOf":{"@id":"https:\/\/nordlinepaadid.ee\/et\/#website"},"primaryImageOfPage":{"@id":"https:\/\/nordlinepaadid.ee\/et\/pood\/paadihooldusvahendid\/oils-greases\/bensiini-sissepritse-puhastus-lisand-liqui-moly-500-ml\/#primaryimage"},"image":{"@id":"https:\/\/nordlinepaadid.ee\/et\/pood\/paadihooldusvahendid\/oils-greases\/bensiini-sissepritse-puhastus-lisand-liqui-moly-500-ml\/#primaryimage"},"thumbnailUrl":"https:\/\/nordlinepaadid.ee\/wp-content\/uploads\/2026\/03\/9262_LI25011-1.jpg","datePublished":"2026-05-15T00:17:15+00:00","breadcrumb":{"@id":"https:\/\/nordlinepaadid.ee\/et\/pood\/paadihooldusvahendid\/oils-greases\/bensiini-sissepritse-puhastus-lisand-liqui-moly-500-ml\/#breadcrumb"},"inLanguage":"et","potentialAction":[{"@type":"ReadAction","target":["https:\/\/nordlinepaadid.ee\/et\/pood\/paadihooldusvahendid\/oils-greases\/bensiini-sissepritse-puhastus-lisand-liqui-moly-500-ml\/"]}]},{"@type":"ImageObject","inLanguage":"et","@id":"https:\/\/nordlinepaadid.ee\/et\/pood\/paadihooldusvahendid\/oils-greases\/bensiini-sissepritse-puhastus-lisand-liqui-moly-500-ml\/#primaryimage","url":"https:\/\/nordlinepaadid.ee\/wp-content\/uploads\/2026\/03\/9262_LI25011-1.jpg","contentUrl":"https:\/\/nordlinepaadid.ee\/wp-content\/uploads\/2026\/03\/9262_LI25011-1.jpg","width":934,"height":1920},{"@type":"BreadcrumbList","@id":"https:\/\/nordlinepaadid.ee\/et\/pood\/paadihooldusvahendid\/oils-greases\/bensiini-sissepritse-puhastus-lisand-liqui-moly-500-ml\/#breadcrumb","itemListElement":[{"@type":"ListItem","position":1,"name":"Home","item":"https:\/\/nordlinepaadid.ee\/et\/"},{"@type":"ListItem","position":2,"name":"Pood","item":"https:\/\/nordlinepaadid.ee\/et\/pood\/"},{"@type":"ListItem","position":3,"name":"BENSIINI SISSEPRITSE PUHASTUS LISAND &#8211; LIQUI MOLY, 500 ml"}]},{"@type":"WebSite","@id":"https:\/\/nordlinepaadid.ee\/et\/#website","url":"https:\/\/nordlinepaadid.ee\/et\/","name":"NORDLINE s\u00f5udepaadid ja mootorpaadid. Klaasfiiber materjalist.","description":"","publisher":{"@id":"https:\/\/nordlinepaadid.ee\/et\/#organization"},"potentialAction":[{"@type":"SearchAction","target":{"@type":"EntryPoint","urlTemplate":"https:\/\/nordlinepaadid.ee\/et\/?s={search_term_string}"},"query-input":{"@type":"PropertyValueSpecification","valueRequired":true,"valueName":"search_term_string"}}],"inLanguage":"et"},{"@type":"Organization","@id":"https:\/\/nordlinepaadid.ee\/et\/#organization","name":"Nordlineboats","url":"https:\/\/nordlinepaadid.ee\/et\/","logo":{"@type":"ImageObject","inLanguage":"et","@id":"https:\/\/nordlinepaadid.ee\/et\/#\/schema\/logo\/image\/","url":"https:\/\/nordlinepaadid.ee\/wp-content\/uploads\/2023\/01\/fulllogo_transparent_nobuffer-e1672750475494.png","contentUrl":"https:\/\/nordlinepaadid.ee\/wp-content\/uploads\/2023\/01\/fulllogo_transparent_nobuffer-e1672750475494.png","width":150,"height":119,"caption":"Nordlineboats"},"image":{"@id":"https:\/\/nordlinepaadid.ee\/et\/#\/schema\/logo\/image\/"},"sameAs":["https:\/\/www.facebook.com\/nordlineboats","https:\/\/www.youtube.com\/channel\/UCbgF0fy02y3QkFnujaLTaCA"]}]}},"taxonomy_info":{"product_cat":[{"value":286,"label":"\u00d5lid, M\u00e4\u00e4rded"},{"value":284,"label":"PAADIHOOLDUSVAHENDID"}],"pa_producer":[{"value":1284,"label":"Liqui Moly"}],"pa_unit":[{"value":433,"label":"ml"}]},"featured_image_src_large":["https:\/\/nordlinepaadid.ee\/wp-content\/uploads\/2026\/03\/9262_LI25011-1-498x1024.jpg",498,1024,true],"author_info":[],"comment_info":"","_links":{"self":[{"href":"https:\/\/nordlinepaadid.ee\/et\/wp-json\/wp\/v2\/product\/61469","targetHints":{"allow":["GET"]}}],"collection":[{"href":"https:\/\/nordlinepaadid.ee\/et\/wp-json\/wp\/v2\/product"}],"about":[{"href":"https:\/\/nordlinepaadid.ee\/et\/wp-json\/wp\/v2\/types\/product"}],"wp:featuredmedia":[{"embeddable":true,"href":"https:\/\/nordlinepaadid.ee\/et\/wp-json\/wp\/v2\/media\/57094"}],"wp:attachment":[{"href":"https:\/\/nordlinepaadid.ee\/et\/wp-json\/wp\/v2\/media?parent=61469"}],"wp:term":[{"taxonomy":"product_brand","embeddable":true,"href":"https:\/\/nordlinepaadid.ee\/et\/wp-json\/wp\/v2\/product_brand?post=61469"},{"taxonomy":"product_cat","embeddable":true,"href":"https:\/\/nordlinepaadid.ee\/et\/wp-json\/wp\/v2\/product_cat?post=61469"},{"taxonomy":"product_tag","embeddable":true,"href":"https:\/\/nordlinepaadid.ee\/et\/wp-json\/wp\/v2\/product_tag?post=61469"}],"curies":[{"name":"wp","href":"https:\/\/api.w.org\/{rel}","templated":true}]}}