{"id":61897,"date":"2026-04-17T18:27:09","date_gmt":"2026-04-17T15:27:09","guid":{"rendered":"https:\/\/nordlinepaadid.ee\/pood\/maaratlemata\/pvc-paat-gladiator-b330al\/"},"modified":"2026-04-17T18:27:09","modified_gmt":"2026-04-17T15:27:09","slug":"pvc-paat-gladiator-b330al","status":"publish","type":"product","link":"https:\/\/nordlinepaadid.ee\/et\/pood\/kummipaadid-ja-tarvikud\/kummipaadid\/pvc-paat-gladiator-b330al\/","title":{"rendered":"PVC PAAT- GLADIATOR B330AL"},"content":{"rendered":"<p style=\"text-align:justify\">Gladiator &#8220;CLASSIC&#8221; seeria pakub mitmek\u00fclgseid ahtrti plaadiga t\u00e4ispuhutavaid paate. Paadid on valmistatud PVC-st 850-1100 g\/m2 ja paksusega 0,7-0,9 mm. Paatidel on \u00fcler\u00f5hu ventiil (uus) liigse r\u00f5hu vabastamiseks. P\u00f5hi on valmistatud PVC-st tihedusega 1100 g\/m2 (paksusega 0,9 mm). &#8220;Gladiator&#8221; paadid on valmistatud vastupidavast uue p\u00f5lvkonna s\u00fcnteetilisest PVC kangast, mida ilmestab kerge kaal, elastsus, kaitse m\u00e4danemise, \u00f5li ja bensiini eest ning suurep\u00e4rane vastupidavus mehaanilisele kulumisele, temperatuuri- ja UV-kiirguse vastupanuv\u00f5ime.<\/p>\n<p>&#13;<br \/>\n&#13;<\/p>\n<p style=\"text-align:justify\">Iga paadi komplektis on suure j\u00f5udlusega 6-liitrine reveers funktsiooniga jalgpump, 4 meetrine ots, aerud, remondikomplekt, turva otsad k\u00fclgedel, liigutatavad alumiiniumist istmed (kuni 200 kg). Kiil ja tuubid on t\u00e4iendavalt tugevdatud 5 mm pol\u00fcuretaaniribaga. Garantii: PVC materjal \u2013 5 aastat, \u00f5mblused \u2013 3 aastat, varustus \u2013 1 aasta.<\/p>\n<p>&#13;<br \/>\n&#13;<\/p>\n<p style=\"text-align:justify\">&nbsp;<\/p>\n<p>&#13;<br \/>\n&#13;<\/p>\n<p><strong>Komplekti kuulub:<\/strong><\/p>\n<p>&#13;<br \/>\n&#13;<\/p>\n<p>Aerud: 2<\/p>\n<p>&#13;<br \/>\n&#13;<\/p>\n<p>Alumiiniumist istmed: 2<\/p>\n<p>&#13;<br \/>\n&#13;<\/p>\n<p>Paadikott: 1<\/p>\n<p>&#13;<br \/>\n&#13;<\/p>\n<p>P\u00f5hjakott: 1<\/p>\n<p>&#13;<br \/>\n&#13;<\/p>\n<p>Kiilu kaitse: 1<\/p>\n<p>&#13;<br \/>\n&#13;<\/p>\n<p>Tuubi kaitse: 2<\/p>\n<p>&#13;<br \/>\n&#13;<\/p>\n<p>Remondikomplekt: 1<\/p>\n<p>&#13;<br \/>\n&#13;<\/p>\n<p>Jalgpump: 2<\/p>\n<p>&#13;<br \/>\n&#13;<\/p>\n<p>&nbsp;<\/p>\n<p>&#13;<br \/>\n&#13;<\/p>\n<p><strong>Tehnilised andmed:<\/strong><\/p>\n<p>&#13;<br \/>\n&#13;<\/p>\n<p>Pikkus: 330 cm<\/p>\n<p>&#13;<br \/>\n&#13;<\/p>\n<p>Laius: 154 cm<\/p>\n<p>&#13;<br \/>\n&#13;<\/p>\n<p>Siseosa pikkus: 221 cm<\/p>\n<p>&#13;<br \/>\n&#13;<\/p>\n<p>Siseosa laius: 70 cm<\/p>\n<p>&#13;<br \/>\n&#13;<\/p>\n<p>Tuubi l\u00e4bim\u00f5\u00f5t: 42 cm<\/p>\n<p>&#13;<br \/>\n&#13;<\/p>\n<p>Kiil: 1<\/p>\n<p>&#13;<br \/>\n&#13;<\/p>\n<p>Sektsioonide arv: 3+1<\/p>\n<p>&#13;<br \/>\n&#13;<\/p>\n<p>P\u00f5hja t\u00fc\u00fcp: alumiinium<\/p>\n<p>&#13;<br \/>\n&#13;<\/p>\n<p>Reisijate arv: 4<\/p>\n<p>&#13;<br \/>\n&#13;<\/p>\n<p>Kandev\u00f5ime: 478 kg<\/p>\n<p>&#13;<br \/>\n&#13;<\/p>\n<p>Kaal: 50 kg<\/p>\n<p>&#13;<br \/>\n&#13;<\/p>\n<p>Ahtri t\u00fc\u00fcp: k\u00f5rgus fikseeritud S<\/p>\n<p>&#13;<br \/>\n&#13;<\/p>\n<p>&nbsp;<\/p>\n<p>&#13;<\/p>\n","protected":false},"excerpt":{"rendered":"<p>Gladiator &#8220;CLASSIC&#8221; seeria pakub mitmek\u00fclgseid ahtrti plaadiga t\u00e4ispuhutavaid paate. Paadid on valmistatud PVC-st 850-1100 g\/m2 ja paksusega 0,7-0,9 mm. Paatidel on \u00fcler\u00f5hu ventiil (uus) liigse r\u00f5hu vabastamiseks. P\u00f5hi on valmistatud PVC-st tihedusega 1100 g\/m2 (paksusega 0,9 mm). &#8220;Gladiator&#8221; paadid on valmistatud vastupidavast uue p\u00f5lvkonna s\u00fcnteetilisest PVC kangast, mida ilmestab kerge kaal, elastsus, kaitse m\u00e4danemise, \u00f5li&#8230;<\/p>\n","protected":false},"featured_media":54520,"template":"","meta":{"_kad_blocks_custom_css":"","_kad_blocks_head_custom_js":"","_kad_blocks_body_custom_js":"","_kad_blocks_footer_custom_js":"","_kad_post_transparent":"","_kad_post_title":"","_kad_post_layout":"","_kad_post_sidebar_id":"","_kad_post_content_style":"","_kad_post_vertical_padding":"","_kad_post_feature":"","_kad_post_feature_position":"","_kad_post_header":false,"_kad_post_footer":false,"_kad_post_classname":""},"product_brand":[],"product_cat":[294,250],"product_tag":[],"class_list":{"0":"post-61897","1":"product","2":"type-product","3":"status-publish","4":"has-post-thumbnail","6":"product_cat-kummipaadid","7":"product_cat-kummipaadid-ja-tarvikud","8":"pa_color-hall","9":"pa_unit-pcs","10":"tm-no-options","12":"first","13":"instock","14":"sale","15":"taxable","16":"shipping-taxable","17":"purchasable","18":"product-type-simple","19":"entry","20":"content-bg","21":"loop-entry"},"yoast_head":"<!-- This site is optimized with the Yoast SEO plugin v27.3 - https:\/\/yoast.com\/product\/yoast-seo-wordpress\/ -->\n<title>PVC PAAT- GLADIATOR B330AL - NORDLINE s\u00f5udepaadid ja mootorpaadid. Klaasfiiber materjalist.<\/title>\n<meta name=\"robots\" content=\"index, follow, max-snippet:-1, max-image-preview:large, max-video-preview:-1\" \/>\n<link rel=\"canonical\" href=\"https:\/\/nordlinepaadid.ee\/et\/pood\/kummipaadid-ja-tarvikud\/kummipaadid\/pvc-paat-gladiator-b330al\/\" \/>\n<meta property=\"og:locale\" content=\"et_EE\" \/>\n<meta property=\"og:type\" content=\"article\" \/>\n<meta property=\"og:title\" content=\"PVC PAAT- GLADIATOR B330AL - NORDLINE s\u00f5udepaadid ja mootorpaadid. Klaasfiiber materjalist.\" \/>\n<meta property=\"og:description\" content=\"Gladiator &#8220;CLASSIC&#8221; seeria pakub mitmek\u00fclgseid ahtrti plaadiga t\u00e4ispuhutavaid paate. Paadid on valmistatud PVC-st 850-1100 g\/m2 ja paksusega 0,7-0,9 mm. Paatidel on \u00fcler\u00f5hu ventiil (uus) liigse r\u00f5hu vabastamiseks. P\u00f5hi on valmistatud PVC-st tihedusega 1100 g\/m2 (paksusega 0,9 mm). &#8220;Gladiator&#8221; paadid on valmistatud vastupidavast uue p\u00f5lvkonna s\u00fcnteetilisest PVC kangast, mida ilmestab kerge kaal, elastsus, kaitse m\u00e4danemise, \u00f5li...\" \/>\n<meta property=\"og:url\" content=\"https:\/\/nordlinepaadid.ee\/et\/pood\/kummipaadid-ja-tarvikud\/kummipaadid\/pvc-paat-gladiator-b330al\/\" \/>\n<meta property=\"og:site_name\" content=\"NORDLINE s\u00f5udepaadid ja mootorpaadid. Klaasfiiber materjalist.\" \/>\n<meta property=\"article:publisher\" content=\"https:\/\/www.facebook.com\/nordlineboats\" \/>\n<meta property=\"og:image\" content=\"https:\/\/nordlinepaadid.ee\/wp-content\/uploads\/2026\/02\/12945_GL-B330AL-GREY.jpg\" \/>\n\t<meta property=\"og:image:width\" content=\"600\" \/>\n\t<meta property=\"og:image:height\" content=\"400\" \/>\n\t<meta property=\"og:image:type\" content=\"image\/jpeg\" \/>\n<meta name=\"twitter:card\" content=\"summary_large_image\" \/>\n<meta name=\"twitter:label1\" content=\"Est. reading time\" \/>\n\t<meta name=\"twitter:data1\" content=\"1 minut\" \/>\n<script type=\"application\/ld+json\" class=\"yoast-schema-graph\">{\"@context\":\"https:\\\/\\\/schema.org\",\"@graph\":[{\"@type\":\"WebPage\",\"@id\":\"https:\\\/\\\/nordlinepaadid.ee\\\/et\\\/pood\\\/kummipaadid-ja-tarvikud\\\/kummipaadid\\\/pvc-paat-gladiator-b330al\\\/\",\"url\":\"https:\\\/\\\/nordlinepaadid.ee\\\/et\\\/pood\\\/kummipaadid-ja-tarvikud\\\/kummipaadid\\\/pvc-paat-gladiator-b330al\\\/\",\"name\":\"PVC PAAT- GLADIATOR B330AL - NORDLINE s\u00f5udepaadid ja mootorpaadid. Klaasfiiber materjalist.\",\"isPartOf\":{\"@id\":\"https:\\\/\\\/nordlinepaadid.ee\\\/et\\\/#website\"},\"primaryImageOfPage\":{\"@id\":\"https:\\\/\\\/nordlinepaadid.ee\\\/et\\\/pood\\\/kummipaadid-ja-tarvikud\\\/kummipaadid\\\/pvc-paat-gladiator-b330al\\\/#primaryimage\"},\"image\":{\"@id\":\"https:\\\/\\\/nordlinepaadid.ee\\\/et\\\/pood\\\/kummipaadid-ja-tarvikud\\\/kummipaadid\\\/pvc-paat-gladiator-b330al\\\/#primaryimage\"},\"thumbnailUrl\":\"https:\\\/\\\/nordlinepaadid.ee\\\/wp-content\\\/uploads\\\/2026\\\/02\\\/12945_GL-B330AL-GREY.jpg\",\"datePublished\":\"2026-04-17T15:27:09+00:00\",\"breadcrumb\":{\"@id\":\"https:\\\/\\\/nordlinepaadid.ee\\\/et\\\/pood\\\/kummipaadid-ja-tarvikud\\\/kummipaadid\\\/pvc-paat-gladiator-b330al\\\/#breadcrumb\"},\"inLanguage\":\"et\",\"potentialAction\":[{\"@type\":\"ReadAction\",\"target\":[\"https:\\\/\\\/nordlinepaadid.ee\\\/et\\\/pood\\\/kummipaadid-ja-tarvikud\\\/kummipaadid\\\/pvc-paat-gladiator-b330al\\\/\"]}]},{\"@type\":\"ImageObject\",\"inLanguage\":\"et\",\"@id\":\"https:\\\/\\\/nordlinepaadid.ee\\\/et\\\/pood\\\/kummipaadid-ja-tarvikud\\\/kummipaadid\\\/pvc-paat-gladiator-b330al\\\/#primaryimage\",\"url\":\"https:\\\/\\\/nordlinepaadid.ee\\\/wp-content\\\/uploads\\\/2026\\\/02\\\/12945_GL-B330AL-GREY.jpg\",\"contentUrl\":\"https:\\\/\\\/nordlinepaadid.ee\\\/wp-content\\\/uploads\\\/2026\\\/02\\\/12945_GL-B330AL-GREY.jpg\",\"width\":600,\"height\":400},{\"@type\":\"BreadcrumbList\",\"@id\":\"https:\\\/\\\/nordlinepaadid.ee\\\/et\\\/pood\\\/kummipaadid-ja-tarvikud\\\/kummipaadid\\\/pvc-paat-gladiator-b330al\\\/#breadcrumb\",\"itemListElement\":[{\"@type\":\"ListItem\",\"position\":1,\"name\":\"Home\",\"item\":\"https:\\\/\\\/nordlinepaadid.ee\\\/et\\\/\"},{\"@type\":\"ListItem\",\"position\":2,\"name\":\"Pood\",\"item\":\"https:\\\/\\\/nordlinepaadid.ee\\\/et\\\/pood\\\/\"},{\"@type\":\"ListItem\",\"position\":3,\"name\":\"PVC PAAT- GLADIATOR B330AL\"}]},{\"@type\":\"WebSite\",\"@id\":\"https:\\\/\\\/nordlinepaadid.ee\\\/et\\\/#website\",\"url\":\"https:\\\/\\\/nordlinepaadid.ee\\\/et\\\/\",\"name\":\"NORDLINE s\u00f5udepaadid ja mootorpaadid. Klaasfiiber materjalist.\",\"description\":\"\",\"publisher\":{\"@id\":\"https:\\\/\\\/nordlinepaadid.ee\\\/et\\\/#organization\"},\"potentialAction\":[{\"@type\":\"SearchAction\",\"target\":{\"@type\":\"EntryPoint\",\"urlTemplate\":\"https:\\\/\\\/nordlinepaadid.ee\\\/et\\\/?s={search_term_string}\"},\"query-input\":{\"@type\":\"PropertyValueSpecification\",\"valueRequired\":true,\"valueName\":\"search_term_string\"}}],\"inLanguage\":\"et\"},{\"@type\":\"Organization\",\"@id\":\"https:\\\/\\\/nordlinepaadid.ee\\\/et\\\/#organization\",\"name\":\"Nordlineboats\",\"url\":\"https:\\\/\\\/nordlinepaadid.ee\\\/et\\\/\",\"logo\":{\"@type\":\"ImageObject\",\"inLanguage\":\"et\",\"@id\":\"https:\\\/\\\/nordlinepaadid.ee\\\/et\\\/#\\\/schema\\\/logo\\\/image\\\/\",\"url\":\"https:\\\/\\\/nordlinepaadid.ee\\\/wp-content\\\/uploads\\\/2023\\\/01\\\/fulllogo_transparent_nobuffer-e1672750475494.png\",\"contentUrl\":\"https:\\\/\\\/nordlinepaadid.ee\\\/wp-content\\\/uploads\\\/2023\\\/01\\\/fulllogo_transparent_nobuffer-e1672750475494.png\",\"width\":150,\"height\":119,\"caption\":\"Nordlineboats\"},\"image\":{\"@id\":\"https:\\\/\\\/nordlinepaadid.ee\\\/et\\\/#\\\/schema\\\/logo\\\/image\\\/\"},\"sameAs\":[\"https:\\\/\\\/www.facebook.com\\\/nordlineboats\",\"https:\\\/\\\/www.youtube.com\\\/channel\\\/UCbgF0fy02y3QkFnujaLTaCA\"]}]}<\/script>\n<!-- \/ Yoast SEO plugin. -->","yoast_head_json":{"title":"PVC PAAT- GLADIATOR B330AL - NORDLINE s\u00f5udepaadid ja mootorpaadid. Klaasfiiber materjalist.","robots":{"index":"index","follow":"follow","max-snippet":"max-snippet:-1","max-image-preview":"max-image-preview:large","max-video-preview":"max-video-preview:-1"},"canonical":"https:\/\/nordlinepaadid.ee\/et\/pood\/kummipaadid-ja-tarvikud\/kummipaadid\/pvc-paat-gladiator-b330al\/","og_locale":"et_EE","og_type":"article","og_title":"PVC PAAT- GLADIATOR B330AL - NORDLINE s\u00f5udepaadid ja mootorpaadid. Klaasfiiber materjalist.","og_description":"Gladiator &#8220;CLASSIC&#8221; seeria pakub mitmek\u00fclgseid ahtrti plaadiga t\u00e4ispuhutavaid paate. Paadid on valmistatud PVC-st 850-1100 g\/m2 ja paksusega 0,7-0,9 mm. Paatidel on \u00fcler\u00f5hu ventiil (uus) liigse r\u00f5hu vabastamiseks. P\u00f5hi on valmistatud PVC-st tihedusega 1100 g\/m2 (paksusega 0,9 mm). &#8220;Gladiator&#8221; paadid on valmistatud vastupidavast uue p\u00f5lvkonna s\u00fcnteetilisest PVC kangast, mida ilmestab kerge kaal, elastsus, kaitse m\u00e4danemise, \u00f5li...","og_url":"https:\/\/nordlinepaadid.ee\/et\/pood\/kummipaadid-ja-tarvikud\/kummipaadid\/pvc-paat-gladiator-b330al\/","og_site_name":"NORDLINE s\u00f5udepaadid ja mootorpaadid. Klaasfiiber materjalist.","article_publisher":"https:\/\/www.facebook.com\/nordlineboats","og_image":[{"width":600,"height":400,"url":"https:\/\/nordlinepaadid.ee\/wp-content\/uploads\/2026\/02\/12945_GL-B330AL-GREY.jpg","type":"image\/jpeg"}],"twitter_card":"summary_large_image","twitter_misc":{"Est. reading time":"1 minut"},"schema":{"@context":"https:\/\/schema.org","@graph":[{"@type":"WebPage","@id":"https:\/\/nordlinepaadid.ee\/et\/pood\/kummipaadid-ja-tarvikud\/kummipaadid\/pvc-paat-gladiator-b330al\/","url":"https:\/\/nordlinepaadid.ee\/et\/pood\/kummipaadid-ja-tarvikud\/kummipaadid\/pvc-paat-gladiator-b330al\/","name":"PVC PAAT- GLADIATOR B330AL - NORDLINE s\u00f5udepaadid ja mootorpaadid. Klaasfiiber materjalist.","isPartOf":{"@id":"https:\/\/nordlinepaadid.ee\/et\/#website"},"primaryImageOfPage":{"@id":"https:\/\/nordlinepaadid.ee\/et\/pood\/kummipaadid-ja-tarvikud\/kummipaadid\/pvc-paat-gladiator-b330al\/#primaryimage"},"image":{"@id":"https:\/\/nordlinepaadid.ee\/et\/pood\/kummipaadid-ja-tarvikud\/kummipaadid\/pvc-paat-gladiator-b330al\/#primaryimage"},"thumbnailUrl":"https:\/\/nordlinepaadid.ee\/wp-content\/uploads\/2026\/02\/12945_GL-B330AL-GREY.jpg","datePublished":"2026-04-17T15:27:09+00:00","breadcrumb":{"@id":"https:\/\/nordlinepaadid.ee\/et\/pood\/kummipaadid-ja-tarvikud\/kummipaadid\/pvc-paat-gladiator-b330al\/#breadcrumb"},"inLanguage":"et","potentialAction":[{"@type":"ReadAction","target":["https:\/\/nordlinepaadid.ee\/et\/pood\/kummipaadid-ja-tarvikud\/kummipaadid\/pvc-paat-gladiator-b330al\/"]}]},{"@type":"ImageObject","inLanguage":"et","@id":"https:\/\/nordlinepaadid.ee\/et\/pood\/kummipaadid-ja-tarvikud\/kummipaadid\/pvc-paat-gladiator-b330al\/#primaryimage","url":"https:\/\/nordlinepaadid.ee\/wp-content\/uploads\/2026\/02\/12945_GL-B330AL-GREY.jpg","contentUrl":"https:\/\/nordlinepaadid.ee\/wp-content\/uploads\/2026\/02\/12945_GL-B330AL-GREY.jpg","width":600,"height":400},{"@type":"BreadcrumbList","@id":"https:\/\/nordlinepaadid.ee\/et\/pood\/kummipaadid-ja-tarvikud\/kummipaadid\/pvc-paat-gladiator-b330al\/#breadcrumb","itemListElement":[{"@type":"ListItem","position":1,"name":"Home","item":"https:\/\/nordlinepaadid.ee\/et\/"},{"@type":"ListItem","position":2,"name":"Pood","item":"https:\/\/nordlinepaadid.ee\/et\/pood\/"},{"@type":"ListItem","position":3,"name":"PVC PAAT- GLADIATOR B330AL"}]},{"@type":"WebSite","@id":"https:\/\/nordlinepaadid.ee\/et\/#website","url":"https:\/\/nordlinepaadid.ee\/et\/","name":"NORDLINE s\u00f5udepaadid ja mootorpaadid. Klaasfiiber materjalist.","description":"","publisher":{"@id":"https:\/\/nordlinepaadid.ee\/et\/#organization"},"potentialAction":[{"@type":"SearchAction","target":{"@type":"EntryPoint","urlTemplate":"https:\/\/nordlinepaadid.ee\/et\/?s={search_term_string}"},"query-input":{"@type":"PropertyValueSpecification","valueRequired":true,"valueName":"search_term_string"}}],"inLanguage":"et"},{"@type":"Organization","@id":"https:\/\/nordlinepaadid.ee\/et\/#organization","name":"Nordlineboats","url":"https:\/\/nordlinepaadid.ee\/et\/","logo":{"@type":"ImageObject","inLanguage":"et","@id":"https:\/\/nordlinepaadid.ee\/et\/#\/schema\/logo\/image\/","url":"https:\/\/nordlinepaadid.ee\/wp-content\/uploads\/2023\/01\/fulllogo_transparent_nobuffer-e1672750475494.png","contentUrl":"https:\/\/nordlinepaadid.ee\/wp-content\/uploads\/2023\/01\/fulllogo_transparent_nobuffer-e1672750475494.png","width":150,"height":119,"caption":"Nordlineboats"},"image":{"@id":"https:\/\/nordlinepaadid.ee\/et\/#\/schema\/logo\/image\/"},"sameAs":["https:\/\/www.facebook.com\/nordlineboats","https:\/\/www.youtube.com\/channel\/UCbgF0fy02y3QkFnujaLTaCA"]}]}},"taxonomy_info":{"product_cat":[{"value":294,"label":"Kummipaadid"},{"value":250,"label":"KUMMIPAADID JA TARVIKUD"}],"pa_color":[{"value":675,"label":"Hall"}],"pa_unit":[{"value":416,"label":"pcs"}]},"featured_image_src_large":["https:\/\/nordlinepaadid.ee\/wp-content\/uploads\/2026\/02\/12945_GL-B330AL-GREY.jpg",600,400,false],"author_info":[],"comment_info":"","_links":{"self":[{"href":"https:\/\/nordlinepaadid.ee\/et\/wp-json\/wp\/v2\/product\/61897","targetHints":{"allow":["GET"]}}],"collection":[{"href":"https:\/\/nordlinepaadid.ee\/et\/wp-json\/wp\/v2\/product"}],"about":[{"href":"https:\/\/nordlinepaadid.ee\/et\/wp-json\/wp\/v2\/types\/product"}],"wp:featuredmedia":[{"embeddable":true,"href":"https:\/\/nordlinepaadid.ee\/et\/wp-json\/wp\/v2\/media\/54520"}],"wp:attachment":[{"href":"https:\/\/nordlinepaadid.ee\/et\/wp-json\/wp\/v2\/media?parent=61897"}],"wp:term":[{"taxonomy":"product_brand","embeddable":true,"href":"https:\/\/nordlinepaadid.ee\/et\/wp-json\/wp\/v2\/product_brand?post=61897"},{"taxonomy":"product_cat","embeddable":true,"href":"https:\/\/nordlinepaadid.ee\/et\/wp-json\/wp\/v2\/product_cat?post=61897"},{"taxonomy":"product_tag","embeddable":true,"href":"https:\/\/nordlinepaadid.ee\/et\/wp-json\/wp\/v2\/product_tag?post=61897"}],"curies":[{"name":"wp","href":"https:\/\/api.w.org\/{rel}","templated":true}]}}