{"id":62010,"date":"2026-05-15T03:17:41","date_gmt":"2026-05-15T00:17:41","guid":{"rendered":"https:\/\/nordlinepaadid.ee\/pood\/maaratlemata\/kasipumbaga-wc-pott-jabsco-regular-345-mm\/"},"modified":"2026-05-15T03:17:41","modified_gmt":"2026-05-15T00:17:41","slug":"kasipumbaga-wc-pott-jabsco-regular-345-mm","status":"publish","type":"product","link":"https:\/\/nordlinepaadid.ee\/et\/pood\/pumbad-ja-sanitaartarvikud\/sinks-toilets-sanitary-fittings\/kasipumbaga-wc-pott-jabsco-regular-345-mm\/","title":{"rendered":"K\u00c4SIPUMBAGA WC POTT, JABSCO REGULAR 345 mm"},"content":{"rendered":"<p>Uus Twist \u00b4n\u00b4 Lock k\u00e4epide lukustab p\u00f5hjaklapi 90\u00b0 p\u00f6\u00f6rdega, et tagada lisakaitse tagasivoolule ja tualeti tagasivoolu eest. \u2022 Moodne \u00e4\u00e4risteta disain parandab h\u00fcgieeni. \u2022 K\u00f5ik kinnitused on ettepoole v\u00f5i \u00fclespoole suunatud, et h\u00f5lbustada hooldust. \u2022 Korrosioonikindlad materjalid sobivad kasutada nii magedas kui soolases vees. Suurus L x S x K ; 45 x 41 x 34 cm. vooliku \u00d8 Sisse: 19 mm (3\/4&#8243;) V\u00e4lja: 38 mm (1-1\/2&#8243;).<\/p>\n<p>&#13;<\/p>\n<p><iframe loading=\"lazy\" allowfullscreen=\"\" frameborder=\"0\" height=\"360\" src=\"\/\/www.youtube.com\/embed\/BnQq4d-NmkE\" width=\"640\"><\/iframe><\/p>\n<p>&#13;<\/p>\n","protected":false},"excerpt":{"rendered":"<p>Uus Twist \u00b4n\u00b4 Lock k\u00e4epide lukustab p\u00f5hjaklapi 90\u00b0 p\u00f6\u00f6rdega, et tagada lisakaitse tagasivoolule ja tualeti tagasivoolu eest. \u2022 Moodne \u00e4\u00e4risteta disain parandab h\u00fcgieeni. \u2022 K\u00f5ik kinnitused on ettepoole v\u00f5i \u00fclespoole suunatud, et h\u00f5lbustada hooldust. \u2022 Korrosioonikindlad materjalid sobivad kasutada nii magedas kui soolases vees. Suurus L x S x K ; 45 x 41 x&#8230;<\/p>\n","protected":false},"featured_media":62011,"template":"","meta":{"_kad_blocks_custom_css":"","_kad_blocks_head_custom_js":"","_kad_blocks_body_custom_js":"","_kad_blocks_footer_custom_js":"","_kad_post_transparent":"","_kad_post_title":"","_kad_post_layout":"","_kad_post_sidebar_id":"","_kad_post_content_style":"","_kad_post_vertical_padding":"","_kad_post_feature":"","_kad_post_feature_position":"","_kad_post_header":false,"_kad_post_footer":false,"_kad_post_classname":""},"product_brand":[],"product_cat":[273,269],"product_tag":[],"class_list":{"0":"post-62010","1":"product","2":"type-product","3":"status-publish","4":"has-post-thumbnail","6":"product_cat-sinks-toilets-sanitary-fittings","7":"product_cat-pumbad-ja-sanitaartarvikud","8":"pa_producer-jabsco","9":"pa_unit-pcs","10":"tm-no-options","12":"first","13":"onbackorder","14":"taxable","15":"shipping-taxable","16":"purchasable","17":"product-type-simple","18":"entry","19":"content-bg","20":"loop-entry"},"yoast_head":"<!-- This site is optimized with the Yoast SEO plugin v27.5 - https:\/\/yoast.com\/product\/yoast-seo-wordpress\/ -->\n<title>K\u00c4SIPUMBAGA WC POTT, JABSCO REGULAR 345 mm - NORDLINE s\u00f5udepaadid ja mootorpaadid. Klaasfiiber materjalist.<\/title>\n<meta name=\"robots\" content=\"index, follow, max-snippet:-1, max-image-preview:large, max-video-preview:-1\" \/>\n<link rel=\"canonical\" href=\"https:\/\/nordlinepaadid.ee\/et\/pood\/pumbad-ja-sanitaartarvikud\/sinks-toilets-sanitary-fittings\/kasipumbaga-wc-pott-jabsco-regular-345-mm\/\" \/>\n<meta property=\"og:locale\" content=\"et_EE\" \/>\n<meta property=\"og:type\" content=\"article\" \/>\n<meta property=\"og:title\" content=\"K\u00c4SIPUMBAGA WC POTT, JABSCO REGULAR 345 mm - NORDLINE s\u00f5udepaadid ja mootorpaadid. Klaasfiiber materjalist.\" \/>\n<meta property=\"og:description\" content=\"Uus Twist \u00b4n\u00b4 Lock k\u00e4epide lukustab p\u00f5hjaklapi 90\u00b0 p\u00f6\u00f6rdega, et tagada lisakaitse tagasivoolule ja tualeti tagasivoolu eest. \u2022 Moodne \u00e4\u00e4risteta disain parandab h\u00fcgieeni. \u2022 K\u00f5ik kinnitused on ettepoole v\u00f5i \u00fclespoole suunatud, et h\u00f5lbustada hooldust. \u2022 Korrosioonikindlad materjalid sobivad kasutada nii magedas kui soolases vees. Suurus L x S x K ; 45 x 41 x...\" \/>\n<meta property=\"og:url\" content=\"https:\/\/nordlinepaadid.ee\/et\/pood\/pumbad-ja-sanitaartarvikud\/sinks-toilets-sanitary-fittings\/kasipumbaga-wc-pott-jabsco-regular-345-mm\/\" \/>\n<meta property=\"og:site_name\" content=\"NORDLINE s\u00f5udepaadid ja mootorpaadid. Klaasfiiber materjalist.\" \/>\n<meta property=\"article:publisher\" content=\"https:\/\/www.facebook.com\/nordlineboats\" \/>\n<meta property=\"og:image\" content=\"https:\/\/nordlinepaadid.ee\/wp-content\/uploads\/2026\/04\/9653_LMJT29120-5000-1.jpg\" \/>\n\t<meta property=\"og:image:width\" content=\"419\" \/>\n\t<meta property=\"og:image:height\" content=\"392\" \/>\n\t<meta property=\"og:image:type\" content=\"image\/jpeg\" \/>\n<meta name=\"twitter:card\" content=\"summary_large_image\" \/>\n<script type=\"application\/ld+json\" class=\"yoast-schema-graph\">{\"@context\":\"https:\\\/\\\/schema.org\",\"@graph\":[{\"@type\":\"WebPage\",\"@id\":\"https:\\\/\\\/nordlinepaadid.ee\\\/et\\\/pood\\\/pumbad-ja-sanitaartarvikud\\\/sinks-toilets-sanitary-fittings\\\/kasipumbaga-wc-pott-jabsco-regular-345-mm\\\/\",\"url\":\"https:\\\/\\\/nordlinepaadid.ee\\\/et\\\/pood\\\/pumbad-ja-sanitaartarvikud\\\/sinks-toilets-sanitary-fittings\\\/kasipumbaga-wc-pott-jabsco-regular-345-mm\\\/\",\"name\":\"K\u00c4SIPUMBAGA WC POTT, JABSCO REGULAR 345 mm - NORDLINE s\u00f5udepaadid ja mootorpaadid. Klaasfiiber materjalist.\",\"isPartOf\":{\"@id\":\"https:\\\/\\\/nordlinepaadid.ee\\\/et\\\/#website\"},\"primaryImageOfPage\":{\"@id\":\"https:\\\/\\\/nordlinepaadid.ee\\\/et\\\/pood\\\/pumbad-ja-sanitaartarvikud\\\/sinks-toilets-sanitary-fittings\\\/kasipumbaga-wc-pott-jabsco-regular-345-mm\\\/#primaryimage\"},\"image\":{\"@id\":\"https:\\\/\\\/nordlinepaadid.ee\\\/et\\\/pood\\\/pumbad-ja-sanitaartarvikud\\\/sinks-toilets-sanitary-fittings\\\/kasipumbaga-wc-pott-jabsco-regular-345-mm\\\/#primaryimage\"},\"thumbnailUrl\":\"https:\\\/\\\/nordlinepaadid.ee\\\/wp-content\\\/uploads\\\/2026\\\/04\\\/9653_LMJT29120-5000-1.jpg\",\"datePublished\":\"2026-05-15T00:17:41+00:00\",\"breadcrumb\":{\"@id\":\"https:\\\/\\\/nordlinepaadid.ee\\\/et\\\/pood\\\/pumbad-ja-sanitaartarvikud\\\/sinks-toilets-sanitary-fittings\\\/kasipumbaga-wc-pott-jabsco-regular-345-mm\\\/#breadcrumb\"},\"inLanguage\":\"et\",\"potentialAction\":[{\"@type\":\"ReadAction\",\"target\":[\"https:\\\/\\\/nordlinepaadid.ee\\\/et\\\/pood\\\/pumbad-ja-sanitaartarvikud\\\/sinks-toilets-sanitary-fittings\\\/kasipumbaga-wc-pott-jabsco-regular-345-mm\\\/\"]}]},{\"@type\":\"ImageObject\",\"inLanguage\":\"et\",\"@id\":\"https:\\\/\\\/nordlinepaadid.ee\\\/et\\\/pood\\\/pumbad-ja-sanitaartarvikud\\\/sinks-toilets-sanitary-fittings\\\/kasipumbaga-wc-pott-jabsco-regular-345-mm\\\/#primaryimage\",\"url\":\"https:\\\/\\\/nordlinepaadid.ee\\\/wp-content\\\/uploads\\\/2026\\\/04\\\/9653_LMJT29120-5000-1.jpg\",\"contentUrl\":\"https:\\\/\\\/nordlinepaadid.ee\\\/wp-content\\\/uploads\\\/2026\\\/04\\\/9653_LMJT29120-5000-1.jpg\",\"width\":419,\"height\":392},{\"@type\":\"BreadcrumbList\",\"@id\":\"https:\\\/\\\/nordlinepaadid.ee\\\/et\\\/pood\\\/pumbad-ja-sanitaartarvikud\\\/sinks-toilets-sanitary-fittings\\\/kasipumbaga-wc-pott-jabsco-regular-345-mm\\\/#breadcrumb\",\"itemListElement\":[{\"@type\":\"ListItem\",\"position\":1,\"name\":\"Home\",\"item\":\"https:\\\/\\\/nordlinepaadid.ee\\\/et\\\/\"},{\"@type\":\"ListItem\",\"position\":2,\"name\":\"Pood\",\"item\":\"https:\\\/\\\/nordlinepaadid.ee\\\/et\\\/pood\\\/\"},{\"@type\":\"ListItem\",\"position\":3,\"name\":\"K\u00c4SIPUMBAGA WC POTT, JABSCO REGULAR 345 mm\"}]},{\"@type\":\"WebSite\",\"@id\":\"https:\\\/\\\/nordlinepaadid.ee\\\/et\\\/#website\",\"url\":\"https:\\\/\\\/nordlinepaadid.ee\\\/et\\\/\",\"name\":\"NORDLINE s\u00f5udepaadid ja mootorpaadid. Klaasfiiber materjalist.\",\"description\":\"\",\"publisher\":{\"@id\":\"https:\\\/\\\/nordlinepaadid.ee\\\/et\\\/#organization\"},\"potentialAction\":[{\"@type\":\"SearchAction\",\"target\":{\"@type\":\"EntryPoint\",\"urlTemplate\":\"https:\\\/\\\/nordlinepaadid.ee\\\/et\\\/?s={search_term_string}\"},\"query-input\":{\"@type\":\"PropertyValueSpecification\",\"valueRequired\":true,\"valueName\":\"search_term_string\"}}],\"inLanguage\":\"et\"},{\"@type\":\"Organization\",\"@id\":\"https:\\\/\\\/nordlinepaadid.ee\\\/et\\\/#organization\",\"name\":\"Nordlineboats\",\"url\":\"https:\\\/\\\/nordlinepaadid.ee\\\/et\\\/\",\"logo\":{\"@type\":\"ImageObject\",\"inLanguage\":\"et\",\"@id\":\"https:\\\/\\\/nordlinepaadid.ee\\\/et\\\/#\\\/schema\\\/logo\\\/image\\\/\",\"url\":\"https:\\\/\\\/nordlinepaadid.ee\\\/wp-content\\\/uploads\\\/2023\\\/01\\\/fulllogo_transparent_nobuffer-e1672750475494.png\",\"contentUrl\":\"https:\\\/\\\/nordlinepaadid.ee\\\/wp-content\\\/uploads\\\/2023\\\/01\\\/fulllogo_transparent_nobuffer-e1672750475494.png\",\"width\":150,\"height\":119,\"caption\":\"Nordlineboats\"},\"image\":{\"@id\":\"https:\\\/\\\/nordlinepaadid.ee\\\/et\\\/#\\\/schema\\\/logo\\\/image\\\/\"},\"sameAs\":[\"https:\\\/\\\/www.facebook.com\\\/nordlineboats\",\"https:\\\/\\\/www.youtube.com\\\/channel\\\/UCbgF0fy02y3QkFnujaLTaCA\"]}]}<\/script>\n<!-- \/ Yoast SEO plugin. -->","yoast_head_json":{"title":"K\u00c4SIPUMBAGA WC POTT, JABSCO REGULAR 345 mm - NORDLINE s\u00f5udepaadid ja mootorpaadid. Klaasfiiber materjalist.","robots":{"index":"index","follow":"follow","max-snippet":"max-snippet:-1","max-image-preview":"max-image-preview:large","max-video-preview":"max-video-preview:-1"},"canonical":"https:\/\/nordlinepaadid.ee\/et\/pood\/pumbad-ja-sanitaartarvikud\/sinks-toilets-sanitary-fittings\/kasipumbaga-wc-pott-jabsco-regular-345-mm\/","og_locale":"et_EE","og_type":"article","og_title":"K\u00c4SIPUMBAGA WC POTT, JABSCO REGULAR 345 mm - NORDLINE s\u00f5udepaadid ja mootorpaadid. Klaasfiiber materjalist.","og_description":"Uus Twist \u00b4n\u00b4 Lock k\u00e4epide lukustab p\u00f5hjaklapi 90\u00b0 p\u00f6\u00f6rdega, et tagada lisakaitse tagasivoolule ja tualeti tagasivoolu eest. \u2022 Moodne \u00e4\u00e4risteta disain parandab h\u00fcgieeni. \u2022 K\u00f5ik kinnitused on ettepoole v\u00f5i \u00fclespoole suunatud, et h\u00f5lbustada hooldust. \u2022 Korrosioonikindlad materjalid sobivad kasutada nii magedas kui soolases vees. Suurus L x S x K ; 45 x 41 x...","og_url":"https:\/\/nordlinepaadid.ee\/et\/pood\/pumbad-ja-sanitaartarvikud\/sinks-toilets-sanitary-fittings\/kasipumbaga-wc-pott-jabsco-regular-345-mm\/","og_site_name":"NORDLINE s\u00f5udepaadid ja mootorpaadid. Klaasfiiber materjalist.","article_publisher":"https:\/\/www.facebook.com\/nordlineboats","og_image":[{"width":419,"height":392,"url":"https:\/\/nordlinepaadid.ee\/wp-content\/uploads\/2026\/04\/9653_LMJT29120-5000-1.jpg","type":"image\/jpeg"}],"twitter_card":"summary_large_image","schema":{"@context":"https:\/\/schema.org","@graph":[{"@type":"WebPage","@id":"https:\/\/nordlinepaadid.ee\/et\/pood\/pumbad-ja-sanitaartarvikud\/sinks-toilets-sanitary-fittings\/kasipumbaga-wc-pott-jabsco-regular-345-mm\/","url":"https:\/\/nordlinepaadid.ee\/et\/pood\/pumbad-ja-sanitaartarvikud\/sinks-toilets-sanitary-fittings\/kasipumbaga-wc-pott-jabsco-regular-345-mm\/","name":"K\u00c4SIPUMBAGA WC POTT, JABSCO REGULAR 345 mm - NORDLINE s\u00f5udepaadid ja mootorpaadid. Klaasfiiber materjalist.","isPartOf":{"@id":"https:\/\/nordlinepaadid.ee\/et\/#website"},"primaryImageOfPage":{"@id":"https:\/\/nordlinepaadid.ee\/et\/pood\/pumbad-ja-sanitaartarvikud\/sinks-toilets-sanitary-fittings\/kasipumbaga-wc-pott-jabsco-regular-345-mm\/#primaryimage"},"image":{"@id":"https:\/\/nordlinepaadid.ee\/et\/pood\/pumbad-ja-sanitaartarvikud\/sinks-toilets-sanitary-fittings\/kasipumbaga-wc-pott-jabsco-regular-345-mm\/#primaryimage"},"thumbnailUrl":"https:\/\/nordlinepaadid.ee\/wp-content\/uploads\/2026\/04\/9653_LMJT29120-5000-1.jpg","datePublished":"2026-05-15T00:17:41+00:00","breadcrumb":{"@id":"https:\/\/nordlinepaadid.ee\/et\/pood\/pumbad-ja-sanitaartarvikud\/sinks-toilets-sanitary-fittings\/kasipumbaga-wc-pott-jabsco-regular-345-mm\/#breadcrumb"},"inLanguage":"et","potentialAction":[{"@type":"ReadAction","target":["https:\/\/nordlinepaadid.ee\/et\/pood\/pumbad-ja-sanitaartarvikud\/sinks-toilets-sanitary-fittings\/kasipumbaga-wc-pott-jabsco-regular-345-mm\/"]}]},{"@type":"ImageObject","inLanguage":"et","@id":"https:\/\/nordlinepaadid.ee\/et\/pood\/pumbad-ja-sanitaartarvikud\/sinks-toilets-sanitary-fittings\/kasipumbaga-wc-pott-jabsco-regular-345-mm\/#primaryimage","url":"https:\/\/nordlinepaadid.ee\/wp-content\/uploads\/2026\/04\/9653_LMJT29120-5000-1.jpg","contentUrl":"https:\/\/nordlinepaadid.ee\/wp-content\/uploads\/2026\/04\/9653_LMJT29120-5000-1.jpg","width":419,"height":392},{"@type":"BreadcrumbList","@id":"https:\/\/nordlinepaadid.ee\/et\/pood\/pumbad-ja-sanitaartarvikud\/sinks-toilets-sanitary-fittings\/kasipumbaga-wc-pott-jabsco-regular-345-mm\/#breadcrumb","itemListElement":[{"@type":"ListItem","position":1,"name":"Home","item":"https:\/\/nordlinepaadid.ee\/et\/"},{"@type":"ListItem","position":2,"name":"Pood","item":"https:\/\/nordlinepaadid.ee\/et\/pood\/"},{"@type":"ListItem","position":3,"name":"K\u00c4SIPUMBAGA WC POTT, JABSCO REGULAR 345 mm"}]},{"@type":"WebSite","@id":"https:\/\/nordlinepaadid.ee\/et\/#website","url":"https:\/\/nordlinepaadid.ee\/et\/","name":"NORDLINE s\u00f5udepaadid ja mootorpaadid. Klaasfiiber materjalist.","description":"","publisher":{"@id":"https:\/\/nordlinepaadid.ee\/et\/#organization"},"potentialAction":[{"@type":"SearchAction","target":{"@type":"EntryPoint","urlTemplate":"https:\/\/nordlinepaadid.ee\/et\/?s={search_term_string}"},"query-input":{"@type":"PropertyValueSpecification","valueRequired":true,"valueName":"search_term_string"}}],"inLanguage":"et"},{"@type":"Organization","@id":"https:\/\/nordlinepaadid.ee\/et\/#organization","name":"Nordlineboats","url":"https:\/\/nordlinepaadid.ee\/et\/","logo":{"@type":"ImageObject","inLanguage":"et","@id":"https:\/\/nordlinepaadid.ee\/et\/#\/schema\/logo\/image\/","url":"https:\/\/nordlinepaadid.ee\/wp-content\/uploads\/2023\/01\/fulllogo_transparent_nobuffer-e1672750475494.png","contentUrl":"https:\/\/nordlinepaadid.ee\/wp-content\/uploads\/2023\/01\/fulllogo_transparent_nobuffer-e1672750475494.png","width":150,"height":119,"caption":"Nordlineboats"},"image":{"@id":"https:\/\/nordlinepaadid.ee\/et\/#\/schema\/logo\/image\/"},"sameAs":["https:\/\/www.facebook.com\/nordlineboats","https:\/\/www.youtube.com\/channel\/UCbgF0fy02y3QkFnujaLTaCA"]}]}},"taxonomy_info":{"product_cat":[{"value":273,"label":"Kraanikausid, WC potid, Sanitaartarvikud"},{"value":269,"label":"PUMBAD JA SANITAARTARVIKUD"}],"pa_producer":[{"value":647,"label":"Jabsco"}],"pa_unit":[{"value":416,"label":"pcs"}]},"featured_image_src_large":["https:\/\/nordlinepaadid.ee\/wp-content\/uploads\/2026\/04\/9653_LMJT29120-5000-1.jpg",419,392,false],"author_info":[],"comment_info":"","_links":{"self":[{"href":"https:\/\/nordlinepaadid.ee\/et\/wp-json\/wp\/v2\/product\/62010","targetHints":{"allow":["GET"]}}],"collection":[{"href":"https:\/\/nordlinepaadid.ee\/et\/wp-json\/wp\/v2\/product"}],"about":[{"href":"https:\/\/nordlinepaadid.ee\/et\/wp-json\/wp\/v2\/types\/product"}],"wp:featuredmedia":[{"embeddable":true,"href":"https:\/\/nordlinepaadid.ee\/et\/wp-json\/wp\/v2\/media\/62011"}],"wp:attachment":[{"href":"https:\/\/nordlinepaadid.ee\/et\/wp-json\/wp\/v2\/media?parent=62010"}],"wp:term":[{"taxonomy":"product_brand","embeddable":true,"href":"https:\/\/nordlinepaadid.ee\/et\/wp-json\/wp\/v2\/product_brand?post=62010"},{"taxonomy":"product_cat","embeddable":true,"href":"https:\/\/nordlinepaadid.ee\/et\/wp-json\/wp\/v2\/product_cat?post=62010"},{"taxonomy":"product_tag","embeddable":true,"href":"https:\/\/nordlinepaadid.ee\/et\/wp-json\/wp\/v2\/product_tag?post=62010"}],"curies":[{"name":"wp","href":"https:\/\/api.w.org\/{rel}","templated":true}]}}