{"id":63770,"date":"2026-05-08T03:23:56","date_gmt":"2026-05-08T00:23:56","guid":{"rendered":"https:\/\/nordlinepaadid.ee\/pood\/maaratlemata\/voorimootor-minn-kota-ulterra-112-lbs-60-dsc\/"},"modified":"2026-05-08T03:23:56","modified_gmt":"2026-05-08T00:23:56","slug":"voorimootor-minn-kota-ulterra-112-lbs-60-dsc","status":"publish","type":"product","link":"https:\/\/nordlinepaadid.ee\/et\/pood\/paadimootorid\/voorimootor-minn-kota-ulterra-112-lbs-60-dsc\/","title":{"rendered":"V\u00d6\u00d6RIMOOTOR- MINN KOTA ULTERRA, 112 LBS, 60&#8243;, DSC"},"content":{"rendered":"<p style=\"text-align:justify\">&nbsp;<\/p>\n<p>&#13;<br \/>\n&#13;<\/p>\n<p style=\"text-align:justify\">Ulterra Auto Stow\/Deploy ja Power Trim on aastaid aidanud \u00f5ngitsejatel vee peal veedetud p\u00e4evadest rohkem kasu saada. N\u00fc\u00fcd on see h\u00f5lpsasti kasutatav mootor t\u00e4ielikult \u00fcmber kujundatud, et tulla toime ka karmimate tingimustega. Saate Ulterrat kokku panna, kasutusele v\u00f5tta ja trimmida kaugjuhtimispuldi v\u00f5i jalgpedaali abil, mis t\u00e4hendab, et te ei pea enam oma mootorit puudutama. Programmeeritava jalgpedaali, \u00fcmbert\u00f6\u00f6deldud mootori ja kinnitusega ning t\u00e4iustatud GPS-funktsiooniga kui kunagi varem.<\/p>\n<p>&#13;<br \/>\n&#13;<\/p>\n<p style=\"text-align:justify\">&nbsp;<\/p>\n<p>&#13;<br \/>\n&#13;<\/p>\n<ul>&#13;<\/p>\n<li style=\"text-align:justify\">Power Trim: liigutage Ulterrat \u00fcles v\u00f5i alla \u00fche nupuvajutusega \u2013 kas jalgpedaali, juhtmevaba kaugjuhtimispuldi, One-Boat Network Appi v\u00f5i Humminbirdi kalaotsija abil.<\/li>\n<p>&#13;<\/p>\n<li style=\"text-align:justify\">T\u00e4iustatud GPS-Trolling System: kalap\u00fc\u00fcgi k\u00f5ige usaldusv\u00e4\u00e4rsem navigatsioonis\u00fcsteem. M\u00e4\u00e4rake Spot-Locks, salvestage marsruute, kontrollige kiirust ja roolimist ning palju muud. Minn Kota muudab paadi positsioneerimise ja juhtimise automaatseks ning saate k\u00e4su anda Ulterra juhtmevaba kaugjuhtimispuldi h\u00f5lpsalt loetavalt LCD-ekraanilt. Minn Kota mootorite standardvarustuses on k\u00f5ik, mida vajate Humminbirdi kalaleidjatega \u00fchendamiseks.<\/li>\n<p>&#13;<\/p>\n<li style=\"text-align:justify\">Spot-Lock koos Jogiga: Spot-Lock hoiab teid paigal v\u00f5rratu GPS-i t\u00e4psusega. Spot-Lock annab teile v\u00f5imaluse p\u00fcsida iga tootliku p\u00fc\u00fcgikoha peal, ilma v\u00f6\u00f6rimootorit puudutamata.<\/li>\n<p>&#13;<\/p>\n<li style=\"text-align:justify\">Drift Mode: see uus funktsioon l\u00fclitab automaatselt sisse kiiruse ja kursijuhtimise samaaegselt, mis t\u00e4hendab, et \u00f5ngitsejad ei pea vee peal kiiruse reguleerimiseks enam s\u00f5ltuma k\u00e4sitsi juhtimisest \u2013 isegi k\u00f5ige tugevama tuule ja hoovuse korral.<\/li>\n<p>&#13;<\/p>\n<li style=\"text-align:justify\">Digital Maximizer\u2122: tagab kuni 5 korda pikema t\u00f6\u00f6aja \u00fche aku laadimisega.<\/li>\n<p>&#13;<\/p>\n<li style=\"text-align:justify\">Need v\u00f6\u00f6rimootorid v\u00f5imaldavad teil valida t\u00e4pse kiiruse ja annavad ainult nii palju v\u00f5imsust, kui vajate, aidates s\u00e4\u00e4sta teie akut terveks p\u00e4evaks. Mootori jalg on valmistatud purunematust komposiit materjalist.<\/li>\n<p>&#13;<\/p>\n<li style=\"text-align:justify\">Tootjapoolne kaheaastane garantii. L\u00fckkej\u00f5ud: 112 lbs, Toide: 36 V, Jala pikkus: 60&#8243;\/152 cm.<\/li>\n<p>&#13;\n<\/ul>\n<p>&#13;<\/p>\n<p><iframe loading=\"lazy\" allowfullscreen=\"\" frameborder=\"0\" height=\"360\" src=\"\/\/www.youtube.com\/embed\/oKwTiFlrfa8\" width=\"640\"><\/iframe><\/p>\n<p>&#13;<\/p>\n","protected":false},"excerpt":{"rendered":"<p>&nbsp; &#13; &#13; Ulterra Auto Stow\/Deploy ja Power Trim on aastaid aidanud \u00f5ngitsejatel vee peal veedetud p\u00e4evadest rohkem kasu saada. N\u00fc\u00fcd on see h\u00f5lpsasti kasutatav mootor t\u00e4ielikult \u00fcmber kujundatud, et tulla toime ka karmimate tingimustega. Saate Ulterrat kokku panna, kasutusele v\u00f5tta ja trimmida kaugjuhtimispuldi v\u00f5i jalgpedaali abil, mis t\u00e4hendab, et te ei pea enam oma&#8230;<\/p>\n","protected":false},"featured_media":43558,"template":"","meta":{"_kad_blocks_custom_css":"","_kad_blocks_head_custom_js":"","_kad_blocks_body_custom_js":"","_kad_blocks_footer_custom_js":"","_kad_post_transparent":"","_kad_post_title":"","_kad_post_layout":"","_kad_post_sidebar_id":"","_kad_post_content_style":"","_kad_post_vertical_padding":"","_kad_post_feature":"","_kad_post_feature_position":"","_kad_post_header":false,"_kad_post_footer":false,"_kad_post_classname":""},"product_brand":[],"product_cat":[343,342],"product_tag":[],"class_list":{"0":"post-63770","1":"product","2":"type-product","3":"status-publish","4":"has-post-thumbnail","6":"product_cat-elektrilised-paadimootorid","7":"product_cat-paadimootorid","8":"pa_producer-minn-kota","9":"pa_unit-pcs","10":"tm-no-options","12":"first","13":"onbackorder","14":"taxable","15":"shipping-taxable","16":"purchasable","17":"product-type-simple","18":"entry","19":"content-bg","20":"loop-entry"},"yoast_head":"<!-- This site is optimized with the Yoast SEO plugin v27.5 - https:\/\/yoast.com\/product\/yoast-seo-wordpress\/ -->\n<title>V\u00d6\u00d6RIMOOTOR- MINN KOTA ULTERRA, 112 LBS, 60&quot;, DSC - NORDLINE s\u00f5udepaadid ja mootorpaadid. Klaasfiiber materjalist.<\/title>\n<meta name=\"robots\" content=\"index, follow, max-snippet:-1, max-image-preview:large, max-video-preview:-1\" \/>\n<link rel=\"canonical\" href=\"https:\/\/nordlinepaadid.ee\/et\/pood\/paadimootorid\/voorimootor-minn-kota-ulterra-112-lbs-60-dsc\/\" \/>\n<meta property=\"og:locale\" content=\"et_EE\" \/>\n<meta property=\"og:type\" content=\"article\" \/>\n<meta property=\"og:title\" content=\"V\u00d6\u00d6RIMOOTOR- MINN KOTA ULTERRA, 112 LBS, 60&quot;, DSC - NORDLINE s\u00f5udepaadid ja mootorpaadid. Klaasfiiber materjalist.\" \/>\n<meta property=\"og:description\" content=\"&nbsp; &#013; &#013; Ulterra Auto Stow\/Deploy ja Power Trim on aastaid aidanud \u00f5ngitsejatel vee peal veedetud p\u00e4evadest rohkem kasu saada. N\u00fc\u00fcd on see h\u00f5lpsasti kasutatav mootor t\u00e4ielikult \u00fcmber kujundatud, et tulla toime ka karmimate tingimustega. Saate Ulterrat kokku panna, kasutusele v\u00f5tta ja trimmida kaugjuhtimispuldi v\u00f5i jalgpedaali abil, mis t\u00e4hendab, et te ei pea enam oma...\" \/>\n<meta property=\"og:url\" content=\"https:\/\/nordlinepaadid.ee\/et\/pood\/paadimootorid\/voorimootor-minn-kota-ulterra-112-lbs-60-dsc\/\" \/>\n<meta property=\"og:site_name\" content=\"NORDLINE s\u00f5udepaadid ja mootorpaadid. Klaasfiiber materjalist.\" \/>\n<meta property=\"article:publisher\" content=\"https:\/\/www.facebook.com\/nordlineboats\" \/>\n<meta property=\"og:image\" content=\"https:\/\/nordlinepaadid.ee\/wp-content\/uploads\/2024\/05\/10611_MK1358945-1.jpg\" \/>\n\t<meta property=\"og:image:width\" content=\"828\" \/>\n\t<meta property=\"og:image:height\" content=\"828\" \/>\n\t<meta property=\"og:image:type\" content=\"image\/webp\" \/>\n<meta name=\"twitter:card\" content=\"summary_large_image\" \/>\n<meta name=\"twitter:label1\" content=\"Est. reading time\" \/>\n\t<meta name=\"twitter:data1\" content=\"1 minut\" \/>\n<script type=\"application\/ld+json\" class=\"yoast-schema-graph\">{\"@context\":\"https:\\\/\\\/schema.org\",\"@graph\":[{\"@type\":\"WebPage\",\"@id\":\"https:\\\/\\\/nordlinepaadid.ee\\\/et\\\/pood\\\/paadimootorid\\\/voorimootor-minn-kota-ulterra-112-lbs-60-dsc\\\/\",\"url\":\"https:\\\/\\\/nordlinepaadid.ee\\\/et\\\/pood\\\/paadimootorid\\\/voorimootor-minn-kota-ulterra-112-lbs-60-dsc\\\/\",\"name\":\"V\u00d6\u00d6RIMOOTOR- MINN KOTA ULTERRA, 112 LBS, 60\\\", DSC - NORDLINE s\u00f5udepaadid ja mootorpaadid. Klaasfiiber materjalist.\",\"isPartOf\":{\"@id\":\"https:\\\/\\\/nordlinepaadid.ee\\\/et\\\/#website\"},\"primaryImageOfPage\":{\"@id\":\"https:\\\/\\\/nordlinepaadid.ee\\\/et\\\/pood\\\/paadimootorid\\\/voorimootor-minn-kota-ulterra-112-lbs-60-dsc\\\/#primaryimage\"},\"image\":{\"@id\":\"https:\\\/\\\/nordlinepaadid.ee\\\/et\\\/pood\\\/paadimootorid\\\/voorimootor-minn-kota-ulterra-112-lbs-60-dsc\\\/#primaryimage\"},\"thumbnailUrl\":\"https:\\\/\\\/nordlinepaadid.ee\\\/wp-content\\\/uploads\\\/2024\\\/05\\\/10611_MK1358945-1.jpg\",\"datePublished\":\"2026-05-08T00:23:56+00:00\",\"breadcrumb\":{\"@id\":\"https:\\\/\\\/nordlinepaadid.ee\\\/et\\\/pood\\\/paadimootorid\\\/voorimootor-minn-kota-ulterra-112-lbs-60-dsc\\\/#breadcrumb\"},\"inLanguage\":\"et\",\"potentialAction\":[{\"@type\":\"ReadAction\",\"target\":[\"https:\\\/\\\/nordlinepaadid.ee\\\/et\\\/pood\\\/paadimootorid\\\/voorimootor-minn-kota-ulterra-112-lbs-60-dsc\\\/\"]}]},{\"@type\":\"ImageObject\",\"inLanguage\":\"et\",\"@id\":\"https:\\\/\\\/nordlinepaadid.ee\\\/et\\\/pood\\\/paadimootorid\\\/voorimootor-minn-kota-ulterra-112-lbs-60-dsc\\\/#primaryimage\",\"url\":\"https:\\\/\\\/nordlinepaadid.ee\\\/wp-content\\\/uploads\\\/2024\\\/05\\\/10611_MK1358945-1.jpg\",\"contentUrl\":\"https:\\\/\\\/nordlinepaadid.ee\\\/wp-content\\\/uploads\\\/2024\\\/05\\\/10611_MK1358945-1.jpg\",\"width\":828,\"height\":828},{\"@type\":\"BreadcrumbList\",\"@id\":\"https:\\\/\\\/nordlinepaadid.ee\\\/et\\\/pood\\\/paadimootorid\\\/voorimootor-minn-kota-ulterra-112-lbs-60-dsc\\\/#breadcrumb\",\"itemListElement\":[{\"@type\":\"ListItem\",\"position\":1,\"name\":\"Home\",\"item\":\"https:\\\/\\\/nordlinepaadid.ee\\\/et\\\/\"},{\"@type\":\"ListItem\",\"position\":2,\"name\":\"Pood\",\"item\":\"https:\\\/\\\/nordlinepaadid.ee\\\/et\\\/pood\\\/\"},{\"@type\":\"ListItem\",\"position\":3,\"name\":\"V\u00d6\u00d6RIMOOTOR- MINN KOTA ULTERRA, 112 LBS, 60&#8243;, DSC\"}]},{\"@type\":\"WebSite\",\"@id\":\"https:\\\/\\\/nordlinepaadid.ee\\\/et\\\/#website\",\"url\":\"https:\\\/\\\/nordlinepaadid.ee\\\/et\\\/\",\"name\":\"NORDLINE s\u00f5udepaadid ja mootorpaadid. Klaasfiiber materjalist.\",\"description\":\"\",\"publisher\":{\"@id\":\"https:\\\/\\\/nordlinepaadid.ee\\\/et\\\/#organization\"},\"potentialAction\":[{\"@type\":\"SearchAction\",\"target\":{\"@type\":\"EntryPoint\",\"urlTemplate\":\"https:\\\/\\\/nordlinepaadid.ee\\\/et\\\/?s={search_term_string}\"},\"query-input\":{\"@type\":\"PropertyValueSpecification\",\"valueRequired\":true,\"valueName\":\"search_term_string\"}}],\"inLanguage\":\"et\"},{\"@type\":\"Organization\",\"@id\":\"https:\\\/\\\/nordlinepaadid.ee\\\/et\\\/#organization\",\"name\":\"Nordlineboats\",\"url\":\"https:\\\/\\\/nordlinepaadid.ee\\\/et\\\/\",\"logo\":{\"@type\":\"ImageObject\",\"inLanguage\":\"et\",\"@id\":\"https:\\\/\\\/nordlinepaadid.ee\\\/et\\\/#\\\/schema\\\/logo\\\/image\\\/\",\"url\":\"https:\\\/\\\/nordlinepaadid.ee\\\/wp-content\\\/uploads\\\/2023\\\/01\\\/fulllogo_transparent_nobuffer-e1672750475494.png\",\"contentUrl\":\"https:\\\/\\\/nordlinepaadid.ee\\\/wp-content\\\/uploads\\\/2023\\\/01\\\/fulllogo_transparent_nobuffer-e1672750475494.png\",\"width\":150,\"height\":119,\"caption\":\"Nordlineboats\"},\"image\":{\"@id\":\"https:\\\/\\\/nordlinepaadid.ee\\\/et\\\/#\\\/schema\\\/logo\\\/image\\\/\"},\"sameAs\":[\"https:\\\/\\\/www.facebook.com\\\/nordlineboats\",\"https:\\\/\\\/www.youtube.com\\\/channel\\\/UCbgF0fy02y3QkFnujaLTaCA\"]}]}<\/script>\n<!-- \/ Yoast SEO plugin. -->","yoast_head_json":{"title":"V\u00d6\u00d6RIMOOTOR- MINN KOTA ULTERRA, 112 LBS, 60\", DSC - NORDLINE s\u00f5udepaadid ja mootorpaadid. Klaasfiiber materjalist.","robots":{"index":"index","follow":"follow","max-snippet":"max-snippet:-1","max-image-preview":"max-image-preview:large","max-video-preview":"max-video-preview:-1"},"canonical":"https:\/\/nordlinepaadid.ee\/et\/pood\/paadimootorid\/voorimootor-minn-kota-ulterra-112-lbs-60-dsc\/","og_locale":"et_EE","og_type":"article","og_title":"V\u00d6\u00d6RIMOOTOR- MINN KOTA ULTERRA, 112 LBS, 60\", DSC - NORDLINE s\u00f5udepaadid ja mootorpaadid. Klaasfiiber materjalist.","og_description":"&nbsp; &#13; &#13; Ulterra Auto Stow\/Deploy ja Power Trim on aastaid aidanud \u00f5ngitsejatel vee peal veedetud p\u00e4evadest rohkem kasu saada. N\u00fc\u00fcd on see h\u00f5lpsasti kasutatav mootor t\u00e4ielikult \u00fcmber kujundatud, et tulla toime ka karmimate tingimustega. Saate Ulterrat kokku panna, kasutusele v\u00f5tta ja trimmida kaugjuhtimispuldi v\u00f5i jalgpedaali abil, mis t\u00e4hendab, et te ei pea enam oma...","og_url":"https:\/\/nordlinepaadid.ee\/et\/pood\/paadimootorid\/voorimootor-minn-kota-ulterra-112-lbs-60-dsc\/","og_site_name":"NORDLINE s\u00f5udepaadid ja mootorpaadid. Klaasfiiber materjalist.","article_publisher":"https:\/\/www.facebook.com\/nordlineboats","og_image":[{"width":828,"height":828,"url":"https:\/\/nordlinepaadid.ee\/wp-content\/uploads\/2024\/05\/10611_MK1358945-1.jpg","type":"image\/webp"}],"twitter_card":"summary_large_image","twitter_misc":{"Est. reading time":"1 minut"},"schema":{"@context":"https:\/\/schema.org","@graph":[{"@type":"WebPage","@id":"https:\/\/nordlinepaadid.ee\/et\/pood\/paadimootorid\/voorimootor-minn-kota-ulterra-112-lbs-60-dsc\/","url":"https:\/\/nordlinepaadid.ee\/et\/pood\/paadimootorid\/voorimootor-minn-kota-ulterra-112-lbs-60-dsc\/","name":"V\u00d6\u00d6RIMOOTOR- MINN KOTA ULTERRA, 112 LBS, 60\", DSC - NORDLINE s\u00f5udepaadid ja mootorpaadid. Klaasfiiber materjalist.","isPartOf":{"@id":"https:\/\/nordlinepaadid.ee\/et\/#website"},"primaryImageOfPage":{"@id":"https:\/\/nordlinepaadid.ee\/et\/pood\/paadimootorid\/voorimootor-minn-kota-ulterra-112-lbs-60-dsc\/#primaryimage"},"image":{"@id":"https:\/\/nordlinepaadid.ee\/et\/pood\/paadimootorid\/voorimootor-minn-kota-ulterra-112-lbs-60-dsc\/#primaryimage"},"thumbnailUrl":"https:\/\/nordlinepaadid.ee\/wp-content\/uploads\/2024\/05\/10611_MK1358945-1.jpg","datePublished":"2026-05-08T00:23:56+00:00","breadcrumb":{"@id":"https:\/\/nordlinepaadid.ee\/et\/pood\/paadimootorid\/voorimootor-minn-kota-ulterra-112-lbs-60-dsc\/#breadcrumb"},"inLanguage":"et","potentialAction":[{"@type":"ReadAction","target":["https:\/\/nordlinepaadid.ee\/et\/pood\/paadimootorid\/voorimootor-minn-kota-ulterra-112-lbs-60-dsc\/"]}]},{"@type":"ImageObject","inLanguage":"et","@id":"https:\/\/nordlinepaadid.ee\/et\/pood\/paadimootorid\/voorimootor-minn-kota-ulterra-112-lbs-60-dsc\/#primaryimage","url":"https:\/\/nordlinepaadid.ee\/wp-content\/uploads\/2024\/05\/10611_MK1358945-1.jpg","contentUrl":"https:\/\/nordlinepaadid.ee\/wp-content\/uploads\/2024\/05\/10611_MK1358945-1.jpg","width":828,"height":828},{"@type":"BreadcrumbList","@id":"https:\/\/nordlinepaadid.ee\/et\/pood\/paadimootorid\/voorimootor-minn-kota-ulterra-112-lbs-60-dsc\/#breadcrumb","itemListElement":[{"@type":"ListItem","position":1,"name":"Home","item":"https:\/\/nordlinepaadid.ee\/et\/"},{"@type":"ListItem","position":2,"name":"Pood","item":"https:\/\/nordlinepaadid.ee\/et\/pood\/"},{"@type":"ListItem","position":3,"name":"V\u00d6\u00d6RIMOOTOR- MINN KOTA ULTERRA, 112 LBS, 60&#8243;, DSC"}]},{"@type":"WebSite","@id":"https:\/\/nordlinepaadid.ee\/et\/#website","url":"https:\/\/nordlinepaadid.ee\/et\/","name":"NORDLINE s\u00f5udepaadid ja mootorpaadid. Klaasfiiber materjalist.","description":"","publisher":{"@id":"https:\/\/nordlinepaadid.ee\/et\/#organization"},"potentialAction":[{"@type":"SearchAction","target":{"@type":"EntryPoint","urlTemplate":"https:\/\/nordlinepaadid.ee\/et\/?s={search_term_string}"},"query-input":{"@type":"PropertyValueSpecification","valueRequired":true,"valueName":"search_term_string"}}],"inLanguage":"et"},{"@type":"Organization","@id":"https:\/\/nordlinepaadid.ee\/et\/#organization","name":"Nordlineboats","url":"https:\/\/nordlinepaadid.ee\/et\/","logo":{"@type":"ImageObject","inLanguage":"et","@id":"https:\/\/nordlinepaadid.ee\/et\/#\/schema\/logo\/image\/","url":"https:\/\/nordlinepaadid.ee\/wp-content\/uploads\/2023\/01\/fulllogo_transparent_nobuffer-e1672750475494.png","contentUrl":"https:\/\/nordlinepaadid.ee\/wp-content\/uploads\/2023\/01\/fulllogo_transparent_nobuffer-e1672750475494.png","width":150,"height":119,"caption":"Nordlineboats"},"image":{"@id":"https:\/\/nordlinepaadid.ee\/et\/#\/schema\/logo\/image\/"},"sameAs":["https:\/\/www.facebook.com\/nordlineboats","https:\/\/www.youtube.com\/channel\/UCbgF0fy02y3QkFnujaLTaCA"]}]}},"taxonomy_info":{"product_cat":[{"value":343,"label":"ELEKTRILISED PAADIMOOTORID"},{"value":342,"label":"PAADIMOOTORID"}],"pa_producer":[{"value":502,"label":"Minn Kota"}],"pa_unit":[{"value":416,"label":"pcs"}]},"featured_image_src_large":["https:\/\/nordlinepaadid.ee\/wp-content\/uploads\/2024\/05\/10611_MK1358945-1.jpg",828,828,false],"author_info":[],"comment_info":"","_links":{"self":[{"href":"https:\/\/nordlinepaadid.ee\/et\/wp-json\/wp\/v2\/product\/63770","targetHints":{"allow":["GET"]}}],"collection":[{"href":"https:\/\/nordlinepaadid.ee\/et\/wp-json\/wp\/v2\/product"}],"about":[{"href":"https:\/\/nordlinepaadid.ee\/et\/wp-json\/wp\/v2\/types\/product"}],"wp:featuredmedia":[{"embeddable":true,"href":"https:\/\/nordlinepaadid.ee\/et\/wp-json\/wp\/v2\/media\/43558"}],"wp:attachment":[{"href":"https:\/\/nordlinepaadid.ee\/et\/wp-json\/wp\/v2\/media?parent=63770"}],"wp:term":[{"taxonomy":"product_brand","embeddable":true,"href":"https:\/\/nordlinepaadid.ee\/et\/wp-json\/wp\/v2\/product_brand?post=63770"},{"taxonomy":"product_cat","embeddable":true,"href":"https:\/\/nordlinepaadid.ee\/et\/wp-json\/wp\/v2\/product_cat?post=63770"},{"taxonomy":"product_tag","embeddable":true,"href":"https:\/\/nordlinepaadid.ee\/et\/wp-json\/wp\/v2\/product_tag?post=63770"}],"curies":[{"name":"wp","href":"https:\/\/api.w.org\/{rel}","templated":true}]}}