{"id":63772,"date":"2026-05-08T03:23:56","date_gmt":"2026-05-08T00:23:56","guid":{"rendered":"https:\/\/nordlinepaadid.ee\/pood\/maaratlemata\/voorimootor-minn-kota-terrova-55-lbs-54-137-cm-12v\/"},"modified":"2026-05-08T03:23:57","modified_gmt":"2026-05-08T00:23:57","slug":"voorimootor-minn-kota-terrova-55-lbs-54-137-cm-12v","status":"publish","type":"product","link":"https:\/\/nordlinepaadid.ee\/et\/pood\/paadimootorid\/voorimootor-minn-kota-terrova-55-lbs-54-137-cm-12v\/","title":{"rendered":"V\u00d6\u00d6RIMOOTOR- MINN KOTA TERROVA 55 LBS, 54&#8243;\/137 CM, 12V"},"content":{"rendered":"<p style=\"text-align:justify\">Usaldusv\u00e4\u00e4rne, v\u00f5imekas ja samas mugavalt k\u00e4sitletav Minn Kota v\u00f6\u00f6rimootor. T\u00e4iustatud GPS Trolling System: kalap\u00fc\u00fcgi k\u00f5ige usaldusv\u00e4\u00e4rsem navigatsioonis\u00fcsteem. M\u00e4\u00e4rake Spot-Locks, kontrollige kiirust ja roolimist ning palju muud. Minn Kota muudab paadi positsioneerimise ja juhtimise automaatseks ning juhtimist saate \u00fcle v\u00f5tta PowerDrive&#8217;i lihtsast ja arusaadavast mikropuldist.<\/p>\n<p>&#13;<br \/>\n&#13;<\/p>\n<p style=\"text-align:justify\">&nbsp;<\/p>\n<p>&#13;<br \/>\n&#13;<\/p>\n<ul>&#13;<\/p>\n<li style=\"text-align:justify\">Osa \u00fchepaadiv\u00f5rgust: Minn Kota mootorite standardvarustuses on k\u00f5ik, mida vajate valitud Humminbirdi kalaleidjatega \u00fchendamiseks. \u00dchendage ja juhtige oma trollimismootorit, madalas vees ankrut ja kalaleidjat Apple\u00ae- v\u00f5i Android\u2122-seadmetes One-Boat Network Appi kaudu.<\/li>\n<p>&#13;<\/p>\n<li style=\"text-align:justify\">Spot-Lock koos Jogiga: Spot-Lock hoiab teid paigal v\u00f5rratu GPS-i t\u00e4psusega. Spot-Lock annab teile v\u00f5imaluse p\u00fcsida iga tootliku p\u00fc\u00fcgikoha peal, ilma v\u00f6\u00f6rimootorit puudutamata.<\/li>\n<p>&#13;<\/p>\n<li style=\"text-align:justify\">Drift Mode: see uus funktsioon l\u00fclitab automaatselt sisse kiiruse ja kursijuhtimise samaaegselt, mis t\u00e4hendab, et \u00f5ngitsejad ei pea vee peal kiiruse reguleerimiseks enam s\u00f5ltuma k\u00e4sitsi juhtimisest \u2013 isegi k\u00f5ige tugevama tuule ja hoovuse korral.<\/li>\n<p>&#13;<\/p>\n<li style=\"text-align:justify\">Digital Maximizer\u2122: tagab kuni 5 korda pikema t\u00f6\u00f6aja \u00fche aku laadimisega. Need v\u00f6\u00f6rimootorid v\u00f5imaldavad teil valida t\u00e4pse kiiruse ja annavad ainult nii palju v\u00f5imsust, kui vajate, aidates s\u00e4\u00e4sta teie akut terveks p\u00e4evaks.<\/li>\n<p>&#13;<\/p>\n<li style=\"text-align:justify\">Heel-Toe Electric Foot Pedaal: Madala profiiliga disain pakub kahte juhtimisv\u00f5imalust: kanna\/varba pedaal ja vasak-\/parempoolsed roolinupud. Mootori jalg on valmistatud purunematust komposiit materjalist.<\/li>\n<p>&#13;<\/p>\n<li style=\"text-align:justify\">Tootjapoolne kaheaastane garantii.<\/li>\n<p>&#13;<\/p>\n<li style=\"text-align:justify\">L\u00fckkej\u00f5ud: 55 lbs, Toide: 12 V, Jala pikkus: 54&#8243;\/137 cm.<\/li>\n<p>&#13;\n<\/ul>\n<p>&#13;<\/p>\n<p><iframe loading=\"lazy\" allowfullscreen=\"\" frameborder=\"0\" height=\"360\" src=\"\/\/www.youtube.com\/embed\/ioh3LHGN4PM\" width=\"640\"><\/iframe><\/p>\n<p>&#13;<\/p>\n","protected":false},"excerpt":{"rendered":"<p>Usaldusv\u00e4\u00e4rne, v\u00f5imekas ja samas mugavalt k\u00e4sitletav Minn Kota v\u00f6\u00f6rimootor. T\u00e4iustatud GPS Trolling System: kalap\u00fc\u00fcgi k\u00f5ige usaldusv\u00e4\u00e4rsem navigatsioonis\u00fcsteem. M\u00e4\u00e4rake Spot-Locks, kontrollige kiirust ja roolimist ning palju muud. Minn Kota muudab paadi positsioneerimise ja juhtimise automaatseks ning juhtimist saate \u00fcle v\u00f5tta PowerDrive&#8217;i lihtsast ja arusaadavast mikropuldist. &#13; &#13; &nbsp; &#13; &#13; &#13; Osa \u00fchepaadiv\u00f5rgust: Minn Kota mootorite&#8230;<\/p>\n","protected":false},"featured_media":43572,"template":"","meta":{"_kad_blocks_custom_css":"","_kad_blocks_head_custom_js":"","_kad_blocks_body_custom_js":"","_kad_blocks_footer_custom_js":"","_kad_post_transparent":"","_kad_post_title":"","_kad_post_layout":"","_kad_post_sidebar_id":"","_kad_post_content_style":"","_kad_post_vertical_padding":"","_kad_post_feature":"","_kad_post_feature_position":"","_kad_post_header":false,"_kad_post_footer":false,"_kad_post_classname":""},"product_brand":[],"product_cat":[343,342],"product_tag":[],"class_list":{"0":"post-63772","1":"product","2":"type-product","3":"status-publish","4":"has-post-thumbnail","6":"product_cat-elektrilised-paadimootorid","7":"product_cat-paadimootorid","8":"pa_producer-minn-kota","9":"pa_unit-pcs","10":"tm-no-options","12":"first","13":"instock","14":"sale","15":"taxable","16":"shipping-taxable","17":"purchasable","18":"product-type-simple","19":"entry","20":"content-bg","21":"loop-entry"},"yoast_head":"<!-- This site is optimized with the Yoast SEO plugin v27.5 - https:\/\/yoast.com\/product\/yoast-seo-wordpress\/ -->\n<title>V\u00d6\u00d6RIMOOTOR- MINN KOTA TERROVA 55 LBS, 54&quot;\/137 CM, 12V - NORDLINE s\u00f5udepaadid ja mootorpaadid. Klaasfiiber materjalist.<\/title>\n<meta name=\"robots\" content=\"index, follow, max-snippet:-1, max-image-preview:large, max-video-preview:-1\" \/>\n<link rel=\"canonical\" href=\"https:\/\/nordlinepaadid.ee\/et\/pood\/paadimootorid\/voorimootor-minn-kota-terrova-55-lbs-54-137-cm-12v\/\" \/>\n<meta property=\"og:locale\" content=\"et_EE\" \/>\n<meta property=\"og:type\" content=\"article\" \/>\n<meta property=\"og:title\" content=\"V\u00d6\u00d6RIMOOTOR- MINN KOTA TERROVA 55 LBS, 54&quot;\/137 CM, 12V - NORDLINE s\u00f5udepaadid ja mootorpaadid. Klaasfiiber materjalist.\" \/>\n<meta property=\"og:description\" content=\"Usaldusv\u00e4\u00e4rne, v\u00f5imekas ja samas mugavalt k\u00e4sitletav Minn Kota v\u00f6\u00f6rimootor. T\u00e4iustatud GPS Trolling System: kalap\u00fc\u00fcgi k\u00f5ige usaldusv\u00e4\u00e4rsem navigatsioonis\u00fcsteem. M\u00e4\u00e4rake Spot-Locks, kontrollige kiirust ja roolimist ning palju muud. Minn Kota muudab paadi positsioneerimise ja juhtimise automaatseks ning juhtimist saate \u00fcle v\u00f5tta PowerDrive&#8217;i lihtsast ja arusaadavast mikropuldist. &#013; &#013; &nbsp; &#013; &#013; &#013; Osa \u00fchepaadiv\u00f5rgust: Minn Kota mootorite...\" \/>\n<meta property=\"og:url\" content=\"https:\/\/nordlinepaadid.ee\/et\/pood\/paadimootorid\/voorimootor-minn-kota-terrova-55-lbs-54-137-cm-12v\/\" \/>\n<meta property=\"og:site_name\" content=\"NORDLINE s\u00f5udepaadid ja mootorpaadid. Klaasfiiber materjalist.\" \/>\n<meta property=\"article:publisher\" content=\"https:\/\/www.facebook.com\/nordlineboats\" \/>\n<meta property=\"article:modified_time\" content=\"2026-05-08T00:23:57+00:00\" \/>\n<meta property=\"og:image\" content=\"https:\/\/nordlinepaadid.ee\/wp-content\/uploads\/2024\/05\/10652_1358350-1.jpg\" \/>\n\t<meta property=\"og:image:width\" content=\"828\" \/>\n\t<meta property=\"og:image:height\" content=\"828\" \/>\n\t<meta property=\"og:image:type\" content=\"image\/webp\" \/>\n<meta name=\"twitter:card\" content=\"summary_large_image\" \/>\n<meta name=\"twitter:label1\" content=\"Est. reading time\" \/>\n\t<meta name=\"twitter:data1\" content=\"1 minut\" \/>\n<script type=\"application\/ld+json\" class=\"yoast-schema-graph\">{\"@context\":\"https:\\\/\\\/schema.org\",\"@graph\":[{\"@type\":\"WebPage\",\"@id\":\"https:\\\/\\\/nordlinepaadid.ee\\\/et\\\/pood\\\/paadimootorid\\\/voorimootor-minn-kota-terrova-55-lbs-54-137-cm-12v\\\/\",\"url\":\"https:\\\/\\\/nordlinepaadid.ee\\\/et\\\/pood\\\/paadimootorid\\\/voorimootor-minn-kota-terrova-55-lbs-54-137-cm-12v\\\/\",\"name\":\"V\u00d6\u00d6RIMOOTOR- MINN KOTA TERROVA 55 LBS, 54\\\"\\\/137 CM, 12V - NORDLINE s\u00f5udepaadid ja mootorpaadid. Klaasfiiber materjalist.\",\"isPartOf\":{\"@id\":\"https:\\\/\\\/nordlinepaadid.ee\\\/et\\\/#website\"},\"primaryImageOfPage\":{\"@id\":\"https:\\\/\\\/nordlinepaadid.ee\\\/et\\\/pood\\\/paadimootorid\\\/voorimootor-minn-kota-terrova-55-lbs-54-137-cm-12v\\\/#primaryimage\"},\"image\":{\"@id\":\"https:\\\/\\\/nordlinepaadid.ee\\\/et\\\/pood\\\/paadimootorid\\\/voorimootor-minn-kota-terrova-55-lbs-54-137-cm-12v\\\/#primaryimage\"},\"thumbnailUrl\":\"https:\\\/\\\/nordlinepaadid.ee\\\/wp-content\\\/uploads\\\/2024\\\/05\\\/10652_1358350-1.jpg\",\"datePublished\":\"2026-05-08T00:23:56+00:00\",\"dateModified\":\"2026-05-08T00:23:57+00:00\",\"breadcrumb\":{\"@id\":\"https:\\\/\\\/nordlinepaadid.ee\\\/et\\\/pood\\\/paadimootorid\\\/voorimootor-minn-kota-terrova-55-lbs-54-137-cm-12v\\\/#breadcrumb\"},\"inLanguage\":\"et\",\"potentialAction\":[{\"@type\":\"ReadAction\",\"target\":[\"https:\\\/\\\/nordlinepaadid.ee\\\/et\\\/pood\\\/paadimootorid\\\/voorimootor-minn-kota-terrova-55-lbs-54-137-cm-12v\\\/\"]}]},{\"@type\":\"ImageObject\",\"inLanguage\":\"et\",\"@id\":\"https:\\\/\\\/nordlinepaadid.ee\\\/et\\\/pood\\\/paadimootorid\\\/voorimootor-minn-kota-terrova-55-lbs-54-137-cm-12v\\\/#primaryimage\",\"url\":\"https:\\\/\\\/nordlinepaadid.ee\\\/wp-content\\\/uploads\\\/2024\\\/05\\\/10652_1358350-1.jpg\",\"contentUrl\":\"https:\\\/\\\/nordlinepaadid.ee\\\/wp-content\\\/uploads\\\/2024\\\/05\\\/10652_1358350-1.jpg\",\"width\":828,\"height\":828},{\"@type\":\"BreadcrumbList\",\"@id\":\"https:\\\/\\\/nordlinepaadid.ee\\\/et\\\/pood\\\/paadimootorid\\\/voorimootor-minn-kota-terrova-55-lbs-54-137-cm-12v\\\/#breadcrumb\",\"itemListElement\":[{\"@type\":\"ListItem\",\"position\":1,\"name\":\"Home\",\"item\":\"https:\\\/\\\/nordlinepaadid.ee\\\/et\\\/\"},{\"@type\":\"ListItem\",\"position\":2,\"name\":\"Pood\",\"item\":\"https:\\\/\\\/nordlinepaadid.ee\\\/et\\\/pood\\\/\"},{\"@type\":\"ListItem\",\"position\":3,\"name\":\"V\u00d6\u00d6RIMOOTOR- MINN KOTA TERROVA 55 LBS, 54&#8243;\\\/137 CM, 12V\"}]},{\"@type\":\"WebSite\",\"@id\":\"https:\\\/\\\/nordlinepaadid.ee\\\/et\\\/#website\",\"url\":\"https:\\\/\\\/nordlinepaadid.ee\\\/et\\\/\",\"name\":\"NORDLINE s\u00f5udepaadid ja mootorpaadid. Klaasfiiber materjalist.\",\"description\":\"\",\"publisher\":{\"@id\":\"https:\\\/\\\/nordlinepaadid.ee\\\/et\\\/#organization\"},\"potentialAction\":[{\"@type\":\"SearchAction\",\"target\":{\"@type\":\"EntryPoint\",\"urlTemplate\":\"https:\\\/\\\/nordlinepaadid.ee\\\/et\\\/?s={search_term_string}\"},\"query-input\":{\"@type\":\"PropertyValueSpecification\",\"valueRequired\":true,\"valueName\":\"search_term_string\"}}],\"inLanguage\":\"et\"},{\"@type\":\"Organization\",\"@id\":\"https:\\\/\\\/nordlinepaadid.ee\\\/et\\\/#organization\",\"name\":\"Nordlineboats\",\"url\":\"https:\\\/\\\/nordlinepaadid.ee\\\/et\\\/\",\"logo\":{\"@type\":\"ImageObject\",\"inLanguage\":\"et\",\"@id\":\"https:\\\/\\\/nordlinepaadid.ee\\\/et\\\/#\\\/schema\\\/logo\\\/image\\\/\",\"url\":\"https:\\\/\\\/nordlinepaadid.ee\\\/wp-content\\\/uploads\\\/2023\\\/01\\\/fulllogo_transparent_nobuffer-e1672750475494.png\",\"contentUrl\":\"https:\\\/\\\/nordlinepaadid.ee\\\/wp-content\\\/uploads\\\/2023\\\/01\\\/fulllogo_transparent_nobuffer-e1672750475494.png\",\"width\":150,\"height\":119,\"caption\":\"Nordlineboats\"},\"image\":{\"@id\":\"https:\\\/\\\/nordlinepaadid.ee\\\/et\\\/#\\\/schema\\\/logo\\\/image\\\/\"},\"sameAs\":[\"https:\\\/\\\/www.facebook.com\\\/nordlineboats\",\"https:\\\/\\\/www.youtube.com\\\/channel\\\/UCbgF0fy02y3QkFnujaLTaCA\"]}]}<\/script>\n<!-- \/ Yoast SEO plugin. -->","yoast_head_json":{"title":"V\u00d6\u00d6RIMOOTOR- MINN KOTA TERROVA 55 LBS, 54\"\/137 CM, 12V - NORDLINE s\u00f5udepaadid ja mootorpaadid. Klaasfiiber materjalist.","robots":{"index":"index","follow":"follow","max-snippet":"max-snippet:-1","max-image-preview":"max-image-preview:large","max-video-preview":"max-video-preview:-1"},"canonical":"https:\/\/nordlinepaadid.ee\/et\/pood\/paadimootorid\/voorimootor-minn-kota-terrova-55-lbs-54-137-cm-12v\/","og_locale":"et_EE","og_type":"article","og_title":"V\u00d6\u00d6RIMOOTOR- MINN KOTA TERROVA 55 LBS, 54\"\/137 CM, 12V - NORDLINE s\u00f5udepaadid ja mootorpaadid. Klaasfiiber materjalist.","og_description":"Usaldusv\u00e4\u00e4rne, v\u00f5imekas ja samas mugavalt k\u00e4sitletav Minn Kota v\u00f6\u00f6rimootor. T\u00e4iustatud GPS Trolling System: kalap\u00fc\u00fcgi k\u00f5ige usaldusv\u00e4\u00e4rsem navigatsioonis\u00fcsteem. M\u00e4\u00e4rake Spot-Locks, kontrollige kiirust ja roolimist ning palju muud. Minn Kota muudab paadi positsioneerimise ja juhtimise automaatseks ning juhtimist saate \u00fcle v\u00f5tta PowerDrive&#8217;i lihtsast ja arusaadavast mikropuldist. &#13; &#13; &nbsp; &#13; &#13; &#13; Osa \u00fchepaadiv\u00f5rgust: Minn Kota mootorite...","og_url":"https:\/\/nordlinepaadid.ee\/et\/pood\/paadimootorid\/voorimootor-minn-kota-terrova-55-lbs-54-137-cm-12v\/","og_site_name":"NORDLINE s\u00f5udepaadid ja mootorpaadid. Klaasfiiber materjalist.","article_publisher":"https:\/\/www.facebook.com\/nordlineboats","article_modified_time":"2026-05-08T00:23:57+00:00","og_image":[{"width":828,"height":828,"url":"https:\/\/nordlinepaadid.ee\/wp-content\/uploads\/2024\/05\/10652_1358350-1.jpg","type":"image\/webp"}],"twitter_card":"summary_large_image","twitter_misc":{"Est. reading time":"1 minut"},"schema":{"@context":"https:\/\/schema.org","@graph":[{"@type":"WebPage","@id":"https:\/\/nordlinepaadid.ee\/et\/pood\/paadimootorid\/voorimootor-minn-kota-terrova-55-lbs-54-137-cm-12v\/","url":"https:\/\/nordlinepaadid.ee\/et\/pood\/paadimootorid\/voorimootor-minn-kota-terrova-55-lbs-54-137-cm-12v\/","name":"V\u00d6\u00d6RIMOOTOR- MINN KOTA TERROVA 55 LBS, 54\"\/137 CM, 12V - NORDLINE s\u00f5udepaadid ja mootorpaadid. Klaasfiiber materjalist.","isPartOf":{"@id":"https:\/\/nordlinepaadid.ee\/et\/#website"},"primaryImageOfPage":{"@id":"https:\/\/nordlinepaadid.ee\/et\/pood\/paadimootorid\/voorimootor-minn-kota-terrova-55-lbs-54-137-cm-12v\/#primaryimage"},"image":{"@id":"https:\/\/nordlinepaadid.ee\/et\/pood\/paadimootorid\/voorimootor-minn-kota-terrova-55-lbs-54-137-cm-12v\/#primaryimage"},"thumbnailUrl":"https:\/\/nordlinepaadid.ee\/wp-content\/uploads\/2024\/05\/10652_1358350-1.jpg","datePublished":"2026-05-08T00:23:56+00:00","dateModified":"2026-05-08T00:23:57+00:00","breadcrumb":{"@id":"https:\/\/nordlinepaadid.ee\/et\/pood\/paadimootorid\/voorimootor-minn-kota-terrova-55-lbs-54-137-cm-12v\/#breadcrumb"},"inLanguage":"et","potentialAction":[{"@type":"ReadAction","target":["https:\/\/nordlinepaadid.ee\/et\/pood\/paadimootorid\/voorimootor-minn-kota-terrova-55-lbs-54-137-cm-12v\/"]}]},{"@type":"ImageObject","inLanguage":"et","@id":"https:\/\/nordlinepaadid.ee\/et\/pood\/paadimootorid\/voorimootor-minn-kota-terrova-55-lbs-54-137-cm-12v\/#primaryimage","url":"https:\/\/nordlinepaadid.ee\/wp-content\/uploads\/2024\/05\/10652_1358350-1.jpg","contentUrl":"https:\/\/nordlinepaadid.ee\/wp-content\/uploads\/2024\/05\/10652_1358350-1.jpg","width":828,"height":828},{"@type":"BreadcrumbList","@id":"https:\/\/nordlinepaadid.ee\/et\/pood\/paadimootorid\/voorimootor-minn-kota-terrova-55-lbs-54-137-cm-12v\/#breadcrumb","itemListElement":[{"@type":"ListItem","position":1,"name":"Home","item":"https:\/\/nordlinepaadid.ee\/et\/"},{"@type":"ListItem","position":2,"name":"Pood","item":"https:\/\/nordlinepaadid.ee\/et\/pood\/"},{"@type":"ListItem","position":3,"name":"V\u00d6\u00d6RIMOOTOR- MINN KOTA TERROVA 55 LBS, 54&#8243;\/137 CM, 12V"}]},{"@type":"WebSite","@id":"https:\/\/nordlinepaadid.ee\/et\/#website","url":"https:\/\/nordlinepaadid.ee\/et\/","name":"NORDLINE s\u00f5udepaadid ja mootorpaadid. Klaasfiiber materjalist.","description":"","publisher":{"@id":"https:\/\/nordlinepaadid.ee\/et\/#organization"},"potentialAction":[{"@type":"SearchAction","target":{"@type":"EntryPoint","urlTemplate":"https:\/\/nordlinepaadid.ee\/et\/?s={search_term_string}"},"query-input":{"@type":"PropertyValueSpecification","valueRequired":true,"valueName":"search_term_string"}}],"inLanguage":"et"},{"@type":"Organization","@id":"https:\/\/nordlinepaadid.ee\/et\/#organization","name":"Nordlineboats","url":"https:\/\/nordlinepaadid.ee\/et\/","logo":{"@type":"ImageObject","inLanguage":"et","@id":"https:\/\/nordlinepaadid.ee\/et\/#\/schema\/logo\/image\/","url":"https:\/\/nordlinepaadid.ee\/wp-content\/uploads\/2023\/01\/fulllogo_transparent_nobuffer-e1672750475494.png","contentUrl":"https:\/\/nordlinepaadid.ee\/wp-content\/uploads\/2023\/01\/fulllogo_transparent_nobuffer-e1672750475494.png","width":150,"height":119,"caption":"Nordlineboats"},"image":{"@id":"https:\/\/nordlinepaadid.ee\/et\/#\/schema\/logo\/image\/"},"sameAs":["https:\/\/www.facebook.com\/nordlineboats","https:\/\/www.youtube.com\/channel\/UCbgF0fy02y3QkFnujaLTaCA"]}]}},"taxonomy_info":{"product_cat":[{"value":343,"label":"ELEKTRILISED PAADIMOOTORID"},{"value":342,"label":"PAADIMOOTORID"}],"pa_producer":[{"value":502,"label":"Minn Kota"}],"pa_unit":[{"value":416,"label":"pcs"}]},"featured_image_src_large":["https:\/\/nordlinepaadid.ee\/wp-content\/uploads\/2024\/05\/10652_1358350-1.jpg",828,828,false],"author_info":[],"comment_info":"","_links":{"self":[{"href":"https:\/\/nordlinepaadid.ee\/et\/wp-json\/wp\/v2\/product\/63772","targetHints":{"allow":["GET"]}}],"collection":[{"href":"https:\/\/nordlinepaadid.ee\/et\/wp-json\/wp\/v2\/product"}],"about":[{"href":"https:\/\/nordlinepaadid.ee\/et\/wp-json\/wp\/v2\/types\/product"}],"wp:featuredmedia":[{"embeddable":true,"href":"https:\/\/nordlinepaadid.ee\/et\/wp-json\/wp\/v2\/media\/43572"}],"wp:attachment":[{"href":"https:\/\/nordlinepaadid.ee\/et\/wp-json\/wp\/v2\/media?parent=63772"}],"wp:term":[{"taxonomy":"product_brand","embeddable":true,"href":"https:\/\/nordlinepaadid.ee\/et\/wp-json\/wp\/v2\/product_brand?post=63772"},{"taxonomy":"product_cat","embeddable":true,"href":"https:\/\/nordlinepaadid.ee\/et\/wp-json\/wp\/v2\/product_cat?post=63772"},{"taxonomy":"product_tag","embeddable":true,"href":"https:\/\/nordlinepaadid.ee\/et\/wp-json\/wp\/v2\/product_tag?post=63772"}],"curies":[{"name":"wp","href":"https:\/\/api.w.org\/{rel}","templated":true}]}}