{"id":63825,"date":"2026-04-17T19:04:39","date_gmt":"2026-04-17T16:04:39","guid":{"rendered":"https:\/\/nordlinepaadid.ee\/pood\/maaratlemata\/veekindel-kott-mobiiltelefonile-fidlock-203-x-148-mm-3\/"},"modified":"2026-04-17T19:04:39","modified_gmt":"2026-04-17T16:04:39","slug":"veekindel-kott-mobiiltelefonile-fidlock-203-x-148-mm-3","status":"publish","type":"product","link":"https:\/\/nordlinepaadid.ee\/et\/pood\/ru-marine-clothing-and-shoes\/ru-watertight-bags-other-bags\/veekindel-kott-mobiiltelefonile-fidlock-203-x-148-mm-3\/","title":{"rendered":"VEEKINDEL KOTT MOBIILTELEFONILE, FIDLOCK, 203 x 148 mm"},"content":{"rendered":"<p>Fidlock hermeetiline ja GOOPER\u00ae tehnoloogial p\u00f5hinev veekindel kott telefonile. Magneetiline koti sulgur. 100 % vee- ja liivakindel. Samuti sobib kott suurep\u00e4raselt ka reisidokumentide, krediitkaartide ja muu dokumentatsiooni turvaliseks ja kuivaks hoidmiseks. Kaasasolev kaelarihm muudab selle kuiva koti vajadusel ka rinnakotiks. Rannas v\u00f5i vee peal l\u00f5butsedes v\u00f5ite alati olla kindel, et see kott hoiab k\u00f5ik asjad vee ja tolmu eest kaitstuna. Koti materjal tagab telefoni puutetundlikkuse. Koti v\u00e4lism\u00f5\u00f5dud: 148 x 203 x 9 mm. Koti sisem\u00f5\u00f5dud: 110 x 180 mm.<\/p>\n<p>&#13;<\/p>\n<p><iframe loading=\"lazy\" allowfullscreen=\"\" frameborder=\"0\" height=\"360\" src=\"\/\/www.youtube.com\/embed\/7hm5BXcrzn4\" width=\"640\"><\/iframe><\/p>\n<p>&#13;<\/p>\n","protected":false},"excerpt":{"rendered":"<p>Fidlock hermeetiline ja GOOPER\u00ae tehnoloogial p\u00f5hinev veekindel kott telefonile. Magneetiline koti sulgur. 100 % vee- ja liivakindel. Samuti sobib kott suurep\u00e4raselt ka reisidokumentide, krediitkaartide ja muu dokumentatsiooni turvaliseks ja kuivaks hoidmiseks. Kaasasolev kaelarihm muudab selle kuiva koti vajadusel ka rinnakotiks. Rannas v\u00f5i vee peal l\u00f5butsedes v\u00f5ite alati olla kindel, et see kott hoiab k\u00f5ik asjad&#8230;<\/p>\n","protected":false},"featured_media":43720,"template":"","meta":{"_kad_blocks_custom_css":"","_kad_blocks_head_custom_js":"","_kad_blocks_body_custom_js":"","_kad_blocks_footer_custom_js":"","_kad_post_transparent":"","_kad_post_title":"","_kad_post_layout":"","_kad_post_sidebar_id":"","_kad_post_content_style":"","_kad_post_vertical_padding":"","_kad_post_feature":"","_kad_post_feature_position":"","_kad_post_header":false,"_kad_post_footer":false,"_kad_post_classname":""},"product_brand":[],"product_cat":[232,330,879],"product_tag":[],"class_list":{"0":"post-63825","1":"product","2":"type-product","3":"status-publish","4":"has-post-thumbnail","6":"product_cat-marine-clothing-and-shoes","7":"product_cat-veekindlad-kotid-seljakotid","8":"product_cat-ru-watertight-bags-other-bags","9":"pa_color-labipaistev-oranzh","10":"pa_producer-fidlock","11":"pa_unit-pcs","12":"tm-no-options","14":"first","15":"instock","16":"taxable","17":"shipping-taxable","18":"purchasable","19":"product-type-simple","20":"entry","21":"content-bg","22":"loop-entry"},"yoast_head":"<!-- This site is optimized with the Yoast SEO plugin v27.4 - https:\/\/yoast.com\/product\/yoast-seo-wordpress\/ -->\n<title>VEEKINDEL KOTT MOBIILTELEFONILE, FIDLOCK, 203 x 148 mm - NORDLINE s\u00f5udepaadid ja mootorpaadid. Klaasfiiber materjalist.<\/title>\n<meta name=\"robots\" content=\"index, follow, max-snippet:-1, max-image-preview:large, max-video-preview:-1\" \/>\n<link rel=\"canonical\" href=\"https:\/\/nordlinepaadid.ee\/et\/pood\/ru-marine-clothing-and-shoes\/ru-watertight-bags-other-bags\/veekindel-kott-mobiiltelefonile-fidlock-203-x-148-mm-3\/\" \/>\n<meta property=\"og:locale\" content=\"et_EE\" \/>\n<meta property=\"og:type\" content=\"article\" \/>\n<meta property=\"og:title\" content=\"VEEKINDEL KOTT MOBIILTELEFONILE, FIDLOCK, 203 x 148 mm - NORDLINE s\u00f5udepaadid ja mootorpaadid. Klaasfiiber materjalist.\" \/>\n<meta property=\"og:description\" content=\"Fidlock hermeetiline ja GOOPER\u00ae tehnoloogial p\u00f5hinev veekindel kott telefonile. Magneetiline koti sulgur. 100 % vee- ja liivakindel. Samuti sobib kott suurep\u00e4raselt ka reisidokumentide, krediitkaartide ja muu dokumentatsiooni turvaliseks ja kuivaks hoidmiseks. Kaasasolev kaelarihm muudab selle kuiva koti vajadusel ka rinnakotiks. Rannas v\u00f5i vee peal l\u00f5butsedes v\u00f5ite alati olla kindel, et see kott hoiab k\u00f5ik asjad...\" \/>\n<meta property=\"og:url\" content=\"https:\/\/nordlinepaadid.ee\/et\/pood\/ru-marine-clothing-and-shoes\/ru-watertight-bags-other-bags\/veekindel-kott-mobiiltelefonile-fidlock-203-x-148-mm-3\/\" \/>\n<meta property=\"og:site_name\" content=\"NORDLINE s\u00f5udepaadid ja mootorpaadid. Klaasfiiber materjalist.\" \/>\n<meta property=\"article:publisher\" content=\"https:\/\/www.facebook.com\/nordlineboats\" \/>\n<meta property=\"og:image\" content=\"https:\/\/nordlinepaadid.ee\/wp-content\/uploads\/2024\/05\/10690_fidlock_hermetic_drybag_medi_orange.jpg\" \/>\n\t<meta property=\"og:image:width\" content=\"567\" \/>\n\t<meta property=\"og:image:height\" content=\"567\" \/>\n\t<meta property=\"og:image:type\" content=\"image\/jpeg\" \/>\n<meta name=\"twitter:card\" content=\"summary_large_image\" \/>\n<script type=\"application\/ld+json\" class=\"yoast-schema-graph\">{\"@context\":\"https:\\\/\\\/schema.org\",\"@graph\":[{\"@type\":\"WebPage\",\"@id\":\"https:\\\/\\\/nordlinepaadid.ee\\\/et\\\/pood\\\/ru-marine-clothing-and-shoes\\\/ru-watertight-bags-other-bags\\\/veekindel-kott-mobiiltelefonile-fidlock-203-x-148-mm-3\\\/\",\"url\":\"https:\\\/\\\/nordlinepaadid.ee\\\/et\\\/pood\\\/ru-marine-clothing-and-shoes\\\/ru-watertight-bags-other-bags\\\/veekindel-kott-mobiiltelefonile-fidlock-203-x-148-mm-3\\\/\",\"name\":\"VEEKINDEL KOTT MOBIILTELEFONILE, FIDLOCK, 203 x 148 mm - NORDLINE s\u00f5udepaadid ja mootorpaadid. Klaasfiiber materjalist.\",\"isPartOf\":{\"@id\":\"https:\\\/\\\/nordlinepaadid.ee\\\/et\\\/#website\"},\"primaryImageOfPage\":{\"@id\":\"https:\\\/\\\/nordlinepaadid.ee\\\/et\\\/pood\\\/ru-marine-clothing-and-shoes\\\/ru-watertight-bags-other-bags\\\/veekindel-kott-mobiiltelefonile-fidlock-203-x-148-mm-3\\\/#primaryimage\"},\"image\":{\"@id\":\"https:\\\/\\\/nordlinepaadid.ee\\\/et\\\/pood\\\/ru-marine-clothing-and-shoes\\\/ru-watertight-bags-other-bags\\\/veekindel-kott-mobiiltelefonile-fidlock-203-x-148-mm-3\\\/#primaryimage\"},\"thumbnailUrl\":\"https:\\\/\\\/nordlinepaadid.ee\\\/wp-content\\\/uploads\\\/2024\\\/05\\\/10690_fidlock_hermetic_drybag_medi_orange.jpg\",\"datePublished\":\"2026-04-17T16:04:39+00:00\",\"breadcrumb\":{\"@id\":\"https:\\\/\\\/nordlinepaadid.ee\\\/et\\\/pood\\\/ru-marine-clothing-and-shoes\\\/ru-watertight-bags-other-bags\\\/veekindel-kott-mobiiltelefonile-fidlock-203-x-148-mm-3\\\/#breadcrumb\"},\"inLanguage\":\"et\",\"potentialAction\":[{\"@type\":\"ReadAction\",\"target\":[\"https:\\\/\\\/nordlinepaadid.ee\\\/et\\\/pood\\\/ru-marine-clothing-and-shoes\\\/ru-watertight-bags-other-bags\\\/veekindel-kott-mobiiltelefonile-fidlock-203-x-148-mm-3\\\/\"]}]},{\"@type\":\"ImageObject\",\"inLanguage\":\"et\",\"@id\":\"https:\\\/\\\/nordlinepaadid.ee\\\/et\\\/pood\\\/ru-marine-clothing-and-shoes\\\/ru-watertight-bags-other-bags\\\/veekindel-kott-mobiiltelefonile-fidlock-203-x-148-mm-3\\\/#primaryimage\",\"url\":\"https:\\\/\\\/nordlinepaadid.ee\\\/wp-content\\\/uploads\\\/2024\\\/05\\\/10690_fidlock_hermetic_drybag_medi_orange.jpg\",\"contentUrl\":\"https:\\\/\\\/nordlinepaadid.ee\\\/wp-content\\\/uploads\\\/2024\\\/05\\\/10690_fidlock_hermetic_drybag_medi_orange.jpg\",\"width\":567,\"height\":567},{\"@type\":\"BreadcrumbList\",\"@id\":\"https:\\\/\\\/nordlinepaadid.ee\\\/et\\\/pood\\\/ru-marine-clothing-and-shoes\\\/ru-watertight-bags-other-bags\\\/veekindel-kott-mobiiltelefonile-fidlock-203-x-148-mm-3\\\/#breadcrumb\",\"itemListElement\":[{\"@type\":\"ListItem\",\"position\":1,\"name\":\"Home\",\"item\":\"https:\\\/\\\/nordlinepaadid.ee\\\/et\\\/\"},{\"@type\":\"ListItem\",\"position\":2,\"name\":\"Pood\",\"item\":\"https:\\\/\\\/nordlinepaadid.ee\\\/et\\\/pood\\\/\"},{\"@type\":\"ListItem\",\"position\":3,\"name\":\"VEEKINDEL KOTT MOBIILTELEFONILE, FIDLOCK, 203 x 148 mm\"}]},{\"@type\":\"WebSite\",\"@id\":\"https:\\\/\\\/nordlinepaadid.ee\\\/et\\\/#website\",\"url\":\"https:\\\/\\\/nordlinepaadid.ee\\\/et\\\/\",\"name\":\"NORDLINE s\u00f5udepaadid ja mootorpaadid. Klaasfiiber materjalist.\",\"description\":\"\",\"publisher\":{\"@id\":\"https:\\\/\\\/nordlinepaadid.ee\\\/et\\\/#organization\"},\"potentialAction\":[{\"@type\":\"SearchAction\",\"target\":{\"@type\":\"EntryPoint\",\"urlTemplate\":\"https:\\\/\\\/nordlinepaadid.ee\\\/et\\\/?s={search_term_string}\"},\"query-input\":{\"@type\":\"PropertyValueSpecification\",\"valueRequired\":true,\"valueName\":\"search_term_string\"}}],\"inLanguage\":\"et\"},{\"@type\":\"Organization\",\"@id\":\"https:\\\/\\\/nordlinepaadid.ee\\\/et\\\/#organization\",\"name\":\"Nordlineboats\",\"url\":\"https:\\\/\\\/nordlinepaadid.ee\\\/et\\\/\",\"logo\":{\"@type\":\"ImageObject\",\"inLanguage\":\"et\",\"@id\":\"https:\\\/\\\/nordlinepaadid.ee\\\/et\\\/#\\\/schema\\\/logo\\\/image\\\/\",\"url\":\"https:\\\/\\\/nordlinepaadid.ee\\\/wp-content\\\/uploads\\\/2023\\\/01\\\/fulllogo_transparent_nobuffer-e1672750475494.png\",\"contentUrl\":\"https:\\\/\\\/nordlinepaadid.ee\\\/wp-content\\\/uploads\\\/2023\\\/01\\\/fulllogo_transparent_nobuffer-e1672750475494.png\",\"width\":150,\"height\":119,\"caption\":\"Nordlineboats\"},\"image\":{\"@id\":\"https:\\\/\\\/nordlinepaadid.ee\\\/et\\\/#\\\/schema\\\/logo\\\/image\\\/\"},\"sameAs\":[\"https:\\\/\\\/www.facebook.com\\\/nordlineboats\",\"https:\\\/\\\/www.youtube.com\\\/channel\\\/UCbgF0fy02y3QkFnujaLTaCA\"]}]}<\/script>\n<!-- \/ Yoast SEO plugin. -->","yoast_head_json":{"title":"VEEKINDEL KOTT MOBIILTELEFONILE, FIDLOCK, 203 x 148 mm - NORDLINE s\u00f5udepaadid ja mootorpaadid. Klaasfiiber materjalist.","robots":{"index":"index","follow":"follow","max-snippet":"max-snippet:-1","max-image-preview":"max-image-preview:large","max-video-preview":"max-video-preview:-1"},"canonical":"https:\/\/nordlinepaadid.ee\/et\/pood\/ru-marine-clothing-and-shoes\/ru-watertight-bags-other-bags\/veekindel-kott-mobiiltelefonile-fidlock-203-x-148-mm-3\/","og_locale":"et_EE","og_type":"article","og_title":"VEEKINDEL KOTT MOBIILTELEFONILE, FIDLOCK, 203 x 148 mm - NORDLINE s\u00f5udepaadid ja mootorpaadid. Klaasfiiber materjalist.","og_description":"Fidlock hermeetiline ja GOOPER\u00ae tehnoloogial p\u00f5hinev veekindel kott telefonile. Magneetiline koti sulgur. 100 % vee- ja liivakindel. Samuti sobib kott suurep\u00e4raselt ka reisidokumentide, krediitkaartide ja muu dokumentatsiooni turvaliseks ja kuivaks hoidmiseks. Kaasasolev kaelarihm muudab selle kuiva koti vajadusel ka rinnakotiks. Rannas v\u00f5i vee peal l\u00f5butsedes v\u00f5ite alati olla kindel, et see kott hoiab k\u00f5ik asjad...","og_url":"https:\/\/nordlinepaadid.ee\/et\/pood\/ru-marine-clothing-and-shoes\/ru-watertight-bags-other-bags\/veekindel-kott-mobiiltelefonile-fidlock-203-x-148-mm-3\/","og_site_name":"NORDLINE s\u00f5udepaadid ja mootorpaadid. Klaasfiiber materjalist.","article_publisher":"https:\/\/www.facebook.com\/nordlineboats","og_image":[{"width":567,"height":567,"url":"https:\/\/nordlinepaadid.ee\/wp-content\/uploads\/2024\/05\/10690_fidlock_hermetic_drybag_medi_orange.jpg","type":"image\/jpeg"}],"twitter_card":"summary_large_image","schema":{"@context":"https:\/\/schema.org","@graph":[{"@type":"WebPage","@id":"https:\/\/nordlinepaadid.ee\/et\/pood\/ru-marine-clothing-and-shoes\/ru-watertight-bags-other-bags\/veekindel-kott-mobiiltelefonile-fidlock-203-x-148-mm-3\/","url":"https:\/\/nordlinepaadid.ee\/et\/pood\/ru-marine-clothing-and-shoes\/ru-watertight-bags-other-bags\/veekindel-kott-mobiiltelefonile-fidlock-203-x-148-mm-3\/","name":"VEEKINDEL KOTT MOBIILTELEFONILE, FIDLOCK, 203 x 148 mm - NORDLINE s\u00f5udepaadid ja mootorpaadid. Klaasfiiber materjalist.","isPartOf":{"@id":"https:\/\/nordlinepaadid.ee\/et\/#website"},"primaryImageOfPage":{"@id":"https:\/\/nordlinepaadid.ee\/et\/pood\/ru-marine-clothing-and-shoes\/ru-watertight-bags-other-bags\/veekindel-kott-mobiiltelefonile-fidlock-203-x-148-mm-3\/#primaryimage"},"image":{"@id":"https:\/\/nordlinepaadid.ee\/et\/pood\/ru-marine-clothing-and-shoes\/ru-watertight-bags-other-bags\/veekindel-kott-mobiiltelefonile-fidlock-203-x-148-mm-3\/#primaryimage"},"thumbnailUrl":"https:\/\/nordlinepaadid.ee\/wp-content\/uploads\/2024\/05\/10690_fidlock_hermetic_drybag_medi_orange.jpg","datePublished":"2026-04-17T16:04:39+00:00","breadcrumb":{"@id":"https:\/\/nordlinepaadid.ee\/et\/pood\/ru-marine-clothing-and-shoes\/ru-watertight-bags-other-bags\/veekindel-kott-mobiiltelefonile-fidlock-203-x-148-mm-3\/#breadcrumb"},"inLanguage":"et","potentialAction":[{"@type":"ReadAction","target":["https:\/\/nordlinepaadid.ee\/et\/pood\/ru-marine-clothing-and-shoes\/ru-watertight-bags-other-bags\/veekindel-kott-mobiiltelefonile-fidlock-203-x-148-mm-3\/"]}]},{"@type":"ImageObject","inLanguage":"et","@id":"https:\/\/nordlinepaadid.ee\/et\/pood\/ru-marine-clothing-and-shoes\/ru-watertight-bags-other-bags\/veekindel-kott-mobiiltelefonile-fidlock-203-x-148-mm-3\/#primaryimage","url":"https:\/\/nordlinepaadid.ee\/wp-content\/uploads\/2024\/05\/10690_fidlock_hermetic_drybag_medi_orange.jpg","contentUrl":"https:\/\/nordlinepaadid.ee\/wp-content\/uploads\/2024\/05\/10690_fidlock_hermetic_drybag_medi_orange.jpg","width":567,"height":567},{"@type":"BreadcrumbList","@id":"https:\/\/nordlinepaadid.ee\/et\/pood\/ru-marine-clothing-and-shoes\/ru-watertight-bags-other-bags\/veekindel-kott-mobiiltelefonile-fidlock-203-x-148-mm-3\/#breadcrumb","itemListElement":[{"@type":"ListItem","position":1,"name":"Home","item":"https:\/\/nordlinepaadid.ee\/et\/"},{"@type":"ListItem","position":2,"name":"Pood","item":"https:\/\/nordlinepaadid.ee\/et\/pood\/"},{"@type":"ListItem","position":3,"name":"VEEKINDEL KOTT MOBIILTELEFONILE, FIDLOCK, 203 x 148 mm"}]},{"@type":"WebSite","@id":"https:\/\/nordlinepaadid.ee\/et\/#website","url":"https:\/\/nordlinepaadid.ee\/et\/","name":"NORDLINE s\u00f5udepaadid ja mootorpaadid. Klaasfiiber materjalist.","description":"","publisher":{"@id":"https:\/\/nordlinepaadid.ee\/et\/#organization"},"potentialAction":[{"@type":"SearchAction","target":{"@type":"EntryPoint","urlTemplate":"https:\/\/nordlinepaadid.ee\/et\/?s={search_term_string}"},"query-input":{"@type":"PropertyValueSpecification","valueRequired":true,"valueName":"search_term_string"}}],"inLanguage":"et"},{"@type":"Organization","@id":"https:\/\/nordlinepaadid.ee\/et\/#organization","name":"Nordlineboats","url":"https:\/\/nordlinepaadid.ee\/et\/","logo":{"@type":"ImageObject","inLanguage":"et","@id":"https:\/\/nordlinepaadid.ee\/et\/#\/schema\/logo\/image\/","url":"https:\/\/nordlinepaadid.ee\/wp-content\/uploads\/2023\/01\/fulllogo_transparent_nobuffer-e1672750475494.png","contentUrl":"https:\/\/nordlinepaadid.ee\/wp-content\/uploads\/2023\/01\/fulllogo_transparent_nobuffer-e1672750475494.png","width":150,"height":119,"caption":"Nordlineboats"},"image":{"@id":"https:\/\/nordlinepaadid.ee\/et\/#\/schema\/logo\/image\/"},"sameAs":["https:\/\/www.facebook.com\/nordlineboats","https:\/\/www.youtube.com\/channel\/UCbgF0fy02y3QkFnujaLTaCA"]}]}},"taxonomy_info":{"product_cat":[{"value":232,"label":"PURJETAMISRIIDED JA JALAN\u00d5UD"},{"value":330,"label":"Veekindlad kotid, Seljakotid"},{"value":879,"label":"\u0412\u043e\u0434\u043e\u043d\u0435\u043f\u0440\u043e\u043d\u0438\u0446\u0430\u0435\u043c\u044b\u0435 \u0440\u044e\u043a\u0437\u0430\u043a\u0438 \u0438 \u0441\u0443\u043c\u043a\u0438"}],"pa_color":[{"value":1508,"label":"L\u00e4bipaistev \/ Oranzh"}],"pa_producer":[{"value":1505,"label":"Fidlock"}],"pa_unit":[{"value":416,"label":"pcs"}]},"featured_image_src_large":["https:\/\/nordlinepaadid.ee\/wp-content\/uploads\/2024\/05\/10690_fidlock_hermetic_drybag_medi_orange.jpg",567,567,false],"author_info":[],"comment_info":"","_links":{"self":[{"href":"https:\/\/nordlinepaadid.ee\/et\/wp-json\/wp\/v2\/product\/63825","targetHints":{"allow":["GET"]}}],"collection":[{"href":"https:\/\/nordlinepaadid.ee\/et\/wp-json\/wp\/v2\/product"}],"about":[{"href":"https:\/\/nordlinepaadid.ee\/et\/wp-json\/wp\/v2\/types\/product"}],"wp:featuredmedia":[{"embeddable":true,"href":"https:\/\/nordlinepaadid.ee\/et\/wp-json\/wp\/v2\/media\/43720"}],"wp:attachment":[{"href":"https:\/\/nordlinepaadid.ee\/et\/wp-json\/wp\/v2\/media?parent=63825"}],"wp:term":[{"taxonomy":"product_brand","embeddable":true,"href":"https:\/\/nordlinepaadid.ee\/et\/wp-json\/wp\/v2\/product_brand?post=63825"},{"taxonomy":"product_cat","embeddable":true,"href":"https:\/\/nordlinepaadid.ee\/et\/wp-json\/wp\/v2\/product_cat?post=63825"},{"taxonomy":"product_tag","embeddable":true,"href":"https:\/\/nordlinepaadid.ee\/et\/wp-json\/wp\/v2\/product_tag?post=63825"}],"curies":[{"name":"wp","href":"https:\/\/api.w.org\/{rel}","templated":true}]}}