{"id":63872,"date":"2026-05-12T03:27:48","date_gmt":"2026-05-12T00:27:48","guid":{"rendered":"https:\/\/nordlinepaadid.ee\/pood\/maaratlemata\/allveedroon-chasing-m2-s-standard-200m\/"},"modified":"2026-05-12T03:27:48","modified_gmt":"2026-05-12T00:27:48","slug":"allveedroon-chasing-m2-s-standard-200m","status":"publish","type":"product","link":"https:\/\/nordlinepaadid.ee\/et\/pood\/navigatsiooni-vahendid\/underwater_drones-eng\/allveedroon-chasing-m2-s-standard-200m\/","title":{"rendered":"ALLVEEDROON- CHASING M2 S STANDARD 200M"},"content":{"rendered":"<p style=\"text-align:justify\">Allveedroonil Chasing M2 S on 8 propellerit, mis v\u00f5imaldavad seadet liigutada mistahes suunas. Mootoriteks on kolmanda p\u00f5lvkonna anti-stuck C-Motor 3.0, mis tagab stabiilse v\u00f5imsuse. ROV on kompaktne ja kerge, seda on lihtne kasutada ning see t\u00e4idab t\u00f5husalt allvee vaatlus- ja j\u00e4\u00e4dvustamis\u00fclesandeid.<\/p>\n<p>&#13;<br \/>\n&#13;<\/p>\n<p style=\"text-align:justify\">* C-Sense juhtimiss\u00fcsteem, paindlik ja stabiilne<\/p>\n<p>&#13;<br \/>\n&#13;<\/p>\n<p style=\"text-align:justify\">* K\u00f5ikide stsenaariumide t\u00f5hus operatsioonis\u00fcsteem<\/p>\n<p>&#13;<br \/>\n&#13;<\/p>\n<p style=\"text-align:justify\">* HD visuaalse pildi edastamise s\u00fcsteem<\/p>\n<p>&#13;<br \/>\n&#13;<\/p>\n<p style=\"text-align:justify\">* NeptuneX intelligentne juhtimiss\u00fcsteem on eksklusiivne CHASINGi navigatsioonialgoritm, mis v\u00f5imaldab t\u00e4psemat t\u00f6\u00f6d.<\/p>\n<p>&#13;<br \/>\n&#13;<\/p>\n<p style=\"text-align:justify\">CHASING M2 S suudab s\u00e4ilitada liikumise suuna isegi v\u00e4lise j\u00f5u v\u00f5i raskete t\u00f6\u00f6tingimuste korral. CHASING M2 S-l kasutatavad kolmanda p\u00f5lvkonna Apex Anti-stuck C-mootorid kasutavad uudset magnetikaitsetehnoloogiat, mis v\u00e4hendab energiatarvet ja mootori kulumisest tingitud elektrokeemilist korrosiooni. CHASING M2 S v\u00f5ib sukelduda maksimaalselt 100 meetri s\u00fcgavusele ja tegevusraadius on olenevalt valitud komplektist 200 v\u00f5i 400 meetrit. Komplekti kuuluv 97,68 Wh aku v\u00f5imaldab kuni 4 tundi t\u00f6\u00f6d. Lisavarustusena on saadaval 200 Wh aku, et rahuldada pikaajalise t\u00f6\u00f6tamise vajadusi.<\/p>\n<p>&#13;<br \/>\n&#13;<\/p>\n<p>&nbsp;<\/p>\n<p>&#13;<br \/>\n&#13;<\/p>\n<p><strong>Tehnilised n\u00e4itajad:<\/strong><\/p>\n<p>&#13;<br \/>\n&#13;<\/p>\n<ul>&#13;<\/p>\n<li>Suurus: 380 x 267 x 165 mm<\/li>\n<p>&#13;<\/p>\n<li>Kaal: 4,5 kg<\/li>\n<p>&#13;<\/p>\n<li>Maksimaalne sukeldumiss\u00fcgavus: 100 m<\/li>\n<p>&#13;<\/p>\n<li>T\u00f6\u00f6aeg kuni : 1,5 tundi \/ 4 tundi<\/li>\n<p>&#13;<\/p>\n<li>Aku: 97.68 Wh<\/li>\n<p>&#13;<\/p>\n<li>T\u00f6\u00f6temperatuur: -10 \u2103 ~ 45 \u2103<\/li>\n<p>&#13;\n<\/ul>\n<p>&#13;<br \/>\n&#13;<\/p>\n<p><strong>Kaugjuhtimispult:<\/strong><\/p>\n<p>&#13;<br \/>\n&#13;<\/p>\n<ul>&#13;<\/p>\n<li>Suurus: 160 x 155 x 125 mm<\/li>\n<p>&#13;<\/p>\n<li>Kaal: 685 g<\/li>\n<p>&#13;<\/p>\n<li>Aku: 2500 mAh<\/li>\n<p>&#13;<\/p>\n<li>T\u00f6\u00f6aeg: \u22656H (s\u00f5ltuvalt keskkonnast)<\/li>\n<p>&#13;<\/p>\n<li>Juhtmevaba: Wi-Fi \u00fchendus<\/li>\n<p>&#13;<\/p>\n<li>HDMI: Toetatud<\/li>\n<p>&#13;<\/p>\n<li>Nutiseadme hoidik: kuni 10 tolli seadmele<\/li>\n<p>&#13;\n<\/ul>\n<p>&#13;<br \/>\n&#13;<\/p>\n<p><strong>Kaamera :<\/strong><\/p>\n<p>&#13;<br \/>\n&#13;<\/p>\n<ul>&#13;<\/p>\n<li>CMOS: 1\/2.3<\/li>\n<p>&#13;<\/p>\n<li>Objektiiv: F2.8<\/li>\n<p>&#13;<\/p>\n<li>Fookuskaugus: 3,2 mm<\/li>\n<p>&#13;<\/p>\n<li>ISO vahemik: 100-6400<\/li>\n<p>&#13;<\/p>\n<li>Vaatev\u00e4li: 150\u00b0<\/li>\n<p>&#13;<\/p>\n<li>Maksimaalne eraldusv\u00f5ime: 12 megapikslit<\/li>\n<p>&#13;<\/p>\n<li>Formaat: JPEG\/DNG<\/li>\n<p>&#13;<\/p>\n<li>Video UHD: 38402160 (4K) 30fps<\/li>\n<p>&#13;<\/p>\n<li>FHD:19201080 (1080p) 30\/60\/120fps<\/li>\n<p>&#13;<\/p>\n<li>Aegluubis: 720p8x (240fps),1080p4x (120fps)<\/li>\n<p>&#13;<\/p>\n<li>Time Lapse: 4K\/1080p<\/li>\n<p>&#13;<\/p>\n<li>Toetatud Videovoog: 60 M<\/li>\n<p>&#13;<\/p>\n<li>Videoformaat: MP4<\/li>\n<p>&#13;<\/p>\n<li>SD-kaart: 64 GB<\/li>\n<p>&#13;\n<\/ul>\n<p>&#13;<br \/>\n&#13;<\/p>\n<p><strong>LED valgustid:<\/strong><\/p>\n<p>&#13;<br \/>\n&#13;<\/p>\n<ul>&#13;<\/p>\n<li>Heledus: 2*2000 luumenit<\/li>\n<p>&#13;<\/p>\n<li>V\u00e4rvitemperatuur: ~ 5500K CRI: 85<\/li>\n<p>&#13;<\/p>\n<li>Valgustugevuse reguleerimine: kolm astet<\/li>\n<p>&#13;\n<\/ul>\n<p>&#13;<br \/>\n&#13;<\/p>\n<p><strong>Andurid:<\/strong><\/p>\n<p>&#13;<br \/>\n&#13;<\/p>\n<ul>&#13;<\/p>\n<li>IMU: telje g\u00fcroskoop \/ kiirendusm\u00f5\u00f5tur \/ kompass<\/li>\n<p>&#13;<\/p>\n<li>S\u00fcgavusandur: \uff1c\u00b10,25 m<\/li>\n<p>&#13;<\/p>\n<li>Temperatuuriandur: \uff1c\u00b12\u2103<\/li>\n<p>&#13;\n<\/ul>\n<p>&#13;<br \/>\n&#13;<\/p>\n<p><strong>Laadija :<\/strong><\/p>\n<p>&#13;<br \/>\n&#13;<\/p>\n<ul>&#13;<\/p>\n<li>V\u00f5imsus: 2.9 A\/25.2 V<\/li>\n<p>&#13;<\/p>\n<li>ROV laadimisaeg: 2.5 H<\/li>\n<p>&#13;<\/p>\n<li>Juhtimispuldi laadimisaeg: 2 H<\/li>\n<p>&#13;\n<\/ul>\n<p>&#13;<br \/>\n&#13;<\/p>\n<p><strong>Mis on karbis:<\/strong><\/p>\n<p>&#13;<br \/>\n&#13;<\/p>\n<ul>&#13;<\/p>\n<li>Chasing M2 S<\/li>\n<p>&#13;<\/p>\n<li>Kaugjuhtimispult<\/li>\n<p>&#13;<\/p>\n<li>200 meetri pikkune kaabel ja kaablitrummel<\/li>\n<p>&#13;<\/p>\n<li>2 tagavaramootorit<\/li>\n<p>&#13;<\/p>\n<li>2 LED valgustit<\/li>\n<p>&#13;\n<\/ul>\n<p>&#13;<\/p>\n","protected":false},"excerpt":{"rendered":"<p>Allveedroonil Chasing M2 S on 8 propellerit, mis v\u00f5imaldavad seadet liigutada mistahes suunas. Mootoriteks on kolmanda p\u00f5lvkonna anti-stuck C-Motor 3.0, mis tagab stabiilse v\u00f5imsuse. ROV on kompaktne ja kerge, seda on lihtne kasutada ning see t\u00e4idab t\u00f5husalt allvee vaatlus- ja j\u00e4\u00e4dvustamis\u00fclesandeid. &#13; &#13; * C-Sense juhtimiss\u00fcsteem, paindlik ja stabiilne &#13; &#13; * K\u00f5ikide stsenaariumide t\u00f5hus&#8230;<\/p>\n","protected":false},"featured_media":43921,"template":"","meta":{"_kad_blocks_custom_css":"","_kad_blocks_head_custom_js":"","_kad_blocks_body_custom_js":"","_kad_blocks_footer_custom_js":"","_kad_post_transparent":"","_kad_post_title":"","_kad_post_layout":"","_kad_post_sidebar_id":"","_kad_post_content_style":"","_kad_post_vertical_padding":"","_kad_post_feature":"","_kad_post_feature_position":"","_kad_post_header":false,"_kad_post_footer":false,"_kad_post_classname":""},"product_brand":[],"product_cat":[1806,415,247],"product_tag":[],"class_list":{"0":"post-63872","1":"product","2":"type-product","3":"status-publish","4":"has-post-thumbnail","6":"product_cat-allveedroonid","7":"product_cat-underwater_drones-eng","8":"product_cat-navigatsiooni-vahendid","9":"pa_color-hall","10":"pa_producer-chasing","11":"pa_unit-pcs","12":"tm-no-options","14":"first","15":"onbackorder","16":"taxable","17":"shipping-taxable","18":"purchasable","19":"product-type-simple","20":"entry","21":"content-bg","22":"loop-entry"},"yoast_head":"<!-- This site is optimized with the Yoast SEO plugin v27.5 - https:\/\/yoast.com\/product\/yoast-seo-wordpress\/ -->\n<title>ALLVEEDROON- CHASING M2 S STANDARD 200M - NORDLINE s\u00f5udepaadid ja mootorpaadid. Klaasfiiber materjalist.<\/title>\n<meta name=\"robots\" content=\"index, follow, max-snippet:-1, max-image-preview:large, max-video-preview:-1\" \/>\n<link rel=\"canonical\" href=\"https:\/\/nordlinepaadid.ee\/et\/pood\/navigatsiooni-vahendid\/underwater_drones-eng\/allveedroon-chasing-m2-s-standard-200m\/\" \/>\n<meta property=\"og:locale\" content=\"et_EE\" \/>\n<meta property=\"og:type\" content=\"article\" \/>\n<meta property=\"og:title\" content=\"ALLVEEDROON- CHASING M2 S STANDARD 200M - NORDLINE s\u00f5udepaadid ja mootorpaadid. Klaasfiiber materjalist.\" \/>\n<meta property=\"og:description\" content=\"Allveedroonil Chasing M2 S on 8 propellerit, mis v\u00f5imaldavad seadet liigutada mistahes suunas. Mootoriteks on kolmanda p\u00f5lvkonna anti-stuck C-Motor 3.0, mis tagab stabiilse v\u00f5imsuse. ROV on kompaktne ja kerge, seda on lihtne kasutada ning see t\u00e4idab t\u00f5husalt allvee vaatlus- ja j\u00e4\u00e4dvustamis\u00fclesandeid. &#013; &#013; * C-Sense juhtimiss\u00fcsteem, paindlik ja stabiilne &#013; &#013; * K\u00f5ikide stsenaariumide t\u00f5hus...\" \/>\n<meta property=\"og:url\" content=\"https:\/\/nordlinepaadid.ee\/et\/pood\/navigatsiooni-vahendid\/underwater_drones-eng\/allveedroon-chasing-m2-s-standard-200m\/\" \/>\n<meta property=\"og:site_name\" content=\"NORDLINE s\u00f5udepaadid ja mootorpaadid. Klaasfiiber materjalist.\" \/>\n<meta property=\"article:publisher\" content=\"https:\/\/www.facebook.com\/nordlineboats\" \/>\n<meta property=\"og:image\" content=\"https:\/\/nordlinepaadid.ee\/wp-content\/uploads\/2024\/05\/10757_FN126677-1.png\" \/>\n\t<meta property=\"og:image:width\" content=\"800\" \/>\n\t<meta property=\"og:image:height\" content=\"472\" \/>\n\t<meta property=\"og:image:type\" content=\"image\/png\" \/>\n<meta name=\"twitter:card\" content=\"summary_large_image\" \/>\n<meta name=\"twitter:label1\" content=\"Est. reading time\" \/>\n\t<meta name=\"twitter:data1\" content=\"2 minutit\" \/>\n<script type=\"application\/ld+json\" class=\"yoast-schema-graph\">{\"@context\":\"https:\\\/\\\/schema.org\",\"@graph\":[{\"@type\":\"WebPage\",\"@id\":\"https:\\\/\\\/nordlinepaadid.ee\\\/et\\\/pood\\\/navigatsiooni-vahendid\\\/underwater_drones-eng\\\/allveedroon-chasing-m2-s-standard-200m\\\/\",\"url\":\"https:\\\/\\\/nordlinepaadid.ee\\\/et\\\/pood\\\/navigatsiooni-vahendid\\\/underwater_drones-eng\\\/allveedroon-chasing-m2-s-standard-200m\\\/\",\"name\":\"ALLVEEDROON- CHASING M2 S STANDARD 200M - NORDLINE s\u00f5udepaadid ja mootorpaadid. Klaasfiiber materjalist.\",\"isPartOf\":{\"@id\":\"https:\\\/\\\/nordlinepaadid.ee\\\/et\\\/#website\"},\"primaryImageOfPage\":{\"@id\":\"https:\\\/\\\/nordlinepaadid.ee\\\/et\\\/pood\\\/navigatsiooni-vahendid\\\/underwater_drones-eng\\\/allveedroon-chasing-m2-s-standard-200m\\\/#primaryimage\"},\"image\":{\"@id\":\"https:\\\/\\\/nordlinepaadid.ee\\\/et\\\/pood\\\/navigatsiooni-vahendid\\\/underwater_drones-eng\\\/allveedroon-chasing-m2-s-standard-200m\\\/#primaryimage\"},\"thumbnailUrl\":\"https:\\\/\\\/nordlinepaadid.ee\\\/wp-content\\\/uploads\\\/2024\\\/05\\\/10757_FN126677-1.png\",\"datePublished\":\"2026-05-12T00:27:48+00:00\",\"breadcrumb\":{\"@id\":\"https:\\\/\\\/nordlinepaadid.ee\\\/et\\\/pood\\\/navigatsiooni-vahendid\\\/underwater_drones-eng\\\/allveedroon-chasing-m2-s-standard-200m\\\/#breadcrumb\"},\"inLanguage\":\"et\",\"potentialAction\":[{\"@type\":\"ReadAction\",\"target\":[\"https:\\\/\\\/nordlinepaadid.ee\\\/et\\\/pood\\\/navigatsiooni-vahendid\\\/underwater_drones-eng\\\/allveedroon-chasing-m2-s-standard-200m\\\/\"]}]},{\"@type\":\"ImageObject\",\"inLanguage\":\"et\",\"@id\":\"https:\\\/\\\/nordlinepaadid.ee\\\/et\\\/pood\\\/navigatsiooni-vahendid\\\/underwater_drones-eng\\\/allveedroon-chasing-m2-s-standard-200m\\\/#primaryimage\",\"url\":\"https:\\\/\\\/nordlinepaadid.ee\\\/wp-content\\\/uploads\\\/2024\\\/05\\\/10757_FN126677-1.png\",\"contentUrl\":\"https:\\\/\\\/nordlinepaadid.ee\\\/wp-content\\\/uploads\\\/2024\\\/05\\\/10757_FN126677-1.png\",\"width\":800,\"height\":472},{\"@type\":\"BreadcrumbList\",\"@id\":\"https:\\\/\\\/nordlinepaadid.ee\\\/et\\\/pood\\\/navigatsiooni-vahendid\\\/underwater_drones-eng\\\/allveedroon-chasing-m2-s-standard-200m\\\/#breadcrumb\",\"itemListElement\":[{\"@type\":\"ListItem\",\"position\":1,\"name\":\"Home\",\"item\":\"https:\\\/\\\/nordlinepaadid.ee\\\/et\\\/\"},{\"@type\":\"ListItem\",\"position\":2,\"name\":\"Pood\",\"item\":\"https:\\\/\\\/nordlinepaadid.ee\\\/et\\\/pood\\\/\"},{\"@type\":\"ListItem\",\"position\":3,\"name\":\"ALLVEEDROON- CHASING M2 S STANDARD 200M\"}]},{\"@type\":\"WebSite\",\"@id\":\"https:\\\/\\\/nordlinepaadid.ee\\\/et\\\/#website\",\"url\":\"https:\\\/\\\/nordlinepaadid.ee\\\/et\\\/\",\"name\":\"NORDLINE s\u00f5udepaadid ja mootorpaadid. Klaasfiiber materjalist.\",\"description\":\"\",\"publisher\":{\"@id\":\"https:\\\/\\\/nordlinepaadid.ee\\\/et\\\/#organization\"},\"potentialAction\":[{\"@type\":\"SearchAction\",\"target\":{\"@type\":\"EntryPoint\",\"urlTemplate\":\"https:\\\/\\\/nordlinepaadid.ee\\\/et\\\/?s={search_term_string}\"},\"query-input\":{\"@type\":\"PropertyValueSpecification\",\"valueRequired\":true,\"valueName\":\"search_term_string\"}}],\"inLanguage\":\"et\"},{\"@type\":\"Organization\",\"@id\":\"https:\\\/\\\/nordlinepaadid.ee\\\/et\\\/#organization\",\"name\":\"Nordlineboats\",\"url\":\"https:\\\/\\\/nordlinepaadid.ee\\\/et\\\/\",\"logo\":{\"@type\":\"ImageObject\",\"inLanguage\":\"et\",\"@id\":\"https:\\\/\\\/nordlinepaadid.ee\\\/et\\\/#\\\/schema\\\/logo\\\/image\\\/\",\"url\":\"https:\\\/\\\/nordlinepaadid.ee\\\/wp-content\\\/uploads\\\/2023\\\/01\\\/fulllogo_transparent_nobuffer-e1672750475494.png\",\"contentUrl\":\"https:\\\/\\\/nordlinepaadid.ee\\\/wp-content\\\/uploads\\\/2023\\\/01\\\/fulllogo_transparent_nobuffer-e1672750475494.png\",\"width\":150,\"height\":119,\"caption\":\"Nordlineboats\"},\"image\":{\"@id\":\"https:\\\/\\\/nordlinepaadid.ee\\\/et\\\/#\\\/schema\\\/logo\\\/image\\\/\"},\"sameAs\":[\"https:\\\/\\\/www.facebook.com\\\/nordlineboats\",\"https:\\\/\\\/www.youtube.com\\\/channel\\\/UCbgF0fy02y3QkFnujaLTaCA\"]}]}<\/script>\n<!-- \/ Yoast SEO plugin. -->","yoast_head_json":{"title":"ALLVEEDROON- CHASING M2 S STANDARD 200M - NORDLINE s\u00f5udepaadid ja mootorpaadid. Klaasfiiber materjalist.","robots":{"index":"index","follow":"follow","max-snippet":"max-snippet:-1","max-image-preview":"max-image-preview:large","max-video-preview":"max-video-preview:-1"},"canonical":"https:\/\/nordlinepaadid.ee\/et\/pood\/navigatsiooni-vahendid\/underwater_drones-eng\/allveedroon-chasing-m2-s-standard-200m\/","og_locale":"et_EE","og_type":"article","og_title":"ALLVEEDROON- CHASING M2 S STANDARD 200M - NORDLINE s\u00f5udepaadid ja mootorpaadid. Klaasfiiber materjalist.","og_description":"Allveedroonil Chasing M2 S on 8 propellerit, mis v\u00f5imaldavad seadet liigutada mistahes suunas. Mootoriteks on kolmanda p\u00f5lvkonna anti-stuck C-Motor 3.0, mis tagab stabiilse v\u00f5imsuse. ROV on kompaktne ja kerge, seda on lihtne kasutada ning see t\u00e4idab t\u00f5husalt allvee vaatlus- ja j\u00e4\u00e4dvustamis\u00fclesandeid. &#13; &#13; * C-Sense juhtimiss\u00fcsteem, paindlik ja stabiilne &#13; &#13; * K\u00f5ikide stsenaariumide t\u00f5hus...","og_url":"https:\/\/nordlinepaadid.ee\/et\/pood\/navigatsiooni-vahendid\/underwater_drones-eng\/allveedroon-chasing-m2-s-standard-200m\/","og_site_name":"NORDLINE s\u00f5udepaadid ja mootorpaadid. Klaasfiiber materjalist.","article_publisher":"https:\/\/www.facebook.com\/nordlineboats","og_image":[{"width":800,"height":472,"url":"https:\/\/nordlinepaadid.ee\/wp-content\/uploads\/2024\/05\/10757_FN126677-1.png","type":"image\/png"}],"twitter_card":"summary_large_image","twitter_misc":{"Est. reading time":"2 minutit"},"schema":{"@context":"https:\/\/schema.org","@graph":[{"@type":"WebPage","@id":"https:\/\/nordlinepaadid.ee\/et\/pood\/navigatsiooni-vahendid\/underwater_drones-eng\/allveedroon-chasing-m2-s-standard-200m\/","url":"https:\/\/nordlinepaadid.ee\/et\/pood\/navigatsiooni-vahendid\/underwater_drones-eng\/allveedroon-chasing-m2-s-standard-200m\/","name":"ALLVEEDROON- CHASING M2 S STANDARD 200M - NORDLINE s\u00f5udepaadid ja mootorpaadid. Klaasfiiber materjalist.","isPartOf":{"@id":"https:\/\/nordlinepaadid.ee\/et\/#website"},"primaryImageOfPage":{"@id":"https:\/\/nordlinepaadid.ee\/et\/pood\/navigatsiooni-vahendid\/underwater_drones-eng\/allveedroon-chasing-m2-s-standard-200m\/#primaryimage"},"image":{"@id":"https:\/\/nordlinepaadid.ee\/et\/pood\/navigatsiooni-vahendid\/underwater_drones-eng\/allveedroon-chasing-m2-s-standard-200m\/#primaryimage"},"thumbnailUrl":"https:\/\/nordlinepaadid.ee\/wp-content\/uploads\/2024\/05\/10757_FN126677-1.png","datePublished":"2026-05-12T00:27:48+00:00","breadcrumb":{"@id":"https:\/\/nordlinepaadid.ee\/et\/pood\/navigatsiooni-vahendid\/underwater_drones-eng\/allveedroon-chasing-m2-s-standard-200m\/#breadcrumb"},"inLanguage":"et","potentialAction":[{"@type":"ReadAction","target":["https:\/\/nordlinepaadid.ee\/et\/pood\/navigatsiooni-vahendid\/underwater_drones-eng\/allveedroon-chasing-m2-s-standard-200m\/"]}]},{"@type":"ImageObject","inLanguage":"et","@id":"https:\/\/nordlinepaadid.ee\/et\/pood\/navigatsiooni-vahendid\/underwater_drones-eng\/allveedroon-chasing-m2-s-standard-200m\/#primaryimage","url":"https:\/\/nordlinepaadid.ee\/wp-content\/uploads\/2024\/05\/10757_FN126677-1.png","contentUrl":"https:\/\/nordlinepaadid.ee\/wp-content\/uploads\/2024\/05\/10757_FN126677-1.png","width":800,"height":472},{"@type":"BreadcrumbList","@id":"https:\/\/nordlinepaadid.ee\/et\/pood\/navigatsiooni-vahendid\/underwater_drones-eng\/allveedroon-chasing-m2-s-standard-200m\/#breadcrumb","itemListElement":[{"@type":"ListItem","position":1,"name":"Home","item":"https:\/\/nordlinepaadid.ee\/et\/"},{"@type":"ListItem","position":2,"name":"Pood","item":"https:\/\/nordlinepaadid.ee\/et\/pood\/"},{"@type":"ListItem","position":3,"name":"ALLVEEDROON- CHASING M2 S STANDARD 200M"}]},{"@type":"WebSite","@id":"https:\/\/nordlinepaadid.ee\/et\/#website","url":"https:\/\/nordlinepaadid.ee\/et\/","name":"NORDLINE s\u00f5udepaadid ja mootorpaadid. Klaasfiiber materjalist.","description":"","publisher":{"@id":"https:\/\/nordlinepaadid.ee\/et\/#organization"},"potentialAction":[{"@type":"SearchAction","target":{"@type":"EntryPoint","urlTemplate":"https:\/\/nordlinepaadid.ee\/et\/?s={search_term_string}"},"query-input":{"@type":"PropertyValueSpecification","valueRequired":true,"valueName":"search_term_string"}}],"inLanguage":"et"},{"@type":"Organization","@id":"https:\/\/nordlinepaadid.ee\/et\/#organization","name":"Nordlineboats","url":"https:\/\/nordlinepaadid.ee\/et\/","logo":{"@type":"ImageObject","inLanguage":"et","@id":"https:\/\/nordlinepaadid.ee\/et\/#\/schema\/logo\/image\/","url":"https:\/\/nordlinepaadid.ee\/wp-content\/uploads\/2023\/01\/fulllogo_transparent_nobuffer-e1672750475494.png","contentUrl":"https:\/\/nordlinepaadid.ee\/wp-content\/uploads\/2023\/01\/fulllogo_transparent_nobuffer-e1672750475494.png","width":150,"height":119,"caption":"Nordlineboats"},"image":{"@id":"https:\/\/nordlinepaadid.ee\/et\/#\/schema\/logo\/image\/"},"sameAs":["https:\/\/www.facebook.com\/nordlineboats","https:\/\/www.youtube.com\/channel\/UCbgF0fy02y3QkFnujaLTaCA"]}]}},"taxonomy_info":{"product_cat":[{"value":1806,"label":"Allveedroonid"},{"value":415,"label":"Allveedroonid"},{"value":247,"label":"NAVIGATSIOONIVAHENDID"}],"pa_color":[{"value":675,"label":"Hall"}],"pa_producer":[{"value":651,"label":"Chasing"}],"pa_unit":[{"value":416,"label":"pcs"}]},"featured_image_src_large":["https:\/\/nordlinepaadid.ee\/wp-content\/uploads\/2024\/05\/10757_FN126677-1.png",800,472,false],"author_info":[],"comment_info":"","_links":{"self":[{"href":"https:\/\/nordlinepaadid.ee\/et\/wp-json\/wp\/v2\/product\/63872","targetHints":{"allow":["GET"]}}],"collection":[{"href":"https:\/\/nordlinepaadid.ee\/et\/wp-json\/wp\/v2\/product"}],"about":[{"href":"https:\/\/nordlinepaadid.ee\/et\/wp-json\/wp\/v2\/types\/product"}],"wp:featuredmedia":[{"embeddable":true,"href":"https:\/\/nordlinepaadid.ee\/et\/wp-json\/wp\/v2\/media\/43921"}],"wp:attachment":[{"href":"https:\/\/nordlinepaadid.ee\/et\/wp-json\/wp\/v2\/media?parent=63872"}],"wp:term":[{"taxonomy":"product_brand","embeddable":true,"href":"https:\/\/nordlinepaadid.ee\/et\/wp-json\/wp\/v2\/product_brand?post=63872"},{"taxonomy":"product_cat","embeddable":true,"href":"https:\/\/nordlinepaadid.ee\/et\/wp-json\/wp\/v2\/product_cat?post=63872"},{"taxonomy":"product_tag","embeddable":true,"href":"https:\/\/nordlinepaadid.ee\/et\/wp-json\/wp\/v2\/product_tag?post=63872"}],"curies":[{"name":"wp","href":"https:\/\/api.w.org\/{rel}","templated":true}]}}