{"id":63875,"date":"2026-04-21T03:38:35","date_gmt":"2026-04-21T00:38:35","guid":{"rendered":"https:\/\/nordlinepaadid.ee\/pood\/maaratlemata\/purjetamiskell-stealth-racer-2\/"},"modified":"2026-04-21T03:38:35","modified_gmt":"2026-04-21T00:38:35","slug":"purjetamiskell-stealth-racer-2","status":"publish","type":"product","link":"https:\/\/nordlinepaadid.ee\/et\/pood\/navigatsiooni-vahendid\/watches-sport-watches\/purjetamiskell-stealth-racer-2\/","title":{"rendered":"PURJETAMISKELL- STEALTH RACER"},"content":{"rendered":"<p style=\"text-align:justify\">Stealth Racer Watch on suurep\u00e4rane ja mitmek\u00fclgne purjetamiskell vee peal kandmiseks. S\u00fcsinikuga tugevdatud ABS-plastist konstruktsioon koos roostevabast terasest korpuse tagak\u00fcljega,<\/p>\n<p>&#13;<br \/>\n&#13;<\/p>\n<p style=\"text-align:justify\">paindlik ja kulumiskindel TPU rihm roostevabast terasest kinnitusega.<\/p>\n<p>&#13;<br \/>\n&#13;<\/p>\n<p>&nbsp;<\/p>\n<p>&#13;<br \/>\n&#13;<\/p>\n<p><strong>Omadused\/eelised:<\/strong><\/p>\n<p>&#13;<br \/>\n&#13;<\/p>\n<ul>&#13;<\/p>\n<li>Veekindel kuni 50m<\/li>\n<p>&#13;<\/p>\n<li>Kompassi funktsioon<\/li>\n<p>&#13;<\/p>\n<li>4 loenduri re\u017eiimi, sealhulgas vibratsioonifunktsioon<\/li>\n<p>&#13;<\/p>\n<li>Taimer koos s\u00fcnkrooniga<\/li>\n<p>&#13;<\/p>\n<li>Stopperi taimer<\/li>\n<p>&#13;<\/p>\n<li>Klahvi lukustusfunktsioon<\/li>\n<p>&#13;<\/p>\n<li>L\u00f6\u00f6gi- ja l\u00f6\u00f6gikindel konstruktsioon<\/li>\n<p>&#13;<\/p>\n<li>Elektroluminestseeruv taustvalgus<\/li>\n<p>&#13;<\/p>\n<li>Kellaaeg, kuup\u00e4ev ja p\u00e4ev<\/li>\n<p>&#13;<\/p>\n<li>H\u00e4ire funktsioon<\/li>\n<p>&#13;<\/p>\n<li>Helisignaal ja hoiatushelid<\/li>\n<p>&#13;<\/p>\n<li>Puhkere\u017eiim aku s\u00e4\u00e4stmiseks<\/li>\n<p>&#13;\n<\/ul>\n<p>&#13;<br \/>\n&#13;<\/p>\n<p>&nbsp;<\/p>\n<p>&#13;<\/p>\n","protected":false},"excerpt":{"rendered":"<p>Stealth Racer Watch on suurep\u00e4rane ja mitmek\u00fclgne purjetamiskell vee peal kandmiseks. S\u00fcsinikuga tugevdatud ABS-plastist konstruktsioon koos roostevabast terasest korpuse tagak\u00fcljega, &#13; &#13; paindlik ja kulumiskindel TPU rihm roostevabast terasest kinnitusega. &#13; &#13; &nbsp; &#13; &#13; Omadused\/eelised: &#13; &#13; &#13; Veekindel kuni 50m &#13; Kompassi funktsioon &#13; 4 loenduri re\u017eiimi, sealhulgas vibratsioonifunktsioon &#13; Taimer koos s\u00fcnkrooniga&#8230;<\/p>\n","protected":false},"featured_media":44019,"template":"","meta":{"_kad_blocks_custom_css":"","_kad_blocks_head_custom_js":"","_kad_blocks_body_custom_js":"","_kad_blocks_footer_custom_js":"","_kad_post_transparent":"","_kad_post_title":"","_kad_post_layout":"","_kad_post_sidebar_id":"","_kad_post_content_style":"","_kad_post_vertical_padding":"","_kad_post_feature":"","_kad_post_feature_position":"","_kad_post_header":false,"_kad_post_footer":false,"_kad_post_classname":""},"product_brand":[],"product_cat":[344,247],"product_tag":[],"class_list":{"0":"post-63875","1":"product","2":"type-product","3":"status-publish","4":"has-post-thumbnail","6":"product_cat-watches-sport-watches","7":"product_cat-navigatsiooni-vahendid","8":"pa_color-oranz","9":"pa_unit-pcs","10":"tm-no-options","12":"first","13":"onbackorder","14":"taxable","15":"shipping-taxable","16":"purchasable","17":"product-type-simple","18":"entry","19":"content-bg","20":"loop-entry"},"yoast_head":"<!-- This site is optimized with the Yoast SEO plugin v27.4 - https:\/\/yoast.com\/product\/yoast-seo-wordpress\/ -->\n<title>PURJETAMISKELL- STEALTH RACER - NORDLINE s\u00f5udepaadid ja mootorpaadid. Klaasfiiber materjalist.<\/title>\n<meta name=\"robots\" content=\"index, follow, max-snippet:-1, max-image-preview:large, max-video-preview:-1\" \/>\n<link rel=\"canonical\" href=\"https:\/\/nordlinepaadid.ee\/et\/pood\/navigatsiooni-vahendid\/watches-sport-watches\/purjetamiskell-stealth-racer-2\/\" \/>\n<meta property=\"og:locale\" content=\"et_EE\" \/>\n<meta property=\"og:type\" content=\"article\" \/>\n<meta property=\"og:title\" content=\"PURJETAMISKELL- STEALTH RACER - NORDLINE s\u00f5udepaadid ja mootorpaadid. Klaasfiiber materjalist.\" \/>\n<meta property=\"og:description\" content=\"Stealth Racer Watch on suurep\u00e4rane ja mitmek\u00fclgne purjetamiskell vee peal kandmiseks. S\u00fcsinikuga tugevdatud ABS-plastist konstruktsioon koos roostevabast terasest korpuse tagak\u00fcljega, &#013; &#013; paindlik ja kulumiskindel TPU rihm roostevabast terasest kinnitusega. &#013; &#013; &nbsp; &#013; &#013; Omadused\/eelised: &#013; &#013; &#013; Veekindel kuni 50m &#013; Kompassi funktsioon &#013; 4 loenduri re\u017eiimi, sealhulgas vibratsioonifunktsioon &#013; Taimer koos s\u00fcnkrooniga...\" \/>\n<meta property=\"og:url\" content=\"https:\/\/nordlinepaadid.ee\/et\/pood\/navigatsiooni-vahendid\/watches-sport-watches\/purjetamiskell-stealth-racer-2\/\" \/>\n<meta property=\"og:site_name\" content=\"NORDLINE s\u00f5udepaadid ja mootorpaadid. Klaasfiiber materjalist.\" \/>\n<meta property=\"article:publisher\" content=\"https:\/\/www.facebook.com\/nordlineboats\" \/>\n<meta property=\"og:image\" content=\"https:\/\/nordlinepaadid.ee\/wp-content\/uploads\/2024\/05\/10805_GILL-W017-BLK01ORANGE-1.png\" \/>\n\t<meta property=\"og:image:width\" content=\"518\" \/>\n\t<meta property=\"og:image:height\" content=\"517\" \/>\n\t<meta property=\"og:image:type\" content=\"image\/png\" \/>\n<meta name=\"twitter:card\" content=\"summary_large_image\" \/>\n<script type=\"application\/ld+json\" class=\"yoast-schema-graph\">{\"@context\":\"https:\\\/\\\/schema.org\",\"@graph\":[{\"@type\":\"WebPage\",\"@id\":\"https:\\\/\\\/nordlinepaadid.ee\\\/et\\\/pood\\\/navigatsiooni-vahendid\\\/watches-sport-watches\\\/purjetamiskell-stealth-racer-2\\\/\",\"url\":\"https:\\\/\\\/nordlinepaadid.ee\\\/et\\\/pood\\\/navigatsiooni-vahendid\\\/watches-sport-watches\\\/purjetamiskell-stealth-racer-2\\\/\",\"name\":\"PURJETAMISKELL- STEALTH RACER - NORDLINE s\u00f5udepaadid ja mootorpaadid. Klaasfiiber materjalist.\",\"isPartOf\":{\"@id\":\"https:\\\/\\\/nordlinepaadid.ee\\\/et\\\/#website\"},\"primaryImageOfPage\":{\"@id\":\"https:\\\/\\\/nordlinepaadid.ee\\\/et\\\/pood\\\/navigatsiooni-vahendid\\\/watches-sport-watches\\\/purjetamiskell-stealth-racer-2\\\/#primaryimage\"},\"image\":{\"@id\":\"https:\\\/\\\/nordlinepaadid.ee\\\/et\\\/pood\\\/navigatsiooni-vahendid\\\/watches-sport-watches\\\/purjetamiskell-stealth-racer-2\\\/#primaryimage\"},\"thumbnailUrl\":\"https:\\\/\\\/nordlinepaadid.ee\\\/wp-content\\\/uploads\\\/2024\\\/05\\\/10805_GILL-W017-BLK01ORANGE-1.png\",\"datePublished\":\"2026-04-21T00:38:35+00:00\",\"breadcrumb\":{\"@id\":\"https:\\\/\\\/nordlinepaadid.ee\\\/et\\\/pood\\\/navigatsiooni-vahendid\\\/watches-sport-watches\\\/purjetamiskell-stealth-racer-2\\\/#breadcrumb\"},\"inLanguage\":\"et\",\"potentialAction\":[{\"@type\":\"ReadAction\",\"target\":[\"https:\\\/\\\/nordlinepaadid.ee\\\/et\\\/pood\\\/navigatsiooni-vahendid\\\/watches-sport-watches\\\/purjetamiskell-stealth-racer-2\\\/\"]}]},{\"@type\":\"ImageObject\",\"inLanguage\":\"et\",\"@id\":\"https:\\\/\\\/nordlinepaadid.ee\\\/et\\\/pood\\\/navigatsiooni-vahendid\\\/watches-sport-watches\\\/purjetamiskell-stealth-racer-2\\\/#primaryimage\",\"url\":\"https:\\\/\\\/nordlinepaadid.ee\\\/wp-content\\\/uploads\\\/2024\\\/05\\\/10805_GILL-W017-BLK01ORANGE-1.png\",\"contentUrl\":\"https:\\\/\\\/nordlinepaadid.ee\\\/wp-content\\\/uploads\\\/2024\\\/05\\\/10805_GILL-W017-BLK01ORANGE-1.png\",\"width\":518,\"height\":517},{\"@type\":\"BreadcrumbList\",\"@id\":\"https:\\\/\\\/nordlinepaadid.ee\\\/et\\\/pood\\\/navigatsiooni-vahendid\\\/watches-sport-watches\\\/purjetamiskell-stealth-racer-2\\\/#breadcrumb\",\"itemListElement\":[{\"@type\":\"ListItem\",\"position\":1,\"name\":\"Home\",\"item\":\"https:\\\/\\\/nordlinepaadid.ee\\\/et\\\/\"},{\"@type\":\"ListItem\",\"position\":2,\"name\":\"Pood\",\"item\":\"https:\\\/\\\/nordlinepaadid.ee\\\/et\\\/pood\\\/\"},{\"@type\":\"ListItem\",\"position\":3,\"name\":\"PURJETAMISKELL- STEALTH RACER\"}]},{\"@type\":\"WebSite\",\"@id\":\"https:\\\/\\\/nordlinepaadid.ee\\\/et\\\/#website\",\"url\":\"https:\\\/\\\/nordlinepaadid.ee\\\/et\\\/\",\"name\":\"NORDLINE s\u00f5udepaadid ja mootorpaadid. Klaasfiiber materjalist.\",\"description\":\"\",\"publisher\":{\"@id\":\"https:\\\/\\\/nordlinepaadid.ee\\\/et\\\/#organization\"},\"potentialAction\":[{\"@type\":\"SearchAction\",\"target\":{\"@type\":\"EntryPoint\",\"urlTemplate\":\"https:\\\/\\\/nordlinepaadid.ee\\\/et\\\/?s={search_term_string}\"},\"query-input\":{\"@type\":\"PropertyValueSpecification\",\"valueRequired\":true,\"valueName\":\"search_term_string\"}}],\"inLanguage\":\"et\"},{\"@type\":\"Organization\",\"@id\":\"https:\\\/\\\/nordlinepaadid.ee\\\/et\\\/#organization\",\"name\":\"Nordlineboats\",\"url\":\"https:\\\/\\\/nordlinepaadid.ee\\\/et\\\/\",\"logo\":{\"@type\":\"ImageObject\",\"inLanguage\":\"et\",\"@id\":\"https:\\\/\\\/nordlinepaadid.ee\\\/et\\\/#\\\/schema\\\/logo\\\/image\\\/\",\"url\":\"https:\\\/\\\/nordlinepaadid.ee\\\/wp-content\\\/uploads\\\/2023\\\/01\\\/fulllogo_transparent_nobuffer-e1672750475494.png\",\"contentUrl\":\"https:\\\/\\\/nordlinepaadid.ee\\\/wp-content\\\/uploads\\\/2023\\\/01\\\/fulllogo_transparent_nobuffer-e1672750475494.png\",\"width\":150,\"height\":119,\"caption\":\"Nordlineboats\"},\"image\":{\"@id\":\"https:\\\/\\\/nordlinepaadid.ee\\\/et\\\/#\\\/schema\\\/logo\\\/image\\\/\"},\"sameAs\":[\"https:\\\/\\\/www.facebook.com\\\/nordlineboats\",\"https:\\\/\\\/www.youtube.com\\\/channel\\\/UCbgF0fy02y3QkFnujaLTaCA\"]}]}<\/script>\n<!-- \/ Yoast SEO plugin. -->","yoast_head_json":{"title":"PURJETAMISKELL- STEALTH RACER - NORDLINE s\u00f5udepaadid ja mootorpaadid. Klaasfiiber materjalist.","robots":{"index":"index","follow":"follow","max-snippet":"max-snippet:-1","max-image-preview":"max-image-preview:large","max-video-preview":"max-video-preview:-1"},"canonical":"https:\/\/nordlinepaadid.ee\/et\/pood\/navigatsiooni-vahendid\/watches-sport-watches\/purjetamiskell-stealth-racer-2\/","og_locale":"et_EE","og_type":"article","og_title":"PURJETAMISKELL- STEALTH RACER - NORDLINE s\u00f5udepaadid ja mootorpaadid. Klaasfiiber materjalist.","og_description":"Stealth Racer Watch on suurep\u00e4rane ja mitmek\u00fclgne purjetamiskell vee peal kandmiseks. S\u00fcsinikuga tugevdatud ABS-plastist konstruktsioon koos roostevabast terasest korpuse tagak\u00fcljega, &#13; &#13; paindlik ja kulumiskindel TPU rihm roostevabast terasest kinnitusega. &#13; &#13; &nbsp; &#13; &#13; Omadused\/eelised: &#13; &#13; &#13; Veekindel kuni 50m &#13; Kompassi funktsioon &#13; 4 loenduri re\u017eiimi, sealhulgas vibratsioonifunktsioon &#13; Taimer koos s\u00fcnkrooniga...","og_url":"https:\/\/nordlinepaadid.ee\/et\/pood\/navigatsiooni-vahendid\/watches-sport-watches\/purjetamiskell-stealth-racer-2\/","og_site_name":"NORDLINE s\u00f5udepaadid ja mootorpaadid. Klaasfiiber materjalist.","article_publisher":"https:\/\/www.facebook.com\/nordlineboats","og_image":[{"width":518,"height":517,"url":"https:\/\/nordlinepaadid.ee\/wp-content\/uploads\/2024\/05\/10805_GILL-W017-BLK01ORANGE-1.png","type":"image\/png"}],"twitter_card":"summary_large_image","schema":{"@context":"https:\/\/schema.org","@graph":[{"@type":"WebPage","@id":"https:\/\/nordlinepaadid.ee\/et\/pood\/navigatsiooni-vahendid\/watches-sport-watches\/purjetamiskell-stealth-racer-2\/","url":"https:\/\/nordlinepaadid.ee\/et\/pood\/navigatsiooni-vahendid\/watches-sport-watches\/purjetamiskell-stealth-racer-2\/","name":"PURJETAMISKELL- STEALTH RACER - NORDLINE s\u00f5udepaadid ja mootorpaadid. Klaasfiiber materjalist.","isPartOf":{"@id":"https:\/\/nordlinepaadid.ee\/et\/#website"},"primaryImageOfPage":{"@id":"https:\/\/nordlinepaadid.ee\/et\/pood\/navigatsiooni-vahendid\/watches-sport-watches\/purjetamiskell-stealth-racer-2\/#primaryimage"},"image":{"@id":"https:\/\/nordlinepaadid.ee\/et\/pood\/navigatsiooni-vahendid\/watches-sport-watches\/purjetamiskell-stealth-racer-2\/#primaryimage"},"thumbnailUrl":"https:\/\/nordlinepaadid.ee\/wp-content\/uploads\/2024\/05\/10805_GILL-W017-BLK01ORANGE-1.png","datePublished":"2026-04-21T00:38:35+00:00","breadcrumb":{"@id":"https:\/\/nordlinepaadid.ee\/et\/pood\/navigatsiooni-vahendid\/watches-sport-watches\/purjetamiskell-stealth-racer-2\/#breadcrumb"},"inLanguage":"et","potentialAction":[{"@type":"ReadAction","target":["https:\/\/nordlinepaadid.ee\/et\/pood\/navigatsiooni-vahendid\/watches-sport-watches\/purjetamiskell-stealth-racer-2\/"]}]},{"@type":"ImageObject","inLanguage":"et","@id":"https:\/\/nordlinepaadid.ee\/et\/pood\/navigatsiooni-vahendid\/watches-sport-watches\/purjetamiskell-stealth-racer-2\/#primaryimage","url":"https:\/\/nordlinepaadid.ee\/wp-content\/uploads\/2024\/05\/10805_GILL-W017-BLK01ORANGE-1.png","contentUrl":"https:\/\/nordlinepaadid.ee\/wp-content\/uploads\/2024\/05\/10805_GILL-W017-BLK01ORANGE-1.png","width":518,"height":517},{"@type":"BreadcrumbList","@id":"https:\/\/nordlinepaadid.ee\/et\/pood\/navigatsiooni-vahendid\/watches-sport-watches\/purjetamiskell-stealth-racer-2\/#breadcrumb","itemListElement":[{"@type":"ListItem","position":1,"name":"Home","item":"https:\/\/nordlinepaadid.ee\/et\/"},{"@type":"ListItem","position":2,"name":"Pood","item":"https:\/\/nordlinepaadid.ee\/et\/pood\/"},{"@type":"ListItem","position":3,"name":"PURJETAMISKELL- STEALTH RACER"}]},{"@type":"WebSite","@id":"https:\/\/nordlinepaadid.ee\/et\/#website","url":"https:\/\/nordlinepaadid.ee\/et\/","name":"NORDLINE s\u00f5udepaadid ja mootorpaadid. Klaasfiiber materjalist.","description":"","publisher":{"@id":"https:\/\/nordlinepaadid.ee\/et\/#organization"},"potentialAction":[{"@type":"SearchAction","target":{"@type":"EntryPoint","urlTemplate":"https:\/\/nordlinepaadid.ee\/et\/?s={search_term_string}"},"query-input":{"@type":"PropertyValueSpecification","valueRequired":true,"valueName":"search_term_string"}}],"inLanguage":"et"},{"@type":"Organization","@id":"https:\/\/nordlinepaadid.ee\/et\/#organization","name":"Nordlineboats","url":"https:\/\/nordlinepaadid.ee\/et\/","logo":{"@type":"ImageObject","inLanguage":"et","@id":"https:\/\/nordlinepaadid.ee\/et\/#\/schema\/logo\/image\/","url":"https:\/\/nordlinepaadid.ee\/wp-content\/uploads\/2023\/01\/fulllogo_transparent_nobuffer-e1672750475494.png","contentUrl":"https:\/\/nordlinepaadid.ee\/wp-content\/uploads\/2023\/01\/fulllogo_transparent_nobuffer-e1672750475494.png","width":150,"height":119,"caption":"Nordlineboats"},"image":{"@id":"https:\/\/nordlinepaadid.ee\/et\/#\/schema\/logo\/image\/"},"sameAs":["https:\/\/www.facebook.com\/nordlineboats","https:\/\/www.youtube.com\/channel\/UCbgF0fy02y3QkFnujaLTaCA"]}]}},"taxonomy_info":{"product_cat":[{"value":344,"label":"K\u00e4ekellad, Sportkellad, Purjetamiskellad"},{"value":247,"label":"NAVIGATSIOONIVAHENDID"}],"pa_color":[{"value":775,"label":"Oran\u017e"}],"pa_unit":[{"value":416,"label":"pcs"}]},"featured_image_src_large":["https:\/\/nordlinepaadid.ee\/wp-content\/uploads\/2024\/05\/10805_GILL-W017-BLK01ORANGE-1.png",518,517,false],"author_info":[],"comment_info":"","_links":{"self":[{"href":"https:\/\/nordlinepaadid.ee\/et\/wp-json\/wp\/v2\/product\/63875","targetHints":{"allow":["GET"]}}],"collection":[{"href":"https:\/\/nordlinepaadid.ee\/et\/wp-json\/wp\/v2\/product"}],"about":[{"href":"https:\/\/nordlinepaadid.ee\/et\/wp-json\/wp\/v2\/types\/product"}],"wp:featuredmedia":[{"embeddable":true,"href":"https:\/\/nordlinepaadid.ee\/et\/wp-json\/wp\/v2\/media\/44019"}],"wp:attachment":[{"href":"https:\/\/nordlinepaadid.ee\/et\/wp-json\/wp\/v2\/media?parent=63875"}],"wp:term":[{"taxonomy":"product_brand","embeddable":true,"href":"https:\/\/nordlinepaadid.ee\/et\/wp-json\/wp\/v2\/product_brand?post=63875"},{"taxonomy":"product_cat","embeddable":true,"href":"https:\/\/nordlinepaadid.ee\/et\/wp-json\/wp\/v2\/product_cat?post=63875"},{"taxonomy":"product_tag","embeddable":true,"href":"https:\/\/nordlinepaadid.ee\/et\/wp-json\/wp\/v2\/product_tag?post=63875"}],"curies":[{"name":"wp","href":"https:\/\/api.w.org\/{rel}","templated":true}]}}