{"id":63876,"date":"2026-04-21T03:38:35","date_gmt":"2026-04-21T00:38:35","guid":{"rendered":"https:\/\/nordlinepaadid.ee\/pood\/maaratlemata\/isetaituv-paastevest-baltic-165n-automaatne-40-120-kg\/"},"modified":"2026-04-21T03:38:35","modified_gmt":"2026-04-21T00:38:35","slug":"isetaituv-paastevest-baltic-165n-automaatne-40-120-kg","status":"publish","type":"product","link":"https:\/\/nordlinepaadid.ee\/et\/pood\/paastevahendid\/paastevestid-ohutusvestid\/isetaituv-paastevest-baltic-165n-automaatne-40-120-kg\/","title":{"rendered":"ISET\u00c4ITUV P\u00c4\u00c4STEVEST- BALTIC 165N, AUTOMAATNE, 40-120 KG"},"content":{"rendered":"<p style=\"text-align:justify\">Athena 165 on esimene t\u00e4ispuhutav p\u00e4\u00e4stevest, mis on v\u00e4lja t\u00f6\u00f6tatud spetsiaalselt naistele . Parema istuvuse ja saledama vesti saamiseks on klapp paigutatud rinna alla, koos heade reguleerimisv\u00f5imalustega annab see korraliku ja painduva mudeli olenemata kehakujust. Vest on suletud happekindlate lukustuskinnituste ja polsterdatud takjapaelaga, mis loob pehme kaitsekihi keha\/riiete ja kinnituse vahele. Aknad, mille l\u00e4bi ventiilide rohelised indikaatorid n\u00e4itavad, et p\u00e4\u00e4stevest on laetud ja kasutusvalmis. Vile ja eemaldatav jalgevahe rihm. 165N kandev\u00f5ime.<\/p>\n<p>&#13;<br \/>\n&#13;<\/p>\n<p style=\"text-align:justify\">Eriti sobilik naiste anatoomiaga!<\/p>\n<p>&#13;<\/p>\n","protected":false},"excerpt":{"rendered":"<p>Athena 165 on esimene t\u00e4ispuhutav p\u00e4\u00e4stevest, mis on v\u00e4lja t\u00f6\u00f6tatud spetsiaalselt naistele . Parema istuvuse ja saledama vesti saamiseks on klapp paigutatud rinna alla, koos heade reguleerimisv\u00f5imalustega annab see korraliku ja painduva mudeli olenemata kehakujust. Vest on suletud happekindlate lukustuskinnituste ja polsterdatud takjapaelaga, mis loob pehme kaitsekihi keha\/riiete ja kinnituse vahele. Aknad, mille l\u00e4bi ventiilide&#8230;<\/p>\n","protected":false},"featured_media":63877,"template":"","meta":{"_kad_blocks_custom_css":"","_kad_blocks_head_custom_js":"","_kad_blocks_body_custom_js":"","_kad_blocks_footer_custom_js":"","_kad_post_transparent":"","_kad_post_title":"","_kad_post_layout":"","_kad_post_sidebar_id":"","_kad_post_content_style":"","_kad_post_vertical_padding":"","_kad_post_feature":"","_kad_post_feature_position":"","_kad_post_header":false,"_kad_post_footer":false,"_kad_post_classname":""},"product_brand":[],"product_cat":[230,236],"product_tag":[],"class_list":{"0":"post-63876","1":"product","2":"type-product","3":"status-publish","4":"has-post-thumbnail","6":"product_cat-paastevahendid","7":"product_cat-paastevestid-ohutusvestid","8":"pa_color-valge-roosa","9":"pa_producer-baltic","10":"pa_unit-pcs","11":"tm-no-options","13":"first","14":"onbackorder","15":"taxable","16":"shipping-taxable","17":"purchasable","18":"product-type-simple","19":"entry","20":"content-bg","21":"loop-entry"},"yoast_head":"<!-- This site is optimized with the Yoast SEO plugin v27.4 - https:\/\/yoast.com\/product\/yoast-seo-wordpress\/ -->\n<title>ISET\u00c4ITUV P\u00c4\u00c4STEVEST- BALTIC 165N, AUTOMAATNE, 40-120 KG - NORDLINE s\u00f5udepaadid ja mootorpaadid. Klaasfiiber materjalist.<\/title>\n<meta name=\"robots\" content=\"index, follow, max-snippet:-1, max-image-preview:large, max-video-preview:-1\" \/>\n<link rel=\"canonical\" href=\"https:\/\/nordlinepaadid.ee\/et\/pood\/paastevahendid\/paastevestid-ohutusvestid\/isetaituv-paastevest-baltic-165n-automaatne-40-120-kg\/\" \/>\n<meta property=\"og:locale\" content=\"et_EE\" \/>\n<meta property=\"og:type\" content=\"article\" \/>\n<meta property=\"og:title\" content=\"ISET\u00c4ITUV P\u00c4\u00c4STEVEST- BALTIC 165N, AUTOMAATNE, 40-120 KG - NORDLINE s\u00f5udepaadid ja mootorpaadid. Klaasfiiber materjalist.\" \/>\n<meta property=\"og:description\" content=\"Athena 165 on esimene t\u00e4ispuhutav p\u00e4\u00e4stevest, mis on v\u00e4lja t\u00f6\u00f6tatud spetsiaalselt naistele . Parema istuvuse ja saledama vesti saamiseks on klapp paigutatud rinna alla, koos heade reguleerimisv\u00f5imalustega annab see korraliku ja painduva mudeli olenemata kehakujust. Vest on suletud happekindlate lukustuskinnituste ja polsterdatud takjapaelaga, mis loob pehme kaitsekihi keha\/riiete ja kinnituse vahele. Aknad, mille l\u00e4bi ventiilide...\" \/>\n<meta property=\"og:url\" content=\"https:\/\/nordlinepaadid.ee\/et\/pood\/paastevahendid\/paastevestid-ohutusvestid\/isetaituv-paastevest-baltic-165n-automaatne-40-120-kg\/\" \/>\n<meta property=\"og:site_name\" content=\"NORDLINE s\u00f5udepaadid ja mootorpaadid. Klaasfiiber materjalist.\" \/>\n<meta property=\"article:publisher\" content=\"https:\/\/www.facebook.com\/nordlineboats\" \/>\n<meta property=\"og:image\" content=\"https:\/\/nordlinepaadid.ee\/wp-content\/uploads\/2026\/04\/10808_uus.jpg\" \/>\n\t<meta property=\"og:image:width\" content=\"486\" \/>\n\t<meta property=\"og:image:height\" content=\"582\" \/>\n\t<meta property=\"og:image:type\" content=\"image\/jpeg\" \/>\n<meta name=\"twitter:card\" content=\"summary_large_image\" \/>\n<script type=\"application\/ld+json\" class=\"yoast-schema-graph\">{\"@context\":\"https:\\\/\\\/schema.org\",\"@graph\":[{\"@type\":\"WebPage\",\"@id\":\"https:\\\/\\\/nordlinepaadid.ee\\\/et\\\/pood\\\/paastevahendid\\\/paastevestid-ohutusvestid\\\/isetaituv-paastevest-baltic-165n-automaatne-40-120-kg\\\/\",\"url\":\"https:\\\/\\\/nordlinepaadid.ee\\\/et\\\/pood\\\/paastevahendid\\\/paastevestid-ohutusvestid\\\/isetaituv-paastevest-baltic-165n-automaatne-40-120-kg\\\/\",\"name\":\"ISET\u00c4ITUV P\u00c4\u00c4STEVEST- BALTIC 165N, AUTOMAATNE, 40-120 KG - NORDLINE s\u00f5udepaadid ja mootorpaadid. Klaasfiiber materjalist.\",\"isPartOf\":{\"@id\":\"https:\\\/\\\/nordlinepaadid.ee\\\/et\\\/#website\"},\"primaryImageOfPage\":{\"@id\":\"https:\\\/\\\/nordlinepaadid.ee\\\/et\\\/pood\\\/paastevahendid\\\/paastevestid-ohutusvestid\\\/isetaituv-paastevest-baltic-165n-automaatne-40-120-kg\\\/#primaryimage\"},\"image\":{\"@id\":\"https:\\\/\\\/nordlinepaadid.ee\\\/et\\\/pood\\\/paastevahendid\\\/paastevestid-ohutusvestid\\\/isetaituv-paastevest-baltic-165n-automaatne-40-120-kg\\\/#primaryimage\"},\"thumbnailUrl\":\"https:\\\/\\\/nordlinepaadid.ee\\\/wp-content\\\/uploads\\\/2026\\\/04\\\/10808_uus.jpg\",\"datePublished\":\"2026-04-21T00:38:35+00:00\",\"breadcrumb\":{\"@id\":\"https:\\\/\\\/nordlinepaadid.ee\\\/et\\\/pood\\\/paastevahendid\\\/paastevestid-ohutusvestid\\\/isetaituv-paastevest-baltic-165n-automaatne-40-120-kg\\\/#breadcrumb\"},\"inLanguage\":\"et\",\"potentialAction\":[{\"@type\":\"ReadAction\",\"target\":[\"https:\\\/\\\/nordlinepaadid.ee\\\/et\\\/pood\\\/paastevahendid\\\/paastevestid-ohutusvestid\\\/isetaituv-paastevest-baltic-165n-automaatne-40-120-kg\\\/\"]}]},{\"@type\":\"ImageObject\",\"inLanguage\":\"et\",\"@id\":\"https:\\\/\\\/nordlinepaadid.ee\\\/et\\\/pood\\\/paastevahendid\\\/paastevestid-ohutusvestid\\\/isetaituv-paastevest-baltic-165n-automaatne-40-120-kg\\\/#primaryimage\",\"url\":\"https:\\\/\\\/nordlinepaadid.ee\\\/wp-content\\\/uploads\\\/2026\\\/04\\\/10808_uus.jpg\",\"contentUrl\":\"https:\\\/\\\/nordlinepaadid.ee\\\/wp-content\\\/uploads\\\/2026\\\/04\\\/10808_uus.jpg\",\"width\":486,\"height\":582},{\"@type\":\"BreadcrumbList\",\"@id\":\"https:\\\/\\\/nordlinepaadid.ee\\\/et\\\/pood\\\/paastevahendid\\\/paastevestid-ohutusvestid\\\/isetaituv-paastevest-baltic-165n-automaatne-40-120-kg\\\/#breadcrumb\",\"itemListElement\":[{\"@type\":\"ListItem\",\"position\":1,\"name\":\"Home\",\"item\":\"https:\\\/\\\/nordlinepaadid.ee\\\/et\\\/\"},{\"@type\":\"ListItem\",\"position\":2,\"name\":\"Pood\",\"item\":\"https:\\\/\\\/nordlinepaadid.ee\\\/et\\\/pood\\\/\"},{\"@type\":\"ListItem\",\"position\":3,\"name\":\"ISET\u00c4ITUV P\u00c4\u00c4STEVEST- BALTIC 165N, AUTOMAATNE, 40-120 KG\"}]},{\"@type\":\"WebSite\",\"@id\":\"https:\\\/\\\/nordlinepaadid.ee\\\/et\\\/#website\",\"url\":\"https:\\\/\\\/nordlinepaadid.ee\\\/et\\\/\",\"name\":\"NORDLINE s\u00f5udepaadid ja mootorpaadid. Klaasfiiber materjalist.\",\"description\":\"\",\"publisher\":{\"@id\":\"https:\\\/\\\/nordlinepaadid.ee\\\/et\\\/#organization\"},\"potentialAction\":[{\"@type\":\"SearchAction\",\"target\":{\"@type\":\"EntryPoint\",\"urlTemplate\":\"https:\\\/\\\/nordlinepaadid.ee\\\/et\\\/?s={search_term_string}\"},\"query-input\":{\"@type\":\"PropertyValueSpecification\",\"valueRequired\":true,\"valueName\":\"search_term_string\"}}],\"inLanguage\":\"et\"},{\"@type\":\"Organization\",\"@id\":\"https:\\\/\\\/nordlinepaadid.ee\\\/et\\\/#organization\",\"name\":\"Nordlineboats\",\"url\":\"https:\\\/\\\/nordlinepaadid.ee\\\/et\\\/\",\"logo\":{\"@type\":\"ImageObject\",\"inLanguage\":\"et\",\"@id\":\"https:\\\/\\\/nordlinepaadid.ee\\\/et\\\/#\\\/schema\\\/logo\\\/image\\\/\",\"url\":\"https:\\\/\\\/nordlinepaadid.ee\\\/wp-content\\\/uploads\\\/2023\\\/01\\\/fulllogo_transparent_nobuffer-e1672750475494.png\",\"contentUrl\":\"https:\\\/\\\/nordlinepaadid.ee\\\/wp-content\\\/uploads\\\/2023\\\/01\\\/fulllogo_transparent_nobuffer-e1672750475494.png\",\"width\":150,\"height\":119,\"caption\":\"Nordlineboats\"},\"image\":{\"@id\":\"https:\\\/\\\/nordlinepaadid.ee\\\/et\\\/#\\\/schema\\\/logo\\\/image\\\/\"},\"sameAs\":[\"https:\\\/\\\/www.facebook.com\\\/nordlineboats\",\"https:\\\/\\\/www.youtube.com\\\/channel\\\/UCbgF0fy02y3QkFnujaLTaCA\"]}]}<\/script>\n<!-- \/ Yoast SEO plugin. -->","yoast_head_json":{"title":"ISET\u00c4ITUV P\u00c4\u00c4STEVEST- BALTIC 165N, AUTOMAATNE, 40-120 KG - NORDLINE s\u00f5udepaadid ja mootorpaadid. Klaasfiiber materjalist.","robots":{"index":"index","follow":"follow","max-snippet":"max-snippet:-1","max-image-preview":"max-image-preview:large","max-video-preview":"max-video-preview:-1"},"canonical":"https:\/\/nordlinepaadid.ee\/et\/pood\/paastevahendid\/paastevestid-ohutusvestid\/isetaituv-paastevest-baltic-165n-automaatne-40-120-kg\/","og_locale":"et_EE","og_type":"article","og_title":"ISET\u00c4ITUV P\u00c4\u00c4STEVEST- BALTIC 165N, AUTOMAATNE, 40-120 KG - NORDLINE s\u00f5udepaadid ja mootorpaadid. Klaasfiiber materjalist.","og_description":"Athena 165 on esimene t\u00e4ispuhutav p\u00e4\u00e4stevest, mis on v\u00e4lja t\u00f6\u00f6tatud spetsiaalselt naistele . Parema istuvuse ja saledama vesti saamiseks on klapp paigutatud rinna alla, koos heade reguleerimisv\u00f5imalustega annab see korraliku ja painduva mudeli olenemata kehakujust. Vest on suletud happekindlate lukustuskinnituste ja polsterdatud takjapaelaga, mis loob pehme kaitsekihi keha\/riiete ja kinnituse vahele. Aknad, mille l\u00e4bi ventiilide...","og_url":"https:\/\/nordlinepaadid.ee\/et\/pood\/paastevahendid\/paastevestid-ohutusvestid\/isetaituv-paastevest-baltic-165n-automaatne-40-120-kg\/","og_site_name":"NORDLINE s\u00f5udepaadid ja mootorpaadid. Klaasfiiber materjalist.","article_publisher":"https:\/\/www.facebook.com\/nordlineboats","og_image":[{"width":486,"height":582,"url":"https:\/\/nordlinepaadid.ee\/wp-content\/uploads\/2026\/04\/10808_uus.jpg","type":"image\/jpeg"}],"twitter_card":"summary_large_image","schema":{"@context":"https:\/\/schema.org","@graph":[{"@type":"WebPage","@id":"https:\/\/nordlinepaadid.ee\/et\/pood\/paastevahendid\/paastevestid-ohutusvestid\/isetaituv-paastevest-baltic-165n-automaatne-40-120-kg\/","url":"https:\/\/nordlinepaadid.ee\/et\/pood\/paastevahendid\/paastevestid-ohutusvestid\/isetaituv-paastevest-baltic-165n-automaatne-40-120-kg\/","name":"ISET\u00c4ITUV P\u00c4\u00c4STEVEST- BALTIC 165N, AUTOMAATNE, 40-120 KG - NORDLINE s\u00f5udepaadid ja mootorpaadid. Klaasfiiber materjalist.","isPartOf":{"@id":"https:\/\/nordlinepaadid.ee\/et\/#website"},"primaryImageOfPage":{"@id":"https:\/\/nordlinepaadid.ee\/et\/pood\/paastevahendid\/paastevestid-ohutusvestid\/isetaituv-paastevest-baltic-165n-automaatne-40-120-kg\/#primaryimage"},"image":{"@id":"https:\/\/nordlinepaadid.ee\/et\/pood\/paastevahendid\/paastevestid-ohutusvestid\/isetaituv-paastevest-baltic-165n-automaatne-40-120-kg\/#primaryimage"},"thumbnailUrl":"https:\/\/nordlinepaadid.ee\/wp-content\/uploads\/2026\/04\/10808_uus.jpg","datePublished":"2026-04-21T00:38:35+00:00","breadcrumb":{"@id":"https:\/\/nordlinepaadid.ee\/et\/pood\/paastevahendid\/paastevestid-ohutusvestid\/isetaituv-paastevest-baltic-165n-automaatne-40-120-kg\/#breadcrumb"},"inLanguage":"et","potentialAction":[{"@type":"ReadAction","target":["https:\/\/nordlinepaadid.ee\/et\/pood\/paastevahendid\/paastevestid-ohutusvestid\/isetaituv-paastevest-baltic-165n-automaatne-40-120-kg\/"]}]},{"@type":"ImageObject","inLanguage":"et","@id":"https:\/\/nordlinepaadid.ee\/et\/pood\/paastevahendid\/paastevestid-ohutusvestid\/isetaituv-paastevest-baltic-165n-automaatne-40-120-kg\/#primaryimage","url":"https:\/\/nordlinepaadid.ee\/wp-content\/uploads\/2026\/04\/10808_uus.jpg","contentUrl":"https:\/\/nordlinepaadid.ee\/wp-content\/uploads\/2026\/04\/10808_uus.jpg","width":486,"height":582},{"@type":"BreadcrumbList","@id":"https:\/\/nordlinepaadid.ee\/et\/pood\/paastevahendid\/paastevestid-ohutusvestid\/isetaituv-paastevest-baltic-165n-automaatne-40-120-kg\/#breadcrumb","itemListElement":[{"@type":"ListItem","position":1,"name":"Home","item":"https:\/\/nordlinepaadid.ee\/et\/"},{"@type":"ListItem","position":2,"name":"Pood","item":"https:\/\/nordlinepaadid.ee\/et\/pood\/"},{"@type":"ListItem","position":3,"name":"ISET\u00c4ITUV P\u00c4\u00c4STEVEST- BALTIC 165N, AUTOMAATNE, 40-120 KG"}]},{"@type":"WebSite","@id":"https:\/\/nordlinepaadid.ee\/et\/#website","url":"https:\/\/nordlinepaadid.ee\/et\/","name":"NORDLINE s\u00f5udepaadid ja mootorpaadid. Klaasfiiber materjalist.","description":"","publisher":{"@id":"https:\/\/nordlinepaadid.ee\/et\/#organization"},"potentialAction":[{"@type":"SearchAction","target":{"@type":"EntryPoint","urlTemplate":"https:\/\/nordlinepaadid.ee\/et\/?s={search_term_string}"},"query-input":{"@type":"PropertyValueSpecification","valueRequired":true,"valueName":"search_term_string"}}],"inLanguage":"et"},{"@type":"Organization","@id":"https:\/\/nordlinepaadid.ee\/et\/#organization","name":"Nordlineboats","url":"https:\/\/nordlinepaadid.ee\/et\/","logo":{"@type":"ImageObject","inLanguage":"et","@id":"https:\/\/nordlinepaadid.ee\/et\/#\/schema\/logo\/image\/","url":"https:\/\/nordlinepaadid.ee\/wp-content\/uploads\/2023\/01\/fulllogo_transparent_nobuffer-e1672750475494.png","contentUrl":"https:\/\/nordlinepaadid.ee\/wp-content\/uploads\/2023\/01\/fulllogo_transparent_nobuffer-e1672750475494.png","width":150,"height":119,"caption":"Nordlineboats"},"image":{"@id":"https:\/\/nordlinepaadid.ee\/et\/#\/schema\/logo\/image\/"},"sameAs":["https:\/\/www.facebook.com\/nordlineboats","https:\/\/www.youtube.com\/channel\/UCbgF0fy02y3QkFnujaLTaCA"]}]}},"taxonomy_info":{"product_cat":[{"value":230,"label":"P\u00c4\u00c4STEVAHENDID"},{"value":236,"label":"P\u00e4\u00e4stevestid, Ohutusvestid"}],"pa_color":[{"value":1509,"label":"Valge\/Roosa"}],"pa_producer":[{"value":508,"label":"Baltic"}],"pa_unit":[{"value":416,"label":"pcs"}]},"featured_image_src_large":["https:\/\/nordlinepaadid.ee\/wp-content\/uploads\/2026\/04\/10808_uus.jpg",486,582,false],"author_info":[],"comment_info":"","_links":{"self":[{"href":"https:\/\/nordlinepaadid.ee\/et\/wp-json\/wp\/v2\/product\/63876","targetHints":{"allow":["GET"]}}],"collection":[{"href":"https:\/\/nordlinepaadid.ee\/et\/wp-json\/wp\/v2\/product"}],"about":[{"href":"https:\/\/nordlinepaadid.ee\/et\/wp-json\/wp\/v2\/types\/product"}],"wp:featuredmedia":[{"embeddable":true,"href":"https:\/\/nordlinepaadid.ee\/et\/wp-json\/wp\/v2\/media\/63877"}],"wp:attachment":[{"href":"https:\/\/nordlinepaadid.ee\/et\/wp-json\/wp\/v2\/media?parent=63876"}],"wp:term":[{"taxonomy":"product_brand","embeddable":true,"href":"https:\/\/nordlinepaadid.ee\/et\/wp-json\/wp\/v2\/product_brand?post=63876"},{"taxonomy":"product_cat","embeddable":true,"href":"https:\/\/nordlinepaadid.ee\/et\/wp-json\/wp\/v2\/product_cat?post=63876"},{"taxonomy":"product_tag","embeddable":true,"href":"https:\/\/nordlinepaadid.ee\/et\/wp-json\/wp\/v2\/product_tag?post=63876"}],"curies":[{"name":"wp","href":"https:\/\/api.w.org\/{rel}","templated":true}]}}