{"id":63905,"date":"2026-04-17T19:07:24","date_gmt":"2026-04-17T16:07:24","guid":{"rendered":"https:\/\/nordlinepaadid.ee\/pood\/maaratlemata\/lowrance-eagle-9-row-noxd-andurita\/"},"modified":"2026-04-17T19:07:24","modified_gmt":"2026-04-17T16:07:24","slug":"lowrance-eagle-9-row-noxd-andurita","status":"publish","type":"product","link":"https:\/\/nordlinepaadid.ee\/et\/pood\/mereelektroonika\/chartplotters-fishfinders\/lowrance-eagle-9-row-noxd-andurita\/","title":{"rendered":"LOWRANCE EAGLE 9 ROW NOXD ANDURITA"},"content":{"rendered":"<p style=\"text-align:justify\">Uuenenud plotterite seeria Eagle mudel ilma andurita. \u00dchildub k\u00f5igi 83\/200 HDI, 50\/200 HDI, SplitShot\u2122 HD and TripleShot\u2122 anduritega. IPS ekraan, mis on n\u00e4htav igast nurgast ka polariseeritud prillidega. Uus usaldusv\u00e4\u00e4rne keeratav lukustuss\u00fcsteem paigaldamiseks paati v\u00f5i kajakki. SD kaardi pesa tarkvarauuendamiseks, Genesis Live salvestamiseks ja kaardi lisamoodulite jaoks. N\u00e4ete varjatud kalu FishReveal\u2122 re\u017eiimis.<\/p>\n<p>&#13;<\/p>\n<p><iframe loading=\"lazy\" allowfullscreen=\"\" frameborder=\"0\" height=\"360\" src=\"\/\/www.youtube.com\/embed\/oa0NFV7o-Rw\" width=\"640\"><\/iframe><\/p>\n<p>&#13;<\/p>\n","protected":false},"excerpt":{"rendered":"<p>Uuenenud plotterite seeria Eagle mudel ilma andurita. \u00dchildub k\u00f5igi 83\/200 HDI, 50\/200 HDI, SplitShot\u2122 HD and TripleShot\u2122 anduritega. IPS ekraan, mis on n\u00e4htav igast nurgast ka polariseeritud prillidega. Uus usaldusv\u00e4\u00e4rne keeratav lukustuss\u00fcsteem paigaldamiseks paati v\u00f5i kajakki. SD kaardi pesa tarkvarauuendamiseks, Genesis Live salvestamiseks ja kaardi lisamoodulite jaoks. N\u00e4ete varjatud kalu FishReveal\u2122 re\u017eiimis. &#13; &#13;<\/p>\n","protected":false},"featured_media":44212,"template":"","meta":{"_kad_blocks_custom_css":"","_kad_blocks_head_custom_js":"","_kad_blocks_body_custom_js":"","_kad_blocks_footer_custom_js":"","_kad_post_transparent":"","_kad_post_title":"","_kad_post_layout":"","_kad_post_sidebar_id":"","_kad_post_content_style":"","_kad_post_vertical_padding":"","_kad_post_feature":"","_kad_post_feature_position":"","_kad_post_header":false,"_kad_post_footer":false,"_kad_post_classname":""},"product_brand":[],"product_cat":[338,352],"product_tag":[],"class_list":{"0":"post-63905","1":"product","2":"type-product","3":"status-publish","4":"has-post-thumbnail","6":"product_cat-chartplotters-fishfinders","7":"product_cat-mereelektroonika","8":"pa_producer-lowrance","9":"pa_unit-pcs","10":"tm-no-options","12":"first","13":"onbackorder","14":"taxable","15":"shipping-taxable","16":"purchasable","17":"product-type-simple","18":"entry","19":"content-bg","20":"loop-entry"},"yoast_head":"<!-- This site is optimized with the Yoast SEO plugin v27.3 - https:\/\/yoast.com\/product\/yoast-seo-wordpress\/ -->\n<title>LOWRANCE EAGLE 9 ROW NOXD ANDURITA - NORDLINE s\u00f5udepaadid ja mootorpaadid. Klaasfiiber materjalist.<\/title>\n<meta name=\"robots\" content=\"index, follow, max-snippet:-1, max-image-preview:large, max-video-preview:-1\" \/>\n<link rel=\"canonical\" href=\"https:\/\/nordlinepaadid.ee\/et\/pood\/mereelektroonika\/chartplotters-fishfinders\/lowrance-eagle-9-row-noxd-andurita\/\" \/>\n<meta property=\"og:locale\" content=\"et_EE\" \/>\n<meta property=\"og:type\" content=\"article\" \/>\n<meta property=\"og:title\" content=\"LOWRANCE EAGLE 9 ROW NOXD ANDURITA - NORDLINE s\u00f5udepaadid ja mootorpaadid. Klaasfiiber materjalist.\" \/>\n<meta property=\"og:description\" content=\"Uuenenud plotterite seeria Eagle mudel ilma andurita. \u00dchildub k\u00f5igi 83\/200 HDI, 50\/200 HDI, SplitShot\u2122 HD and TripleShot\u2122 anduritega. IPS ekraan, mis on n\u00e4htav igast nurgast ka polariseeritud prillidega. Uus usaldusv\u00e4\u00e4rne keeratav lukustuss\u00fcsteem paigaldamiseks paati v\u00f5i kajakki. SD kaardi pesa tarkvarauuendamiseks, Genesis Live salvestamiseks ja kaardi lisamoodulite jaoks. N\u00e4ete varjatud kalu FishReveal\u2122 re\u017eiimis. &#013; &#013;\" \/>\n<meta property=\"og:url\" content=\"https:\/\/nordlinepaadid.ee\/et\/pood\/mereelektroonika\/chartplotters-fishfinders\/lowrance-eagle-9-row-noxd-andurita\/\" \/>\n<meta property=\"og:site_name\" content=\"NORDLINE s\u00f5udepaadid ja mootorpaadid. Klaasfiiber materjalist.\" \/>\n<meta property=\"article:publisher\" content=\"https:\/\/www.facebook.com\/nordlineboats\" \/>\n<meta property=\"og:image\" content=\"https:\/\/nordlinepaadid.ee\/wp-content\/uploads\/2024\/05\/10893_XLO-000-16127-001-1.png\" \/>\n\t<meta property=\"og:image:width\" content=\"549\" \/>\n\t<meta property=\"og:image:height\" content=\"549\" \/>\n\t<meta property=\"og:image:type\" content=\"image\/png\" \/>\n<meta name=\"twitter:card\" content=\"summary_large_image\" \/>\n<script type=\"application\/ld+json\" class=\"yoast-schema-graph\">{\"@context\":\"https:\\\/\\\/schema.org\",\"@graph\":[{\"@type\":\"WebPage\",\"@id\":\"https:\\\/\\\/nordlinepaadid.ee\\\/et\\\/pood\\\/mereelektroonika\\\/chartplotters-fishfinders\\\/lowrance-eagle-9-row-noxd-andurita\\\/\",\"url\":\"https:\\\/\\\/nordlinepaadid.ee\\\/et\\\/pood\\\/mereelektroonika\\\/chartplotters-fishfinders\\\/lowrance-eagle-9-row-noxd-andurita\\\/\",\"name\":\"LOWRANCE EAGLE 9 ROW NOXD ANDURITA - NORDLINE s\u00f5udepaadid ja mootorpaadid. Klaasfiiber materjalist.\",\"isPartOf\":{\"@id\":\"https:\\\/\\\/nordlinepaadid.ee\\\/et\\\/#website\"},\"primaryImageOfPage\":{\"@id\":\"https:\\\/\\\/nordlinepaadid.ee\\\/et\\\/pood\\\/mereelektroonika\\\/chartplotters-fishfinders\\\/lowrance-eagle-9-row-noxd-andurita\\\/#primaryimage\"},\"image\":{\"@id\":\"https:\\\/\\\/nordlinepaadid.ee\\\/et\\\/pood\\\/mereelektroonika\\\/chartplotters-fishfinders\\\/lowrance-eagle-9-row-noxd-andurita\\\/#primaryimage\"},\"thumbnailUrl\":\"https:\\\/\\\/nordlinepaadid.ee\\\/wp-content\\\/uploads\\\/2024\\\/05\\\/10893_XLO-000-16127-001-1.png\",\"datePublished\":\"2026-04-17T16:07:24+00:00\",\"breadcrumb\":{\"@id\":\"https:\\\/\\\/nordlinepaadid.ee\\\/et\\\/pood\\\/mereelektroonika\\\/chartplotters-fishfinders\\\/lowrance-eagle-9-row-noxd-andurita\\\/#breadcrumb\"},\"inLanguage\":\"et\",\"potentialAction\":[{\"@type\":\"ReadAction\",\"target\":[\"https:\\\/\\\/nordlinepaadid.ee\\\/et\\\/pood\\\/mereelektroonika\\\/chartplotters-fishfinders\\\/lowrance-eagle-9-row-noxd-andurita\\\/\"]}]},{\"@type\":\"ImageObject\",\"inLanguage\":\"et\",\"@id\":\"https:\\\/\\\/nordlinepaadid.ee\\\/et\\\/pood\\\/mereelektroonika\\\/chartplotters-fishfinders\\\/lowrance-eagle-9-row-noxd-andurita\\\/#primaryimage\",\"url\":\"https:\\\/\\\/nordlinepaadid.ee\\\/wp-content\\\/uploads\\\/2024\\\/05\\\/10893_XLO-000-16127-001-1.png\",\"contentUrl\":\"https:\\\/\\\/nordlinepaadid.ee\\\/wp-content\\\/uploads\\\/2024\\\/05\\\/10893_XLO-000-16127-001-1.png\",\"width\":549,\"height\":549},{\"@type\":\"BreadcrumbList\",\"@id\":\"https:\\\/\\\/nordlinepaadid.ee\\\/et\\\/pood\\\/mereelektroonika\\\/chartplotters-fishfinders\\\/lowrance-eagle-9-row-noxd-andurita\\\/#breadcrumb\",\"itemListElement\":[{\"@type\":\"ListItem\",\"position\":1,\"name\":\"Home\",\"item\":\"https:\\\/\\\/nordlinepaadid.ee\\\/et\\\/\"},{\"@type\":\"ListItem\",\"position\":2,\"name\":\"Pood\",\"item\":\"https:\\\/\\\/nordlinepaadid.ee\\\/et\\\/pood\\\/\"},{\"@type\":\"ListItem\",\"position\":3,\"name\":\"LOWRANCE EAGLE 9 ROW NOXD ANDURITA\"}]},{\"@type\":\"WebSite\",\"@id\":\"https:\\\/\\\/nordlinepaadid.ee\\\/et\\\/#website\",\"url\":\"https:\\\/\\\/nordlinepaadid.ee\\\/et\\\/\",\"name\":\"NORDLINE s\u00f5udepaadid ja mootorpaadid. Klaasfiiber materjalist.\",\"description\":\"\",\"publisher\":{\"@id\":\"https:\\\/\\\/nordlinepaadid.ee\\\/et\\\/#organization\"},\"potentialAction\":[{\"@type\":\"SearchAction\",\"target\":{\"@type\":\"EntryPoint\",\"urlTemplate\":\"https:\\\/\\\/nordlinepaadid.ee\\\/et\\\/?s={search_term_string}\"},\"query-input\":{\"@type\":\"PropertyValueSpecification\",\"valueRequired\":true,\"valueName\":\"search_term_string\"}}],\"inLanguage\":\"et\"},{\"@type\":\"Organization\",\"@id\":\"https:\\\/\\\/nordlinepaadid.ee\\\/et\\\/#organization\",\"name\":\"Nordlineboats\",\"url\":\"https:\\\/\\\/nordlinepaadid.ee\\\/et\\\/\",\"logo\":{\"@type\":\"ImageObject\",\"inLanguage\":\"et\",\"@id\":\"https:\\\/\\\/nordlinepaadid.ee\\\/et\\\/#\\\/schema\\\/logo\\\/image\\\/\",\"url\":\"https:\\\/\\\/nordlinepaadid.ee\\\/wp-content\\\/uploads\\\/2023\\\/01\\\/fulllogo_transparent_nobuffer-e1672750475494.png\",\"contentUrl\":\"https:\\\/\\\/nordlinepaadid.ee\\\/wp-content\\\/uploads\\\/2023\\\/01\\\/fulllogo_transparent_nobuffer-e1672750475494.png\",\"width\":150,\"height\":119,\"caption\":\"Nordlineboats\"},\"image\":{\"@id\":\"https:\\\/\\\/nordlinepaadid.ee\\\/et\\\/#\\\/schema\\\/logo\\\/image\\\/\"},\"sameAs\":[\"https:\\\/\\\/www.facebook.com\\\/nordlineboats\",\"https:\\\/\\\/www.youtube.com\\\/channel\\\/UCbgF0fy02y3QkFnujaLTaCA\"]}]}<\/script>\n<!-- \/ Yoast SEO plugin. -->","yoast_head_json":{"title":"LOWRANCE EAGLE 9 ROW NOXD ANDURITA - NORDLINE s\u00f5udepaadid ja mootorpaadid. Klaasfiiber materjalist.","robots":{"index":"index","follow":"follow","max-snippet":"max-snippet:-1","max-image-preview":"max-image-preview:large","max-video-preview":"max-video-preview:-1"},"canonical":"https:\/\/nordlinepaadid.ee\/et\/pood\/mereelektroonika\/chartplotters-fishfinders\/lowrance-eagle-9-row-noxd-andurita\/","og_locale":"et_EE","og_type":"article","og_title":"LOWRANCE EAGLE 9 ROW NOXD ANDURITA - NORDLINE s\u00f5udepaadid ja mootorpaadid. Klaasfiiber materjalist.","og_description":"Uuenenud plotterite seeria Eagle mudel ilma andurita. \u00dchildub k\u00f5igi 83\/200 HDI, 50\/200 HDI, SplitShot\u2122 HD and TripleShot\u2122 anduritega. IPS ekraan, mis on n\u00e4htav igast nurgast ka polariseeritud prillidega. Uus usaldusv\u00e4\u00e4rne keeratav lukustuss\u00fcsteem paigaldamiseks paati v\u00f5i kajakki. SD kaardi pesa tarkvarauuendamiseks, Genesis Live salvestamiseks ja kaardi lisamoodulite jaoks. N\u00e4ete varjatud kalu FishReveal\u2122 re\u017eiimis. &#13; &#13;","og_url":"https:\/\/nordlinepaadid.ee\/et\/pood\/mereelektroonika\/chartplotters-fishfinders\/lowrance-eagle-9-row-noxd-andurita\/","og_site_name":"NORDLINE s\u00f5udepaadid ja mootorpaadid. Klaasfiiber materjalist.","article_publisher":"https:\/\/www.facebook.com\/nordlineboats","og_image":[{"width":549,"height":549,"url":"https:\/\/nordlinepaadid.ee\/wp-content\/uploads\/2024\/05\/10893_XLO-000-16127-001-1.png","type":"image\/png"}],"twitter_card":"summary_large_image","schema":{"@context":"https:\/\/schema.org","@graph":[{"@type":"WebPage","@id":"https:\/\/nordlinepaadid.ee\/et\/pood\/mereelektroonika\/chartplotters-fishfinders\/lowrance-eagle-9-row-noxd-andurita\/","url":"https:\/\/nordlinepaadid.ee\/et\/pood\/mereelektroonika\/chartplotters-fishfinders\/lowrance-eagle-9-row-noxd-andurita\/","name":"LOWRANCE EAGLE 9 ROW NOXD ANDURITA - NORDLINE s\u00f5udepaadid ja mootorpaadid. Klaasfiiber materjalist.","isPartOf":{"@id":"https:\/\/nordlinepaadid.ee\/et\/#website"},"primaryImageOfPage":{"@id":"https:\/\/nordlinepaadid.ee\/et\/pood\/mereelektroonika\/chartplotters-fishfinders\/lowrance-eagle-9-row-noxd-andurita\/#primaryimage"},"image":{"@id":"https:\/\/nordlinepaadid.ee\/et\/pood\/mereelektroonika\/chartplotters-fishfinders\/lowrance-eagle-9-row-noxd-andurita\/#primaryimage"},"thumbnailUrl":"https:\/\/nordlinepaadid.ee\/wp-content\/uploads\/2024\/05\/10893_XLO-000-16127-001-1.png","datePublished":"2026-04-17T16:07:24+00:00","breadcrumb":{"@id":"https:\/\/nordlinepaadid.ee\/et\/pood\/mereelektroonika\/chartplotters-fishfinders\/lowrance-eagle-9-row-noxd-andurita\/#breadcrumb"},"inLanguage":"et","potentialAction":[{"@type":"ReadAction","target":["https:\/\/nordlinepaadid.ee\/et\/pood\/mereelektroonika\/chartplotters-fishfinders\/lowrance-eagle-9-row-noxd-andurita\/"]}]},{"@type":"ImageObject","inLanguage":"et","@id":"https:\/\/nordlinepaadid.ee\/et\/pood\/mereelektroonika\/chartplotters-fishfinders\/lowrance-eagle-9-row-noxd-andurita\/#primaryimage","url":"https:\/\/nordlinepaadid.ee\/wp-content\/uploads\/2024\/05\/10893_XLO-000-16127-001-1.png","contentUrl":"https:\/\/nordlinepaadid.ee\/wp-content\/uploads\/2024\/05\/10893_XLO-000-16127-001-1.png","width":549,"height":549},{"@type":"BreadcrumbList","@id":"https:\/\/nordlinepaadid.ee\/et\/pood\/mereelektroonika\/chartplotters-fishfinders\/lowrance-eagle-9-row-noxd-andurita\/#breadcrumb","itemListElement":[{"@type":"ListItem","position":1,"name":"Home","item":"https:\/\/nordlinepaadid.ee\/et\/"},{"@type":"ListItem","position":2,"name":"Pood","item":"https:\/\/nordlinepaadid.ee\/et\/pood\/"},{"@type":"ListItem","position":3,"name":"LOWRANCE EAGLE 9 ROW NOXD ANDURITA"}]},{"@type":"WebSite","@id":"https:\/\/nordlinepaadid.ee\/et\/#website","url":"https:\/\/nordlinepaadid.ee\/et\/","name":"NORDLINE s\u00f5udepaadid ja mootorpaadid. Klaasfiiber materjalist.","description":"","publisher":{"@id":"https:\/\/nordlinepaadid.ee\/et\/#organization"},"potentialAction":[{"@type":"SearchAction","target":{"@type":"EntryPoint","urlTemplate":"https:\/\/nordlinepaadid.ee\/et\/?s={search_term_string}"},"query-input":{"@type":"PropertyValueSpecification","valueRequired":true,"valueName":"search_term_string"}}],"inLanguage":"et"},{"@type":"Organization","@id":"https:\/\/nordlinepaadid.ee\/et\/#organization","name":"Nordlineboats","url":"https:\/\/nordlinepaadid.ee\/et\/","logo":{"@type":"ImageObject","inLanguage":"et","@id":"https:\/\/nordlinepaadid.ee\/et\/#\/schema\/logo\/image\/","url":"https:\/\/nordlinepaadid.ee\/wp-content\/uploads\/2023\/01\/fulllogo_transparent_nobuffer-e1672750475494.png","contentUrl":"https:\/\/nordlinepaadid.ee\/wp-content\/uploads\/2023\/01\/fulllogo_transparent_nobuffer-e1672750475494.png","width":150,"height":119,"caption":"Nordlineboats"},"image":{"@id":"https:\/\/nordlinepaadid.ee\/et\/#\/schema\/logo\/image\/"},"sameAs":["https:\/\/www.facebook.com\/nordlineboats","https:\/\/www.youtube.com\/channel\/UCbgF0fy02y3QkFnujaLTaCA"]}]}},"taxonomy_info":{"product_cat":[{"value":338,"label":"Kaardiplotterid, Sonarid"},{"value":352,"label":"MEREELEKTROONIKA"}],"pa_producer":[{"value":565,"label":"Lowrance"}],"pa_unit":[{"value":416,"label":"pcs"}]},"featured_image_src_large":["https:\/\/nordlinepaadid.ee\/wp-content\/uploads\/2024\/05\/10893_XLO-000-16127-001-1.png",549,549,false],"author_info":[],"comment_info":"","_links":{"self":[{"href":"https:\/\/nordlinepaadid.ee\/et\/wp-json\/wp\/v2\/product\/63905","targetHints":{"allow":["GET"]}}],"collection":[{"href":"https:\/\/nordlinepaadid.ee\/et\/wp-json\/wp\/v2\/product"}],"about":[{"href":"https:\/\/nordlinepaadid.ee\/et\/wp-json\/wp\/v2\/types\/product"}],"wp:featuredmedia":[{"embeddable":true,"href":"https:\/\/nordlinepaadid.ee\/et\/wp-json\/wp\/v2\/media\/44212"}],"wp:attachment":[{"href":"https:\/\/nordlinepaadid.ee\/et\/wp-json\/wp\/v2\/media?parent=63905"}],"wp:term":[{"taxonomy":"product_brand","embeddable":true,"href":"https:\/\/nordlinepaadid.ee\/et\/wp-json\/wp\/v2\/product_brand?post=63905"},{"taxonomy":"product_cat","embeddable":true,"href":"https:\/\/nordlinepaadid.ee\/et\/wp-json\/wp\/v2\/product_cat?post=63905"},{"taxonomy":"product_tag","embeddable":true,"href":"https:\/\/nordlinepaadid.ee\/et\/wp-json\/wp\/v2\/product_tag?post=63905"}],"curies":[{"name":"wp","href":"https:\/\/api.w.org\/{rel}","templated":true}]}}