{"id":63908,"date":"2026-04-17T19:07:35","date_gmt":"2026-04-17T16:07:35","guid":{"rendered":"https:\/\/nordlinepaadid.ee\/pood\/maaratlemata\/humminird-mega-360-50-universaal-andur\/"},"modified":"2026-04-17T19:07:35","modified_gmt":"2026-04-17T16:07:35","slug":"humminird-mega-360-50-universaal-andur","status":"publish","type":"product","link":"https:\/\/nordlinepaadid.ee\/et\/pood\/mereelektroonika\/chartplotters-fishfinders\/humminird-mega-360-50-universaal-andur\/","title":{"rendered":"HUMMINIRD MEGA 360, 50&#8243;, UNIVERSAAL ANDUR"},"content":{"rendered":"<p style=\"text-align:justify\">MEGA 360 Imaging &#8211; universaalne andur n\u00e4itab \u00fcmber paadi teile 360-kraadist detailirikast vaadet. T\u00e4nu reguleeritavale GeigerTec kinnitusele saate selle paigaldada praktiliselt igasse paati. Kuna MEGA 360 andur on eraldiseisev ja s\u00f5ltumatu teie trolling mootori juhtimisest, n\u00e4ete katkematut pilti sellest, mis toimub paadi all. Toimib s\u00f5ltumata oludest kas olete tuule, lainete k\u00e4es v\u00f5i Spot-Lock\u2122 abil paigal. \u00dchildub j\u00e4rgmiste Helix mudelitega: Helix 15 MEGA SI+ GPS G4N, Helix 15 MEGA DI+ GPS G4N, Helix 12 MEGA SI+ GPS G4N, Helix 12 MEGA SI+ GPS G3N, Helix 12 MEGA DI+ GPS G4N, Helix 12 MEGA DI+ GPS G3N, Helix 10 MEGA SI+ GPS G4N, Helix 10 MEGA SI+ GPS G3N, Helix 10 MEGA DI+ GPS G4N, Helix 10 MEGA DI+ GPS G3N, Helix 9 MEGA SI+ GPS G4N, Helix 9 MEGA SI+ GPS G3N, Helix 9 MEGA DI+ GPS G4N, Helix 9 MEGA DI+ GPS G3N, Helix 8 CHIRP MEGA SI+ GPS G4N, Helix 8 MEGA SI+ GPS G3N; \u00dchildub k\u00f5igi Apex mudelite ja k\u00f5igi Solix G2 ja G3 mudelitega; Komplektis: MEGA 360 Imaging andur koos kinnitatud toitekaabli ja anduri kaabliga, 10&#8243; Solix anduri pikenduskaabel, 10&#8243; Helix anduri adapterkaabel, 10&#8243;MEGA 360 toitekaabel ja reguleeritav, alumiiniumist MEGA 360 Imaging kinnitus s\u00fcgavuse hoidmise r\u00f5ngaga vardal. MEGA 360 Imaging on eraldiseisev andur, nii et teie sonaripilt j\u00e4\u00e4b muutumatuks ka siis kui trollimismootor t\u00f6\u00f6tab. Valige selle anduri jaoks \u00fcks kahest t\u00f6\u00f6re\u017eiimist: MEGA 360 Imaging v\u00f5i Side Imaging. See v\u00f5imaldab teil vaadata MEGA 360 Imagingu vaadet v\u00f5i kasutada seda andurit MEGA Side Imaging sonari allikana.<\/p>\n<p>&#13;<\/p>\n","protected":false},"excerpt":{"rendered":"<p>MEGA 360 Imaging &#8211; universaalne andur n\u00e4itab \u00fcmber paadi teile 360-kraadist detailirikast vaadet. T\u00e4nu reguleeritavale GeigerTec kinnitusele saate selle paigaldada praktiliselt igasse paati. Kuna MEGA 360 andur on eraldiseisev ja s\u00f5ltumatu teie trolling mootori juhtimisest, n\u00e4ete katkematut pilti sellest, mis toimub paadi all. Toimib s\u00f5ltumata oludest kas olete tuule, lainete k\u00e4es v\u00f5i Spot-Lock\u2122 abil paigal&#8230;.<\/p>\n","protected":false},"featured_media":44260,"template":"","meta":{"_kad_blocks_custom_css":"","_kad_blocks_head_custom_js":"","_kad_blocks_body_custom_js":"","_kad_blocks_footer_custom_js":"","_kad_post_transparent":"","_kad_post_title":"","_kad_post_layout":"","_kad_post_sidebar_id":"","_kad_post_content_style":"","_kad_post_vertical_padding":"","_kad_post_feature":"","_kad_post_feature_position":"","_kad_post_header":false,"_kad_post_footer":false,"_kad_post_classname":""},"product_brand":[],"product_cat":[338,352],"product_tag":[],"class_list":{"0":"post-63908","1":"product","2":"type-product","3":"status-publish","4":"has-post-thumbnail","6":"product_cat-chartplotters-fishfinders","7":"product_cat-mereelektroonika","8":"pa_producer-humminbird","9":"pa_unit-pcs","10":"tm-no-options","12":"first","13":"onbackorder","14":"taxable","15":"shipping-taxable","16":"purchasable","17":"product-type-simple","18":"entry","19":"content-bg","20":"loop-entry"},"yoast_head":"<!-- This site is optimized with the Yoast SEO plugin v27.3 - https:\/\/yoast.com\/product\/yoast-seo-wordpress\/ -->\n<title>HUMMINIRD MEGA 360, 50&quot;, UNIVERSAAL ANDUR - NORDLINE s\u00f5udepaadid ja mootorpaadid. Klaasfiiber materjalist.<\/title>\n<meta name=\"robots\" content=\"index, follow, max-snippet:-1, max-image-preview:large, max-video-preview:-1\" \/>\n<link rel=\"canonical\" href=\"https:\/\/nordlinepaadid.ee\/et\/pood\/mereelektroonika\/chartplotters-fishfinders\/humminird-mega-360-50-universaal-andur\/\" \/>\n<meta property=\"og:locale\" content=\"et_EE\" \/>\n<meta property=\"og:type\" content=\"article\" \/>\n<meta property=\"og:title\" content=\"HUMMINIRD MEGA 360, 50&quot;, UNIVERSAAL ANDUR - NORDLINE s\u00f5udepaadid ja mootorpaadid. Klaasfiiber materjalist.\" \/>\n<meta property=\"og:description\" content=\"MEGA 360 Imaging &#8211; universaalne andur n\u00e4itab \u00fcmber paadi teile 360-kraadist detailirikast vaadet. T\u00e4nu reguleeritavale GeigerTec kinnitusele saate selle paigaldada praktiliselt igasse paati. Kuna MEGA 360 andur on eraldiseisev ja s\u00f5ltumatu teie trolling mootori juhtimisest, n\u00e4ete katkematut pilti sellest, mis toimub paadi all. Toimib s\u00f5ltumata oludest kas olete tuule, lainete k\u00e4es v\u00f5i Spot-Lock\u2122 abil paigal....\" \/>\n<meta property=\"og:url\" content=\"https:\/\/nordlinepaadid.ee\/et\/pood\/mereelektroonika\/chartplotters-fishfinders\/humminird-mega-360-50-universaal-andur\/\" \/>\n<meta property=\"og:site_name\" content=\"NORDLINE s\u00f5udepaadid ja mootorpaadid. Klaasfiiber materjalist.\" \/>\n<meta property=\"article:publisher\" content=\"https:\/\/www.facebook.com\/nordlineboats\" \/>\n<meta property=\"og:image\" content=\"https:\/\/nordlinepaadid.ee\/wp-content\/uploads\/2024\/05\/10886_HB-411390-1.jpg\" \/>\n\t<meta property=\"og:image:width\" content=\"1000\" \/>\n\t<meta property=\"og:image:height\" content=\"1000\" \/>\n\t<meta property=\"og:image:type\" content=\"image\/jpeg\" \/>\n<meta name=\"twitter:card\" content=\"summary_large_image\" \/>\n<meta name=\"twitter:label1\" content=\"Est. reading time\" \/>\n\t<meta name=\"twitter:data1\" content=\"1 minut\" \/>\n<script type=\"application\/ld+json\" class=\"yoast-schema-graph\">{\"@context\":\"https:\\\/\\\/schema.org\",\"@graph\":[{\"@type\":\"WebPage\",\"@id\":\"https:\\\/\\\/nordlinepaadid.ee\\\/et\\\/pood\\\/mereelektroonika\\\/chartplotters-fishfinders\\\/humminird-mega-360-50-universaal-andur\\\/\",\"url\":\"https:\\\/\\\/nordlinepaadid.ee\\\/et\\\/pood\\\/mereelektroonika\\\/chartplotters-fishfinders\\\/humminird-mega-360-50-universaal-andur\\\/\",\"name\":\"HUMMINIRD MEGA 360, 50\\\", UNIVERSAAL ANDUR - NORDLINE s\u00f5udepaadid ja mootorpaadid. Klaasfiiber materjalist.\",\"isPartOf\":{\"@id\":\"https:\\\/\\\/nordlinepaadid.ee\\\/et\\\/#website\"},\"primaryImageOfPage\":{\"@id\":\"https:\\\/\\\/nordlinepaadid.ee\\\/et\\\/pood\\\/mereelektroonika\\\/chartplotters-fishfinders\\\/humminird-mega-360-50-universaal-andur\\\/#primaryimage\"},\"image\":{\"@id\":\"https:\\\/\\\/nordlinepaadid.ee\\\/et\\\/pood\\\/mereelektroonika\\\/chartplotters-fishfinders\\\/humminird-mega-360-50-universaal-andur\\\/#primaryimage\"},\"thumbnailUrl\":\"https:\\\/\\\/nordlinepaadid.ee\\\/wp-content\\\/uploads\\\/2024\\\/05\\\/10886_HB-411390-1.jpg\",\"datePublished\":\"2026-04-17T16:07:35+00:00\",\"breadcrumb\":{\"@id\":\"https:\\\/\\\/nordlinepaadid.ee\\\/et\\\/pood\\\/mereelektroonika\\\/chartplotters-fishfinders\\\/humminird-mega-360-50-universaal-andur\\\/#breadcrumb\"},\"inLanguage\":\"et\",\"potentialAction\":[{\"@type\":\"ReadAction\",\"target\":[\"https:\\\/\\\/nordlinepaadid.ee\\\/et\\\/pood\\\/mereelektroonika\\\/chartplotters-fishfinders\\\/humminird-mega-360-50-universaal-andur\\\/\"]}]},{\"@type\":\"ImageObject\",\"inLanguage\":\"et\",\"@id\":\"https:\\\/\\\/nordlinepaadid.ee\\\/et\\\/pood\\\/mereelektroonika\\\/chartplotters-fishfinders\\\/humminird-mega-360-50-universaal-andur\\\/#primaryimage\",\"url\":\"https:\\\/\\\/nordlinepaadid.ee\\\/wp-content\\\/uploads\\\/2024\\\/05\\\/10886_HB-411390-1.jpg\",\"contentUrl\":\"https:\\\/\\\/nordlinepaadid.ee\\\/wp-content\\\/uploads\\\/2024\\\/05\\\/10886_HB-411390-1.jpg\",\"width\":1000,\"height\":1000},{\"@type\":\"BreadcrumbList\",\"@id\":\"https:\\\/\\\/nordlinepaadid.ee\\\/et\\\/pood\\\/mereelektroonika\\\/chartplotters-fishfinders\\\/humminird-mega-360-50-universaal-andur\\\/#breadcrumb\",\"itemListElement\":[{\"@type\":\"ListItem\",\"position\":1,\"name\":\"Home\",\"item\":\"https:\\\/\\\/nordlinepaadid.ee\\\/et\\\/\"},{\"@type\":\"ListItem\",\"position\":2,\"name\":\"Pood\",\"item\":\"https:\\\/\\\/nordlinepaadid.ee\\\/et\\\/pood\\\/\"},{\"@type\":\"ListItem\",\"position\":3,\"name\":\"HUMMINIRD MEGA 360, 50&#8243;, UNIVERSAAL ANDUR\"}]},{\"@type\":\"WebSite\",\"@id\":\"https:\\\/\\\/nordlinepaadid.ee\\\/et\\\/#website\",\"url\":\"https:\\\/\\\/nordlinepaadid.ee\\\/et\\\/\",\"name\":\"NORDLINE s\u00f5udepaadid ja mootorpaadid. Klaasfiiber materjalist.\",\"description\":\"\",\"publisher\":{\"@id\":\"https:\\\/\\\/nordlinepaadid.ee\\\/et\\\/#organization\"},\"potentialAction\":[{\"@type\":\"SearchAction\",\"target\":{\"@type\":\"EntryPoint\",\"urlTemplate\":\"https:\\\/\\\/nordlinepaadid.ee\\\/et\\\/?s={search_term_string}\"},\"query-input\":{\"@type\":\"PropertyValueSpecification\",\"valueRequired\":true,\"valueName\":\"search_term_string\"}}],\"inLanguage\":\"et\"},{\"@type\":\"Organization\",\"@id\":\"https:\\\/\\\/nordlinepaadid.ee\\\/et\\\/#organization\",\"name\":\"Nordlineboats\",\"url\":\"https:\\\/\\\/nordlinepaadid.ee\\\/et\\\/\",\"logo\":{\"@type\":\"ImageObject\",\"inLanguage\":\"et\",\"@id\":\"https:\\\/\\\/nordlinepaadid.ee\\\/et\\\/#\\\/schema\\\/logo\\\/image\\\/\",\"url\":\"https:\\\/\\\/nordlinepaadid.ee\\\/wp-content\\\/uploads\\\/2023\\\/01\\\/fulllogo_transparent_nobuffer-e1672750475494.png\",\"contentUrl\":\"https:\\\/\\\/nordlinepaadid.ee\\\/wp-content\\\/uploads\\\/2023\\\/01\\\/fulllogo_transparent_nobuffer-e1672750475494.png\",\"width\":150,\"height\":119,\"caption\":\"Nordlineboats\"},\"image\":{\"@id\":\"https:\\\/\\\/nordlinepaadid.ee\\\/et\\\/#\\\/schema\\\/logo\\\/image\\\/\"},\"sameAs\":[\"https:\\\/\\\/www.facebook.com\\\/nordlineboats\",\"https:\\\/\\\/www.youtube.com\\\/channel\\\/UCbgF0fy02y3QkFnujaLTaCA\"]}]}<\/script>\n<!-- \/ Yoast SEO plugin. -->","yoast_head_json":{"title":"HUMMINIRD MEGA 360, 50\", UNIVERSAAL ANDUR - NORDLINE s\u00f5udepaadid ja mootorpaadid. Klaasfiiber materjalist.","robots":{"index":"index","follow":"follow","max-snippet":"max-snippet:-1","max-image-preview":"max-image-preview:large","max-video-preview":"max-video-preview:-1"},"canonical":"https:\/\/nordlinepaadid.ee\/et\/pood\/mereelektroonika\/chartplotters-fishfinders\/humminird-mega-360-50-universaal-andur\/","og_locale":"et_EE","og_type":"article","og_title":"HUMMINIRD MEGA 360, 50\", UNIVERSAAL ANDUR - NORDLINE s\u00f5udepaadid ja mootorpaadid. Klaasfiiber materjalist.","og_description":"MEGA 360 Imaging &#8211; universaalne andur n\u00e4itab \u00fcmber paadi teile 360-kraadist detailirikast vaadet. T\u00e4nu reguleeritavale GeigerTec kinnitusele saate selle paigaldada praktiliselt igasse paati. Kuna MEGA 360 andur on eraldiseisev ja s\u00f5ltumatu teie trolling mootori juhtimisest, n\u00e4ete katkematut pilti sellest, mis toimub paadi all. Toimib s\u00f5ltumata oludest kas olete tuule, lainete k\u00e4es v\u00f5i Spot-Lock\u2122 abil paigal....","og_url":"https:\/\/nordlinepaadid.ee\/et\/pood\/mereelektroonika\/chartplotters-fishfinders\/humminird-mega-360-50-universaal-andur\/","og_site_name":"NORDLINE s\u00f5udepaadid ja mootorpaadid. Klaasfiiber materjalist.","article_publisher":"https:\/\/www.facebook.com\/nordlineboats","og_image":[{"width":1000,"height":1000,"url":"https:\/\/nordlinepaadid.ee\/wp-content\/uploads\/2024\/05\/10886_HB-411390-1.jpg","type":"image\/jpeg"}],"twitter_card":"summary_large_image","twitter_misc":{"Est. reading time":"1 minut"},"schema":{"@context":"https:\/\/schema.org","@graph":[{"@type":"WebPage","@id":"https:\/\/nordlinepaadid.ee\/et\/pood\/mereelektroonika\/chartplotters-fishfinders\/humminird-mega-360-50-universaal-andur\/","url":"https:\/\/nordlinepaadid.ee\/et\/pood\/mereelektroonika\/chartplotters-fishfinders\/humminird-mega-360-50-universaal-andur\/","name":"HUMMINIRD MEGA 360, 50\", UNIVERSAAL ANDUR - NORDLINE s\u00f5udepaadid ja mootorpaadid. Klaasfiiber materjalist.","isPartOf":{"@id":"https:\/\/nordlinepaadid.ee\/et\/#website"},"primaryImageOfPage":{"@id":"https:\/\/nordlinepaadid.ee\/et\/pood\/mereelektroonika\/chartplotters-fishfinders\/humminird-mega-360-50-universaal-andur\/#primaryimage"},"image":{"@id":"https:\/\/nordlinepaadid.ee\/et\/pood\/mereelektroonika\/chartplotters-fishfinders\/humminird-mega-360-50-universaal-andur\/#primaryimage"},"thumbnailUrl":"https:\/\/nordlinepaadid.ee\/wp-content\/uploads\/2024\/05\/10886_HB-411390-1.jpg","datePublished":"2026-04-17T16:07:35+00:00","breadcrumb":{"@id":"https:\/\/nordlinepaadid.ee\/et\/pood\/mereelektroonika\/chartplotters-fishfinders\/humminird-mega-360-50-universaal-andur\/#breadcrumb"},"inLanguage":"et","potentialAction":[{"@type":"ReadAction","target":["https:\/\/nordlinepaadid.ee\/et\/pood\/mereelektroonika\/chartplotters-fishfinders\/humminird-mega-360-50-universaal-andur\/"]}]},{"@type":"ImageObject","inLanguage":"et","@id":"https:\/\/nordlinepaadid.ee\/et\/pood\/mereelektroonika\/chartplotters-fishfinders\/humminird-mega-360-50-universaal-andur\/#primaryimage","url":"https:\/\/nordlinepaadid.ee\/wp-content\/uploads\/2024\/05\/10886_HB-411390-1.jpg","contentUrl":"https:\/\/nordlinepaadid.ee\/wp-content\/uploads\/2024\/05\/10886_HB-411390-1.jpg","width":1000,"height":1000},{"@type":"BreadcrumbList","@id":"https:\/\/nordlinepaadid.ee\/et\/pood\/mereelektroonika\/chartplotters-fishfinders\/humminird-mega-360-50-universaal-andur\/#breadcrumb","itemListElement":[{"@type":"ListItem","position":1,"name":"Home","item":"https:\/\/nordlinepaadid.ee\/et\/"},{"@type":"ListItem","position":2,"name":"Pood","item":"https:\/\/nordlinepaadid.ee\/et\/pood\/"},{"@type":"ListItem","position":3,"name":"HUMMINIRD MEGA 360, 50&#8243;, UNIVERSAAL ANDUR"}]},{"@type":"WebSite","@id":"https:\/\/nordlinepaadid.ee\/et\/#website","url":"https:\/\/nordlinepaadid.ee\/et\/","name":"NORDLINE s\u00f5udepaadid ja mootorpaadid. Klaasfiiber materjalist.","description":"","publisher":{"@id":"https:\/\/nordlinepaadid.ee\/et\/#organization"},"potentialAction":[{"@type":"SearchAction","target":{"@type":"EntryPoint","urlTemplate":"https:\/\/nordlinepaadid.ee\/et\/?s={search_term_string}"},"query-input":{"@type":"PropertyValueSpecification","valueRequired":true,"valueName":"search_term_string"}}],"inLanguage":"et"},{"@type":"Organization","@id":"https:\/\/nordlinepaadid.ee\/et\/#organization","name":"Nordlineboats","url":"https:\/\/nordlinepaadid.ee\/et\/","logo":{"@type":"ImageObject","inLanguage":"et","@id":"https:\/\/nordlinepaadid.ee\/et\/#\/schema\/logo\/image\/","url":"https:\/\/nordlinepaadid.ee\/wp-content\/uploads\/2023\/01\/fulllogo_transparent_nobuffer-e1672750475494.png","contentUrl":"https:\/\/nordlinepaadid.ee\/wp-content\/uploads\/2023\/01\/fulllogo_transparent_nobuffer-e1672750475494.png","width":150,"height":119,"caption":"Nordlineboats"},"image":{"@id":"https:\/\/nordlinepaadid.ee\/et\/#\/schema\/logo\/image\/"},"sameAs":["https:\/\/www.facebook.com\/nordlineboats","https:\/\/www.youtube.com\/channel\/UCbgF0fy02y3QkFnujaLTaCA"]}]}},"taxonomy_info":{"product_cat":[{"value":338,"label":"Kaardiplotterid, Sonarid"},{"value":352,"label":"MEREELEKTROONIKA"}],"pa_producer":[{"value":588,"label":"Humminbird"}],"pa_unit":[{"value":416,"label":"pcs"}]},"featured_image_src_large":["https:\/\/nordlinepaadid.ee\/wp-content\/uploads\/2024\/05\/10886_HB-411390-1.jpg",1000,1000,false],"author_info":[],"comment_info":"","_links":{"self":[{"href":"https:\/\/nordlinepaadid.ee\/et\/wp-json\/wp\/v2\/product\/63908","targetHints":{"allow":["GET"]}}],"collection":[{"href":"https:\/\/nordlinepaadid.ee\/et\/wp-json\/wp\/v2\/product"}],"about":[{"href":"https:\/\/nordlinepaadid.ee\/et\/wp-json\/wp\/v2\/types\/product"}],"wp:featuredmedia":[{"embeddable":true,"href":"https:\/\/nordlinepaadid.ee\/et\/wp-json\/wp\/v2\/media\/44260"}],"wp:attachment":[{"href":"https:\/\/nordlinepaadid.ee\/et\/wp-json\/wp\/v2\/media?parent=63908"}],"wp:term":[{"taxonomy":"product_brand","embeddable":true,"href":"https:\/\/nordlinepaadid.ee\/et\/wp-json\/wp\/v2\/product_brand?post=63908"},{"taxonomy":"product_cat","embeddable":true,"href":"https:\/\/nordlinepaadid.ee\/et\/wp-json\/wp\/v2\/product_cat?post=63908"},{"taxonomy":"product_tag","embeddable":true,"href":"https:\/\/nordlinepaadid.ee\/et\/wp-json\/wp\/v2\/product_tag?post=63908"}],"curies":[{"name":"wp","href":"https:\/\/api.w.org\/{rel}","templated":true}]}}