{"id":63909,"date":"2026-04-24T03:33:17","date_gmt":"2026-04-24T00:33:17","guid":{"rendered":"https:\/\/nordlinepaadid.ee\/pood\/maaratlemata\/harbours-guide-sail-in-estonia-and-latvia\/"},"modified":"2026-04-24T03:33:17","modified_gmt":"2026-04-24T00:33:17","slug":"harbours-guide-sail-in-estonia-and-latvia","status":"publish","type":"product","link":"https:\/\/nordlinepaadid.ee\/et\/pood\/ru-books-charts-catalogues-giftcards\/ru-books\/harbours-guide-sail-in-estonia-and-latvia\/","title":{"rendered":"HARBOURS GUIDE &#8211; SAIL IN ESTONIA AND LATVIA"},"content":{"rendered":"<p>Sadamate raamat, mis juhatab teid l\u00e4bi enam kui 70 jahisadama v\u00f5rgustiku Eestis ja L\u00e4ti, et luua oma purjetamisseiklus sellel v\u00e4hetuntud L\u00e4\u00e4nemere poolel. L\u00e4\u00e4nemere idaranniku sihtkohad pakuvad mitmek\u00fclgset purjetamiskogemust m\u00f6\u00f6da nii liiva- kui kivirandu ja hubaseid v\u00e4ikesaari. V\u00f5ite k\u00fclastada kalurik\u00fclasid, sadamalinnu, pealinnu Tallinnat ja Riiat, populaarseid kuurorte ja gurmeerestorane. Raamatus on n\u00f5uanded piirkonnas ohutuks navigeerimiseks, sisaldab andmeid jahisadamate kohta, sadama kontakte ja pakutavid teenuseid ning sisses\u00f5idujuhiseid.<\/p>\n<p>&#13;<\/p>\n","protected":false},"excerpt":{"rendered":"<p>Sadamate raamat, mis juhatab teid l\u00e4bi enam kui 70 jahisadama v\u00f5rgustiku Eestis ja L\u00e4ti, et luua oma purjetamisseiklus sellel v\u00e4hetuntud L\u00e4\u00e4nemere poolel. L\u00e4\u00e4nemere idaranniku sihtkohad pakuvad mitmek\u00fclgset purjetamiskogemust m\u00f6\u00f6da nii liiva- kui kivirandu ja hubaseid v\u00e4ikesaari. V\u00f5ite k\u00fclastada kalurik\u00fclasid, sadamalinnu, pealinnu Tallinnat ja Riiat, populaarseid kuurorte ja gurmeerestorane. Raamatus on n\u00f5uanded piirkonnas ohutuks navigeerimiseks, sisaldab&#8230;<\/p>\n","protected":false},"featured_media":44264,"template":"","meta":{"_kad_blocks_custom_css":"","_kad_blocks_head_custom_js":"","_kad_blocks_body_custom_js":"","_kad_blocks_footer_custom_js":"","_kad_post_transparent":"","_kad_post_title":"","_kad_post_layout":"","_kad_post_sidebar_id":"","_kad_post_content_style":"","_kad_post_vertical_padding":"","_kad_post_feature":"","_kad_post_feature_position":"","_kad_post_header":false,"_kad_post_footer":false,"_kad_post_classname":""},"product_brand":[],"product_cat":[255,228,804],"product_tag":[],"class_list":{"0":"post-63909","1":"product","2":"type-product","3":"status-publish","4":"has-post-thumbnail","6":"product_cat-raamatud","7":"product_cat-raamatud-merekaardid-kataloogid-kinkekaardid","8":"product_cat-ru-books","9":"pa_unit-pcs","10":"tm-no-options","12":"first","13":"instock","14":"taxable","15":"shipping-taxable","16":"purchasable","17":"product-type-simple","18":"entry","19":"content-bg","20":"loop-entry"},"yoast_head":"<!-- This site is optimized with the Yoast SEO plugin v27.4 - https:\/\/yoast.com\/product\/yoast-seo-wordpress\/ -->\n<title>HARBOURS GUIDE - SAIL IN ESTONIA AND LATVIA - NORDLINE s\u00f5udepaadid ja mootorpaadid. Klaasfiiber materjalist.<\/title>\n<meta name=\"robots\" content=\"index, follow, max-snippet:-1, max-image-preview:large, max-video-preview:-1\" \/>\n<link rel=\"canonical\" href=\"https:\/\/nordlinepaadid.ee\/et\/pood\/ru-books-charts-catalogues-giftcards\/ru-books\/harbours-guide-sail-in-estonia-and-latvia\/\" \/>\n<meta property=\"og:locale\" content=\"et_EE\" \/>\n<meta property=\"og:type\" content=\"article\" \/>\n<meta property=\"og:title\" content=\"HARBOURS GUIDE - SAIL IN ESTONIA AND LATVIA - NORDLINE s\u00f5udepaadid ja mootorpaadid. Klaasfiiber materjalist.\" \/>\n<meta property=\"og:description\" content=\"Sadamate raamat, mis juhatab teid l\u00e4bi enam kui 70 jahisadama v\u00f5rgustiku Eestis ja L\u00e4ti, et luua oma purjetamisseiklus sellel v\u00e4hetuntud L\u00e4\u00e4nemere poolel. L\u00e4\u00e4nemere idaranniku sihtkohad pakuvad mitmek\u00fclgset purjetamiskogemust m\u00f6\u00f6da nii liiva- kui kivirandu ja hubaseid v\u00e4ikesaari. V\u00f5ite k\u00fclastada kalurik\u00fclasid, sadamalinnu, pealinnu Tallinnat ja Riiat, populaarseid kuurorte ja gurmeerestorane. Raamatus on n\u00f5uanded piirkonnas ohutuks navigeerimiseks, sisaldab...\" \/>\n<meta property=\"og:url\" content=\"https:\/\/nordlinepaadid.ee\/et\/pood\/ru-books-charts-catalogues-giftcards\/ru-books\/harbours-guide-sail-in-estonia-and-latvia\/\" \/>\n<meta property=\"og:site_name\" content=\"NORDLINE s\u00f5udepaadid ja mootorpaadid. Klaasfiiber materjalist.\" \/>\n<meta property=\"article:publisher\" content=\"https:\/\/www.facebook.com\/nordlineboats\" \/>\n<meta property=\"og:image\" content=\"https:\/\/nordlinepaadid.ee\/wp-content\/uploads\/2024\/05\/10890_ESC-1.jpg\" \/>\n\t<meta property=\"og:image:width\" content=\"803\" \/>\n\t<meta property=\"og:image:height\" content=\"1130\" \/>\n\t<meta property=\"og:image:type\" content=\"image\/jpeg\" \/>\n<meta name=\"twitter:card\" content=\"summary_large_image\" \/>\n<script type=\"application\/ld+json\" class=\"yoast-schema-graph\">{\"@context\":\"https:\\\/\\\/schema.org\",\"@graph\":[{\"@type\":\"WebPage\",\"@id\":\"https:\\\/\\\/nordlinepaadid.ee\\\/et\\\/pood\\\/ru-books-charts-catalogues-giftcards\\\/ru-books\\\/harbours-guide-sail-in-estonia-and-latvia\\\/\",\"url\":\"https:\\\/\\\/nordlinepaadid.ee\\\/et\\\/pood\\\/ru-books-charts-catalogues-giftcards\\\/ru-books\\\/harbours-guide-sail-in-estonia-and-latvia\\\/\",\"name\":\"HARBOURS GUIDE - SAIL IN ESTONIA AND LATVIA - NORDLINE s\u00f5udepaadid ja mootorpaadid. Klaasfiiber materjalist.\",\"isPartOf\":{\"@id\":\"https:\\\/\\\/nordlinepaadid.ee\\\/et\\\/#website\"},\"primaryImageOfPage\":{\"@id\":\"https:\\\/\\\/nordlinepaadid.ee\\\/et\\\/pood\\\/ru-books-charts-catalogues-giftcards\\\/ru-books\\\/harbours-guide-sail-in-estonia-and-latvia\\\/#primaryimage\"},\"image\":{\"@id\":\"https:\\\/\\\/nordlinepaadid.ee\\\/et\\\/pood\\\/ru-books-charts-catalogues-giftcards\\\/ru-books\\\/harbours-guide-sail-in-estonia-and-latvia\\\/#primaryimage\"},\"thumbnailUrl\":\"https:\\\/\\\/nordlinepaadid.ee\\\/wp-content\\\/uploads\\\/2024\\\/05\\\/10890_ESC-1.jpg\",\"datePublished\":\"2026-04-24T00:33:17+00:00\",\"breadcrumb\":{\"@id\":\"https:\\\/\\\/nordlinepaadid.ee\\\/et\\\/pood\\\/ru-books-charts-catalogues-giftcards\\\/ru-books\\\/harbours-guide-sail-in-estonia-and-latvia\\\/#breadcrumb\"},\"inLanguage\":\"et\",\"potentialAction\":[{\"@type\":\"ReadAction\",\"target\":[\"https:\\\/\\\/nordlinepaadid.ee\\\/et\\\/pood\\\/ru-books-charts-catalogues-giftcards\\\/ru-books\\\/harbours-guide-sail-in-estonia-and-latvia\\\/\"]}]},{\"@type\":\"ImageObject\",\"inLanguage\":\"et\",\"@id\":\"https:\\\/\\\/nordlinepaadid.ee\\\/et\\\/pood\\\/ru-books-charts-catalogues-giftcards\\\/ru-books\\\/harbours-guide-sail-in-estonia-and-latvia\\\/#primaryimage\",\"url\":\"https:\\\/\\\/nordlinepaadid.ee\\\/wp-content\\\/uploads\\\/2024\\\/05\\\/10890_ESC-1.jpg\",\"contentUrl\":\"https:\\\/\\\/nordlinepaadid.ee\\\/wp-content\\\/uploads\\\/2024\\\/05\\\/10890_ESC-1.jpg\",\"width\":803,\"height\":1130},{\"@type\":\"BreadcrumbList\",\"@id\":\"https:\\\/\\\/nordlinepaadid.ee\\\/et\\\/pood\\\/ru-books-charts-catalogues-giftcards\\\/ru-books\\\/harbours-guide-sail-in-estonia-and-latvia\\\/#breadcrumb\",\"itemListElement\":[{\"@type\":\"ListItem\",\"position\":1,\"name\":\"Home\",\"item\":\"https:\\\/\\\/nordlinepaadid.ee\\\/et\\\/\"},{\"@type\":\"ListItem\",\"position\":2,\"name\":\"Pood\",\"item\":\"https:\\\/\\\/nordlinepaadid.ee\\\/et\\\/pood\\\/\"},{\"@type\":\"ListItem\",\"position\":3,\"name\":\"HARBOURS GUIDE &#8211; SAIL IN ESTONIA AND LATVIA\"}]},{\"@type\":\"WebSite\",\"@id\":\"https:\\\/\\\/nordlinepaadid.ee\\\/et\\\/#website\",\"url\":\"https:\\\/\\\/nordlinepaadid.ee\\\/et\\\/\",\"name\":\"NORDLINE s\u00f5udepaadid ja mootorpaadid. Klaasfiiber materjalist.\",\"description\":\"\",\"publisher\":{\"@id\":\"https:\\\/\\\/nordlinepaadid.ee\\\/et\\\/#organization\"},\"potentialAction\":[{\"@type\":\"SearchAction\",\"target\":{\"@type\":\"EntryPoint\",\"urlTemplate\":\"https:\\\/\\\/nordlinepaadid.ee\\\/et\\\/?s={search_term_string}\"},\"query-input\":{\"@type\":\"PropertyValueSpecification\",\"valueRequired\":true,\"valueName\":\"search_term_string\"}}],\"inLanguage\":\"et\"},{\"@type\":\"Organization\",\"@id\":\"https:\\\/\\\/nordlinepaadid.ee\\\/et\\\/#organization\",\"name\":\"Nordlineboats\",\"url\":\"https:\\\/\\\/nordlinepaadid.ee\\\/et\\\/\",\"logo\":{\"@type\":\"ImageObject\",\"inLanguage\":\"et\",\"@id\":\"https:\\\/\\\/nordlinepaadid.ee\\\/et\\\/#\\\/schema\\\/logo\\\/image\\\/\",\"url\":\"https:\\\/\\\/nordlinepaadid.ee\\\/wp-content\\\/uploads\\\/2023\\\/01\\\/fulllogo_transparent_nobuffer-e1672750475494.png\",\"contentUrl\":\"https:\\\/\\\/nordlinepaadid.ee\\\/wp-content\\\/uploads\\\/2023\\\/01\\\/fulllogo_transparent_nobuffer-e1672750475494.png\",\"width\":150,\"height\":119,\"caption\":\"Nordlineboats\"},\"image\":{\"@id\":\"https:\\\/\\\/nordlinepaadid.ee\\\/et\\\/#\\\/schema\\\/logo\\\/image\\\/\"},\"sameAs\":[\"https:\\\/\\\/www.facebook.com\\\/nordlineboats\",\"https:\\\/\\\/www.youtube.com\\\/channel\\\/UCbgF0fy02y3QkFnujaLTaCA\"]}]}<\/script>\n<!-- \/ Yoast SEO plugin. -->","yoast_head_json":{"title":"HARBOURS GUIDE - SAIL IN ESTONIA AND LATVIA - NORDLINE s\u00f5udepaadid ja mootorpaadid. Klaasfiiber materjalist.","robots":{"index":"index","follow":"follow","max-snippet":"max-snippet:-1","max-image-preview":"max-image-preview:large","max-video-preview":"max-video-preview:-1"},"canonical":"https:\/\/nordlinepaadid.ee\/et\/pood\/ru-books-charts-catalogues-giftcards\/ru-books\/harbours-guide-sail-in-estonia-and-latvia\/","og_locale":"et_EE","og_type":"article","og_title":"HARBOURS GUIDE - SAIL IN ESTONIA AND LATVIA - NORDLINE s\u00f5udepaadid ja mootorpaadid. Klaasfiiber materjalist.","og_description":"Sadamate raamat, mis juhatab teid l\u00e4bi enam kui 70 jahisadama v\u00f5rgustiku Eestis ja L\u00e4ti, et luua oma purjetamisseiklus sellel v\u00e4hetuntud L\u00e4\u00e4nemere poolel. L\u00e4\u00e4nemere idaranniku sihtkohad pakuvad mitmek\u00fclgset purjetamiskogemust m\u00f6\u00f6da nii liiva- kui kivirandu ja hubaseid v\u00e4ikesaari. V\u00f5ite k\u00fclastada kalurik\u00fclasid, sadamalinnu, pealinnu Tallinnat ja Riiat, populaarseid kuurorte ja gurmeerestorane. Raamatus on n\u00f5uanded piirkonnas ohutuks navigeerimiseks, sisaldab...","og_url":"https:\/\/nordlinepaadid.ee\/et\/pood\/ru-books-charts-catalogues-giftcards\/ru-books\/harbours-guide-sail-in-estonia-and-latvia\/","og_site_name":"NORDLINE s\u00f5udepaadid ja mootorpaadid. Klaasfiiber materjalist.","article_publisher":"https:\/\/www.facebook.com\/nordlineboats","og_image":[{"width":803,"height":1130,"url":"https:\/\/nordlinepaadid.ee\/wp-content\/uploads\/2024\/05\/10890_ESC-1.jpg","type":"image\/jpeg"}],"twitter_card":"summary_large_image","schema":{"@context":"https:\/\/schema.org","@graph":[{"@type":"WebPage","@id":"https:\/\/nordlinepaadid.ee\/et\/pood\/ru-books-charts-catalogues-giftcards\/ru-books\/harbours-guide-sail-in-estonia-and-latvia\/","url":"https:\/\/nordlinepaadid.ee\/et\/pood\/ru-books-charts-catalogues-giftcards\/ru-books\/harbours-guide-sail-in-estonia-and-latvia\/","name":"HARBOURS GUIDE - SAIL IN ESTONIA AND LATVIA - NORDLINE s\u00f5udepaadid ja mootorpaadid. Klaasfiiber materjalist.","isPartOf":{"@id":"https:\/\/nordlinepaadid.ee\/et\/#website"},"primaryImageOfPage":{"@id":"https:\/\/nordlinepaadid.ee\/et\/pood\/ru-books-charts-catalogues-giftcards\/ru-books\/harbours-guide-sail-in-estonia-and-latvia\/#primaryimage"},"image":{"@id":"https:\/\/nordlinepaadid.ee\/et\/pood\/ru-books-charts-catalogues-giftcards\/ru-books\/harbours-guide-sail-in-estonia-and-latvia\/#primaryimage"},"thumbnailUrl":"https:\/\/nordlinepaadid.ee\/wp-content\/uploads\/2024\/05\/10890_ESC-1.jpg","datePublished":"2026-04-24T00:33:17+00:00","breadcrumb":{"@id":"https:\/\/nordlinepaadid.ee\/et\/pood\/ru-books-charts-catalogues-giftcards\/ru-books\/harbours-guide-sail-in-estonia-and-latvia\/#breadcrumb"},"inLanguage":"et","potentialAction":[{"@type":"ReadAction","target":["https:\/\/nordlinepaadid.ee\/et\/pood\/ru-books-charts-catalogues-giftcards\/ru-books\/harbours-guide-sail-in-estonia-and-latvia\/"]}]},{"@type":"ImageObject","inLanguage":"et","@id":"https:\/\/nordlinepaadid.ee\/et\/pood\/ru-books-charts-catalogues-giftcards\/ru-books\/harbours-guide-sail-in-estonia-and-latvia\/#primaryimage","url":"https:\/\/nordlinepaadid.ee\/wp-content\/uploads\/2024\/05\/10890_ESC-1.jpg","contentUrl":"https:\/\/nordlinepaadid.ee\/wp-content\/uploads\/2024\/05\/10890_ESC-1.jpg","width":803,"height":1130},{"@type":"BreadcrumbList","@id":"https:\/\/nordlinepaadid.ee\/et\/pood\/ru-books-charts-catalogues-giftcards\/ru-books\/harbours-guide-sail-in-estonia-and-latvia\/#breadcrumb","itemListElement":[{"@type":"ListItem","position":1,"name":"Home","item":"https:\/\/nordlinepaadid.ee\/et\/"},{"@type":"ListItem","position":2,"name":"Pood","item":"https:\/\/nordlinepaadid.ee\/et\/pood\/"},{"@type":"ListItem","position":3,"name":"HARBOURS GUIDE &#8211; SAIL IN ESTONIA AND LATVIA"}]},{"@type":"WebSite","@id":"https:\/\/nordlinepaadid.ee\/et\/#website","url":"https:\/\/nordlinepaadid.ee\/et\/","name":"NORDLINE s\u00f5udepaadid ja mootorpaadid. Klaasfiiber materjalist.","description":"","publisher":{"@id":"https:\/\/nordlinepaadid.ee\/et\/#organization"},"potentialAction":[{"@type":"SearchAction","target":{"@type":"EntryPoint","urlTemplate":"https:\/\/nordlinepaadid.ee\/et\/?s={search_term_string}"},"query-input":{"@type":"PropertyValueSpecification","valueRequired":true,"valueName":"search_term_string"}}],"inLanguage":"et"},{"@type":"Organization","@id":"https:\/\/nordlinepaadid.ee\/et\/#organization","name":"Nordlineboats","url":"https:\/\/nordlinepaadid.ee\/et\/","logo":{"@type":"ImageObject","inLanguage":"et","@id":"https:\/\/nordlinepaadid.ee\/et\/#\/schema\/logo\/image\/","url":"https:\/\/nordlinepaadid.ee\/wp-content\/uploads\/2023\/01\/fulllogo_transparent_nobuffer-e1672750475494.png","contentUrl":"https:\/\/nordlinepaadid.ee\/wp-content\/uploads\/2023\/01\/fulllogo_transparent_nobuffer-e1672750475494.png","width":150,"height":119,"caption":"Nordlineboats"},"image":{"@id":"https:\/\/nordlinepaadid.ee\/et\/#\/schema\/logo\/image\/"},"sameAs":["https:\/\/www.facebook.com\/nordlineboats","https:\/\/www.youtube.com\/channel\/UCbgF0fy02y3QkFnujaLTaCA"]}]}},"taxonomy_info":{"product_cat":[{"value":255,"label":"Raamatud"},{"value":228,"label":"RAAMATUD, MEREKAARDID, KATALOOGID, KINKEKAARDID"},{"value":804,"label":"\u041a\u043d\u0438\u0433\u0438"}],"pa_unit":[{"value":416,"label":"pcs"}]},"featured_image_src_large":["https:\/\/nordlinepaadid.ee\/wp-content\/uploads\/2024\/05\/10890_ESC-1-728x1024.jpg",728,1024,true],"author_info":[],"comment_info":"","_links":{"self":[{"href":"https:\/\/nordlinepaadid.ee\/et\/wp-json\/wp\/v2\/product\/63909","targetHints":{"allow":["GET"]}}],"collection":[{"href":"https:\/\/nordlinepaadid.ee\/et\/wp-json\/wp\/v2\/product"}],"about":[{"href":"https:\/\/nordlinepaadid.ee\/et\/wp-json\/wp\/v2\/types\/product"}],"wp:featuredmedia":[{"embeddable":true,"href":"https:\/\/nordlinepaadid.ee\/et\/wp-json\/wp\/v2\/media\/44264"}],"wp:attachment":[{"href":"https:\/\/nordlinepaadid.ee\/et\/wp-json\/wp\/v2\/media?parent=63909"}],"wp:term":[{"taxonomy":"product_brand","embeddable":true,"href":"https:\/\/nordlinepaadid.ee\/et\/wp-json\/wp\/v2\/product_brand?post=63909"},{"taxonomy":"product_cat","embeddable":true,"href":"https:\/\/nordlinepaadid.ee\/et\/wp-json\/wp\/v2\/product_cat?post=63909"},{"taxonomy":"product_tag","embeddable":true,"href":"https:\/\/nordlinepaadid.ee\/et\/wp-json\/wp\/v2\/product_tag?post=63909"}],"curies":[{"name":"wp","href":"https:\/\/api.w.org\/{rel}","templated":true}]}}