{"id":63910,"date":"2026-04-17T19:07:41","date_gmt":"2026-04-17T16:07:41","guid":{"rendered":"https:\/\/nordlinepaadid.ee\/pood\/maaratlemata\/raymarine-axiom-7-realvision\/"},"modified":"2026-04-17T19:07:41","modified_gmt":"2026-04-17T16:07:41","slug":"raymarine-axiom-7-realvision","status":"publish","type":"product","link":"https:\/\/nordlinepaadid.ee\/et\/pood\/mereelektroonika\/chartplotters-fishfinders\/raymarine-axiom-7-realvision\/","title":{"rendered":"RAYMARINE AXIOM+ 7 REALVISION"},"content":{"rendered":"<p>HydroTough\u2122 ekraan, rohkem m\u00e4lu, kiirem protsessor. Sellel multifunktsionaalsel ekraanil on uus Lighthouse Dartmouth operatsioonis\u00fcsteem ja \u00fclikiire neljatuumaline protsessor ning suur integreeritud m\u00e4lu. Lisaks on AXIOM+, nagu ka tema eelk\u00e4ijad, laiendatav, nii et selle v\u00f5imalusi saab vastavalt vajadusele lisada. Uus HydroTough\u2122 IPS LCD-ekraan on 25% heledam kui eelmise seeria ekraanid ning seda saab kiiresti ja t\u00e4pselt kasutada mis tahes tingimustes. AXIOM+ seeria HydroTough\u2122 . Lisaks on ekraan suurem l\u00f6\u00f6gikindlusega ning t\u00e4nu nanokattele veereb vesi ja mustus lihtsalt maha. See v\u00f5imaldab Raymarine AXIOM+ multifunktsionaalset ekraani.kasutada t\u00e4pselt ja kiiresti k\u00f5ikides tingimustes. Selged rakenduste ikoonid muudavad orienteerumise lihtsamaks, lihtne libistamine \u00fcle multifunktsionaalse ekraani aktiveerib info k\u00fclgriba. Infov\u00e4lju saab lohistades paigutada ekraanil erineva suurusega k\u00f5ikjale. Isikliku kasutajaprofiili ja konfiguratsiooni saab seadmesse p\u00fcsivalt salvestada. Raymarine&#8217;i multifunktsionaalsed seadmed v\u00f5imaldavad valida Navionicsi, C-Mapi ja laiendatud Lighthouse kaardivaliku vahel. \u00dcksikasjalikud grid ja vektorkaardid muudavad rannikualade navigeerimise v\u00e4ga lihtsaks ning sisaldavad ka 3D-kaarte ja satelliit kaardi v\u00f5imalusi. Integreeritud RealVision 3D sonarimoodul \u00fchendab \u00fches seadmes CHIRP DownVision, CHIRP SideVision, k\u00f5rgsageduslikud CHIRP ja RealVision 3D. T\u00e4nu RealVision 3D sonari elutruule selgusele saate h\u00f5lpsalt tuvastada veealuseid struktuure ja tuvastada kalaliike. Laia spektriga CHIRP edastab 60 erinevat sagedust, et v\u00f5imaldada uskumatult elul\u00e4hedasi sonaripilti ja suurep\u00e4rast p\u00fc\u00fcgikogemust. Komplekti kuulub sobiv RV-100 ahtripeegli muundur.<\/p>\n<p>&#13;<\/p>\n<p><iframe loading=\"lazy\" allowfullscreen=\"\" frameborder=\"0\" height=\"360\" src=\"\/\/www.youtube.com\/embed\/4h7U5DNb7E4\" width=\"640\"><\/iframe><\/p>\n<p>&#13;<\/p>\n","protected":false},"excerpt":{"rendered":"<p>HydroTough\u2122 ekraan, rohkem m\u00e4lu, kiirem protsessor. Sellel multifunktsionaalsel ekraanil on uus Lighthouse Dartmouth operatsioonis\u00fcsteem ja \u00fclikiire neljatuumaline protsessor ning suur integreeritud m\u00e4lu. Lisaks on AXIOM+, nagu ka tema eelk\u00e4ijad, laiendatav, nii et selle v\u00f5imalusi saab vastavalt vajadusele lisada. Uus HydroTough\u2122 IPS LCD-ekraan on 25% heledam kui eelmise seeria ekraanid ning seda saab kiiresti ja t\u00e4pselt&#8230;<\/p>\n","protected":false},"featured_media":44274,"template":"","meta":{"_kad_blocks_custom_css":"","_kad_blocks_head_custom_js":"","_kad_blocks_body_custom_js":"","_kad_blocks_footer_custom_js":"","_kad_post_transparent":"","_kad_post_title":"","_kad_post_layout":"","_kad_post_sidebar_id":"","_kad_post_content_style":"","_kad_post_vertical_padding":"","_kad_post_feature":"","_kad_post_feature_position":"","_kad_post_header":false,"_kad_post_footer":false,"_kad_post_classname":""},"product_brand":[],"product_cat":[338,352],"product_tag":[],"class_list":{"0":"post-63910","1":"product","2":"type-product","3":"status-publish","4":"has-post-thumbnail","6":"product_cat-chartplotters-fishfinders","7":"product_cat-mereelektroonika","8":"pa_producer-raymarine","9":"pa_unit-pcs","10":"tm-no-options","12":"first","13":"onbackorder","14":"taxable","15":"shipping-taxable","16":"purchasable","17":"product-type-simple","18":"entry","19":"content-bg","20":"loop-entry"},"yoast_head":"<!-- This site is optimized with the Yoast SEO plugin v27.3 - https:\/\/yoast.com\/product\/yoast-seo-wordpress\/ -->\n<title>RAYMARINE AXIOM+ 7 REALVISION - NORDLINE s\u00f5udepaadid ja mootorpaadid. Klaasfiiber materjalist.<\/title>\n<meta name=\"robots\" content=\"index, follow, max-snippet:-1, max-image-preview:large, max-video-preview:-1\" \/>\n<link rel=\"canonical\" href=\"https:\/\/nordlinepaadid.ee\/et\/pood\/mereelektroonika\/chartplotters-fishfinders\/raymarine-axiom-7-realvision\/\" \/>\n<meta property=\"og:locale\" content=\"et_EE\" \/>\n<meta property=\"og:type\" content=\"article\" \/>\n<meta property=\"og:title\" content=\"RAYMARINE AXIOM+ 7 REALVISION - NORDLINE s\u00f5udepaadid ja mootorpaadid. Klaasfiiber materjalist.\" \/>\n<meta property=\"og:description\" content=\"HydroTough\u2122 ekraan, rohkem m\u00e4lu, kiirem protsessor. Sellel multifunktsionaalsel ekraanil on uus Lighthouse Dartmouth operatsioonis\u00fcsteem ja \u00fclikiire neljatuumaline protsessor ning suur integreeritud m\u00e4lu. Lisaks on AXIOM+, nagu ka tema eelk\u00e4ijad, laiendatav, nii et selle v\u00f5imalusi saab vastavalt vajadusele lisada. Uus HydroTough\u2122 IPS LCD-ekraan on 25% heledam kui eelmise seeria ekraanid ning seda saab kiiresti ja t\u00e4pselt...\" \/>\n<meta property=\"og:url\" content=\"https:\/\/nordlinepaadid.ee\/et\/pood\/mereelektroonika\/chartplotters-fishfinders\/raymarine-axiom-7-realvision\/\" \/>\n<meta property=\"og:site_name\" content=\"NORDLINE s\u00f5udepaadid ja mootorpaadid. Klaasfiiber materjalist.\" \/>\n<meta property=\"article:publisher\" content=\"https:\/\/www.facebook.com\/nordlineboats\" \/>\n<meta property=\"og:image\" content=\"https:\/\/nordlinepaadid.ee\/wp-content\/uploads\/2024\/05\/10895_AXIOM_Plus.jpg\" \/>\n\t<meta property=\"og:image:width\" content=\"743\" \/>\n\t<meta property=\"og:image:height\" content=\"560\" \/>\n\t<meta property=\"og:image:type\" content=\"image\/jpeg\" \/>\n<meta name=\"twitter:card\" content=\"summary_large_image\" \/>\n<meta name=\"twitter:label1\" content=\"Est. reading time\" \/>\n\t<meta name=\"twitter:data1\" content=\"1 minut\" \/>\n<script type=\"application\/ld+json\" class=\"yoast-schema-graph\">{\"@context\":\"https:\\\/\\\/schema.org\",\"@graph\":[{\"@type\":\"WebPage\",\"@id\":\"https:\\\/\\\/nordlinepaadid.ee\\\/et\\\/pood\\\/mereelektroonika\\\/chartplotters-fishfinders\\\/raymarine-axiom-7-realvision\\\/\",\"url\":\"https:\\\/\\\/nordlinepaadid.ee\\\/et\\\/pood\\\/mereelektroonika\\\/chartplotters-fishfinders\\\/raymarine-axiom-7-realvision\\\/\",\"name\":\"RAYMARINE AXIOM+ 7 REALVISION - NORDLINE s\u00f5udepaadid ja mootorpaadid. Klaasfiiber materjalist.\",\"isPartOf\":{\"@id\":\"https:\\\/\\\/nordlinepaadid.ee\\\/et\\\/#website\"},\"primaryImageOfPage\":{\"@id\":\"https:\\\/\\\/nordlinepaadid.ee\\\/et\\\/pood\\\/mereelektroonika\\\/chartplotters-fishfinders\\\/raymarine-axiom-7-realvision\\\/#primaryimage\"},\"image\":{\"@id\":\"https:\\\/\\\/nordlinepaadid.ee\\\/et\\\/pood\\\/mereelektroonika\\\/chartplotters-fishfinders\\\/raymarine-axiom-7-realvision\\\/#primaryimage\"},\"thumbnailUrl\":\"https:\\\/\\\/nordlinepaadid.ee\\\/wp-content\\\/uploads\\\/2024\\\/05\\\/10895_AXIOM_Plus.jpg\",\"datePublished\":\"2026-04-17T16:07:41+00:00\",\"breadcrumb\":{\"@id\":\"https:\\\/\\\/nordlinepaadid.ee\\\/et\\\/pood\\\/mereelektroonika\\\/chartplotters-fishfinders\\\/raymarine-axiom-7-realvision\\\/#breadcrumb\"},\"inLanguage\":\"et\",\"potentialAction\":[{\"@type\":\"ReadAction\",\"target\":[\"https:\\\/\\\/nordlinepaadid.ee\\\/et\\\/pood\\\/mereelektroonika\\\/chartplotters-fishfinders\\\/raymarine-axiom-7-realvision\\\/\"]}]},{\"@type\":\"ImageObject\",\"inLanguage\":\"et\",\"@id\":\"https:\\\/\\\/nordlinepaadid.ee\\\/et\\\/pood\\\/mereelektroonika\\\/chartplotters-fishfinders\\\/raymarine-axiom-7-realvision\\\/#primaryimage\",\"url\":\"https:\\\/\\\/nordlinepaadid.ee\\\/wp-content\\\/uploads\\\/2024\\\/05\\\/10895_AXIOM_Plus.jpg\",\"contentUrl\":\"https:\\\/\\\/nordlinepaadid.ee\\\/wp-content\\\/uploads\\\/2024\\\/05\\\/10895_AXIOM_Plus.jpg\",\"width\":743,\"height\":560},{\"@type\":\"BreadcrumbList\",\"@id\":\"https:\\\/\\\/nordlinepaadid.ee\\\/et\\\/pood\\\/mereelektroonika\\\/chartplotters-fishfinders\\\/raymarine-axiom-7-realvision\\\/#breadcrumb\",\"itemListElement\":[{\"@type\":\"ListItem\",\"position\":1,\"name\":\"Home\",\"item\":\"https:\\\/\\\/nordlinepaadid.ee\\\/et\\\/\"},{\"@type\":\"ListItem\",\"position\":2,\"name\":\"Pood\",\"item\":\"https:\\\/\\\/nordlinepaadid.ee\\\/et\\\/pood\\\/\"},{\"@type\":\"ListItem\",\"position\":3,\"name\":\"RAYMARINE AXIOM+ 7 REALVISION\"}]},{\"@type\":\"WebSite\",\"@id\":\"https:\\\/\\\/nordlinepaadid.ee\\\/et\\\/#website\",\"url\":\"https:\\\/\\\/nordlinepaadid.ee\\\/et\\\/\",\"name\":\"NORDLINE s\u00f5udepaadid ja mootorpaadid. Klaasfiiber materjalist.\",\"description\":\"\",\"publisher\":{\"@id\":\"https:\\\/\\\/nordlinepaadid.ee\\\/et\\\/#organization\"},\"potentialAction\":[{\"@type\":\"SearchAction\",\"target\":{\"@type\":\"EntryPoint\",\"urlTemplate\":\"https:\\\/\\\/nordlinepaadid.ee\\\/et\\\/?s={search_term_string}\"},\"query-input\":{\"@type\":\"PropertyValueSpecification\",\"valueRequired\":true,\"valueName\":\"search_term_string\"}}],\"inLanguage\":\"et\"},{\"@type\":\"Organization\",\"@id\":\"https:\\\/\\\/nordlinepaadid.ee\\\/et\\\/#organization\",\"name\":\"Nordlineboats\",\"url\":\"https:\\\/\\\/nordlinepaadid.ee\\\/et\\\/\",\"logo\":{\"@type\":\"ImageObject\",\"inLanguage\":\"et\",\"@id\":\"https:\\\/\\\/nordlinepaadid.ee\\\/et\\\/#\\\/schema\\\/logo\\\/image\\\/\",\"url\":\"https:\\\/\\\/nordlinepaadid.ee\\\/wp-content\\\/uploads\\\/2023\\\/01\\\/fulllogo_transparent_nobuffer-e1672750475494.png\",\"contentUrl\":\"https:\\\/\\\/nordlinepaadid.ee\\\/wp-content\\\/uploads\\\/2023\\\/01\\\/fulllogo_transparent_nobuffer-e1672750475494.png\",\"width\":150,\"height\":119,\"caption\":\"Nordlineboats\"},\"image\":{\"@id\":\"https:\\\/\\\/nordlinepaadid.ee\\\/et\\\/#\\\/schema\\\/logo\\\/image\\\/\"},\"sameAs\":[\"https:\\\/\\\/www.facebook.com\\\/nordlineboats\",\"https:\\\/\\\/www.youtube.com\\\/channel\\\/UCbgF0fy02y3QkFnujaLTaCA\"]}]}<\/script>\n<!-- \/ Yoast SEO plugin. -->","yoast_head_json":{"title":"RAYMARINE AXIOM+ 7 REALVISION - NORDLINE s\u00f5udepaadid ja mootorpaadid. Klaasfiiber materjalist.","robots":{"index":"index","follow":"follow","max-snippet":"max-snippet:-1","max-image-preview":"max-image-preview:large","max-video-preview":"max-video-preview:-1"},"canonical":"https:\/\/nordlinepaadid.ee\/et\/pood\/mereelektroonika\/chartplotters-fishfinders\/raymarine-axiom-7-realvision\/","og_locale":"et_EE","og_type":"article","og_title":"RAYMARINE AXIOM+ 7 REALVISION - NORDLINE s\u00f5udepaadid ja mootorpaadid. Klaasfiiber materjalist.","og_description":"HydroTough\u2122 ekraan, rohkem m\u00e4lu, kiirem protsessor. Sellel multifunktsionaalsel ekraanil on uus Lighthouse Dartmouth operatsioonis\u00fcsteem ja \u00fclikiire neljatuumaline protsessor ning suur integreeritud m\u00e4lu. Lisaks on AXIOM+, nagu ka tema eelk\u00e4ijad, laiendatav, nii et selle v\u00f5imalusi saab vastavalt vajadusele lisada. Uus HydroTough\u2122 IPS LCD-ekraan on 25% heledam kui eelmise seeria ekraanid ning seda saab kiiresti ja t\u00e4pselt...","og_url":"https:\/\/nordlinepaadid.ee\/et\/pood\/mereelektroonika\/chartplotters-fishfinders\/raymarine-axiom-7-realvision\/","og_site_name":"NORDLINE s\u00f5udepaadid ja mootorpaadid. Klaasfiiber materjalist.","article_publisher":"https:\/\/www.facebook.com\/nordlineboats","og_image":[{"width":743,"height":560,"url":"https:\/\/nordlinepaadid.ee\/wp-content\/uploads\/2024\/05\/10895_AXIOM_Plus.jpg","type":"image\/jpeg"}],"twitter_card":"summary_large_image","twitter_misc":{"Est. reading time":"1 minut"},"schema":{"@context":"https:\/\/schema.org","@graph":[{"@type":"WebPage","@id":"https:\/\/nordlinepaadid.ee\/et\/pood\/mereelektroonika\/chartplotters-fishfinders\/raymarine-axiom-7-realvision\/","url":"https:\/\/nordlinepaadid.ee\/et\/pood\/mereelektroonika\/chartplotters-fishfinders\/raymarine-axiom-7-realvision\/","name":"RAYMARINE AXIOM+ 7 REALVISION - NORDLINE s\u00f5udepaadid ja mootorpaadid. Klaasfiiber materjalist.","isPartOf":{"@id":"https:\/\/nordlinepaadid.ee\/et\/#website"},"primaryImageOfPage":{"@id":"https:\/\/nordlinepaadid.ee\/et\/pood\/mereelektroonika\/chartplotters-fishfinders\/raymarine-axiom-7-realvision\/#primaryimage"},"image":{"@id":"https:\/\/nordlinepaadid.ee\/et\/pood\/mereelektroonika\/chartplotters-fishfinders\/raymarine-axiom-7-realvision\/#primaryimage"},"thumbnailUrl":"https:\/\/nordlinepaadid.ee\/wp-content\/uploads\/2024\/05\/10895_AXIOM_Plus.jpg","datePublished":"2026-04-17T16:07:41+00:00","breadcrumb":{"@id":"https:\/\/nordlinepaadid.ee\/et\/pood\/mereelektroonika\/chartplotters-fishfinders\/raymarine-axiom-7-realvision\/#breadcrumb"},"inLanguage":"et","potentialAction":[{"@type":"ReadAction","target":["https:\/\/nordlinepaadid.ee\/et\/pood\/mereelektroonika\/chartplotters-fishfinders\/raymarine-axiom-7-realvision\/"]}]},{"@type":"ImageObject","inLanguage":"et","@id":"https:\/\/nordlinepaadid.ee\/et\/pood\/mereelektroonika\/chartplotters-fishfinders\/raymarine-axiom-7-realvision\/#primaryimage","url":"https:\/\/nordlinepaadid.ee\/wp-content\/uploads\/2024\/05\/10895_AXIOM_Plus.jpg","contentUrl":"https:\/\/nordlinepaadid.ee\/wp-content\/uploads\/2024\/05\/10895_AXIOM_Plus.jpg","width":743,"height":560},{"@type":"BreadcrumbList","@id":"https:\/\/nordlinepaadid.ee\/et\/pood\/mereelektroonika\/chartplotters-fishfinders\/raymarine-axiom-7-realvision\/#breadcrumb","itemListElement":[{"@type":"ListItem","position":1,"name":"Home","item":"https:\/\/nordlinepaadid.ee\/et\/"},{"@type":"ListItem","position":2,"name":"Pood","item":"https:\/\/nordlinepaadid.ee\/et\/pood\/"},{"@type":"ListItem","position":3,"name":"RAYMARINE AXIOM+ 7 REALVISION"}]},{"@type":"WebSite","@id":"https:\/\/nordlinepaadid.ee\/et\/#website","url":"https:\/\/nordlinepaadid.ee\/et\/","name":"NORDLINE s\u00f5udepaadid ja mootorpaadid. Klaasfiiber materjalist.","description":"","publisher":{"@id":"https:\/\/nordlinepaadid.ee\/et\/#organization"},"potentialAction":[{"@type":"SearchAction","target":{"@type":"EntryPoint","urlTemplate":"https:\/\/nordlinepaadid.ee\/et\/?s={search_term_string}"},"query-input":{"@type":"PropertyValueSpecification","valueRequired":true,"valueName":"search_term_string"}}],"inLanguage":"et"},{"@type":"Organization","@id":"https:\/\/nordlinepaadid.ee\/et\/#organization","name":"Nordlineboats","url":"https:\/\/nordlinepaadid.ee\/et\/","logo":{"@type":"ImageObject","inLanguage":"et","@id":"https:\/\/nordlinepaadid.ee\/et\/#\/schema\/logo\/image\/","url":"https:\/\/nordlinepaadid.ee\/wp-content\/uploads\/2023\/01\/fulllogo_transparent_nobuffer-e1672750475494.png","contentUrl":"https:\/\/nordlinepaadid.ee\/wp-content\/uploads\/2023\/01\/fulllogo_transparent_nobuffer-e1672750475494.png","width":150,"height":119,"caption":"Nordlineboats"},"image":{"@id":"https:\/\/nordlinepaadid.ee\/et\/#\/schema\/logo\/image\/"},"sameAs":["https:\/\/www.facebook.com\/nordlineboats","https:\/\/www.youtube.com\/channel\/UCbgF0fy02y3QkFnujaLTaCA"]}]}},"taxonomy_info":{"product_cat":[{"value":338,"label":"Kaardiplotterid, Sonarid"},{"value":352,"label":"MEREELEKTROONIKA"}],"pa_producer":[{"value":476,"label":"Raymarine"}],"pa_unit":[{"value":416,"label":"pcs"}]},"featured_image_src_large":["https:\/\/nordlinepaadid.ee\/wp-content\/uploads\/2024\/05\/10895_AXIOM_Plus.jpg",743,560,false],"author_info":[],"comment_info":"","_links":{"self":[{"href":"https:\/\/nordlinepaadid.ee\/et\/wp-json\/wp\/v2\/product\/63910","targetHints":{"allow":["GET"]}}],"collection":[{"href":"https:\/\/nordlinepaadid.ee\/et\/wp-json\/wp\/v2\/product"}],"about":[{"href":"https:\/\/nordlinepaadid.ee\/et\/wp-json\/wp\/v2\/types\/product"}],"wp:featuredmedia":[{"embeddable":true,"href":"https:\/\/nordlinepaadid.ee\/et\/wp-json\/wp\/v2\/media\/44274"}],"wp:attachment":[{"href":"https:\/\/nordlinepaadid.ee\/et\/wp-json\/wp\/v2\/media?parent=63910"}],"wp:term":[{"taxonomy":"product_brand","embeddable":true,"href":"https:\/\/nordlinepaadid.ee\/et\/wp-json\/wp\/v2\/product_brand?post=63910"},{"taxonomy":"product_cat","embeddable":true,"href":"https:\/\/nordlinepaadid.ee\/et\/wp-json\/wp\/v2\/product_cat?post=63910"},{"taxonomy":"product_tag","embeddable":true,"href":"https:\/\/nordlinepaadid.ee\/et\/wp-json\/wp\/v2\/product_tag?post=63910"}],"curies":[{"name":"wp","href":"https:\/\/api.w.org\/{rel}","templated":true}]}}