{"id":63923,"date":"2026-05-15T03:20:56","date_gmt":"2026-05-15T00:20:56","guid":{"rendered":"https:\/\/nordlinepaadid.ee\/pood\/maaratlemata\/transmissiooni-olilisand-liqui-moly-20-g\/"},"modified":"2026-05-15T03:20:56","modified_gmt":"2026-05-15T00:20:56","slug":"transmissiooni-olilisand-liqui-moly-20-g","status":"publish","type":"product","link":"https:\/\/nordlinepaadid.ee\/et\/pood\/paadihooldusvahendid\/oils-greases\/transmissiooni-olilisand-liqui-moly-20-g\/","title":{"rendered":"TRANSMISSIOONI \u00d5LILISAND &#8211; LIQUI MOLY, 20 G"},"content":{"rendered":"<p style=\"text-align:justify\">MoS2 lisand moodustab \u00fclimalt vastupidava m\u00e4\u00e4rdekihi k\u00f5ikidele h\u00f5\u00f5rduvatele ja liuguvatele metallpindadele. Sellega kaasnevad v\u00e4iksem h\u00f5\u00f5rdumine, aeglasem kulumine ning madalamad temperatuuritipud. Tulemuseks on \u00fchtlasem k\u00e4ik, sujuvam k\u00e4iguvahetus ja sisuliselt olematu kulumine sisset\u00f6\u00f6tamisel, olematut h\u00f5\u00f5rdemomendid ja triboloogilised \u00fchildumised. Paranevad oluliselt nii t\u00f6\u00f6kindlus kui ka h\u00f5\u00f5rdumisvastased omadused.<\/p>\n<p>&#13;<\/p>\n","protected":false},"excerpt":{"rendered":"<p>MoS2 lisand moodustab \u00fclimalt vastupidava m\u00e4\u00e4rdekihi k\u00f5ikidele h\u00f5\u00f5rduvatele ja liuguvatele metallpindadele. Sellega kaasnevad v\u00e4iksem h\u00f5\u00f5rdumine, aeglasem kulumine ning madalamad temperatuuritipud. Tulemuseks on \u00fchtlasem k\u00e4ik, sujuvam k\u00e4iguvahetus ja sisuliselt olematu kulumine sisset\u00f6\u00f6tamisel, olematut h\u00f5\u00f5rdemomendid ja triboloogilised \u00fchildumised. Paranevad oluliselt nii t\u00f6\u00f6kindlus kui ka h\u00f5\u00f5rdumisvastased omadused. &#13;<\/p>\n","protected":false},"featured_media":44490,"template":"","meta":{"_kad_blocks_custom_css":"","_kad_blocks_head_custom_js":"","_kad_blocks_body_custom_js":"","_kad_blocks_footer_custom_js":"","_kad_post_transparent":"","_kad_post_title":"","_kad_post_layout":"","_kad_post_sidebar_id":"","_kad_post_content_style":"","_kad_post_vertical_padding":"","_kad_post_feature":"","_kad_post_feature_position":"","_kad_post_header":false,"_kad_post_footer":false,"_kad_post_classname":""},"product_brand":[],"product_cat":[286,284],"product_tag":[],"class_list":{"0":"post-63923","1":"product","2":"type-product","3":"status-publish","4":"has-post-thumbnail","6":"product_cat-oils-greases","7":"product_cat-paadihooldusvahendid","8":"pa_producer-liqui-moly-2","9":"tm-no-options","11":"first","12":"onbackorder","13":"taxable","14":"shipping-taxable","15":"purchasable","16":"product-type-simple","17":"entry","18":"content-bg","19":"loop-entry"},"yoast_head":"<!-- This site is optimized with the Yoast SEO plugin v27.5 - https:\/\/yoast.com\/product\/yoast-seo-wordpress\/ -->\n<title>TRANSMISSIOONI \u00d5LILISAND - LIQUI MOLY, 20 G - NORDLINE s\u00f5udepaadid ja mootorpaadid. Klaasfiiber materjalist.<\/title>\n<meta name=\"robots\" content=\"index, follow, max-snippet:-1, max-image-preview:large, max-video-preview:-1\" \/>\n<link rel=\"canonical\" href=\"https:\/\/nordlinepaadid.ee\/et\/pood\/paadihooldusvahendid\/oils-greases\/transmissiooni-olilisand-liqui-moly-20-g\/\" \/>\n<meta property=\"og:locale\" content=\"et_EE\" \/>\n<meta property=\"og:type\" content=\"article\" \/>\n<meta property=\"og:title\" content=\"TRANSMISSIOONI \u00d5LILISAND - LIQUI MOLY, 20 G - NORDLINE s\u00f5udepaadid ja mootorpaadid. Klaasfiiber materjalist.\" \/>\n<meta property=\"og:description\" content=\"MoS2 lisand moodustab \u00fclimalt vastupidava m\u00e4\u00e4rdekihi k\u00f5ikidele h\u00f5\u00f5rduvatele ja liuguvatele metallpindadele. Sellega kaasnevad v\u00e4iksem h\u00f5\u00f5rdumine, aeglasem kulumine ning madalamad temperatuuritipud. Tulemuseks on \u00fchtlasem k\u00e4ik, sujuvam k\u00e4iguvahetus ja sisuliselt olematu kulumine sisset\u00f6\u00f6tamisel, olematut h\u00f5\u00f5rdemomendid ja triboloogilised \u00fchildumised. Paranevad oluliselt nii t\u00f6\u00f6kindlus kui ka h\u00f5\u00f5rdumisvastased omadused. &#013;\" \/>\n<meta property=\"og:url\" content=\"https:\/\/nordlinepaadid.ee\/et\/pood\/paadihooldusvahendid\/oils-greases\/transmissiooni-olilisand-liqui-moly-20-g\/\" \/>\n<meta property=\"og:site_name\" content=\"NORDLINE s\u00f5udepaadid ja mootorpaadid. Klaasfiiber materjalist.\" \/>\n<meta property=\"article:publisher\" content=\"https:\/\/www.facebook.com\/nordlineboats\" \/>\n<meta property=\"og:image\" content=\"https:\/\/nordlinepaadid.ee\/wp-content\/uploads\/2024\/05\/10969_LI1040-1.png\" \/>\n\t<meta property=\"og:image:width\" content=\"1420\" \/>\n\t<meta property=\"og:image:height\" content=\"3541\" \/>\n\t<meta property=\"og:image:type\" content=\"image\/png\" \/>\n<meta name=\"twitter:card\" content=\"summary_large_image\" \/>\n<script type=\"application\/ld+json\" class=\"yoast-schema-graph\">{\"@context\":\"https:\\\/\\\/schema.org\",\"@graph\":[{\"@type\":\"WebPage\",\"@id\":\"https:\\\/\\\/nordlinepaadid.ee\\\/et\\\/pood\\\/paadihooldusvahendid\\\/oils-greases\\\/transmissiooni-olilisand-liqui-moly-20-g\\\/\",\"url\":\"https:\\\/\\\/nordlinepaadid.ee\\\/et\\\/pood\\\/paadihooldusvahendid\\\/oils-greases\\\/transmissiooni-olilisand-liqui-moly-20-g\\\/\",\"name\":\"TRANSMISSIOONI \u00d5LILISAND - LIQUI MOLY, 20 G - NORDLINE s\u00f5udepaadid ja mootorpaadid. Klaasfiiber materjalist.\",\"isPartOf\":{\"@id\":\"https:\\\/\\\/nordlinepaadid.ee\\\/et\\\/#website\"},\"primaryImageOfPage\":{\"@id\":\"https:\\\/\\\/nordlinepaadid.ee\\\/et\\\/pood\\\/paadihooldusvahendid\\\/oils-greases\\\/transmissiooni-olilisand-liqui-moly-20-g\\\/#primaryimage\"},\"image\":{\"@id\":\"https:\\\/\\\/nordlinepaadid.ee\\\/et\\\/pood\\\/paadihooldusvahendid\\\/oils-greases\\\/transmissiooni-olilisand-liqui-moly-20-g\\\/#primaryimage\"},\"thumbnailUrl\":\"https:\\\/\\\/nordlinepaadid.ee\\\/wp-content\\\/uploads\\\/2024\\\/05\\\/10969_LI1040-1.png\",\"datePublished\":\"2026-05-15T00:20:56+00:00\",\"breadcrumb\":{\"@id\":\"https:\\\/\\\/nordlinepaadid.ee\\\/et\\\/pood\\\/paadihooldusvahendid\\\/oils-greases\\\/transmissiooni-olilisand-liqui-moly-20-g\\\/#breadcrumb\"},\"inLanguage\":\"et\",\"potentialAction\":[{\"@type\":\"ReadAction\",\"target\":[\"https:\\\/\\\/nordlinepaadid.ee\\\/et\\\/pood\\\/paadihooldusvahendid\\\/oils-greases\\\/transmissiooni-olilisand-liqui-moly-20-g\\\/\"]}]},{\"@type\":\"ImageObject\",\"inLanguage\":\"et\",\"@id\":\"https:\\\/\\\/nordlinepaadid.ee\\\/et\\\/pood\\\/paadihooldusvahendid\\\/oils-greases\\\/transmissiooni-olilisand-liqui-moly-20-g\\\/#primaryimage\",\"url\":\"https:\\\/\\\/nordlinepaadid.ee\\\/wp-content\\\/uploads\\\/2024\\\/05\\\/10969_LI1040-1.png\",\"contentUrl\":\"https:\\\/\\\/nordlinepaadid.ee\\\/wp-content\\\/uploads\\\/2024\\\/05\\\/10969_LI1040-1.png\",\"width\":1420,\"height\":3541},{\"@type\":\"BreadcrumbList\",\"@id\":\"https:\\\/\\\/nordlinepaadid.ee\\\/et\\\/pood\\\/paadihooldusvahendid\\\/oils-greases\\\/transmissiooni-olilisand-liqui-moly-20-g\\\/#breadcrumb\",\"itemListElement\":[{\"@type\":\"ListItem\",\"position\":1,\"name\":\"Home\",\"item\":\"https:\\\/\\\/nordlinepaadid.ee\\\/et\\\/\"},{\"@type\":\"ListItem\",\"position\":2,\"name\":\"Pood\",\"item\":\"https:\\\/\\\/nordlinepaadid.ee\\\/et\\\/pood\\\/\"},{\"@type\":\"ListItem\",\"position\":3,\"name\":\"TRANSMISSIOONI \u00d5LILISAND &#8211; LIQUI MOLY, 20 G\"}]},{\"@type\":\"WebSite\",\"@id\":\"https:\\\/\\\/nordlinepaadid.ee\\\/et\\\/#website\",\"url\":\"https:\\\/\\\/nordlinepaadid.ee\\\/et\\\/\",\"name\":\"NORDLINE s\u00f5udepaadid ja mootorpaadid. Klaasfiiber materjalist.\",\"description\":\"\",\"publisher\":{\"@id\":\"https:\\\/\\\/nordlinepaadid.ee\\\/et\\\/#organization\"},\"potentialAction\":[{\"@type\":\"SearchAction\",\"target\":{\"@type\":\"EntryPoint\",\"urlTemplate\":\"https:\\\/\\\/nordlinepaadid.ee\\\/et\\\/?s={search_term_string}\"},\"query-input\":{\"@type\":\"PropertyValueSpecification\",\"valueRequired\":true,\"valueName\":\"search_term_string\"}}],\"inLanguage\":\"et\"},{\"@type\":\"Organization\",\"@id\":\"https:\\\/\\\/nordlinepaadid.ee\\\/et\\\/#organization\",\"name\":\"Nordlineboats\",\"url\":\"https:\\\/\\\/nordlinepaadid.ee\\\/et\\\/\",\"logo\":{\"@type\":\"ImageObject\",\"inLanguage\":\"et\",\"@id\":\"https:\\\/\\\/nordlinepaadid.ee\\\/et\\\/#\\\/schema\\\/logo\\\/image\\\/\",\"url\":\"https:\\\/\\\/nordlinepaadid.ee\\\/wp-content\\\/uploads\\\/2023\\\/01\\\/fulllogo_transparent_nobuffer-e1672750475494.png\",\"contentUrl\":\"https:\\\/\\\/nordlinepaadid.ee\\\/wp-content\\\/uploads\\\/2023\\\/01\\\/fulllogo_transparent_nobuffer-e1672750475494.png\",\"width\":150,\"height\":119,\"caption\":\"Nordlineboats\"},\"image\":{\"@id\":\"https:\\\/\\\/nordlinepaadid.ee\\\/et\\\/#\\\/schema\\\/logo\\\/image\\\/\"},\"sameAs\":[\"https:\\\/\\\/www.facebook.com\\\/nordlineboats\",\"https:\\\/\\\/www.youtube.com\\\/channel\\\/UCbgF0fy02y3QkFnujaLTaCA\"]}]}<\/script>\n<!-- \/ Yoast SEO plugin. -->","yoast_head_json":{"title":"TRANSMISSIOONI \u00d5LILISAND - LIQUI MOLY, 20 G - NORDLINE s\u00f5udepaadid ja mootorpaadid. Klaasfiiber materjalist.","robots":{"index":"index","follow":"follow","max-snippet":"max-snippet:-1","max-image-preview":"max-image-preview:large","max-video-preview":"max-video-preview:-1"},"canonical":"https:\/\/nordlinepaadid.ee\/et\/pood\/paadihooldusvahendid\/oils-greases\/transmissiooni-olilisand-liqui-moly-20-g\/","og_locale":"et_EE","og_type":"article","og_title":"TRANSMISSIOONI \u00d5LILISAND - LIQUI MOLY, 20 G - NORDLINE s\u00f5udepaadid ja mootorpaadid. Klaasfiiber materjalist.","og_description":"MoS2 lisand moodustab \u00fclimalt vastupidava m\u00e4\u00e4rdekihi k\u00f5ikidele h\u00f5\u00f5rduvatele ja liuguvatele metallpindadele. Sellega kaasnevad v\u00e4iksem h\u00f5\u00f5rdumine, aeglasem kulumine ning madalamad temperatuuritipud. Tulemuseks on \u00fchtlasem k\u00e4ik, sujuvam k\u00e4iguvahetus ja sisuliselt olematu kulumine sisset\u00f6\u00f6tamisel, olematut h\u00f5\u00f5rdemomendid ja triboloogilised \u00fchildumised. Paranevad oluliselt nii t\u00f6\u00f6kindlus kui ka h\u00f5\u00f5rdumisvastased omadused. &#13;","og_url":"https:\/\/nordlinepaadid.ee\/et\/pood\/paadihooldusvahendid\/oils-greases\/transmissiooni-olilisand-liqui-moly-20-g\/","og_site_name":"NORDLINE s\u00f5udepaadid ja mootorpaadid. Klaasfiiber materjalist.","article_publisher":"https:\/\/www.facebook.com\/nordlineboats","og_image":[{"width":1420,"height":3541,"url":"https:\/\/nordlinepaadid.ee\/wp-content\/uploads\/2024\/05\/10969_LI1040-1.png","type":"image\/png"}],"twitter_card":"summary_large_image","schema":{"@context":"https:\/\/schema.org","@graph":[{"@type":"WebPage","@id":"https:\/\/nordlinepaadid.ee\/et\/pood\/paadihooldusvahendid\/oils-greases\/transmissiooni-olilisand-liqui-moly-20-g\/","url":"https:\/\/nordlinepaadid.ee\/et\/pood\/paadihooldusvahendid\/oils-greases\/transmissiooni-olilisand-liqui-moly-20-g\/","name":"TRANSMISSIOONI \u00d5LILISAND - LIQUI MOLY, 20 G - NORDLINE s\u00f5udepaadid ja mootorpaadid. Klaasfiiber materjalist.","isPartOf":{"@id":"https:\/\/nordlinepaadid.ee\/et\/#website"},"primaryImageOfPage":{"@id":"https:\/\/nordlinepaadid.ee\/et\/pood\/paadihooldusvahendid\/oils-greases\/transmissiooni-olilisand-liqui-moly-20-g\/#primaryimage"},"image":{"@id":"https:\/\/nordlinepaadid.ee\/et\/pood\/paadihooldusvahendid\/oils-greases\/transmissiooni-olilisand-liqui-moly-20-g\/#primaryimage"},"thumbnailUrl":"https:\/\/nordlinepaadid.ee\/wp-content\/uploads\/2024\/05\/10969_LI1040-1.png","datePublished":"2026-05-15T00:20:56+00:00","breadcrumb":{"@id":"https:\/\/nordlinepaadid.ee\/et\/pood\/paadihooldusvahendid\/oils-greases\/transmissiooni-olilisand-liqui-moly-20-g\/#breadcrumb"},"inLanguage":"et","potentialAction":[{"@type":"ReadAction","target":["https:\/\/nordlinepaadid.ee\/et\/pood\/paadihooldusvahendid\/oils-greases\/transmissiooni-olilisand-liqui-moly-20-g\/"]}]},{"@type":"ImageObject","inLanguage":"et","@id":"https:\/\/nordlinepaadid.ee\/et\/pood\/paadihooldusvahendid\/oils-greases\/transmissiooni-olilisand-liqui-moly-20-g\/#primaryimage","url":"https:\/\/nordlinepaadid.ee\/wp-content\/uploads\/2024\/05\/10969_LI1040-1.png","contentUrl":"https:\/\/nordlinepaadid.ee\/wp-content\/uploads\/2024\/05\/10969_LI1040-1.png","width":1420,"height":3541},{"@type":"BreadcrumbList","@id":"https:\/\/nordlinepaadid.ee\/et\/pood\/paadihooldusvahendid\/oils-greases\/transmissiooni-olilisand-liqui-moly-20-g\/#breadcrumb","itemListElement":[{"@type":"ListItem","position":1,"name":"Home","item":"https:\/\/nordlinepaadid.ee\/et\/"},{"@type":"ListItem","position":2,"name":"Pood","item":"https:\/\/nordlinepaadid.ee\/et\/pood\/"},{"@type":"ListItem","position":3,"name":"TRANSMISSIOONI \u00d5LILISAND &#8211; LIQUI MOLY, 20 G"}]},{"@type":"WebSite","@id":"https:\/\/nordlinepaadid.ee\/et\/#website","url":"https:\/\/nordlinepaadid.ee\/et\/","name":"NORDLINE s\u00f5udepaadid ja mootorpaadid. Klaasfiiber materjalist.","description":"","publisher":{"@id":"https:\/\/nordlinepaadid.ee\/et\/#organization"},"potentialAction":[{"@type":"SearchAction","target":{"@type":"EntryPoint","urlTemplate":"https:\/\/nordlinepaadid.ee\/et\/?s={search_term_string}"},"query-input":{"@type":"PropertyValueSpecification","valueRequired":true,"valueName":"search_term_string"}}],"inLanguage":"et"},{"@type":"Organization","@id":"https:\/\/nordlinepaadid.ee\/et\/#organization","name":"Nordlineboats","url":"https:\/\/nordlinepaadid.ee\/et\/","logo":{"@type":"ImageObject","inLanguage":"et","@id":"https:\/\/nordlinepaadid.ee\/et\/#\/schema\/logo\/image\/","url":"https:\/\/nordlinepaadid.ee\/wp-content\/uploads\/2023\/01\/fulllogo_transparent_nobuffer-e1672750475494.png","contentUrl":"https:\/\/nordlinepaadid.ee\/wp-content\/uploads\/2023\/01\/fulllogo_transparent_nobuffer-e1672750475494.png","width":150,"height":119,"caption":"Nordlineboats"},"image":{"@id":"https:\/\/nordlinepaadid.ee\/et\/#\/schema\/logo\/image\/"},"sameAs":["https:\/\/www.facebook.com\/nordlineboats","https:\/\/www.youtube.com\/channel\/UCbgF0fy02y3QkFnujaLTaCA"]}]}},"taxonomy_info":{"product_cat":[{"value":286,"label":"\u00d5lid, M\u00e4\u00e4rded"},{"value":284,"label":"PAADIHOOLDUSVAHENDID"}],"pa_producer":[{"value":1284,"label":"Liqui Moly"}]},"featured_image_src_large":["https:\/\/nordlinepaadid.ee\/wp-content\/uploads\/2024\/05\/10969_LI1040-1-411x1024.png",411,1024,true],"author_info":[],"comment_info":"","_links":{"self":[{"href":"https:\/\/nordlinepaadid.ee\/et\/wp-json\/wp\/v2\/product\/63923","targetHints":{"allow":["GET"]}}],"collection":[{"href":"https:\/\/nordlinepaadid.ee\/et\/wp-json\/wp\/v2\/product"}],"about":[{"href":"https:\/\/nordlinepaadid.ee\/et\/wp-json\/wp\/v2\/types\/product"}],"wp:featuredmedia":[{"embeddable":true,"href":"https:\/\/nordlinepaadid.ee\/et\/wp-json\/wp\/v2\/media\/44490"}],"wp:attachment":[{"href":"https:\/\/nordlinepaadid.ee\/et\/wp-json\/wp\/v2\/media?parent=63923"}],"wp:term":[{"taxonomy":"product_brand","embeddable":true,"href":"https:\/\/nordlinepaadid.ee\/et\/wp-json\/wp\/v2\/product_brand?post=63923"},{"taxonomy":"product_cat","embeddable":true,"href":"https:\/\/nordlinepaadid.ee\/et\/wp-json\/wp\/v2\/product_cat?post=63923"},{"taxonomy":"product_tag","embeddable":true,"href":"https:\/\/nordlinepaadid.ee\/et\/wp-json\/wp\/v2\/product_tag?post=63923"}],"curies":[{"name":"wp","href":"https:\/\/api.w.org\/{rel}","templated":true}]}}