{"id":63931,"date":"2026-04-17T19:08:31","date_gmt":"2026-04-17T16:08:31","guid":{"rendered":"https:\/\/nordlinepaadid.ee\/pood\/maaratlemata\/pro-lilne-drosselklapi-sisselaske-puhastus-sprei-bensiin-liqui-moly-400-ml\/"},"modified":"2026-04-17T19:08:32","modified_gmt":"2026-04-17T16:08:32","slug":"pro-lilne-drosselklapi-sisselaske-puhastus-sprei-bensiin-liqui-moly-400-ml","status":"publish","type":"product","link":"https:\/\/nordlinepaadid.ee\/et\/pood\/paadihooldusvahendid\/oils-greases\/pro-lilne-drosselklapi-sisselaske-puhastus-sprei-bensiin-liqui-moly-400-ml\/","title":{"rendered":"PRO-LILNE DROSSELKLAPI\/SISSELASKE PUHASTUS-SPREI (BENSIIN) &#8211; LIQUI MOLY, 400 ML"},"content":{"rendered":"<p>Aktiivse toimega spetsiaalne lahusti t\u00fc\u00fcpiliselt sisselaske ja seguklapi juures ladestuva mustuse ja sette puhastamiseks. Irrutab ja eemaldab k\u00f5ik mustuse j\u00e4\u00e4gid ja setted nagu \u00f5li, vaigu, liimi jne. Tagab liikuvate osade toimivuse ja v\u00e4hendab k\u00fctusekulu. Suurendab bensiinimootorite t\u00f6\u00f6kindlust.<\/p>\n<p>&#13;<\/p>\n","protected":false},"excerpt":{"rendered":"<p>Aktiivse toimega spetsiaalne lahusti t\u00fc\u00fcpiliselt sisselaske ja seguklapi juures ladestuva mustuse ja sette puhastamiseks. Irrutab ja eemaldab k\u00f5ik mustuse j\u00e4\u00e4gid ja setted nagu \u00f5li, vaigu, liimi jne. Tagab liikuvate osade toimivuse ja v\u00e4hendab k\u00fctusekulu. Suurendab bensiinimootorite t\u00f6\u00f6kindlust. &#13;<\/p>\n","protected":false},"featured_media":44522,"template":"","meta":{"_kad_blocks_custom_css":"","_kad_blocks_head_custom_js":"","_kad_blocks_body_custom_js":"","_kad_blocks_footer_custom_js":"","_kad_post_transparent":"","_kad_post_title":"","_kad_post_layout":"","_kad_post_sidebar_id":"","_kad_post_content_style":"","_kad_post_vertical_padding":"","_kad_post_feature":"","_kad_post_feature_position":"","_kad_post_header":false,"_kad_post_footer":false,"_kad_post_classname":""},"product_brand":[],"product_cat":[286,284],"product_tag":[],"class_list":{"0":"post-63931","1":"product","2":"type-product","3":"status-publish","4":"has-post-thumbnail","6":"product_cat-oils-greases","7":"product_cat-paadihooldusvahendid","8":"pa_producer-liqui-moly-2","9":"pa_unit-ml","10":"tm-no-options","12":"first","13":"instock","14":"taxable","15":"shipping-taxable","16":"purchasable","17":"product-type-simple","18":"entry","19":"content-bg","20":"loop-entry"},"yoast_head":"<!-- This site is optimized with the Yoast SEO plugin v27.3 - https:\/\/yoast.com\/product\/yoast-seo-wordpress\/ -->\n<title>PRO-LILNE DROSSELKLAPI\/SISSELASKE PUHASTUS-SPREI (BENSIIN) - LIQUI MOLY, 400 ML - NORDLINE s\u00f5udepaadid ja mootorpaadid. Klaasfiiber materjalist.<\/title>\n<meta name=\"robots\" content=\"index, follow, max-snippet:-1, max-image-preview:large, max-video-preview:-1\" \/>\n<link rel=\"canonical\" href=\"https:\/\/nordlinepaadid.ee\/et\/pood\/paadihooldusvahendid\/oils-greases\/pro-lilne-drosselklapi-sisselaske-puhastus-sprei-bensiin-liqui-moly-400-ml\/\" \/>\n<meta property=\"og:locale\" content=\"et_EE\" \/>\n<meta property=\"og:type\" content=\"article\" \/>\n<meta property=\"og:title\" content=\"PRO-LILNE DROSSELKLAPI\/SISSELASKE PUHASTUS-SPREI (BENSIIN) - LIQUI MOLY, 400 ML - NORDLINE s\u00f5udepaadid ja mootorpaadid. Klaasfiiber materjalist.\" \/>\n<meta property=\"og:description\" content=\"Aktiivse toimega spetsiaalne lahusti t\u00fc\u00fcpiliselt sisselaske ja seguklapi juures ladestuva mustuse ja sette puhastamiseks. Irrutab ja eemaldab k\u00f5ik mustuse j\u00e4\u00e4gid ja setted nagu \u00f5li, vaigu, liimi jne. Tagab liikuvate osade toimivuse ja v\u00e4hendab k\u00fctusekulu. Suurendab bensiinimootorite t\u00f6\u00f6kindlust. &#013;\" \/>\n<meta property=\"og:url\" content=\"https:\/\/nordlinepaadid.ee\/et\/pood\/paadihooldusvahendid\/oils-greases\/pro-lilne-drosselklapi-sisselaske-puhastus-sprei-bensiin-liqui-moly-400-ml\/\" \/>\n<meta property=\"og:site_name\" content=\"NORDLINE s\u00f5udepaadid ja mootorpaadid. Klaasfiiber materjalist.\" \/>\n<meta property=\"article:publisher\" content=\"https:\/\/www.facebook.com\/nordlineboats\" \/>\n<meta property=\"article:modified_time\" content=\"2026-04-17T16:08:32+00:00\" \/>\n<meta property=\"og:image\" content=\"https:\/\/nordlinepaadid.ee\/wp-content\/uploads\/2024\/05\/10977_LI5111-1-scaled.jpg\" \/>\n\t<meta property=\"og:image:width\" content=\"1723\" \/>\n\t<meta property=\"og:image:height\" content=\"2560\" \/>\n\t<meta property=\"og:image:type\" content=\"image\/jpeg\" \/>\n<meta name=\"twitter:card\" content=\"summary_large_image\" \/>\n<script type=\"application\/ld+json\" class=\"yoast-schema-graph\">{\"@context\":\"https:\\\/\\\/schema.org\",\"@graph\":[{\"@type\":\"WebPage\",\"@id\":\"https:\\\/\\\/nordlinepaadid.ee\\\/et\\\/pood\\\/paadihooldusvahendid\\\/oils-greases\\\/pro-lilne-drosselklapi-sisselaske-puhastus-sprei-bensiin-liqui-moly-400-ml\\\/\",\"url\":\"https:\\\/\\\/nordlinepaadid.ee\\\/et\\\/pood\\\/paadihooldusvahendid\\\/oils-greases\\\/pro-lilne-drosselklapi-sisselaske-puhastus-sprei-bensiin-liqui-moly-400-ml\\\/\",\"name\":\"PRO-LILNE DROSSELKLAPI\\\/SISSELASKE PUHASTUS-SPREI (BENSIIN) - LIQUI MOLY, 400 ML - NORDLINE s\u00f5udepaadid ja mootorpaadid. Klaasfiiber materjalist.\",\"isPartOf\":{\"@id\":\"https:\\\/\\\/nordlinepaadid.ee\\\/et\\\/#website\"},\"primaryImageOfPage\":{\"@id\":\"https:\\\/\\\/nordlinepaadid.ee\\\/et\\\/pood\\\/paadihooldusvahendid\\\/oils-greases\\\/pro-lilne-drosselklapi-sisselaske-puhastus-sprei-bensiin-liqui-moly-400-ml\\\/#primaryimage\"},\"image\":{\"@id\":\"https:\\\/\\\/nordlinepaadid.ee\\\/et\\\/pood\\\/paadihooldusvahendid\\\/oils-greases\\\/pro-lilne-drosselklapi-sisselaske-puhastus-sprei-bensiin-liqui-moly-400-ml\\\/#primaryimage\"},\"thumbnailUrl\":\"https:\\\/\\\/nordlinepaadid.ee\\\/wp-content\\\/uploads\\\/2024\\\/05\\\/10977_LI5111-1-scaled.jpg\",\"datePublished\":\"2026-04-17T16:08:31+00:00\",\"dateModified\":\"2026-04-17T16:08:32+00:00\",\"breadcrumb\":{\"@id\":\"https:\\\/\\\/nordlinepaadid.ee\\\/et\\\/pood\\\/paadihooldusvahendid\\\/oils-greases\\\/pro-lilne-drosselklapi-sisselaske-puhastus-sprei-bensiin-liqui-moly-400-ml\\\/#breadcrumb\"},\"inLanguage\":\"et\",\"potentialAction\":[{\"@type\":\"ReadAction\",\"target\":[\"https:\\\/\\\/nordlinepaadid.ee\\\/et\\\/pood\\\/paadihooldusvahendid\\\/oils-greases\\\/pro-lilne-drosselklapi-sisselaske-puhastus-sprei-bensiin-liqui-moly-400-ml\\\/\"]}]},{\"@type\":\"ImageObject\",\"inLanguage\":\"et\",\"@id\":\"https:\\\/\\\/nordlinepaadid.ee\\\/et\\\/pood\\\/paadihooldusvahendid\\\/oils-greases\\\/pro-lilne-drosselklapi-sisselaske-puhastus-sprei-bensiin-liqui-moly-400-ml\\\/#primaryimage\",\"url\":\"https:\\\/\\\/nordlinepaadid.ee\\\/wp-content\\\/uploads\\\/2024\\\/05\\\/10977_LI5111-1-scaled.jpg\",\"contentUrl\":\"https:\\\/\\\/nordlinepaadid.ee\\\/wp-content\\\/uploads\\\/2024\\\/05\\\/10977_LI5111-1-scaled.jpg\",\"width\":1723,\"height\":2560},{\"@type\":\"BreadcrumbList\",\"@id\":\"https:\\\/\\\/nordlinepaadid.ee\\\/et\\\/pood\\\/paadihooldusvahendid\\\/oils-greases\\\/pro-lilne-drosselklapi-sisselaske-puhastus-sprei-bensiin-liqui-moly-400-ml\\\/#breadcrumb\",\"itemListElement\":[{\"@type\":\"ListItem\",\"position\":1,\"name\":\"Home\",\"item\":\"https:\\\/\\\/nordlinepaadid.ee\\\/et\\\/\"},{\"@type\":\"ListItem\",\"position\":2,\"name\":\"Pood\",\"item\":\"https:\\\/\\\/nordlinepaadid.ee\\\/et\\\/pood\\\/\"},{\"@type\":\"ListItem\",\"position\":3,\"name\":\"PRO-LILNE DROSSELKLAPI\\\/SISSELASKE PUHASTUS-SPREI (BENSIIN) &#8211; LIQUI MOLY, 400 ML\"}]},{\"@type\":\"WebSite\",\"@id\":\"https:\\\/\\\/nordlinepaadid.ee\\\/et\\\/#website\",\"url\":\"https:\\\/\\\/nordlinepaadid.ee\\\/et\\\/\",\"name\":\"NORDLINE s\u00f5udepaadid ja mootorpaadid. Klaasfiiber materjalist.\",\"description\":\"\",\"publisher\":{\"@id\":\"https:\\\/\\\/nordlinepaadid.ee\\\/et\\\/#organization\"},\"potentialAction\":[{\"@type\":\"SearchAction\",\"target\":{\"@type\":\"EntryPoint\",\"urlTemplate\":\"https:\\\/\\\/nordlinepaadid.ee\\\/et\\\/?s={search_term_string}\"},\"query-input\":{\"@type\":\"PropertyValueSpecification\",\"valueRequired\":true,\"valueName\":\"search_term_string\"}}],\"inLanguage\":\"et\"},{\"@type\":\"Organization\",\"@id\":\"https:\\\/\\\/nordlinepaadid.ee\\\/et\\\/#organization\",\"name\":\"Nordlineboats\",\"url\":\"https:\\\/\\\/nordlinepaadid.ee\\\/et\\\/\",\"logo\":{\"@type\":\"ImageObject\",\"inLanguage\":\"et\",\"@id\":\"https:\\\/\\\/nordlinepaadid.ee\\\/et\\\/#\\\/schema\\\/logo\\\/image\\\/\",\"url\":\"https:\\\/\\\/nordlinepaadid.ee\\\/wp-content\\\/uploads\\\/2023\\\/01\\\/fulllogo_transparent_nobuffer-e1672750475494.png\",\"contentUrl\":\"https:\\\/\\\/nordlinepaadid.ee\\\/wp-content\\\/uploads\\\/2023\\\/01\\\/fulllogo_transparent_nobuffer-e1672750475494.png\",\"width\":150,\"height\":119,\"caption\":\"Nordlineboats\"},\"image\":{\"@id\":\"https:\\\/\\\/nordlinepaadid.ee\\\/et\\\/#\\\/schema\\\/logo\\\/image\\\/\"},\"sameAs\":[\"https:\\\/\\\/www.facebook.com\\\/nordlineboats\",\"https:\\\/\\\/www.youtube.com\\\/channel\\\/UCbgF0fy02y3QkFnujaLTaCA\"]}]}<\/script>\n<!-- \/ Yoast SEO plugin. -->","yoast_head_json":{"title":"PRO-LILNE DROSSELKLAPI\/SISSELASKE PUHASTUS-SPREI (BENSIIN) - LIQUI MOLY, 400 ML - NORDLINE s\u00f5udepaadid ja mootorpaadid. Klaasfiiber materjalist.","robots":{"index":"index","follow":"follow","max-snippet":"max-snippet:-1","max-image-preview":"max-image-preview:large","max-video-preview":"max-video-preview:-1"},"canonical":"https:\/\/nordlinepaadid.ee\/et\/pood\/paadihooldusvahendid\/oils-greases\/pro-lilne-drosselklapi-sisselaske-puhastus-sprei-bensiin-liqui-moly-400-ml\/","og_locale":"et_EE","og_type":"article","og_title":"PRO-LILNE DROSSELKLAPI\/SISSELASKE PUHASTUS-SPREI (BENSIIN) - LIQUI MOLY, 400 ML - NORDLINE s\u00f5udepaadid ja mootorpaadid. Klaasfiiber materjalist.","og_description":"Aktiivse toimega spetsiaalne lahusti t\u00fc\u00fcpiliselt sisselaske ja seguklapi juures ladestuva mustuse ja sette puhastamiseks. Irrutab ja eemaldab k\u00f5ik mustuse j\u00e4\u00e4gid ja setted nagu \u00f5li, vaigu, liimi jne. Tagab liikuvate osade toimivuse ja v\u00e4hendab k\u00fctusekulu. Suurendab bensiinimootorite t\u00f6\u00f6kindlust. &#13;","og_url":"https:\/\/nordlinepaadid.ee\/et\/pood\/paadihooldusvahendid\/oils-greases\/pro-lilne-drosselklapi-sisselaske-puhastus-sprei-bensiin-liqui-moly-400-ml\/","og_site_name":"NORDLINE s\u00f5udepaadid ja mootorpaadid. Klaasfiiber materjalist.","article_publisher":"https:\/\/www.facebook.com\/nordlineboats","article_modified_time":"2026-04-17T16:08:32+00:00","og_image":[{"width":1723,"height":2560,"url":"https:\/\/nordlinepaadid.ee\/wp-content\/uploads\/2024\/05\/10977_LI5111-1-scaled.jpg","type":"image\/jpeg"}],"twitter_card":"summary_large_image","schema":{"@context":"https:\/\/schema.org","@graph":[{"@type":"WebPage","@id":"https:\/\/nordlinepaadid.ee\/et\/pood\/paadihooldusvahendid\/oils-greases\/pro-lilne-drosselklapi-sisselaske-puhastus-sprei-bensiin-liqui-moly-400-ml\/","url":"https:\/\/nordlinepaadid.ee\/et\/pood\/paadihooldusvahendid\/oils-greases\/pro-lilne-drosselklapi-sisselaske-puhastus-sprei-bensiin-liqui-moly-400-ml\/","name":"PRO-LILNE DROSSELKLAPI\/SISSELASKE PUHASTUS-SPREI (BENSIIN) - LIQUI MOLY, 400 ML - NORDLINE s\u00f5udepaadid ja mootorpaadid. Klaasfiiber materjalist.","isPartOf":{"@id":"https:\/\/nordlinepaadid.ee\/et\/#website"},"primaryImageOfPage":{"@id":"https:\/\/nordlinepaadid.ee\/et\/pood\/paadihooldusvahendid\/oils-greases\/pro-lilne-drosselklapi-sisselaske-puhastus-sprei-bensiin-liqui-moly-400-ml\/#primaryimage"},"image":{"@id":"https:\/\/nordlinepaadid.ee\/et\/pood\/paadihooldusvahendid\/oils-greases\/pro-lilne-drosselklapi-sisselaske-puhastus-sprei-bensiin-liqui-moly-400-ml\/#primaryimage"},"thumbnailUrl":"https:\/\/nordlinepaadid.ee\/wp-content\/uploads\/2024\/05\/10977_LI5111-1-scaled.jpg","datePublished":"2026-04-17T16:08:31+00:00","dateModified":"2026-04-17T16:08:32+00:00","breadcrumb":{"@id":"https:\/\/nordlinepaadid.ee\/et\/pood\/paadihooldusvahendid\/oils-greases\/pro-lilne-drosselklapi-sisselaske-puhastus-sprei-bensiin-liqui-moly-400-ml\/#breadcrumb"},"inLanguage":"et","potentialAction":[{"@type":"ReadAction","target":["https:\/\/nordlinepaadid.ee\/et\/pood\/paadihooldusvahendid\/oils-greases\/pro-lilne-drosselklapi-sisselaske-puhastus-sprei-bensiin-liqui-moly-400-ml\/"]}]},{"@type":"ImageObject","inLanguage":"et","@id":"https:\/\/nordlinepaadid.ee\/et\/pood\/paadihooldusvahendid\/oils-greases\/pro-lilne-drosselklapi-sisselaske-puhastus-sprei-bensiin-liqui-moly-400-ml\/#primaryimage","url":"https:\/\/nordlinepaadid.ee\/wp-content\/uploads\/2024\/05\/10977_LI5111-1-scaled.jpg","contentUrl":"https:\/\/nordlinepaadid.ee\/wp-content\/uploads\/2024\/05\/10977_LI5111-1-scaled.jpg","width":1723,"height":2560},{"@type":"BreadcrumbList","@id":"https:\/\/nordlinepaadid.ee\/et\/pood\/paadihooldusvahendid\/oils-greases\/pro-lilne-drosselklapi-sisselaske-puhastus-sprei-bensiin-liqui-moly-400-ml\/#breadcrumb","itemListElement":[{"@type":"ListItem","position":1,"name":"Home","item":"https:\/\/nordlinepaadid.ee\/et\/"},{"@type":"ListItem","position":2,"name":"Pood","item":"https:\/\/nordlinepaadid.ee\/et\/pood\/"},{"@type":"ListItem","position":3,"name":"PRO-LILNE DROSSELKLAPI\/SISSELASKE PUHASTUS-SPREI (BENSIIN) &#8211; LIQUI MOLY, 400 ML"}]},{"@type":"WebSite","@id":"https:\/\/nordlinepaadid.ee\/et\/#website","url":"https:\/\/nordlinepaadid.ee\/et\/","name":"NORDLINE s\u00f5udepaadid ja mootorpaadid. Klaasfiiber materjalist.","description":"","publisher":{"@id":"https:\/\/nordlinepaadid.ee\/et\/#organization"},"potentialAction":[{"@type":"SearchAction","target":{"@type":"EntryPoint","urlTemplate":"https:\/\/nordlinepaadid.ee\/et\/?s={search_term_string}"},"query-input":{"@type":"PropertyValueSpecification","valueRequired":true,"valueName":"search_term_string"}}],"inLanguage":"et"},{"@type":"Organization","@id":"https:\/\/nordlinepaadid.ee\/et\/#organization","name":"Nordlineboats","url":"https:\/\/nordlinepaadid.ee\/et\/","logo":{"@type":"ImageObject","inLanguage":"et","@id":"https:\/\/nordlinepaadid.ee\/et\/#\/schema\/logo\/image\/","url":"https:\/\/nordlinepaadid.ee\/wp-content\/uploads\/2023\/01\/fulllogo_transparent_nobuffer-e1672750475494.png","contentUrl":"https:\/\/nordlinepaadid.ee\/wp-content\/uploads\/2023\/01\/fulllogo_transparent_nobuffer-e1672750475494.png","width":150,"height":119,"caption":"Nordlineboats"},"image":{"@id":"https:\/\/nordlinepaadid.ee\/et\/#\/schema\/logo\/image\/"},"sameAs":["https:\/\/www.facebook.com\/nordlineboats","https:\/\/www.youtube.com\/channel\/UCbgF0fy02y3QkFnujaLTaCA"]}]}},"taxonomy_info":{"product_cat":[{"value":286,"label":"\u00d5lid, M\u00e4\u00e4rded"},{"value":284,"label":"PAADIHOOLDUSVAHENDID"}],"pa_producer":[{"value":1284,"label":"Liqui Moly"}],"pa_unit":[{"value":433,"label":"ml"}]},"featured_image_src_large":["https:\/\/nordlinepaadid.ee\/wp-content\/uploads\/2024\/05\/10977_LI5111-1-689x1024.jpg",689,1024,true],"author_info":[],"comment_info":"","_links":{"self":[{"href":"https:\/\/nordlinepaadid.ee\/et\/wp-json\/wp\/v2\/product\/63931","targetHints":{"allow":["GET"]}}],"collection":[{"href":"https:\/\/nordlinepaadid.ee\/et\/wp-json\/wp\/v2\/product"}],"about":[{"href":"https:\/\/nordlinepaadid.ee\/et\/wp-json\/wp\/v2\/types\/product"}],"wp:featuredmedia":[{"embeddable":true,"href":"https:\/\/nordlinepaadid.ee\/et\/wp-json\/wp\/v2\/media\/44522"}],"wp:attachment":[{"href":"https:\/\/nordlinepaadid.ee\/et\/wp-json\/wp\/v2\/media?parent=63931"}],"wp:term":[{"taxonomy":"product_brand","embeddable":true,"href":"https:\/\/nordlinepaadid.ee\/et\/wp-json\/wp\/v2\/product_brand?post=63931"},{"taxonomy":"product_cat","embeddable":true,"href":"https:\/\/nordlinepaadid.ee\/et\/wp-json\/wp\/v2\/product_cat?post=63931"},{"taxonomy":"product_tag","embeddable":true,"href":"https:\/\/nordlinepaadid.ee\/et\/wp-json\/wp\/v2\/product_tag?post=63931"}],"curies":[{"name":"wp","href":"https:\/\/api.w.org\/{rel}","templated":true}]}}