{"id":64324,"date":"2026-04-17T19:32:31","date_gmt":"2026-04-17T16:32:31","guid":{"rendered":"https:\/\/nordlinepaadid.ee\/pood\/maaratlemata\/soudepaat-kiili-paat-400\/"},"modified":"2026-04-17T19:32:32","modified_gmt":"2026-04-17T16:32:32","slug":"soudepaat-kiili-paat-400","status":"publish","type":"product","link":"https:\/\/nordlinepaadid.ee\/et\/pood\/mootorpaadid-soudepaadid\/soudepaat-kiili-paat-400\/","title":{"rendered":"S\u00d5UDEPAAT- KIILI PAAT 400"},"content":{"rendered":"<p style=\"text-align:justify\">Kiili Paat 400 on h\u00e4sti stabiilne ja madala s\u00fcvisega igamehe paat. Sobib siseveekogudele ja merelahtedele. P\u00e4ramootori valikul Kiili Paat 400-le j\u00e4rgige mootori v\u00f5imsussoovitust: max 6 kW\/8 hj. V\u00e4iksematel sisevetel, l\u00fchikestel s\u00f5itudel sobib v\u00e4iksema v\u00f5imsusega \u2013 v\u00f5i elektrimootor. Kas valida 4- v\u00f5i 2-taktiline mootor, j\u00e4\u00e4b kliendi enda valikuks. 4-taktiline mootor saastab v\u00e4hem, k\u00e4ik on stabiilsem. Kiili Paat 400-le sobib l\u00fchikese jalaga mootor (v\u00f5ib kasutada ka pika jalaga mootorit). Mugav on s\u00f5ita mootoriga, millel on bensiinipaak mootorikatte all.<\/p>\n<p>&#13;<br \/>\n&#13;<\/p>\n<p>&nbsp;<\/p>\n<p>&#13;<br \/>\n&#13;<\/p>\n<p><strong>Tehnilised andmed:<\/strong><\/p>\n<p>&#13;<br \/>\n&#13;<\/p>\n<p>Pikkus: 4,0 m<\/p>\n<p>&#13;<br \/>\n&#13;<\/p>\n<p>Laius: 1,7 m<\/p>\n<p>&#13;<br \/>\n&#13;<\/p>\n<p>Vabaparda k\u00f5rgus: 0,32 m<\/p>\n<p>&#13;<br \/>\n&#13;<\/p>\n<p>Kandej\u00f5ud: 440 kg<\/p>\n<p>&#13;<br \/>\n&#13;<\/p>\n<p>Inimeste arv: 4<\/p>\n<p>&#13;<br \/>\n&#13;<\/p>\n<p>Maks. mootor: 6 kW<\/p>\n<p>&#13;<br \/>\n&#13;<\/p>\n<p>Kaal: ~80 kg<\/p>\n<p>&#13;<br \/>\n&#13;<\/p>\n<p>Materjal: klaasplast<\/p>\n<p>&#13;<br \/>\n&#13;<\/p>\n<p>Kategooria: D<\/p>\n<p>&#13;<br \/>\n&#13;<\/p>\n<p>&nbsp;<\/p>\n<p>&#13;<br \/>\n&#13;<\/p>\n<h2 style=\"text-align:justify\"><span style=\"color:rgb(255, 0, 0)\"><span style=\"font-size:18px\">TRANSPORT \u00dcLE EESTI, K\u00dcSI HINNAPAKKUMIST!<\/span><\/span><\/h2>\n<p>&#13;<br \/>\n&#13;<\/p>\n<p>&nbsp;<\/p>\n<p>&#13;<\/p>\n<p><iframe loading=\"lazy\" allowfullscreen=\"\" frameborder=\"0\" height=\"360\" src=\"\/\/www.youtube.com\/embed\/KR7uyqw8gvw\" width=\"640\"><\/iframe><\/p>\n<p>&#13;<\/p>\n","protected":false},"excerpt":{"rendered":"<p>Kiili Paat 400 on h\u00e4sti stabiilne ja madala s\u00fcvisega igamehe paat. Sobib siseveekogudele ja merelahtedele. P\u00e4ramootori valikul Kiili Paat 400-le j\u00e4rgige mootori v\u00f5imsussoovitust: max 6 kW\/8 hj. V\u00e4iksematel sisevetel, l\u00fchikestel s\u00f5itudel sobib v\u00e4iksema v\u00f5imsusega \u2013 v\u00f5i elektrimootor. Kas valida 4- v\u00f5i 2-taktiline mootor, j\u00e4\u00e4b kliendi enda valikuks. 4-taktiline mootor saastab v\u00e4hem, k\u00e4ik on stabiilsem. Kiili&#8230;<\/p>\n","protected":false},"featured_media":50453,"template":"","meta":{"_kad_blocks_custom_css":"","_kad_blocks_head_custom_js":"","_kad_blocks_body_custom_js":"","_kad_blocks_footer_custom_js":"","_kad_post_transparent":"","_kad_post_title":"","_kad_post_layout":"","_kad_post_sidebar_id":"","_kad_post_content_style":"","_kad_post_vertical_padding":"","_kad_post_feature":"","_kad_post_feature_position":"","_kad_post_header":false,"_kad_post_footer":false,"_kad_post_classname":""},"product_brand":[],"product_cat":[1786],"product_tag":[],"class_list":{"0":"post-64324","1":"product","2":"type-product","3":"status-publish","4":"has-post-thumbnail","6":"product_cat-mootorpaadid-soudepaadid","7":"pa_color-valge","8":"pa_producer-efekt","9":"pa_unit-pcs","10":"tm-no-options","12":"first","13":"instock","14":"taxable","15":"shipping-taxable","16":"purchasable","17":"product-type-simple","18":"entry","19":"content-bg","20":"loop-entry"},"yoast_head":"<!-- This site is optimized with the Yoast SEO plugin v27.3 - https:\/\/yoast.com\/product\/yoast-seo-wordpress\/ -->\n<title>S\u00d5UDEPAAT- KIILI PAAT 400 - NORDLINE s\u00f5udepaadid ja mootorpaadid. Klaasfiiber materjalist.<\/title>\n<meta name=\"robots\" content=\"index, follow, max-snippet:-1, max-image-preview:large, max-video-preview:-1\" \/>\n<link rel=\"canonical\" href=\"https:\/\/nordlinepaadid.ee\/et\/pood\/mootorpaadid-soudepaadid\/soudepaat-kiili-paat-400\/\" \/>\n<meta property=\"og:locale\" content=\"et_EE\" \/>\n<meta property=\"og:type\" content=\"article\" \/>\n<meta property=\"og:title\" content=\"S\u00d5UDEPAAT- KIILI PAAT 400 - NORDLINE s\u00f5udepaadid ja mootorpaadid. Klaasfiiber materjalist.\" \/>\n<meta property=\"og:description\" content=\"Kiili Paat 400 on h\u00e4sti stabiilne ja madala s\u00fcvisega igamehe paat. Sobib siseveekogudele ja merelahtedele. P\u00e4ramootori valikul Kiili Paat 400-le j\u00e4rgige mootori v\u00f5imsussoovitust: max 6 kW\/8 hj. V\u00e4iksematel sisevetel, l\u00fchikestel s\u00f5itudel sobib v\u00e4iksema v\u00f5imsusega \u2013 v\u00f5i elektrimootor. Kas valida 4- v\u00f5i 2-taktiline mootor, j\u00e4\u00e4b kliendi enda valikuks. 4-taktiline mootor saastab v\u00e4hem, k\u00e4ik on stabiilsem. Kiili...\" \/>\n<meta property=\"og:url\" content=\"https:\/\/nordlinepaadid.ee\/et\/pood\/mootorpaadid-soudepaadid\/soudepaat-kiili-paat-400\/\" \/>\n<meta property=\"og:site_name\" content=\"NORDLINE s\u00f5udepaadid ja mootorpaadid. Klaasfiiber materjalist.\" \/>\n<meta property=\"article:publisher\" content=\"https:\/\/www.facebook.com\/nordlineboats\" \/>\n<meta property=\"article:modified_time\" content=\"2026-04-17T16:32:32+00:00\" \/>\n<meta property=\"og:image\" content=\"https:\/\/nordlinepaadid.ee\/wp-content\/uploads\/2025\/03\/12060_KIILI400-1.png\" \/>\n\t<meta property=\"og:image:width\" content=\"569\" \/>\n\t<meta property=\"og:image:height\" content=\"183\" \/>\n\t<meta property=\"og:image:type\" content=\"image\/png\" \/>\n<meta name=\"twitter:card\" content=\"summary_large_image\" \/>\n<meta name=\"twitter:label1\" content=\"Est. reading time\" \/>\n\t<meta name=\"twitter:data1\" content=\"1 minut\" \/>\n<script type=\"application\/ld+json\" class=\"yoast-schema-graph\">{\"@context\":\"https:\\\/\\\/schema.org\",\"@graph\":[{\"@type\":\"WebPage\",\"@id\":\"https:\\\/\\\/nordlinepaadid.ee\\\/et\\\/pood\\\/mootorpaadid-soudepaadid\\\/soudepaat-kiili-paat-400\\\/\",\"url\":\"https:\\\/\\\/nordlinepaadid.ee\\\/et\\\/pood\\\/mootorpaadid-soudepaadid\\\/soudepaat-kiili-paat-400\\\/\",\"name\":\"S\u00d5UDEPAAT- KIILI PAAT 400 - NORDLINE s\u00f5udepaadid ja mootorpaadid. Klaasfiiber materjalist.\",\"isPartOf\":{\"@id\":\"https:\\\/\\\/nordlinepaadid.ee\\\/et\\\/#website\"},\"primaryImageOfPage\":{\"@id\":\"https:\\\/\\\/nordlinepaadid.ee\\\/et\\\/pood\\\/mootorpaadid-soudepaadid\\\/soudepaat-kiili-paat-400\\\/#primaryimage\"},\"image\":{\"@id\":\"https:\\\/\\\/nordlinepaadid.ee\\\/et\\\/pood\\\/mootorpaadid-soudepaadid\\\/soudepaat-kiili-paat-400\\\/#primaryimage\"},\"thumbnailUrl\":\"https:\\\/\\\/nordlinepaadid.ee\\\/wp-content\\\/uploads\\\/2025\\\/03\\\/12060_KIILI400-1.png\",\"datePublished\":\"2026-04-17T16:32:31+00:00\",\"dateModified\":\"2026-04-17T16:32:32+00:00\",\"breadcrumb\":{\"@id\":\"https:\\\/\\\/nordlinepaadid.ee\\\/et\\\/pood\\\/mootorpaadid-soudepaadid\\\/soudepaat-kiili-paat-400\\\/#breadcrumb\"},\"inLanguage\":\"et\",\"potentialAction\":[{\"@type\":\"ReadAction\",\"target\":[\"https:\\\/\\\/nordlinepaadid.ee\\\/et\\\/pood\\\/mootorpaadid-soudepaadid\\\/soudepaat-kiili-paat-400\\\/\"]}]},{\"@type\":\"ImageObject\",\"inLanguage\":\"et\",\"@id\":\"https:\\\/\\\/nordlinepaadid.ee\\\/et\\\/pood\\\/mootorpaadid-soudepaadid\\\/soudepaat-kiili-paat-400\\\/#primaryimage\",\"url\":\"https:\\\/\\\/nordlinepaadid.ee\\\/wp-content\\\/uploads\\\/2025\\\/03\\\/12060_KIILI400-1.png\",\"contentUrl\":\"https:\\\/\\\/nordlinepaadid.ee\\\/wp-content\\\/uploads\\\/2025\\\/03\\\/12060_KIILI400-1.png\",\"width\":569,\"height\":183},{\"@type\":\"BreadcrumbList\",\"@id\":\"https:\\\/\\\/nordlinepaadid.ee\\\/et\\\/pood\\\/mootorpaadid-soudepaadid\\\/soudepaat-kiili-paat-400\\\/#breadcrumb\",\"itemListElement\":[{\"@type\":\"ListItem\",\"position\":1,\"name\":\"Home\",\"item\":\"https:\\\/\\\/nordlinepaadid.ee\\\/et\\\/\"},{\"@type\":\"ListItem\",\"position\":2,\"name\":\"Pood\",\"item\":\"https:\\\/\\\/nordlinepaadid.ee\\\/et\\\/pood\\\/\"},{\"@type\":\"ListItem\",\"position\":3,\"name\":\"S\u00d5UDEPAAT- KIILI PAAT 400\"}]},{\"@type\":\"WebSite\",\"@id\":\"https:\\\/\\\/nordlinepaadid.ee\\\/et\\\/#website\",\"url\":\"https:\\\/\\\/nordlinepaadid.ee\\\/et\\\/\",\"name\":\"NORDLINE s\u00f5udepaadid ja mootorpaadid. Klaasfiiber materjalist.\",\"description\":\"\",\"publisher\":{\"@id\":\"https:\\\/\\\/nordlinepaadid.ee\\\/et\\\/#organization\"},\"potentialAction\":[{\"@type\":\"SearchAction\",\"target\":{\"@type\":\"EntryPoint\",\"urlTemplate\":\"https:\\\/\\\/nordlinepaadid.ee\\\/et\\\/?s={search_term_string}\"},\"query-input\":{\"@type\":\"PropertyValueSpecification\",\"valueRequired\":true,\"valueName\":\"search_term_string\"}}],\"inLanguage\":\"et\"},{\"@type\":\"Organization\",\"@id\":\"https:\\\/\\\/nordlinepaadid.ee\\\/et\\\/#organization\",\"name\":\"Nordlineboats\",\"url\":\"https:\\\/\\\/nordlinepaadid.ee\\\/et\\\/\",\"logo\":{\"@type\":\"ImageObject\",\"inLanguage\":\"et\",\"@id\":\"https:\\\/\\\/nordlinepaadid.ee\\\/et\\\/#\\\/schema\\\/logo\\\/image\\\/\",\"url\":\"https:\\\/\\\/nordlinepaadid.ee\\\/wp-content\\\/uploads\\\/2023\\\/01\\\/fulllogo_transparent_nobuffer-e1672750475494.png\",\"contentUrl\":\"https:\\\/\\\/nordlinepaadid.ee\\\/wp-content\\\/uploads\\\/2023\\\/01\\\/fulllogo_transparent_nobuffer-e1672750475494.png\",\"width\":150,\"height\":119,\"caption\":\"Nordlineboats\"},\"image\":{\"@id\":\"https:\\\/\\\/nordlinepaadid.ee\\\/et\\\/#\\\/schema\\\/logo\\\/image\\\/\"},\"sameAs\":[\"https:\\\/\\\/www.facebook.com\\\/nordlineboats\",\"https:\\\/\\\/www.youtube.com\\\/channel\\\/UCbgF0fy02y3QkFnujaLTaCA\"]}]}<\/script>\n<!-- \/ Yoast SEO plugin. -->","yoast_head_json":{"title":"S\u00d5UDEPAAT- KIILI PAAT 400 - NORDLINE s\u00f5udepaadid ja mootorpaadid. Klaasfiiber materjalist.","robots":{"index":"index","follow":"follow","max-snippet":"max-snippet:-1","max-image-preview":"max-image-preview:large","max-video-preview":"max-video-preview:-1"},"canonical":"https:\/\/nordlinepaadid.ee\/et\/pood\/mootorpaadid-soudepaadid\/soudepaat-kiili-paat-400\/","og_locale":"et_EE","og_type":"article","og_title":"S\u00d5UDEPAAT- KIILI PAAT 400 - NORDLINE s\u00f5udepaadid ja mootorpaadid. Klaasfiiber materjalist.","og_description":"Kiili Paat 400 on h\u00e4sti stabiilne ja madala s\u00fcvisega igamehe paat. Sobib siseveekogudele ja merelahtedele. P\u00e4ramootori valikul Kiili Paat 400-le j\u00e4rgige mootori v\u00f5imsussoovitust: max 6 kW\/8 hj. V\u00e4iksematel sisevetel, l\u00fchikestel s\u00f5itudel sobib v\u00e4iksema v\u00f5imsusega \u2013 v\u00f5i elektrimootor. Kas valida 4- v\u00f5i 2-taktiline mootor, j\u00e4\u00e4b kliendi enda valikuks. 4-taktiline mootor saastab v\u00e4hem, k\u00e4ik on stabiilsem. Kiili...","og_url":"https:\/\/nordlinepaadid.ee\/et\/pood\/mootorpaadid-soudepaadid\/soudepaat-kiili-paat-400\/","og_site_name":"NORDLINE s\u00f5udepaadid ja mootorpaadid. Klaasfiiber materjalist.","article_publisher":"https:\/\/www.facebook.com\/nordlineboats","article_modified_time":"2026-04-17T16:32:32+00:00","og_image":[{"width":569,"height":183,"url":"https:\/\/nordlinepaadid.ee\/wp-content\/uploads\/2025\/03\/12060_KIILI400-1.png","type":"image\/png"}],"twitter_card":"summary_large_image","twitter_misc":{"Est. reading time":"1 minut"},"schema":{"@context":"https:\/\/schema.org","@graph":[{"@type":"WebPage","@id":"https:\/\/nordlinepaadid.ee\/et\/pood\/mootorpaadid-soudepaadid\/soudepaat-kiili-paat-400\/","url":"https:\/\/nordlinepaadid.ee\/et\/pood\/mootorpaadid-soudepaadid\/soudepaat-kiili-paat-400\/","name":"S\u00d5UDEPAAT- KIILI PAAT 400 - NORDLINE s\u00f5udepaadid ja mootorpaadid. Klaasfiiber materjalist.","isPartOf":{"@id":"https:\/\/nordlinepaadid.ee\/et\/#website"},"primaryImageOfPage":{"@id":"https:\/\/nordlinepaadid.ee\/et\/pood\/mootorpaadid-soudepaadid\/soudepaat-kiili-paat-400\/#primaryimage"},"image":{"@id":"https:\/\/nordlinepaadid.ee\/et\/pood\/mootorpaadid-soudepaadid\/soudepaat-kiili-paat-400\/#primaryimage"},"thumbnailUrl":"https:\/\/nordlinepaadid.ee\/wp-content\/uploads\/2025\/03\/12060_KIILI400-1.png","datePublished":"2026-04-17T16:32:31+00:00","dateModified":"2026-04-17T16:32:32+00:00","breadcrumb":{"@id":"https:\/\/nordlinepaadid.ee\/et\/pood\/mootorpaadid-soudepaadid\/soudepaat-kiili-paat-400\/#breadcrumb"},"inLanguage":"et","potentialAction":[{"@type":"ReadAction","target":["https:\/\/nordlinepaadid.ee\/et\/pood\/mootorpaadid-soudepaadid\/soudepaat-kiili-paat-400\/"]}]},{"@type":"ImageObject","inLanguage":"et","@id":"https:\/\/nordlinepaadid.ee\/et\/pood\/mootorpaadid-soudepaadid\/soudepaat-kiili-paat-400\/#primaryimage","url":"https:\/\/nordlinepaadid.ee\/wp-content\/uploads\/2025\/03\/12060_KIILI400-1.png","contentUrl":"https:\/\/nordlinepaadid.ee\/wp-content\/uploads\/2025\/03\/12060_KIILI400-1.png","width":569,"height":183},{"@type":"BreadcrumbList","@id":"https:\/\/nordlinepaadid.ee\/et\/pood\/mootorpaadid-soudepaadid\/soudepaat-kiili-paat-400\/#breadcrumb","itemListElement":[{"@type":"ListItem","position":1,"name":"Home","item":"https:\/\/nordlinepaadid.ee\/et\/"},{"@type":"ListItem","position":2,"name":"Pood","item":"https:\/\/nordlinepaadid.ee\/et\/pood\/"},{"@type":"ListItem","position":3,"name":"S\u00d5UDEPAAT- KIILI PAAT 400"}]},{"@type":"WebSite","@id":"https:\/\/nordlinepaadid.ee\/et\/#website","url":"https:\/\/nordlinepaadid.ee\/et\/","name":"NORDLINE s\u00f5udepaadid ja mootorpaadid. Klaasfiiber materjalist.","description":"","publisher":{"@id":"https:\/\/nordlinepaadid.ee\/et\/#organization"},"potentialAction":[{"@type":"SearchAction","target":{"@type":"EntryPoint","urlTemplate":"https:\/\/nordlinepaadid.ee\/et\/?s={search_term_string}"},"query-input":{"@type":"PropertyValueSpecification","valueRequired":true,"valueName":"search_term_string"}}],"inLanguage":"et"},{"@type":"Organization","@id":"https:\/\/nordlinepaadid.ee\/et\/#organization","name":"Nordlineboats","url":"https:\/\/nordlinepaadid.ee\/et\/","logo":{"@type":"ImageObject","inLanguage":"et","@id":"https:\/\/nordlinepaadid.ee\/et\/#\/schema\/logo\/image\/","url":"https:\/\/nordlinepaadid.ee\/wp-content\/uploads\/2023\/01\/fulllogo_transparent_nobuffer-e1672750475494.png","contentUrl":"https:\/\/nordlinepaadid.ee\/wp-content\/uploads\/2023\/01\/fulllogo_transparent_nobuffer-e1672750475494.png","width":150,"height":119,"caption":"Nordlineboats"},"image":{"@id":"https:\/\/nordlinepaadid.ee\/et\/#\/schema\/logo\/image\/"},"sameAs":["https:\/\/www.facebook.com\/nordlineboats","https:\/\/www.youtube.com\/channel\/UCbgF0fy02y3QkFnujaLTaCA"]}]}},"taxonomy_info":{"product_cat":[{"value":1786,"label":"MOOTORPAADID, S\u00d5UDEPAADID"}],"pa_color":[{"value":677,"label":"Valge"}],"pa_producer":[{"value":1536,"label":"Efekt"}],"pa_unit":[{"value":416,"label":"pcs"}]},"featured_image_src_large":["https:\/\/nordlinepaadid.ee\/wp-content\/uploads\/2025\/03\/12060_KIILI400-1.png",569,183,false],"author_info":[],"comment_info":"","_links":{"self":[{"href":"https:\/\/nordlinepaadid.ee\/et\/wp-json\/wp\/v2\/product\/64324","targetHints":{"allow":["GET"]}}],"collection":[{"href":"https:\/\/nordlinepaadid.ee\/et\/wp-json\/wp\/v2\/product"}],"about":[{"href":"https:\/\/nordlinepaadid.ee\/et\/wp-json\/wp\/v2\/types\/product"}],"wp:featuredmedia":[{"embeddable":true,"href":"https:\/\/nordlinepaadid.ee\/et\/wp-json\/wp\/v2\/media\/50453"}],"wp:attachment":[{"href":"https:\/\/nordlinepaadid.ee\/et\/wp-json\/wp\/v2\/media?parent=64324"}],"wp:term":[{"taxonomy":"product_brand","embeddable":true,"href":"https:\/\/nordlinepaadid.ee\/et\/wp-json\/wp\/v2\/product_brand?post=64324"},{"taxonomy":"product_cat","embeddable":true,"href":"https:\/\/nordlinepaadid.ee\/et\/wp-json\/wp\/v2\/product_cat?post=64324"},{"taxonomy":"product_tag","embeddable":true,"href":"https:\/\/nordlinepaadid.ee\/et\/wp-json\/wp\/v2\/product_tag?post=64324"}],"curies":[{"name":"wp","href":"https:\/\/api.w.org\/{rel}","templated":true}]}}