{"id":64415,"date":"2026-04-17T19:38:23","date_gmt":"2026-04-17T16:38:23","guid":{"rendered":"https:\/\/nordlinepaadid.ee\/pood\/maaratlemata\/paikeseprillid-amoq-burst-jaa-sinine-peegel\/"},"modified":"2026-04-17T19:38:24","modified_gmt":"2026-04-17T16:38:24","slug":"paikeseprillid-amoq-burst-jaa-sinine-peegel","status":"publish","type":"product","link":"https:\/\/nordlinepaadid.ee\/et\/pood\/marine-clothing-and-shoes\/paikeseprillid\/paikeseprillid-amoq-burst-jaa-sinine-peegel\/","title":{"rendered":"P\u00c4IKESEPRILLID- AMOQ BURST, J\u00c4\u00c4-SININE PEEGEL"},"content":{"rendered":"<p style=\"text-align:justify\">Amoq Burst prillide t\u00e4iuslik istuvus koos stiilse v\u00e4limusega muudab need ilmselgeks valikuks nii sportimiseks kui ka vabal ajal. Amoq Burst on varustatud polariseeritud l\u00e4\u00e4tsedega ja selle puidust sangad annavad prillidele viimase lihvi. Prillide UV400 t\u00f6\u00f6tlus kaitseb silmi p\u00e4ikese ja tuule eest. Prillidega on kaasas mikrofiiber kaitsekott.<\/p>\n<p>&#13;<\/p>\n","protected":false},"excerpt":{"rendered":"<p>Amoq Burst prillide t\u00e4iuslik istuvus koos stiilse v\u00e4limusega muudab need ilmselgeks valikuks nii sportimiseks kui ka vabal ajal. Amoq Burst on varustatud polariseeritud l\u00e4\u00e4tsedega ja selle puidust sangad annavad prillidele viimase lihvi. Prillide UV400 t\u00f6\u00f6tlus kaitseb silmi p\u00e4ikese ja tuule eest. Prillidega on kaasas mikrofiiber kaitsekott. &#13;<\/p>\n","protected":false},"featured_media":50959,"template":"","meta":{"_kad_blocks_custom_css":"","_kad_blocks_head_custom_js":"","_kad_blocks_body_custom_js":"","_kad_blocks_footer_custom_js":"","_kad_post_transparent":"","_kad_post_title":"","_kad_post_layout":"","_kad_post_sidebar_id":"","_kad_post_content_style":"","_kad_post_vertical_padding":"","_kad_post_feature":"","_kad_post_feature_position":"","_kad_post_header":false,"_kad_post_footer":false,"_kad_post_classname":""},"product_brand":[],"product_cat":[259,232],"product_tag":[],"class_list":{"0":"post-64415","1":"product","2":"type-product","3":"status-publish","4":"has-post-thumbnail","6":"product_cat-paikeseprillid","7":"product_cat-marine-clothing-and-shoes","8":"pa_color-jaa-sinine-peegel","9":"pa_producer-amoq","10":"pa_unit-pcs","11":"tm-no-options","13":"first","14":"onbackorder","15":"taxable","16":"shipping-taxable","17":"purchasable","18":"product-type-simple","19":"entry","20":"content-bg","21":"loop-entry"},"yoast_head":"<!-- This site is optimized with the Yoast SEO plugin v27.4 - https:\/\/yoast.com\/product\/yoast-seo-wordpress\/ -->\n<title>P\u00c4IKESEPRILLID- AMOQ BURST, J\u00c4\u00c4-SININE PEEGEL - NORDLINE s\u00f5udepaadid ja mootorpaadid. Klaasfiiber materjalist.<\/title>\n<meta name=\"robots\" content=\"index, follow, max-snippet:-1, max-image-preview:large, max-video-preview:-1\" \/>\n<link rel=\"canonical\" href=\"https:\/\/nordlinepaadid.ee\/et\/pood\/marine-clothing-and-shoes\/paikeseprillid\/paikeseprillid-amoq-burst-jaa-sinine-peegel\/\" \/>\n<meta property=\"og:locale\" content=\"et_EE\" \/>\n<meta property=\"og:type\" content=\"article\" \/>\n<meta property=\"og:title\" content=\"P\u00c4IKESEPRILLID- AMOQ BURST, J\u00c4\u00c4-SININE PEEGEL - NORDLINE s\u00f5udepaadid ja mootorpaadid. Klaasfiiber materjalist.\" \/>\n<meta property=\"og:description\" content=\"Amoq Burst prillide t\u00e4iuslik istuvus koos stiilse v\u00e4limusega muudab need ilmselgeks valikuks nii sportimiseks kui ka vabal ajal. Amoq Burst on varustatud polariseeritud l\u00e4\u00e4tsedega ja selle puidust sangad annavad prillidele viimase lihvi. Prillide UV400 t\u00f6\u00f6tlus kaitseb silmi p\u00e4ikese ja tuule eest. Prillidega on kaasas mikrofiiber kaitsekott. &#013;\" \/>\n<meta property=\"og:url\" content=\"https:\/\/nordlinepaadid.ee\/et\/pood\/marine-clothing-and-shoes\/paikeseprillid\/paikeseprillid-amoq-burst-jaa-sinine-peegel\/\" \/>\n<meta property=\"og:site_name\" content=\"NORDLINE s\u00f5udepaadid ja mootorpaadid. Klaasfiiber materjalist.\" \/>\n<meta property=\"article:publisher\" content=\"https:\/\/www.facebook.com\/nordlineboats\" \/>\n<meta property=\"article:modified_time\" content=\"2026-04-17T16:38:24+00:00\" \/>\n<meta property=\"og:image\" content=\"https:\/\/nordlinepaadid.ee\/wp-content\/uploads\/2025\/03\/12357_DL-645-NO4-SHADES-2-1.jpg\" \/>\n\t<meta property=\"og:image:width\" content=\"800\" \/>\n\t<meta property=\"og:image:height\" content=\"389\" \/>\n\t<meta property=\"og:image:type\" content=\"image\/jpeg\" \/>\n<meta name=\"twitter:card\" content=\"summary_large_image\" \/>\n<script type=\"application\/ld+json\" class=\"yoast-schema-graph\">{\"@context\":\"https:\\\/\\\/schema.org\",\"@graph\":[{\"@type\":\"WebPage\",\"@id\":\"https:\\\/\\\/nordlinepaadid.ee\\\/et\\\/pood\\\/marine-clothing-and-shoes\\\/paikeseprillid\\\/paikeseprillid-amoq-burst-jaa-sinine-peegel\\\/\",\"url\":\"https:\\\/\\\/nordlinepaadid.ee\\\/et\\\/pood\\\/marine-clothing-and-shoes\\\/paikeseprillid\\\/paikeseprillid-amoq-burst-jaa-sinine-peegel\\\/\",\"name\":\"P\u00c4IKESEPRILLID- AMOQ BURST, J\u00c4\u00c4-SININE PEEGEL - NORDLINE s\u00f5udepaadid ja mootorpaadid. Klaasfiiber materjalist.\",\"isPartOf\":{\"@id\":\"https:\\\/\\\/nordlinepaadid.ee\\\/et\\\/#website\"},\"primaryImageOfPage\":{\"@id\":\"https:\\\/\\\/nordlinepaadid.ee\\\/et\\\/pood\\\/marine-clothing-and-shoes\\\/paikeseprillid\\\/paikeseprillid-amoq-burst-jaa-sinine-peegel\\\/#primaryimage\"},\"image\":{\"@id\":\"https:\\\/\\\/nordlinepaadid.ee\\\/et\\\/pood\\\/marine-clothing-and-shoes\\\/paikeseprillid\\\/paikeseprillid-amoq-burst-jaa-sinine-peegel\\\/#primaryimage\"},\"thumbnailUrl\":\"https:\\\/\\\/nordlinepaadid.ee\\\/wp-content\\\/uploads\\\/2025\\\/03\\\/12357_DL-645-NO4-SHADES-2-1.jpg\",\"datePublished\":\"2026-04-17T16:38:23+00:00\",\"dateModified\":\"2026-04-17T16:38:24+00:00\",\"breadcrumb\":{\"@id\":\"https:\\\/\\\/nordlinepaadid.ee\\\/et\\\/pood\\\/marine-clothing-and-shoes\\\/paikeseprillid\\\/paikeseprillid-amoq-burst-jaa-sinine-peegel\\\/#breadcrumb\"},\"inLanguage\":\"et\",\"potentialAction\":[{\"@type\":\"ReadAction\",\"target\":[\"https:\\\/\\\/nordlinepaadid.ee\\\/et\\\/pood\\\/marine-clothing-and-shoes\\\/paikeseprillid\\\/paikeseprillid-amoq-burst-jaa-sinine-peegel\\\/\"]}]},{\"@type\":\"ImageObject\",\"inLanguage\":\"et\",\"@id\":\"https:\\\/\\\/nordlinepaadid.ee\\\/et\\\/pood\\\/marine-clothing-and-shoes\\\/paikeseprillid\\\/paikeseprillid-amoq-burst-jaa-sinine-peegel\\\/#primaryimage\",\"url\":\"https:\\\/\\\/nordlinepaadid.ee\\\/wp-content\\\/uploads\\\/2025\\\/03\\\/12357_DL-645-NO4-SHADES-2-1.jpg\",\"contentUrl\":\"https:\\\/\\\/nordlinepaadid.ee\\\/wp-content\\\/uploads\\\/2025\\\/03\\\/12357_DL-645-NO4-SHADES-2-1.jpg\",\"width\":800,\"height\":389},{\"@type\":\"BreadcrumbList\",\"@id\":\"https:\\\/\\\/nordlinepaadid.ee\\\/et\\\/pood\\\/marine-clothing-and-shoes\\\/paikeseprillid\\\/paikeseprillid-amoq-burst-jaa-sinine-peegel\\\/#breadcrumb\",\"itemListElement\":[{\"@type\":\"ListItem\",\"position\":1,\"name\":\"Home\",\"item\":\"https:\\\/\\\/nordlinepaadid.ee\\\/et\\\/\"},{\"@type\":\"ListItem\",\"position\":2,\"name\":\"Pood\",\"item\":\"https:\\\/\\\/nordlinepaadid.ee\\\/et\\\/pood\\\/\"},{\"@type\":\"ListItem\",\"position\":3,\"name\":\"P\u00c4IKESEPRILLID- AMOQ BURST, J\u00c4\u00c4-SININE PEEGEL\"}]},{\"@type\":\"WebSite\",\"@id\":\"https:\\\/\\\/nordlinepaadid.ee\\\/et\\\/#website\",\"url\":\"https:\\\/\\\/nordlinepaadid.ee\\\/et\\\/\",\"name\":\"NORDLINE s\u00f5udepaadid ja mootorpaadid. Klaasfiiber materjalist.\",\"description\":\"\",\"publisher\":{\"@id\":\"https:\\\/\\\/nordlinepaadid.ee\\\/et\\\/#organization\"},\"potentialAction\":[{\"@type\":\"SearchAction\",\"target\":{\"@type\":\"EntryPoint\",\"urlTemplate\":\"https:\\\/\\\/nordlinepaadid.ee\\\/et\\\/?s={search_term_string}\"},\"query-input\":{\"@type\":\"PropertyValueSpecification\",\"valueRequired\":true,\"valueName\":\"search_term_string\"}}],\"inLanguage\":\"et\"},{\"@type\":\"Organization\",\"@id\":\"https:\\\/\\\/nordlinepaadid.ee\\\/et\\\/#organization\",\"name\":\"Nordlineboats\",\"url\":\"https:\\\/\\\/nordlinepaadid.ee\\\/et\\\/\",\"logo\":{\"@type\":\"ImageObject\",\"inLanguage\":\"et\",\"@id\":\"https:\\\/\\\/nordlinepaadid.ee\\\/et\\\/#\\\/schema\\\/logo\\\/image\\\/\",\"url\":\"https:\\\/\\\/nordlinepaadid.ee\\\/wp-content\\\/uploads\\\/2023\\\/01\\\/fulllogo_transparent_nobuffer-e1672750475494.png\",\"contentUrl\":\"https:\\\/\\\/nordlinepaadid.ee\\\/wp-content\\\/uploads\\\/2023\\\/01\\\/fulllogo_transparent_nobuffer-e1672750475494.png\",\"width\":150,\"height\":119,\"caption\":\"Nordlineboats\"},\"image\":{\"@id\":\"https:\\\/\\\/nordlinepaadid.ee\\\/et\\\/#\\\/schema\\\/logo\\\/image\\\/\"},\"sameAs\":[\"https:\\\/\\\/www.facebook.com\\\/nordlineboats\",\"https:\\\/\\\/www.youtube.com\\\/channel\\\/UCbgF0fy02y3QkFnujaLTaCA\"]}]}<\/script>\n<!-- \/ Yoast SEO plugin. -->","yoast_head_json":{"title":"P\u00c4IKESEPRILLID- AMOQ BURST, J\u00c4\u00c4-SININE PEEGEL - NORDLINE s\u00f5udepaadid ja mootorpaadid. Klaasfiiber materjalist.","robots":{"index":"index","follow":"follow","max-snippet":"max-snippet:-1","max-image-preview":"max-image-preview:large","max-video-preview":"max-video-preview:-1"},"canonical":"https:\/\/nordlinepaadid.ee\/et\/pood\/marine-clothing-and-shoes\/paikeseprillid\/paikeseprillid-amoq-burst-jaa-sinine-peegel\/","og_locale":"et_EE","og_type":"article","og_title":"P\u00c4IKESEPRILLID- AMOQ BURST, J\u00c4\u00c4-SININE PEEGEL - NORDLINE s\u00f5udepaadid ja mootorpaadid. Klaasfiiber materjalist.","og_description":"Amoq Burst prillide t\u00e4iuslik istuvus koos stiilse v\u00e4limusega muudab need ilmselgeks valikuks nii sportimiseks kui ka vabal ajal. Amoq Burst on varustatud polariseeritud l\u00e4\u00e4tsedega ja selle puidust sangad annavad prillidele viimase lihvi. Prillide UV400 t\u00f6\u00f6tlus kaitseb silmi p\u00e4ikese ja tuule eest. Prillidega on kaasas mikrofiiber kaitsekott. &#13;","og_url":"https:\/\/nordlinepaadid.ee\/et\/pood\/marine-clothing-and-shoes\/paikeseprillid\/paikeseprillid-amoq-burst-jaa-sinine-peegel\/","og_site_name":"NORDLINE s\u00f5udepaadid ja mootorpaadid. Klaasfiiber materjalist.","article_publisher":"https:\/\/www.facebook.com\/nordlineboats","article_modified_time":"2026-04-17T16:38:24+00:00","og_image":[{"width":800,"height":389,"url":"https:\/\/nordlinepaadid.ee\/wp-content\/uploads\/2025\/03\/12357_DL-645-NO4-SHADES-2-1.jpg","type":"image\/jpeg"}],"twitter_card":"summary_large_image","schema":{"@context":"https:\/\/schema.org","@graph":[{"@type":"WebPage","@id":"https:\/\/nordlinepaadid.ee\/et\/pood\/marine-clothing-and-shoes\/paikeseprillid\/paikeseprillid-amoq-burst-jaa-sinine-peegel\/","url":"https:\/\/nordlinepaadid.ee\/et\/pood\/marine-clothing-and-shoes\/paikeseprillid\/paikeseprillid-amoq-burst-jaa-sinine-peegel\/","name":"P\u00c4IKESEPRILLID- AMOQ BURST, J\u00c4\u00c4-SININE PEEGEL - NORDLINE s\u00f5udepaadid ja mootorpaadid. Klaasfiiber materjalist.","isPartOf":{"@id":"https:\/\/nordlinepaadid.ee\/et\/#website"},"primaryImageOfPage":{"@id":"https:\/\/nordlinepaadid.ee\/et\/pood\/marine-clothing-and-shoes\/paikeseprillid\/paikeseprillid-amoq-burst-jaa-sinine-peegel\/#primaryimage"},"image":{"@id":"https:\/\/nordlinepaadid.ee\/et\/pood\/marine-clothing-and-shoes\/paikeseprillid\/paikeseprillid-amoq-burst-jaa-sinine-peegel\/#primaryimage"},"thumbnailUrl":"https:\/\/nordlinepaadid.ee\/wp-content\/uploads\/2025\/03\/12357_DL-645-NO4-SHADES-2-1.jpg","datePublished":"2026-04-17T16:38:23+00:00","dateModified":"2026-04-17T16:38:24+00:00","breadcrumb":{"@id":"https:\/\/nordlinepaadid.ee\/et\/pood\/marine-clothing-and-shoes\/paikeseprillid\/paikeseprillid-amoq-burst-jaa-sinine-peegel\/#breadcrumb"},"inLanguage":"et","potentialAction":[{"@type":"ReadAction","target":["https:\/\/nordlinepaadid.ee\/et\/pood\/marine-clothing-and-shoes\/paikeseprillid\/paikeseprillid-amoq-burst-jaa-sinine-peegel\/"]}]},{"@type":"ImageObject","inLanguage":"et","@id":"https:\/\/nordlinepaadid.ee\/et\/pood\/marine-clothing-and-shoes\/paikeseprillid\/paikeseprillid-amoq-burst-jaa-sinine-peegel\/#primaryimage","url":"https:\/\/nordlinepaadid.ee\/wp-content\/uploads\/2025\/03\/12357_DL-645-NO4-SHADES-2-1.jpg","contentUrl":"https:\/\/nordlinepaadid.ee\/wp-content\/uploads\/2025\/03\/12357_DL-645-NO4-SHADES-2-1.jpg","width":800,"height":389},{"@type":"BreadcrumbList","@id":"https:\/\/nordlinepaadid.ee\/et\/pood\/marine-clothing-and-shoes\/paikeseprillid\/paikeseprillid-amoq-burst-jaa-sinine-peegel\/#breadcrumb","itemListElement":[{"@type":"ListItem","position":1,"name":"Home","item":"https:\/\/nordlinepaadid.ee\/et\/"},{"@type":"ListItem","position":2,"name":"Pood","item":"https:\/\/nordlinepaadid.ee\/et\/pood\/"},{"@type":"ListItem","position":3,"name":"P\u00c4IKESEPRILLID- AMOQ BURST, J\u00c4\u00c4-SININE PEEGEL"}]},{"@type":"WebSite","@id":"https:\/\/nordlinepaadid.ee\/et\/#website","url":"https:\/\/nordlinepaadid.ee\/et\/","name":"NORDLINE s\u00f5udepaadid ja mootorpaadid. Klaasfiiber materjalist.","description":"","publisher":{"@id":"https:\/\/nordlinepaadid.ee\/et\/#organization"},"potentialAction":[{"@type":"SearchAction","target":{"@type":"EntryPoint","urlTemplate":"https:\/\/nordlinepaadid.ee\/et\/?s={search_term_string}"},"query-input":{"@type":"PropertyValueSpecification","valueRequired":true,"valueName":"search_term_string"}}],"inLanguage":"et"},{"@type":"Organization","@id":"https:\/\/nordlinepaadid.ee\/et\/#organization","name":"Nordlineboats","url":"https:\/\/nordlinepaadid.ee\/et\/","logo":{"@type":"ImageObject","inLanguage":"et","@id":"https:\/\/nordlinepaadid.ee\/et\/#\/schema\/logo\/image\/","url":"https:\/\/nordlinepaadid.ee\/wp-content\/uploads\/2023\/01\/fulllogo_transparent_nobuffer-e1672750475494.png","contentUrl":"https:\/\/nordlinepaadid.ee\/wp-content\/uploads\/2023\/01\/fulllogo_transparent_nobuffer-e1672750475494.png","width":150,"height":119,"caption":"Nordlineboats"},"image":{"@id":"https:\/\/nordlinepaadid.ee\/et\/#\/schema\/logo\/image\/"},"sameAs":["https:\/\/www.facebook.com\/nordlineboats","https:\/\/www.youtube.com\/channel\/UCbgF0fy02y3QkFnujaLTaCA"]}]}},"taxonomy_info":{"product_cat":[{"value":259,"label":"P\u00e4ikeseprillid"},{"value":232,"label":"PURJETAMISRIIDED JA JALAN\u00d5UD"}],"pa_color":[{"value":1550,"label":"J\u00e4\u00e4-sinine peegel"}],"pa_producer":[{"value":660,"label":"Amoq"}],"pa_unit":[{"value":416,"label":"pcs"}]},"featured_image_src_large":["https:\/\/nordlinepaadid.ee\/wp-content\/uploads\/2025\/03\/12357_DL-645-NO4-SHADES-2-1.jpg",800,389,false],"author_info":[],"comment_info":"","_links":{"self":[{"href":"https:\/\/nordlinepaadid.ee\/et\/wp-json\/wp\/v2\/product\/64415","targetHints":{"allow":["GET"]}}],"collection":[{"href":"https:\/\/nordlinepaadid.ee\/et\/wp-json\/wp\/v2\/product"}],"about":[{"href":"https:\/\/nordlinepaadid.ee\/et\/wp-json\/wp\/v2\/types\/product"}],"wp:featuredmedia":[{"embeddable":true,"href":"https:\/\/nordlinepaadid.ee\/et\/wp-json\/wp\/v2\/media\/50959"}],"wp:attachment":[{"href":"https:\/\/nordlinepaadid.ee\/et\/wp-json\/wp\/v2\/media?parent=64415"}],"wp:term":[{"taxonomy":"product_brand","embeddable":true,"href":"https:\/\/nordlinepaadid.ee\/et\/wp-json\/wp\/v2\/product_brand?post=64415"},{"taxonomy":"product_cat","embeddable":true,"href":"https:\/\/nordlinepaadid.ee\/et\/wp-json\/wp\/v2\/product_cat?post=64415"},{"taxonomy":"product_tag","embeddable":true,"href":"https:\/\/nordlinepaadid.ee\/et\/wp-json\/wp\/v2\/product_tag?post=64415"}],"curies":[{"name":"wp","href":"https:\/\/api.w.org\/{rel}","templated":true}]}}