{"id":64477,"date":"2026-04-21T03:42:57","date_gmt":"2026-04-21T00:42:57","guid":{"rendered":"https:\/\/nordlinepaadid.ee\/pood\/maaratlemata\/paikesepaneeli-komplekt-160-w\/"},"modified":"2026-04-21T03:42:57","modified_gmt":"2026-04-21T00:42:57","slug":"paikesepaneeli-komplekt-160-w","status":"publish","type":"product","link":"https:\/\/nordlinepaadid.ee\/et\/pood\/ru-electrical-equipments\/solar-panels-ru\/paikesepaneeli-komplekt-160-w\/","title":{"rendered":"P\u00c4IKESEPANEELI KOMPLEKT, 160 W"},"content":{"rendered":"<p>P\u00e4ikesepaneeli komplekt 160 W. Komplekt sisaldab p\u00e4ikesepaneeli koos klambritega, p\u00e4ikesepaneeli kontrollerit ja juhtmestikku 12 V aku \u00fchendamiseks. Kontrolleril on ka USB-v\u00e4ljund mobiiltelefonide ja muu USB-p\u00f5hise elektroonika otselaadimiseks.<\/p>\n<p>&#13;<br \/>\n&#13;<\/p>\n<p>&nbsp;<\/p>\n<p>&#13;<br \/>\n&#13;<\/p>\n<p><strong>Tehnilised andmed:&nbsp;<\/strong><\/p>\n<p>&#13;<br \/>\n&#13;<\/p>\n<ul>&#13;<\/p>\n<li>V\u00f5imsus: 160 W<\/li>\n<p>&#13;<\/p>\n<li>P\u00e4ikesepaneeli m\u00f5\u00f5tmed: 1220 x 670 x 30 mm<\/li>\n<p>&#13;<\/p>\n<li>Kontroller: 3-faasiline PWM 12 V, 20 A<\/li>\n<p>&#13;<\/p>\n<li>Pakendis: P\u00e4ikesepaneel, kontroller, juhtmestik ja paigaldustarvikud paigaldamiseks<\/li>\n<p>&#13;\n<\/ul>\n<p>&#13;<\/p>\n","protected":false},"excerpt":{"rendered":"<p>P\u00e4ikesepaneeli komplekt 160 W. Komplekt sisaldab p\u00e4ikesepaneeli koos klambritega, p\u00e4ikesepaneeli kontrollerit ja juhtmestikku 12 V aku \u00fchendamiseks. Kontrolleril on ka USB-v\u00e4ljund mobiiltelefonide ja muu USB-p\u00f5hise elektroonika otselaadimiseks. &#13; &#13; &nbsp; &#13; &#13; Tehnilised andmed:&nbsp; &#13; &#13; &#13; V\u00f5imsus: 160 W &#13; P\u00e4ikesepaneeli m\u00f5\u00f5tmed: 1220 x 670 x 30 mm &#13; Kontroller: 3-faasiline PWM 12 V,&#8230;<\/p>\n","protected":false},"featured_media":54880,"template":"","meta":{"_kad_blocks_custom_css":"","_kad_blocks_head_custom_js":"","_kad_blocks_body_custom_js":"","_kad_blocks_footer_custom_js":"","_kad_post_transparent":"","_kad_post_title":"","_kad_post_layout":"","_kad_post_sidebar_id":"","_kad_post_content_style":"","_kad_post_vertical_padding":"","_kad_post_feature":"","_kad_post_feature_position":"","_kad_post_header":false,"_kad_post_footer":false,"_kad_post_classname":""},"product_brand":[],"product_cat":[239,374,923],"product_tag":[],"class_list":{"0":"post-64477","1":"product","2":"type-product","3":"status-publish","4":"has-post-thumbnail","6":"product_cat-electrical-equipments","7":"product_cat-paikesepaneelid","8":"product_cat-solar-panels-ru","9":"pa_unit-pcs","10":"tm-no-options","12":"first","13":"instock","14":"sale","15":"taxable","16":"shipping-taxable","17":"purchasable","18":"product-type-simple","19":"entry","20":"content-bg","21":"loop-entry"},"yoast_head":"<!-- This site is optimized with the Yoast SEO plugin v27.4 - https:\/\/yoast.com\/product\/yoast-seo-wordpress\/ -->\n<title>P\u00c4IKESEPANEELI KOMPLEKT, 160 W - NORDLINE s\u00f5udepaadid ja mootorpaadid. Klaasfiiber materjalist.<\/title>\n<meta name=\"robots\" content=\"index, follow, max-snippet:-1, max-image-preview:large, max-video-preview:-1\" \/>\n<link rel=\"canonical\" href=\"https:\/\/nordlinepaadid.ee\/et\/pood\/ru-electrical-equipments\/solar-panels-ru\/paikesepaneeli-komplekt-160-w\/\" \/>\n<meta property=\"og:locale\" content=\"et_EE\" \/>\n<meta property=\"og:type\" content=\"article\" \/>\n<meta property=\"og:title\" content=\"P\u00c4IKESEPANEELI KOMPLEKT, 160 W - NORDLINE s\u00f5udepaadid ja mootorpaadid. Klaasfiiber materjalist.\" \/>\n<meta property=\"og:description\" content=\"P\u00e4ikesepaneeli komplekt 160 W. Komplekt sisaldab p\u00e4ikesepaneeli koos klambritega, p\u00e4ikesepaneeli kontrollerit ja juhtmestikku 12 V aku \u00fchendamiseks. Kontrolleril on ka USB-v\u00e4ljund mobiiltelefonide ja muu USB-p\u00f5hise elektroonika otselaadimiseks. &#013; &#013; &nbsp; &#013; &#013; Tehnilised andmed:&nbsp; &#013; &#013; &#013; V\u00f5imsus: 160 W &#013; P\u00e4ikesepaneeli m\u00f5\u00f5tmed: 1220 x 670 x 30 mm &#013; Kontroller: 3-faasiline PWM 12 V,...\" \/>\n<meta property=\"og:url\" content=\"https:\/\/nordlinepaadid.ee\/et\/pood\/ru-electrical-equipments\/solar-panels-ru\/paikesepaneeli-komplekt-160-w\/\" \/>\n<meta property=\"og:site_name\" content=\"NORDLINE s\u00f5udepaadid ja mootorpaadid. Klaasfiiber materjalist.\" \/>\n<meta property=\"article:publisher\" content=\"https:\/\/www.facebook.com\/nordlineboats\" \/>\n<meta property=\"og:image\" content=\"https:\/\/nordlinepaadid.ee\/wp-content\/uploads\/2026\/02\/12537_W1251450-1.jpg\" \/>\n\t<meta property=\"og:image:width\" content=\"595\" \/>\n\t<meta property=\"og:image:height\" content=\"549\" \/>\n\t<meta property=\"og:image:type\" content=\"image\/jpeg\" \/>\n<meta name=\"twitter:card\" content=\"summary_large_image\" \/>\n<script type=\"application\/ld+json\" class=\"yoast-schema-graph\">{\"@context\":\"https:\\\/\\\/schema.org\",\"@graph\":[{\"@type\":\"WebPage\",\"@id\":\"https:\\\/\\\/nordlinepaadid.ee\\\/et\\\/pood\\\/ru-electrical-equipments\\\/solar-panels-ru\\\/paikesepaneeli-komplekt-160-w\\\/\",\"url\":\"https:\\\/\\\/nordlinepaadid.ee\\\/et\\\/pood\\\/ru-electrical-equipments\\\/solar-panels-ru\\\/paikesepaneeli-komplekt-160-w\\\/\",\"name\":\"P\u00c4IKESEPANEELI KOMPLEKT, 160 W - NORDLINE s\u00f5udepaadid ja mootorpaadid. Klaasfiiber materjalist.\",\"isPartOf\":{\"@id\":\"https:\\\/\\\/nordlinepaadid.ee\\\/et\\\/#website\"},\"primaryImageOfPage\":{\"@id\":\"https:\\\/\\\/nordlinepaadid.ee\\\/et\\\/pood\\\/ru-electrical-equipments\\\/solar-panels-ru\\\/paikesepaneeli-komplekt-160-w\\\/#primaryimage\"},\"image\":{\"@id\":\"https:\\\/\\\/nordlinepaadid.ee\\\/et\\\/pood\\\/ru-electrical-equipments\\\/solar-panels-ru\\\/paikesepaneeli-komplekt-160-w\\\/#primaryimage\"},\"thumbnailUrl\":\"https:\\\/\\\/nordlinepaadid.ee\\\/wp-content\\\/uploads\\\/2026\\\/02\\\/12537_W1251450-1.jpg\",\"datePublished\":\"2026-04-21T00:42:57+00:00\",\"breadcrumb\":{\"@id\":\"https:\\\/\\\/nordlinepaadid.ee\\\/et\\\/pood\\\/ru-electrical-equipments\\\/solar-panels-ru\\\/paikesepaneeli-komplekt-160-w\\\/#breadcrumb\"},\"inLanguage\":\"et\",\"potentialAction\":[{\"@type\":\"ReadAction\",\"target\":[\"https:\\\/\\\/nordlinepaadid.ee\\\/et\\\/pood\\\/ru-electrical-equipments\\\/solar-panels-ru\\\/paikesepaneeli-komplekt-160-w\\\/\"]}]},{\"@type\":\"ImageObject\",\"inLanguage\":\"et\",\"@id\":\"https:\\\/\\\/nordlinepaadid.ee\\\/et\\\/pood\\\/ru-electrical-equipments\\\/solar-panels-ru\\\/paikesepaneeli-komplekt-160-w\\\/#primaryimage\",\"url\":\"https:\\\/\\\/nordlinepaadid.ee\\\/wp-content\\\/uploads\\\/2026\\\/02\\\/12537_W1251450-1.jpg\",\"contentUrl\":\"https:\\\/\\\/nordlinepaadid.ee\\\/wp-content\\\/uploads\\\/2026\\\/02\\\/12537_W1251450-1.jpg\",\"width\":595,\"height\":549},{\"@type\":\"BreadcrumbList\",\"@id\":\"https:\\\/\\\/nordlinepaadid.ee\\\/et\\\/pood\\\/ru-electrical-equipments\\\/solar-panels-ru\\\/paikesepaneeli-komplekt-160-w\\\/#breadcrumb\",\"itemListElement\":[{\"@type\":\"ListItem\",\"position\":1,\"name\":\"Home\",\"item\":\"https:\\\/\\\/nordlinepaadid.ee\\\/et\\\/\"},{\"@type\":\"ListItem\",\"position\":2,\"name\":\"Pood\",\"item\":\"https:\\\/\\\/nordlinepaadid.ee\\\/et\\\/pood\\\/\"},{\"@type\":\"ListItem\",\"position\":3,\"name\":\"P\u00c4IKESEPANEELI KOMPLEKT, 160 W\"}]},{\"@type\":\"WebSite\",\"@id\":\"https:\\\/\\\/nordlinepaadid.ee\\\/et\\\/#website\",\"url\":\"https:\\\/\\\/nordlinepaadid.ee\\\/et\\\/\",\"name\":\"NORDLINE s\u00f5udepaadid ja mootorpaadid. Klaasfiiber materjalist.\",\"description\":\"\",\"publisher\":{\"@id\":\"https:\\\/\\\/nordlinepaadid.ee\\\/et\\\/#organization\"},\"potentialAction\":[{\"@type\":\"SearchAction\",\"target\":{\"@type\":\"EntryPoint\",\"urlTemplate\":\"https:\\\/\\\/nordlinepaadid.ee\\\/et\\\/?s={search_term_string}\"},\"query-input\":{\"@type\":\"PropertyValueSpecification\",\"valueRequired\":true,\"valueName\":\"search_term_string\"}}],\"inLanguage\":\"et\"},{\"@type\":\"Organization\",\"@id\":\"https:\\\/\\\/nordlinepaadid.ee\\\/et\\\/#organization\",\"name\":\"Nordlineboats\",\"url\":\"https:\\\/\\\/nordlinepaadid.ee\\\/et\\\/\",\"logo\":{\"@type\":\"ImageObject\",\"inLanguage\":\"et\",\"@id\":\"https:\\\/\\\/nordlinepaadid.ee\\\/et\\\/#\\\/schema\\\/logo\\\/image\\\/\",\"url\":\"https:\\\/\\\/nordlinepaadid.ee\\\/wp-content\\\/uploads\\\/2023\\\/01\\\/fulllogo_transparent_nobuffer-e1672750475494.png\",\"contentUrl\":\"https:\\\/\\\/nordlinepaadid.ee\\\/wp-content\\\/uploads\\\/2023\\\/01\\\/fulllogo_transparent_nobuffer-e1672750475494.png\",\"width\":150,\"height\":119,\"caption\":\"Nordlineboats\"},\"image\":{\"@id\":\"https:\\\/\\\/nordlinepaadid.ee\\\/et\\\/#\\\/schema\\\/logo\\\/image\\\/\"},\"sameAs\":[\"https:\\\/\\\/www.facebook.com\\\/nordlineboats\",\"https:\\\/\\\/www.youtube.com\\\/channel\\\/UCbgF0fy02y3QkFnujaLTaCA\"]}]}<\/script>\n<!-- \/ Yoast SEO plugin. -->","yoast_head_json":{"title":"P\u00c4IKESEPANEELI KOMPLEKT, 160 W - NORDLINE s\u00f5udepaadid ja mootorpaadid. Klaasfiiber materjalist.","robots":{"index":"index","follow":"follow","max-snippet":"max-snippet:-1","max-image-preview":"max-image-preview:large","max-video-preview":"max-video-preview:-1"},"canonical":"https:\/\/nordlinepaadid.ee\/et\/pood\/ru-electrical-equipments\/solar-panels-ru\/paikesepaneeli-komplekt-160-w\/","og_locale":"et_EE","og_type":"article","og_title":"P\u00c4IKESEPANEELI KOMPLEKT, 160 W - NORDLINE s\u00f5udepaadid ja mootorpaadid. Klaasfiiber materjalist.","og_description":"P\u00e4ikesepaneeli komplekt 160 W. Komplekt sisaldab p\u00e4ikesepaneeli koos klambritega, p\u00e4ikesepaneeli kontrollerit ja juhtmestikku 12 V aku \u00fchendamiseks. Kontrolleril on ka USB-v\u00e4ljund mobiiltelefonide ja muu USB-p\u00f5hise elektroonika otselaadimiseks. &#13; &#13; &nbsp; &#13; &#13; Tehnilised andmed:&nbsp; &#13; &#13; &#13; V\u00f5imsus: 160 W &#13; P\u00e4ikesepaneeli m\u00f5\u00f5tmed: 1220 x 670 x 30 mm &#13; Kontroller: 3-faasiline PWM 12 V,...","og_url":"https:\/\/nordlinepaadid.ee\/et\/pood\/ru-electrical-equipments\/solar-panels-ru\/paikesepaneeli-komplekt-160-w\/","og_site_name":"NORDLINE s\u00f5udepaadid ja mootorpaadid. Klaasfiiber materjalist.","article_publisher":"https:\/\/www.facebook.com\/nordlineboats","og_image":[{"width":595,"height":549,"url":"https:\/\/nordlinepaadid.ee\/wp-content\/uploads\/2026\/02\/12537_W1251450-1.jpg","type":"image\/jpeg"}],"twitter_card":"summary_large_image","schema":{"@context":"https:\/\/schema.org","@graph":[{"@type":"WebPage","@id":"https:\/\/nordlinepaadid.ee\/et\/pood\/ru-electrical-equipments\/solar-panels-ru\/paikesepaneeli-komplekt-160-w\/","url":"https:\/\/nordlinepaadid.ee\/et\/pood\/ru-electrical-equipments\/solar-panels-ru\/paikesepaneeli-komplekt-160-w\/","name":"P\u00c4IKESEPANEELI KOMPLEKT, 160 W - NORDLINE s\u00f5udepaadid ja mootorpaadid. Klaasfiiber materjalist.","isPartOf":{"@id":"https:\/\/nordlinepaadid.ee\/et\/#website"},"primaryImageOfPage":{"@id":"https:\/\/nordlinepaadid.ee\/et\/pood\/ru-electrical-equipments\/solar-panels-ru\/paikesepaneeli-komplekt-160-w\/#primaryimage"},"image":{"@id":"https:\/\/nordlinepaadid.ee\/et\/pood\/ru-electrical-equipments\/solar-panels-ru\/paikesepaneeli-komplekt-160-w\/#primaryimage"},"thumbnailUrl":"https:\/\/nordlinepaadid.ee\/wp-content\/uploads\/2026\/02\/12537_W1251450-1.jpg","datePublished":"2026-04-21T00:42:57+00:00","breadcrumb":{"@id":"https:\/\/nordlinepaadid.ee\/et\/pood\/ru-electrical-equipments\/solar-panels-ru\/paikesepaneeli-komplekt-160-w\/#breadcrumb"},"inLanguage":"et","potentialAction":[{"@type":"ReadAction","target":["https:\/\/nordlinepaadid.ee\/et\/pood\/ru-electrical-equipments\/solar-panels-ru\/paikesepaneeli-komplekt-160-w\/"]}]},{"@type":"ImageObject","inLanguage":"et","@id":"https:\/\/nordlinepaadid.ee\/et\/pood\/ru-electrical-equipments\/solar-panels-ru\/paikesepaneeli-komplekt-160-w\/#primaryimage","url":"https:\/\/nordlinepaadid.ee\/wp-content\/uploads\/2026\/02\/12537_W1251450-1.jpg","contentUrl":"https:\/\/nordlinepaadid.ee\/wp-content\/uploads\/2026\/02\/12537_W1251450-1.jpg","width":595,"height":549},{"@type":"BreadcrumbList","@id":"https:\/\/nordlinepaadid.ee\/et\/pood\/ru-electrical-equipments\/solar-panels-ru\/paikesepaneeli-komplekt-160-w\/#breadcrumb","itemListElement":[{"@type":"ListItem","position":1,"name":"Home","item":"https:\/\/nordlinepaadid.ee\/et\/"},{"@type":"ListItem","position":2,"name":"Pood","item":"https:\/\/nordlinepaadid.ee\/et\/pood\/"},{"@type":"ListItem","position":3,"name":"P\u00c4IKESEPANEELI KOMPLEKT, 160 W"}]},{"@type":"WebSite","@id":"https:\/\/nordlinepaadid.ee\/et\/#website","url":"https:\/\/nordlinepaadid.ee\/et\/","name":"NORDLINE s\u00f5udepaadid ja mootorpaadid. Klaasfiiber materjalist.","description":"","publisher":{"@id":"https:\/\/nordlinepaadid.ee\/et\/#organization"},"potentialAction":[{"@type":"SearchAction","target":{"@type":"EntryPoint","urlTemplate":"https:\/\/nordlinepaadid.ee\/et\/?s={search_term_string}"},"query-input":{"@type":"PropertyValueSpecification","valueRequired":true,"valueName":"search_term_string"}}],"inLanguage":"et"},{"@type":"Organization","@id":"https:\/\/nordlinepaadid.ee\/et\/#organization","name":"Nordlineboats","url":"https:\/\/nordlinepaadid.ee\/et\/","logo":{"@type":"ImageObject","inLanguage":"et","@id":"https:\/\/nordlinepaadid.ee\/et\/#\/schema\/logo\/image\/","url":"https:\/\/nordlinepaadid.ee\/wp-content\/uploads\/2023\/01\/fulllogo_transparent_nobuffer-e1672750475494.png","contentUrl":"https:\/\/nordlinepaadid.ee\/wp-content\/uploads\/2023\/01\/fulllogo_transparent_nobuffer-e1672750475494.png","width":150,"height":119,"caption":"Nordlineboats"},"image":{"@id":"https:\/\/nordlinepaadid.ee\/et\/#\/schema\/logo\/image\/"},"sameAs":["https:\/\/www.facebook.com\/nordlineboats","https:\/\/www.youtube.com\/channel\/UCbgF0fy02y3QkFnujaLTaCA"]}]}},"taxonomy_info":{"product_cat":[{"value":239,"label":"ELEKTRITARVIKUD"},{"value":374,"label":"P\u00e4ikesepaneelid, Tuulegeneraatorid"},{"value":923,"label":"\u0421\u043e\u043b\u043d\u0435\u0447\u043d\u044b\u0435 \u043f\u0430\u043d\u0435\u043b\u0438, \u0412\u0435\u0442\u0440\u043e\u0433\u0435\u043d\u0435\u0440\u0430\u0442\u043e\u0440\u044b"}],"pa_unit":[{"value":416,"label":"pcs"}]},"featured_image_src_large":["https:\/\/nordlinepaadid.ee\/wp-content\/uploads\/2026\/02\/12537_W1251450-1.jpg",595,549,false],"author_info":[],"comment_info":"","_links":{"self":[{"href":"https:\/\/nordlinepaadid.ee\/et\/wp-json\/wp\/v2\/product\/64477","targetHints":{"allow":["GET"]}}],"collection":[{"href":"https:\/\/nordlinepaadid.ee\/et\/wp-json\/wp\/v2\/product"}],"about":[{"href":"https:\/\/nordlinepaadid.ee\/et\/wp-json\/wp\/v2\/types\/product"}],"wp:featuredmedia":[{"embeddable":true,"href":"https:\/\/nordlinepaadid.ee\/et\/wp-json\/wp\/v2\/media\/54880"}],"wp:attachment":[{"href":"https:\/\/nordlinepaadid.ee\/et\/wp-json\/wp\/v2\/media?parent=64477"}],"wp:term":[{"taxonomy":"product_brand","embeddable":true,"href":"https:\/\/nordlinepaadid.ee\/et\/wp-json\/wp\/v2\/product_brand?post=64477"},{"taxonomy":"product_cat","embeddable":true,"href":"https:\/\/nordlinepaadid.ee\/et\/wp-json\/wp\/v2\/product_cat?post=64477"},{"taxonomy":"product_tag","embeddable":true,"href":"https:\/\/nordlinepaadid.ee\/et\/wp-json\/wp\/v2\/product_tag?post=64477"}],"curies":[{"name":"wp","href":"https:\/\/api.w.org\/{rel}","templated":true}]}}