{"id":64555,"date":"2026-04-17T19:47:08","date_gmt":"2026-04-17T16:47:08","guid":{"rendered":"https:\/\/nordlinepaadid.ee\/pood\/maaratlemata\/lowrance-elite-fs-12-with-active-imaging-3-in-1-anduriga\/"},"modified":"2026-04-18T02:03:40","modified_gmt":"2026-04-17T23:03:40","slug":"lowrance-elite-fs-12-with-active-imaging-3-in-1-anduriga","status":"publish","type":"product","link":"https:\/\/nordlinepaadid.ee\/et\/pood\/mereelektroonika\/chartplotters-fishfinders\/lowrance-elite-fs-12-with-active-imaging-3-in-1-anduriga\/","title":{"rendered":"LOWRANCE ELITE FS 12 WITH ACTIVE IMAGING 3-IN-1 ANDURIGA"},"content":{"rendered":"<p style=\"text-align:justify\">Lowrance Elite FS 10&#8243; kajalood on t\u00e4iustatud ja v\u00f5imekas j\u00e4rglane populaarsele Elite Ti2 seeriale, mis toob kaasa mitmeid olulisi uuendusi ja funktsioone. Elite FS on m\u00f5eldud nii kogenud kui ka algajatele paadihuvilistele, kes soovivad p\u00f5hjalikku ja t\u00e4pset teavet veekogude kohta, pakkudes samal ajal kasutusmugavust ja modernset disaini. Siin on m\u00f5ned olulised omadused ja funktsioonid:<\/p>\n<p>&#13;<br \/>\n&#13;<\/p>\n<p>&nbsp;<\/p>\n<p>&#13;<br \/>\n&#13;<\/p>\n<p>1. Puutetundlik ekraan ja k\u00f5rgtehnoloogiline protsessor: Elite FS-l on suurep\u00e4rane puutetundlik ekraan, mis on n\u00fc\u00fcd veelgi kirkam ja detailsem kui varasematel mudelitel. Ekraan v\u00f5imaldab kasutada sujuvat kahe s\u00f5rmega suumi ning kuvab selgelt p\u00f5hja ja veekogude struktuure isegi otseses p\u00e4ikesevalguses. Sellel kajaloodil on ka v\u00f5imas protsessor, mis suudab hallata keerukamaid andureid ja funktsioone, nagu n\u00e4iteks Active Target, mis annab v\u00e4ga t\u00e4pset liikuvat pilti paadi ees.<\/p>\n<p>&#13;<br \/>\n&#13;<\/p>\n<p>&nbsp;<\/p>\n<p>&#13;<br \/>\n&#13;<\/p>\n<p>2. Andurid ja p\u00f5hja- ja k\u00fclgvaatev\u00f5imekus: Standardkomplektis oleva Active Imaging\u2122 3-1 anduri abil on v\u00f5imalik p\u00f5hjastruktuuridest saada selge ja detailne \u00fclevaade. Kui soovid veelgi t\u00e4psemat ja liikuva pildi vaadet, saad soetada lisanduva Active Target anduri, mis v\u00f5imaldab vaadata ettepoole, et paremini aimata kala liikumist ja leidmiseks vajalikke kohti.<\/p>\n<p>&#13;<br \/>\n&#13;<\/p>\n<p>&nbsp;<\/p>\n<p>&#13;<br \/>\n&#13;<\/p>\n<p>3. Genesis Live kaardistamine ja reaalajas kaardid: Elite FS-l on sisseehitatud Genesis Live funktsioon, mis v\u00f5imaldab reaalajas kaarte luua ning muuta veekogude kaardistamine lihtsaks ja t\u00e4pseks. V\u00f5id kaardistada enda poolt huvipakkuvad alad, reguleerida kaardi l\u00e4bipaistvust, s\u00fcgavusjoonte tihedust ja v\u00e4rve. See muudab navigatsiooni ja kalastamise oluliselt t\u00e4psemaks.<\/p>\n<p>&#13;<br \/>\n&#13;<\/p>\n<p>&nbsp;<\/p>\n<p>&#13;<br \/>\n&#13;<\/p>\n<p>4. \u00dchenduvus ja nutikad funktsioonid: Kajalood on varustatud nii WiFi kui Bluetooth \u00fchendusega, mis v\u00f5imaldab ka seadme kaugjuhtimist ja nutitelefoni kaudu teadete kuvamist (k\u00f5ned, s\u00f5numid). Lisaks on seadmel Etherneti port, mis v\u00f5imaldab andmevahetust teiste seadmetega (nt HDS Live). MotorGuide v\u00f6\u00f6rimootorite juhtimine on samuti olemas, v\u00f5imaldades paadi t\u00e4pset liikumist ja man\u00f6\u00f6verdusv\u00f5imekust.<\/p>\n<p>&#13;<br \/>\n&#13;<\/p>\n<p>&nbsp;<\/p>\n<p>&#13;<br \/>\n&#13;<\/p>\n<p>5. Kohandatav kiirfunktsioon ja t\u00e4iendav nupp: Lisaks on Elite FS-l lisanupp, mille kiirfunktsiooni saad ise valida vastavalt oma vajadusele. See teeb kajaloodi kasutamise veelgi mugavamaks, kuna igap\u00e4evased funktsioonid saavad kiire juurdep\u00e4\u00e4su. 6. Visuaalne disain ja ekraani kvaliteet: Disainilt on Elite FS kandilisem ja visuaalselt meenutab rohkem HDS Live seeriat, kuid kirkama ekraaniga, mis tagab veelgi parem t\u00f6\u00f6tluse ja kuvamise. Ekraan on suurep\u00e4rane ka siis, kui p\u00e4ike paistab, tagades t\u00e4psed ja detailsed pildid ka k\u00f5ige keerulisemates valgustingimustes.<\/p>\n<p>&#13;<br \/>\n&#13;<\/p>\n<p>&nbsp;<\/p>\n<p>&#13;<\/p>\n<p><iframe loading=\"lazy\" allowfullscreen=\"\" frameborder=\"0\" height=\"360\" src=\"\/\/www.youtube.com\/embed\/BXq2LC-3fHU\" width=\"640\"><\/iframe><\/p>\n<p>&#13;<\/p>\n","protected":false},"excerpt":{"rendered":"<p>Lowrance Elite FS 10&#8243; kajalood on t\u00e4iustatud ja v\u00f5imekas j\u00e4rglane populaarsele Elite Ti2 seeriale, mis toob kaasa mitmeid olulisi uuendusi ja funktsioone. Elite FS on m\u00f5eldud nii kogenud kui ka algajatele paadihuvilistele, kes soovivad p\u00f5hjalikku ja t\u00e4pset teavet veekogude kohta, pakkudes samal ajal kasutusmugavust ja modernset disaini. Siin on m\u00f5ned olulised omadused ja funktsioonid: &#13;&#8230;<\/p>\n","protected":false},"featured_media":55270,"template":"","meta":{"_kad_blocks_custom_css":"","_kad_blocks_head_custom_js":"","_kad_blocks_body_custom_js":"","_kad_blocks_footer_custom_js":"","_kad_post_transparent":"","_kad_post_title":"","_kad_post_layout":"","_kad_post_sidebar_id":"","_kad_post_content_style":"","_kad_post_vertical_padding":"","_kad_post_feature":"","_kad_post_feature_position":"","_kad_post_header":false,"_kad_post_footer":false,"_kad_post_classname":""},"product_brand":[],"product_cat":[338,352],"product_tag":[],"class_list":{"0":"post-64555","1":"product","2":"type-product","3":"status-publish","4":"has-post-thumbnail","6":"product_cat-chartplotters-fishfinders","7":"product_cat-mereelektroonika","8":"pa_producer-lowrance","9":"pa_unit-pcs","10":"tm-no-options","12":"first","13":"onbackorder","14":"sale","15":"taxable","16":"shipping-taxable","17":"purchasable","18":"product-type-simple","19":"entry","20":"content-bg","21":"loop-entry"},"yoast_head":"<!-- This site is optimized with the Yoast SEO plugin v27.3 - https:\/\/yoast.com\/product\/yoast-seo-wordpress\/ -->\n<title>LOWRANCE ELITE FS 12 WITH ACTIVE IMAGING 3-IN-1 ANDURIGA - NORDLINE s\u00f5udepaadid ja mootorpaadid. Klaasfiiber materjalist.<\/title>\n<meta name=\"robots\" content=\"index, follow, max-snippet:-1, max-image-preview:large, max-video-preview:-1\" \/>\n<link rel=\"canonical\" href=\"https:\/\/nordlinepaadid.ee\/et\/pood\/mereelektroonika\/chartplotters-fishfinders\/lowrance-elite-fs-12-with-active-imaging-3-in-1-anduriga\/\" \/>\n<meta property=\"og:locale\" content=\"et_EE\" \/>\n<meta property=\"og:type\" content=\"article\" \/>\n<meta property=\"og:title\" content=\"LOWRANCE ELITE FS 12 WITH ACTIVE IMAGING 3-IN-1 ANDURIGA - NORDLINE s\u00f5udepaadid ja mootorpaadid. Klaasfiiber materjalist.\" \/>\n<meta property=\"og:description\" content=\"Lowrance Elite FS 10&#8243; kajalood on t\u00e4iustatud ja v\u00f5imekas j\u00e4rglane populaarsele Elite Ti2 seeriale, mis toob kaasa mitmeid olulisi uuendusi ja funktsioone. Elite FS on m\u00f5eldud nii kogenud kui ka algajatele paadihuvilistele, kes soovivad p\u00f5hjalikku ja t\u00e4pset teavet veekogude kohta, pakkudes samal ajal kasutusmugavust ja modernset disaini. Siin on m\u00f5ned olulised omadused ja funktsioonid: &#013;...\" \/>\n<meta property=\"og:url\" content=\"https:\/\/nordlinepaadid.ee\/et\/pood\/mereelektroonika\/chartplotters-fishfinders\/lowrance-elite-fs-12-with-active-imaging-3-in-1-anduriga\/\" \/>\n<meta property=\"og:site_name\" content=\"NORDLINE s\u00f5udepaadid ja mootorpaadid. Klaasfiiber materjalist.\" \/>\n<meta property=\"article:publisher\" content=\"https:\/\/www.facebook.com\/nordlineboats\" \/>\n<meta property=\"article:modified_time\" content=\"2026-04-17T23:03:40+00:00\" \/>\n<meta property=\"og:image\" content=\"https:\/\/nordlinepaadid.ee\/wp-content\/uploads\/2026\/02\/12763_XLO-000-16440-001-1.png\" \/>\n\t<meta property=\"og:image:width\" content=\"800\" \/>\n\t<meta property=\"og:image:height\" content=\"519\" \/>\n\t<meta property=\"og:image:type\" content=\"image\/png\" \/>\n<meta name=\"twitter:card\" content=\"summary_large_image\" \/>\n<meta name=\"twitter:label1\" content=\"Est. reading time\" \/>\n\t<meta name=\"twitter:data1\" content=\"2 minutit\" \/>\n<script type=\"application\/ld+json\" class=\"yoast-schema-graph\">{\"@context\":\"https:\\\/\\\/schema.org\",\"@graph\":[{\"@type\":\"WebPage\",\"@id\":\"https:\\\/\\\/nordlinepaadid.ee\\\/et\\\/pood\\\/mereelektroonika\\\/chartplotters-fishfinders\\\/lowrance-elite-fs-12-with-active-imaging-3-in-1-anduriga\\\/\",\"url\":\"https:\\\/\\\/nordlinepaadid.ee\\\/et\\\/pood\\\/mereelektroonika\\\/chartplotters-fishfinders\\\/lowrance-elite-fs-12-with-active-imaging-3-in-1-anduriga\\\/\",\"name\":\"LOWRANCE ELITE FS 12 WITH ACTIVE IMAGING 3-IN-1 ANDURIGA - NORDLINE s\u00f5udepaadid ja mootorpaadid. Klaasfiiber materjalist.\",\"isPartOf\":{\"@id\":\"https:\\\/\\\/nordlinepaadid.ee\\\/et\\\/#website\"},\"primaryImageOfPage\":{\"@id\":\"https:\\\/\\\/nordlinepaadid.ee\\\/et\\\/pood\\\/mereelektroonika\\\/chartplotters-fishfinders\\\/lowrance-elite-fs-12-with-active-imaging-3-in-1-anduriga\\\/#primaryimage\"},\"image\":{\"@id\":\"https:\\\/\\\/nordlinepaadid.ee\\\/et\\\/pood\\\/mereelektroonika\\\/chartplotters-fishfinders\\\/lowrance-elite-fs-12-with-active-imaging-3-in-1-anduriga\\\/#primaryimage\"},\"thumbnailUrl\":\"https:\\\/\\\/nordlinepaadid.ee\\\/wp-content\\\/uploads\\\/2026\\\/02\\\/12763_XLO-000-16440-001-1.png\",\"datePublished\":\"2026-04-17T16:47:08+00:00\",\"dateModified\":\"2026-04-17T23:03:40+00:00\",\"breadcrumb\":{\"@id\":\"https:\\\/\\\/nordlinepaadid.ee\\\/et\\\/pood\\\/mereelektroonika\\\/chartplotters-fishfinders\\\/lowrance-elite-fs-12-with-active-imaging-3-in-1-anduriga\\\/#breadcrumb\"},\"inLanguage\":\"et\",\"potentialAction\":[{\"@type\":\"ReadAction\",\"target\":[\"https:\\\/\\\/nordlinepaadid.ee\\\/et\\\/pood\\\/mereelektroonika\\\/chartplotters-fishfinders\\\/lowrance-elite-fs-12-with-active-imaging-3-in-1-anduriga\\\/\"]}]},{\"@type\":\"ImageObject\",\"inLanguage\":\"et\",\"@id\":\"https:\\\/\\\/nordlinepaadid.ee\\\/et\\\/pood\\\/mereelektroonika\\\/chartplotters-fishfinders\\\/lowrance-elite-fs-12-with-active-imaging-3-in-1-anduriga\\\/#primaryimage\",\"url\":\"https:\\\/\\\/nordlinepaadid.ee\\\/wp-content\\\/uploads\\\/2026\\\/02\\\/12763_XLO-000-16440-001-1.png\",\"contentUrl\":\"https:\\\/\\\/nordlinepaadid.ee\\\/wp-content\\\/uploads\\\/2026\\\/02\\\/12763_XLO-000-16440-001-1.png\",\"width\":800,\"height\":519},{\"@type\":\"BreadcrumbList\",\"@id\":\"https:\\\/\\\/nordlinepaadid.ee\\\/et\\\/pood\\\/mereelektroonika\\\/chartplotters-fishfinders\\\/lowrance-elite-fs-12-with-active-imaging-3-in-1-anduriga\\\/#breadcrumb\",\"itemListElement\":[{\"@type\":\"ListItem\",\"position\":1,\"name\":\"Home\",\"item\":\"https:\\\/\\\/nordlinepaadid.ee\\\/et\\\/\"},{\"@type\":\"ListItem\",\"position\":2,\"name\":\"Pood\",\"item\":\"https:\\\/\\\/nordlinepaadid.ee\\\/et\\\/pood\\\/\"},{\"@type\":\"ListItem\",\"position\":3,\"name\":\"LOWRANCE ELITE FS 12 WITH ACTIVE IMAGING 3-IN-1 ANDURIGA\"}]},{\"@type\":\"WebSite\",\"@id\":\"https:\\\/\\\/nordlinepaadid.ee\\\/et\\\/#website\",\"url\":\"https:\\\/\\\/nordlinepaadid.ee\\\/et\\\/\",\"name\":\"NORDLINE s\u00f5udepaadid ja mootorpaadid. Klaasfiiber materjalist.\",\"description\":\"\",\"publisher\":{\"@id\":\"https:\\\/\\\/nordlinepaadid.ee\\\/et\\\/#organization\"},\"potentialAction\":[{\"@type\":\"SearchAction\",\"target\":{\"@type\":\"EntryPoint\",\"urlTemplate\":\"https:\\\/\\\/nordlinepaadid.ee\\\/et\\\/?s={search_term_string}\"},\"query-input\":{\"@type\":\"PropertyValueSpecification\",\"valueRequired\":true,\"valueName\":\"search_term_string\"}}],\"inLanguage\":\"et\"},{\"@type\":\"Organization\",\"@id\":\"https:\\\/\\\/nordlinepaadid.ee\\\/et\\\/#organization\",\"name\":\"Nordlineboats\",\"url\":\"https:\\\/\\\/nordlinepaadid.ee\\\/et\\\/\",\"logo\":{\"@type\":\"ImageObject\",\"inLanguage\":\"et\",\"@id\":\"https:\\\/\\\/nordlinepaadid.ee\\\/et\\\/#\\\/schema\\\/logo\\\/image\\\/\",\"url\":\"https:\\\/\\\/nordlinepaadid.ee\\\/wp-content\\\/uploads\\\/2023\\\/01\\\/fulllogo_transparent_nobuffer-e1672750475494.png\",\"contentUrl\":\"https:\\\/\\\/nordlinepaadid.ee\\\/wp-content\\\/uploads\\\/2023\\\/01\\\/fulllogo_transparent_nobuffer-e1672750475494.png\",\"width\":150,\"height\":119,\"caption\":\"Nordlineboats\"},\"image\":{\"@id\":\"https:\\\/\\\/nordlinepaadid.ee\\\/et\\\/#\\\/schema\\\/logo\\\/image\\\/\"},\"sameAs\":[\"https:\\\/\\\/www.facebook.com\\\/nordlineboats\",\"https:\\\/\\\/www.youtube.com\\\/channel\\\/UCbgF0fy02y3QkFnujaLTaCA\"]}]}<\/script>\n<!-- \/ Yoast SEO plugin. -->","yoast_head_json":{"title":"LOWRANCE ELITE FS 12 WITH ACTIVE IMAGING 3-IN-1 ANDURIGA - NORDLINE s\u00f5udepaadid ja mootorpaadid. Klaasfiiber materjalist.","robots":{"index":"index","follow":"follow","max-snippet":"max-snippet:-1","max-image-preview":"max-image-preview:large","max-video-preview":"max-video-preview:-1"},"canonical":"https:\/\/nordlinepaadid.ee\/et\/pood\/mereelektroonika\/chartplotters-fishfinders\/lowrance-elite-fs-12-with-active-imaging-3-in-1-anduriga\/","og_locale":"et_EE","og_type":"article","og_title":"LOWRANCE ELITE FS 12 WITH ACTIVE IMAGING 3-IN-1 ANDURIGA - NORDLINE s\u00f5udepaadid ja mootorpaadid. Klaasfiiber materjalist.","og_description":"Lowrance Elite FS 10&#8243; kajalood on t\u00e4iustatud ja v\u00f5imekas j\u00e4rglane populaarsele Elite Ti2 seeriale, mis toob kaasa mitmeid olulisi uuendusi ja funktsioone. Elite FS on m\u00f5eldud nii kogenud kui ka algajatele paadihuvilistele, kes soovivad p\u00f5hjalikku ja t\u00e4pset teavet veekogude kohta, pakkudes samal ajal kasutusmugavust ja modernset disaini. Siin on m\u00f5ned olulised omadused ja funktsioonid: &#13;...","og_url":"https:\/\/nordlinepaadid.ee\/et\/pood\/mereelektroonika\/chartplotters-fishfinders\/lowrance-elite-fs-12-with-active-imaging-3-in-1-anduriga\/","og_site_name":"NORDLINE s\u00f5udepaadid ja mootorpaadid. Klaasfiiber materjalist.","article_publisher":"https:\/\/www.facebook.com\/nordlineboats","article_modified_time":"2026-04-17T23:03:40+00:00","og_image":[{"width":800,"height":519,"url":"https:\/\/nordlinepaadid.ee\/wp-content\/uploads\/2026\/02\/12763_XLO-000-16440-001-1.png","type":"image\/png"}],"twitter_card":"summary_large_image","twitter_misc":{"Est. reading time":"2 minutit"},"schema":{"@context":"https:\/\/schema.org","@graph":[{"@type":"WebPage","@id":"https:\/\/nordlinepaadid.ee\/et\/pood\/mereelektroonika\/chartplotters-fishfinders\/lowrance-elite-fs-12-with-active-imaging-3-in-1-anduriga\/","url":"https:\/\/nordlinepaadid.ee\/et\/pood\/mereelektroonika\/chartplotters-fishfinders\/lowrance-elite-fs-12-with-active-imaging-3-in-1-anduriga\/","name":"LOWRANCE ELITE FS 12 WITH ACTIVE IMAGING 3-IN-1 ANDURIGA - NORDLINE s\u00f5udepaadid ja mootorpaadid. Klaasfiiber materjalist.","isPartOf":{"@id":"https:\/\/nordlinepaadid.ee\/et\/#website"},"primaryImageOfPage":{"@id":"https:\/\/nordlinepaadid.ee\/et\/pood\/mereelektroonika\/chartplotters-fishfinders\/lowrance-elite-fs-12-with-active-imaging-3-in-1-anduriga\/#primaryimage"},"image":{"@id":"https:\/\/nordlinepaadid.ee\/et\/pood\/mereelektroonika\/chartplotters-fishfinders\/lowrance-elite-fs-12-with-active-imaging-3-in-1-anduriga\/#primaryimage"},"thumbnailUrl":"https:\/\/nordlinepaadid.ee\/wp-content\/uploads\/2026\/02\/12763_XLO-000-16440-001-1.png","datePublished":"2026-04-17T16:47:08+00:00","dateModified":"2026-04-17T23:03:40+00:00","breadcrumb":{"@id":"https:\/\/nordlinepaadid.ee\/et\/pood\/mereelektroonika\/chartplotters-fishfinders\/lowrance-elite-fs-12-with-active-imaging-3-in-1-anduriga\/#breadcrumb"},"inLanguage":"et","potentialAction":[{"@type":"ReadAction","target":["https:\/\/nordlinepaadid.ee\/et\/pood\/mereelektroonika\/chartplotters-fishfinders\/lowrance-elite-fs-12-with-active-imaging-3-in-1-anduriga\/"]}]},{"@type":"ImageObject","inLanguage":"et","@id":"https:\/\/nordlinepaadid.ee\/et\/pood\/mereelektroonika\/chartplotters-fishfinders\/lowrance-elite-fs-12-with-active-imaging-3-in-1-anduriga\/#primaryimage","url":"https:\/\/nordlinepaadid.ee\/wp-content\/uploads\/2026\/02\/12763_XLO-000-16440-001-1.png","contentUrl":"https:\/\/nordlinepaadid.ee\/wp-content\/uploads\/2026\/02\/12763_XLO-000-16440-001-1.png","width":800,"height":519},{"@type":"BreadcrumbList","@id":"https:\/\/nordlinepaadid.ee\/et\/pood\/mereelektroonika\/chartplotters-fishfinders\/lowrance-elite-fs-12-with-active-imaging-3-in-1-anduriga\/#breadcrumb","itemListElement":[{"@type":"ListItem","position":1,"name":"Home","item":"https:\/\/nordlinepaadid.ee\/et\/"},{"@type":"ListItem","position":2,"name":"Pood","item":"https:\/\/nordlinepaadid.ee\/et\/pood\/"},{"@type":"ListItem","position":3,"name":"LOWRANCE ELITE FS 12 WITH ACTIVE IMAGING 3-IN-1 ANDURIGA"}]},{"@type":"WebSite","@id":"https:\/\/nordlinepaadid.ee\/et\/#website","url":"https:\/\/nordlinepaadid.ee\/et\/","name":"NORDLINE s\u00f5udepaadid ja mootorpaadid. Klaasfiiber materjalist.","description":"","publisher":{"@id":"https:\/\/nordlinepaadid.ee\/et\/#organization"},"potentialAction":[{"@type":"SearchAction","target":{"@type":"EntryPoint","urlTemplate":"https:\/\/nordlinepaadid.ee\/et\/?s={search_term_string}"},"query-input":{"@type":"PropertyValueSpecification","valueRequired":true,"valueName":"search_term_string"}}],"inLanguage":"et"},{"@type":"Organization","@id":"https:\/\/nordlinepaadid.ee\/et\/#organization","name":"Nordlineboats","url":"https:\/\/nordlinepaadid.ee\/et\/","logo":{"@type":"ImageObject","inLanguage":"et","@id":"https:\/\/nordlinepaadid.ee\/et\/#\/schema\/logo\/image\/","url":"https:\/\/nordlinepaadid.ee\/wp-content\/uploads\/2023\/01\/fulllogo_transparent_nobuffer-e1672750475494.png","contentUrl":"https:\/\/nordlinepaadid.ee\/wp-content\/uploads\/2023\/01\/fulllogo_transparent_nobuffer-e1672750475494.png","width":150,"height":119,"caption":"Nordlineboats"},"image":{"@id":"https:\/\/nordlinepaadid.ee\/et\/#\/schema\/logo\/image\/"},"sameAs":["https:\/\/www.facebook.com\/nordlineboats","https:\/\/www.youtube.com\/channel\/UCbgF0fy02y3QkFnujaLTaCA"]}]}},"taxonomy_info":{"product_cat":[{"value":338,"label":"Kaardiplotterid, Sonarid"},{"value":352,"label":"MEREELEKTROONIKA"}],"pa_producer":[{"value":565,"label":"Lowrance"}],"pa_unit":[{"value":416,"label":"pcs"}]},"featured_image_src_large":["https:\/\/nordlinepaadid.ee\/wp-content\/uploads\/2026\/02\/12763_XLO-000-16440-001-1.png",800,519,false],"author_info":[],"comment_info":"","_links":{"self":[{"href":"https:\/\/nordlinepaadid.ee\/et\/wp-json\/wp\/v2\/product\/64555","targetHints":{"allow":["GET"]}}],"collection":[{"href":"https:\/\/nordlinepaadid.ee\/et\/wp-json\/wp\/v2\/product"}],"about":[{"href":"https:\/\/nordlinepaadid.ee\/et\/wp-json\/wp\/v2\/types\/product"}],"wp:featuredmedia":[{"embeddable":true,"href":"https:\/\/nordlinepaadid.ee\/et\/wp-json\/wp\/v2\/media\/55270"}],"wp:attachment":[{"href":"https:\/\/nordlinepaadid.ee\/et\/wp-json\/wp\/v2\/media?parent=64555"}],"wp:term":[{"taxonomy":"product_brand","embeddable":true,"href":"https:\/\/nordlinepaadid.ee\/et\/wp-json\/wp\/v2\/product_brand?post=64555"},{"taxonomy":"product_cat","embeddable":true,"href":"https:\/\/nordlinepaadid.ee\/et\/wp-json\/wp\/v2\/product_cat?post=64555"},{"taxonomy":"product_tag","embeddable":true,"href":"https:\/\/nordlinepaadid.ee\/et\/wp-json\/wp\/v2\/product_tag?post=64555"}],"curies":[{"name":"wp","href":"https:\/\/api.w.org\/{rel}","templated":true}]}}